{"id":161295,"date":"2018-12-01T11:38:14","date_gmt":"2019-12-05T10:38:14","guid":{"rendered":"https:\/\/www.tomhemps.com\/product\/coffret-cadeau-dextraits-de-cbd\/"},"modified":"2025-12-24T23:00:04","modified_gmt":"2025-12-24T22:00:04","slug":"coffret-cadeau-dextraits-de-cbd","status":"publish","type":"product","link":"https:\/\/www.tomhemps.com\/fr\/prf\/coffret-cadeau-dextraits-de-cbd\/","title":{"rendered":"Coffret cadeau d&rsquo;extraits de CBD"},"content":{"rendered":"","protected":false},"excerpt":{"rendered":"<p>Le coffret CBD Extract est destin\u00e9 aux vrais fans : Stardust rencontre Moonrock et l&rsquo;extrait liquide CBD &#8211; toute l&rsquo;\u00e9nergie des \u00e9toiles se retrouve dans ce coffret. Stardust contient de l&rsquo;extrait de chanvre, qui a une puret\u00e9 transcendantale de 99,8%. L&rsquo;extrait naturel est soumis \u00e0 une proc\u00e9dure technique qui \u00e9limine toutes les impuret\u00e9s du mat\u00e9riau de base. Le deuxi\u00e8me article de la s\u00e9rie Moonrock, est fabriqu\u00e9 \u00e0 partir de chanvre industriel certifi\u00e9 par l&rsquo;UE et d&rsquo;extraits certifi\u00e9s par l&rsquo;UE, et contient tout le spectre des cannabino\u00efdes : terp\u00e8nes, flavono\u00efdes, CBD et CBDa. Les Moonrocks sont des fleurs de CBD qui sont tremp\u00e9es dans un extrait liquide de CBD et sont ensuite saupoudr\u00e9es de pollinisat de CBD, pour obtenir une teneur plus \u00e9lev\u00e9e en CBD. Le troisi\u00e8me objet est CBD Wax : un extrait de chanvre \u00e0 spectre complet qui contient 70% de CBD. Si cet ensemble n&rsquo;est pas de ce monde, nous ne savons pas ce qu&rsquo;il est !<\/p>\n","protected":false},"featured_media":643961,"comment_status":"open","ping_status":"closed","template":"","meta":{"_acf_changed":false},"product_cat":[5115,976],"product_tag":[],"acf":[],"yoast_head":"<!-- This site is optimized with the Yoast SEO Premium plugin v22.8 (Yoast SEO v22.8) - https:\/\/yoast.com\/wordpress\/plugins\/seo\/ -->\n<title>Coffret cadeau d&#039;extraits de CBD<\/title>\n<meta name=\"description\" content=\"Coffret cadeau d&#039;extraits de CBD - Your CBD Shop | Your CBD Brand | born in Berlin\" \/>\n<meta name=\"robots\" content=\"index, follow, max-snippet:-1, max-image-preview:large, max-video-preview:-1\" \/>\n<link rel=\"canonical\" href=\"https:\/\/www.tomhemps.com\/fr\/prf\/coffret-cadeau-dextraits-de-cbd\/\" \/>\n<meta property=\"og:locale\" content=\"fr_FR\" \/>\n<meta property=\"og:type\" content=\"article\" \/>\n<meta property=\"og:title\" content=\"Coffret cadeau d&#039;extraits de CBD\" \/>\n<meta property=\"og:description\" content=\"Coffret cadeau d&#039;extraits de CBD - Your CBD Shop | Your CBD Brand | born in Berlin\" \/>\n<meta property=\"og:url\" content=\"https:\/\/www.tomhemps.com\/fr\/prf\/coffret-cadeau-dextraits-de-cbd\/\" \/>\n<meta property=\"og:site_name\" content=\"Your CBD Shop | Your CBD Brand | born in Berlin\" \/>\n<meta property=\"article:publisher\" content=\"https:\/\/www.facebook.com\/tomhempsberlin\/\" \/>\n<meta property=\"article:modified_time\" content=\"2025-12-24T22:00:04+00:00\" \/>\n<meta property=\"og:image\" content=\"https:\/\/www.tomhemps.com\/wp-content\/uploads\/2018\/12\/Tom_Hemps_product_giftset_extract_set-v1.png\" \/>\n\t<meta property=\"og:image:width\" content=\"680\" \/>\n\t<meta property=\"og:image:height\" content=\"850\" \/>\n\t<meta property=\"og:image:type\" content=\"image\/png\" \/>\n<meta name=\"twitter:card\" content=\"summary_large_image\" \/>\n<script type=\"application\/ld+json\" class=\"yoast-schema-graph\">{\"@context\":\"https:\/\/schema.org\",\"@graph\":[{\"@type\":\"WebPage\",\"@id\":\"https:\/\/www.tomhemps.com\/fr\/prf\/coffret-cadeau-dextraits-de-cbd\/\",\"url\":\"https:\/\/www.tomhemps.com\/fr\/prf\/coffret-cadeau-dextraits-de-cbd\/\",\"name\":\"Coffret cadeau d'extraits de CBD\",\"isPartOf\":{\"@id\":\"https:\/\/www.tomhemps.com\/fr\/#website\"},\"primaryImageOfPage\":{\"@id\":\"https:\/\/www.tomhemps.com\/fr\/prf\/coffret-cadeau-dextraits-de-cbd\/#primaryimage\"},\"image\":{\"@id\":\"https:\/\/www.tomhemps.com\/fr\/prf\/coffret-cadeau-dextraits-de-cbd\/#primaryimage\"},\"thumbnailUrl\":\"https:\/\/www.tomhemps.com\/wp-content\/uploads\/2018\/12\/CBD-Extract-Gift-Set-Photoroom.png\",\"datePublished\":\"2019-12-05T10:38:14+00:00\",\"dateModified\":\"2025-12-24T22:00:04+00:00\",\"description\":\"Coffret cadeau d'extraits de CBD - Your CBD Shop | Your CBD Brand | born in Berlin\",\"breadcrumb\":{\"@id\":\"https:\/\/www.tomhemps.com\/fr\/prf\/coffret-cadeau-dextraits-de-cbd\/#breadcrumb\"},\"inLanguage\":\"fr-FR\",\"potentialAction\":[{\"@type\":\"ReadAction\",\"target\":[\"https:\/\/www.tomhemps.com\/fr\/prf\/coffret-cadeau-dextraits-de-cbd\/\"]}]},{\"@type\":\"ImageObject\",\"inLanguage\":\"fr-FR\",\"@id\":\"https:\/\/www.tomhemps.com\/fr\/prf\/coffret-cadeau-dextraits-de-cbd\/#primaryimage\",\"url\":\"https:\/\/www.tomhemps.com\/wp-content\/uploads\/2018\/12\/CBD-Extract-Gift-Set-Photoroom.png\",\"contentUrl\":\"https:\/\/www.tomhemps.com\/wp-content\/uploads\/2018\/12\/CBD-Extract-Gift-Set-Photoroom.png\",\"width\":680,\"height\":850,\"caption\":\"Cbd Extract Gift Set\"},{\"@type\":\"BreadcrumbList\",\"@id\":\"https:\/\/www.tomhemps.com\/fr\/prf\/coffret-cadeau-dextraits-de-cbd\/#breadcrumb\",\"itemListElement\":[{\"@type\":\"ListItem\",\"position\":1,\"name\":\"Startseite\",\"item\":\"https:\/\/www.tomhemps.com\/fr\/\"},{\"@type\":\"ListItem\",\"position\":2,\"name\":\"Shop\",\"item\":\"https:\/\/www.tomhemps.com\/fr\/shop\/\"},{\"@type\":\"ListItem\",\"position\":3,\"name\":\"Coffret cadeau d&#8217;extraits de CBD\"}]},{\"@type\":\"WebSite\",\"@id\":\"https:\/\/www.tomhemps.com\/fr\/#website\",\"url\":\"https:\/\/www.tomhemps.com\/fr\/\",\"name\":\"Your CBD Shop | Your CBD Brand | born in Berlin\",\"description\":\"CBD Shop Berlin\",\"publisher\":{\"@id\":\"https:\/\/www.tomhemps.com\/fr\/#organization\"},\"potentialAction\":[{\"@type\":\"SearchAction\",\"target\":{\"@type\":\"EntryPoint\",\"urlTemplate\":\"https:\/\/www.tomhemps.com\/fr\/?s={search_term_string}\"},\"query-input\":\"required name=search_term_string\"}],\"inLanguage\":\"fr-FR\"},{\"@type\":\"Organization\",\"@id\":\"https:\/\/www.tomhemps.com\/fr\/#organization\",\"name\":\"Tom Hemp's CBD Shop\",\"alternateName\":\"Tom Hemp's Berlin\",\"url\":\"https:\/\/www.tomhemps.com\/fr\/\",\"logo\":{\"@type\":\"ImageObject\",\"inLanguage\":\"fr-FR\",\"@id\":\"https:\/\/www.tomhemps.com\/fr\/#\/schema\/logo\/image\/\",\"url\":\"https:\/\/www.tomhemps.com\/wp-content\/uploads\/2019\/04\/Logo-2019-e1581413011332.jpg\",\"contentUrl\":\"https:\/\/www.tomhemps.com\/wp-content\/uploads\/2019\/04\/Logo-2019-e1581413011332.jpg\",\"width\":460,\"height\":153,\"caption\":\"Tom Hemp's CBD Shop\"},\"image\":{\"@id\":\"https:\/\/www.tomhemps.com\/fr\/#\/schema\/logo\/image\/\"},\"sameAs\":[\"https:\/\/www.facebook.com\/tomhempsberlin\/\",\"https:\/\/www.instagram.com\/tomhemps_cbd\/\",\"https:\/\/www.youtube.com\/channel\/UCbGxDacLx_DRKyder_zVoNw\"]}]}<\/script>\n<!-- \/ Yoast SEO Premium plugin. -->","yoast_head_json":{"title":"Coffret cadeau d'extraits de CBD","description":"Coffret cadeau d'extraits de CBD - Your CBD Shop | Your CBD Brand | born in Berlin","robots":{"index":"index","follow":"follow","max-snippet":"max-snippet:-1","max-image-preview":"max-image-preview:large","max-video-preview":"max-video-preview:-1"},"canonical":"https:\/\/www.tomhemps.com\/fr\/prf\/coffret-cadeau-dextraits-de-cbd\/","og_locale":"fr_FR","og_type":"article","og_title":"Coffret cadeau d'extraits de CBD","og_description":"Coffret cadeau d'extraits de CBD - Your CBD Shop | Your CBD Brand | born in Berlin","og_url":"https:\/\/www.tomhemps.com\/fr\/prf\/coffret-cadeau-dextraits-de-cbd\/","og_site_name":"Your CBD Shop | Your CBD Brand | born in Berlin","article_publisher":"https:\/\/www.facebook.com\/tomhempsberlin\/","article_modified_time":"2025-12-24T22:00:04+00:00","og_image":[{"width":680,"height":850,"url":"https:\/\/www.tomhemps.com\/wp-content\/uploads\/2018\/12\/Tom_Hemps_product_giftset_extract_set-v1.png","type":"image\/png"}],"twitter_card":"summary_large_image","schema":{"@context":"https:\/\/schema.org","@graph":[{"@type":"WebPage","@id":"https:\/\/www.tomhemps.com\/fr\/prf\/coffret-cadeau-dextraits-de-cbd\/","url":"https:\/\/www.tomhemps.com\/fr\/prf\/coffret-cadeau-dextraits-de-cbd\/","name":"Coffret cadeau d'extraits de CBD","isPartOf":{"@id":"https:\/\/www.tomhemps.com\/fr\/#website"},"primaryImageOfPage":{"@id":"https:\/\/www.tomhemps.com\/fr\/prf\/coffret-cadeau-dextraits-de-cbd\/#primaryimage"},"image":{"@id":"https:\/\/www.tomhemps.com\/fr\/prf\/coffret-cadeau-dextraits-de-cbd\/#primaryimage"},"thumbnailUrl":"https:\/\/www.tomhemps.com\/wp-content\/uploads\/2018\/12\/CBD-Extract-Gift-Set-Photoroom.png","datePublished":"2019-12-05T10:38:14+00:00","dateModified":"2025-12-24T22:00:04+00:00","description":"Coffret cadeau d'extraits de CBD - Your CBD Shop | Your CBD Brand | born in Berlin","breadcrumb":{"@id":"https:\/\/www.tomhemps.com\/fr\/prf\/coffret-cadeau-dextraits-de-cbd\/#breadcrumb"},"inLanguage":"fr-FR","potentialAction":[{"@type":"ReadAction","target":["https:\/\/www.tomhemps.com\/fr\/prf\/coffret-cadeau-dextraits-de-cbd\/"]}]},{"@type":"ImageObject","inLanguage":"fr-FR","@id":"https:\/\/www.tomhemps.com\/fr\/prf\/coffret-cadeau-dextraits-de-cbd\/#primaryimage","url":"https:\/\/www.tomhemps.com\/wp-content\/uploads\/2018\/12\/CBD-Extract-Gift-Set-Photoroom.png","contentUrl":"https:\/\/www.tomhemps.com\/wp-content\/uploads\/2018\/12\/CBD-Extract-Gift-Set-Photoroom.png","width":680,"height":850,"caption":"Cbd Extract Gift Set"},{"@type":"BreadcrumbList","@id":"https:\/\/www.tomhemps.com\/fr\/prf\/coffret-cadeau-dextraits-de-cbd\/#breadcrumb","itemListElement":[{"@type":"ListItem","position":1,"name":"Startseite","item":"https:\/\/www.tomhemps.com\/fr\/"},{"@type":"ListItem","position":2,"name":"Shop","item":"https:\/\/www.tomhemps.com\/fr\/shop\/"},{"@type":"ListItem","position":3,"name":"Coffret cadeau d&#8217;extraits de CBD"}]},{"@type":"WebSite","@id":"https:\/\/www.tomhemps.com\/fr\/#website","url":"https:\/\/www.tomhemps.com\/fr\/","name":"Your CBD Shop | Your CBD Brand | born in Berlin","description":"CBD Shop Berlin","publisher":{"@id":"https:\/\/www.tomhemps.com\/fr\/#organization"},"potentialAction":[{"@type":"SearchAction","target":{"@type":"EntryPoint","urlTemplate":"https:\/\/www.tomhemps.com\/fr\/?s={search_term_string}"},"query-input":"required name=search_term_string"}],"inLanguage":"fr-FR"},{"@type":"Organization","@id":"https:\/\/www.tomhemps.com\/fr\/#organization","name":"Tom Hemp's CBD Shop","alternateName":"Tom Hemp's Berlin","url":"https:\/\/www.tomhemps.com\/fr\/","logo":{"@type":"ImageObject","inLanguage":"fr-FR","@id":"https:\/\/www.tomhemps.com\/fr\/#\/schema\/logo\/image\/","url":"https:\/\/www.tomhemps.com\/wp-content\/uploads\/2019\/04\/Logo-2019-e1581413011332.jpg","contentUrl":"https:\/\/www.tomhemps.com\/wp-content\/uploads\/2019\/04\/Logo-2019-e1581413011332.jpg","width":460,"height":153,"caption":"Tom Hemp's CBD Shop"},"image":{"@id":"https:\/\/www.tomhemps.com\/fr\/#\/schema\/logo\/image\/"},"sameAs":["https:\/\/www.facebook.com\/tomhempsberlin\/","https:\/\/www.instagram.com\/tomhemps_cbd\/","https:\/\/www.youtube.com\/channel\/UCbGxDacLx_DRKyder_zVoNw"]}]}},"fields":{"pi_tot":"Qu'y a-t-il \u00e0 l'int\u00e9rieur ?","pi_to":"<p>1 x Stardust<br \/>\nCBD 99,8%<br \/>\nTHC s.d.<br \/>\nIngr\u00e9dients : Extrait de chanvre (extrait de feuille de Cannabis Sativa)<br \/>\nContenu : 1 gramme<\/p>\n<p>1 x Moonrock<br \/>\nCBD 30%<br \/>\nTHC &lt; 0,2%<br \/>\nIngr\u00e9dients : Fleurs de chanvre industriel europ\u00e9en, extrait de chanvre \u00e0 spectre complet, pollinisateur de chanvre industriel europ\u00e9en<br \/>\nContenu : 1 gramme<\/p>\n<p>1 x CBD Wax<br \/>\nCBD 70%<br \/>\nTHC &lt; 0,2%<br \/>\nIngr\u00e9dients : Extrait de chanvre (feuille de Cannabis Sativa)<br \/>\nContenu : 1 gramme<\/p>\n","pi_tst":"Notice D'emballage","pi_ts":"<p>Le produit est destin\u00e9 exclusivement \u00e0 un usage commercial, technique et scientifique. A conserver hors de port\u00e9e des enfants. Le produit ne peut pas \u00eatre transport\u00e9 \u00e0 l&rsquo;\u00e9tranger. L&rsquo;ingestion et le tabagisme de ce produit sont strictement interdits. Ces fleurs de chanvre industriel europ\u00e9en transform\u00e9es contiennent moins de 0,2 % de THC. Le nom du produit n&rsquo;a aucune signification ni aucun contexte par rapport \u00e0 d&rsquo;autres produits et est uniquement utilis\u00e9 \u00e0 des fins de marketing.<\/p>\n","pi_hd":false,"pi_hm":false,"pi_t":171590,"smoking_product":true,"pi_dd":false},"_links":{"self":[{"href":"https:\/\/www.tomhemps.com\/fr\/wp-json\/wp\/v2\/product\/161295"}],"collection":[{"href":"https:\/\/www.tomhemps.com\/fr\/wp-json\/wp\/v2\/product"}],"about":[{"href":"https:\/\/www.tomhemps.com\/fr\/wp-json\/wp\/v2\/types\/product"}],"replies":[{"embeddable":true,"href":"https:\/\/www.tomhemps.com\/fr\/wp-json\/wp\/v2\/comments?post=161295"}],"wp:featuredmedia":[{"embeddable":true,"href":"https:\/\/www.tomhemps.com\/fr\/wp-json\/wp\/v2\/media\/643961"}],"wp:attachment":[{"href":"https:\/\/www.tomhemps.com\/fr\/wp-json\/wp\/v2\/media?parent=161295"}],"wp:term":[{"taxonomy":"product_cat","embeddable":true,"href":"https:\/\/www.tomhemps.com\/fr\/wp-json\/wp\/v2\/product_cat?post=161295"},{"taxonomy":"product_tag","embeddable":true,"href":"https:\/\/www.tomhemps.com\/fr\/wp-json\/wp\/v2\/product_tag?post=161295"}],"curies":[{"name":"wp","href":"https:\/\/api.w.org\/{rel}","templated":true}]}}