{"id":171668,"date":"2022-11-20T10:24:45","date_gmt":"2020-11-26T10:29:47","guid":{"rendered":"https:\/\/www.tomhemps.com\/?post_type=product&#038;p=171668"},"modified":"2025-12-24T23:00:02","modified_gmt":"2025-12-24T22:00:02","slug":"flower-gift-set-2","status":"publish","type":"product","link":"https:\/\/www.tomhemps.com\/fr\/prf\/flower-gift-set-2\/","title":{"rendered":"Flower Gift Set 2"},"content":{"rendered":"","protected":false},"excerpt":{"rendered":"<p><span style=\"font-weight: 400;\">Notre CBD Flower Gift Set II est un parc d&rsquo;aventure pour les sens. Avec l&rsquo;\u00e9l\u00e9gance d&rsquo;Arlequin, l&rsquo;ar\u00f4me sucr\u00e9 de Gelato 361 et l&rsquo;ar\u00f4me d&rsquo;agrumes d&rsquo;Amalfi Lemon, ce coffret contient une extravagance florale qui ne laisse rien \u00e0 d\u00e9sirer. Peut-\u00eatre celui des papiers assortis. Mais m\u00eame cette exigence est satisfaite ici, de sorte que vous pouvez rouler et profiter imm\u00e9diatement de votre cr\u00e9ativit\u00e9.<\/span><\/p>\n","protected":false},"featured_media":643932,"comment_status":"open","ping_status":"closed","template":"","meta":{"_acf_changed":false},"product_cat":[5115,973],"product_tag":[],"acf":[],"yoast_head":"<!-- This site is optimized with the Yoast SEO Premium plugin v22.8 (Yoast SEO v22.8) - https:\/\/yoast.com\/wordpress\/plugins\/seo\/ -->\n<title>Flower Gift Set 2<\/title>\n<meta name=\"description\" content=\"Notre coffret cadeau Tom Hemp\u2019s Fleurs 2 avec la s\u00e9lection de diff\u00e9rentes fleurs du CBD est le cadeau parfait pour les d\u00e9butants et les connaisseurs du CBD\" \/>\n<meta name=\"robots\" content=\"index, follow, max-snippet:-1, max-image-preview:large, max-video-preview:-1\" \/>\n<link rel=\"canonical\" href=\"https:\/\/www.tomhemps.com\/fr\/prf\/flower-gift-set-2\/\" \/>\n<meta property=\"og:locale\" content=\"fr_FR\" \/>\n<meta property=\"og:type\" content=\"article\" \/>\n<meta property=\"og:title\" content=\"Flower Gift Set 2\" \/>\n<meta property=\"og:description\" content=\"Notre coffret cadeau Tom Hemp\u2019s Fleurs 2 avec la s\u00e9lection de diff\u00e9rentes fleurs du CBD est le cadeau parfait pour les d\u00e9butants et les connaisseurs du CBD\" \/>\n<meta property=\"og:url\" content=\"https:\/\/www.tomhemps.com\/fr\/prf\/flower-gift-set-2\/\" \/>\n<meta property=\"og:site_name\" content=\"Your CBD Shop | Your CBD Brand | born in Berlin\" \/>\n<meta property=\"article:publisher\" content=\"https:\/\/www.facebook.com\/tomhempsberlin\/\" \/>\n<meta property=\"article:modified_time\" content=\"2025-12-24T22:00:02+00:00\" \/>\n<meta property=\"og:image\" content=\"https:\/\/www.tomhemps.com\/wp-content\/uploads\/2022\/11\/TH-products-680x850-CBD-Flower-Set-2.png\" \/>\n\t<meta property=\"og:image:width\" content=\"680\" \/>\n\t<meta property=\"og:image:height\" content=\"850\" \/>\n\t<meta property=\"og:image:type\" content=\"image\/png\" \/>\n<meta name=\"twitter:card\" content=\"summary_large_image\" \/>\n<script type=\"application\/ld+json\" class=\"yoast-schema-graph\">{\"@context\":\"https:\/\/schema.org\",\"@graph\":[{\"@type\":\"WebPage\",\"@id\":\"https:\/\/www.tomhemps.com\/fr\/prf\/flower-gift-set-2\/\",\"url\":\"https:\/\/www.tomhemps.com\/fr\/prf\/flower-gift-set-2\/\",\"name\":\"Flower Gift Set 2\",\"isPartOf\":{\"@id\":\"https:\/\/www.tomhemps.com\/fr\/#website\"},\"primaryImageOfPage\":{\"@id\":\"https:\/\/www.tomhemps.com\/fr\/prf\/flower-gift-set-2\/#primaryimage\"},\"image\":{\"@id\":\"https:\/\/www.tomhemps.com\/fr\/prf\/flower-gift-set-2\/#primaryimage\"},\"thumbnailUrl\":\"https:\/\/www.tomhemps.com\/wp-content\/uploads\/2022\/11\/Untitled-design10-Photoroom.png\",\"datePublished\":\"2020-11-26T10:29:47+00:00\",\"dateModified\":\"2025-12-24T22:00:02+00:00\",\"description\":\"Notre coffret cadeau Tom Hemp\u2019s Fleurs 2 avec la s\u00e9lection de diff\u00e9rentes fleurs du CBD est le cadeau parfait pour les d\u00e9butants et les connaisseurs du CBD\",\"breadcrumb\":{\"@id\":\"https:\/\/www.tomhemps.com\/fr\/prf\/flower-gift-set-2\/#breadcrumb\"},\"inLanguage\":\"fr-FR\",\"potentialAction\":[{\"@type\":\"ReadAction\",\"target\":[\"https:\/\/www.tomhemps.com\/fr\/prf\/flower-gift-set-2\/\"]}]},{\"@type\":\"ImageObject\",\"inLanguage\":\"fr-FR\",\"@id\":\"https:\/\/www.tomhemps.com\/fr\/prf\/flower-gift-set-2\/#primaryimage\",\"url\":\"https:\/\/www.tomhemps.com\/wp-content\/uploads\/2022\/11\/Untitled-design10-Photoroom.png\",\"contentUrl\":\"https:\/\/www.tomhemps.com\/wp-content\/uploads\/2022\/11\/Untitled-design10-Photoroom.png\",\"width\":680,\"height\":850,\"caption\":\"CBD Bl\u00fcten gift set 2\"},{\"@type\":\"BreadcrumbList\",\"@id\":\"https:\/\/www.tomhemps.com\/fr\/prf\/flower-gift-set-2\/#breadcrumb\",\"itemListElement\":[{\"@type\":\"ListItem\",\"position\":1,\"name\":\"Startseite\",\"item\":\"https:\/\/www.tomhemps.com\/fr\/\"},{\"@type\":\"ListItem\",\"position\":2,\"name\":\"Shop\",\"item\":\"https:\/\/www.tomhemps.com\/fr\/shop\/\"},{\"@type\":\"ListItem\",\"position\":3,\"name\":\"Flower Gift Set 2\"}]},{\"@type\":\"WebSite\",\"@id\":\"https:\/\/www.tomhemps.com\/fr\/#website\",\"url\":\"https:\/\/www.tomhemps.com\/fr\/\",\"name\":\"Your CBD Shop | Your CBD Brand | born in Berlin\",\"description\":\"CBD Shop Berlin\",\"publisher\":{\"@id\":\"https:\/\/www.tomhemps.com\/fr\/#organization\"},\"potentialAction\":[{\"@type\":\"SearchAction\",\"target\":{\"@type\":\"EntryPoint\",\"urlTemplate\":\"https:\/\/www.tomhemps.com\/fr\/?s={search_term_string}\"},\"query-input\":\"required name=search_term_string\"}],\"inLanguage\":\"fr-FR\"},{\"@type\":\"Organization\",\"@id\":\"https:\/\/www.tomhemps.com\/fr\/#organization\",\"name\":\"Tom Hemp's CBD Shop\",\"alternateName\":\"Tom Hemp's Berlin\",\"url\":\"https:\/\/www.tomhemps.com\/fr\/\",\"logo\":{\"@type\":\"ImageObject\",\"inLanguage\":\"fr-FR\",\"@id\":\"https:\/\/www.tomhemps.com\/fr\/#\/schema\/logo\/image\/\",\"url\":\"https:\/\/www.tomhemps.com\/wp-content\/uploads\/2019\/04\/Logo-2019-e1581413011332.jpg\",\"contentUrl\":\"https:\/\/www.tomhemps.com\/wp-content\/uploads\/2019\/04\/Logo-2019-e1581413011332.jpg\",\"width\":460,\"height\":153,\"caption\":\"Tom Hemp's CBD Shop\"},\"image\":{\"@id\":\"https:\/\/www.tomhemps.com\/fr\/#\/schema\/logo\/image\/\"},\"sameAs\":[\"https:\/\/www.facebook.com\/tomhempsberlin\/\",\"https:\/\/www.instagram.com\/tomhemps_cbd\/\",\"https:\/\/www.youtube.com\/channel\/UCbGxDacLx_DRKyder_zVoNw\"]}]}<\/script>\n<!-- \/ Yoast SEO Premium plugin. -->","yoast_head_json":{"title":"Flower Gift Set 2","description":"Notre coffret cadeau Tom Hemp\u2019s Fleurs 2 avec la s\u00e9lection de diff\u00e9rentes fleurs du CBD est le cadeau parfait pour les d\u00e9butants et les connaisseurs du CBD","robots":{"index":"index","follow":"follow","max-snippet":"max-snippet:-1","max-image-preview":"max-image-preview:large","max-video-preview":"max-video-preview:-1"},"canonical":"https:\/\/www.tomhemps.com\/fr\/prf\/flower-gift-set-2\/","og_locale":"fr_FR","og_type":"article","og_title":"Flower Gift Set 2","og_description":"Notre coffret cadeau Tom Hemp\u2019s Fleurs 2 avec la s\u00e9lection de diff\u00e9rentes fleurs du CBD est le cadeau parfait pour les d\u00e9butants et les connaisseurs du CBD","og_url":"https:\/\/www.tomhemps.com\/fr\/prf\/flower-gift-set-2\/","og_site_name":"Your CBD Shop | Your CBD Brand | born in Berlin","article_publisher":"https:\/\/www.facebook.com\/tomhempsberlin\/","article_modified_time":"2025-12-24T22:00:02+00:00","og_image":[{"width":680,"height":850,"url":"https:\/\/www.tomhemps.com\/wp-content\/uploads\/2022\/11\/TH-products-680x850-CBD-Flower-Set-2.png","type":"image\/png"}],"twitter_card":"summary_large_image","schema":{"@context":"https:\/\/schema.org","@graph":[{"@type":"WebPage","@id":"https:\/\/www.tomhemps.com\/fr\/prf\/flower-gift-set-2\/","url":"https:\/\/www.tomhemps.com\/fr\/prf\/flower-gift-set-2\/","name":"Flower Gift Set 2","isPartOf":{"@id":"https:\/\/www.tomhemps.com\/fr\/#website"},"primaryImageOfPage":{"@id":"https:\/\/www.tomhemps.com\/fr\/prf\/flower-gift-set-2\/#primaryimage"},"image":{"@id":"https:\/\/www.tomhemps.com\/fr\/prf\/flower-gift-set-2\/#primaryimage"},"thumbnailUrl":"https:\/\/www.tomhemps.com\/wp-content\/uploads\/2022\/11\/Untitled-design10-Photoroom.png","datePublished":"2020-11-26T10:29:47+00:00","dateModified":"2025-12-24T22:00:02+00:00","description":"Notre coffret cadeau Tom Hemp\u2019s Fleurs 2 avec la s\u00e9lection de diff\u00e9rentes fleurs du CBD est le cadeau parfait pour les d\u00e9butants et les connaisseurs du CBD","breadcrumb":{"@id":"https:\/\/www.tomhemps.com\/fr\/prf\/flower-gift-set-2\/#breadcrumb"},"inLanguage":"fr-FR","potentialAction":[{"@type":"ReadAction","target":["https:\/\/www.tomhemps.com\/fr\/prf\/flower-gift-set-2\/"]}]},{"@type":"ImageObject","inLanguage":"fr-FR","@id":"https:\/\/www.tomhemps.com\/fr\/prf\/flower-gift-set-2\/#primaryimage","url":"https:\/\/www.tomhemps.com\/wp-content\/uploads\/2022\/11\/Untitled-design10-Photoroom.png","contentUrl":"https:\/\/www.tomhemps.com\/wp-content\/uploads\/2022\/11\/Untitled-design10-Photoroom.png","width":680,"height":850,"caption":"CBD Bl\u00fcten gift set 2"},{"@type":"BreadcrumbList","@id":"https:\/\/www.tomhemps.com\/fr\/prf\/flower-gift-set-2\/#breadcrumb","itemListElement":[{"@type":"ListItem","position":1,"name":"Startseite","item":"https:\/\/www.tomhemps.com\/fr\/"},{"@type":"ListItem","position":2,"name":"Shop","item":"https:\/\/www.tomhemps.com\/fr\/shop\/"},{"@type":"ListItem","position":3,"name":"Flower Gift Set 2"}]},{"@type":"WebSite","@id":"https:\/\/www.tomhemps.com\/fr\/#website","url":"https:\/\/www.tomhemps.com\/fr\/","name":"Your CBD Shop | Your CBD Brand | born in Berlin","description":"CBD Shop Berlin","publisher":{"@id":"https:\/\/www.tomhemps.com\/fr\/#organization"},"potentialAction":[{"@type":"SearchAction","target":{"@type":"EntryPoint","urlTemplate":"https:\/\/www.tomhemps.com\/fr\/?s={search_term_string}"},"query-input":"required name=search_term_string"}],"inLanguage":"fr-FR"},{"@type":"Organization","@id":"https:\/\/www.tomhemps.com\/fr\/#organization","name":"Tom Hemp's CBD Shop","alternateName":"Tom Hemp's Berlin","url":"https:\/\/www.tomhemps.com\/fr\/","logo":{"@type":"ImageObject","inLanguage":"fr-FR","@id":"https:\/\/www.tomhemps.com\/fr\/#\/schema\/logo\/image\/","url":"https:\/\/www.tomhemps.com\/wp-content\/uploads\/2019\/04\/Logo-2019-e1581413011332.jpg","contentUrl":"https:\/\/www.tomhemps.com\/wp-content\/uploads\/2019\/04\/Logo-2019-e1581413011332.jpg","width":460,"height":153,"caption":"Tom Hemp's CBD Shop"},"image":{"@id":"https:\/\/www.tomhemps.com\/fr\/#\/schema\/logo\/image\/"},"sameAs":["https:\/\/www.facebook.com\/tomhempsberlin\/","https:\/\/www.instagram.com\/tomhemps_cbd\/","https:\/\/www.youtube.com\/channel\/UCbGxDacLx_DRKyder_zVoNw"]}]}},"fields":{"pi_tot":"Qu'y a-t-il \u00e0 l'int\u00e9rieur ?","pi_tst":"Notice D'emballage","pi_t":171590,"pi_to":"<p><strong>2G HARLEQUIN<\/strong><br \/>\nCBD: 6 \u2013 8 %<br \/>\nTHC: &lt; 0,2%<\/p>\n<p><strong>2G GELATO 361\u2028<\/strong><br \/>\nCBD 6 \u2013 8 %<br \/>\nTHC &lt; 0,2%<\/p>\n<p><strong>2G AMALFI LEMON\u2028<\/strong><br \/>\nCBD 3 \u2013 6 %<br \/>\nTHC &lt; 0,2%<\/p>\n<p><strong>1 x GALAXY BOOKLET KSS<\/strong><\/p>\n<p>Ingr\u00e9dients : Fleurs de chanvre industriel europ\u00e9en, s\u00e9ch\u00e9es<\/p>\n","pi_ts":"<p>Le produit est destin\u00e9 exclusivement \u00e0 un usage commercial, technique et scientifique. A conserver hors de port\u00e9e des enfants. Le produit ne peut pas \u00eatre transport\u00e9 \u00e0 l\u2019\u00e9tranger. L\u2019ingestion et le tabagisme de ce produit sont strictement interdits. Ces fleurs de chanvre industriel europ\u00e9en transform\u00e9es contiennent moins de 0,2 % de THC. Le nom du produit n\u2019a aucune signification ni aucun contexte par rapport \u00e0 d\u2019autres produits et est uniquement utilis\u00e9 \u00e0 des fins de marketing.<\/p>\n","pi_hd":false,"pi_hm":false,"smoking_product":true,"pi_dd":false,"gs_contents":"2g Glas Berlin Kush 36\r\n2g Glas Amalfi Lemon\r\n2g Glas Northern Lights\r\n1x Galaxy Papers"},"_links":{"self":[{"href":"https:\/\/www.tomhemps.com\/fr\/wp-json\/wp\/v2\/product\/171668"}],"collection":[{"href":"https:\/\/www.tomhemps.com\/fr\/wp-json\/wp\/v2\/product"}],"about":[{"href":"https:\/\/www.tomhemps.com\/fr\/wp-json\/wp\/v2\/types\/product"}],"replies":[{"embeddable":true,"href":"https:\/\/www.tomhemps.com\/fr\/wp-json\/wp\/v2\/comments?post=171668"}],"wp:featuredmedia":[{"embeddable":true,"href":"https:\/\/www.tomhemps.com\/fr\/wp-json\/wp\/v2\/media\/643932"}],"wp:attachment":[{"href":"https:\/\/www.tomhemps.com\/fr\/wp-json\/wp\/v2\/media?parent=171668"}],"wp:term":[{"taxonomy":"product_cat","embeddable":true,"href":"https:\/\/www.tomhemps.com\/fr\/wp-json\/wp\/v2\/product_cat?post=171668"},{"taxonomy":"product_tag","embeddable":true,"href":"https:\/\/www.tomhemps.com\/fr\/wp-json\/wp\/v2\/product_tag?post=171668"}],"curies":[{"name":"wp","href":"https:\/\/api.w.org\/{rel}","templated":true}]}}