{"id":171715,"date":"2022-11-20T10:28:01","date_gmt":"2020-11-26T10:52:02","guid":{"rendered":"https:\/\/www.tomhemps.com\/?post_type=product&#038;p=171715"},"modified":"2025-12-24T23:00:03","modified_gmt":"2025-12-24T22:00:03","slug":"cbd_night_day_xmas_set","status":"publish","type":"product","link":"https:\/\/www.tomhemps.com\/fr\/prf\/cbd_night_day_xmas_set\/","title":{"rendered":"LE CBD DAY NIGHT XMAS SET"},"content":{"rendered":"","protected":false},"excerpt":{"rendered":"<p><span style=\"font-weight: 400;\">Offrez nos huiles de CBD et laissez le set \u00ab\u00a0Day &amp; Night\u00a0\u00bb devenir votre compagnon quotidien sur la voie d&rsquo;un mode de vie \u00e9quilibr\u00e9. L&rsquo;huile \u00e0 spectre complet 7 % extrait le meilleur du chanvre pour vous donner le coup de fouet ultime pour une journ\u00e9e pleine de productivit\u00e9 et de bonnes vibrations. L&rsquo;huile de CBD \u00e0 large spectre 5 %est comme un doux c\u00e2lin pour votre \u00e2me. Profitez des propri\u00e9t\u00e9s calmantes sans THC, le compl\u00e9ment parfait \u00e0 votre routine du soir pour vous d\u00e9barrasser du stress et vous pr\u00e9parer \u00e0 une nuit paisible.<\/span><\/p>\n","protected":false},"featured_media":643919,"comment_status":"open","ping_status":"closed","template":"","meta":{"_acf_changed":false},"product_cat":[5115,971],"product_tag":[],"acf":[],"yoast_head":"<!-- This site is optimized with the Yoast SEO Premium plugin v22.8 (Yoast SEO v22.8) - https:\/\/yoast.com\/wordpress\/plugins\/seo\/ -->\n<title>LE CBD DAY NIGHT XMAS SET<\/title>\n<meta name=\"description\" content=\"LE CBD DAY NIGHT XMAS SET - Your CBD Shop | Your CBD Brand | born in Berlin\" \/>\n<meta name=\"robots\" content=\"index, follow, max-snippet:-1, max-image-preview:large, max-video-preview:-1\" \/>\n<link rel=\"canonical\" href=\"https:\/\/www.tomhemps.com\/fr\/prf\/cbd_night_day_xmas_set\/\" \/>\n<meta property=\"og:locale\" content=\"fr_FR\" \/>\n<meta property=\"og:type\" content=\"article\" \/>\n<meta property=\"og:title\" content=\"LE CBD DAY NIGHT XMAS SET\" \/>\n<meta property=\"og:description\" content=\"LE CBD DAY NIGHT XMAS SET - Your CBD Shop | Your CBD Brand | born in Berlin\" \/>\n<meta property=\"og:url\" content=\"https:\/\/www.tomhemps.com\/fr\/prf\/cbd_night_day_xmas_set\/\" \/>\n<meta property=\"og:site_name\" content=\"Your CBD Shop | Your CBD Brand | born in Berlin\" \/>\n<meta property=\"article:publisher\" content=\"https:\/\/www.facebook.com\/tomhempsberlin\/\" \/>\n<meta property=\"article:modified_time\" content=\"2025-12-24T22:00:03+00:00\" \/>\n<meta property=\"og:image\" content=\"https:\/\/www.tomhemps.com\/wp-content\/uploads\/2022\/11\/day-and-night-set.png\" \/>\n\t<meta property=\"og:image:width\" content=\"680\" \/>\n\t<meta property=\"og:image:height\" content=\"850\" \/>\n\t<meta property=\"og:image:type\" content=\"image\/png\" \/>\n<meta name=\"twitter:card\" content=\"summary_large_image\" \/>\n<script type=\"application\/ld+json\" class=\"yoast-schema-graph\">{\"@context\":\"https:\/\/schema.org\",\"@graph\":[{\"@type\":\"WebPage\",\"@id\":\"https:\/\/www.tomhemps.com\/fr\/prf\/cbd_night_day_xmas_set\/\",\"url\":\"https:\/\/www.tomhemps.com\/fr\/prf\/cbd_night_day_xmas_set\/\",\"name\":\"LE CBD DAY NIGHT XMAS SET\",\"isPartOf\":{\"@id\":\"https:\/\/www.tomhemps.com\/fr\/#website\"},\"primaryImageOfPage\":{\"@id\":\"https:\/\/www.tomhemps.com\/fr\/prf\/cbd_night_day_xmas_set\/#primaryimage\"},\"image\":{\"@id\":\"https:\/\/www.tomhemps.com\/fr\/prf\/cbd_night_day_xmas_set\/#primaryimage\"},\"thumbnailUrl\":\"https:\/\/www.tomhemps.com\/wp-content\/uploads\/2022\/11\/Untitled-design9-Photoroom.png\",\"datePublished\":\"2020-11-26T10:52:02+00:00\",\"dateModified\":\"2025-12-24T22:00:03+00:00\",\"description\":\"LE CBD DAY NIGHT XMAS SET - Your CBD Shop | Your CBD Brand | born in Berlin\",\"breadcrumb\":{\"@id\":\"https:\/\/www.tomhemps.com\/fr\/prf\/cbd_night_day_xmas_set\/#breadcrumb\"},\"inLanguage\":\"fr-FR\",\"potentialAction\":[{\"@type\":\"ReadAction\",\"target\":[\"https:\/\/www.tomhemps.com\/fr\/prf\/cbd_night_day_xmas_set\/\"]}]},{\"@type\":\"ImageObject\",\"inLanguage\":\"fr-FR\",\"@id\":\"https:\/\/www.tomhemps.com\/fr\/prf\/cbd_night_day_xmas_set\/#primaryimage\",\"url\":\"https:\/\/www.tomhemps.com\/wp-content\/uploads\/2022\/11\/Untitled-design9-Photoroom.png\",\"contentUrl\":\"https:\/\/www.tomhemps.com\/wp-content\/uploads\/2022\/11\/Untitled-design9-Photoroom.png\",\"width\":680,\"height\":850,\"caption\":\"CBD \u00d6l Geschenkset DAy Night\"},{\"@type\":\"BreadcrumbList\",\"@id\":\"https:\/\/www.tomhemps.com\/fr\/prf\/cbd_night_day_xmas_set\/#breadcrumb\",\"itemListElement\":[{\"@type\":\"ListItem\",\"position\":1,\"name\":\"Startseite\",\"item\":\"https:\/\/www.tomhemps.com\/fr\/\"},{\"@type\":\"ListItem\",\"position\":2,\"name\":\"Shop\",\"item\":\"https:\/\/www.tomhemps.com\/fr\/shop\/\"},{\"@type\":\"ListItem\",\"position\":3,\"name\":\"LE CBD DAY NIGHT XMAS SET\"}]},{\"@type\":\"WebSite\",\"@id\":\"https:\/\/www.tomhemps.com\/fr\/#website\",\"url\":\"https:\/\/www.tomhemps.com\/fr\/\",\"name\":\"Your CBD Shop | Your CBD Brand | born in Berlin\",\"description\":\"CBD Shop Berlin\",\"publisher\":{\"@id\":\"https:\/\/www.tomhemps.com\/fr\/#organization\"},\"potentialAction\":[{\"@type\":\"SearchAction\",\"target\":{\"@type\":\"EntryPoint\",\"urlTemplate\":\"https:\/\/www.tomhemps.com\/fr\/?s={search_term_string}\"},\"query-input\":\"required name=search_term_string\"}],\"inLanguage\":\"fr-FR\"},{\"@type\":\"Organization\",\"@id\":\"https:\/\/www.tomhemps.com\/fr\/#organization\",\"name\":\"Tom Hemp's CBD Shop\",\"alternateName\":\"Tom Hemp's Berlin\",\"url\":\"https:\/\/www.tomhemps.com\/fr\/\",\"logo\":{\"@type\":\"ImageObject\",\"inLanguage\":\"fr-FR\",\"@id\":\"https:\/\/www.tomhemps.com\/fr\/#\/schema\/logo\/image\/\",\"url\":\"https:\/\/www.tomhemps.com\/wp-content\/uploads\/2019\/04\/Logo-2019-e1581413011332.jpg\",\"contentUrl\":\"https:\/\/www.tomhemps.com\/wp-content\/uploads\/2019\/04\/Logo-2019-e1581413011332.jpg\",\"width\":460,\"height\":153,\"caption\":\"Tom Hemp's CBD Shop\"},\"image\":{\"@id\":\"https:\/\/www.tomhemps.com\/fr\/#\/schema\/logo\/image\/\"},\"sameAs\":[\"https:\/\/www.facebook.com\/tomhempsberlin\/\",\"https:\/\/www.instagram.com\/tomhemps_cbd\/\",\"https:\/\/www.youtube.com\/channel\/UCbGxDacLx_DRKyder_zVoNw\"]}]}<\/script>\n<!-- \/ Yoast SEO Premium plugin. -->","yoast_head_json":{"title":"LE CBD DAY NIGHT XMAS SET","description":"LE CBD DAY NIGHT XMAS SET - Your CBD Shop | Your CBD Brand | born in Berlin","robots":{"index":"index","follow":"follow","max-snippet":"max-snippet:-1","max-image-preview":"max-image-preview:large","max-video-preview":"max-video-preview:-1"},"canonical":"https:\/\/www.tomhemps.com\/fr\/prf\/cbd_night_day_xmas_set\/","og_locale":"fr_FR","og_type":"article","og_title":"LE CBD DAY NIGHT XMAS SET","og_description":"LE CBD DAY NIGHT XMAS SET - Your CBD Shop | Your CBD Brand | born in Berlin","og_url":"https:\/\/www.tomhemps.com\/fr\/prf\/cbd_night_day_xmas_set\/","og_site_name":"Your CBD Shop | Your CBD Brand | born in Berlin","article_publisher":"https:\/\/www.facebook.com\/tomhempsberlin\/","article_modified_time":"2025-12-24T22:00:03+00:00","og_image":[{"width":680,"height":850,"url":"https:\/\/www.tomhemps.com\/wp-content\/uploads\/2022\/11\/day-and-night-set.png","type":"image\/png"}],"twitter_card":"summary_large_image","schema":{"@context":"https:\/\/schema.org","@graph":[{"@type":"WebPage","@id":"https:\/\/www.tomhemps.com\/fr\/prf\/cbd_night_day_xmas_set\/","url":"https:\/\/www.tomhemps.com\/fr\/prf\/cbd_night_day_xmas_set\/","name":"LE CBD DAY NIGHT XMAS SET","isPartOf":{"@id":"https:\/\/www.tomhemps.com\/fr\/#website"},"primaryImageOfPage":{"@id":"https:\/\/www.tomhemps.com\/fr\/prf\/cbd_night_day_xmas_set\/#primaryimage"},"image":{"@id":"https:\/\/www.tomhemps.com\/fr\/prf\/cbd_night_day_xmas_set\/#primaryimage"},"thumbnailUrl":"https:\/\/www.tomhemps.com\/wp-content\/uploads\/2022\/11\/Untitled-design9-Photoroom.png","datePublished":"2020-11-26T10:52:02+00:00","dateModified":"2025-12-24T22:00:03+00:00","description":"LE CBD DAY NIGHT XMAS SET - Your CBD Shop | Your CBD Brand | born in Berlin","breadcrumb":{"@id":"https:\/\/www.tomhemps.com\/fr\/prf\/cbd_night_day_xmas_set\/#breadcrumb"},"inLanguage":"fr-FR","potentialAction":[{"@type":"ReadAction","target":["https:\/\/www.tomhemps.com\/fr\/prf\/cbd_night_day_xmas_set\/"]}]},{"@type":"ImageObject","inLanguage":"fr-FR","@id":"https:\/\/www.tomhemps.com\/fr\/prf\/cbd_night_day_xmas_set\/#primaryimage","url":"https:\/\/www.tomhemps.com\/wp-content\/uploads\/2022\/11\/Untitled-design9-Photoroom.png","contentUrl":"https:\/\/www.tomhemps.com\/wp-content\/uploads\/2022\/11\/Untitled-design9-Photoroom.png","width":680,"height":850,"caption":"CBD \u00d6l Geschenkset DAy Night"},{"@type":"BreadcrumbList","@id":"https:\/\/www.tomhemps.com\/fr\/prf\/cbd_night_day_xmas_set\/#breadcrumb","itemListElement":[{"@type":"ListItem","position":1,"name":"Startseite","item":"https:\/\/www.tomhemps.com\/fr\/"},{"@type":"ListItem","position":2,"name":"Shop","item":"https:\/\/www.tomhemps.com\/fr\/shop\/"},{"@type":"ListItem","position":3,"name":"LE CBD DAY NIGHT XMAS SET"}]},{"@type":"WebSite","@id":"https:\/\/www.tomhemps.com\/fr\/#website","url":"https:\/\/www.tomhemps.com\/fr\/","name":"Your CBD Shop | Your CBD Brand | born in Berlin","description":"CBD Shop Berlin","publisher":{"@id":"https:\/\/www.tomhemps.com\/fr\/#organization"},"potentialAction":[{"@type":"SearchAction","target":{"@type":"EntryPoint","urlTemplate":"https:\/\/www.tomhemps.com\/fr\/?s={search_term_string}"},"query-input":"required name=search_term_string"}],"inLanguage":"fr-FR"},{"@type":"Organization","@id":"https:\/\/www.tomhemps.com\/fr\/#organization","name":"Tom Hemp's CBD Shop","alternateName":"Tom Hemp's Berlin","url":"https:\/\/www.tomhemps.com\/fr\/","logo":{"@type":"ImageObject","inLanguage":"fr-FR","@id":"https:\/\/www.tomhemps.com\/fr\/#\/schema\/logo\/image\/","url":"https:\/\/www.tomhemps.com\/wp-content\/uploads\/2019\/04\/Logo-2019-e1581413011332.jpg","contentUrl":"https:\/\/www.tomhemps.com\/wp-content\/uploads\/2019\/04\/Logo-2019-e1581413011332.jpg","width":460,"height":153,"caption":"Tom Hemp's CBD Shop"},"image":{"@id":"https:\/\/www.tomhemps.com\/fr\/#\/schema\/logo\/image\/"},"sameAs":["https:\/\/www.facebook.com\/tomhempsberlin\/","https:\/\/www.instagram.com\/tomhemps_cbd\/","https:\/\/www.youtube.com\/channel\/UCbGxDacLx_DRKyder_zVoNw"]}]}},"fields":{"pi_tot":"Qu'y a-t-il \u00e0 l'int\u00e9rieur ?","pi_tst":"Notice D'emballage","pi_t":171590,"pi_hd":false,"pi_hm":false,"pi_to":"<p><strong>1x Huile de CBD SPECTRUM COMPLET 7<\/strong><br \/>\nIngr\u00e9dients : parties de feuilles de chanvre industriel de l&rsquo;UE, Cannabis Sativa Seed Oil<br \/>\nContenu : 10ml<\/p>\n<p><strong>1 x HUILE CBD BROAD SPECTRUM 5%<\/strong><br \/>\nIngr\u00e9dients : Cannabis Sativa Seed Oil, Cannabis Sativa Leaf Extract, Tocopherol<br \/>\nContenu : 10 ml<\/p>\n<p>Ingr\u00e9dients : fleurs de chanvre europ\u00e9en utiles, s\u00e9ch\u00e9es<\/p>\n<p>&nbsp;<\/p>\n","pi_ts":"<p><strong>Huile de CBD Full Spectrum 7%.<\/strong><\/p>\n<p>Remarque : produit aromatique, non recommand\u00e9 pour l&rsquo;ingestion. Conserver hors de port\u00e9e des enfants.<\/p>\n<p><strong>Huile de CBD Broad Spectrum 5%.<\/strong><\/p>\n<p>Remarque : produit aromatique, non recommand\u00e9 pour l&rsquo;ingestion. Tenir hors de port\u00e9e des enfants.<\/p>\n","smoking_product":false,"pi_dd":false,"gs_contents":"1x CBD OIL FULL SPECTRUM 7%\r\nInhalt: 10ml\r\n\r\n1 x CBD OIL BROAD SPECTRUM 5%\r\nInhalt: 10 ml"},"_links":{"self":[{"href":"https:\/\/www.tomhemps.com\/fr\/wp-json\/wp\/v2\/product\/171715"}],"collection":[{"href":"https:\/\/www.tomhemps.com\/fr\/wp-json\/wp\/v2\/product"}],"about":[{"href":"https:\/\/www.tomhemps.com\/fr\/wp-json\/wp\/v2\/types\/product"}],"replies":[{"embeddable":true,"href":"https:\/\/www.tomhemps.com\/fr\/wp-json\/wp\/v2\/comments?post=171715"}],"wp:featuredmedia":[{"embeddable":true,"href":"https:\/\/www.tomhemps.com\/fr\/wp-json\/wp\/v2\/media\/643919"}],"wp:attachment":[{"href":"https:\/\/www.tomhemps.com\/fr\/wp-json\/wp\/v2\/media?parent=171715"}],"wp:term":[{"taxonomy":"product_cat","embeddable":true,"href":"https:\/\/www.tomhemps.com\/fr\/wp-json\/wp\/v2\/product_cat?post=171715"},{"taxonomy":"product_tag","embeddable":true,"href":"https:\/\/www.tomhemps.com\/fr\/wp-json\/wp\/v2\/product_tag?post=171715"}],"curies":[{"name":"wp","href":"https:\/\/api.w.org\/{rel}","templated":true}]}}