{"id":171770,"date":"2017-11-26T12:07:05","date_gmt":"2020-11-26T11:07:06","guid":{"rendered":"https:\/\/www.tomhemps.com\/?post_type=product&#038;p=171770"},"modified":"2026-05-05T12:51:40","modified_gmt":"2026-05-05T10:51:40","slug":"fleur_decouvert_set_1","status":"publish","type":"product","link":"https:\/\/www.tomhemps.com\/fr\/prf\/fleur_decouvert_set_1\/","title":{"rendered":"D\u00e9couverte de fleurs 1"},"content":{"rendered":"","protected":false},"excerpt":{"rendered":"<p><span style=\"font-weight: 400\">D\u00e9couvrez le monde fascinant des fleurs de CBD avec notre coffret cadeau exclusif Discovery II. Un bouquet d&rsquo;ar\u00f4mes, des nuances subtiles et une douce brise de d\u00e9tente. Ce coffret cadeau est bien plus que du CBD ; c&rsquo;est un voyage vers l&rsquo;\u00e9quilibre int\u00e9rieur et la s\u00e9r\u00e9nit\u00e9. Chaque fleur raconte sa propre histoire, chaque ar\u00f4me est une invitation \u00e0 un moment de soin de soi et d&rsquo;attention. Offrez un morceau de nature avec Berlin Kush, Gorilla Glue, Gelato 361 and Cookies et Northern Lights. <\/span><\/p>\n","protected":false},"featured_media":643944,"comment_status":"open","ping_status":"closed","template":"","meta":{"_acf_changed":false},"product_cat":[5007,5115,973],"product_tag":[],"acf":[],"yoast_head":"<!-- This site is optimized with the Yoast SEO Premium plugin v22.8 (Yoast SEO v22.8) - https:\/\/yoast.com\/wordpress\/plugins\/seo\/ -->\n<title>D\u00e9couverte de fleurs 1<\/title>\n<meta name=\"description\" content=\"D\u00e9couverte de fleurs 1 - Your CBD Shop | Your CBD Brand | born in Berlin\" \/>\n<meta name=\"robots\" content=\"index, follow, max-snippet:-1, max-image-preview:large, max-video-preview:-1\" \/>\n<link rel=\"canonical\" href=\"https:\/\/www.tomhemps.com\/fr\/prf\/fleur_decouvert_set_1\/\" \/>\n<meta property=\"og:locale\" content=\"fr_FR\" \/>\n<meta property=\"og:type\" content=\"article\" \/>\n<meta property=\"og:title\" content=\"D\u00e9couverte de fleurs 1\" \/>\n<meta property=\"og:description\" content=\"D\u00e9couverte de fleurs 1 - Your CBD Shop | Your CBD Brand | born in Berlin\" \/>\n<meta property=\"og:url\" content=\"https:\/\/www.tomhemps.com\/fr\/prf\/fleur_decouvert_set_1\/\" \/>\n<meta property=\"og:site_name\" content=\"Your CBD Shop | Your CBD Brand | born in Berlin\" \/>\n<meta property=\"article:publisher\" content=\"https:\/\/www.facebook.com\/tomhempsberlin\/\" \/>\n<meta property=\"article:modified_time\" content=\"2026-05-05T10:51:40+00:00\" \/>\n<meta property=\"og:image\" content=\"https:\/\/www.tomhemps.com\/wp-content\/uploads\/2017\/11\/CBD-Blueten-Discovery-Gift-Set-II-Photoroom.png\" \/>\n\t<meta property=\"og:image:width\" content=\"680\" \/>\n\t<meta property=\"og:image:height\" content=\"850\" \/>\n\t<meta property=\"og:image:type\" content=\"image\/png\" \/>\n<meta name=\"twitter:card\" content=\"summary_large_image\" \/>\n<script type=\"application\/ld+json\" class=\"yoast-schema-graph\">{\"@context\":\"https:\/\/schema.org\",\"@graph\":[{\"@type\":\"WebPage\",\"@id\":\"https:\/\/www.tomhemps.com\/fr\/prf\/fleur_decouvert_set_1\/\",\"url\":\"https:\/\/www.tomhemps.com\/fr\/prf\/fleur_decouvert_set_1\/\",\"name\":\"D\u00e9couverte de fleurs 1\",\"isPartOf\":{\"@id\":\"https:\/\/www.tomhemps.com\/fr\/#website\"},\"primaryImageOfPage\":{\"@id\":\"https:\/\/www.tomhemps.com\/fr\/prf\/fleur_decouvert_set_1\/#primaryimage\"},\"image\":{\"@id\":\"https:\/\/www.tomhemps.com\/fr\/prf\/fleur_decouvert_set_1\/#primaryimage\"},\"thumbnailUrl\":\"https:\/\/www.tomhemps.com\/wp-content\/uploads\/2017\/11\/CBD-Blueten-Discovery-Gift-Set-II-Photoroom.png\",\"datePublished\":\"2020-11-26T11:07:06+00:00\",\"dateModified\":\"2026-05-05T10:51:40+00:00\",\"description\":\"D\u00e9couverte de fleurs 1 - Your CBD Shop | Your CBD Brand | born in Berlin\",\"breadcrumb\":{\"@id\":\"https:\/\/www.tomhemps.com\/fr\/prf\/fleur_decouvert_set_1\/#breadcrumb\"},\"inLanguage\":\"fr-FR\",\"potentialAction\":[{\"@type\":\"ReadAction\",\"target\":[\"https:\/\/www.tomhemps.com\/fr\/prf\/fleur_decouvert_set_1\/\"]}]},{\"@type\":\"ImageObject\",\"inLanguage\":\"fr-FR\",\"@id\":\"https:\/\/www.tomhemps.com\/fr\/prf\/fleur_decouvert_set_1\/#primaryimage\",\"url\":\"https:\/\/www.tomhemps.com\/wp-content\/uploads\/2017\/11\/CBD-Blueten-Discovery-Gift-Set-II-Photoroom.png\",\"contentUrl\":\"https:\/\/www.tomhemps.com\/wp-content\/uploads\/2017\/11\/CBD-Blueten-Discovery-Gift-Set-II-Photoroom.png\",\"width\":680,\"height\":850,\"caption\":\"Cbd Blu\u0308ten Discovery Gift Set II\"},{\"@type\":\"BreadcrumbList\",\"@id\":\"https:\/\/www.tomhemps.com\/fr\/prf\/fleur_decouvert_set_1\/#breadcrumb\",\"itemListElement\":[{\"@type\":\"ListItem\",\"position\":1,\"name\":\"Startseite\",\"item\":\"https:\/\/www.tomhemps.com\/fr\/\"},{\"@type\":\"ListItem\",\"position\":2,\"name\":\"Shop\",\"item\":\"https:\/\/www.tomhemps.com\/fr\/shop\/\"},{\"@type\":\"ListItem\",\"position\":3,\"name\":\"D\u00e9couverte de fleurs 1\"}]},{\"@type\":\"WebSite\",\"@id\":\"https:\/\/www.tomhemps.com\/fr\/#website\",\"url\":\"https:\/\/www.tomhemps.com\/fr\/\",\"name\":\"Your CBD Shop | Your CBD Brand | born in Berlin\",\"description\":\"CBD Shop Berlin\",\"publisher\":{\"@id\":\"https:\/\/www.tomhemps.com\/fr\/#organization\"},\"potentialAction\":[{\"@type\":\"SearchAction\",\"target\":{\"@type\":\"EntryPoint\",\"urlTemplate\":\"https:\/\/www.tomhemps.com\/fr\/?s={search_term_string}\"},\"query-input\":\"required name=search_term_string\"}],\"inLanguage\":\"fr-FR\"},{\"@type\":\"Organization\",\"@id\":\"https:\/\/www.tomhemps.com\/fr\/#organization\",\"name\":\"Tom Hemp's CBD Shop\",\"alternateName\":\"Tom Hemp's Berlin\",\"url\":\"https:\/\/www.tomhemps.com\/fr\/\",\"logo\":{\"@type\":\"ImageObject\",\"inLanguage\":\"fr-FR\",\"@id\":\"https:\/\/www.tomhemps.com\/fr\/#\/schema\/logo\/image\/\",\"url\":\"https:\/\/www.tomhemps.com\/wp-content\/uploads\/2019\/04\/Logo-2019-e1581413011332.jpg\",\"contentUrl\":\"https:\/\/www.tomhemps.com\/wp-content\/uploads\/2019\/04\/Logo-2019-e1581413011332.jpg\",\"width\":460,\"height\":153,\"caption\":\"Tom Hemp's CBD Shop\"},\"image\":{\"@id\":\"https:\/\/www.tomhemps.com\/fr\/#\/schema\/logo\/image\/\"},\"sameAs\":[\"https:\/\/www.facebook.com\/tomhempsberlin\/\",\"https:\/\/www.instagram.com\/tomhemps_cbd\/\",\"https:\/\/www.youtube.com\/channel\/UCbGxDacLx_DRKyder_zVoNw\"]}]}<\/script>\n<!-- \/ Yoast SEO Premium plugin. -->","yoast_head_json":{"title":"D\u00e9couverte de fleurs 1","description":"D\u00e9couverte de fleurs 1 - Your CBD Shop | Your CBD Brand | born in Berlin","robots":{"index":"index","follow":"follow","max-snippet":"max-snippet:-1","max-image-preview":"max-image-preview:large","max-video-preview":"max-video-preview:-1"},"canonical":"https:\/\/www.tomhemps.com\/fr\/prf\/fleur_decouvert_set_1\/","og_locale":"fr_FR","og_type":"article","og_title":"D\u00e9couverte de fleurs 1","og_description":"D\u00e9couverte de fleurs 1 - Your CBD Shop | Your CBD Brand | born in Berlin","og_url":"https:\/\/www.tomhemps.com\/fr\/prf\/fleur_decouvert_set_1\/","og_site_name":"Your CBD Shop | Your CBD Brand | born in Berlin","article_publisher":"https:\/\/www.facebook.com\/tomhempsberlin\/","article_modified_time":"2026-05-05T10:51:40+00:00","og_image":[{"width":680,"height":850,"url":"https:\/\/www.tomhemps.com\/wp-content\/uploads\/2017\/11\/CBD-Blueten-Discovery-Gift-Set-II-Photoroom.png","type":"image\/png"}],"twitter_card":"summary_large_image","schema":{"@context":"https:\/\/schema.org","@graph":[{"@type":"WebPage","@id":"https:\/\/www.tomhemps.com\/fr\/prf\/fleur_decouvert_set_1\/","url":"https:\/\/www.tomhemps.com\/fr\/prf\/fleur_decouvert_set_1\/","name":"D\u00e9couverte de fleurs 1","isPartOf":{"@id":"https:\/\/www.tomhemps.com\/fr\/#website"},"primaryImageOfPage":{"@id":"https:\/\/www.tomhemps.com\/fr\/prf\/fleur_decouvert_set_1\/#primaryimage"},"image":{"@id":"https:\/\/www.tomhemps.com\/fr\/prf\/fleur_decouvert_set_1\/#primaryimage"},"thumbnailUrl":"https:\/\/www.tomhemps.com\/wp-content\/uploads\/2017\/11\/CBD-Blueten-Discovery-Gift-Set-II-Photoroom.png","datePublished":"2020-11-26T11:07:06+00:00","dateModified":"2026-05-05T10:51:40+00:00","description":"D\u00e9couverte de fleurs 1 - Your CBD Shop | Your CBD Brand | born in Berlin","breadcrumb":{"@id":"https:\/\/www.tomhemps.com\/fr\/prf\/fleur_decouvert_set_1\/#breadcrumb"},"inLanguage":"fr-FR","potentialAction":[{"@type":"ReadAction","target":["https:\/\/www.tomhemps.com\/fr\/prf\/fleur_decouvert_set_1\/"]}]},{"@type":"ImageObject","inLanguage":"fr-FR","@id":"https:\/\/www.tomhemps.com\/fr\/prf\/fleur_decouvert_set_1\/#primaryimage","url":"https:\/\/www.tomhemps.com\/wp-content\/uploads\/2017\/11\/CBD-Blueten-Discovery-Gift-Set-II-Photoroom.png","contentUrl":"https:\/\/www.tomhemps.com\/wp-content\/uploads\/2017\/11\/CBD-Blueten-Discovery-Gift-Set-II-Photoroom.png","width":680,"height":850,"caption":"Cbd Blu\u0308ten Discovery Gift Set II"},{"@type":"BreadcrumbList","@id":"https:\/\/www.tomhemps.com\/fr\/prf\/fleur_decouvert_set_1\/#breadcrumb","itemListElement":[{"@type":"ListItem","position":1,"name":"Startseite","item":"https:\/\/www.tomhemps.com\/fr\/"},{"@type":"ListItem","position":2,"name":"Shop","item":"https:\/\/www.tomhemps.com\/fr\/shop\/"},{"@type":"ListItem","position":3,"name":"D\u00e9couverte de fleurs 1"}]},{"@type":"WebSite","@id":"https:\/\/www.tomhemps.com\/fr\/#website","url":"https:\/\/www.tomhemps.com\/fr\/","name":"Your CBD Shop | Your CBD Brand | born in Berlin","description":"CBD Shop Berlin","publisher":{"@id":"https:\/\/www.tomhemps.com\/fr\/#organization"},"potentialAction":[{"@type":"SearchAction","target":{"@type":"EntryPoint","urlTemplate":"https:\/\/www.tomhemps.com\/fr\/?s={search_term_string}"},"query-input":"required name=search_term_string"}],"inLanguage":"fr-FR"},{"@type":"Organization","@id":"https:\/\/www.tomhemps.com\/fr\/#organization","name":"Tom Hemp's CBD Shop","alternateName":"Tom Hemp's Berlin","url":"https:\/\/www.tomhemps.com\/fr\/","logo":{"@type":"ImageObject","inLanguage":"fr-FR","@id":"https:\/\/www.tomhemps.com\/fr\/#\/schema\/logo\/image\/","url":"https:\/\/www.tomhemps.com\/wp-content\/uploads\/2019\/04\/Logo-2019-e1581413011332.jpg","contentUrl":"https:\/\/www.tomhemps.com\/wp-content\/uploads\/2019\/04\/Logo-2019-e1581413011332.jpg","width":460,"height":153,"caption":"Tom Hemp's CBD Shop"},"image":{"@id":"https:\/\/www.tomhemps.com\/fr\/#\/schema\/logo\/image\/"},"sameAs":["https:\/\/www.facebook.com\/tomhempsberlin\/","https:\/\/www.instagram.com\/tomhemps_cbd\/","https:\/\/www.youtube.com\/channel\/UCbGxDacLx_DRKyder_zVoNw"]}]}},"fields":{"pi_tot":"Qu'y a-t-il \u00e0 l'int\u00e9rieur ?","pi_tst":"Notice D'emballage","pi_t":171590,"pi_hd":false,"pi_hm":false,"pi_to":"<p><strong>1G GELATO 361<\/strong><br \/>\nCBD 5 %<br \/>\nTHC &lt; 0,2%<\/p>\n<p><strong>1G AMALFI LEMON<\/strong><br \/>\nCBD: 12 %<br \/>\nTHC: &lt; 0,2%<\/p>\n<p><strong>1G GIRL SCOUT COOKIES<\/strong><br \/>\nCBD 9 %<br \/>\nTHC &lt; 0,2%<\/p>\n<p><strong>1G PURPLE BERRY<\/strong><br \/>\nCBD 16 %<br \/>\nTHC &lt; 0,2%<\/p>\n<p>Ingr\u00e9dients : Fleurs de chanvre industriel europ\u00e9en, s\u00e9ch\u00e9es<\/p>\n","pi_ts":"<p><span data-sheets-value=\"{&quot;1&quot;:2,&quot;2&quot;:&quot;Le produit est destin\u00e9 exclusivement \u00e0 un usage commercial, technique et scientifique. A conserver hors de port\u00e9e des enfants. Le produit ne peut pas \u00eatre transport\u00e9 \u00e0 l\u2019\u00e9tranger. L\u2019ingestion et le tabagisme de ce produit sont strictement interdits. Ces fleurs de chanvre industriel europ\u00e9en transform\u00e9es contiennent moins de 0,2 % de THC. Le nom du produit n\u2019a aucune signification ni aucun contexte par rapport \u00e0 d\u2019autres produits et est uniquement utilis\u00e9 \u00e0 des fins de marketing.&quot;}\" data-sheets-userformat=\"{&quot;2&quot;:33555201,&quot;3&quot;:{&quot;1&quot;:0},&quot;11&quot;:4,&quot;12&quot;:0,&quot;28&quot;:1}\">Le produit est destin\u00e9 exclusivement \u00e0 un usage commercial, technique et scientifique. A conserver hors de port\u00e9e des enfants. Le produit ne peut pas \u00eatre transport\u00e9 \u00e0 l\u2019\u00e9tranger. L\u2019ingestion et le tabagisme de ce produit sont strictement interdits. Ces fleurs de chanvre industriel europ\u00e9en transform\u00e9es contiennent moins de 0,2 % de THC. Le nom du produit n\u2019a aucune signification ni aucun contexte par rapport \u00e0 d\u2019autres produits et est uniquement utilis\u00e9 \u00e0 des fins de marketing.<\/span><\/p>\n","smoking_product":true,"pi_dd":false,"gs_contents":"1G GELATO 361\r\n1G LEMON AMALFI\r\n1G GIRL SCOUT COOKIES\r\n1G PURPLE BERRY\r\n\r\n","hl":false,"pi_dt":"Produktbeschreibung","info_pills":false,"faq_items":false,"pi_m":false,"pi_b":false},"_links":{"self":[{"href":"https:\/\/www.tomhemps.com\/fr\/wp-json\/wp\/v2\/product\/171770"}],"collection":[{"href":"https:\/\/www.tomhemps.com\/fr\/wp-json\/wp\/v2\/product"}],"about":[{"href":"https:\/\/www.tomhemps.com\/fr\/wp-json\/wp\/v2\/types\/product"}],"replies":[{"embeddable":true,"href":"https:\/\/www.tomhemps.com\/fr\/wp-json\/wp\/v2\/comments?post=171770"}],"wp:featuredmedia":[{"embeddable":true,"href":"https:\/\/www.tomhemps.com\/fr\/wp-json\/wp\/v2\/media\/643944"}],"wp:attachment":[{"href":"https:\/\/www.tomhemps.com\/fr\/wp-json\/wp\/v2\/media?parent=171770"}],"wp:term":[{"taxonomy":"product_cat","embeddable":true,"href":"https:\/\/www.tomhemps.com\/fr\/wp-json\/wp\/v2\/product_cat?post=171770"},{"taxonomy":"product_tag","embeddable":true,"href":"https:\/\/www.tomhemps.com\/fr\/wp-json\/wp\/v2\/product_tag?post=171770"}],"curies":[{"name":"wp","href":"https:\/\/api.w.org\/{rel}","templated":true}]}}