{"id":171775,"date":"2017-11-26T12:00:09","date_gmt":"2020-11-26T11:07:10","guid":{"rendered":"https:\/\/www.tomhemps.com\/?post_type=product&#038;p=171775"},"modified":"2025-12-24T23:00:03","modified_gmt":"2025-12-24T22:00:03","slug":"flower-discovery-set-2","status":"publish","type":"product","link":"https:\/\/www.tomhemps.com\/fr\/prf\/flower-discovery-set-2\/","title":{"rendered":"Coffret d\u00e9couverte fleurs CBD"},"content":{"rendered":"","protected":false},"excerpt":{"rendered":"<p><span style=\"font-weight: 400\"><br \/>\nPlus qu&rsquo;un coffret cadeau, c&rsquo;est un voyage \u00e0 travers les saveurs des fleurs de CBD, emball\u00e9es avec le plus grand soin. Parfait pour apporter du bien-\u00eatre dans la vie de vos proches ou simplement pour surprendre quelqu&rsquo;un avec un sourire. D\u00e9couvrez <strong>Alien Haze<\/strong> ou vibrez \u00e0 l&rsquo;\u00e9nergie de la capitale allemande avec <strong>Berlin Kush 36<\/strong>. <strong>Gorilla Glue<\/strong> captive presque tout le monde avec sa vari\u00e9t\u00e9 puissante et <strong>Purple Berry<\/strong> est la cerise sur le g\u00e2teau, et qui peut y r\u00e9sister ? D\u00e9couverte sur.<\/span><\/p>\n","protected":false},"featured_media":643956,"comment_status":"open","ping_status":"closed","template":"","meta":{"_acf_changed":false},"product_cat":[5007,5115,973],"product_tag":[],"acf":[],"yoast_head":"<!-- This site is optimized with the Yoast SEO Premium plugin v22.8 (Yoast SEO v22.8) - https:\/\/yoast.com\/wordpress\/plugins\/seo\/ -->\n<title>Coffret d\u00e9couverte fleurs CBD<\/title>\n<meta name=\"description\" content=\"D\u00e9couvrez notre coffret cadeau de fleurs de CBD avec une s\u00e9lection vari\u00e9e. Partagez l&#039;\u00e9quilibre avec vos proches de la plus belle des mani\u00e8res\" \/>\n<meta name=\"robots\" content=\"index, follow, max-snippet:-1, max-image-preview:large, max-video-preview:-1\" \/>\n<link rel=\"canonical\" href=\"https:\/\/www.tomhemps.com\/fr\/prf\/flower-discovery-set-2\/\" \/>\n<meta property=\"og:locale\" content=\"fr_FR\" \/>\n<meta property=\"og:type\" content=\"article\" \/>\n<meta property=\"og:title\" content=\"Coffret d\u00e9couverte fleurs CBD\" \/>\n<meta property=\"og:description\" content=\"D\u00e9couvrez notre coffret cadeau de fleurs de CBD avec une s\u00e9lection vari\u00e9e. Partagez l&#039;\u00e9quilibre avec vos proches de la plus belle des mani\u00e8res\" \/>\n<meta property=\"og:url\" content=\"https:\/\/www.tomhemps.com\/fr\/prf\/flower-discovery-set-2\/\" \/>\n<meta property=\"og:site_name\" content=\"Your CBD Shop | Your CBD Brand | born in Berlin\" \/>\n<meta property=\"article:publisher\" content=\"https:\/\/www.facebook.com\/tomhempsberlin\/\" \/>\n<meta property=\"article:modified_time\" content=\"2025-12-24T22:00:03+00:00\" \/>\n<meta property=\"og:image\" content=\"https:\/\/www.tomhemps.com\/wp-content\/uploads\/2017\/11\/TH-products-680x850-Discovery-Set-2-1g.png\" \/>\n\t<meta property=\"og:image:width\" content=\"680\" \/>\n\t<meta property=\"og:image:height\" content=\"850\" \/>\n\t<meta property=\"og:image:type\" content=\"image\/png\" \/>\n<meta name=\"twitter:card\" content=\"summary_large_image\" \/>\n<meta name=\"twitter:label1\" content=\"Dur\u00e9e de lecture estim\u00e9e\" \/>\n\t<meta name=\"twitter:data1\" content=\"2 minutes\" \/>\n<script type=\"application\/ld+json\" class=\"yoast-schema-graph\">{\"@context\":\"https:\/\/schema.org\",\"@graph\":[{\"@type\":\"WebPage\",\"@id\":\"https:\/\/www.tomhemps.com\/fr\/prf\/flower-discovery-set-2\/\",\"url\":\"https:\/\/www.tomhemps.com\/fr\/prf\/flower-discovery-set-2\/\",\"name\":\"Coffret d\u00e9couverte fleurs CBD\",\"isPartOf\":{\"@id\":\"https:\/\/www.tomhemps.com\/fr\/#website\"},\"primaryImageOfPage\":{\"@id\":\"https:\/\/www.tomhemps.com\/fr\/prf\/flower-discovery-set-2\/#primaryimage\"},\"image\":{\"@id\":\"https:\/\/www.tomhemps.com\/fr\/prf\/flower-discovery-set-2\/#primaryimage\"},\"thumbnailUrl\":\"https:\/\/www.tomhemps.com\/wp-content\/uploads\/2017\/11\/CBD-Blueten-Discovery-Gift-Set-I-Photoroom.png\",\"datePublished\":\"2020-11-26T11:07:10+00:00\",\"dateModified\":\"2025-12-24T22:00:03+00:00\",\"description\":\"D\u00e9couvrez notre coffret cadeau de fleurs de CBD avec une s\u00e9lection vari\u00e9e. Partagez l'\u00e9quilibre avec vos proches de la plus belle des mani\u00e8res\",\"breadcrumb\":{\"@id\":\"https:\/\/www.tomhemps.com\/fr\/prf\/flower-discovery-set-2\/#breadcrumb\"},\"inLanguage\":\"fr-FR\",\"potentialAction\":[{\"@type\":\"ReadAction\",\"target\":[\"https:\/\/www.tomhemps.com\/fr\/prf\/flower-discovery-set-2\/\"]}]},{\"@type\":\"ImageObject\",\"inLanguage\":\"fr-FR\",\"@id\":\"https:\/\/www.tomhemps.com\/fr\/prf\/flower-discovery-set-2\/#primaryimage\",\"url\":\"https:\/\/www.tomhemps.com\/wp-content\/uploads\/2017\/11\/CBD-Blueten-Discovery-Gift-Set-I-Photoroom.png\",\"contentUrl\":\"https:\/\/www.tomhemps.com\/wp-content\/uploads\/2017\/11\/CBD-Blueten-Discovery-Gift-Set-I-Photoroom.png\",\"width\":680,\"height\":850,\"caption\":\"Cbd Blu\u0308ten Discovery Gift Set II\"},{\"@type\":\"BreadcrumbList\",\"@id\":\"https:\/\/www.tomhemps.com\/fr\/prf\/flower-discovery-set-2\/#breadcrumb\",\"itemListElement\":[{\"@type\":\"ListItem\",\"position\":1,\"name\":\"Startseite\",\"item\":\"https:\/\/www.tomhemps.com\/fr\/\"},{\"@type\":\"ListItem\",\"position\":2,\"name\":\"Shop\",\"item\":\"https:\/\/www.tomhemps.com\/fr\/shop\/\"},{\"@type\":\"ListItem\",\"position\":3,\"name\":\"Coffret d\u00e9couverte fleurs CBD\"}]},{\"@type\":\"WebSite\",\"@id\":\"https:\/\/www.tomhemps.com\/fr\/#website\",\"url\":\"https:\/\/www.tomhemps.com\/fr\/\",\"name\":\"Your CBD Shop | Your CBD Brand | born in Berlin\",\"description\":\"CBD Shop Berlin\",\"publisher\":{\"@id\":\"https:\/\/www.tomhemps.com\/fr\/#organization\"},\"potentialAction\":[{\"@type\":\"SearchAction\",\"target\":{\"@type\":\"EntryPoint\",\"urlTemplate\":\"https:\/\/www.tomhemps.com\/fr\/?s={search_term_string}\"},\"query-input\":\"required name=search_term_string\"}],\"inLanguage\":\"fr-FR\"},{\"@type\":\"Organization\",\"@id\":\"https:\/\/www.tomhemps.com\/fr\/#organization\",\"name\":\"Tom Hemp's CBD Shop\",\"alternateName\":\"Tom Hemp's Berlin\",\"url\":\"https:\/\/www.tomhemps.com\/fr\/\",\"logo\":{\"@type\":\"ImageObject\",\"inLanguage\":\"fr-FR\",\"@id\":\"https:\/\/www.tomhemps.com\/fr\/#\/schema\/logo\/image\/\",\"url\":\"https:\/\/www.tomhemps.com\/wp-content\/uploads\/2019\/04\/Logo-2019-e1581413011332.jpg\",\"contentUrl\":\"https:\/\/www.tomhemps.com\/wp-content\/uploads\/2019\/04\/Logo-2019-e1581413011332.jpg\",\"width\":460,\"height\":153,\"caption\":\"Tom Hemp's CBD Shop\"},\"image\":{\"@id\":\"https:\/\/www.tomhemps.com\/fr\/#\/schema\/logo\/image\/\"},\"sameAs\":[\"https:\/\/www.facebook.com\/tomhempsberlin\/\",\"https:\/\/www.instagram.com\/tomhemps_cbd\/\",\"https:\/\/www.youtube.com\/channel\/UCbGxDacLx_DRKyder_zVoNw\"]}]}<\/script>\n<!-- \/ Yoast SEO Premium plugin. -->","yoast_head_json":{"title":"Coffret d\u00e9couverte fleurs CBD","description":"D\u00e9couvrez notre coffret cadeau de fleurs de CBD avec une s\u00e9lection vari\u00e9e. Partagez l'\u00e9quilibre avec vos proches de la plus belle des mani\u00e8res","robots":{"index":"index","follow":"follow","max-snippet":"max-snippet:-1","max-image-preview":"max-image-preview:large","max-video-preview":"max-video-preview:-1"},"canonical":"https:\/\/www.tomhemps.com\/fr\/prf\/flower-discovery-set-2\/","og_locale":"fr_FR","og_type":"article","og_title":"Coffret d\u00e9couverte fleurs CBD","og_description":"D\u00e9couvrez notre coffret cadeau de fleurs de CBD avec une s\u00e9lection vari\u00e9e. Partagez l'\u00e9quilibre avec vos proches de la plus belle des mani\u00e8res","og_url":"https:\/\/www.tomhemps.com\/fr\/prf\/flower-discovery-set-2\/","og_site_name":"Your CBD Shop | Your CBD Brand | born in Berlin","article_publisher":"https:\/\/www.facebook.com\/tomhempsberlin\/","article_modified_time":"2025-12-24T22:00:03+00:00","og_image":[{"width":680,"height":850,"url":"https:\/\/www.tomhemps.com\/wp-content\/uploads\/2017\/11\/TH-products-680x850-Discovery-Set-2-1g.png","type":"image\/png"}],"twitter_card":"summary_large_image","twitter_misc":{"Dur\u00e9e de lecture estim\u00e9e":"2 minutes"},"schema":{"@context":"https:\/\/schema.org","@graph":[{"@type":"WebPage","@id":"https:\/\/www.tomhemps.com\/fr\/prf\/flower-discovery-set-2\/","url":"https:\/\/www.tomhemps.com\/fr\/prf\/flower-discovery-set-2\/","name":"Coffret d\u00e9couverte fleurs CBD","isPartOf":{"@id":"https:\/\/www.tomhemps.com\/fr\/#website"},"primaryImageOfPage":{"@id":"https:\/\/www.tomhemps.com\/fr\/prf\/flower-discovery-set-2\/#primaryimage"},"image":{"@id":"https:\/\/www.tomhemps.com\/fr\/prf\/flower-discovery-set-2\/#primaryimage"},"thumbnailUrl":"https:\/\/www.tomhemps.com\/wp-content\/uploads\/2017\/11\/CBD-Blueten-Discovery-Gift-Set-I-Photoroom.png","datePublished":"2020-11-26T11:07:10+00:00","dateModified":"2025-12-24T22:00:03+00:00","description":"D\u00e9couvrez notre coffret cadeau de fleurs de CBD avec une s\u00e9lection vari\u00e9e. Partagez l'\u00e9quilibre avec vos proches de la plus belle des mani\u00e8res","breadcrumb":{"@id":"https:\/\/www.tomhemps.com\/fr\/prf\/flower-discovery-set-2\/#breadcrumb"},"inLanguage":"fr-FR","potentialAction":[{"@type":"ReadAction","target":["https:\/\/www.tomhemps.com\/fr\/prf\/flower-discovery-set-2\/"]}]},{"@type":"ImageObject","inLanguage":"fr-FR","@id":"https:\/\/www.tomhemps.com\/fr\/prf\/flower-discovery-set-2\/#primaryimage","url":"https:\/\/www.tomhemps.com\/wp-content\/uploads\/2017\/11\/CBD-Blueten-Discovery-Gift-Set-I-Photoroom.png","contentUrl":"https:\/\/www.tomhemps.com\/wp-content\/uploads\/2017\/11\/CBD-Blueten-Discovery-Gift-Set-I-Photoroom.png","width":680,"height":850,"caption":"Cbd Blu\u0308ten Discovery Gift Set II"},{"@type":"BreadcrumbList","@id":"https:\/\/www.tomhemps.com\/fr\/prf\/flower-discovery-set-2\/#breadcrumb","itemListElement":[{"@type":"ListItem","position":1,"name":"Startseite","item":"https:\/\/www.tomhemps.com\/fr\/"},{"@type":"ListItem","position":2,"name":"Shop","item":"https:\/\/www.tomhemps.com\/fr\/shop\/"},{"@type":"ListItem","position":3,"name":"Coffret d\u00e9couverte fleurs CBD"}]},{"@type":"WebSite","@id":"https:\/\/www.tomhemps.com\/fr\/#website","url":"https:\/\/www.tomhemps.com\/fr\/","name":"Your CBD Shop | Your CBD Brand | born in Berlin","description":"CBD Shop Berlin","publisher":{"@id":"https:\/\/www.tomhemps.com\/fr\/#organization"},"potentialAction":[{"@type":"SearchAction","target":{"@type":"EntryPoint","urlTemplate":"https:\/\/www.tomhemps.com\/fr\/?s={search_term_string}"},"query-input":"required name=search_term_string"}],"inLanguage":"fr-FR"},{"@type":"Organization","@id":"https:\/\/www.tomhemps.com\/fr\/#organization","name":"Tom Hemp's CBD Shop","alternateName":"Tom Hemp's Berlin","url":"https:\/\/www.tomhemps.com\/fr\/","logo":{"@type":"ImageObject","inLanguage":"fr-FR","@id":"https:\/\/www.tomhemps.com\/fr\/#\/schema\/logo\/image\/","url":"https:\/\/www.tomhemps.com\/wp-content\/uploads\/2019\/04\/Logo-2019-e1581413011332.jpg","contentUrl":"https:\/\/www.tomhemps.com\/wp-content\/uploads\/2019\/04\/Logo-2019-e1581413011332.jpg","width":460,"height":153,"caption":"Tom Hemp's CBD Shop"},"image":{"@id":"https:\/\/www.tomhemps.com\/fr\/#\/schema\/logo\/image\/"},"sameAs":["https:\/\/www.facebook.com\/tomhempsberlin\/","https:\/\/www.instagram.com\/tomhemps_cbd\/","https:\/\/www.youtube.com\/channel\/UCbGxDacLx_DRKyder_zVoNw"]}]}},"fields":{"pi_tot":"Qu'y a-t-il \u00e0 l'int\u00e9rieur ?","pi_tst":"Notice D'emballage","pi_hd":false,"pi_hm":false,"pi_to":"<p><strong>1G ALIEN HAZE<\/strong><br \/>\nCBD\u00a0 8 %<br \/>\nTHC &lt; 0,2%<\/p>\n<p><strong>1G BERLIN KUSH 36<\/strong><br \/>\nCBD: 10 %<br \/>\nTHC: &lt; 0,2%<\/p>\n<p><strong>1G GORILLA GLUE<\/strong><br \/>\nCBD 14 %<br \/>\nTHC &lt; 0,2%<\/p>\n<p><strong>1G PURPLE BERRY<\/strong><br \/>\nCBD 16 %<br \/>\nTHC &lt; 0,2%<\/p>\n<p>&nbsp;<\/p>\n<p>Ingr\u00e9dients : Fleurs de chanvre industriel europ\u00e9en, s\u00e9ch\u00e9es<\/p>\n","pi_ts":"<p>Le produit est destin\u00e9 exclusivement \u00e0 un usage commercial, technique et scientifique. A conserver hors de port\u00e9e des enfants. Le produit ne peut pas \u00eatre transport\u00e9 \u00e0 l\u2019\u00e9tranger. L\u2019ingestion et le tabagisme de ce produit sont strictement interdits. Ces fleurs de chanvre industriel europ\u00e9en transform\u00e9es contiennent moins de 0,2 % de THC. Le nom du produit n\u2019a aucune signification ni aucun contexte par rapport \u00e0 d\u2019autres produits et est uniquement utilis\u00e9 \u00e0 des fins de marketing.<\/p>\n","smoking_product":true,"pi_dd":false,"pi_t":171590,"gs_contents":"1G PURPLE BERRY\r\n1G BERLIN KUSH 36\r\n1G HARLEQUIN\r\n1G ALIEN HAZE"},"_links":{"self":[{"href":"https:\/\/www.tomhemps.com\/fr\/wp-json\/wp\/v2\/product\/171775"}],"collection":[{"href":"https:\/\/www.tomhemps.com\/fr\/wp-json\/wp\/v2\/product"}],"about":[{"href":"https:\/\/www.tomhemps.com\/fr\/wp-json\/wp\/v2\/types\/product"}],"replies":[{"embeddable":true,"href":"https:\/\/www.tomhemps.com\/fr\/wp-json\/wp\/v2\/comments?post=171775"}],"wp:featuredmedia":[{"embeddable":true,"href":"https:\/\/www.tomhemps.com\/fr\/wp-json\/wp\/v2\/media\/643956"}],"wp:attachment":[{"href":"https:\/\/www.tomhemps.com\/fr\/wp-json\/wp\/v2\/media?parent=171775"}],"wp:term":[{"taxonomy":"product_cat","embeddable":true,"href":"https:\/\/www.tomhemps.com\/fr\/wp-json\/wp\/v2\/product_cat?post=171775"},{"taxonomy":"product_tag","embeddable":true,"href":"https:\/\/www.tomhemps.com\/fr\/wp-json\/wp\/v2\/product_tag?post=171775"}],"curies":[{"name":"wp","href":"https:\/\/api.w.org\/{rel}","templated":true}]}}