{"id":460247,"date":"2021-08-12T14:44:07","date_gmt":"2021-08-12T12:44:09","guid":{"rendered":"https:\/\/www.tomhemps.com\/?post_type=product&#038;p=460247"},"modified":"2026-04-15T18:23:25","modified_gmt":"2026-04-15T16:23:25","slug":"cbd-wax-filled-vape-pen","status":"publish","type":"product","link":"https:\/\/www.tomhemps.com\/fr\/prf\/cbd-wax-filled-vape-pen\/","title":{"rendered":"CBD Wax Vape Pen Natural"},"content":{"rendered":"","protected":false},"excerpt":{"rendered":"<p>Le <strong>CBD Wax Vape Pen Natural<\/strong> est ton vaporisateur tout-en-un ! Rempli d&rsquo;extrait de CBD pur Wax Natural, ce stylo apporte la pleine charge de nature dans un appareil pratique. Le CBD Vape Pen convainc par son design minimaliste, compl\u00e9t\u00e9 par une cartouche en verre pratique qui pr\u00e9serve la puret\u00e9 de la CBD Wax. Pourquoi le CBD Wax Vape Pen Natural ? Parce qu&rsquo;il est aussi styl\u00e9 que simple et cool. CBD Wax, Slim Pen et batterie 510 : bonjour \u00e0 votre nouveau gadget CBD. Et parce que le changement n&rsquo;a jamais \u00e9t\u00e9 aussi facile, le CBD Pen est disponible en berry-sucr\u00e9 <a href=\"https:\/\/www.tomhemps.com\/fr\/prf\/cbd-wax-vape-pen-purpleberry\/\">Purpleberry<\/a> et en Alien Haze \u00e9pic\u00e9-citron.<\/p>\n","protected":false},"featured_media":465980,"comment_status":"open","ping_status":"closed","template":"","meta":{"_acf_changed":false},"product_cat":[2539,5007,965],"product_tag":[],"acf":[],"yoast_head":"<!-- This site is optimized with the Yoast SEO Premium plugin v22.8 (Yoast SEO v22.8) - https:\/\/yoast.com\/wordpress\/plugins\/seo\/ -->\n<title>CBD Wax Vape Pen Natural<\/title>\n<meta name=\"description\" content=\"Stylo \u00e0 vapeur de CBD tout-en-un : Stylo rechargeable \u00e0 pile 510 avec cire CBD de haute qualit\u00e9. Facile \u00e0 utiliser, design \u00e9l\u00e9gant avec cartouche en verre.\" \/>\n<meta name=\"robots\" content=\"index, follow, max-snippet:-1, max-image-preview:large, max-video-preview:-1\" \/>\n<link rel=\"canonical\" href=\"https:\/\/www.tomhemps.com\/fr\/prf\/cbd-wax-filled-vape-pen\/\" \/>\n<meta property=\"og:locale\" content=\"fr_FR\" \/>\n<meta property=\"og:type\" content=\"article\" \/>\n<meta property=\"og:title\" content=\"CBD Wax Vape Pen Natural\" \/>\n<meta property=\"og:description\" content=\"Stylo \u00e0 vapeur de CBD tout-en-un : Stylo rechargeable \u00e0 pile 510 avec cire CBD de haute qualit\u00e9. Facile \u00e0 utiliser, design \u00e9l\u00e9gant avec cartouche en verre.\" \/>\n<meta property=\"og:url\" content=\"https:\/\/www.tomhemps.com\/fr\/prf\/cbd-wax-filled-vape-pen\/\" \/>\n<meta property=\"og:site_name\" content=\"Your CBD Shop | Your CBD Brand | born in Berlin\" \/>\n<meta property=\"article:publisher\" content=\"https:\/\/www.facebook.com\/tomhempsberlin\/\" \/>\n<meta property=\"article:modified_time\" content=\"2026-04-15T16:23:25+00:00\" \/>\n<meta property=\"og:image\" content=\"https:\/\/www.tomhemps.com\/wp-content\/uploads\/2021\/08\/Tom_Hemps_product_slim_pen_box_natural_wax_3-min.png\" \/>\n\t<meta property=\"og:image:width\" content=\"1780\" \/>\n\t<meta property=\"og:image:height\" content=\"1600\" \/>\n\t<meta property=\"og:image:type\" content=\"image\/png\" \/>\n<meta name=\"twitter:card\" content=\"summary_large_image\" \/>\n<meta name=\"twitter:label1\" content=\"Dur\u00e9e de lecture estim\u00e9e\" \/>\n\t<meta name=\"twitter:data1\" content=\"2 minutes\" \/>\n<script type=\"application\/ld+json\" class=\"yoast-schema-graph\">{\"@context\":\"https:\/\/schema.org\",\"@graph\":[{\"@type\":\"WebPage\",\"@id\":\"https:\/\/www.tomhemps.com\/fr\/prf\/cbd-wax-filled-vape-pen\/\",\"url\":\"https:\/\/www.tomhemps.com\/fr\/prf\/cbd-wax-filled-vape-pen\/\",\"name\":\"CBD Wax Vape Pen Natural\",\"isPartOf\":{\"@id\":\"https:\/\/www.tomhemps.com\/fr\/#website\"},\"primaryImageOfPage\":{\"@id\":\"https:\/\/www.tomhemps.com\/fr\/prf\/cbd-wax-filled-vape-pen\/#primaryimage\"},\"image\":{\"@id\":\"https:\/\/www.tomhemps.com\/fr\/prf\/cbd-wax-filled-vape-pen\/#primaryimage\"},\"thumbnailUrl\":\"https:\/\/www.tomhemps.com\/wp-content\/uploads\/2021\/08\/Tom_Hemps_product_slim_pen_box_natural_wax_3-min.png\",\"datePublished\":\"2021-08-12T12:44:09+00:00\",\"dateModified\":\"2026-04-15T16:23:25+00:00\",\"description\":\"Stylo \u00e0 vapeur de CBD tout-en-un : Stylo rechargeable \u00e0 pile 510 avec cire CBD de haute qualit\u00e9. Facile \u00e0 utiliser, design \u00e9l\u00e9gant avec cartouche en verre.\",\"breadcrumb\":{\"@id\":\"https:\/\/www.tomhemps.com\/fr\/prf\/cbd-wax-filled-vape-pen\/#breadcrumb\"},\"inLanguage\":\"fr-FR\",\"potentialAction\":[{\"@type\":\"ReadAction\",\"target\":[\"https:\/\/www.tomhemps.com\/fr\/prf\/cbd-wax-filled-vape-pen\/\"]}]},{\"@type\":\"ImageObject\",\"inLanguage\":\"fr-FR\",\"@id\":\"https:\/\/www.tomhemps.com\/fr\/prf\/cbd-wax-filled-vape-pen\/#primaryimage\",\"url\":\"https:\/\/www.tomhemps.com\/wp-content\/uploads\/2021\/08\/Tom_Hemps_product_slim_pen_box_natural_wax_3-min.png\",\"contentUrl\":\"https:\/\/www.tomhemps.com\/wp-content\/uploads\/2021\/08\/Tom_Hemps_product_slim_pen_box_natural_wax_3-min.png\",\"width\":1780,\"height\":1600},{\"@type\":\"BreadcrumbList\",\"@id\":\"https:\/\/www.tomhemps.com\/fr\/prf\/cbd-wax-filled-vape-pen\/#breadcrumb\",\"itemListElement\":[{\"@type\":\"ListItem\",\"position\":1,\"name\":\"Startseite\",\"item\":\"https:\/\/www.tomhemps.com\/fr\/\"},{\"@type\":\"ListItem\",\"position\":2,\"name\":\"Shop\",\"item\":\"https:\/\/www.tomhemps.com\/fr\/shop\/\"},{\"@type\":\"ListItem\",\"position\":3,\"name\":\"CBD Wax Vape Pen Natural\"}]},{\"@type\":\"WebSite\",\"@id\":\"https:\/\/www.tomhemps.com\/fr\/#website\",\"url\":\"https:\/\/www.tomhemps.com\/fr\/\",\"name\":\"Your CBD Shop | Your CBD Brand | born in Berlin\",\"description\":\"CBD Shop Berlin\",\"publisher\":{\"@id\":\"https:\/\/www.tomhemps.com\/fr\/#organization\"},\"potentialAction\":[{\"@type\":\"SearchAction\",\"target\":{\"@type\":\"EntryPoint\",\"urlTemplate\":\"https:\/\/www.tomhemps.com\/fr\/?s={search_term_string}\"},\"query-input\":\"required name=search_term_string\"}],\"inLanguage\":\"fr-FR\"},{\"@type\":\"Organization\",\"@id\":\"https:\/\/www.tomhemps.com\/fr\/#organization\",\"name\":\"Tom Hemp's CBD Shop\",\"alternateName\":\"Tom Hemp's Berlin\",\"url\":\"https:\/\/www.tomhemps.com\/fr\/\",\"logo\":{\"@type\":\"ImageObject\",\"inLanguage\":\"fr-FR\",\"@id\":\"https:\/\/www.tomhemps.com\/fr\/#\/schema\/logo\/image\/\",\"url\":\"https:\/\/www.tomhemps.com\/wp-content\/uploads\/2019\/04\/Logo-2019-e1581413011332.jpg\",\"contentUrl\":\"https:\/\/www.tomhemps.com\/wp-content\/uploads\/2019\/04\/Logo-2019-e1581413011332.jpg\",\"width\":460,\"height\":153,\"caption\":\"Tom Hemp's CBD Shop\"},\"image\":{\"@id\":\"https:\/\/www.tomhemps.com\/fr\/#\/schema\/logo\/image\/\"},\"sameAs\":[\"https:\/\/www.facebook.com\/tomhempsberlin\/\",\"https:\/\/www.instagram.com\/tomhemps_cbd\/\",\"https:\/\/www.youtube.com\/channel\/UCbGxDacLx_DRKyder_zVoNw\"]}]}<\/script>\n<!-- \/ Yoast SEO Premium plugin. -->","yoast_head_json":{"title":"CBD Wax Vape Pen Natural","description":"Stylo \u00e0 vapeur de CBD tout-en-un : Stylo rechargeable \u00e0 pile 510 avec cire CBD de haute qualit\u00e9. Facile \u00e0 utiliser, design \u00e9l\u00e9gant avec cartouche en verre.","robots":{"index":"index","follow":"follow","max-snippet":"max-snippet:-1","max-image-preview":"max-image-preview:large","max-video-preview":"max-video-preview:-1"},"canonical":"https:\/\/www.tomhemps.com\/fr\/prf\/cbd-wax-filled-vape-pen\/","og_locale":"fr_FR","og_type":"article","og_title":"CBD Wax Vape Pen Natural","og_description":"Stylo \u00e0 vapeur de CBD tout-en-un : Stylo rechargeable \u00e0 pile 510 avec cire CBD de haute qualit\u00e9. Facile \u00e0 utiliser, design \u00e9l\u00e9gant avec cartouche en verre.","og_url":"https:\/\/www.tomhemps.com\/fr\/prf\/cbd-wax-filled-vape-pen\/","og_site_name":"Your CBD Shop | Your CBD Brand | born in Berlin","article_publisher":"https:\/\/www.facebook.com\/tomhempsberlin\/","article_modified_time":"2026-04-15T16:23:25+00:00","og_image":[{"width":1780,"height":1600,"url":"https:\/\/www.tomhemps.com\/wp-content\/uploads\/2021\/08\/Tom_Hemps_product_slim_pen_box_natural_wax_3-min.png","type":"image\/png"}],"twitter_card":"summary_large_image","twitter_misc":{"Dur\u00e9e de lecture estim\u00e9e":"2 minutes"},"schema":{"@context":"https:\/\/schema.org","@graph":[{"@type":"WebPage","@id":"https:\/\/www.tomhemps.com\/fr\/prf\/cbd-wax-filled-vape-pen\/","url":"https:\/\/www.tomhemps.com\/fr\/prf\/cbd-wax-filled-vape-pen\/","name":"CBD Wax Vape Pen Natural","isPartOf":{"@id":"https:\/\/www.tomhemps.com\/fr\/#website"},"primaryImageOfPage":{"@id":"https:\/\/www.tomhemps.com\/fr\/prf\/cbd-wax-filled-vape-pen\/#primaryimage"},"image":{"@id":"https:\/\/www.tomhemps.com\/fr\/prf\/cbd-wax-filled-vape-pen\/#primaryimage"},"thumbnailUrl":"https:\/\/www.tomhemps.com\/wp-content\/uploads\/2021\/08\/Tom_Hemps_product_slim_pen_box_natural_wax_3-min.png","datePublished":"2021-08-12T12:44:09+00:00","dateModified":"2026-04-15T16:23:25+00:00","description":"Stylo \u00e0 vapeur de CBD tout-en-un : Stylo rechargeable \u00e0 pile 510 avec cire CBD de haute qualit\u00e9. Facile \u00e0 utiliser, design \u00e9l\u00e9gant avec cartouche en verre.","breadcrumb":{"@id":"https:\/\/www.tomhemps.com\/fr\/prf\/cbd-wax-filled-vape-pen\/#breadcrumb"},"inLanguage":"fr-FR","potentialAction":[{"@type":"ReadAction","target":["https:\/\/www.tomhemps.com\/fr\/prf\/cbd-wax-filled-vape-pen\/"]}]},{"@type":"ImageObject","inLanguage":"fr-FR","@id":"https:\/\/www.tomhemps.com\/fr\/prf\/cbd-wax-filled-vape-pen\/#primaryimage","url":"https:\/\/www.tomhemps.com\/wp-content\/uploads\/2021\/08\/Tom_Hemps_product_slim_pen_box_natural_wax_3-min.png","contentUrl":"https:\/\/www.tomhemps.com\/wp-content\/uploads\/2021\/08\/Tom_Hemps_product_slim_pen_box_natural_wax_3-min.png","width":1780,"height":1600},{"@type":"BreadcrumbList","@id":"https:\/\/www.tomhemps.com\/fr\/prf\/cbd-wax-filled-vape-pen\/#breadcrumb","itemListElement":[{"@type":"ListItem","position":1,"name":"Startseite","item":"https:\/\/www.tomhemps.com\/fr\/"},{"@type":"ListItem","position":2,"name":"Shop","item":"https:\/\/www.tomhemps.com\/fr\/shop\/"},{"@type":"ListItem","position":3,"name":"CBD Wax Vape Pen Natural"}]},{"@type":"WebSite","@id":"https:\/\/www.tomhemps.com\/fr\/#website","url":"https:\/\/www.tomhemps.com\/fr\/","name":"Your CBD Shop | Your CBD Brand | born in Berlin","description":"CBD Shop Berlin","publisher":{"@id":"https:\/\/www.tomhemps.com\/fr\/#organization"},"potentialAction":[{"@type":"SearchAction","target":{"@type":"EntryPoint","urlTemplate":"https:\/\/www.tomhemps.com\/fr\/?s={search_term_string}"},"query-input":"required name=search_term_string"}],"inLanguage":"fr-FR"},{"@type":"Organization","@id":"https:\/\/www.tomhemps.com\/fr\/#organization","name":"Tom Hemp's CBD Shop","alternateName":"Tom Hemp's Berlin","url":"https:\/\/www.tomhemps.com\/fr\/","logo":{"@type":"ImageObject","inLanguage":"fr-FR","@id":"https:\/\/www.tomhemps.com\/fr\/#\/schema\/logo\/image\/","url":"https:\/\/www.tomhemps.com\/wp-content\/uploads\/2019\/04\/Logo-2019-e1581413011332.jpg","contentUrl":"https:\/\/www.tomhemps.com\/wp-content\/uploads\/2019\/04\/Logo-2019-e1581413011332.jpg","width":460,"height":153,"caption":"Tom Hemp's CBD Shop"},"image":{"@id":"https:\/\/www.tomhemps.com\/fr\/#\/schema\/logo\/image\/"},"sameAs":["https:\/\/www.facebook.com\/tomhempsberlin\/","https:\/\/www.instagram.com\/tomhemps_cbd\/","https:\/\/www.youtube.com\/channel\/UCbGxDacLx_DRKyder_zVoNw"]}]}},"fields":{"pi_tot":"Plus d'info","pi_to":"<p><strong>Instructions d&rsquo;utilisation\u00a0:<\/strong><\/p>\n<ol>\n<li><strong>Assemblage\u00a0:<\/strong> Fixez la cartouche \u00e0 la batterie du vape pen.<\/li>\n<li><strong>Activation et inhalation\u00a0:<\/strong> Allumez l&rsquo;appareil et inhalez simultan\u00e9ment par l&#8217;embout buccal.<\/li>\n<li><strong>Contr\u00f4le de la consommation\u00a0:<\/strong> Commencez par de petites bouff\u00e9es, en tirant pendant environ 5 \u00e0 8\u00a0secondes lors de la premi\u00e8re inhalation.<\/li>\n<\/ol>\n<p><strong>Pourquoi choisir le CBD Wax Vape Pen tout-en-un\u00a0?<\/strong><\/p>\n<ul>\n<li><strong>Facilit\u00e9 d&rsquo;utilisation\u00a0:<\/strong> Il suffit d&rsquo;assembler, de charger et d&rsquo;inhaler.<\/li>\n<li><strong>Vari\u00e9t\u00e9 de saveurs\u00a0:<\/strong> Des vari\u00e9t\u00e9s de haute qualit\u00e9 comme Purpleberry, Alien Haze et Natural offrent des exp\u00e9riences diversifi\u00e9es.<\/li>\n<li><strong>Design pratique\u00a0:<\/strong> Taille compacte, facile \u00e0 transporter, avec un embout buccal \u00e9l\u00e9gant.<\/li>\n<li><strong>Durable et rechargeable\u00a0:<\/strong> \u00c9quip\u00e9 d&rsquo;une batterie \u00e0 filetage 510, facile \u00e0 recharger et offrant une utilisation durable.<\/li>\n<\/ul>\n","pi_tst":"CARACT\u00c9RISTIQUES ","pi_ts":"<p><strong>Caract\u00e9ristiques principales\u00a0:<\/strong><\/p>\n<ul>\n<li><strong>Ingr\u00e9dients\u00a0:<\/strong> Extrait de chanvre, terp\u00e8nes<\/li>\n<li><strong>Spectre large\u00a0:<\/strong> Contient une gamme de cannabino\u00efdes<\/li>\n<li><strong>Teneur en cannabino\u00efdes\u00a0:<\/strong> 850\u00a0mg\n<ul>\n<li><strong>CBD\u00a0:<\/strong> 70\u00a0%<\/li>\n<li><strong>CBG\u00a0:<\/strong> 15\u00a0%<\/li>\n<li><strong>CBDV\u00a0:<\/strong> 0,2\u20130,5\u00a0%<\/li>\n<li><strong>THC\u00a0:<\/strong> Moins de 0,2\u00a0%<\/li>\n<\/ul>\n<\/li>\n<li><strong>Profil aromatique\u00a0:<\/strong> Ar\u00f4me et go\u00fbt prononc\u00e9s de cire<\/li>\n<\/ul>\n<p><strong>Le kit Vape Pen comprend\u00a0:<\/strong><\/p>\n<ul>\n<li>Atomiseur avec technologie CCELL et \u00e9l\u00e9ment chauffant en c\u00e9ramique poreuse<\/li>\n<li>Activation par inhalation<\/li>\n<li>Batterie Li-ion de 200\u00a0mAh<\/li>\n<li>Cartouche en verre de 1\u00a0ml<\/li>\n<li>Chargeur USB<\/li>\n<li>Embout buccal \u00e0 visser<\/li>\n<li>Adapt\u00e9 aux viscosit\u00e9s allant jusqu&rsquo;\u00e0 110\u00a0000\u00a0cPs<\/li>\n<\/ul>\n","smoking_product":true,"pi_dd":false,"pi_t":161206,"pi_hd":561735,"pi_hm":561735},"_links":{"self":[{"href":"https:\/\/www.tomhemps.com\/fr\/wp-json\/wp\/v2\/product\/460247"}],"collection":[{"href":"https:\/\/www.tomhemps.com\/fr\/wp-json\/wp\/v2\/product"}],"about":[{"href":"https:\/\/www.tomhemps.com\/fr\/wp-json\/wp\/v2\/types\/product"}],"replies":[{"embeddable":true,"href":"https:\/\/www.tomhemps.com\/fr\/wp-json\/wp\/v2\/comments?post=460247"}],"wp:featuredmedia":[{"embeddable":true,"href":"https:\/\/www.tomhemps.com\/fr\/wp-json\/wp\/v2\/media\/465980"}],"wp:attachment":[{"href":"https:\/\/www.tomhemps.com\/fr\/wp-json\/wp\/v2\/media?parent=460247"}],"wp:term":[{"taxonomy":"product_cat","embeddable":true,"href":"https:\/\/www.tomhemps.com\/fr\/wp-json\/wp\/v2\/product_cat?post=460247"},{"taxonomy":"product_tag","embeddable":true,"href":"https:\/\/www.tomhemps.com\/fr\/wp-json\/wp\/v2\/product_tag?post=460247"}],"curies":[{"name":"wp","href":"https:\/\/api.w.org\/{rel}","templated":true}]}}