{"id":476038,"date":"2021-10-25T13:31:00","date_gmt":"2021-10-25T11:31:01","guid":{"rendered":"https:\/\/www.tomhemps.com\/?post_type=product&#038;p=476038"},"modified":"2024-05-13T01:00:02","modified_gmt":"2024-05-12T23:00:02","slug":"the-soap-lavendel-bergamotte","status":"publish","type":"product","link":"https:\/\/www.tomhemps.com\/fr\/prf\/the-soap-lavendel-bergamotte\/","title":{"rendered":"The Soap Lavande-Bergamote"},"content":{"rendered":"","protected":false},"excerpt":{"rendered":"<p>The Soap Lavande Bergamote a tout pour donner non seulement \u00e0 votre peau, mais aussi \u00e0 votre esprit la d\u00e9tente qu&rsquo;ils m\u00e9ritent ! D\u00e8s que vous prenez le savon dans vos mains, le parfum fleuri, frais et fruit\u00e9 de la lavande et de la bergamote d\u00e9tend vos sens. La riche huile de graines de chanvre biologique, qui contient de pr\u00e9cieux acides gras om\u00e9ga-3 et om\u00e9ga-6, apporte \u00e0 votre peau l&rsquo;hydratation apaisante dont elle a besoin pour se calmer.<\/p>\n","protected":false},"featured_media":500332,"comment_status":"open","ping_status":"closed","template":"","meta":{"_acf_changed":false},"product_cat":[5007,990],"product_tag":[],"acf":[],"yoast_head":"<!-- This site is optimized with the Yoast SEO Premium plugin v22.8 (Yoast SEO v22.8) - https:\/\/yoast.com\/wordpress\/plugins\/seo\/ -->\n<title>The Soap Lavande-Bergamote<\/title>\n<meta name=\"description\" content=\"The Soap Lavande-Bergamote - Your CBD Shop | Your CBD Brand | born in Berlin\" \/>\n<meta name=\"robots\" content=\"index, follow, max-snippet:-1, max-image-preview:large, max-video-preview:-1\" \/>\n<link rel=\"canonical\" href=\"https:\/\/www.tomhemps.com\/fr\/prf\/the-soap-lavendel-bergamotte\/\" \/>\n<meta property=\"og:locale\" content=\"fr_FR\" \/>\n<meta property=\"og:type\" content=\"article\" \/>\n<meta property=\"og:title\" content=\"The Soap Lavande-Bergamote\" \/>\n<meta property=\"og:description\" content=\"The Soap Lavande-Bergamote - Your CBD Shop | Your CBD Brand | born in Berlin\" \/>\n<meta property=\"og:url\" content=\"https:\/\/www.tomhemps.com\/fr\/prf\/the-soap-lavendel-bergamotte\/\" \/>\n<meta property=\"og:site_name\" content=\"Your CBD Shop | Your CBD Brand | born in Berlin\" \/>\n<meta property=\"article:publisher\" content=\"https:\/\/www.facebook.com\/tomhempsberlin\/\" \/>\n<meta property=\"article:modified_time\" content=\"2024-05-12T23:00:02+00:00\" \/>\n<meta property=\"og:image\" content=\"https:\/\/www.tomhemps.com\/wp-content\/uploads\/2021\/10\/TH_Product_1440px_1620px_soap-purple-lavendel-box.png\" \/>\n\t<meta property=\"og:image:width\" content=\"1440\" \/>\n\t<meta property=\"og:image:height\" content=\"1620\" \/>\n\t<meta property=\"og:image:type\" content=\"image\/png\" \/>\n<meta name=\"twitter:card\" content=\"summary_large_image\" \/>\n<script type=\"application\/ld+json\" class=\"yoast-schema-graph\">{\"@context\":\"https:\/\/schema.org\",\"@graph\":[{\"@type\":\"WebPage\",\"@id\":\"https:\/\/www.tomhemps.com\/fr\/prf\/the-soap-lavendel-bergamotte\/\",\"url\":\"https:\/\/www.tomhemps.com\/fr\/prf\/the-soap-lavendel-bergamotte\/\",\"name\":\"The Soap Lavande-Bergamote\",\"isPartOf\":{\"@id\":\"https:\/\/www.tomhemps.com\/fr\/#website\"},\"primaryImageOfPage\":{\"@id\":\"https:\/\/www.tomhemps.com\/fr\/prf\/the-soap-lavendel-bergamotte\/#primaryimage\"},\"image\":{\"@id\":\"https:\/\/www.tomhemps.com\/fr\/prf\/the-soap-lavendel-bergamotte\/#primaryimage\"},\"thumbnailUrl\":\"https:\/\/www.tomhemps.com\/wp-content\/uploads\/2021\/10\/TH_Product_1440px_1620px_soap-purple-lavendel-box.png\",\"datePublished\":\"2021-10-25T11:31:01+00:00\",\"dateModified\":\"2024-05-12T23:00:02+00:00\",\"description\":\"The Soap Lavande-Bergamote - Your CBD Shop | Your CBD Brand | born in Berlin\",\"breadcrumb\":{\"@id\":\"https:\/\/www.tomhemps.com\/fr\/prf\/the-soap-lavendel-bergamotte\/#breadcrumb\"},\"inLanguage\":\"fr-FR\",\"potentialAction\":[{\"@type\":\"ReadAction\",\"target\":[\"https:\/\/www.tomhemps.com\/fr\/prf\/the-soap-lavendel-bergamotte\/\"]}]},{\"@type\":\"ImageObject\",\"inLanguage\":\"fr-FR\",\"@id\":\"https:\/\/www.tomhemps.com\/fr\/prf\/the-soap-lavendel-bergamotte\/#primaryimage\",\"url\":\"https:\/\/www.tomhemps.com\/wp-content\/uploads\/2021\/10\/TH_Product_1440px_1620px_soap-purple-lavendel-box.png\",\"contentUrl\":\"https:\/\/www.tomhemps.com\/wp-content\/uploads\/2021\/10\/TH_Product_1440px_1620px_soap-purple-lavendel-box.png\",\"width\":1440,\"height\":1620},{\"@type\":\"BreadcrumbList\",\"@id\":\"https:\/\/www.tomhemps.com\/fr\/prf\/the-soap-lavendel-bergamotte\/#breadcrumb\",\"itemListElement\":[{\"@type\":\"ListItem\",\"position\":1,\"name\":\"Startseite\",\"item\":\"https:\/\/www.tomhemps.com\/fr\/\"},{\"@type\":\"ListItem\",\"position\":2,\"name\":\"Shop\",\"item\":\"https:\/\/www.tomhemps.com\/fr\/shop\/\"},{\"@type\":\"ListItem\",\"position\":3,\"name\":\"The Soap Lavande-Bergamote\"}]},{\"@type\":\"WebSite\",\"@id\":\"https:\/\/www.tomhemps.com\/fr\/#website\",\"url\":\"https:\/\/www.tomhemps.com\/fr\/\",\"name\":\"Your CBD Shop | Your CBD Brand | born in Berlin\",\"description\":\"CBD Shop Berlin\",\"publisher\":{\"@id\":\"https:\/\/www.tomhemps.com\/fr\/#organization\"},\"potentialAction\":[{\"@type\":\"SearchAction\",\"target\":{\"@type\":\"EntryPoint\",\"urlTemplate\":\"https:\/\/www.tomhemps.com\/fr\/?s={search_term_string}\"},\"query-input\":\"required name=search_term_string\"}],\"inLanguage\":\"fr-FR\"},{\"@type\":\"Organization\",\"@id\":\"https:\/\/www.tomhemps.com\/fr\/#organization\",\"name\":\"Tom Hemp's CBD Shop\",\"alternateName\":\"Tom Hemp's Berlin\",\"url\":\"https:\/\/www.tomhemps.com\/fr\/\",\"logo\":{\"@type\":\"ImageObject\",\"inLanguage\":\"fr-FR\",\"@id\":\"https:\/\/www.tomhemps.com\/fr\/#\/schema\/logo\/image\/\",\"url\":\"https:\/\/www.tomhemps.com\/wp-content\/uploads\/2019\/04\/Logo-2019-e1581413011332.jpg\",\"contentUrl\":\"https:\/\/www.tomhemps.com\/wp-content\/uploads\/2019\/04\/Logo-2019-e1581413011332.jpg\",\"width\":460,\"height\":153,\"caption\":\"Tom Hemp's CBD Shop\"},\"image\":{\"@id\":\"https:\/\/www.tomhemps.com\/fr\/#\/schema\/logo\/image\/\"},\"sameAs\":[\"https:\/\/www.facebook.com\/tomhempsberlin\/\",\"https:\/\/www.instagram.com\/tomhemps_cbd\/\",\"https:\/\/www.youtube.com\/channel\/UCbGxDacLx_DRKyder_zVoNw\"]}]}<\/script>\n<!-- \/ Yoast SEO Premium plugin. -->","yoast_head_json":{"title":"The Soap Lavande-Bergamote","description":"The Soap Lavande-Bergamote - Your CBD Shop | Your CBD Brand | born in Berlin","robots":{"index":"index","follow":"follow","max-snippet":"max-snippet:-1","max-image-preview":"max-image-preview:large","max-video-preview":"max-video-preview:-1"},"canonical":"https:\/\/www.tomhemps.com\/fr\/prf\/the-soap-lavendel-bergamotte\/","og_locale":"fr_FR","og_type":"article","og_title":"The Soap Lavande-Bergamote","og_description":"The Soap Lavande-Bergamote - Your CBD Shop | Your CBD Brand | born in Berlin","og_url":"https:\/\/www.tomhemps.com\/fr\/prf\/the-soap-lavendel-bergamotte\/","og_site_name":"Your CBD Shop | Your CBD Brand | born in Berlin","article_publisher":"https:\/\/www.facebook.com\/tomhempsberlin\/","article_modified_time":"2024-05-12T23:00:02+00:00","og_image":[{"width":1440,"height":1620,"url":"https:\/\/www.tomhemps.com\/wp-content\/uploads\/2021\/10\/TH_Product_1440px_1620px_soap-purple-lavendel-box.png","type":"image\/png"}],"twitter_card":"summary_large_image","schema":{"@context":"https:\/\/schema.org","@graph":[{"@type":"WebPage","@id":"https:\/\/www.tomhemps.com\/fr\/prf\/the-soap-lavendel-bergamotte\/","url":"https:\/\/www.tomhemps.com\/fr\/prf\/the-soap-lavendel-bergamotte\/","name":"The Soap Lavande-Bergamote","isPartOf":{"@id":"https:\/\/www.tomhemps.com\/fr\/#website"},"primaryImageOfPage":{"@id":"https:\/\/www.tomhemps.com\/fr\/prf\/the-soap-lavendel-bergamotte\/#primaryimage"},"image":{"@id":"https:\/\/www.tomhemps.com\/fr\/prf\/the-soap-lavendel-bergamotte\/#primaryimage"},"thumbnailUrl":"https:\/\/www.tomhemps.com\/wp-content\/uploads\/2021\/10\/TH_Product_1440px_1620px_soap-purple-lavendel-box.png","datePublished":"2021-10-25T11:31:01+00:00","dateModified":"2024-05-12T23:00:02+00:00","description":"The Soap Lavande-Bergamote - Your CBD Shop | Your CBD Brand | born in Berlin","breadcrumb":{"@id":"https:\/\/www.tomhemps.com\/fr\/prf\/the-soap-lavendel-bergamotte\/#breadcrumb"},"inLanguage":"fr-FR","potentialAction":[{"@type":"ReadAction","target":["https:\/\/www.tomhemps.com\/fr\/prf\/the-soap-lavendel-bergamotte\/"]}]},{"@type":"ImageObject","inLanguage":"fr-FR","@id":"https:\/\/www.tomhemps.com\/fr\/prf\/the-soap-lavendel-bergamotte\/#primaryimage","url":"https:\/\/www.tomhemps.com\/wp-content\/uploads\/2021\/10\/TH_Product_1440px_1620px_soap-purple-lavendel-box.png","contentUrl":"https:\/\/www.tomhemps.com\/wp-content\/uploads\/2021\/10\/TH_Product_1440px_1620px_soap-purple-lavendel-box.png","width":1440,"height":1620},{"@type":"BreadcrumbList","@id":"https:\/\/www.tomhemps.com\/fr\/prf\/the-soap-lavendel-bergamotte\/#breadcrumb","itemListElement":[{"@type":"ListItem","position":1,"name":"Startseite","item":"https:\/\/www.tomhemps.com\/fr\/"},{"@type":"ListItem","position":2,"name":"Shop","item":"https:\/\/www.tomhemps.com\/fr\/shop\/"},{"@type":"ListItem","position":3,"name":"The Soap Lavande-Bergamote"}]},{"@type":"WebSite","@id":"https:\/\/www.tomhemps.com\/fr\/#website","url":"https:\/\/www.tomhemps.com\/fr\/","name":"Your CBD Shop | Your CBD Brand | born in Berlin","description":"CBD Shop Berlin","publisher":{"@id":"https:\/\/www.tomhemps.com\/fr\/#organization"},"potentialAction":[{"@type":"SearchAction","target":{"@type":"EntryPoint","urlTemplate":"https:\/\/www.tomhemps.com\/fr\/?s={search_term_string}"},"query-input":"required name=search_term_string"}],"inLanguage":"fr-FR"},{"@type":"Organization","@id":"https:\/\/www.tomhemps.com\/fr\/#organization","name":"Tom Hemp's CBD Shop","alternateName":"Tom Hemp's Berlin","url":"https:\/\/www.tomhemps.com\/fr\/","logo":{"@type":"ImageObject","inLanguage":"fr-FR","@id":"https:\/\/www.tomhemps.com\/fr\/#\/schema\/logo\/image\/","url":"https:\/\/www.tomhemps.com\/wp-content\/uploads\/2019\/04\/Logo-2019-e1581413011332.jpg","contentUrl":"https:\/\/www.tomhemps.com\/wp-content\/uploads\/2019\/04\/Logo-2019-e1581413011332.jpg","width":460,"height":153,"caption":"Tom Hemp's CBD Shop"},"image":{"@id":"https:\/\/www.tomhemps.com\/fr\/#\/schema\/logo\/image\/"},"sameAs":["https:\/\/www.facebook.com\/tomhempsberlin\/","https:\/\/www.instagram.com\/tomhemps_cbd\/","https:\/\/www.youtube.com\/channel\/UCbGxDacLx_DRKyder_zVoNw"]}]}},"fields":{"pi_t":false,"pi_tot":"Qu'y a-t-il \u00e0 l'int\u00e9rieur ?","pi_to":"<p>Ingr\u00e9dients Lavande Bergamote: Olea Europaea Fruit Oil, Aqua, Sodium Hydroxide, Brassica Campestris Seed Oil, Cannabis Sativa Seed Oil, Butyrospermum Parkii Butter, Lavandula Hybrida Oil, Maltodextrin, Lavandula Angustifolia Flower, Linalool, Beta Vulgaris Root Extract, Limonene, Citric Acid<\/p>\n<p>Contenu: 140g (5,64\u20ac\/100g)<\/p>\n","pi_tst":"Usage","pi_ts":"<p><span id=\"m_-5545042891066235463gmail-p25\">Pour tirer le plus grand b\u00e9n\u00e9fice de notre savon, il suffit de le masser doucement sur votre peau avec une petite quantit\u00e9 d&rsquo;eau.<\/span><span id=\"m_-5545042891066235463gmail-p26\">\u00a0Apr\u00e8s quelques minutes, rincez-le et profiter de cette merveilleuse sensation.<\/span><span id=\"m_-5545042891066235463gmail-p27\">\u00a0Afin d&rsquo;obtenir un\u00a0<span id=\"m_-5545042891066235463gmail-29\">effet optimal<\/span>,\u00a0utilisez-le r\u00e9guli\u00e8rement pendant plusieurs semaines.<\/span><\/p>\n","pi_hd":false,"pi_hm":false,"smoking_product":false,"pi_dd":500344},"_links":{"self":[{"href":"https:\/\/www.tomhemps.com\/fr\/wp-json\/wp\/v2\/product\/476038"}],"collection":[{"href":"https:\/\/www.tomhemps.com\/fr\/wp-json\/wp\/v2\/product"}],"about":[{"href":"https:\/\/www.tomhemps.com\/fr\/wp-json\/wp\/v2\/types\/product"}],"replies":[{"embeddable":true,"href":"https:\/\/www.tomhemps.com\/fr\/wp-json\/wp\/v2\/comments?post=476038"}],"wp:featuredmedia":[{"embeddable":true,"href":"https:\/\/www.tomhemps.com\/fr\/wp-json\/wp\/v2\/media\/500332"}],"wp:attachment":[{"href":"https:\/\/www.tomhemps.com\/fr\/wp-json\/wp\/v2\/media?parent=476038"}],"wp:term":[{"taxonomy":"product_cat","embeddable":true,"href":"https:\/\/www.tomhemps.com\/fr\/wp-json\/wp\/v2\/product_cat?post=476038"},{"taxonomy":"product_tag","embeddable":true,"href":"https:\/\/www.tomhemps.com\/fr\/wp-json\/wp\/v2\/product_tag?post=476038"}],"curies":[{"name":"wp","href":"https:\/\/api.w.org\/{rel}","templated":true}]}}