{"id":541654,"date":"2021-11-17T12:42:27","date_gmt":"2022-11-17T11:42:27","guid":{"rendered":"https:\/\/www.tomhemps.com\/product\/deep-dream-cannabis-kerze\/"},"modified":"2024-07-22T00:00:04","modified_gmt":"2024-07-21T22:00:04","slug":"deep-dream-bougie-au-cannabis","status":"publish","type":"product","link":"https:\/\/www.tomhemps.com\/fr\/prf\/deep-dream-bougie-au-cannabis\/","title":{"rendered":"DEEP DREAM Bougie au Cannabis"},"content":{"rendered":"","protected":false},"excerpt":{"rendered":"<p>Qu&rsquo;il s&rsquo;agisse d&rsquo;un \u00abwake and bake\u00bb ou d&rsquo;une collation de minuit, la bougie parfum\u00e9e Deep Dream impr\u00e8gne tout d&rsquo;un parfum verdoyant. Moul\u00e9e en cire de colza durable et aromatis\u00e9e aux terp\u00e8nes purs de la souche de cannabis Chocolate Cake. Extrait sans solvant, v\u00e9g\u00e9talien et 100 % naturel. D\u00e9velopp\u00e9 par Tom Hemp&rsquo;s et moul\u00e9 \u00e0 la main dans la manufacture de bougies UpCandle \u00e0 Berlin.<\/p>\n","protected":false},"featured_media":541638,"comment_status":"open","ping_status":"closed","template":"","meta":{"_acf_changed":false},"product_cat":[5007,989],"product_tag":[],"acf":[],"yoast_head":"<!-- This site is optimized with the Yoast SEO Premium plugin v22.8 (Yoast SEO v22.8) - https:\/\/yoast.com\/wordpress\/plugins\/seo\/ -->\n<title>DEEP DREAM Bougie au Cannabis<\/title>\n<meta name=\"description\" content=\"DEEP DREAM Bougie au Cannabis - Your CBD Shop | Your CBD Brand | born in Berlin\" \/>\n<meta name=\"robots\" content=\"index, follow, max-snippet:-1, max-image-preview:large, max-video-preview:-1\" \/>\n<link rel=\"canonical\" href=\"https:\/\/www.tomhemps.com\/fr\/prf\/deep-dream-bougie-au-cannabis\/\" \/>\n<meta property=\"og:locale\" content=\"fr_FR\" \/>\n<meta property=\"og:type\" content=\"article\" \/>\n<meta property=\"og:title\" content=\"DEEP DREAM Bougie au Cannabis\" \/>\n<meta property=\"og:description\" content=\"DEEP DREAM Bougie au Cannabis - Your CBD Shop | Your CBD Brand | born in Berlin\" \/>\n<meta property=\"og:url\" content=\"https:\/\/www.tomhemps.com\/fr\/prf\/deep-dream-bougie-au-cannabis\/\" \/>\n<meta property=\"og:site_name\" content=\"Your CBD Shop | Your CBD Brand | born in Berlin\" \/>\n<meta property=\"article:publisher\" content=\"https:\/\/www.facebook.com\/tomhempsberlin\/\" \/>\n<meta property=\"article:modified_time\" content=\"2024-07-21T22:00:04+00:00\" \/>\n<meta property=\"og:image\" content=\"https:\/\/www.tomhemps.com\/wp-content\/uploads\/2022\/11\/TH-products-webshop-product-deep-dream-candle-product-box-.png\" \/>\n\t<meta property=\"og:image:width\" content=\"680\" \/>\n\t<meta property=\"og:image:height\" content=\"850\" \/>\n\t<meta property=\"og:image:type\" content=\"image\/png\" \/>\n<meta name=\"twitter:card\" content=\"summary_large_image\" \/>\n<script type=\"application\/ld+json\" class=\"yoast-schema-graph\">{\"@context\":\"https:\/\/schema.org\",\"@graph\":[{\"@type\":\"WebPage\",\"@id\":\"https:\/\/www.tomhemps.com\/fr\/prf\/deep-dream-bougie-au-cannabis\/\",\"url\":\"https:\/\/www.tomhemps.com\/fr\/prf\/deep-dream-bougie-au-cannabis\/\",\"name\":\"DEEP DREAM Bougie au Cannabis\",\"isPartOf\":{\"@id\":\"https:\/\/www.tomhemps.com\/fr\/#website\"},\"primaryImageOfPage\":{\"@id\":\"https:\/\/www.tomhemps.com\/fr\/prf\/deep-dream-bougie-au-cannabis\/#primaryimage\"},\"image\":{\"@id\":\"https:\/\/www.tomhemps.com\/fr\/prf\/deep-dream-bougie-au-cannabis\/#primaryimage\"},\"thumbnailUrl\":\"https:\/\/www.tomhemps.com\/wp-content\/uploads\/2022\/11\/TH-products-webshop-product-deep-dream-candle-product-box-.png\",\"datePublished\":\"2022-11-17T11:42:27+00:00\",\"dateModified\":\"2024-07-21T22:00:04+00:00\",\"description\":\"DEEP DREAM Bougie au Cannabis - Your CBD Shop | Your CBD Brand | born in Berlin\",\"breadcrumb\":{\"@id\":\"https:\/\/www.tomhemps.com\/fr\/prf\/deep-dream-bougie-au-cannabis\/#breadcrumb\"},\"inLanguage\":\"fr-FR\",\"potentialAction\":[{\"@type\":\"ReadAction\",\"target\":[\"https:\/\/www.tomhemps.com\/fr\/prf\/deep-dream-bougie-au-cannabis\/\"]}]},{\"@type\":\"ImageObject\",\"inLanguage\":\"fr-FR\",\"@id\":\"https:\/\/www.tomhemps.com\/fr\/prf\/deep-dream-bougie-au-cannabis\/#primaryimage\",\"url\":\"https:\/\/www.tomhemps.com\/wp-content\/uploads\/2022\/11\/TH-products-webshop-product-deep-dream-candle-product-box-.png\",\"contentUrl\":\"https:\/\/www.tomhemps.com\/wp-content\/uploads\/2022\/11\/TH-products-webshop-product-deep-dream-candle-product-box-.png\",\"width\":680,\"height\":850,\"caption\":\"Deep Dream Candle Product Box\"},{\"@type\":\"BreadcrumbList\",\"@id\":\"https:\/\/www.tomhemps.com\/fr\/prf\/deep-dream-bougie-au-cannabis\/#breadcrumb\",\"itemListElement\":[{\"@type\":\"ListItem\",\"position\":1,\"name\":\"Startseite\",\"item\":\"https:\/\/www.tomhemps.com\/fr\/\"},{\"@type\":\"ListItem\",\"position\":2,\"name\":\"Shop\",\"item\":\"https:\/\/www.tomhemps.com\/fr\/shop\/\"},{\"@type\":\"ListItem\",\"position\":3,\"name\":\"DEEP DREAM Bougie au Cannabis\"}]},{\"@type\":\"WebSite\",\"@id\":\"https:\/\/www.tomhemps.com\/fr\/#website\",\"url\":\"https:\/\/www.tomhemps.com\/fr\/\",\"name\":\"Your CBD Shop | Your CBD Brand | born in Berlin\",\"description\":\"CBD Shop Berlin\",\"publisher\":{\"@id\":\"https:\/\/www.tomhemps.com\/fr\/#organization\"},\"potentialAction\":[{\"@type\":\"SearchAction\",\"target\":{\"@type\":\"EntryPoint\",\"urlTemplate\":\"https:\/\/www.tomhemps.com\/fr\/?s={search_term_string}\"},\"query-input\":\"required name=search_term_string\"}],\"inLanguage\":\"fr-FR\"},{\"@type\":\"Organization\",\"@id\":\"https:\/\/www.tomhemps.com\/fr\/#organization\",\"name\":\"Tom Hemp's CBD Shop\",\"alternateName\":\"Tom Hemp's Berlin\",\"url\":\"https:\/\/www.tomhemps.com\/fr\/\",\"logo\":{\"@type\":\"ImageObject\",\"inLanguage\":\"fr-FR\",\"@id\":\"https:\/\/www.tomhemps.com\/fr\/#\/schema\/logo\/image\/\",\"url\":\"https:\/\/www.tomhemps.com\/wp-content\/uploads\/2019\/04\/Logo-2019-e1581413011332.jpg\",\"contentUrl\":\"https:\/\/www.tomhemps.com\/wp-content\/uploads\/2019\/04\/Logo-2019-e1581413011332.jpg\",\"width\":460,\"height\":153,\"caption\":\"Tom Hemp's CBD Shop\"},\"image\":{\"@id\":\"https:\/\/www.tomhemps.com\/fr\/#\/schema\/logo\/image\/\"},\"sameAs\":[\"https:\/\/www.facebook.com\/tomhempsberlin\/\",\"https:\/\/www.instagram.com\/tomhemps_cbd\/\",\"https:\/\/www.youtube.com\/channel\/UCbGxDacLx_DRKyder_zVoNw\"]}]}<\/script>\n<!-- \/ Yoast SEO Premium plugin. -->","yoast_head_json":{"title":"DEEP DREAM Bougie au Cannabis","description":"DEEP DREAM Bougie au Cannabis - Your CBD Shop | Your CBD Brand | born in Berlin","robots":{"index":"index","follow":"follow","max-snippet":"max-snippet:-1","max-image-preview":"max-image-preview:large","max-video-preview":"max-video-preview:-1"},"canonical":"https:\/\/www.tomhemps.com\/fr\/prf\/deep-dream-bougie-au-cannabis\/","og_locale":"fr_FR","og_type":"article","og_title":"DEEP DREAM Bougie au Cannabis","og_description":"DEEP DREAM Bougie au Cannabis - Your CBD Shop | Your CBD Brand | born in Berlin","og_url":"https:\/\/www.tomhemps.com\/fr\/prf\/deep-dream-bougie-au-cannabis\/","og_site_name":"Your CBD Shop | Your CBD Brand | born in Berlin","article_publisher":"https:\/\/www.facebook.com\/tomhempsberlin\/","article_modified_time":"2024-07-21T22:00:04+00:00","og_image":[{"width":680,"height":850,"url":"https:\/\/www.tomhemps.com\/wp-content\/uploads\/2022\/11\/TH-products-webshop-product-deep-dream-candle-product-box-.png","type":"image\/png"}],"twitter_card":"summary_large_image","schema":{"@context":"https:\/\/schema.org","@graph":[{"@type":"WebPage","@id":"https:\/\/www.tomhemps.com\/fr\/prf\/deep-dream-bougie-au-cannabis\/","url":"https:\/\/www.tomhemps.com\/fr\/prf\/deep-dream-bougie-au-cannabis\/","name":"DEEP DREAM Bougie au Cannabis","isPartOf":{"@id":"https:\/\/www.tomhemps.com\/fr\/#website"},"primaryImageOfPage":{"@id":"https:\/\/www.tomhemps.com\/fr\/prf\/deep-dream-bougie-au-cannabis\/#primaryimage"},"image":{"@id":"https:\/\/www.tomhemps.com\/fr\/prf\/deep-dream-bougie-au-cannabis\/#primaryimage"},"thumbnailUrl":"https:\/\/www.tomhemps.com\/wp-content\/uploads\/2022\/11\/TH-products-webshop-product-deep-dream-candle-product-box-.png","datePublished":"2022-11-17T11:42:27+00:00","dateModified":"2024-07-21T22:00:04+00:00","description":"DEEP DREAM Bougie au Cannabis - Your CBD Shop | Your CBD Brand | born in Berlin","breadcrumb":{"@id":"https:\/\/www.tomhemps.com\/fr\/prf\/deep-dream-bougie-au-cannabis\/#breadcrumb"},"inLanguage":"fr-FR","potentialAction":[{"@type":"ReadAction","target":["https:\/\/www.tomhemps.com\/fr\/prf\/deep-dream-bougie-au-cannabis\/"]}]},{"@type":"ImageObject","inLanguage":"fr-FR","@id":"https:\/\/www.tomhemps.com\/fr\/prf\/deep-dream-bougie-au-cannabis\/#primaryimage","url":"https:\/\/www.tomhemps.com\/wp-content\/uploads\/2022\/11\/TH-products-webshop-product-deep-dream-candle-product-box-.png","contentUrl":"https:\/\/www.tomhemps.com\/wp-content\/uploads\/2022\/11\/TH-products-webshop-product-deep-dream-candle-product-box-.png","width":680,"height":850,"caption":"Deep Dream Candle Product Box"},{"@type":"BreadcrumbList","@id":"https:\/\/www.tomhemps.com\/fr\/prf\/deep-dream-bougie-au-cannabis\/#breadcrumb","itemListElement":[{"@type":"ListItem","position":1,"name":"Startseite","item":"https:\/\/www.tomhemps.com\/fr\/"},{"@type":"ListItem","position":2,"name":"Shop","item":"https:\/\/www.tomhemps.com\/fr\/shop\/"},{"@type":"ListItem","position":3,"name":"DEEP DREAM Bougie au Cannabis"}]},{"@type":"WebSite","@id":"https:\/\/www.tomhemps.com\/fr\/#website","url":"https:\/\/www.tomhemps.com\/fr\/","name":"Your CBD Shop | Your CBD Brand | born in Berlin","description":"CBD Shop Berlin","publisher":{"@id":"https:\/\/www.tomhemps.com\/fr\/#organization"},"potentialAction":[{"@type":"SearchAction","target":{"@type":"EntryPoint","urlTemplate":"https:\/\/www.tomhemps.com\/fr\/?s={search_term_string}"},"query-input":"required name=search_term_string"}],"inLanguage":"fr-FR"},{"@type":"Organization","@id":"https:\/\/www.tomhemps.com\/fr\/#organization","name":"Tom Hemp's CBD Shop","alternateName":"Tom Hemp's Berlin","url":"https:\/\/www.tomhemps.com\/fr\/","logo":{"@type":"ImageObject","inLanguage":"fr-FR","@id":"https:\/\/www.tomhemps.com\/fr\/#\/schema\/logo\/image\/","url":"https:\/\/www.tomhemps.com\/wp-content\/uploads\/2019\/04\/Logo-2019-e1581413011332.jpg","contentUrl":"https:\/\/www.tomhemps.com\/wp-content\/uploads\/2019\/04\/Logo-2019-e1581413011332.jpg","width":460,"height":153,"caption":"Tom Hemp's CBD Shop"},"image":{"@id":"https:\/\/www.tomhemps.com\/fr\/#\/schema\/logo\/image\/"},"sameAs":["https:\/\/www.facebook.com\/tomhempsberlin\/","https:\/\/www.instagram.com\/tomhemps_cbd\/","https:\/\/www.youtube.com\/channel\/UCbGxDacLx_DRKyder_zVoNw"]}]}},"fields":{"smoking_product":false,"pi_dd":false,"pi_tot":"AROMA","pi_to":"<p>Des terp\u00e8nes purement naturels, extraits de la souche de cannabis Chocolate Cake, conf\u00e8rent \u00e0 cette bougie son doux parfum : chocolat l\u00e9ger, for\u00eat de pins chaude, cr\u00e8me fra\u00eeche, poivre noir, miel, eucalyptus et un soup\u00e7on de chai sugg\u00e8rent des quantit\u00e9s massives de b\u00eata-caryophyll\u00e8nes, d&rsquo;alpha et de b\u00eata-pin\u00e8nes et de terpin\u00e9ols. Le m\u00e9lange parfait pour une d\u00e9tente profonde et des pieds sur\u00e9lev\u00e9s.<\/p>\n","pi_tst":"Qu'y a-t-il \u00e0 l'int\u00e9rieur ?","pi_ts":"<p>90% terp\u00e8nes de cannabis Chocolate Cake by Eybna Technologies, 10% huile de c\u00e9rium. <\/p>\n<p>Contenu : 180 grammes<br \/>\nDur\u00e9e de combustion : env. 40h<br \/>\nDur\u00e9e de combustion recommand\u00e9e : env. 2-3h<br \/>\nM\u00e8che en coton : lumi\u00e8re claire, la m\u00e8che doit \u00eatre r\u00e9guli\u00e8rement raccourcie \u00e0 5 mm. <\/p>\n<p>Sans huile de palme, sans OGM, v\u00e9g\u00e9talien<\/p>\n","pi_t":541632,"pi_hd":591800,"pi_hm":591800},"_links":{"self":[{"href":"https:\/\/www.tomhemps.com\/fr\/wp-json\/wp\/v2\/product\/541654"}],"collection":[{"href":"https:\/\/www.tomhemps.com\/fr\/wp-json\/wp\/v2\/product"}],"about":[{"href":"https:\/\/www.tomhemps.com\/fr\/wp-json\/wp\/v2\/types\/product"}],"replies":[{"embeddable":true,"href":"https:\/\/www.tomhemps.com\/fr\/wp-json\/wp\/v2\/comments?post=541654"}],"wp:featuredmedia":[{"embeddable":true,"href":"https:\/\/www.tomhemps.com\/fr\/wp-json\/wp\/v2\/media\/541638"}],"wp:attachment":[{"href":"https:\/\/www.tomhemps.com\/fr\/wp-json\/wp\/v2\/media?parent=541654"}],"wp:term":[{"taxonomy":"product_cat","embeddable":true,"href":"https:\/\/www.tomhemps.com\/fr\/wp-json\/wp\/v2\/product_cat?post=541654"},{"taxonomy":"product_tag","embeddable":true,"href":"https:\/\/www.tomhemps.com\/fr\/wp-json\/wp\/v2\/product_tag?post=541654"}],"curies":[{"name":"wp","href":"https:\/\/api.w.org\/{rel}","templated":true}]}}