{"id":555180,"date":"2023-02-14T10:41:37","date_gmt":"2023-02-14T09:41:37","guid":{"rendered":"https:\/\/www.tomhemps.com\/product\/ccell-510-battery-pen\/"},"modified":"2023-02-20T17:29:55","modified_gmt":"2023-02-20T16:29:55","slug":"ccell-510-battery-pen","status":"publish","type":"product","link":"https:\/\/www.tomhemps.com\/fr\/prf\/ccell-510-battery-pen\/","title":{"rendered":"CCELL 510 Battery Pen"},"content":{"rendered":"","protected":false},"excerpt":{"rendered":"<p>Le vaporisateur \u00e0 batterie CCELL 510 est un stylo \u00e0 batterie puissant et fiable qui est con\u00e7u pour vous fournir une exp\u00e9rience de vapotage constante et agr\u00e9able. Ce vape \u00e0 batterie 510 est \u00e9quip\u00e9 de trois r\u00e9glages de tension ajustables, vous permettant de personnaliser votre exp\u00e9rience de vapotage selon vos pr\u00e9f\u00e9rences. Il pr\u00e9sente un design \u00e9l\u00e9gant et discret qui est parfait pour le vapotage en d\u00e9placement. Le stylo est \u00e9quip\u00e9 d&rsquo;une batterie longue dur\u00e9e et est compatible avec la plupart des cartouches \u00e0 filetage 510. Avec ses performances fiables et son design pratique, le stylo \u00e0 batterie CCELL 510 est le choix id\u00e9al pour tout amateur de vapotage !<\/p>\n","protected":false},"featured_media":555160,"comment_status":"open","ping_status":"closed","template":"","meta":{"_acf_changed":false},"product_cat":[5007,990,977],"product_tag":[],"acf":[],"yoast_head":"<!-- This site is optimized with the Yoast SEO Premium plugin v22.8 (Yoast SEO v22.8) - https:\/\/yoast.com\/wordpress\/plugins\/seo\/ -->\n<title>CCELL 510 Battery Pen<\/title>\n<meta name=\"description\" content=\"CCELL 510 Battery Pen - Your CBD Shop | Your CBD Brand | born in Berlin\" \/>\n<meta name=\"robots\" content=\"index, follow, max-snippet:-1, max-image-preview:large, max-video-preview:-1\" \/>\n<link rel=\"canonical\" href=\"https:\/\/www.tomhemps.com\/fr\/prf\/ccell-510-battery-pen\/\" \/>\n<meta property=\"og:locale\" content=\"fr_FR\" \/>\n<meta property=\"og:type\" content=\"article\" \/>\n<meta property=\"og:title\" content=\"CCELL 510 Battery Pen\" \/>\n<meta property=\"og:description\" content=\"CCELL 510 Battery Pen - Your CBD Shop | Your CBD Brand | born in Berlin\" \/>\n<meta property=\"og:url\" content=\"https:\/\/www.tomhemps.com\/fr\/prf\/ccell-510-battery-pen\/\" \/>\n<meta property=\"og:site_name\" content=\"Your CBD Shop | Your CBD Brand | born in Berlin\" \/>\n<meta property=\"article:publisher\" content=\"https:\/\/www.facebook.com\/tomhempsberlin\/\" \/>\n<meta property=\"article:modified_time\" content=\"2023-02-20T16:29:55+00:00\" \/>\n<meta property=\"og:image\" content=\"https:\/\/www.tomhemps.com\/wp-content\/uploads\/2023\/02\/TH-products-680x850-slimpen-package.png\" \/>\n\t<meta property=\"og:image:width\" content=\"680\" \/>\n\t<meta property=\"og:image:height\" content=\"850\" \/>\n\t<meta property=\"og:image:type\" content=\"image\/png\" \/>\n<meta name=\"twitter:card\" content=\"summary_large_image\" \/>\n<script type=\"application\/ld+json\" class=\"yoast-schema-graph\">{\"@context\":\"https:\/\/schema.org\",\"@graph\":[{\"@type\":\"WebPage\",\"@id\":\"https:\/\/www.tomhemps.com\/fr\/prf\/ccell-510-battery-pen\/\",\"url\":\"https:\/\/www.tomhemps.com\/fr\/prf\/ccell-510-battery-pen\/\",\"name\":\"CCELL 510 Battery Pen\",\"isPartOf\":{\"@id\":\"https:\/\/www.tomhemps.com\/fr\/#website\"},\"primaryImageOfPage\":{\"@id\":\"https:\/\/www.tomhemps.com\/fr\/prf\/ccell-510-battery-pen\/#primaryimage\"},\"image\":{\"@id\":\"https:\/\/www.tomhemps.com\/fr\/prf\/ccell-510-battery-pen\/#primaryimage\"},\"thumbnailUrl\":\"https:\/\/www.tomhemps.com\/wp-content\/uploads\/2023\/02\/TH-products-680x850-slimpen-package.png\",\"datePublished\":\"2023-02-14T09:41:37+00:00\",\"dateModified\":\"2023-02-20T16:29:55+00:00\",\"description\":\"CCELL 510 Battery Pen - Your CBD Shop | Your CBD Brand | born in Berlin\",\"breadcrumb\":{\"@id\":\"https:\/\/www.tomhemps.com\/fr\/prf\/ccell-510-battery-pen\/#breadcrumb\"},\"inLanguage\":\"fr-FR\",\"potentialAction\":[{\"@type\":\"ReadAction\",\"target\":[\"https:\/\/www.tomhemps.com\/fr\/prf\/ccell-510-battery-pen\/\"]}]},{\"@type\":\"ImageObject\",\"inLanguage\":\"fr-FR\",\"@id\":\"https:\/\/www.tomhemps.com\/fr\/prf\/ccell-510-battery-pen\/#primaryimage\",\"url\":\"https:\/\/www.tomhemps.com\/wp-content\/uploads\/2023\/02\/TH-products-680x850-slimpen-package.png\",\"contentUrl\":\"https:\/\/www.tomhemps.com\/wp-content\/uploads\/2023\/02\/TH-products-680x850-slimpen-package.png\",\"width\":680,\"height\":850},{\"@type\":\"BreadcrumbList\",\"@id\":\"https:\/\/www.tomhemps.com\/fr\/prf\/ccell-510-battery-pen\/#breadcrumb\",\"itemListElement\":[{\"@type\":\"ListItem\",\"position\":1,\"name\":\"Startseite\",\"item\":\"https:\/\/www.tomhemps.com\/fr\/\"},{\"@type\":\"ListItem\",\"position\":2,\"name\":\"Shop\",\"item\":\"https:\/\/www.tomhemps.com\/fr\/shop\/\"},{\"@type\":\"ListItem\",\"position\":3,\"name\":\"CCELL 510 Battery Pen\"}]},{\"@type\":\"WebSite\",\"@id\":\"https:\/\/www.tomhemps.com\/fr\/#website\",\"url\":\"https:\/\/www.tomhemps.com\/fr\/\",\"name\":\"Your CBD Shop | Your CBD Brand | born in Berlin\",\"description\":\"CBD Shop Berlin\",\"publisher\":{\"@id\":\"https:\/\/www.tomhemps.com\/fr\/#organization\"},\"potentialAction\":[{\"@type\":\"SearchAction\",\"target\":{\"@type\":\"EntryPoint\",\"urlTemplate\":\"https:\/\/www.tomhemps.com\/fr\/?s={search_term_string}\"},\"query-input\":\"required name=search_term_string\"}],\"inLanguage\":\"fr-FR\"},{\"@type\":\"Organization\",\"@id\":\"https:\/\/www.tomhemps.com\/fr\/#organization\",\"name\":\"Tom Hemp's CBD Shop\",\"alternateName\":\"Tom Hemp's Berlin\",\"url\":\"https:\/\/www.tomhemps.com\/fr\/\",\"logo\":{\"@type\":\"ImageObject\",\"inLanguage\":\"fr-FR\",\"@id\":\"https:\/\/www.tomhemps.com\/fr\/#\/schema\/logo\/image\/\",\"url\":\"https:\/\/www.tomhemps.com\/wp-content\/uploads\/2019\/04\/Logo-2019-e1581413011332.jpg\",\"contentUrl\":\"https:\/\/www.tomhemps.com\/wp-content\/uploads\/2019\/04\/Logo-2019-e1581413011332.jpg\",\"width\":460,\"height\":153,\"caption\":\"Tom Hemp's CBD Shop\"},\"image\":{\"@id\":\"https:\/\/www.tomhemps.com\/fr\/#\/schema\/logo\/image\/\"},\"sameAs\":[\"https:\/\/www.facebook.com\/tomhempsberlin\/\",\"https:\/\/www.instagram.com\/tomhemps_cbd\/\",\"https:\/\/www.youtube.com\/channel\/UCbGxDacLx_DRKyder_zVoNw\"]}]}<\/script>\n<!-- \/ Yoast SEO Premium plugin. -->","yoast_head_json":{"title":"CCELL 510 Battery Pen","description":"CCELL 510 Battery Pen - Your CBD Shop | Your CBD Brand | born in Berlin","robots":{"index":"index","follow":"follow","max-snippet":"max-snippet:-1","max-image-preview":"max-image-preview:large","max-video-preview":"max-video-preview:-1"},"canonical":"https:\/\/www.tomhemps.com\/fr\/prf\/ccell-510-battery-pen\/","og_locale":"fr_FR","og_type":"article","og_title":"CCELL 510 Battery Pen","og_description":"CCELL 510 Battery Pen - Your CBD Shop | Your CBD Brand | born in Berlin","og_url":"https:\/\/www.tomhemps.com\/fr\/prf\/ccell-510-battery-pen\/","og_site_name":"Your CBD Shop | Your CBD Brand | born in Berlin","article_publisher":"https:\/\/www.facebook.com\/tomhempsberlin\/","article_modified_time":"2023-02-20T16:29:55+00:00","og_image":[{"width":680,"height":850,"url":"https:\/\/www.tomhemps.com\/wp-content\/uploads\/2023\/02\/TH-products-680x850-slimpen-package.png","type":"image\/png"}],"twitter_card":"summary_large_image","schema":{"@context":"https:\/\/schema.org","@graph":[{"@type":"WebPage","@id":"https:\/\/www.tomhemps.com\/fr\/prf\/ccell-510-battery-pen\/","url":"https:\/\/www.tomhemps.com\/fr\/prf\/ccell-510-battery-pen\/","name":"CCELL 510 Battery Pen","isPartOf":{"@id":"https:\/\/www.tomhemps.com\/fr\/#website"},"primaryImageOfPage":{"@id":"https:\/\/www.tomhemps.com\/fr\/prf\/ccell-510-battery-pen\/#primaryimage"},"image":{"@id":"https:\/\/www.tomhemps.com\/fr\/prf\/ccell-510-battery-pen\/#primaryimage"},"thumbnailUrl":"https:\/\/www.tomhemps.com\/wp-content\/uploads\/2023\/02\/TH-products-680x850-slimpen-package.png","datePublished":"2023-02-14T09:41:37+00:00","dateModified":"2023-02-20T16:29:55+00:00","description":"CCELL 510 Battery Pen - Your CBD Shop | Your CBD Brand | born in Berlin","breadcrumb":{"@id":"https:\/\/www.tomhemps.com\/fr\/prf\/ccell-510-battery-pen\/#breadcrumb"},"inLanguage":"fr-FR","potentialAction":[{"@type":"ReadAction","target":["https:\/\/www.tomhemps.com\/fr\/prf\/ccell-510-battery-pen\/"]}]},{"@type":"ImageObject","inLanguage":"fr-FR","@id":"https:\/\/www.tomhemps.com\/fr\/prf\/ccell-510-battery-pen\/#primaryimage","url":"https:\/\/www.tomhemps.com\/wp-content\/uploads\/2023\/02\/TH-products-680x850-slimpen-package.png","contentUrl":"https:\/\/www.tomhemps.com\/wp-content\/uploads\/2023\/02\/TH-products-680x850-slimpen-package.png","width":680,"height":850},{"@type":"BreadcrumbList","@id":"https:\/\/www.tomhemps.com\/fr\/prf\/ccell-510-battery-pen\/#breadcrumb","itemListElement":[{"@type":"ListItem","position":1,"name":"Startseite","item":"https:\/\/www.tomhemps.com\/fr\/"},{"@type":"ListItem","position":2,"name":"Shop","item":"https:\/\/www.tomhemps.com\/fr\/shop\/"},{"@type":"ListItem","position":3,"name":"CCELL 510 Battery Pen"}]},{"@type":"WebSite","@id":"https:\/\/www.tomhemps.com\/fr\/#website","url":"https:\/\/www.tomhemps.com\/fr\/","name":"Your CBD Shop | Your CBD Brand | born in Berlin","description":"CBD Shop Berlin","publisher":{"@id":"https:\/\/www.tomhemps.com\/fr\/#organization"},"potentialAction":[{"@type":"SearchAction","target":{"@type":"EntryPoint","urlTemplate":"https:\/\/www.tomhemps.com\/fr\/?s={search_term_string}"},"query-input":"required name=search_term_string"}],"inLanguage":"fr-FR"},{"@type":"Organization","@id":"https:\/\/www.tomhemps.com\/fr\/#organization","name":"Tom Hemp's CBD Shop","alternateName":"Tom Hemp's Berlin","url":"https:\/\/www.tomhemps.com\/fr\/","logo":{"@type":"ImageObject","inLanguage":"fr-FR","@id":"https:\/\/www.tomhemps.com\/fr\/#\/schema\/logo\/image\/","url":"https:\/\/www.tomhemps.com\/wp-content\/uploads\/2019\/04\/Logo-2019-e1581413011332.jpg","contentUrl":"https:\/\/www.tomhemps.com\/wp-content\/uploads\/2019\/04\/Logo-2019-e1581413011332.jpg","width":460,"height":153,"caption":"Tom Hemp's CBD Shop"},"image":{"@id":"https:\/\/www.tomhemps.com\/fr\/#\/schema\/logo\/image\/"},"sameAs":["https:\/\/www.facebook.com\/tomhempsberlin\/","https:\/\/www.instagram.com\/tomhemps_cbd\/","https:\/\/www.youtube.com\/channel\/UCbGxDacLx_DRKyder_zVoNw"]}]}},"fields":{"smoking_product":true,"pi_hd":false,"pi_hm":false,"pi_dd":555160,"pi_tot":"PLUS D'INFO","pi_to":"<p>Sp\u00e9cifications \u00e9lectriques<br \/>\nCapacit\u00e9 des cellules de la batterie : 340 mAh<br \/>\nPuissance max. Sortie de courant : 9,5 W<br \/>\nCourant de sortie max. Courant de sortie : 3 A<br \/>\nR\u00e9sistance : 0.9 &#8211; 3.0 \u03a9<br \/>\nCourant de charge : 500+- 50 mA (2.5 W)<br \/>\nTemps d&rsquo;activation : 0 -10 secondes<\/p>\n<p>Interface utilisateur<br \/>\nFixation de la cartouche : Connexion viss\u00e9e 510<br \/>\nActivation : Actionn\u00e9 par l&rsquo;haleine<br \/>\nNotification : LED<br \/>\nNotification de batterie faible : Aucune<br \/>\nIndication de charge : La LED s&rsquo;allume pendant la charge, la LED clignote puis s&rsquo;\u00e9teint lorsque la charge est compl\u00e8te.<\/p>\n","pi_tst":"USAGE","pi_ts":"<p>Inspirez sur l&#8217;embout buccal de la cartouche pour activer l&rsquo;alimentation. Pour la batterie 510, l&#8217;embout lumineux s&rsquo;allume pour indiquer l&rsquo;activation.<br \/>\nLorsque l&rsquo;appareil est en charge, la lumi\u00e8re s&rsquo;allume et reste allum\u00e9e. Lorsque l&rsquo;appareil atteint une charge compl\u00e8te, le voyant clignote 20 fois, puis s&rsquo;\u00e9teint. Si le dispositif est branch\u00e9 sur un port USB actif et que la pointe lumineuse n&rsquo;est pas allum\u00e9e, la charge est compl\u00e8te.<\/p>\n","pi_t":161206},"_links":{"self":[{"href":"https:\/\/www.tomhemps.com\/fr\/wp-json\/wp\/v2\/product\/555180"}],"collection":[{"href":"https:\/\/www.tomhemps.com\/fr\/wp-json\/wp\/v2\/product"}],"about":[{"href":"https:\/\/www.tomhemps.com\/fr\/wp-json\/wp\/v2\/types\/product"}],"replies":[{"embeddable":true,"href":"https:\/\/www.tomhemps.com\/fr\/wp-json\/wp\/v2\/comments?post=555180"}],"wp:featuredmedia":[{"embeddable":true,"href":"https:\/\/www.tomhemps.com\/fr\/wp-json\/wp\/v2\/media\/555160"}],"wp:attachment":[{"href":"https:\/\/www.tomhemps.com\/fr\/wp-json\/wp\/v2\/media?parent=555180"}],"wp:term":[{"taxonomy":"product_cat","embeddable":true,"href":"https:\/\/www.tomhemps.com\/fr\/wp-json\/wp\/v2\/product_cat?post=555180"},{"taxonomy":"product_tag","embeddable":true,"href":"https:\/\/www.tomhemps.com\/fr\/wp-json\/wp\/v2\/product_tag?post=555180"}],"curies":[{"name":"wp","href":"https:\/\/api.w.org\/{rel}","templated":true}]}}