{"id":567357,"date":"2023-05-08T16:34:20","date_gmt":"2023-05-08T14:34:20","guid":{"rendered":"https:\/\/www.tomhemps.com\/?post_type=product&#038;p=567357"},"modified":"2025-06-23T00:00:03","modified_gmt":"2025-06-22T22:00:03","slug":"cbd-pre-roll-4er-pack-goerlitzer-punch","status":"publish","type":"product","link":"https:\/\/www.tomhemps.com\/fr\/prf\/cbd-pre-roll-4er-pack-goerlitzer-punch\/","title":{"rendered":"CBD Pr\u00e9-Rouler 4er Pack \/ G\u00f6rlitzer Punch"},"content":{"rendered":"","protected":false},"excerpt":{"rendered":"<p>Avec notre set de 4 c\u00f4nes pr\u00e9-roul\u00e9s de CBD de Tom Hemp&rsquo;s, tout est d\u00e9j\u00e0 fait. Vous obtenez 4 x 0,65g de la meilleure CBD d&rsquo;int\u00e9rieur, ce qui signifie de la pure fleur de CBD, pas d&rsquo;\u00e9barbage, pas de feuilles, pas de tiges, juste la cr\u00e8me de la r\u00e9colte dans des c\u00f4nes bomb\u00e9s de votre vari\u00e9t\u00e9 pr\u00e9f\u00e9r\u00e9e de Tom Hemp&rsquo;s CBD G\u00f6rlitzer Punch<\/p>\n","protected":false},"featured_media":567272,"comment_status":"open","ping_status":"closed","template":"","meta":{"_acf_changed":false},"product_cat":[5007,965,973],"product_tag":[],"acf":[],"yoast_head":"<!-- This site is optimized with the Yoast SEO Premium plugin v22.8 (Yoast SEO v22.8) - https:\/\/yoast.com\/wordpress\/plugins\/seo\/ -->\n<title>CBD Pr\u00e9-Rouler 4er Pack \/ G\u00f6rlitzer Punch<\/title>\n<meta name=\"description\" content=\"CBD Pr\u00e9-Rouler 4er Pack \/ G\u00f6rlitzer Punch - Your CBD Shop | Your CBD Brand | born in Berlin\" \/>\n<meta name=\"robots\" content=\"index, follow, max-snippet:-1, max-image-preview:large, max-video-preview:-1\" \/>\n<link rel=\"canonical\" href=\"https:\/\/www.tomhemps.com\/fr\/prf\/cbd-pre-roll-4er-pack-goerlitzer-punch\/\" \/>\n<meta property=\"og:locale\" content=\"fr_FR\" \/>\n<meta property=\"og:type\" content=\"article\" \/>\n<meta property=\"og:title\" content=\"CBD Pr\u00e9-Rouler 4er Pack \/ G\u00f6rlitzer Punch\" \/>\n<meta property=\"og:description\" content=\"CBD Pr\u00e9-Rouler 4er Pack \/ G\u00f6rlitzer Punch - Your CBD Shop | Your CBD Brand | born in Berlin\" \/>\n<meta property=\"og:url\" content=\"https:\/\/www.tomhemps.com\/fr\/prf\/cbd-pre-roll-4er-pack-goerlitzer-punch\/\" \/>\n<meta property=\"og:site_name\" content=\"Your CBD Shop | Your CBD Brand | born in Berlin\" \/>\n<meta property=\"article:publisher\" content=\"https:\/\/www.facebook.com\/tomhempsberlin\/\" \/>\n<meta property=\"article:modified_time\" content=\"2025-06-22T22:00:03+00:00\" \/>\n<meta property=\"og:image\" content=\"https:\/\/www.tomhemps.com\/wp-content\/uploads\/2023\/05\/TH-products-680x850-Pre-roll-mini-goerlitzer-punch.png\" \/>\n\t<meta property=\"og:image:width\" content=\"680\" \/>\n\t<meta property=\"og:image:height\" content=\"850\" \/>\n\t<meta property=\"og:image:type\" content=\"image\/png\" \/>\n<meta name=\"twitter:card\" content=\"summary_large_image\" \/>\n<script type=\"application\/ld+json\" class=\"yoast-schema-graph\">{\"@context\":\"https:\/\/schema.org\",\"@graph\":[{\"@type\":\"WebPage\",\"@id\":\"https:\/\/www.tomhemps.com\/fr\/prf\/cbd-pre-roll-4er-pack-goerlitzer-punch\/\",\"url\":\"https:\/\/www.tomhemps.com\/fr\/prf\/cbd-pre-roll-4er-pack-goerlitzer-punch\/\",\"name\":\"CBD Pr\u00e9-Rouler 4er Pack \/ G\u00f6rlitzer Punch\",\"isPartOf\":{\"@id\":\"https:\/\/www.tomhemps.com\/fr\/#website\"},\"primaryImageOfPage\":{\"@id\":\"https:\/\/www.tomhemps.com\/fr\/prf\/cbd-pre-roll-4er-pack-goerlitzer-punch\/#primaryimage\"},\"image\":{\"@id\":\"https:\/\/www.tomhemps.com\/fr\/prf\/cbd-pre-roll-4er-pack-goerlitzer-punch\/#primaryimage\"},\"thumbnailUrl\":\"https:\/\/www.tomhemps.com\/wp-content\/uploads\/2023\/05\/TH-products-680x850-Pre-roll-mini-goerlitzer-punch.png\",\"datePublished\":\"2023-05-08T14:34:20+00:00\",\"dateModified\":\"2025-06-22T22:00:03+00:00\",\"description\":\"CBD Pr\u00e9-Rouler 4er Pack \/ G\u00f6rlitzer Punch - Your CBD Shop | Your CBD Brand | born in Berlin\",\"breadcrumb\":{\"@id\":\"https:\/\/www.tomhemps.com\/fr\/prf\/cbd-pre-roll-4er-pack-goerlitzer-punch\/#breadcrumb\"},\"inLanguage\":\"fr-FR\",\"potentialAction\":[{\"@type\":\"ReadAction\",\"target\":[\"https:\/\/www.tomhemps.com\/fr\/prf\/cbd-pre-roll-4er-pack-goerlitzer-punch\/\"]}]},{\"@type\":\"ImageObject\",\"inLanguage\":\"fr-FR\",\"@id\":\"https:\/\/www.tomhemps.com\/fr\/prf\/cbd-pre-roll-4er-pack-goerlitzer-punch\/#primaryimage\",\"url\":\"https:\/\/www.tomhemps.com\/wp-content\/uploads\/2023\/05\/TH-products-680x850-Pre-roll-mini-goerlitzer-punch.png\",\"contentUrl\":\"https:\/\/www.tomhemps.com\/wp-content\/uploads\/2023\/05\/TH-products-680x850-Pre-roll-mini-goerlitzer-punch.png\",\"width\":680,\"height\":850,\"caption\":\"CBD Pre-Roll Set G\u00f6rlitzer Punch\"},{\"@type\":\"BreadcrumbList\",\"@id\":\"https:\/\/www.tomhemps.com\/fr\/prf\/cbd-pre-roll-4er-pack-goerlitzer-punch\/#breadcrumb\",\"itemListElement\":[{\"@type\":\"ListItem\",\"position\":1,\"name\":\"Startseite\",\"item\":\"https:\/\/www.tomhemps.com\/fr\/\"},{\"@type\":\"ListItem\",\"position\":2,\"name\":\"Shop\",\"item\":\"https:\/\/www.tomhemps.com\/fr\/shop\/\"},{\"@type\":\"ListItem\",\"position\":3,\"name\":\"CBD Pr\u00e9-Rouler 4er Pack \/ G\u00f6rlitzer Punch\"}]},{\"@type\":\"WebSite\",\"@id\":\"https:\/\/www.tomhemps.com\/fr\/#website\",\"url\":\"https:\/\/www.tomhemps.com\/fr\/\",\"name\":\"Your CBD Shop | Your CBD Brand | born in Berlin\",\"description\":\"CBD Shop Berlin\",\"publisher\":{\"@id\":\"https:\/\/www.tomhemps.com\/fr\/#organization\"},\"potentialAction\":[{\"@type\":\"SearchAction\",\"target\":{\"@type\":\"EntryPoint\",\"urlTemplate\":\"https:\/\/www.tomhemps.com\/fr\/?s={search_term_string}\"},\"query-input\":\"required name=search_term_string\"}],\"inLanguage\":\"fr-FR\"},{\"@type\":\"Organization\",\"@id\":\"https:\/\/www.tomhemps.com\/fr\/#organization\",\"name\":\"Tom Hemp's CBD Shop\",\"alternateName\":\"Tom Hemp's Berlin\",\"url\":\"https:\/\/www.tomhemps.com\/fr\/\",\"logo\":{\"@type\":\"ImageObject\",\"inLanguage\":\"fr-FR\",\"@id\":\"https:\/\/www.tomhemps.com\/fr\/#\/schema\/logo\/image\/\",\"url\":\"https:\/\/www.tomhemps.com\/wp-content\/uploads\/2019\/04\/Logo-2019-e1581413011332.jpg\",\"contentUrl\":\"https:\/\/www.tomhemps.com\/wp-content\/uploads\/2019\/04\/Logo-2019-e1581413011332.jpg\",\"width\":460,\"height\":153,\"caption\":\"Tom Hemp's CBD Shop\"},\"image\":{\"@id\":\"https:\/\/www.tomhemps.com\/fr\/#\/schema\/logo\/image\/\"},\"sameAs\":[\"https:\/\/www.facebook.com\/tomhempsberlin\/\",\"https:\/\/www.instagram.com\/tomhemps_cbd\/\",\"https:\/\/www.youtube.com\/channel\/UCbGxDacLx_DRKyder_zVoNw\"]}]}<\/script>\n<!-- \/ Yoast SEO Premium plugin. -->","yoast_head_json":{"title":"CBD Pr\u00e9-Rouler 4er Pack \/ G\u00f6rlitzer Punch","description":"CBD Pr\u00e9-Rouler 4er Pack \/ G\u00f6rlitzer Punch - Your CBD Shop | Your CBD Brand | born in Berlin","robots":{"index":"index","follow":"follow","max-snippet":"max-snippet:-1","max-image-preview":"max-image-preview:large","max-video-preview":"max-video-preview:-1"},"canonical":"https:\/\/www.tomhemps.com\/fr\/prf\/cbd-pre-roll-4er-pack-goerlitzer-punch\/","og_locale":"fr_FR","og_type":"article","og_title":"CBD Pr\u00e9-Rouler 4er Pack \/ G\u00f6rlitzer Punch","og_description":"CBD Pr\u00e9-Rouler 4er Pack \/ G\u00f6rlitzer Punch - Your CBD Shop | Your CBD Brand | born in Berlin","og_url":"https:\/\/www.tomhemps.com\/fr\/prf\/cbd-pre-roll-4er-pack-goerlitzer-punch\/","og_site_name":"Your CBD Shop | Your CBD Brand | born in Berlin","article_publisher":"https:\/\/www.facebook.com\/tomhempsberlin\/","article_modified_time":"2025-06-22T22:00:03+00:00","og_image":[{"width":680,"height":850,"url":"https:\/\/www.tomhemps.com\/wp-content\/uploads\/2023\/05\/TH-products-680x850-Pre-roll-mini-goerlitzer-punch.png","type":"image\/png"}],"twitter_card":"summary_large_image","schema":{"@context":"https:\/\/schema.org","@graph":[{"@type":"WebPage","@id":"https:\/\/www.tomhemps.com\/fr\/prf\/cbd-pre-roll-4er-pack-goerlitzer-punch\/","url":"https:\/\/www.tomhemps.com\/fr\/prf\/cbd-pre-roll-4er-pack-goerlitzer-punch\/","name":"CBD Pr\u00e9-Rouler 4er Pack \/ G\u00f6rlitzer Punch","isPartOf":{"@id":"https:\/\/www.tomhemps.com\/fr\/#website"},"primaryImageOfPage":{"@id":"https:\/\/www.tomhemps.com\/fr\/prf\/cbd-pre-roll-4er-pack-goerlitzer-punch\/#primaryimage"},"image":{"@id":"https:\/\/www.tomhemps.com\/fr\/prf\/cbd-pre-roll-4er-pack-goerlitzer-punch\/#primaryimage"},"thumbnailUrl":"https:\/\/www.tomhemps.com\/wp-content\/uploads\/2023\/05\/TH-products-680x850-Pre-roll-mini-goerlitzer-punch.png","datePublished":"2023-05-08T14:34:20+00:00","dateModified":"2025-06-22T22:00:03+00:00","description":"CBD Pr\u00e9-Rouler 4er Pack \/ G\u00f6rlitzer Punch - Your CBD Shop | Your CBD Brand | born in Berlin","breadcrumb":{"@id":"https:\/\/www.tomhemps.com\/fr\/prf\/cbd-pre-roll-4er-pack-goerlitzer-punch\/#breadcrumb"},"inLanguage":"fr-FR","potentialAction":[{"@type":"ReadAction","target":["https:\/\/www.tomhemps.com\/fr\/prf\/cbd-pre-roll-4er-pack-goerlitzer-punch\/"]}]},{"@type":"ImageObject","inLanguage":"fr-FR","@id":"https:\/\/www.tomhemps.com\/fr\/prf\/cbd-pre-roll-4er-pack-goerlitzer-punch\/#primaryimage","url":"https:\/\/www.tomhemps.com\/wp-content\/uploads\/2023\/05\/TH-products-680x850-Pre-roll-mini-goerlitzer-punch.png","contentUrl":"https:\/\/www.tomhemps.com\/wp-content\/uploads\/2023\/05\/TH-products-680x850-Pre-roll-mini-goerlitzer-punch.png","width":680,"height":850,"caption":"CBD Pre-Roll Set G\u00f6rlitzer Punch"},{"@type":"BreadcrumbList","@id":"https:\/\/www.tomhemps.com\/fr\/prf\/cbd-pre-roll-4er-pack-goerlitzer-punch\/#breadcrumb","itemListElement":[{"@type":"ListItem","position":1,"name":"Startseite","item":"https:\/\/www.tomhemps.com\/fr\/"},{"@type":"ListItem","position":2,"name":"Shop","item":"https:\/\/www.tomhemps.com\/fr\/shop\/"},{"@type":"ListItem","position":3,"name":"CBD Pr\u00e9-Rouler 4er Pack \/ G\u00f6rlitzer Punch"}]},{"@type":"WebSite","@id":"https:\/\/www.tomhemps.com\/fr\/#website","url":"https:\/\/www.tomhemps.com\/fr\/","name":"Your CBD Shop | Your CBD Brand | born in Berlin","description":"CBD Shop Berlin","publisher":{"@id":"https:\/\/www.tomhemps.com\/fr\/#organization"},"potentialAction":[{"@type":"SearchAction","target":{"@type":"EntryPoint","urlTemplate":"https:\/\/www.tomhemps.com\/fr\/?s={search_term_string}"},"query-input":"required name=search_term_string"}],"inLanguage":"fr-FR"},{"@type":"Organization","@id":"https:\/\/www.tomhemps.com\/fr\/#organization","name":"Tom Hemp's CBD Shop","alternateName":"Tom Hemp's Berlin","url":"https:\/\/www.tomhemps.com\/fr\/","logo":{"@type":"ImageObject","inLanguage":"fr-FR","@id":"https:\/\/www.tomhemps.com\/fr\/#\/schema\/logo\/image\/","url":"https:\/\/www.tomhemps.com\/wp-content\/uploads\/2019\/04\/Logo-2019-e1581413011332.jpg","contentUrl":"https:\/\/www.tomhemps.com\/wp-content\/uploads\/2019\/04\/Logo-2019-e1581413011332.jpg","width":460,"height":153,"caption":"Tom Hemp's CBD Shop"},"image":{"@id":"https:\/\/www.tomhemps.com\/fr\/#\/schema\/logo\/image\/"},"sameAs":["https:\/\/www.facebook.com\/tomhempsberlin\/","https:\/\/www.instagram.com\/tomhemps_cbd\/","https:\/\/www.youtube.com\/channel\/UCbGxDacLx_DRKyder_zVoNw"]}]}},"fields":{"smoking_product":true,"pi_hd":false,"pi_hm":false,"pi_dd":567272,"pi_tot":"QU'Y A-T-IL \u00c0 L'INT\u00c9RIEUR?","pi_to":"<p>4x pr\u00e9-rouleaux de 0,65g de fleurs CBD pures G\u00f6rlitzer Punch<\/p>\n<p>CBD: 10%<br \/>\nTHC: &lt; 0,2%<\/p>\n","pi_tst":"NOTICE D'EMBALLAGE","pi_ts":"<p>Le produit est destin\u00e9 exclusivement \u00e0 un usage commercial, technique et scientifique. A conserver hors de port\u00e9e des enfants. Le produit ne peut pas \u00eatre transport\u00e9 \u00e0 l\u2019\u00e9tranger. L\u2019ingestion et le tabagisme de ce produit sont strictement interdits. Ces fleurs de chanvre industriel europ\u00e9en transform\u00e9es contiennent moins de 0,2 % de THC. Le nom du produit n\u2019a aucune signification ni aucun contexte par rapport \u00e0 d\u2019autres produits et est uniquement utilis\u00e9 \u00e0 des fins de marketing.<\/p>\n<p>La couleur des fleurs peut diff\u00e9rer des photos pr\u00e9sent\u00e9es, en fonction de la r\u00e9colte.<\/p>\n","pi_t":163526},"_links":{"self":[{"href":"https:\/\/www.tomhemps.com\/fr\/wp-json\/wp\/v2\/product\/567357"}],"collection":[{"href":"https:\/\/www.tomhemps.com\/fr\/wp-json\/wp\/v2\/product"}],"about":[{"href":"https:\/\/www.tomhemps.com\/fr\/wp-json\/wp\/v2\/types\/product"}],"replies":[{"embeddable":true,"href":"https:\/\/www.tomhemps.com\/fr\/wp-json\/wp\/v2\/comments?post=567357"}],"wp:featuredmedia":[{"embeddable":true,"href":"https:\/\/www.tomhemps.com\/fr\/wp-json\/wp\/v2\/media\/567272"}],"wp:attachment":[{"href":"https:\/\/www.tomhemps.com\/fr\/wp-json\/wp\/v2\/media?parent=567357"}],"wp:term":[{"taxonomy":"product_cat","embeddable":true,"href":"https:\/\/www.tomhemps.com\/fr\/wp-json\/wp\/v2\/product_cat?post=567357"},{"taxonomy":"product_tag","embeddable":true,"href":"https:\/\/www.tomhemps.com\/fr\/wp-json\/wp\/v2\/product_tag?post=567357"}],"curies":[{"name":"wp","href":"https:\/\/api.w.org\/{rel}","templated":true}]}}