{"id":570946,"date":"2023-06-01T12:04:48","date_gmt":"2023-06-01T10:04:48","guid":{"rendered":"https:\/\/www.tomhemps.com\/product\/pax-plus\/"},"modified":"2023-09-07T17:40:40","modified_gmt":"2023-09-07T15:40:40","slug":"pax-plus","status":"publish","type":"product","link":"https:\/\/www.tomhemps.com\/fr\/prf\/pax-plus\/","title":{"rendered":"PAX PLUS"},"content":{"rendered":"","protected":false},"excerpt":{"rendered":"<p>Le PAX Plus int\u00e8gre une tonne de fonctionnalit\u00e9s dans un design simple, intelligent et \u00e9pur\u00e9. Les nouveaux modes d&rsquo;exp\u00e9rience int\u00e9gr\u00e9s vous permettent de choisir diff\u00e9rentes combinaisons de saveurs et de vapeur en appuyant simplement sur un bouton. Les am\u00e9liorations apport\u00e9es au design comprennent une LED plus grande, un rev\u00eatement mat doux, de nouveaux embouts de couleur assortie et des bords arrondis qui rendent le PAX Plus plus facile \u00e0 tenir et \u00e0 frapper. Un \u00e9cran de four 3D redessin\u00e9 et un multi-outil am\u00e9lior\u00e9 rendent le nettoyage plus facile que jamais. Et vous obtiendrez toujours le meilleur de vos herbes et concentr\u00e9s gr\u00e2ce \u00e0 une autonomie de plus de 2 heures et un temps de chauffe de seulement 22 secondes.<\/p>\n","protected":false},"featured_media":570837,"comment_status":"open","ping_status":"closed","template":"","meta":{"_acf_changed":false},"product_cat":[990,977],"product_tag":[],"acf":[],"yoast_head":"<!-- This site is optimized with the Yoast SEO Premium plugin v22.8 (Yoast SEO v22.8) - https:\/\/yoast.com\/wordpress\/plugins\/seo\/ -->\n<title>PAX PLUS | Tom Hemp&#039;s<\/title>\n<meta name=\"description\" content=\"Unleash PAX Plus: Smart, sleek CBD vaporizer. Experience Modes, enhanced design, easy cleaning. 2+ hours battery, 22-second heating.\" \/>\n<meta name=\"robots\" content=\"index, follow, max-snippet:-1, max-image-preview:large, max-video-preview:-1\" \/>\n<link rel=\"canonical\" href=\"https:\/\/www.tomhemps.com\/fr\/prf\/pax-plus\/\" \/>\n<meta property=\"og:locale\" content=\"fr_FR\" \/>\n<meta property=\"og:type\" content=\"article\" \/>\n<meta property=\"og:title\" content=\"PAX PLUS\" \/>\n<meta property=\"og:description\" content=\"Unleash PAX Plus: Smart, sleek CBD vaporizer. Experience Modes, enhanced design, easy cleaning. 2+ hours battery, 22-second heating.\" \/>\n<meta property=\"og:url\" content=\"https:\/\/www.tomhemps.com\/fr\/prf\/pax-plus\/\" \/>\n<meta property=\"og:site_name\" content=\"Your CBD Shop | Your CBD Brand | born in Berlin\" \/>\n<meta property=\"article:publisher\" content=\"https:\/\/www.facebook.com\/tomhempsberlin\/\" \/>\n<meta property=\"article:modified_time\" content=\"2023-09-07T15:40:40+00:00\" \/>\n<meta property=\"og:image\" content=\"https:\/\/www.tomhemps.com\/wp-content\/uploads\/2023\/06\/PAX_PLUS_extra.png\" \/>\n\t<meta property=\"og:image:width\" content=\"680\" \/>\n\t<meta property=\"og:image:height\" content=\"850\" \/>\n\t<meta property=\"og:image:type\" content=\"image\/png\" \/>\n<meta name=\"twitter:card\" content=\"summary_large_image\" \/>\n<script type=\"application\/ld+json\" class=\"yoast-schema-graph\">{\"@context\":\"https:\/\/schema.org\",\"@graph\":[{\"@type\":\"WebPage\",\"@id\":\"https:\/\/www.tomhemps.com\/fr\/prf\/pax-plus\/\",\"url\":\"https:\/\/www.tomhemps.com\/fr\/prf\/pax-plus\/\",\"name\":\"PAX PLUS | Tom Hemp's\",\"isPartOf\":{\"@id\":\"https:\/\/www.tomhemps.com\/fr\/#website\"},\"primaryImageOfPage\":{\"@id\":\"https:\/\/www.tomhemps.com\/fr\/prf\/pax-plus\/#primaryimage\"},\"image\":{\"@id\":\"https:\/\/www.tomhemps.com\/fr\/prf\/pax-plus\/#primaryimage\"},\"thumbnailUrl\":\"https:\/\/www.tomhemps.com\/wp-content\/uploads\/2023\/06\/PAX_PLUS_extra.png\",\"datePublished\":\"2023-06-01T10:04:48+00:00\",\"dateModified\":\"2023-09-07T15:40:40+00:00\",\"description\":\"Unleash PAX Plus: Smart, sleek CBD vaporizer. Experience Modes, enhanced design, easy cleaning. 2+ hours battery, 22-second heating.\",\"breadcrumb\":{\"@id\":\"https:\/\/www.tomhemps.com\/fr\/prf\/pax-plus\/#breadcrumb\"},\"inLanguage\":\"fr-FR\",\"potentialAction\":[{\"@type\":\"ReadAction\",\"target\":[\"https:\/\/www.tomhemps.com\/fr\/prf\/pax-plus\/\"]}]},{\"@type\":\"ImageObject\",\"inLanguage\":\"fr-FR\",\"@id\":\"https:\/\/www.tomhemps.com\/fr\/prf\/pax-plus\/#primaryimage\",\"url\":\"https:\/\/www.tomhemps.com\/wp-content\/uploads\/2023\/06\/PAX_PLUS_extra.png\",\"contentUrl\":\"https:\/\/www.tomhemps.com\/wp-content\/uploads\/2023\/06\/PAX_PLUS_extra.png\",\"width\":680,\"height\":850},{\"@type\":\"BreadcrumbList\",\"@id\":\"https:\/\/www.tomhemps.com\/fr\/prf\/pax-plus\/#breadcrumb\",\"itemListElement\":[{\"@type\":\"ListItem\",\"position\":1,\"name\":\"Startseite\",\"item\":\"https:\/\/www.tomhemps.com\/fr\/\"},{\"@type\":\"ListItem\",\"position\":2,\"name\":\"Shop\",\"item\":\"https:\/\/www.tomhemps.com\/fr\/shop\/\"},{\"@type\":\"ListItem\",\"position\":3,\"name\":\"PAX PLUS\"}]},{\"@type\":\"WebSite\",\"@id\":\"https:\/\/www.tomhemps.com\/fr\/#website\",\"url\":\"https:\/\/www.tomhemps.com\/fr\/\",\"name\":\"Your CBD Shop | Your CBD Brand | born in Berlin\",\"description\":\"CBD Shop Berlin\",\"publisher\":{\"@id\":\"https:\/\/www.tomhemps.com\/fr\/#organization\"},\"potentialAction\":[{\"@type\":\"SearchAction\",\"target\":{\"@type\":\"EntryPoint\",\"urlTemplate\":\"https:\/\/www.tomhemps.com\/fr\/?s={search_term_string}\"},\"query-input\":\"required name=search_term_string\"}],\"inLanguage\":\"fr-FR\"},{\"@type\":\"Organization\",\"@id\":\"https:\/\/www.tomhemps.com\/fr\/#organization\",\"name\":\"Tom Hemp's CBD Shop\",\"alternateName\":\"Tom Hemp's Berlin\",\"url\":\"https:\/\/www.tomhemps.com\/fr\/\",\"logo\":{\"@type\":\"ImageObject\",\"inLanguage\":\"fr-FR\",\"@id\":\"https:\/\/www.tomhemps.com\/fr\/#\/schema\/logo\/image\/\",\"url\":\"https:\/\/www.tomhemps.com\/wp-content\/uploads\/2019\/04\/Logo-2019-e1581413011332.jpg\",\"contentUrl\":\"https:\/\/www.tomhemps.com\/wp-content\/uploads\/2019\/04\/Logo-2019-e1581413011332.jpg\",\"width\":460,\"height\":153,\"caption\":\"Tom Hemp's CBD Shop\"},\"image\":{\"@id\":\"https:\/\/www.tomhemps.com\/fr\/#\/schema\/logo\/image\/\"},\"sameAs\":[\"https:\/\/www.facebook.com\/tomhempsberlin\/\",\"https:\/\/www.instagram.com\/tomhemps_cbd\/\",\"https:\/\/www.youtube.com\/channel\/UCbGxDacLx_DRKyder_zVoNw\"]}]}<\/script>\n<!-- \/ Yoast SEO Premium plugin. -->","yoast_head_json":{"title":"PAX PLUS | Tom Hemp's","description":"Unleash PAX Plus: Smart, sleek CBD vaporizer. Experience Modes, enhanced design, easy cleaning. 2+ hours battery, 22-second heating.","robots":{"index":"index","follow":"follow","max-snippet":"max-snippet:-1","max-image-preview":"max-image-preview:large","max-video-preview":"max-video-preview:-1"},"canonical":"https:\/\/www.tomhemps.com\/fr\/prf\/pax-plus\/","og_locale":"fr_FR","og_type":"article","og_title":"PAX PLUS","og_description":"Unleash PAX Plus: Smart, sleek CBD vaporizer. Experience Modes, enhanced design, easy cleaning. 2+ hours battery, 22-second heating.","og_url":"https:\/\/www.tomhemps.com\/fr\/prf\/pax-plus\/","og_site_name":"Your CBD Shop | Your CBD Brand | born in Berlin","article_publisher":"https:\/\/www.facebook.com\/tomhempsberlin\/","article_modified_time":"2023-09-07T15:40:40+00:00","og_image":[{"width":680,"height":850,"url":"https:\/\/www.tomhemps.com\/wp-content\/uploads\/2023\/06\/PAX_PLUS_extra.png","type":"image\/png"}],"twitter_card":"summary_large_image","schema":{"@context":"https:\/\/schema.org","@graph":[{"@type":"WebPage","@id":"https:\/\/www.tomhemps.com\/fr\/prf\/pax-plus\/","url":"https:\/\/www.tomhemps.com\/fr\/prf\/pax-plus\/","name":"PAX PLUS | Tom Hemp's","isPartOf":{"@id":"https:\/\/www.tomhemps.com\/fr\/#website"},"primaryImageOfPage":{"@id":"https:\/\/www.tomhemps.com\/fr\/prf\/pax-plus\/#primaryimage"},"image":{"@id":"https:\/\/www.tomhemps.com\/fr\/prf\/pax-plus\/#primaryimage"},"thumbnailUrl":"https:\/\/www.tomhemps.com\/wp-content\/uploads\/2023\/06\/PAX_PLUS_extra.png","datePublished":"2023-06-01T10:04:48+00:00","dateModified":"2023-09-07T15:40:40+00:00","description":"Unleash PAX Plus: Smart, sleek CBD vaporizer. Experience Modes, enhanced design, easy cleaning. 2+ hours battery, 22-second heating.","breadcrumb":{"@id":"https:\/\/www.tomhemps.com\/fr\/prf\/pax-plus\/#breadcrumb"},"inLanguage":"fr-FR","potentialAction":[{"@type":"ReadAction","target":["https:\/\/www.tomhemps.com\/fr\/prf\/pax-plus\/"]}]},{"@type":"ImageObject","inLanguage":"fr-FR","@id":"https:\/\/www.tomhemps.com\/fr\/prf\/pax-plus\/#primaryimage","url":"https:\/\/www.tomhemps.com\/wp-content\/uploads\/2023\/06\/PAX_PLUS_extra.png","contentUrl":"https:\/\/www.tomhemps.com\/wp-content\/uploads\/2023\/06\/PAX_PLUS_extra.png","width":680,"height":850},{"@type":"BreadcrumbList","@id":"https:\/\/www.tomhemps.com\/fr\/prf\/pax-plus\/#breadcrumb","itemListElement":[{"@type":"ListItem","position":1,"name":"Startseite","item":"https:\/\/www.tomhemps.com\/fr\/"},{"@type":"ListItem","position":2,"name":"Shop","item":"https:\/\/www.tomhemps.com\/fr\/shop\/"},{"@type":"ListItem","position":3,"name":"PAX PLUS"}]},{"@type":"WebSite","@id":"https:\/\/www.tomhemps.com\/fr\/#website","url":"https:\/\/www.tomhemps.com\/fr\/","name":"Your CBD Shop | Your CBD Brand | born in Berlin","description":"CBD Shop Berlin","publisher":{"@id":"https:\/\/www.tomhemps.com\/fr\/#organization"},"potentialAction":[{"@type":"SearchAction","target":{"@type":"EntryPoint","urlTemplate":"https:\/\/www.tomhemps.com\/fr\/?s={search_term_string}"},"query-input":"required name=search_term_string"}],"inLanguage":"fr-FR"},{"@type":"Organization","@id":"https:\/\/www.tomhemps.com\/fr\/#organization","name":"Tom Hemp's CBD Shop","alternateName":"Tom Hemp's Berlin","url":"https:\/\/www.tomhemps.com\/fr\/","logo":{"@type":"ImageObject","inLanguage":"fr-FR","@id":"https:\/\/www.tomhemps.com\/fr\/#\/schema\/logo\/image\/","url":"https:\/\/www.tomhemps.com\/wp-content\/uploads\/2019\/04\/Logo-2019-e1581413011332.jpg","contentUrl":"https:\/\/www.tomhemps.com\/wp-content\/uploads\/2019\/04\/Logo-2019-e1581413011332.jpg","width":460,"height":153,"caption":"Tom Hemp's CBD Shop"},"image":{"@id":"https:\/\/www.tomhemps.com\/fr\/#\/schema\/logo\/image\/"},"sameAs":["https:\/\/www.facebook.com\/tomhempsberlin\/","https:\/\/www.instagram.com\/tomhemps_cbd\/","https:\/\/www.youtube.com\/channel\/UCbGxDacLx_DRKyder_zVoNw"]}]}},"fields":{"smoking_product":true,"pi_hd":false,"pi_dd":false,"pi_tot":"Qu'y a-t-il \u00e0 l'int\u00e9rieur ?","pi_to":"<p><strong>\u00c9cran 3D<\/strong> &#8211; pour un nettoyage et un retrait faciles (NOUVEAU)<br \/>\n<strong>Couvercle de four standard<\/strong> &#8211; pour une pleine capacit\u00e9 (.5g)<br \/>\n<strong>Embout plat<\/strong> &#8211; pour plus de discr\u00e9tion<br \/>\n<strong>Embout sur\u00e9lev\u00e9<\/strong> &#8211; pour le confort<br \/>\n<strong>Chauffe par conduction demi-paquet<\/strong> &#8211; pour les sessions plus petites (.25g)<br \/>\n<strong>Insert pour concentr\u00e9<\/strong> &#8211; pour utilisation avec des concentr\u00e9s cireux\/solides<br \/>\n<strong>Multi-Tool<\/strong> &#8211; pour emballer et nettoyer le four (NOUVEAU)<br \/>\n<strong>Chargeur<\/strong> &#8211; pour un chargement facile gr\u00e2ce \u00e0 l&rsquo;attachement magn\u00e9tique<br \/>\n<strong>Brosse m\u00e9tallique<\/strong> &#8211; pour nettoyer l&rsquo;appareil<\/p>\n","pi_tst":"Plus d'info","pi_ts":"<p><strong>A utiliser avec:<\/strong> Herbes + Concentr\u00e9s<br \/>\n<strong>Capacit\u00e9:<\/strong> 0.50g<br \/>\n<strong>Temps de chauffe:<\/strong> 22 secondes<br \/>\n<strong>Dur\u00e9e d&rsquo;utilisation:<\/strong> Jusqu&rsquo;\u00e0 2,5 heures (8 &#8211; 10 sessions)<br \/>\n<strong>Garantie limit\u00e9e:<\/strong> 10 ans<\/p>\n","pi_t":163526,"pi_hm":573305},"_links":{"self":[{"href":"https:\/\/www.tomhemps.com\/fr\/wp-json\/wp\/v2\/product\/570946"}],"collection":[{"href":"https:\/\/www.tomhemps.com\/fr\/wp-json\/wp\/v2\/product"}],"about":[{"href":"https:\/\/www.tomhemps.com\/fr\/wp-json\/wp\/v2\/types\/product"}],"replies":[{"embeddable":true,"href":"https:\/\/www.tomhemps.com\/fr\/wp-json\/wp\/v2\/comments?post=570946"}],"wp:featuredmedia":[{"embeddable":true,"href":"https:\/\/www.tomhemps.com\/fr\/wp-json\/wp\/v2\/media\/570837"}],"wp:attachment":[{"href":"https:\/\/www.tomhemps.com\/fr\/wp-json\/wp\/v2\/media?parent=570946"}],"wp:term":[{"taxonomy":"product_cat","embeddable":true,"href":"https:\/\/www.tomhemps.com\/fr\/wp-json\/wp\/v2\/product_cat?post=570946"},{"taxonomy":"product_tag","embeddable":true,"href":"https:\/\/www.tomhemps.com\/fr\/wp-json\/wp\/v2\/product_tag?post=570946"}],"curies":[{"name":"wp","href":"https:\/\/api.w.org\/{rel}","templated":true}]}}