{"id":576874,"date":"2023-07-11T16:02:28","date_gmt":"2023-07-11T14:02:28","guid":{"rendered":"https:\/\/www.tomhemps.com\/product\/thcrew-silicon-ashtray\/"},"modified":"2025-12-08T23:00:05","modified_gmt":"2025-12-08T22:00:05","slug":"thcrew-silicon-ashtray","status":"publish","type":"product","link":"https:\/\/www.tomhemps.com\/fr\/prf\/thcrew-silicon-ashtray\/","title":{"rendered":"THCrew Cendrier en Silicone Lime Green"},"content":{"rendered":"","protected":false},"excerpt":{"rendered":"<p>Le cendrier en s<strong>ilicone THCrew vert citron<\/strong> est notre r\u00e9ponse aux accessoires de fumeur \u00e9l\u00e9gants. Fabriqu\u00e9 en silicone de haute qualit\u00e9 r\u00e9sistant \u00e0 la chaleur, ce cendrier est incassable, facile \u00e0 nettoyer et parfait pour un usage quotidien, \u00e0 l&rsquo;int\u00e9rieur comme \u00e0 l&rsquo;ext\u00e9rieur. Plus que pratique, le cendrier en silicone THCrew est une v\u00e9ritable d\u00e9claration d&rsquo;individualit\u00e9 et de style. \u00c9galement disponible en <strong>violet<\/strong>, <strong>arc-en-ciel<\/strong> et <strong>camouflage.<\/strong><\/p>\n","protected":false},"featured_media":635115,"comment_status":"open","ping_status":"closed","template":"","meta":{"_acf_changed":false},"product_cat":[2592,990],"product_tag":[],"acf":[],"yoast_head":"<!-- This site is optimized with the Yoast SEO Premium plugin v22.8 (Yoast SEO v22.8) - https:\/\/yoast.com\/wordpress\/plugins\/seo\/ -->\n<title>Cendrier en Silicone Lime Green<\/title>\n<meta name=\"description\" content=\"Cendrier en silicone \u00e9l\u00e9gant et r\u00e9sistant \u00e0 la chaleur de THCrew \u2013 incassable, facile \u00e0 nettoyer et parfait pour l&#039;int\u00e9rieur et l&#039;ext\u00e9rieur.\" \/>\n<meta name=\"robots\" content=\"index, follow, max-snippet:-1, max-image-preview:large, max-video-preview:-1\" \/>\n<link rel=\"canonical\" href=\"https:\/\/www.tomhemps.com\/fr\/prf\/thcrew-silicon-ashtray\/\" \/>\n<meta property=\"og:locale\" content=\"fr_FR\" \/>\n<meta property=\"og:type\" content=\"article\" \/>\n<meta property=\"og:title\" content=\"THCrew Cendrier en Silicone Lime Green\" \/>\n<meta property=\"og:description\" content=\"Cendrier en silicone \u00e9l\u00e9gant et r\u00e9sistant \u00e0 la chaleur de THCrew \u2013 incassable, facile \u00e0 nettoyer et parfait pour l&#039;int\u00e9rieur et l&#039;ext\u00e9rieur.\" \/>\n<meta property=\"og:url\" content=\"https:\/\/www.tomhemps.com\/fr\/prf\/thcrew-silicon-ashtray\/\" \/>\n<meta property=\"og:site_name\" content=\"Your CBD Shop | Your CBD Brand | born in Berlin\" \/>\n<meta property=\"article:publisher\" content=\"https:\/\/www.facebook.com\/tomhempsberlin\/\" \/>\n<meta property=\"article:modified_time\" content=\"2025-12-08T22:00:05+00:00\" \/>\n<meta property=\"og:image\" content=\"https:\/\/www.tomhemps.com\/wp-content\/uploads\/2023\/07\/TH-products-680x850-silicon-ashtray-green-1.png\" \/>\n\t<meta property=\"og:image:width\" content=\"680\" \/>\n\t<meta property=\"og:image:height\" content=\"850\" \/>\n\t<meta property=\"og:image:type\" content=\"image\/png\" \/>\n<meta name=\"twitter:card\" content=\"summary_large_image\" \/>\n<meta name=\"twitter:label1\" content=\"Dur\u00e9e de lecture estim\u00e9e\" \/>\n\t<meta name=\"twitter:data1\" content=\"2 minutes\" \/>\n<script type=\"application\/ld+json\" class=\"yoast-schema-graph\">{\"@context\":\"https:\/\/schema.org\",\"@graph\":[{\"@type\":\"WebPage\",\"@id\":\"https:\/\/www.tomhemps.com\/fr\/prf\/thcrew-silicon-ashtray\/\",\"url\":\"https:\/\/www.tomhemps.com\/fr\/prf\/thcrew-silicon-ashtray\/\",\"name\":\"Cendrier en Silicone Lime Green\",\"isPartOf\":{\"@id\":\"https:\/\/www.tomhemps.com\/fr\/#website\"},\"primaryImageOfPage\":{\"@id\":\"https:\/\/www.tomhemps.com\/fr\/prf\/thcrew-silicon-ashtray\/#primaryimage\"},\"image\":{\"@id\":\"https:\/\/www.tomhemps.com\/fr\/prf\/thcrew-silicon-ashtray\/#primaryimage\"},\"thumbnailUrl\":\"https:\/\/www.tomhemps.com\/wp-content\/uploads\/2023\/07\/TH-products-680x850-silicon-ashtray-green-1.png\",\"datePublished\":\"2023-07-11T14:02:28+00:00\",\"dateModified\":\"2025-12-08T22:00:05+00:00\",\"description\":\"Cendrier en silicone \u00e9l\u00e9gant et r\u00e9sistant \u00e0 la chaleur de THCrew \u2013 incassable, facile \u00e0 nettoyer et parfait pour l'int\u00e9rieur et l'ext\u00e9rieur.\",\"breadcrumb\":{\"@id\":\"https:\/\/www.tomhemps.com\/fr\/prf\/thcrew-silicon-ashtray\/#breadcrumb\"},\"inLanguage\":\"fr-FR\",\"potentialAction\":[{\"@type\":\"ReadAction\",\"target\":[\"https:\/\/www.tomhemps.com\/fr\/prf\/thcrew-silicon-ashtray\/\"]}]},{\"@type\":\"ImageObject\",\"inLanguage\":\"fr-FR\",\"@id\":\"https:\/\/www.tomhemps.com\/fr\/prf\/thcrew-silicon-ashtray\/#primaryimage\",\"url\":\"https:\/\/www.tomhemps.com\/wp-content\/uploads\/2023\/07\/TH-products-680x850-silicon-ashtray-green-1.png\",\"contentUrl\":\"https:\/\/www.tomhemps.com\/wp-content\/uploads\/2023\/07\/TH-products-680x850-silicon-ashtray-green-1.png\",\"width\":680,\"height\":850},{\"@type\":\"BreadcrumbList\",\"@id\":\"https:\/\/www.tomhemps.com\/fr\/prf\/thcrew-silicon-ashtray\/#breadcrumb\",\"itemListElement\":[{\"@type\":\"ListItem\",\"position\":1,\"name\":\"Startseite\",\"item\":\"https:\/\/www.tomhemps.com\/fr\/\"},{\"@type\":\"ListItem\",\"position\":2,\"name\":\"Shop\",\"item\":\"https:\/\/www.tomhemps.com\/fr\/shop\/\"},{\"@type\":\"ListItem\",\"position\":3,\"name\":\"THCrew Cendrier en Silicone Lime Green\"}]},{\"@type\":\"WebSite\",\"@id\":\"https:\/\/www.tomhemps.com\/fr\/#website\",\"url\":\"https:\/\/www.tomhemps.com\/fr\/\",\"name\":\"Your CBD Shop | Your CBD Brand | born in Berlin\",\"description\":\"CBD Shop Berlin\",\"publisher\":{\"@id\":\"https:\/\/www.tomhemps.com\/fr\/#organization\"},\"potentialAction\":[{\"@type\":\"SearchAction\",\"target\":{\"@type\":\"EntryPoint\",\"urlTemplate\":\"https:\/\/www.tomhemps.com\/fr\/?s={search_term_string}\"},\"query-input\":\"required name=search_term_string\"}],\"inLanguage\":\"fr-FR\"},{\"@type\":\"Organization\",\"@id\":\"https:\/\/www.tomhemps.com\/fr\/#organization\",\"name\":\"Tom Hemp's CBD Shop\",\"alternateName\":\"Tom Hemp's Berlin\",\"url\":\"https:\/\/www.tomhemps.com\/fr\/\",\"logo\":{\"@type\":\"ImageObject\",\"inLanguage\":\"fr-FR\",\"@id\":\"https:\/\/www.tomhemps.com\/fr\/#\/schema\/logo\/image\/\",\"url\":\"https:\/\/www.tomhemps.com\/wp-content\/uploads\/2019\/04\/Logo-2019-e1581413011332.jpg\",\"contentUrl\":\"https:\/\/www.tomhemps.com\/wp-content\/uploads\/2019\/04\/Logo-2019-e1581413011332.jpg\",\"width\":460,\"height\":153,\"caption\":\"Tom Hemp's CBD Shop\"},\"image\":{\"@id\":\"https:\/\/www.tomhemps.com\/fr\/#\/schema\/logo\/image\/\"},\"sameAs\":[\"https:\/\/www.facebook.com\/tomhempsberlin\/\",\"https:\/\/www.instagram.com\/tomhemps_cbd\/\",\"https:\/\/www.youtube.com\/channel\/UCbGxDacLx_DRKyder_zVoNw\"]}]}<\/script>\n<!-- \/ Yoast SEO Premium plugin. -->","yoast_head_json":{"title":"Cendrier en Silicone Lime Green","description":"Cendrier en silicone \u00e9l\u00e9gant et r\u00e9sistant \u00e0 la chaleur de THCrew \u2013 incassable, facile \u00e0 nettoyer et parfait pour l'int\u00e9rieur et l'ext\u00e9rieur.","robots":{"index":"index","follow":"follow","max-snippet":"max-snippet:-1","max-image-preview":"max-image-preview:large","max-video-preview":"max-video-preview:-1"},"canonical":"https:\/\/www.tomhemps.com\/fr\/prf\/thcrew-silicon-ashtray\/","og_locale":"fr_FR","og_type":"article","og_title":"THCrew Cendrier en Silicone Lime Green","og_description":"Cendrier en silicone \u00e9l\u00e9gant et r\u00e9sistant \u00e0 la chaleur de THCrew \u2013 incassable, facile \u00e0 nettoyer et parfait pour l'int\u00e9rieur et l'ext\u00e9rieur.","og_url":"https:\/\/www.tomhemps.com\/fr\/prf\/thcrew-silicon-ashtray\/","og_site_name":"Your CBD Shop | Your CBD Brand | born in Berlin","article_publisher":"https:\/\/www.facebook.com\/tomhempsberlin\/","article_modified_time":"2025-12-08T22:00:05+00:00","og_image":[{"width":680,"height":850,"url":"https:\/\/www.tomhemps.com\/wp-content\/uploads\/2023\/07\/TH-products-680x850-silicon-ashtray-green-1.png","type":"image\/png"}],"twitter_card":"summary_large_image","twitter_misc":{"Dur\u00e9e de lecture estim\u00e9e":"2 minutes"},"schema":{"@context":"https:\/\/schema.org","@graph":[{"@type":"WebPage","@id":"https:\/\/www.tomhemps.com\/fr\/prf\/thcrew-silicon-ashtray\/","url":"https:\/\/www.tomhemps.com\/fr\/prf\/thcrew-silicon-ashtray\/","name":"Cendrier en Silicone Lime Green","isPartOf":{"@id":"https:\/\/www.tomhemps.com\/fr\/#website"},"primaryImageOfPage":{"@id":"https:\/\/www.tomhemps.com\/fr\/prf\/thcrew-silicon-ashtray\/#primaryimage"},"image":{"@id":"https:\/\/www.tomhemps.com\/fr\/prf\/thcrew-silicon-ashtray\/#primaryimage"},"thumbnailUrl":"https:\/\/www.tomhemps.com\/wp-content\/uploads\/2023\/07\/TH-products-680x850-silicon-ashtray-green-1.png","datePublished":"2023-07-11T14:02:28+00:00","dateModified":"2025-12-08T22:00:05+00:00","description":"Cendrier en silicone \u00e9l\u00e9gant et r\u00e9sistant \u00e0 la chaleur de THCrew \u2013 incassable, facile \u00e0 nettoyer et parfait pour l'int\u00e9rieur et l'ext\u00e9rieur.","breadcrumb":{"@id":"https:\/\/www.tomhemps.com\/fr\/prf\/thcrew-silicon-ashtray\/#breadcrumb"},"inLanguage":"fr-FR","potentialAction":[{"@type":"ReadAction","target":["https:\/\/www.tomhemps.com\/fr\/prf\/thcrew-silicon-ashtray\/"]}]},{"@type":"ImageObject","inLanguage":"fr-FR","@id":"https:\/\/www.tomhemps.com\/fr\/prf\/thcrew-silicon-ashtray\/#primaryimage","url":"https:\/\/www.tomhemps.com\/wp-content\/uploads\/2023\/07\/TH-products-680x850-silicon-ashtray-green-1.png","contentUrl":"https:\/\/www.tomhemps.com\/wp-content\/uploads\/2023\/07\/TH-products-680x850-silicon-ashtray-green-1.png","width":680,"height":850},{"@type":"BreadcrumbList","@id":"https:\/\/www.tomhemps.com\/fr\/prf\/thcrew-silicon-ashtray\/#breadcrumb","itemListElement":[{"@type":"ListItem","position":1,"name":"Startseite","item":"https:\/\/www.tomhemps.com\/fr\/"},{"@type":"ListItem","position":2,"name":"Shop","item":"https:\/\/www.tomhemps.com\/fr\/shop\/"},{"@type":"ListItem","position":3,"name":"THCrew Cendrier en Silicone Lime Green"}]},{"@type":"WebSite","@id":"https:\/\/www.tomhemps.com\/fr\/#website","url":"https:\/\/www.tomhemps.com\/fr\/","name":"Your CBD Shop | Your CBD Brand | born in Berlin","description":"CBD Shop Berlin","publisher":{"@id":"https:\/\/www.tomhemps.com\/fr\/#organization"},"potentialAction":[{"@type":"SearchAction","target":{"@type":"EntryPoint","urlTemplate":"https:\/\/www.tomhemps.com\/fr\/?s={search_term_string}"},"query-input":"required name=search_term_string"}],"inLanguage":"fr-FR"},{"@type":"Organization","@id":"https:\/\/www.tomhemps.com\/fr\/#organization","name":"Tom Hemp's CBD Shop","alternateName":"Tom Hemp's Berlin","url":"https:\/\/www.tomhemps.com\/fr\/","logo":{"@type":"ImageObject","inLanguage":"fr-FR","@id":"https:\/\/www.tomhemps.com\/fr\/#\/schema\/logo\/image\/","url":"https:\/\/www.tomhemps.com\/wp-content\/uploads\/2019\/04\/Logo-2019-e1581413011332.jpg","contentUrl":"https:\/\/www.tomhemps.com\/wp-content\/uploads\/2019\/04\/Logo-2019-e1581413011332.jpg","width":460,"height":153,"caption":"Tom Hemp's CBD Shop"},"image":{"@id":"https:\/\/www.tomhemps.com\/fr\/#\/schema\/logo\/image\/"},"sameAs":["https:\/\/www.facebook.com\/tomhempsberlin\/","https:\/\/www.instagram.com\/tomhemps_cbd\/","https:\/\/www.youtube.com\/channel\/UCbGxDacLx_DRKyder_zVoNw"]}]}},"fields":{"smoking_product":false,"pi_hd":false,"pi_hm":false,"pi_tot":"Qu'y a-t-il \u00e0 l'int\u00e9rieur?","pi_to":"<p>1x Cendrier en silicone Lime Green<\/p>\n","pi_tst":"Plus d'info","pi_ts":"<p>Diam\u00e8tre : \u00d8 90 mm<\/p>\n<p>Mat\u00e9riau en silicone flexible et r\u00e9sistant \u00e0 la chaleur \u2013 pas de traces de br\u00fblure, pas de casse<\/p>\n<p>Quatre coloris tendance \u2013 un design adapt\u00e9 \u00e0 tous les go\u00fbts<\/p>\n<p>Facile \u00e0 nettoyer \u2013 lavable au lave-vaisselle et anti-salissures<\/p>\n<p>Polyvalent \u2013 id\u00e9al pour les cigarettes, les joints, les cigares ou les pipes<\/p>\n<p>Adapt\u00e9 \u00e0 une utilisation en ext\u00e9rieur<\/p>\n","pi_dd":635115,"pi_t":161206},"_links":{"self":[{"href":"https:\/\/www.tomhemps.com\/fr\/wp-json\/wp\/v2\/product\/576874"}],"collection":[{"href":"https:\/\/www.tomhemps.com\/fr\/wp-json\/wp\/v2\/product"}],"about":[{"href":"https:\/\/www.tomhemps.com\/fr\/wp-json\/wp\/v2\/types\/product"}],"replies":[{"embeddable":true,"href":"https:\/\/www.tomhemps.com\/fr\/wp-json\/wp\/v2\/comments?post=576874"}],"wp:featuredmedia":[{"embeddable":true,"href":"https:\/\/www.tomhemps.com\/fr\/wp-json\/wp\/v2\/media\/635115"}],"wp:attachment":[{"href":"https:\/\/www.tomhemps.com\/fr\/wp-json\/wp\/v2\/media?parent=576874"}],"wp:term":[{"taxonomy":"product_cat","embeddable":true,"href":"https:\/\/www.tomhemps.com\/fr\/wp-json\/wp\/v2\/product_cat?post=576874"},{"taxonomy":"product_tag","embeddable":true,"href":"https:\/\/www.tomhemps.com\/fr\/wp-json\/wp\/v2\/product_tag?post=576874"}],"curies":[{"name":"wp","href":"https:\/\/api.w.org\/{rel}","templated":true}]}}