{"id":592102,"date":"2023-10-18T18:10:38","date_gmt":"2023-10-18T16:10:38","guid":{"rendered":"https:\/\/www.tomhemps.com\/product\/cbd-pre-rouler-4er-pack-420-mix\/"},"modified":"2023-10-25T13:13:49","modified_gmt":"2023-10-25T11:13:49","slug":"cbd-pre-rouler-4er-pack-420-mix","status":"publish","type":"product","link":"https:\/\/www.tomhemps.com\/fr\/prf\/cbd-pre-rouler-4er-pack-420-mix\/","title":{"rendered":"CBD Pr\u00e9-Rouler 4er Pack \/ 420 Mix"},"content":{"rendered":"","protected":false},"excerpt":{"rendered":"<p data-pm-slice=\"1 1 []\">Relevez vos manches, avec le coffret de 4 pr\u00e9-roul\u00e9s CBD de Tom Hemp&rsquo;s, le reste est d\u00e9j\u00e0 emball\u00e9 et pr\u00eat \u00e0 partir. Notre m\u00e9lange 420 est la star en mati\u00e8re de vari\u00e9t\u00e9, et avec ces c\u00f4nes de 0,65 g remplis, vous vivrez une v\u00e9ritable extravaganza de fleurs de CBD. Nos bourgeons ont \u00e9t\u00e9 tri\u00e9s \u00e0 la main, soigneusement tamis\u00e9s et d\u00e9licatement broy\u00e9s. Et le meilleur dans tout \u00e7a ? Ils viennent dans un \u00e9tui r\u00e9utilisable, pr\u00eat \u00e0 am\u00e9liorer votre quotidien. Bienvenue dans le monde du mix 420, o\u00f9 la praticit\u00e9 et la qualit\u00e9 vont de pair &#8211; de la pure magie des fleurs de CBD en format poche.<\/p>\n","protected":false},"featured_media":591179,"comment_status":"open","ping_status":"closed","template":"","meta":{"_acf_changed":false},"product_cat":[5007,965,973],"product_tag":[],"acf":[],"yoast_head":"<!-- This site is optimized with the Yoast SEO Premium plugin v22.8 (Yoast SEO v22.8) - https:\/\/yoast.com\/wordpress\/plugins\/seo\/ -->\n<title>CBD BL\u00dcTEN PRE-ROLL Pack de 4 420 Mix | Tom Hemp&#039;s<\/title>\n<meta name=\"description\" content=\"Paquet pr\u00e9-roul\u00e9 de fleurs de CBD 420 Mix, fait pour la commodit\u00e9. Notre 420 Mix est la rock star de la diversit\u00e9 et de la classe.\" \/>\n<meta name=\"robots\" content=\"index, follow, max-snippet:-1, max-image-preview:large, max-video-preview:-1\" \/>\n<link rel=\"canonical\" href=\"https:\/\/www.tomhemps.com\/fr\/prf\/cbd-pre-rouler-4er-pack-420-mix\/\" \/>\n<meta property=\"og:locale\" content=\"fr_FR\" \/>\n<meta property=\"og:type\" content=\"article\" \/>\n<meta property=\"og:title\" content=\"CBD Pr\u00e9-Rouler 4er Pack \/ 420 Mix\" \/>\n<meta property=\"og:description\" content=\"Paquet pr\u00e9-roul\u00e9 de fleurs de CBD 420 Mix, fait pour la commodit\u00e9. Notre 420 Mix est la rock star de la diversit\u00e9 et de la classe.\" \/>\n<meta property=\"og:url\" content=\"https:\/\/www.tomhemps.com\/fr\/prf\/cbd-pre-rouler-4er-pack-420-mix\/\" \/>\n<meta property=\"og:site_name\" content=\"Your CBD Shop | Your CBD Brand | born in Berlin\" \/>\n<meta property=\"article:publisher\" content=\"https:\/\/www.facebook.com\/tomhempsberlin\/\" \/>\n<meta property=\"article:modified_time\" content=\"2023-10-25T11:13:49+00:00\" \/>\n<meta property=\"og:image\" content=\"https:\/\/www.tomhemps.com\/wp-content\/uploads\/2022\/11\/TH-products-680x850-Pre-roll-mini-420-1.png\" \/>\n\t<meta property=\"og:image:width\" content=\"680\" \/>\n\t<meta property=\"og:image:height\" content=\"850\" \/>\n\t<meta property=\"og:image:type\" content=\"image\/png\" \/>\n<meta name=\"twitter:card\" content=\"summary_large_image\" \/>\n<script type=\"application\/ld+json\" class=\"yoast-schema-graph\">{\"@context\":\"https:\/\/schema.org\",\"@graph\":[{\"@type\":\"WebPage\",\"@id\":\"https:\/\/www.tomhemps.com\/fr\/prf\/cbd-pre-rouler-4er-pack-420-mix\/\",\"url\":\"https:\/\/www.tomhemps.com\/fr\/prf\/cbd-pre-rouler-4er-pack-420-mix\/\",\"name\":\"CBD BL\u00dcTEN PRE-ROLL Pack de 4 420 Mix | Tom Hemp's\",\"isPartOf\":{\"@id\":\"https:\/\/www.tomhemps.com\/fr\/#website\"},\"primaryImageOfPage\":{\"@id\":\"https:\/\/www.tomhemps.com\/fr\/prf\/cbd-pre-rouler-4er-pack-420-mix\/#primaryimage\"},\"image\":{\"@id\":\"https:\/\/www.tomhemps.com\/fr\/prf\/cbd-pre-rouler-4er-pack-420-mix\/#primaryimage\"},\"thumbnailUrl\":\"https:\/\/www.tomhemps.com\/wp-content\/uploads\/2022\/11\/TH-products-680x850-Pre-roll-mini-420-1.png\",\"datePublished\":\"2023-10-18T16:10:38+00:00\",\"dateModified\":\"2023-10-25T11:13:49+00:00\",\"description\":\"Paquet pr\u00e9-roul\u00e9 de fleurs de CBD 420 Mix, fait pour la commodit\u00e9. Notre 420 Mix est la rock star de la diversit\u00e9 et de la classe.\",\"breadcrumb\":{\"@id\":\"https:\/\/www.tomhemps.com\/fr\/prf\/cbd-pre-rouler-4er-pack-420-mix\/#breadcrumb\"},\"inLanguage\":\"fr-FR\",\"potentialAction\":[{\"@type\":\"ReadAction\",\"target\":[\"https:\/\/www.tomhemps.com\/fr\/prf\/cbd-pre-rouler-4er-pack-420-mix\/\"]}]},{\"@type\":\"ImageObject\",\"inLanguage\":\"fr-FR\",\"@id\":\"https:\/\/www.tomhemps.com\/fr\/prf\/cbd-pre-rouler-4er-pack-420-mix\/#primaryimage\",\"url\":\"https:\/\/www.tomhemps.com\/wp-content\/uploads\/2022\/11\/TH-products-680x850-Pre-roll-mini-420-1.png\",\"contentUrl\":\"https:\/\/www.tomhemps.com\/wp-content\/uploads\/2022\/11\/TH-products-680x850-Pre-roll-mini-420-1.png\",\"width\":680,\"height\":850,\"caption\":\"Teste die erlesenen Kompositionen von Tom Hemp's und finde deinen Favoriten!\"},{\"@type\":\"BreadcrumbList\",\"@id\":\"https:\/\/www.tomhemps.com\/fr\/prf\/cbd-pre-rouler-4er-pack-420-mix\/#breadcrumb\",\"itemListElement\":[{\"@type\":\"ListItem\",\"position\":1,\"name\":\"Startseite\",\"item\":\"https:\/\/www.tomhemps.com\/fr\/\"},{\"@type\":\"ListItem\",\"position\":2,\"name\":\"Shop\",\"item\":\"https:\/\/www.tomhemps.com\/fr\/shop\/\"},{\"@type\":\"ListItem\",\"position\":3,\"name\":\"CBD Pr\u00e9-Rouler 4er Pack \/ 420 Mix\"}]},{\"@type\":\"WebSite\",\"@id\":\"https:\/\/www.tomhemps.com\/fr\/#website\",\"url\":\"https:\/\/www.tomhemps.com\/fr\/\",\"name\":\"Your CBD Shop | Your CBD Brand | born in Berlin\",\"description\":\"CBD Shop Berlin\",\"publisher\":{\"@id\":\"https:\/\/www.tomhemps.com\/fr\/#organization\"},\"potentialAction\":[{\"@type\":\"SearchAction\",\"target\":{\"@type\":\"EntryPoint\",\"urlTemplate\":\"https:\/\/www.tomhemps.com\/fr\/?s={search_term_string}\"},\"query-input\":\"required name=search_term_string\"}],\"inLanguage\":\"fr-FR\"},{\"@type\":\"Organization\",\"@id\":\"https:\/\/www.tomhemps.com\/fr\/#organization\",\"name\":\"Tom Hemp's CBD Shop\",\"alternateName\":\"Tom Hemp's Berlin\",\"url\":\"https:\/\/www.tomhemps.com\/fr\/\",\"logo\":{\"@type\":\"ImageObject\",\"inLanguage\":\"fr-FR\",\"@id\":\"https:\/\/www.tomhemps.com\/fr\/#\/schema\/logo\/image\/\",\"url\":\"https:\/\/www.tomhemps.com\/wp-content\/uploads\/2019\/04\/Logo-2019-e1581413011332.jpg\",\"contentUrl\":\"https:\/\/www.tomhemps.com\/wp-content\/uploads\/2019\/04\/Logo-2019-e1581413011332.jpg\",\"width\":460,\"height\":153,\"caption\":\"Tom Hemp's CBD Shop\"},\"image\":{\"@id\":\"https:\/\/www.tomhemps.com\/fr\/#\/schema\/logo\/image\/\"},\"sameAs\":[\"https:\/\/www.facebook.com\/tomhempsberlin\/\",\"https:\/\/www.instagram.com\/tomhemps_cbd\/\",\"https:\/\/www.youtube.com\/channel\/UCbGxDacLx_DRKyder_zVoNw\"]}]}<\/script>\n<!-- \/ Yoast SEO Premium plugin. -->","yoast_head_json":{"title":"CBD BL\u00dcTEN PRE-ROLL Pack de 4 420 Mix | Tom Hemp's","description":"Paquet pr\u00e9-roul\u00e9 de fleurs de CBD 420 Mix, fait pour la commodit\u00e9. Notre 420 Mix est la rock star de la diversit\u00e9 et de la classe.","robots":{"index":"index","follow":"follow","max-snippet":"max-snippet:-1","max-image-preview":"max-image-preview:large","max-video-preview":"max-video-preview:-1"},"canonical":"https:\/\/www.tomhemps.com\/fr\/prf\/cbd-pre-rouler-4er-pack-420-mix\/","og_locale":"fr_FR","og_type":"article","og_title":"CBD Pr\u00e9-Rouler 4er Pack \/ 420 Mix","og_description":"Paquet pr\u00e9-roul\u00e9 de fleurs de CBD 420 Mix, fait pour la commodit\u00e9. Notre 420 Mix est la rock star de la diversit\u00e9 et de la classe.","og_url":"https:\/\/www.tomhemps.com\/fr\/prf\/cbd-pre-rouler-4er-pack-420-mix\/","og_site_name":"Your CBD Shop | Your CBD Brand | born in Berlin","article_publisher":"https:\/\/www.facebook.com\/tomhempsberlin\/","article_modified_time":"2023-10-25T11:13:49+00:00","og_image":[{"width":680,"height":850,"url":"https:\/\/www.tomhemps.com\/wp-content\/uploads\/2022\/11\/TH-products-680x850-Pre-roll-mini-420-1.png","type":"image\/png"}],"twitter_card":"summary_large_image","schema":{"@context":"https:\/\/schema.org","@graph":[{"@type":"WebPage","@id":"https:\/\/www.tomhemps.com\/fr\/prf\/cbd-pre-rouler-4er-pack-420-mix\/","url":"https:\/\/www.tomhemps.com\/fr\/prf\/cbd-pre-rouler-4er-pack-420-mix\/","name":"CBD BL\u00dcTEN PRE-ROLL Pack de 4 420 Mix | Tom Hemp's","isPartOf":{"@id":"https:\/\/www.tomhemps.com\/fr\/#website"},"primaryImageOfPage":{"@id":"https:\/\/www.tomhemps.com\/fr\/prf\/cbd-pre-rouler-4er-pack-420-mix\/#primaryimage"},"image":{"@id":"https:\/\/www.tomhemps.com\/fr\/prf\/cbd-pre-rouler-4er-pack-420-mix\/#primaryimage"},"thumbnailUrl":"https:\/\/www.tomhemps.com\/wp-content\/uploads\/2022\/11\/TH-products-680x850-Pre-roll-mini-420-1.png","datePublished":"2023-10-18T16:10:38+00:00","dateModified":"2023-10-25T11:13:49+00:00","description":"Paquet pr\u00e9-roul\u00e9 de fleurs de CBD 420 Mix, fait pour la commodit\u00e9. Notre 420 Mix est la rock star de la diversit\u00e9 et de la classe.","breadcrumb":{"@id":"https:\/\/www.tomhemps.com\/fr\/prf\/cbd-pre-rouler-4er-pack-420-mix\/#breadcrumb"},"inLanguage":"fr-FR","potentialAction":[{"@type":"ReadAction","target":["https:\/\/www.tomhemps.com\/fr\/prf\/cbd-pre-rouler-4er-pack-420-mix\/"]}]},{"@type":"ImageObject","inLanguage":"fr-FR","@id":"https:\/\/www.tomhemps.com\/fr\/prf\/cbd-pre-rouler-4er-pack-420-mix\/#primaryimage","url":"https:\/\/www.tomhemps.com\/wp-content\/uploads\/2022\/11\/TH-products-680x850-Pre-roll-mini-420-1.png","contentUrl":"https:\/\/www.tomhemps.com\/wp-content\/uploads\/2022\/11\/TH-products-680x850-Pre-roll-mini-420-1.png","width":680,"height":850,"caption":"Teste die erlesenen Kompositionen von Tom Hemp's und finde deinen Favoriten!"},{"@type":"BreadcrumbList","@id":"https:\/\/www.tomhemps.com\/fr\/prf\/cbd-pre-rouler-4er-pack-420-mix\/#breadcrumb","itemListElement":[{"@type":"ListItem","position":1,"name":"Startseite","item":"https:\/\/www.tomhemps.com\/fr\/"},{"@type":"ListItem","position":2,"name":"Shop","item":"https:\/\/www.tomhemps.com\/fr\/shop\/"},{"@type":"ListItem","position":3,"name":"CBD Pr\u00e9-Rouler 4er Pack \/ 420 Mix"}]},{"@type":"WebSite","@id":"https:\/\/www.tomhemps.com\/fr\/#website","url":"https:\/\/www.tomhemps.com\/fr\/","name":"Your CBD Shop | Your CBD Brand | born in Berlin","description":"CBD Shop Berlin","publisher":{"@id":"https:\/\/www.tomhemps.com\/fr\/#organization"},"potentialAction":[{"@type":"SearchAction","target":{"@type":"EntryPoint","urlTemplate":"https:\/\/www.tomhemps.com\/fr\/?s={search_term_string}"},"query-input":"required name=search_term_string"}],"inLanguage":"fr-FR"},{"@type":"Organization","@id":"https:\/\/www.tomhemps.com\/fr\/#organization","name":"Tom Hemp's CBD Shop","alternateName":"Tom Hemp's Berlin","url":"https:\/\/www.tomhemps.com\/fr\/","logo":{"@type":"ImageObject","inLanguage":"fr-FR","@id":"https:\/\/www.tomhemps.com\/fr\/#\/schema\/logo\/image\/","url":"https:\/\/www.tomhemps.com\/wp-content\/uploads\/2019\/04\/Logo-2019-e1581413011332.jpg","contentUrl":"https:\/\/www.tomhemps.com\/wp-content\/uploads\/2019\/04\/Logo-2019-e1581413011332.jpg","width":460,"height":153,"caption":"Tom Hemp's CBD Shop"},"image":{"@id":"https:\/\/www.tomhemps.com\/fr\/#\/schema\/logo\/image\/"},"sameAs":["https:\/\/www.facebook.com\/tomhempsberlin\/","https:\/\/www.instagram.com\/tomhemps_cbd\/","https:\/\/www.youtube.com\/channel\/UCbGxDacLx_DRKyder_zVoNw"]}]}},"fields":{"pi_dd":false,"pi_t":530165,"pi_hd":false,"pi_hm":false,"smoking_product":true,"pi_tot":"QU\u2019A-T-IL \u00c0 L'INT\u00c9RIEUR:","pi_to":"<p data-pm-slice=\"1 1 []\">4x Pre-Rolls \u00e0 0,65 grammes de fleurs de CBD par\u00e9es 420 Mix<\/p>\n<p>CBD : 6 &#8211; 8%.<br \/>\nTHC : &lt; 0,2%.<\/p>\n","pi_tst":"NOTICE D\u2019EMBALLAGE","pi_ts":"<p data-pm-slice=\"1 1 []\">Le produit est destin\u00e9 exclusivement \u00e0 un usage commercial, technique et scientifique. A conserver hors de port\u00e9e des enfants. Le produit ne peut pas \u00eatre transport\u00e9 \u00e0 l\u2019\u00e9tranger. L\u2019ingestion et le tabagisme de ce produit sont strictement interdits. Ces fleurs de chanvre industriel europ\u00e9en transform\u00e9es contiennent moins de 0,2 % de THC. Le nom du produit n\u2019a aucune signification ni aucun contexte par rapport \u00e0 d\u2019autres produits et est uniquement utilis\u00e9 \u00e0 des fins de marketing. La couleur des fleurs peut diff\u00e9rer des photos pr\u00e9sent\u00e9es, en fonction de la r\u00e9colte.<\/p>\n"},"_links":{"self":[{"href":"https:\/\/www.tomhemps.com\/fr\/wp-json\/wp\/v2\/product\/592102"}],"collection":[{"href":"https:\/\/www.tomhemps.com\/fr\/wp-json\/wp\/v2\/product"}],"about":[{"href":"https:\/\/www.tomhemps.com\/fr\/wp-json\/wp\/v2\/types\/product"}],"replies":[{"embeddable":true,"href":"https:\/\/www.tomhemps.com\/fr\/wp-json\/wp\/v2\/comments?post=592102"}],"wp:featuredmedia":[{"embeddable":true,"href":"https:\/\/www.tomhemps.com\/fr\/wp-json\/wp\/v2\/media\/591179"}],"wp:attachment":[{"href":"https:\/\/www.tomhemps.com\/fr\/wp-json\/wp\/v2\/media?parent=592102"}],"wp:term":[{"taxonomy":"product_cat","embeddable":true,"href":"https:\/\/www.tomhemps.com\/fr\/wp-json\/wp\/v2\/product_cat?post=592102"},{"taxonomy":"product_tag","embeddable":true,"href":"https:\/\/www.tomhemps.com\/fr\/wp-json\/wp\/v2\/product_tag?post=592102"}],"curies":[{"name":"wp","href":"https:\/\/api.w.org\/{rel}","templated":true}]}}