{"id":592485,"date":"2023-11-06T15:52:31","date_gmt":"2023-11-06T14:52:31","guid":{"rendered":"https:\/\/www.tomhemps.com\/product\/fleurs-de-cbd-meerjane-2-0\/"},"modified":"2026-04-15T18:18:46","modified_gmt":"2026-04-15T16:18:46","slug":"fleurs-de-cbd-meerjane-2-0","status":"publish","type":"product","link":"https:\/\/www.tomhemps.com\/fr\/prf\/fleurs-de-cbd-meerjane-2-0\/","title":{"rendered":"FLEURS DE CBD MEERJANE 2.0"},"content":{"rendered":"","protected":false},"excerpt":{"rendered":"<p><span style=\"font-weight: 400;\">Meerjane 2.0 est sans doute l&rsquo;une de nos cr\u00e9ations de fleurs CBD les plus ensorcelantes, con\u00e7ue \u00e0 partir de chanvre industriel cultiv\u00e9 sous serre, certifi\u00e9 par l&rsquo;Union europ\u00e9enne. Elle embrasse et incarne l&rsquo;esprit de la Dolce Vita, pr\u00e9tendant m\u00eame une parent\u00e9 avec Gelato en raison de son ar\u00f4me sucr\u00e9. Avec une teneur en CBD oscillant entre 10%, rien ne vous emp\u00eache de monter sur le nuage du bien-\u00eatre en compagnie de la sir\u00e8ne la plus cool du paradis du CBD, pas m\u00eame son prix.<\/span><\/p>\n","protected":false},"featured_media":592647,"comment_status":"open","ping_status":"closed","template":"","meta":{"_acf_changed":false},"product_cat":[5007,965,973],"product_tag":[],"acf":[],"yoast_head":"<!-- This site is optimized with the Yoast SEO Premium plugin v22.8 (Yoast SEO v22.8) - https:\/\/yoast.com\/wordpress\/plugins\/seo\/ -->\n<title>FLEURS DE CBD MEERJANE 2.0<\/title>\n<meta name=\"description\" content=\"FLEURS DE CBD MEERJANE 2.0 - Your CBD Shop | Your CBD Brand | born in Berlin\" \/>\n<meta name=\"robots\" content=\"index, follow, max-snippet:-1, max-image-preview:large, max-video-preview:-1\" \/>\n<link rel=\"canonical\" href=\"https:\/\/www.tomhemps.com\/fr\/prf\/fleurs-de-cbd-meerjane-2-0\/\" \/>\n<meta property=\"og:locale\" content=\"fr_FR\" \/>\n<meta property=\"og:type\" content=\"article\" \/>\n<meta property=\"og:title\" content=\"FLEURS DE CBD MEERJANE 2.0\" \/>\n<meta property=\"og:description\" content=\"FLEURS DE CBD MEERJANE 2.0 - Your CBD Shop | Your CBD Brand | born in Berlin\" \/>\n<meta property=\"og:url\" content=\"https:\/\/www.tomhemps.com\/fr\/prf\/fleurs-de-cbd-meerjane-2-0\/\" \/>\n<meta property=\"og:site_name\" content=\"Your CBD Shop | Your CBD Brand | born in Berlin\" \/>\n<meta property=\"article:publisher\" content=\"https:\/\/www.facebook.com\/tomhempsberlin\/\" \/>\n<meta property=\"article:modified_time\" content=\"2026-04-15T16:18:46+00:00\" \/>\n<meta property=\"og:image\" content=\"https:\/\/www.tomhemps.com\/wp-content\/uploads\/2023\/11\/TH-products-680x850-MeerJane-green.png\" \/>\n\t<meta property=\"og:image:width\" content=\"680\" \/>\n\t<meta property=\"og:image:height\" content=\"850\" \/>\n\t<meta property=\"og:image:type\" content=\"image\/png\" \/>\n<meta name=\"twitter:card\" content=\"summary_large_image\" \/>\n<script type=\"application\/ld+json\" class=\"yoast-schema-graph\">{\"@context\":\"https:\/\/schema.org\",\"@graph\":[{\"@type\":\"WebPage\",\"@id\":\"https:\/\/www.tomhemps.com\/fr\/prf\/fleurs-de-cbd-meerjane-2-0\/\",\"url\":\"https:\/\/www.tomhemps.com\/fr\/prf\/fleurs-de-cbd-meerjane-2-0\/\",\"name\":\"FLEURS DE CBD MEERJANE 2.0\",\"isPartOf\":{\"@id\":\"https:\/\/www.tomhemps.com\/fr\/#website\"},\"primaryImageOfPage\":{\"@id\":\"https:\/\/www.tomhemps.com\/fr\/prf\/fleurs-de-cbd-meerjane-2-0\/#primaryimage\"},\"image\":{\"@id\":\"https:\/\/www.tomhemps.com\/fr\/prf\/fleurs-de-cbd-meerjane-2-0\/#primaryimage\"},\"thumbnailUrl\":\"https:\/\/www.tomhemps.com\/wp-content\/uploads\/2023\/11\/TH-products-680x850-MeerJane-green.png\",\"datePublished\":\"2023-11-06T14:52:31+00:00\",\"dateModified\":\"2026-04-15T16:18:46+00:00\",\"description\":\"FLEURS DE CBD MEERJANE 2.0 - Your CBD Shop | Your CBD Brand | born in Berlin\",\"breadcrumb\":{\"@id\":\"https:\/\/www.tomhemps.com\/fr\/prf\/fleurs-de-cbd-meerjane-2-0\/#breadcrumb\"},\"inLanguage\":\"fr-FR\",\"potentialAction\":[{\"@type\":\"ReadAction\",\"target\":[\"https:\/\/www.tomhemps.com\/fr\/prf\/fleurs-de-cbd-meerjane-2-0\/\"]}]},{\"@type\":\"ImageObject\",\"inLanguage\":\"fr-FR\",\"@id\":\"https:\/\/www.tomhemps.com\/fr\/prf\/fleurs-de-cbd-meerjane-2-0\/#primaryimage\",\"url\":\"https:\/\/www.tomhemps.com\/wp-content\/uploads\/2023\/11\/TH-products-680x850-MeerJane-green.png\",\"contentUrl\":\"https:\/\/www.tomhemps.com\/wp-content\/uploads\/2023\/11\/TH-products-680x850-MeerJane-green.png\",\"width\":680,\"height\":850},{\"@type\":\"BreadcrumbList\",\"@id\":\"https:\/\/www.tomhemps.com\/fr\/prf\/fleurs-de-cbd-meerjane-2-0\/#breadcrumb\",\"itemListElement\":[{\"@type\":\"ListItem\",\"position\":1,\"name\":\"Startseite\",\"item\":\"https:\/\/www.tomhemps.com\/fr\/\"},{\"@type\":\"ListItem\",\"position\":2,\"name\":\"Shop\",\"item\":\"https:\/\/www.tomhemps.com\/fr\/shop\/\"},{\"@type\":\"ListItem\",\"position\":3,\"name\":\"FLEURS DE CBD MEERJANE 2.0\"}]},{\"@type\":\"WebSite\",\"@id\":\"https:\/\/www.tomhemps.com\/fr\/#website\",\"url\":\"https:\/\/www.tomhemps.com\/fr\/\",\"name\":\"Your CBD Shop | Your CBD Brand | born in Berlin\",\"description\":\"CBD Shop Berlin\",\"publisher\":{\"@id\":\"https:\/\/www.tomhemps.com\/fr\/#organization\"},\"potentialAction\":[{\"@type\":\"SearchAction\",\"target\":{\"@type\":\"EntryPoint\",\"urlTemplate\":\"https:\/\/www.tomhemps.com\/fr\/?s={search_term_string}\"},\"query-input\":\"required name=search_term_string\"}],\"inLanguage\":\"fr-FR\"},{\"@type\":\"Organization\",\"@id\":\"https:\/\/www.tomhemps.com\/fr\/#organization\",\"name\":\"Tom Hemp's CBD Shop\",\"alternateName\":\"Tom Hemp's Berlin\",\"url\":\"https:\/\/www.tomhemps.com\/fr\/\",\"logo\":{\"@type\":\"ImageObject\",\"inLanguage\":\"fr-FR\",\"@id\":\"https:\/\/www.tomhemps.com\/fr\/#\/schema\/logo\/image\/\",\"url\":\"https:\/\/www.tomhemps.com\/wp-content\/uploads\/2019\/04\/Logo-2019-e1581413011332.jpg\",\"contentUrl\":\"https:\/\/www.tomhemps.com\/wp-content\/uploads\/2019\/04\/Logo-2019-e1581413011332.jpg\",\"width\":460,\"height\":153,\"caption\":\"Tom Hemp's CBD Shop\"},\"image\":{\"@id\":\"https:\/\/www.tomhemps.com\/fr\/#\/schema\/logo\/image\/\"},\"sameAs\":[\"https:\/\/www.facebook.com\/tomhempsberlin\/\",\"https:\/\/www.instagram.com\/tomhemps_cbd\/\",\"https:\/\/www.youtube.com\/channel\/UCbGxDacLx_DRKyder_zVoNw\"]}]}<\/script>\n<!-- \/ Yoast SEO Premium plugin. -->","yoast_head_json":{"title":"FLEURS DE CBD MEERJANE 2.0","description":"FLEURS DE CBD MEERJANE 2.0 - Your CBD Shop | Your CBD Brand | born in Berlin","robots":{"index":"index","follow":"follow","max-snippet":"max-snippet:-1","max-image-preview":"max-image-preview:large","max-video-preview":"max-video-preview:-1"},"canonical":"https:\/\/www.tomhemps.com\/fr\/prf\/fleurs-de-cbd-meerjane-2-0\/","og_locale":"fr_FR","og_type":"article","og_title":"FLEURS DE CBD MEERJANE 2.0","og_description":"FLEURS DE CBD MEERJANE 2.0 - Your CBD Shop | Your CBD Brand | born in Berlin","og_url":"https:\/\/www.tomhemps.com\/fr\/prf\/fleurs-de-cbd-meerjane-2-0\/","og_site_name":"Your CBD Shop | Your CBD Brand | born in Berlin","article_publisher":"https:\/\/www.facebook.com\/tomhempsberlin\/","article_modified_time":"2026-04-15T16:18:46+00:00","og_image":[{"width":680,"height":850,"url":"https:\/\/www.tomhemps.com\/wp-content\/uploads\/2023\/11\/TH-products-680x850-MeerJane-green.png","type":"image\/png"}],"twitter_card":"summary_large_image","schema":{"@context":"https:\/\/schema.org","@graph":[{"@type":"WebPage","@id":"https:\/\/www.tomhemps.com\/fr\/prf\/fleurs-de-cbd-meerjane-2-0\/","url":"https:\/\/www.tomhemps.com\/fr\/prf\/fleurs-de-cbd-meerjane-2-0\/","name":"FLEURS DE CBD MEERJANE 2.0","isPartOf":{"@id":"https:\/\/www.tomhemps.com\/fr\/#website"},"primaryImageOfPage":{"@id":"https:\/\/www.tomhemps.com\/fr\/prf\/fleurs-de-cbd-meerjane-2-0\/#primaryimage"},"image":{"@id":"https:\/\/www.tomhemps.com\/fr\/prf\/fleurs-de-cbd-meerjane-2-0\/#primaryimage"},"thumbnailUrl":"https:\/\/www.tomhemps.com\/wp-content\/uploads\/2023\/11\/TH-products-680x850-MeerJane-green.png","datePublished":"2023-11-06T14:52:31+00:00","dateModified":"2026-04-15T16:18:46+00:00","description":"FLEURS DE CBD MEERJANE 2.0 - Your CBD Shop | Your CBD Brand | born in Berlin","breadcrumb":{"@id":"https:\/\/www.tomhemps.com\/fr\/prf\/fleurs-de-cbd-meerjane-2-0\/#breadcrumb"},"inLanguage":"fr-FR","potentialAction":[{"@type":"ReadAction","target":["https:\/\/www.tomhemps.com\/fr\/prf\/fleurs-de-cbd-meerjane-2-0\/"]}]},{"@type":"ImageObject","inLanguage":"fr-FR","@id":"https:\/\/www.tomhemps.com\/fr\/prf\/fleurs-de-cbd-meerjane-2-0\/#primaryimage","url":"https:\/\/www.tomhemps.com\/wp-content\/uploads\/2023\/11\/TH-products-680x850-MeerJane-green.png","contentUrl":"https:\/\/www.tomhemps.com\/wp-content\/uploads\/2023\/11\/TH-products-680x850-MeerJane-green.png","width":680,"height":850},{"@type":"BreadcrumbList","@id":"https:\/\/www.tomhemps.com\/fr\/prf\/fleurs-de-cbd-meerjane-2-0\/#breadcrumb","itemListElement":[{"@type":"ListItem","position":1,"name":"Startseite","item":"https:\/\/www.tomhemps.com\/fr\/"},{"@type":"ListItem","position":2,"name":"Shop","item":"https:\/\/www.tomhemps.com\/fr\/shop\/"},{"@type":"ListItem","position":3,"name":"FLEURS DE CBD MEERJANE 2.0"}]},{"@type":"WebSite","@id":"https:\/\/www.tomhemps.com\/fr\/#website","url":"https:\/\/www.tomhemps.com\/fr\/","name":"Your CBD Shop | Your CBD Brand | born in Berlin","description":"CBD Shop Berlin","publisher":{"@id":"https:\/\/www.tomhemps.com\/fr\/#organization"},"potentialAction":[{"@type":"SearchAction","target":{"@type":"EntryPoint","urlTemplate":"https:\/\/www.tomhemps.com\/fr\/?s={search_term_string}"},"query-input":"required name=search_term_string"}],"inLanguage":"fr-FR"},{"@type":"Organization","@id":"https:\/\/www.tomhemps.com\/fr\/#organization","name":"Tom Hemp's CBD Shop","alternateName":"Tom Hemp's Berlin","url":"https:\/\/www.tomhemps.com\/fr\/","logo":{"@type":"ImageObject","inLanguage":"fr-FR","@id":"https:\/\/www.tomhemps.com\/fr\/#\/schema\/logo\/image\/","url":"https:\/\/www.tomhemps.com\/wp-content\/uploads\/2019\/04\/Logo-2019-e1581413011332.jpg","contentUrl":"https:\/\/www.tomhemps.com\/wp-content\/uploads\/2019\/04\/Logo-2019-e1581413011332.jpg","width":460,"height":153,"caption":"Tom Hemp's CBD Shop"},"image":{"@id":"https:\/\/www.tomhemps.com\/fr\/#\/schema\/logo\/image\/"},"sameAs":["https:\/\/www.facebook.com\/tomhempsberlin\/","https:\/\/www.instagram.com\/tomhemps_cbd\/","https:\/\/www.youtube.com\/channel\/UCbGxDacLx_DRKyder_zVoNw"]}]}},"fields":{"pi_t":530585,"pi_hd":false,"pi_hm":false,"pi_tot":"QU'Y A-T-IL \u00c0 L'INT\u00c9RIEUR","pi_to":"<p><span style=\"font-weight: 400;\">CBD 10%<br \/>\n<\/span><span style=\"font-weight: 400;\">THC &lt; 0,12%<\/span><\/p>\n<p><span style=\"font-weight: 400;\">Ingr\u00e9dients : Fleurs de chanvre industriel europ\u00e9en, s\u00e9ch\u00e9es<\/span><\/p>\n","pi_tst":"NOTICE D\u2019EMBALLAGE","pi_ts":"<p><span style=\"font-weight: 400;\">Le produit est destin\u00e9 exclusivement \u00e0 un usage commercial, technique et scientifique. A conserver hors de port\u00e9e des enfants. Le produit ne peut pas \u00eatre transport\u00e9 \u00e0 l\u2019\u00e9tranger. L\u2019ingestion et le tabagisme de ce produit sont strictement interdits. Ces fleurs de chanvre industriel europ\u00e9en transform\u00e9es contiennent moins de 0,2 % de THC. Le nom du produit n\u2019a aucune signification ni aucun contexte par rapport \u00e0 d\u2019autres produits et est uniquement utilis\u00e9 \u00e0 des fins de marketing.<\/span><\/p>\n<p><span style=\"font-weight: 400;\">La couleur des fleurs peut diff\u00e9rer des photos pr\u00e9sent\u00e9es, en fonction de la r\u00e9colte.<\/span><\/p>\n","pi_dd":592647,"smoking_product":true},"_links":{"self":[{"href":"https:\/\/www.tomhemps.com\/fr\/wp-json\/wp\/v2\/product\/592485"}],"collection":[{"href":"https:\/\/www.tomhemps.com\/fr\/wp-json\/wp\/v2\/product"}],"about":[{"href":"https:\/\/www.tomhemps.com\/fr\/wp-json\/wp\/v2\/types\/product"}],"replies":[{"embeddable":true,"href":"https:\/\/www.tomhemps.com\/fr\/wp-json\/wp\/v2\/comments?post=592485"}],"wp:featuredmedia":[{"embeddable":true,"href":"https:\/\/www.tomhemps.com\/fr\/wp-json\/wp\/v2\/media\/592647"}],"wp:attachment":[{"href":"https:\/\/www.tomhemps.com\/fr\/wp-json\/wp\/v2\/media?parent=592485"}],"wp:term":[{"taxonomy":"product_cat","embeddable":true,"href":"https:\/\/www.tomhemps.com\/fr\/wp-json\/wp\/v2\/product_cat?post=592485"},{"taxonomy":"product_tag","embeddable":true,"href":"https:\/\/www.tomhemps.com\/fr\/wp-json\/wp\/v2\/product_tag?post=592485"}],"curies":[{"name":"wp","href":"https:\/\/api.w.org\/{rel}","templated":true}]}}