{"id":593190,"date":"2023-11-20T20:53:15","date_gmt":"2023-11-20T19:53:16","guid":{"rendered":"https:\/\/www.tomhemps.com\/?post_type=product&#038;p=593190"},"modified":"2025-12-24T23:00:04","modified_gmt":"2025-12-24T22:00:04","slug":"the_big_smoking_xmas_set","status":"publish","type":"product","link":"https:\/\/www.tomhemps.com\/fr\/prf\/the_big_smoking_xmas_set\/","title":{"rendered":"THE BIG SMOKING XMAS SET"},"content":{"rendered":"","protected":false},"excerpt":{"rendered":"<p>Tu veux faire plaisir \u00e0 quelqu&rsquo;un de sp\u00e9cial pour No\u00ebl ? Le Flower Gift Set I de Tom Hemp&rsquo;s est alors un choix plus que judicieux. Les fleurs aromatiques Gorilla Glue, Berlin Kush 36 et Northern Lights ont \u00e9t\u00e9 soigneusement s\u00e9lectionn\u00e9es et combin\u00e9es avec amour dans ce set. Un set de papiers de Tom Hemp&rsquo;s est offert en suppl\u00e9ment. Cette surprise verte te sera livr\u00e9e dans un emballage pr\u00eat \u00e0 l&#8217;emploi, il ne te restera plus qu&rsquo;\u00e0 la d\u00e9poser sous le sapin.<\/p>\n","protected":false},"featured_media":593195,"comment_status":"open","ping_status":"closed","template":"","meta":{"_acf_changed":false},"product_cat":[978,5007,5115,990],"product_tag":[],"acf":[],"yoast_head":"<!-- This site is optimized with the Yoast SEO Premium plugin v22.8 (Yoast SEO v22.8) - https:\/\/yoast.com\/wordpress\/plugins\/seo\/ -->\n<title>THE BIG SMOKING XMAS SET<\/title>\n<meta name=\"description\" content=\"THE BIG SMOKING XMAS SET - Your CBD Shop | Your CBD Brand | born in Berlin\" \/>\n<meta name=\"robots\" content=\"index, follow, max-snippet:-1, max-image-preview:large, max-video-preview:-1\" \/>\n<link rel=\"canonical\" href=\"https:\/\/www.tomhemps.com\/fr\/prf\/the_big_smoking_xmas_set\/\" \/>\n<meta property=\"og:locale\" content=\"fr_FR\" \/>\n<meta property=\"og:type\" content=\"article\" \/>\n<meta property=\"og:title\" content=\"THE BIG SMOKING XMAS SET\" \/>\n<meta property=\"og:description\" content=\"THE BIG SMOKING XMAS SET - Your CBD Shop | Your CBD Brand | born in Berlin\" \/>\n<meta property=\"og:url\" content=\"https:\/\/www.tomhemps.com\/fr\/prf\/the_big_smoking_xmas_set\/\" \/>\n<meta property=\"og:site_name\" content=\"Your CBD Shop | Your CBD Brand | born in Berlin\" \/>\n<meta property=\"article:publisher\" content=\"https:\/\/www.facebook.com\/tomhempsberlin\/\" \/>\n<meta property=\"article:modified_time\" content=\"2025-12-24T22:00:04+00:00\" \/>\n<meta property=\"og:image\" content=\"https:\/\/www.tomhemps.com\/wp-content\/uploads\/2023\/11\/TH-products-680x850-TH-products-680x850-big-xmas-set-2.png\" \/>\n\t<meta property=\"og:image:width\" content=\"680\" \/>\n\t<meta property=\"og:image:height\" content=\"850\" \/>\n\t<meta property=\"og:image:type\" content=\"image\/png\" \/>\n<meta name=\"twitter:card\" content=\"summary_large_image\" \/>\n<script type=\"application\/ld+json\" class=\"yoast-schema-graph\">{\"@context\":\"https:\/\/schema.org\",\"@graph\":[{\"@type\":\"WebPage\",\"@id\":\"https:\/\/www.tomhemps.com\/fr\/prf\/the_big_smoking_xmas_set\/\",\"url\":\"https:\/\/www.tomhemps.com\/fr\/prf\/the_big_smoking_xmas_set\/\",\"name\":\"THE BIG SMOKING XMAS SET\",\"isPartOf\":{\"@id\":\"https:\/\/www.tomhemps.com\/fr\/#website\"},\"primaryImageOfPage\":{\"@id\":\"https:\/\/www.tomhemps.com\/fr\/prf\/the_big_smoking_xmas_set\/#primaryimage\"},\"image\":{\"@id\":\"https:\/\/www.tomhemps.com\/fr\/prf\/the_big_smoking_xmas_set\/#primaryimage\"},\"thumbnailUrl\":\"https:\/\/www.tomhemps.com\/wp-content\/uploads\/2023\/11\/TH-products-680x850-TH-products-680x850-big-xmas-set-2.png\",\"datePublished\":\"2023-11-20T19:53:16+00:00\",\"dateModified\":\"2025-12-24T22:00:04+00:00\",\"description\":\"THE BIG SMOKING XMAS SET - Your CBD Shop | Your CBD Brand | born in Berlin\",\"breadcrumb\":{\"@id\":\"https:\/\/www.tomhemps.com\/fr\/prf\/the_big_smoking_xmas_set\/#breadcrumb\"},\"inLanguage\":\"fr-FR\",\"potentialAction\":[{\"@type\":\"ReadAction\",\"target\":[\"https:\/\/www.tomhemps.com\/fr\/prf\/the_big_smoking_xmas_set\/\"]}]},{\"@type\":\"ImageObject\",\"inLanguage\":\"fr-FR\",\"@id\":\"https:\/\/www.tomhemps.com\/fr\/prf\/the_big_smoking_xmas_set\/#primaryimage\",\"url\":\"https:\/\/www.tomhemps.com\/wp-content\/uploads\/2023\/11\/TH-products-680x850-TH-products-680x850-big-xmas-set-2.png\",\"contentUrl\":\"https:\/\/www.tomhemps.com\/wp-content\/uploads\/2023\/11\/TH-products-680x850-TH-products-680x850-big-xmas-set-2.png\",\"width\":680,\"height\":850},{\"@type\":\"BreadcrumbList\",\"@id\":\"https:\/\/www.tomhemps.com\/fr\/prf\/the_big_smoking_xmas_set\/#breadcrumb\",\"itemListElement\":[{\"@type\":\"ListItem\",\"position\":1,\"name\":\"Startseite\",\"item\":\"https:\/\/www.tomhemps.com\/fr\/\"},{\"@type\":\"ListItem\",\"position\":2,\"name\":\"Shop\",\"item\":\"https:\/\/www.tomhemps.com\/fr\/shop\/\"},{\"@type\":\"ListItem\",\"position\":3,\"name\":\"THE BIG SMOKING XMAS SET\"}]},{\"@type\":\"WebSite\",\"@id\":\"https:\/\/www.tomhemps.com\/fr\/#website\",\"url\":\"https:\/\/www.tomhemps.com\/fr\/\",\"name\":\"Your CBD Shop | Your CBD Brand | born in Berlin\",\"description\":\"CBD Shop Berlin\",\"publisher\":{\"@id\":\"https:\/\/www.tomhemps.com\/fr\/#organization\"},\"potentialAction\":[{\"@type\":\"SearchAction\",\"target\":{\"@type\":\"EntryPoint\",\"urlTemplate\":\"https:\/\/www.tomhemps.com\/fr\/?s={search_term_string}\"},\"query-input\":\"required name=search_term_string\"}],\"inLanguage\":\"fr-FR\"},{\"@type\":\"Organization\",\"@id\":\"https:\/\/www.tomhemps.com\/fr\/#organization\",\"name\":\"Tom Hemp's CBD Shop\",\"alternateName\":\"Tom Hemp's Berlin\",\"url\":\"https:\/\/www.tomhemps.com\/fr\/\",\"logo\":{\"@type\":\"ImageObject\",\"inLanguage\":\"fr-FR\",\"@id\":\"https:\/\/www.tomhemps.com\/fr\/#\/schema\/logo\/image\/\",\"url\":\"https:\/\/www.tomhemps.com\/wp-content\/uploads\/2019\/04\/Logo-2019-e1581413011332.jpg\",\"contentUrl\":\"https:\/\/www.tomhemps.com\/wp-content\/uploads\/2019\/04\/Logo-2019-e1581413011332.jpg\",\"width\":460,\"height\":153,\"caption\":\"Tom Hemp's CBD Shop\"},\"image\":{\"@id\":\"https:\/\/www.tomhemps.com\/fr\/#\/schema\/logo\/image\/\"},\"sameAs\":[\"https:\/\/www.facebook.com\/tomhempsberlin\/\",\"https:\/\/www.instagram.com\/tomhemps_cbd\/\",\"https:\/\/www.youtube.com\/channel\/UCbGxDacLx_DRKyder_zVoNw\"]}]}<\/script>\n<!-- \/ Yoast SEO Premium plugin. -->","yoast_head_json":{"title":"THE BIG SMOKING XMAS SET","description":"THE BIG SMOKING XMAS SET - Your CBD Shop | Your CBD Brand | born in Berlin","robots":{"index":"index","follow":"follow","max-snippet":"max-snippet:-1","max-image-preview":"max-image-preview:large","max-video-preview":"max-video-preview:-1"},"canonical":"https:\/\/www.tomhemps.com\/fr\/prf\/the_big_smoking_xmas_set\/","og_locale":"fr_FR","og_type":"article","og_title":"THE BIG SMOKING XMAS SET","og_description":"THE BIG SMOKING XMAS SET - Your CBD Shop | Your CBD Brand | born in Berlin","og_url":"https:\/\/www.tomhemps.com\/fr\/prf\/the_big_smoking_xmas_set\/","og_site_name":"Your CBD Shop | Your CBD Brand | born in Berlin","article_publisher":"https:\/\/www.facebook.com\/tomhempsberlin\/","article_modified_time":"2025-12-24T22:00:04+00:00","og_image":[{"width":680,"height":850,"url":"https:\/\/www.tomhemps.com\/wp-content\/uploads\/2023\/11\/TH-products-680x850-TH-products-680x850-big-xmas-set-2.png","type":"image\/png"}],"twitter_card":"summary_large_image","schema":{"@context":"https:\/\/schema.org","@graph":[{"@type":"WebPage","@id":"https:\/\/www.tomhemps.com\/fr\/prf\/the_big_smoking_xmas_set\/","url":"https:\/\/www.tomhemps.com\/fr\/prf\/the_big_smoking_xmas_set\/","name":"THE BIG SMOKING XMAS SET","isPartOf":{"@id":"https:\/\/www.tomhemps.com\/fr\/#website"},"primaryImageOfPage":{"@id":"https:\/\/www.tomhemps.com\/fr\/prf\/the_big_smoking_xmas_set\/#primaryimage"},"image":{"@id":"https:\/\/www.tomhemps.com\/fr\/prf\/the_big_smoking_xmas_set\/#primaryimage"},"thumbnailUrl":"https:\/\/www.tomhemps.com\/wp-content\/uploads\/2023\/11\/TH-products-680x850-TH-products-680x850-big-xmas-set-2.png","datePublished":"2023-11-20T19:53:16+00:00","dateModified":"2025-12-24T22:00:04+00:00","description":"THE BIG SMOKING XMAS SET - Your CBD Shop | Your CBD Brand | born in Berlin","breadcrumb":{"@id":"https:\/\/www.tomhemps.com\/fr\/prf\/the_big_smoking_xmas_set\/#breadcrumb"},"inLanguage":"fr-FR","potentialAction":[{"@type":"ReadAction","target":["https:\/\/www.tomhemps.com\/fr\/prf\/the_big_smoking_xmas_set\/"]}]},{"@type":"ImageObject","inLanguage":"fr-FR","@id":"https:\/\/www.tomhemps.com\/fr\/prf\/the_big_smoking_xmas_set\/#primaryimage","url":"https:\/\/www.tomhemps.com\/wp-content\/uploads\/2023\/11\/TH-products-680x850-TH-products-680x850-big-xmas-set-2.png","contentUrl":"https:\/\/www.tomhemps.com\/wp-content\/uploads\/2023\/11\/TH-products-680x850-TH-products-680x850-big-xmas-set-2.png","width":680,"height":850},{"@type":"BreadcrumbList","@id":"https:\/\/www.tomhemps.com\/fr\/prf\/the_big_smoking_xmas_set\/#breadcrumb","itemListElement":[{"@type":"ListItem","position":1,"name":"Startseite","item":"https:\/\/www.tomhemps.com\/fr\/"},{"@type":"ListItem","position":2,"name":"Shop","item":"https:\/\/www.tomhemps.com\/fr\/shop\/"},{"@type":"ListItem","position":3,"name":"THE BIG SMOKING XMAS SET"}]},{"@type":"WebSite","@id":"https:\/\/www.tomhemps.com\/fr\/#website","url":"https:\/\/www.tomhemps.com\/fr\/","name":"Your CBD Shop | Your CBD Brand | born in Berlin","description":"CBD Shop Berlin","publisher":{"@id":"https:\/\/www.tomhemps.com\/fr\/#organization"},"potentialAction":[{"@type":"SearchAction","target":{"@type":"EntryPoint","urlTemplate":"https:\/\/www.tomhemps.com\/fr\/?s={search_term_string}"},"query-input":"required name=search_term_string"}],"inLanguage":"fr-FR"},{"@type":"Organization","@id":"https:\/\/www.tomhemps.com\/fr\/#organization","name":"Tom Hemp's CBD Shop","alternateName":"Tom Hemp's Berlin","url":"https:\/\/www.tomhemps.com\/fr\/","logo":{"@type":"ImageObject","inLanguage":"fr-FR","@id":"https:\/\/www.tomhemps.com\/fr\/#\/schema\/logo\/image\/","url":"https:\/\/www.tomhemps.com\/wp-content\/uploads\/2019\/04\/Logo-2019-e1581413011332.jpg","contentUrl":"https:\/\/www.tomhemps.com\/wp-content\/uploads\/2019\/04\/Logo-2019-e1581413011332.jpg","width":460,"height":153,"caption":"Tom Hemp's CBD Shop"},"image":{"@id":"https:\/\/www.tomhemps.com\/fr\/#\/schema\/logo\/image\/"},"sameAs":["https:\/\/www.facebook.com\/tomhempsberlin\/","https:\/\/www.instagram.com\/tomhemps_cbd\/","https:\/\/www.youtube.com\/channel\/UCbGxDacLx_DRKyder_zVoNw"]}]}},"fields":{"pi_tot":"Qu'y a-t-il \u00e0 l'int\u00e9rieur ?","pi_tst":"Notice D'emballage","pi_t":171590,"pi_to":"<p>1 x 240 CHARCOAL FILTERS<br \/>\n3 x TH CLIPPER (random colour)<br \/>\n1 x SMALL TRAY SMALL FRIENDS<br \/>\n1 x SMALL TRAY HOLOGRAPHIC THC<br \/>\n1 x SILICON ASHTRAY MULTICOLOUR<br \/>\n1 x SILICON ASHTRAY LIME GREEN<br \/>\n1 x NOTCH GRINDER<br \/>\n1 x PAPERS GALAXY KSS + TIPS<br \/>\n1 x PAPERS HOLOGRAPHIC GREEN KSS<br \/>\n1 x PAPERS QUEEN SIZE SMALL FRIENDS<br \/>\n2 x POPPY BOX<\/p>\n","pi_ts":"<p>Avec ce set cadeau compos\u00e9 de tous nos accessoires \u00e0 fumer les plus populaires, tu es s\u00fbr de faire de cette f\u00eate un moment inoubliable. Chaque pi\u00e8ce soigneusement s\u00e9lectionn\u00e9e garantit un m\u00e9lange festif de style et de fonctionnalit\u00e9, de solennit\u00e9 et de raffinement. Pourquoi ne pas tout offrir quand on peut tout offrir avec le set The Big Smoking Xmas ?<\/p>\n","pi_hd":false,"pi_hm":false,"pi_dd":false,"smoking_product":false,"gs_contents":"1 x SMALL TRAY SMALL FRIENDS\r\n1 x SILICON ASHTRAY MULTICOLOUR\r\n1 x NOTCH GRINDER\r\n1 x KSS Blooket (Design variiert)\r\n1 x PAPERS KSS\r\n1 x SOCKEN"},"_links":{"self":[{"href":"https:\/\/www.tomhemps.com\/fr\/wp-json\/wp\/v2\/product\/593190"}],"collection":[{"href":"https:\/\/www.tomhemps.com\/fr\/wp-json\/wp\/v2\/product"}],"about":[{"href":"https:\/\/www.tomhemps.com\/fr\/wp-json\/wp\/v2\/types\/product"}],"replies":[{"embeddable":true,"href":"https:\/\/www.tomhemps.com\/fr\/wp-json\/wp\/v2\/comments?post=593190"}],"wp:featuredmedia":[{"embeddable":true,"href":"https:\/\/www.tomhemps.com\/fr\/wp-json\/wp\/v2\/media\/593195"}],"wp:attachment":[{"href":"https:\/\/www.tomhemps.com\/fr\/wp-json\/wp\/v2\/media?parent=593190"}],"wp:term":[{"taxonomy":"product_cat","embeddable":true,"href":"https:\/\/www.tomhemps.com\/fr\/wp-json\/wp\/v2\/product_cat?post=593190"},{"taxonomy":"product_tag","embeddable":true,"href":"https:\/\/www.tomhemps.com\/fr\/wp-json\/wp\/v2\/product_tag?post=593190"}],"curies":[{"name":"wp","href":"https:\/\/api.w.org\/{rel}","templated":true}]}}