{"id":593658,"date":"2023-11-14T16:12:12","date_gmt":"2023-11-27T12:15:26","guid":{"rendered":"https:\/\/www.tomhemps.com\/?post_type=product&#038;p=593658"},"modified":"2023-11-27T13:43:50","modified_gmt":"2023-11-27T12:43:50","slug":"grove-terploc-opaque-pouch-fr","status":"publish","type":"product","link":"https:\/\/www.tomhemps.com\/fr\/prf\/grove-terploc-opaque-pouch-fr\/","title":{"rendered":"Grove TerpLoc\u00ae Opaque Pouch"},"content":{"rendered":"","protected":false},"excerpt":{"rendered":"<p><span style=\"font-weight: 400;\">Les pochettes opaques \u00e0 fermeture \u00e9clair TerpLoc\u00ae sont les gardiennes de vos herbes. Con\u00e7ues pour r\u00e9pondre aux besoins particuliers des herbes, elles pr\u00e9servent leur poids, \u00e9loignent la moisissure et prot\u00e8gent les terp\u00e8nes. Scellez votre r\u00e9serve et observez la magie \u00e0 l&rsquo;\u0153uvre. Elles filtrent les gaz et l&rsquo;humidit\u00e9 ind\u00e9sirables tout en maintenant un taux d&rsquo;humidit\u00e9 optimal (58-62 %). Il ne s&rsquo;agit pas seulement de maintenir la fra\u00eecheur, mais aussi de lutter contre l&rsquo;oxydation et de prot\u00e9ger contre les rayons UV!<\/span><\/p>\n","protected":false},"featured_media":593646,"comment_status":"open","ping_status":"closed","template":"","meta":{"_acf_changed":false},"product_cat":[2830],"product_tag":[],"acf":[],"yoast_head":"<!-- This site is optimized with the Yoast SEO Premium plugin v22.8 (Yoast SEO v22.8) - https:\/\/yoast.com\/wordpress\/plugins\/seo\/ -->\n<title>Grove TerpLoc\u00ae Opaque Pouch<\/title>\n<meta name=\"description\" content=\"Sacs de stockage d&#039;herbe de Grove avec technologie TerpLoc\" \/>\n<meta name=\"robots\" content=\"index, follow, max-snippet:-1, max-image-preview:large, max-video-preview:-1\" \/>\n<link rel=\"canonical\" href=\"https:\/\/www.tomhemps.com\/fr\/prf\/grove-terploc-opaque-pouch-fr\/\" \/>\n<meta property=\"og:locale\" content=\"fr_FR\" \/>\n<meta property=\"og:type\" content=\"article\" \/>\n<meta property=\"og:title\" content=\"Grove TerpLoc\u00ae Opaque Pouch\" \/>\n<meta property=\"og:description\" content=\"Sacs de stockage d&#039;herbe de Grove avec technologie TerpLoc\" \/>\n<meta property=\"og:url\" content=\"https:\/\/www.tomhemps.com\/fr\/prf\/grove-terploc-opaque-pouch-fr\/\" \/>\n<meta property=\"og:site_name\" content=\"Your CBD Shop | Your CBD Brand | born in Berlin\" \/>\n<meta property=\"article:publisher\" content=\"https:\/\/www.facebook.com\/tomhempsberlin\/\" \/>\n<meta property=\"article:modified_time\" content=\"2023-11-27T12:43:50+00:00\" \/>\n<meta property=\"og:image\" content=\"https:\/\/www.tomhemps.com\/wp-content\/uploads\/2023\/11\/Opaque-250g-Mockup-FRONT-60025_1.png\" \/>\n\t<meta property=\"og:image:width\" content=\"2387\" \/>\n\t<meta property=\"og:image:height\" content=\"1875\" \/>\n\t<meta property=\"og:image:type\" content=\"image\/png\" \/>\n<meta name=\"twitter:card\" content=\"summary_large_image\" \/>\n<script type=\"application\/ld+json\" class=\"yoast-schema-graph\">{\"@context\":\"https:\/\/schema.org\",\"@graph\":[{\"@type\":\"WebPage\",\"@id\":\"https:\/\/www.tomhemps.com\/fr\/prf\/grove-terploc-opaque-pouch-fr\/\",\"url\":\"https:\/\/www.tomhemps.com\/fr\/prf\/grove-terploc-opaque-pouch-fr\/\",\"name\":\"Grove TerpLoc\u00ae Opaque Pouch\",\"isPartOf\":{\"@id\":\"https:\/\/www.tomhemps.com\/fr\/#website\"},\"primaryImageOfPage\":{\"@id\":\"https:\/\/www.tomhemps.com\/fr\/prf\/grove-terploc-opaque-pouch-fr\/#primaryimage\"},\"image\":{\"@id\":\"https:\/\/www.tomhemps.com\/fr\/prf\/grove-terploc-opaque-pouch-fr\/#primaryimage\"},\"thumbnailUrl\":\"https:\/\/www.tomhemps.com\/wp-content\/uploads\/2023\/11\/Opaque-250g-Mockup-FRONT-60025_1.png\",\"datePublished\":\"2023-11-27T12:15:26+00:00\",\"dateModified\":\"2023-11-27T12:43:50+00:00\",\"description\":\"Sacs de stockage d'herbe de Grove avec technologie TerpLoc\",\"breadcrumb\":{\"@id\":\"https:\/\/www.tomhemps.com\/fr\/prf\/grove-terploc-opaque-pouch-fr\/#breadcrumb\"},\"inLanguage\":\"fr-FR\",\"potentialAction\":[{\"@type\":\"ReadAction\",\"target\":[\"https:\/\/www.tomhemps.com\/fr\/prf\/grove-terploc-opaque-pouch-fr\/\"]}]},{\"@type\":\"ImageObject\",\"inLanguage\":\"fr-FR\",\"@id\":\"https:\/\/www.tomhemps.com\/fr\/prf\/grove-terploc-opaque-pouch-fr\/#primaryimage\",\"url\":\"https:\/\/www.tomhemps.com\/wp-content\/uploads\/2023\/11\/Opaque-250g-Mockup-FRONT-60025_1.png\",\"contentUrl\":\"https:\/\/www.tomhemps.com\/wp-content\/uploads\/2023\/11\/Opaque-250g-Mockup-FRONT-60025_1.png\",\"width\":2387,\"height\":1875,\"caption\":\"Opaque 250g Mockup Front (60025 1)\"},{\"@type\":\"BreadcrumbList\",\"@id\":\"https:\/\/www.tomhemps.com\/fr\/prf\/grove-terploc-opaque-pouch-fr\/#breadcrumb\",\"itemListElement\":[{\"@type\":\"ListItem\",\"position\":1,\"name\":\"Startseite\",\"item\":\"https:\/\/www.tomhemps.com\/fr\/\"},{\"@type\":\"ListItem\",\"position\":2,\"name\":\"Shop\",\"item\":\"https:\/\/www.tomhemps.com\/fr\/shop\/\"},{\"@type\":\"ListItem\",\"position\":3,\"name\":\"Grove TerpLoc\u00ae Opaque Pouch\"}]},{\"@type\":\"WebSite\",\"@id\":\"https:\/\/www.tomhemps.com\/fr\/#website\",\"url\":\"https:\/\/www.tomhemps.com\/fr\/\",\"name\":\"Your CBD Shop | Your CBD Brand | born in Berlin\",\"description\":\"CBD Shop Berlin\",\"publisher\":{\"@id\":\"https:\/\/www.tomhemps.com\/fr\/#organization\"},\"potentialAction\":[{\"@type\":\"SearchAction\",\"target\":{\"@type\":\"EntryPoint\",\"urlTemplate\":\"https:\/\/www.tomhemps.com\/fr\/?s={search_term_string}\"},\"query-input\":\"required name=search_term_string\"}],\"inLanguage\":\"fr-FR\"},{\"@type\":\"Organization\",\"@id\":\"https:\/\/www.tomhemps.com\/fr\/#organization\",\"name\":\"Tom Hemp's CBD Shop\",\"alternateName\":\"Tom Hemp's Berlin\",\"url\":\"https:\/\/www.tomhemps.com\/fr\/\",\"logo\":{\"@type\":\"ImageObject\",\"inLanguage\":\"fr-FR\",\"@id\":\"https:\/\/www.tomhemps.com\/fr\/#\/schema\/logo\/image\/\",\"url\":\"https:\/\/www.tomhemps.com\/wp-content\/uploads\/2019\/04\/Logo-2019-e1581413011332.jpg\",\"contentUrl\":\"https:\/\/www.tomhemps.com\/wp-content\/uploads\/2019\/04\/Logo-2019-e1581413011332.jpg\",\"width\":460,\"height\":153,\"caption\":\"Tom Hemp's CBD Shop\"},\"image\":{\"@id\":\"https:\/\/www.tomhemps.com\/fr\/#\/schema\/logo\/image\/\"},\"sameAs\":[\"https:\/\/www.facebook.com\/tomhempsberlin\/\",\"https:\/\/www.instagram.com\/tomhemps_cbd\/\",\"https:\/\/www.youtube.com\/channel\/UCbGxDacLx_DRKyder_zVoNw\"]}]}<\/script>\n<!-- \/ Yoast SEO Premium plugin. -->","yoast_head_json":{"title":"Grove TerpLoc\u00ae Opaque Pouch","description":"Sacs de stockage d'herbe de Grove avec technologie TerpLoc","robots":{"index":"index","follow":"follow","max-snippet":"max-snippet:-1","max-image-preview":"max-image-preview:large","max-video-preview":"max-video-preview:-1"},"canonical":"https:\/\/www.tomhemps.com\/fr\/prf\/grove-terploc-opaque-pouch-fr\/","og_locale":"fr_FR","og_type":"article","og_title":"Grove TerpLoc\u00ae Opaque Pouch","og_description":"Sacs de stockage d'herbe de Grove avec technologie TerpLoc","og_url":"https:\/\/www.tomhemps.com\/fr\/prf\/grove-terploc-opaque-pouch-fr\/","og_site_name":"Your CBD Shop | Your CBD Brand | born in Berlin","article_publisher":"https:\/\/www.facebook.com\/tomhempsberlin\/","article_modified_time":"2023-11-27T12:43:50+00:00","og_image":[{"width":2387,"height":1875,"url":"https:\/\/www.tomhemps.com\/wp-content\/uploads\/2023\/11\/Opaque-250g-Mockup-FRONT-60025_1.png","type":"image\/png"}],"twitter_card":"summary_large_image","schema":{"@context":"https:\/\/schema.org","@graph":[{"@type":"WebPage","@id":"https:\/\/www.tomhemps.com\/fr\/prf\/grove-terploc-opaque-pouch-fr\/","url":"https:\/\/www.tomhemps.com\/fr\/prf\/grove-terploc-opaque-pouch-fr\/","name":"Grove TerpLoc\u00ae Opaque Pouch","isPartOf":{"@id":"https:\/\/www.tomhemps.com\/fr\/#website"},"primaryImageOfPage":{"@id":"https:\/\/www.tomhemps.com\/fr\/prf\/grove-terploc-opaque-pouch-fr\/#primaryimage"},"image":{"@id":"https:\/\/www.tomhemps.com\/fr\/prf\/grove-terploc-opaque-pouch-fr\/#primaryimage"},"thumbnailUrl":"https:\/\/www.tomhemps.com\/wp-content\/uploads\/2023\/11\/Opaque-250g-Mockup-FRONT-60025_1.png","datePublished":"2023-11-27T12:15:26+00:00","dateModified":"2023-11-27T12:43:50+00:00","description":"Sacs de stockage d'herbe de Grove avec technologie TerpLoc","breadcrumb":{"@id":"https:\/\/www.tomhemps.com\/fr\/prf\/grove-terploc-opaque-pouch-fr\/#breadcrumb"},"inLanguage":"fr-FR","potentialAction":[{"@type":"ReadAction","target":["https:\/\/www.tomhemps.com\/fr\/prf\/grove-terploc-opaque-pouch-fr\/"]}]},{"@type":"ImageObject","inLanguage":"fr-FR","@id":"https:\/\/www.tomhemps.com\/fr\/prf\/grove-terploc-opaque-pouch-fr\/#primaryimage","url":"https:\/\/www.tomhemps.com\/wp-content\/uploads\/2023\/11\/Opaque-250g-Mockup-FRONT-60025_1.png","contentUrl":"https:\/\/www.tomhemps.com\/wp-content\/uploads\/2023\/11\/Opaque-250g-Mockup-FRONT-60025_1.png","width":2387,"height":1875,"caption":"Opaque 250g Mockup Front (60025 1)"},{"@type":"BreadcrumbList","@id":"https:\/\/www.tomhemps.com\/fr\/prf\/grove-terploc-opaque-pouch-fr\/#breadcrumb","itemListElement":[{"@type":"ListItem","position":1,"name":"Startseite","item":"https:\/\/www.tomhemps.com\/fr\/"},{"@type":"ListItem","position":2,"name":"Shop","item":"https:\/\/www.tomhemps.com\/fr\/shop\/"},{"@type":"ListItem","position":3,"name":"Grove TerpLoc\u00ae Opaque Pouch"}]},{"@type":"WebSite","@id":"https:\/\/www.tomhemps.com\/fr\/#website","url":"https:\/\/www.tomhemps.com\/fr\/","name":"Your CBD Shop | Your CBD Brand | born in Berlin","description":"CBD Shop Berlin","publisher":{"@id":"https:\/\/www.tomhemps.com\/fr\/#organization"},"potentialAction":[{"@type":"SearchAction","target":{"@type":"EntryPoint","urlTemplate":"https:\/\/www.tomhemps.com\/fr\/?s={search_term_string}"},"query-input":"required name=search_term_string"}],"inLanguage":"fr-FR"},{"@type":"Organization","@id":"https:\/\/www.tomhemps.com\/fr\/#organization","name":"Tom Hemp's CBD Shop","alternateName":"Tom Hemp's Berlin","url":"https:\/\/www.tomhemps.com\/fr\/","logo":{"@type":"ImageObject","inLanguage":"fr-FR","@id":"https:\/\/www.tomhemps.com\/fr\/#\/schema\/logo\/image\/","url":"https:\/\/www.tomhemps.com\/wp-content\/uploads\/2019\/04\/Logo-2019-e1581413011332.jpg","contentUrl":"https:\/\/www.tomhemps.com\/wp-content\/uploads\/2019\/04\/Logo-2019-e1581413011332.jpg","width":460,"height":153,"caption":"Tom Hemp's CBD Shop"},"image":{"@id":"https:\/\/www.tomhemps.com\/fr\/#\/schema\/logo\/image\/"},"sameAs":["https:\/\/www.facebook.com\/tomhempsberlin\/","https:\/\/www.instagram.com\/tomhemps_cbd\/","https:\/\/www.youtube.com\/channel\/UCbGxDacLx_DRKyder_zVoNw"]}]}},"fields":{"pi_t":false,"pi_hd":false,"pi_hm":false,"smoking_product":false,"pi_tot":"PLUS D'INFORMATIONS","pi_to":"<ul>\n<li style=\"font-weight: 400;\" aria-level=\"1\"><span style=\"font-weight: 400;\">Sac noir opaque 30g 19 x 14 cm<\/span><\/li>\n<li style=\"font-weight: 400;\" aria-level=\"1\"><span style=\"font-weight: 400;\">Protection TerpLoc\u00ae maximale<\/span><\/li>\n<li style=\"font-weight: 400;\" aria-level=\"1\"><span style=\"font-weight: 400;\">Fermeture \u00e0 glissi\u00e8re robuste, standard ou \u00e0 l&rsquo;\u00e9preuve des enfants<\/span><\/li>\n<li style=\"font-weight: 400;\" aria-level=\"1\"><span style=\"font-weight: 400;\">Fermeture sans \u00e9ructations<\/span><\/li>\n<li style=\"font-weight: 400;\" aria-level=\"1\"><span style=\"font-weight: 400;\">Fond large \u00e0 soufflet pour \u00e9viter la d\u00e9formation du produit<\/span><\/li>\n<li style=\"font-weight: 400;\" aria-level=\"1\"><span style=\"font-weight: 400;\">Conception r\u00e9utilisable et recyclable<\/span><\/li>\n<\/ul>\n","pi_tst":"NOTICE D'EMBALLAGE","pi_ts":"<p><span style=\"font-weight: 400;\">D\u00e8s que le produit tombe dans le sac, le film TerpLoc\u00ae se met en place, r\u00e9gulant l&rsquo;humidit\u00e9 et garantissant que le contenu est prot\u00e9g\u00e9 contre le dess\u00e8chement et donc contre la perte de poids qui r\u00e9duit le rendement. Fra\u00eecheur pendant le stockage &#8211; en toute s\u00e9curit\u00e9 !<\/span><\/p>\n<p>&nbsp;<\/p>\n<p><span style=\"font-weight: 400;\">Pour que les sacs fonctionnent de mani\u00e8re optimale, ils ne doivent pas \u00eatre remplis \u00e0 100 %, mais laisser un espace de 25 %.<\/span><\/p>\n<p><span style=\"font-weight: 400;\">Ils peuvent \u00eatre scell\u00e9s \u00e0 l&rsquo;aide d&rsquo;un fer \u00e0 repasser ou d&rsquo;une lisseuse.<\/span><\/p>\n","pi_dd":593646},"_links":{"self":[{"href":"https:\/\/www.tomhemps.com\/fr\/wp-json\/wp\/v2\/product\/593658"}],"collection":[{"href":"https:\/\/www.tomhemps.com\/fr\/wp-json\/wp\/v2\/product"}],"about":[{"href":"https:\/\/www.tomhemps.com\/fr\/wp-json\/wp\/v2\/types\/product"}],"replies":[{"embeddable":true,"href":"https:\/\/www.tomhemps.com\/fr\/wp-json\/wp\/v2\/comments?post=593658"}],"wp:featuredmedia":[{"embeddable":true,"href":"https:\/\/www.tomhemps.com\/fr\/wp-json\/wp\/v2\/media\/593646"}],"wp:attachment":[{"href":"https:\/\/www.tomhemps.com\/fr\/wp-json\/wp\/v2\/media?parent=593658"}],"wp:term":[{"taxonomy":"product_cat","embeddable":true,"href":"https:\/\/www.tomhemps.com\/fr\/wp-json\/wp\/v2\/product_cat?post=593658"},{"taxonomy":"product_tag","embeddable":true,"href":"https:\/\/www.tomhemps.com\/fr\/wp-json\/wp\/v2\/product_tag?post=593658"}],"curies":[{"name":"wp","href":"https:\/\/api.w.org\/{rel}","templated":true}]}}