{"id":628923,"date":"2025-01-20T22:47:32","date_gmt":"2025-01-20T21:47:34","guid":{"rendered":"https:\/\/www.tomhemps.com\/?post_type=product&#038;p=628923"},"modified":"2026-04-09T12:27:01","modified_gmt":"2026-04-09T10:27:01","slug":"cbd-wax-vape-pen-purpleberry","status":"publish","type":"product","link":"https:\/\/www.tomhemps.com\/fr\/prf\/cbd-wax-vape-pen-purpleberry\/","title":{"rendered":"CBD Wax Vaporisateur Purpleberry"},"content":{"rendered":"","protected":false},"excerpt":{"rendered":"<p>Le <strong>CBD Wax Vape Pen Purpleberry<\/strong> est un vaporisateur tout-en-un pr\u00e9rempli avec un extrait pur de CBD Wax au go\u00fbt Purpleberry. Son design minimaliste est compl\u00e9t\u00e9 par une cartouche en verre pratique qui pr\u00e9serve la puret\u00e9 du CBD Wax. Ce stylo offre une exp\u00e9rience CBD \u00e9l\u00e9gante et simple. En plus de la saveur sucr\u00e9e de baies du Purpleberry, le stylo CBD est \u00e9galement disponible avec l&rsquo;ar\u00f4me r\u00e9sineux Natural Wax et le go\u00fbt \u00e9pic\u00e9-citronn\u00e9 Alien Haze.<\/p>\n","protected":false},"featured_media":628929,"comment_status":"open","ping_status":"closed","template":"","meta":{"_acf_changed":false},"product_cat":[2539,5007,965],"product_tag":[],"acf":[],"yoast_head":"<!-- This site is optimized with the Yoast SEO Premium plugin v22.8 (Yoast SEO v22.8) - https:\/\/yoast.com\/wordpress\/plugins\/seo\/ -->\n<title>CBD Wax Vaporisateur Purpleberry<\/title>\n<meta name=\"description\" content=\"All-in-One CBD Wax Vape Pen Purpleberry : Stylo rechargeable \u00e0 batterie 510 avec cire CBD de haute qualit\u00e9. Facile \u00e0 utiliser avec un design parfait.\" \/>\n<meta name=\"robots\" content=\"index, follow, max-snippet:-1, max-image-preview:large, max-video-preview:-1\" \/>\n<link rel=\"canonical\" href=\"https:\/\/www.tomhemps.com\/fr\/prf\/cbd-wax-vape-pen-purpleberry\/\" \/>\n<meta property=\"og:locale\" content=\"fr_FR\" \/>\n<meta property=\"og:type\" content=\"article\" \/>\n<meta property=\"og:title\" content=\"CBD Wax Vaporisateur Purpleberry\" \/>\n<meta property=\"og:description\" content=\"All-in-One CBD Wax Vape Pen Purpleberry : Stylo rechargeable \u00e0 batterie 510 avec cire CBD de haute qualit\u00e9. Facile \u00e0 utiliser avec un design parfait.\" \/>\n<meta property=\"og:url\" content=\"https:\/\/www.tomhemps.com\/fr\/prf\/cbd-wax-vape-pen-purpleberry\/\" \/>\n<meta property=\"og:site_name\" content=\"Your CBD Shop | Your CBD Brand | born in Berlin\" \/>\n<meta property=\"article:publisher\" content=\"https:\/\/www.facebook.com\/tomhempsberlin\/\" \/>\n<meta property=\"article:modified_time\" content=\"2026-04-09T10:27:01+00:00\" \/>\n<meta property=\"og:image\" content=\"https:\/\/www.tomhemps.com\/wp-content\/uploads\/2025\/01\/Tom_Hemps_product_slim_pen_box_purpleberry_3-min.png\" \/>\n\t<meta property=\"og:image:width\" content=\"1780\" \/>\n\t<meta property=\"og:image:height\" content=\"1600\" \/>\n\t<meta property=\"og:image:type\" content=\"image\/png\" \/>\n<meta name=\"twitter:card\" content=\"summary_large_image\" \/>\n<meta name=\"twitter:label1\" content=\"Dur\u00e9e de lecture estim\u00e9e\" \/>\n\t<meta name=\"twitter:data1\" content=\"2 minutes\" \/>\n<script type=\"application\/ld+json\" class=\"yoast-schema-graph\">{\"@context\":\"https:\/\/schema.org\",\"@graph\":[{\"@type\":\"WebPage\",\"@id\":\"https:\/\/www.tomhemps.com\/fr\/prf\/cbd-wax-vape-pen-purpleberry\/\",\"url\":\"https:\/\/www.tomhemps.com\/fr\/prf\/cbd-wax-vape-pen-purpleberry\/\",\"name\":\"CBD Wax Vaporisateur Purpleberry\",\"isPartOf\":{\"@id\":\"https:\/\/www.tomhemps.com\/fr\/#website\"},\"primaryImageOfPage\":{\"@id\":\"https:\/\/www.tomhemps.com\/fr\/prf\/cbd-wax-vape-pen-purpleberry\/#primaryimage\"},\"image\":{\"@id\":\"https:\/\/www.tomhemps.com\/fr\/prf\/cbd-wax-vape-pen-purpleberry\/#primaryimage\"},\"thumbnailUrl\":\"https:\/\/www.tomhemps.com\/wp-content\/uploads\/2025\/01\/Tom_Hemps_product_slim_pen_box_purpleberry_3-min.png\",\"datePublished\":\"2025-01-20T21:47:34+00:00\",\"dateModified\":\"2026-04-09T10:27:01+00:00\",\"description\":\"All-in-One CBD Wax Vape Pen Purpleberry : Stylo rechargeable \u00e0 batterie 510 avec cire CBD de haute qualit\u00e9. Facile \u00e0 utiliser avec un design parfait.\",\"breadcrumb\":{\"@id\":\"https:\/\/www.tomhemps.com\/fr\/prf\/cbd-wax-vape-pen-purpleberry\/#breadcrumb\"},\"inLanguage\":\"fr-FR\",\"potentialAction\":[{\"@type\":\"ReadAction\",\"target\":[\"https:\/\/www.tomhemps.com\/fr\/prf\/cbd-wax-vape-pen-purpleberry\/\"]}]},{\"@type\":\"ImageObject\",\"inLanguage\":\"fr-FR\",\"@id\":\"https:\/\/www.tomhemps.com\/fr\/prf\/cbd-wax-vape-pen-purpleberry\/#primaryimage\",\"url\":\"https:\/\/www.tomhemps.com\/wp-content\/uploads\/2025\/01\/Tom_Hemps_product_slim_pen_box_purpleberry_3-min.png\",\"contentUrl\":\"https:\/\/www.tomhemps.com\/wp-content\/uploads\/2025\/01\/Tom_Hemps_product_slim_pen_box_purpleberry_3-min.png\",\"width\":1780,\"height\":1600},{\"@type\":\"BreadcrumbList\",\"@id\":\"https:\/\/www.tomhemps.com\/fr\/prf\/cbd-wax-vape-pen-purpleberry\/#breadcrumb\",\"itemListElement\":[{\"@type\":\"ListItem\",\"position\":1,\"name\":\"Startseite\",\"item\":\"https:\/\/www.tomhemps.com\/fr\/\"},{\"@type\":\"ListItem\",\"position\":2,\"name\":\"Shop\",\"item\":\"https:\/\/www.tomhemps.com\/fr\/shop\/\"},{\"@type\":\"ListItem\",\"position\":3,\"name\":\"CBD Wax Vaporisateur Purpleberry\"}]},{\"@type\":\"WebSite\",\"@id\":\"https:\/\/www.tomhemps.com\/fr\/#website\",\"url\":\"https:\/\/www.tomhemps.com\/fr\/\",\"name\":\"Your CBD Shop | Your CBD Brand | born in Berlin\",\"description\":\"CBD Shop Berlin\",\"publisher\":{\"@id\":\"https:\/\/www.tomhemps.com\/fr\/#organization\"},\"potentialAction\":[{\"@type\":\"SearchAction\",\"target\":{\"@type\":\"EntryPoint\",\"urlTemplate\":\"https:\/\/www.tomhemps.com\/fr\/?s={search_term_string}\"},\"query-input\":\"required name=search_term_string\"}],\"inLanguage\":\"fr-FR\"},{\"@type\":\"Organization\",\"@id\":\"https:\/\/www.tomhemps.com\/fr\/#organization\",\"name\":\"Tom Hemp's CBD Shop\",\"alternateName\":\"Tom Hemp's Berlin\",\"url\":\"https:\/\/www.tomhemps.com\/fr\/\",\"logo\":{\"@type\":\"ImageObject\",\"inLanguage\":\"fr-FR\",\"@id\":\"https:\/\/www.tomhemps.com\/fr\/#\/schema\/logo\/image\/\",\"url\":\"https:\/\/www.tomhemps.com\/wp-content\/uploads\/2019\/04\/Logo-2019-e1581413011332.jpg\",\"contentUrl\":\"https:\/\/www.tomhemps.com\/wp-content\/uploads\/2019\/04\/Logo-2019-e1581413011332.jpg\",\"width\":460,\"height\":153,\"caption\":\"Tom Hemp's CBD Shop\"},\"image\":{\"@id\":\"https:\/\/www.tomhemps.com\/fr\/#\/schema\/logo\/image\/\"},\"sameAs\":[\"https:\/\/www.facebook.com\/tomhempsberlin\/\",\"https:\/\/www.instagram.com\/tomhemps_cbd\/\",\"https:\/\/www.youtube.com\/channel\/UCbGxDacLx_DRKyder_zVoNw\"]}]}<\/script>\n<!-- \/ Yoast SEO Premium plugin. -->","yoast_head_json":{"title":"CBD Wax Vaporisateur Purpleberry","description":"All-in-One CBD Wax Vape Pen Purpleberry : Stylo rechargeable \u00e0 batterie 510 avec cire CBD de haute qualit\u00e9. Facile \u00e0 utiliser avec un design parfait.","robots":{"index":"index","follow":"follow","max-snippet":"max-snippet:-1","max-image-preview":"max-image-preview:large","max-video-preview":"max-video-preview:-1"},"canonical":"https:\/\/www.tomhemps.com\/fr\/prf\/cbd-wax-vape-pen-purpleberry\/","og_locale":"fr_FR","og_type":"article","og_title":"CBD Wax Vaporisateur Purpleberry","og_description":"All-in-One CBD Wax Vape Pen Purpleberry : Stylo rechargeable \u00e0 batterie 510 avec cire CBD de haute qualit\u00e9. Facile \u00e0 utiliser avec un design parfait.","og_url":"https:\/\/www.tomhemps.com\/fr\/prf\/cbd-wax-vape-pen-purpleberry\/","og_site_name":"Your CBD Shop | Your CBD Brand | born in Berlin","article_publisher":"https:\/\/www.facebook.com\/tomhempsberlin\/","article_modified_time":"2026-04-09T10:27:01+00:00","og_image":[{"width":1780,"height":1600,"url":"https:\/\/www.tomhemps.com\/wp-content\/uploads\/2025\/01\/Tom_Hemps_product_slim_pen_box_purpleberry_3-min.png","type":"image\/png"}],"twitter_card":"summary_large_image","twitter_misc":{"Dur\u00e9e de lecture estim\u00e9e":"2 minutes"},"schema":{"@context":"https:\/\/schema.org","@graph":[{"@type":"WebPage","@id":"https:\/\/www.tomhemps.com\/fr\/prf\/cbd-wax-vape-pen-purpleberry\/","url":"https:\/\/www.tomhemps.com\/fr\/prf\/cbd-wax-vape-pen-purpleberry\/","name":"CBD Wax Vaporisateur Purpleberry","isPartOf":{"@id":"https:\/\/www.tomhemps.com\/fr\/#website"},"primaryImageOfPage":{"@id":"https:\/\/www.tomhemps.com\/fr\/prf\/cbd-wax-vape-pen-purpleberry\/#primaryimage"},"image":{"@id":"https:\/\/www.tomhemps.com\/fr\/prf\/cbd-wax-vape-pen-purpleberry\/#primaryimage"},"thumbnailUrl":"https:\/\/www.tomhemps.com\/wp-content\/uploads\/2025\/01\/Tom_Hemps_product_slim_pen_box_purpleberry_3-min.png","datePublished":"2025-01-20T21:47:34+00:00","dateModified":"2026-04-09T10:27:01+00:00","description":"All-in-One CBD Wax Vape Pen Purpleberry : Stylo rechargeable \u00e0 batterie 510 avec cire CBD de haute qualit\u00e9. Facile \u00e0 utiliser avec un design parfait.","breadcrumb":{"@id":"https:\/\/www.tomhemps.com\/fr\/prf\/cbd-wax-vape-pen-purpleberry\/#breadcrumb"},"inLanguage":"fr-FR","potentialAction":[{"@type":"ReadAction","target":["https:\/\/www.tomhemps.com\/fr\/prf\/cbd-wax-vape-pen-purpleberry\/"]}]},{"@type":"ImageObject","inLanguage":"fr-FR","@id":"https:\/\/www.tomhemps.com\/fr\/prf\/cbd-wax-vape-pen-purpleberry\/#primaryimage","url":"https:\/\/www.tomhemps.com\/wp-content\/uploads\/2025\/01\/Tom_Hemps_product_slim_pen_box_purpleberry_3-min.png","contentUrl":"https:\/\/www.tomhemps.com\/wp-content\/uploads\/2025\/01\/Tom_Hemps_product_slim_pen_box_purpleberry_3-min.png","width":1780,"height":1600},{"@type":"BreadcrumbList","@id":"https:\/\/www.tomhemps.com\/fr\/prf\/cbd-wax-vape-pen-purpleberry\/#breadcrumb","itemListElement":[{"@type":"ListItem","position":1,"name":"Startseite","item":"https:\/\/www.tomhemps.com\/fr\/"},{"@type":"ListItem","position":2,"name":"Shop","item":"https:\/\/www.tomhemps.com\/fr\/shop\/"},{"@type":"ListItem","position":3,"name":"CBD Wax Vaporisateur Purpleberry"}]},{"@type":"WebSite","@id":"https:\/\/www.tomhemps.com\/fr\/#website","url":"https:\/\/www.tomhemps.com\/fr\/","name":"Your CBD Shop | Your CBD Brand | born in Berlin","description":"CBD Shop Berlin","publisher":{"@id":"https:\/\/www.tomhemps.com\/fr\/#organization"},"potentialAction":[{"@type":"SearchAction","target":{"@type":"EntryPoint","urlTemplate":"https:\/\/www.tomhemps.com\/fr\/?s={search_term_string}"},"query-input":"required name=search_term_string"}],"inLanguage":"fr-FR"},{"@type":"Organization","@id":"https:\/\/www.tomhemps.com\/fr\/#organization","name":"Tom Hemp's CBD Shop","alternateName":"Tom Hemp's Berlin","url":"https:\/\/www.tomhemps.com\/fr\/","logo":{"@type":"ImageObject","inLanguage":"fr-FR","@id":"https:\/\/www.tomhemps.com\/fr\/#\/schema\/logo\/image\/","url":"https:\/\/www.tomhemps.com\/wp-content\/uploads\/2019\/04\/Logo-2019-e1581413011332.jpg","contentUrl":"https:\/\/www.tomhemps.com\/wp-content\/uploads\/2019\/04\/Logo-2019-e1581413011332.jpg","width":460,"height":153,"caption":"Tom Hemp's CBD Shop"},"image":{"@id":"https:\/\/www.tomhemps.com\/fr\/#\/schema\/logo\/image\/"},"sameAs":["https:\/\/www.facebook.com\/tomhempsberlin\/","https:\/\/www.instagram.com\/tomhemps_cbd\/","https:\/\/www.youtube.com\/channel\/UCbGxDacLx_DRKyder_zVoNw"]}]}},"fields":{"pi_tot":"Plus d'info","pi_to":"<p><strong>Instructions d&rsquo;utilisation :<\/strong><\/p>\n<ol>\n<li><strong>Assemblage :<\/strong> Fixez la cartouche \u00e0 la batterie du stylo vape.<\/li>\n<li><strong>Activation et inhalation :<\/strong> Allumez l&rsquo;appareil et inhalez simultan\u00e9ment par l&#8217;embout.<\/li>\n<li><strong>Contr\u00f4le de la consommation :<\/strong> Commencez par de petites bouff\u00e9es, en tirant pendant environ 5 \u00e0 8 secondes lors de la premi\u00e8re inhalation.<\/li>\n<\/ol>\n<p><strong>Pourquoi choisir le stylo CBD Wax tout-en-un ?<\/strong><\/p>\n<ul>\n<li><strong>Facilit\u00e9 d&rsquo;utilisation :<\/strong> Assemblez, chargez et inhalez simplement.<\/li>\n<li><strong>Vari\u00e9t\u00e9 de saveurs :<\/strong> Des vari\u00e9t\u00e9s de haute qualit\u00e9 comme Purpleberry, Alien Haze et Natural offrent des exp\u00e9riences diversifi\u00e9es.<\/li>\n<li><strong>Design pratique :<\/strong> Taille compacte, facile \u00e0 transporter, avec un embout \u00e9l\u00e9gant.<\/li>\n<li><strong>Durable et rechargeable :<\/strong> \u00c9quip\u00e9 d&rsquo;une batterie \u00e0 filetage 510, facile \u00e0 recharger et offrant une utilisation longue dur\u00e9e.<\/li>\n<\/ul>\n","pi_tst":"Caract\u00e9ristiques","pi_ts":"<p><strong>Caract\u00e9ristiques principales :<\/strong><\/p>\n<ul>\n<li><strong>Ingr\u00e9dients :<\/strong> Extrait de chanvre, terp\u00e8nes<\/li>\n<li><strong>Spectre large :<\/strong> Contient une gamme de cannabino\u00efdes\n<ul>\n<li><strong>Teneur en cannabino\u00efdes :<\/strong> 850 mg\n<ul>\n<li><strong>CBD :<\/strong> 70%<\/li>\n<li><strong>CBG :<\/strong> 15%<\/li>\n<li><strong>CBDV :<\/strong> 0,2-0,5%<\/li>\n<li><strong>THC :<\/strong> Moins de 0,2%<\/li>\n<\/ul>\n<\/li>\n<\/ul>\n<\/li>\n<li><strong>Profil aromatique :<\/strong> Fruit\u00e9, tropical, prune<\/li>\n<\/ul>\n<p><strong>Le kit du Vape Pen comprend :<\/strong><\/p>\n<ul>\n<li>Atomiseur avec technologie CCELL et \u00e9l\u00e9ment chauffant en c\u00e9ramique poreuse<\/li>\n<li>Activation par inhalation<\/li>\n<li>Batterie Li-ion de 200 mAh<\/li>\n<li>Cartouche en verre de 1 ml<\/li>\n<li>Chargeur USB<\/li>\n<li>Embout viss\u00e9<\/li>\n<li>Adapt\u00e9 aux viscosit\u00e9s allant jusqu&rsquo;\u00e0 110 000 cPs<\/li>\n<\/ul>\n","smoking_product":true,"pi_dd":false,"pi_t":161206,"pi_hd":561735,"pi_hm":561735},"_links":{"self":[{"href":"https:\/\/www.tomhemps.com\/fr\/wp-json\/wp\/v2\/product\/628923"}],"collection":[{"href":"https:\/\/www.tomhemps.com\/fr\/wp-json\/wp\/v2\/product"}],"about":[{"href":"https:\/\/www.tomhemps.com\/fr\/wp-json\/wp\/v2\/types\/product"}],"replies":[{"embeddable":true,"href":"https:\/\/www.tomhemps.com\/fr\/wp-json\/wp\/v2\/comments?post=628923"}],"wp:featuredmedia":[{"embeddable":true,"href":"https:\/\/www.tomhemps.com\/fr\/wp-json\/wp\/v2\/media\/628929"}],"wp:attachment":[{"href":"https:\/\/www.tomhemps.com\/fr\/wp-json\/wp\/v2\/media?parent=628923"}],"wp:term":[{"taxonomy":"product_cat","embeddable":true,"href":"https:\/\/www.tomhemps.com\/fr\/wp-json\/wp\/v2\/product_cat?post=628923"},{"taxonomy":"product_tag","embeddable":true,"href":"https:\/\/www.tomhemps.com\/fr\/wp-json\/wp\/v2\/product_tag?post=628923"}],"curies":[{"name":"wp","href":"https:\/\/api.w.org\/{rel}","templated":true}]}}