{"id":629514,"date":"2025-02-06T17:57:16","date_gmt":"2025-02-06T16:57:17","guid":{"rendered":"https:\/\/www.tomhemps.com\/?post_type=product&#038;p=629514"},"modified":"2025-02-06T18:31:26","modified_gmt":"2025-02-06T17:31:26","slug":"cbd-wax-cartouche-purpleberry","status":"publish","type":"product","link":"https:\/\/www.tomhemps.com\/fr\/prf\/cbd-wax-cartouche-purpleberry\/","title":{"rendered":"CBD Wax Cartouche Purpleberry"},"content":{"rendered":"","protected":false},"excerpt":{"rendered":"<p><strong>La Cartouche de Cire de CBD Purpleberry de Tom Hemp\u2019s<\/strong> est un choix modeste mais impressionnant pour ceux qui appr\u00e9cient les produits CBD haut de gamme. Fabriqu\u00e9e \u00e0 partir de <strong>chanvre industriel europ\u00e9en de haute qualit\u00e9<\/strong>, notre cartouche en verre contient <strong>70 % de CBD pur<\/strong> et utilise la <strong>technologie avanc\u00e9e de chauffage c\u00e9ramique CCELL<\/strong>. Cette technologie permet de <strong>pr\u00e9server l\u2019ensemble du spectre des cannabino\u00efdes et des terp\u00e8nes<\/strong>, garantissant une exp\u00e9rience de vapotage douce et agr\u00e9able. Nous croyons que la qualit\u00e9 r\u00e9side dans la simplicit\u00e9 \u2013 tout comme la <strong>Cartouche de Cire de CBD<\/strong>, qui offre un plaisir discret sans compromis. Parfois, ce sont les petits d\u00e9tails qui font toute la diff\u00e9rence\u2026 <strong>Compatible de mani\u00e8re optimale avec le <a href=\"https:\/\/www.tomhemps.com\/fr\/prf\/cbd-wax-vape-pen-purpleberry\/\">Vape Pen de Tom Hemp\u2019s<\/a><\/strong>. \u00c9galement disponible en <a href=\"https:\/\/www.tomhemps.com\/fr\/prf\/cbd-wax-cartouche\/\"><strong>Natural<\/strong><\/a> et <strong>Alien Haze<\/strong>.<\/p>\n","protected":false},"featured_media":461113,"comment_status":"open","ping_status":"closed","template":"","meta":{"_acf_changed":false},"product_cat":[2539,5007,965],"product_tag":[],"acf":[],"yoast_head":"<!-- This site is optimized with the Yoast SEO Premium plugin v22.8 (Yoast SEO v22.8) - https:\/\/yoast.com\/wordpress\/plugins\/seo\/ -->\n<title>CBD Wax CartoucheCBD Wax Cartouche Purpleberry<\/title>\n<meta name=\"description\" content=\"Les cartouches Purpleberry de cire de CBD sont une m\u00e9thode populaire de consommation du cannabidiol (CBD) en raison de leur puissance et de l&#039;apparition rapide de leurs effets.\" \/>\n<meta name=\"robots\" content=\"index, follow, max-snippet:-1, max-image-preview:large, max-video-preview:-1\" \/>\n<link rel=\"canonical\" href=\"https:\/\/www.tomhemps.com\/fr\/prf\/cbd-wax-cartouche-purpleberry\/\" \/>\n<meta property=\"og:locale\" content=\"fr_FR\" \/>\n<meta property=\"og:type\" content=\"article\" \/>\n<meta property=\"og:title\" content=\"CBD Wax Cartouche Purpleberry\" \/>\n<meta property=\"og:description\" content=\"Les cartouches Purpleberry de cire de CBD sont une m\u00e9thode populaire de consommation du cannabidiol (CBD) en raison de leur puissance et de l&#039;apparition rapide de leurs effets.\" \/>\n<meta property=\"og:url\" content=\"https:\/\/www.tomhemps.com\/fr\/prf\/cbd-wax-cartouche-purpleberry\/\" \/>\n<meta property=\"og:site_name\" content=\"Your CBD Shop | Your CBD Brand | born in Berlin\" \/>\n<meta property=\"article:publisher\" content=\"https:\/\/www.facebook.com\/tomhempsberlin\/\" \/>\n<meta property=\"article:modified_time\" content=\"2025-02-06T17:31:26+00:00\" \/>\n<meta property=\"og:image\" content=\"https:\/\/www.tomhemps.com\/wp-content\/uploads\/2021\/08\/Tom_Hemps_product_wax_cartridge_purple_berry_small_box_product-1.png\" \/>\n\t<meta property=\"og:image:width\" content=\"1780\" \/>\n\t<meta property=\"og:image:height\" content=\"1600\" \/>\n\t<meta property=\"og:image:type\" content=\"image\/png\" \/>\n<meta name=\"twitter:card\" content=\"summary_large_image\" \/>\n<meta name=\"twitter:label1\" content=\"Dur\u00e9e de lecture estim\u00e9e\" \/>\n\t<meta name=\"twitter:data1\" content=\"2 minutes\" \/>\n<script type=\"application\/ld+json\" class=\"yoast-schema-graph\">{\"@context\":\"https:\/\/schema.org\",\"@graph\":[{\"@type\":\"WebPage\",\"@id\":\"https:\/\/www.tomhemps.com\/fr\/prf\/cbd-wax-cartouche-purpleberry\/\",\"url\":\"https:\/\/www.tomhemps.com\/fr\/prf\/cbd-wax-cartouche-purpleberry\/\",\"name\":\"CBD Wax CartoucheCBD Wax Cartouche Purpleberry\",\"isPartOf\":{\"@id\":\"https:\/\/www.tomhemps.com\/fr\/#website\"},\"primaryImageOfPage\":{\"@id\":\"https:\/\/www.tomhemps.com\/fr\/prf\/cbd-wax-cartouche-purpleberry\/#primaryimage\"},\"image\":{\"@id\":\"https:\/\/www.tomhemps.com\/fr\/prf\/cbd-wax-cartouche-purpleberry\/#primaryimage\"},\"thumbnailUrl\":\"https:\/\/www.tomhemps.com\/wp-content\/uploads\/2021\/08\/Tom_Hemps_product_wax_cartridge_purple_berry_small_box_product-1.png\",\"datePublished\":\"2025-02-06T16:57:17+00:00\",\"dateModified\":\"2025-02-06T17:31:26+00:00\",\"description\":\"Les cartouches Purpleberry de cire de CBD sont une m\u00e9thode populaire de consommation du cannabidiol (CBD) en raison de leur puissance et de l'apparition rapide de leurs effets.\",\"breadcrumb\":{\"@id\":\"https:\/\/www.tomhemps.com\/fr\/prf\/cbd-wax-cartouche-purpleberry\/#breadcrumb\"},\"inLanguage\":\"fr-FR\",\"potentialAction\":[{\"@type\":\"ReadAction\",\"target\":[\"https:\/\/www.tomhemps.com\/fr\/prf\/cbd-wax-cartouche-purpleberry\/\"]}]},{\"@type\":\"ImageObject\",\"inLanguage\":\"fr-FR\",\"@id\":\"https:\/\/www.tomhemps.com\/fr\/prf\/cbd-wax-cartouche-purpleberry\/#primaryimage\",\"url\":\"https:\/\/www.tomhemps.com\/wp-content\/uploads\/2021\/08\/Tom_Hemps_product_wax_cartridge_purple_berry_small_box_product-1.png\",\"contentUrl\":\"https:\/\/www.tomhemps.com\/wp-content\/uploads\/2021\/08\/Tom_Hemps_product_wax_cartridge_purple_berry_small_box_product-1.png\",\"width\":1780,\"height\":1600},{\"@type\":\"BreadcrumbList\",\"@id\":\"https:\/\/www.tomhemps.com\/fr\/prf\/cbd-wax-cartouche-purpleberry\/#breadcrumb\",\"itemListElement\":[{\"@type\":\"ListItem\",\"position\":1,\"name\":\"Startseite\",\"item\":\"https:\/\/www.tomhemps.com\/fr\/\"},{\"@type\":\"ListItem\",\"position\":2,\"name\":\"Shop\",\"item\":\"https:\/\/www.tomhemps.com\/fr\/shop\/\"},{\"@type\":\"ListItem\",\"position\":3,\"name\":\"CBD Wax Cartouche Purpleberry\"}]},{\"@type\":\"WebSite\",\"@id\":\"https:\/\/www.tomhemps.com\/fr\/#website\",\"url\":\"https:\/\/www.tomhemps.com\/fr\/\",\"name\":\"Your CBD Shop | Your CBD Brand | born in Berlin\",\"description\":\"CBD Shop Berlin\",\"publisher\":{\"@id\":\"https:\/\/www.tomhemps.com\/fr\/#organization\"},\"potentialAction\":[{\"@type\":\"SearchAction\",\"target\":{\"@type\":\"EntryPoint\",\"urlTemplate\":\"https:\/\/www.tomhemps.com\/fr\/?s={search_term_string}\"},\"query-input\":\"required name=search_term_string\"}],\"inLanguage\":\"fr-FR\"},{\"@type\":\"Organization\",\"@id\":\"https:\/\/www.tomhemps.com\/fr\/#organization\",\"name\":\"Tom Hemp's CBD Shop\",\"alternateName\":\"Tom Hemp's Berlin\",\"url\":\"https:\/\/www.tomhemps.com\/fr\/\",\"logo\":{\"@type\":\"ImageObject\",\"inLanguage\":\"fr-FR\",\"@id\":\"https:\/\/www.tomhemps.com\/fr\/#\/schema\/logo\/image\/\",\"url\":\"https:\/\/www.tomhemps.com\/wp-content\/uploads\/2019\/04\/Logo-2019-e1581413011332.jpg\",\"contentUrl\":\"https:\/\/www.tomhemps.com\/wp-content\/uploads\/2019\/04\/Logo-2019-e1581413011332.jpg\",\"width\":460,\"height\":153,\"caption\":\"Tom Hemp's CBD Shop\"},\"image\":{\"@id\":\"https:\/\/www.tomhemps.com\/fr\/#\/schema\/logo\/image\/\"},\"sameAs\":[\"https:\/\/www.facebook.com\/tomhempsberlin\/\",\"https:\/\/www.instagram.com\/tomhemps_cbd\/\",\"https:\/\/www.youtube.com\/channel\/UCbGxDacLx_DRKyder_zVoNw\"]}]}<\/script>\n<!-- \/ Yoast SEO Premium plugin. -->","yoast_head_json":{"title":"CBD Wax CartoucheCBD Wax Cartouche Purpleberry","description":"Les cartouches Purpleberry de cire de CBD sont une m\u00e9thode populaire de consommation du cannabidiol (CBD) en raison de leur puissance et de l'apparition rapide de leurs effets.","robots":{"index":"index","follow":"follow","max-snippet":"max-snippet:-1","max-image-preview":"max-image-preview:large","max-video-preview":"max-video-preview:-1"},"canonical":"https:\/\/www.tomhemps.com\/fr\/prf\/cbd-wax-cartouche-purpleberry\/","og_locale":"fr_FR","og_type":"article","og_title":"CBD Wax Cartouche Purpleberry","og_description":"Les cartouches Purpleberry de cire de CBD sont une m\u00e9thode populaire de consommation du cannabidiol (CBD) en raison de leur puissance et de l'apparition rapide de leurs effets.","og_url":"https:\/\/www.tomhemps.com\/fr\/prf\/cbd-wax-cartouche-purpleberry\/","og_site_name":"Your CBD Shop | Your CBD Brand | born in Berlin","article_publisher":"https:\/\/www.facebook.com\/tomhempsberlin\/","article_modified_time":"2025-02-06T17:31:26+00:00","og_image":[{"width":1780,"height":1600,"url":"https:\/\/www.tomhemps.com\/wp-content\/uploads\/2021\/08\/Tom_Hemps_product_wax_cartridge_purple_berry_small_box_product-1.png","type":"image\/png"}],"twitter_card":"summary_large_image","twitter_misc":{"Dur\u00e9e de lecture estim\u00e9e":"2 minutes"},"schema":{"@context":"https:\/\/schema.org","@graph":[{"@type":"WebPage","@id":"https:\/\/www.tomhemps.com\/fr\/prf\/cbd-wax-cartouche-purpleberry\/","url":"https:\/\/www.tomhemps.com\/fr\/prf\/cbd-wax-cartouche-purpleberry\/","name":"CBD Wax CartoucheCBD Wax Cartouche Purpleberry","isPartOf":{"@id":"https:\/\/www.tomhemps.com\/fr\/#website"},"primaryImageOfPage":{"@id":"https:\/\/www.tomhemps.com\/fr\/prf\/cbd-wax-cartouche-purpleberry\/#primaryimage"},"image":{"@id":"https:\/\/www.tomhemps.com\/fr\/prf\/cbd-wax-cartouche-purpleberry\/#primaryimage"},"thumbnailUrl":"https:\/\/www.tomhemps.com\/wp-content\/uploads\/2021\/08\/Tom_Hemps_product_wax_cartridge_purple_berry_small_box_product-1.png","datePublished":"2025-02-06T16:57:17+00:00","dateModified":"2025-02-06T17:31:26+00:00","description":"Les cartouches Purpleberry de cire de CBD sont une m\u00e9thode populaire de consommation du cannabidiol (CBD) en raison de leur puissance et de l'apparition rapide de leurs effets.","breadcrumb":{"@id":"https:\/\/www.tomhemps.com\/fr\/prf\/cbd-wax-cartouche-purpleberry\/#breadcrumb"},"inLanguage":"fr-FR","potentialAction":[{"@type":"ReadAction","target":["https:\/\/www.tomhemps.com\/fr\/prf\/cbd-wax-cartouche-purpleberry\/"]}]},{"@type":"ImageObject","inLanguage":"fr-FR","@id":"https:\/\/www.tomhemps.com\/fr\/prf\/cbd-wax-cartouche-purpleberry\/#primaryimage","url":"https:\/\/www.tomhemps.com\/wp-content\/uploads\/2021\/08\/Tom_Hemps_product_wax_cartridge_purple_berry_small_box_product-1.png","contentUrl":"https:\/\/www.tomhemps.com\/wp-content\/uploads\/2021\/08\/Tom_Hemps_product_wax_cartridge_purple_berry_small_box_product-1.png","width":1780,"height":1600},{"@type":"BreadcrumbList","@id":"https:\/\/www.tomhemps.com\/fr\/prf\/cbd-wax-cartouche-purpleberry\/#breadcrumb","itemListElement":[{"@type":"ListItem","position":1,"name":"Startseite","item":"https:\/\/www.tomhemps.com\/fr\/"},{"@type":"ListItem","position":2,"name":"Shop","item":"https:\/\/www.tomhemps.com\/fr\/shop\/"},{"@type":"ListItem","position":3,"name":"CBD Wax Cartouche Purpleberry"}]},{"@type":"WebSite","@id":"https:\/\/www.tomhemps.com\/fr\/#website","url":"https:\/\/www.tomhemps.com\/fr\/","name":"Your CBD Shop | Your CBD Brand | born in Berlin","description":"CBD Shop Berlin","publisher":{"@id":"https:\/\/www.tomhemps.com\/fr\/#organization"},"potentialAction":[{"@type":"SearchAction","target":{"@type":"EntryPoint","urlTemplate":"https:\/\/www.tomhemps.com\/fr\/?s={search_term_string}"},"query-input":"required name=search_term_string"}],"inLanguage":"fr-FR"},{"@type":"Organization","@id":"https:\/\/www.tomhemps.com\/fr\/#organization","name":"Tom Hemp's CBD Shop","alternateName":"Tom Hemp's Berlin","url":"https:\/\/www.tomhemps.com\/fr\/","logo":{"@type":"ImageObject","inLanguage":"fr-FR","@id":"https:\/\/www.tomhemps.com\/fr\/#\/schema\/logo\/image\/","url":"https:\/\/www.tomhemps.com\/wp-content\/uploads\/2019\/04\/Logo-2019-e1581413011332.jpg","contentUrl":"https:\/\/www.tomhemps.com\/wp-content\/uploads\/2019\/04\/Logo-2019-e1581413011332.jpg","width":460,"height":153,"caption":"Tom Hemp's CBD Shop"},"image":{"@id":"https:\/\/www.tomhemps.com\/fr\/#\/schema\/logo\/image\/"},"sameAs":["https:\/\/www.facebook.com\/tomhempsberlin\/","https:\/\/www.instagram.com\/tomhemps_cbd\/","https:\/\/www.youtube.com\/channel\/UCbGxDacLx_DRKyder_zVoNw"]}]}},"fields":{"pi_tot":"Qu'y a-t-il \u00e0 l'int\u00e9rieur ?","pi_to":"<p><strong>Instructions d&rsquo;utilisation :<\/strong><br \/>\nVissez la cartouche de cire CBD avec le filetage 510 sur votre dispositif de vapotage.<br \/>\nFixez la cartouche jusqu&rsquo;\u00e0 ce qu&rsquo;elle s&rsquo;arr\u00eate<br \/>\nInspirez pendant 3 \u00e0 5 secondes.<\/p>\n<p><strong>Stockage et s\u00e9curit\u00e9 :<\/strong><br \/>\nUsage unique<br \/>\nConserver en position verticale dans un endroit sec \u00e0 temp\u00e9rature ambiante.<br \/>\nTenir hors de port\u00e9e des enfants<\/p>\n<p><strong>Qu&rsquo;est-ce qu&rsquo;une cartouche de cire de CBD ?<\/strong><br \/>\nLes cartouches de cire CBD sont des contenants pr\u00e9-remplis de cire CBD hautement concentr\u00e9e, sp\u00e9cialement con\u00e7us pour \u00eatre utilis\u00e9s avec des stylos de vapotage. Elles permettent une absorption rapide et efficace du cannabidiol (CBD) par inhalation.<\/p>\n<p>Concentration \u00e9lev\u00e9e en CBD : g\u00e9n\u00e9ralement entre 70 % et 95 %, ce qui garantit un effet puissant.<br \/>\nDiff\u00e9rents ar\u00f4mes : Disponible en Natural, Purpleberry et Alien Haze<br \/>\nCompatibilit\u00e9 : Convient aux cigarettes \u00e9lectroniques dot\u00e9es d&rsquo;un filetage 510<br \/>\nTerp\u00e8nes naturels : Utilisation de terp\u00e8nes 100 % naturels pour des saveurs authentiques.<br \/>\nCes cartouches offrent un moyen pratique et discret de profiter des bienfaits du CBD.<br \/>\nElles sont faciles \u00e0 utiliser et permettent un dosage pr\u00e9cis.<\/p>\n","pi_tst":"Caract\u00e9ristiques","pi_ts":"<p><strong>Propri\u00e9t\u00e9s de la cartouche de cire de CBD Purpleberry :<\/strong><\/p>\n<ul>\n<li><strong>Ingr\u00e9dients<\/strong> : Extrait de chanvre, terp\u00e8nes naturels.<\/li>\n<li><strong>Teneur en cannabino\u00efdes<\/strong> : 850 mg.<\/li>\n<li><strong>CBD<\/strong> : 70 %.<\/li>\n<li><strong>CBG<\/strong> : 15 %.<\/li>\n<li><strong>CBDV<\/strong> : 0,2\u20130,5 %.<\/li>\n<li><strong>THC<\/strong> : &lt;0,2 %.<\/li>\n<li><strong>Ar\u00f4me<\/strong> : Fruit\u00e9, prune, tropical, sucr\u00e9.<\/li>\n<\/ul>\n<p><strong>D\u00e9tails du produit :<\/strong><\/p>\n<ul>\n<li><strong>Design<\/strong> : Bobine en c\u00e9ramique de haute qualit\u00e9 avec cartouche en verre.<\/li>\n<li><strong>Capacit\u00e9<\/strong> : 1 ml.<\/li>\n<li><strong>Filetage<\/strong> : 510.<\/li>\n<\/ul>\n<p><strong>Contenu :<\/strong><\/p>\n<ul>\n<li><strong>1x cartouche de cire de CBD Purpleberry pr\u00e9-remplie<\/strong><\/li>\n<li><strong>Cartouche en verre et c\u00e9ramique de 1 ml<\/strong><\/li>\n<li><strong>Filetage 510<\/strong><\/li>\n<\/ul>\n","pi_hd":false,"pi_hm":false,"smoking_product":true,"pi_dd":false,"pi_t":161206},"_links":{"self":[{"href":"https:\/\/www.tomhemps.com\/fr\/wp-json\/wp\/v2\/product\/629514"}],"collection":[{"href":"https:\/\/www.tomhemps.com\/fr\/wp-json\/wp\/v2\/product"}],"about":[{"href":"https:\/\/www.tomhemps.com\/fr\/wp-json\/wp\/v2\/types\/product"}],"replies":[{"embeddable":true,"href":"https:\/\/www.tomhemps.com\/fr\/wp-json\/wp\/v2\/comments?post=629514"}],"wp:featuredmedia":[{"embeddable":true,"href":"https:\/\/www.tomhemps.com\/fr\/wp-json\/wp\/v2\/media\/461113"}],"wp:attachment":[{"href":"https:\/\/www.tomhemps.com\/fr\/wp-json\/wp\/v2\/media?parent=629514"}],"wp:term":[{"taxonomy":"product_cat","embeddable":true,"href":"https:\/\/www.tomhemps.com\/fr\/wp-json\/wp\/v2\/product_cat?post=629514"},{"taxonomy":"product_tag","embeddable":true,"href":"https:\/\/www.tomhemps.com\/fr\/wp-json\/wp\/v2\/product_tag?post=629514"}],"curies":[{"name":"wp","href":"https:\/\/api.w.org\/{rel}","templated":true}]}}