{"id":635123,"date":"2025-07-09T18:15:14","date_gmt":"2025-07-09T16:15:15","guid":{"rendered":"https:\/\/www.tomhemps.com\/?post_type=product&#038;p=635123"},"modified":"2025-12-08T23:00:05","modified_gmt":"2025-12-08T22:00:05","slug":"thcrew-silicon-ashtray-kopie","status":"publish","type":"product","link":"https:\/\/www.tomhemps.com\/fr\/prf\/thcrew-silicon-ashtray-kopie\/","title":{"rendered":"THCrew Cendrier en Silicone Violet"},"content":{"rendered":"","protected":false},"excerpt":{"rendered":"<p>Le c<strong>endrier en silicone THCrew violet<\/strong> est notre r\u00e9ponse aux accessoires pour fumeurs \u00e0 la fois styl\u00e9s et fonctionnels. Fabriqu\u00e9 en silicone de haute qualit\u00e9 et r\u00e9sistant \u00e0 la chaleur, ce cendrier est incassable, facile \u00e0 entretenir et parfait pour un usage quotidien. Plus qu\u2019un simple accessoire, il incarne l\u2019individualit\u00e9 et le style. \u00c9galement disponible en violet, arc-en-ciel et camouflage.<\/p>\n","protected":false},"featured_media":576853,"comment_status":"open","ping_status":"closed","template":"","meta":{"_acf_changed":false},"product_cat":[2592,990],"product_tag":[],"acf":[],"yoast_head":"<!-- This site is optimized with the Yoast SEO Premium plugin v22.8 (Yoast SEO v22.8) - https:\/\/yoast.com\/wordpress\/plugins\/seo\/ -->\n<title>Cendrier en Silicone Violet<\/title>\n<meta name=\"description\" content=\"Cendrier en silicone violet \u00e9l\u00e9gant et r\u00e9sistant \u00e0 la chaleur - facile \u00e0 nettoyer et parfait pour une utilisation en int\u00e9rieur comme en ext\u00e9rieur.\" \/>\n<meta name=\"robots\" content=\"index, follow, max-snippet:-1, max-image-preview:large, max-video-preview:-1\" \/>\n<link rel=\"canonical\" href=\"https:\/\/www.tomhemps.com\/fr\/prf\/thcrew-silicon-ashtray-kopie\/\" \/>\n<meta property=\"og:locale\" content=\"fr_FR\" \/>\n<meta property=\"og:type\" content=\"article\" \/>\n<meta property=\"og:title\" content=\"THCrew Cendrier en Silicone Violet\" \/>\n<meta property=\"og:description\" content=\"Cendrier en silicone violet \u00e9l\u00e9gant et r\u00e9sistant \u00e0 la chaleur - facile \u00e0 nettoyer et parfait pour une utilisation en int\u00e9rieur comme en ext\u00e9rieur.\" \/>\n<meta property=\"og:url\" content=\"https:\/\/www.tomhemps.com\/fr\/prf\/thcrew-silicon-ashtray-kopie\/\" \/>\n<meta property=\"og:site_name\" content=\"Your CBD Shop | Your CBD Brand | born in Berlin\" \/>\n<meta property=\"article:publisher\" content=\"https:\/\/www.facebook.com\/tomhempsberlin\/\" \/>\n<meta property=\"article:modified_time\" content=\"2025-12-08T22:00:05+00:00\" \/>\n<meta property=\"og:image\" content=\"https:\/\/www.tomhemps.com\/wp-content\/uploads\/2023\/07\/TH-products-680x850-silicon-ashtray-purple.png\" \/>\n\t<meta property=\"og:image:width\" content=\"680\" \/>\n\t<meta property=\"og:image:height\" content=\"850\" \/>\n\t<meta property=\"og:image:type\" content=\"image\/png\" \/>\n<meta name=\"twitter:card\" content=\"summary_large_image\" \/>\n<meta name=\"twitter:label1\" content=\"Dur\u00e9e de lecture estim\u00e9e\" \/>\n\t<meta name=\"twitter:data1\" content=\"1 minute\" \/>\n<script type=\"application\/ld+json\" class=\"yoast-schema-graph\">{\"@context\":\"https:\/\/schema.org\",\"@graph\":[{\"@type\":\"WebPage\",\"@id\":\"https:\/\/www.tomhemps.com\/fr\/prf\/thcrew-silicon-ashtray-kopie\/\",\"url\":\"https:\/\/www.tomhemps.com\/fr\/prf\/thcrew-silicon-ashtray-kopie\/\",\"name\":\"Cendrier en Silicone Violet\",\"isPartOf\":{\"@id\":\"https:\/\/www.tomhemps.com\/fr\/#website\"},\"primaryImageOfPage\":{\"@id\":\"https:\/\/www.tomhemps.com\/fr\/prf\/thcrew-silicon-ashtray-kopie\/#primaryimage\"},\"image\":{\"@id\":\"https:\/\/www.tomhemps.com\/fr\/prf\/thcrew-silicon-ashtray-kopie\/#primaryimage\"},\"thumbnailUrl\":\"https:\/\/www.tomhemps.com\/wp-content\/uploads\/2023\/07\/TH-products-680x850-silicon-ashtray-purple.png\",\"datePublished\":\"2025-07-09T16:15:15+00:00\",\"dateModified\":\"2025-12-08T22:00:05+00:00\",\"description\":\"Cendrier en silicone violet \u00e9l\u00e9gant et r\u00e9sistant \u00e0 la chaleur - facile \u00e0 nettoyer et parfait pour une utilisation en int\u00e9rieur comme en ext\u00e9rieur.\",\"breadcrumb\":{\"@id\":\"https:\/\/www.tomhemps.com\/fr\/prf\/thcrew-silicon-ashtray-kopie\/#breadcrumb\"},\"inLanguage\":\"fr-FR\",\"potentialAction\":[{\"@type\":\"ReadAction\",\"target\":[\"https:\/\/www.tomhemps.com\/fr\/prf\/thcrew-silicon-ashtray-kopie\/\"]}]},{\"@type\":\"ImageObject\",\"inLanguage\":\"fr-FR\",\"@id\":\"https:\/\/www.tomhemps.com\/fr\/prf\/thcrew-silicon-ashtray-kopie\/#primaryimage\",\"url\":\"https:\/\/www.tomhemps.com\/wp-content\/uploads\/2023\/07\/TH-products-680x850-silicon-ashtray-purple.png\",\"contentUrl\":\"https:\/\/www.tomhemps.com\/wp-content\/uploads\/2023\/07\/TH-products-680x850-silicon-ashtray-purple.png\",\"width\":680,\"height\":850},{\"@type\":\"BreadcrumbList\",\"@id\":\"https:\/\/www.tomhemps.com\/fr\/prf\/thcrew-silicon-ashtray-kopie\/#breadcrumb\",\"itemListElement\":[{\"@type\":\"ListItem\",\"position\":1,\"name\":\"Startseite\",\"item\":\"https:\/\/www.tomhemps.com\/fr\/\"},{\"@type\":\"ListItem\",\"position\":2,\"name\":\"Shop\",\"item\":\"https:\/\/www.tomhemps.com\/fr\/shop\/\"},{\"@type\":\"ListItem\",\"position\":3,\"name\":\"THCrew Cendrier en Silicone Violet\"}]},{\"@type\":\"WebSite\",\"@id\":\"https:\/\/www.tomhemps.com\/fr\/#website\",\"url\":\"https:\/\/www.tomhemps.com\/fr\/\",\"name\":\"Your CBD Shop | Your CBD Brand | born in Berlin\",\"description\":\"CBD Shop Berlin\",\"publisher\":{\"@id\":\"https:\/\/www.tomhemps.com\/fr\/#organization\"},\"potentialAction\":[{\"@type\":\"SearchAction\",\"target\":{\"@type\":\"EntryPoint\",\"urlTemplate\":\"https:\/\/www.tomhemps.com\/fr\/?s={search_term_string}\"},\"query-input\":\"required name=search_term_string\"}],\"inLanguage\":\"fr-FR\"},{\"@type\":\"Organization\",\"@id\":\"https:\/\/www.tomhemps.com\/fr\/#organization\",\"name\":\"Tom Hemp's CBD Shop\",\"alternateName\":\"Tom Hemp's Berlin\",\"url\":\"https:\/\/www.tomhemps.com\/fr\/\",\"logo\":{\"@type\":\"ImageObject\",\"inLanguage\":\"fr-FR\",\"@id\":\"https:\/\/www.tomhemps.com\/fr\/#\/schema\/logo\/image\/\",\"url\":\"https:\/\/www.tomhemps.com\/wp-content\/uploads\/2019\/04\/Logo-2019-e1581413011332.jpg\",\"contentUrl\":\"https:\/\/www.tomhemps.com\/wp-content\/uploads\/2019\/04\/Logo-2019-e1581413011332.jpg\",\"width\":460,\"height\":153,\"caption\":\"Tom Hemp's CBD Shop\"},\"image\":{\"@id\":\"https:\/\/www.tomhemps.com\/fr\/#\/schema\/logo\/image\/\"},\"sameAs\":[\"https:\/\/www.facebook.com\/tomhempsberlin\/\",\"https:\/\/www.instagram.com\/tomhemps_cbd\/\",\"https:\/\/www.youtube.com\/channel\/UCbGxDacLx_DRKyder_zVoNw\"]}]}<\/script>\n<!-- \/ Yoast SEO Premium plugin. -->","yoast_head_json":{"title":"Cendrier en Silicone Violet","description":"Cendrier en silicone violet \u00e9l\u00e9gant et r\u00e9sistant \u00e0 la chaleur - facile \u00e0 nettoyer et parfait pour une utilisation en int\u00e9rieur comme en ext\u00e9rieur.","robots":{"index":"index","follow":"follow","max-snippet":"max-snippet:-1","max-image-preview":"max-image-preview:large","max-video-preview":"max-video-preview:-1"},"canonical":"https:\/\/www.tomhemps.com\/fr\/prf\/thcrew-silicon-ashtray-kopie\/","og_locale":"fr_FR","og_type":"article","og_title":"THCrew Cendrier en Silicone Violet","og_description":"Cendrier en silicone violet \u00e9l\u00e9gant et r\u00e9sistant \u00e0 la chaleur - facile \u00e0 nettoyer et parfait pour une utilisation en int\u00e9rieur comme en ext\u00e9rieur.","og_url":"https:\/\/www.tomhemps.com\/fr\/prf\/thcrew-silicon-ashtray-kopie\/","og_site_name":"Your CBD Shop | Your CBD Brand | born in Berlin","article_publisher":"https:\/\/www.facebook.com\/tomhempsberlin\/","article_modified_time":"2025-12-08T22:00:05+00:00","og_image":[{"width":680,"height":850,"url":"https:\/\/www.tomhemps.com\/wp-content\/uploads\/2023\/07\/TH-products-680x850-silicon-ashtray-purple.png","type":"image\/png"}],"twitter_card":"summary_large_image","twitter_misc":{"Dur\u00e9e de lecture estim\u00e9e":"1 minute"},"schema":{"@context":"https:\/\/schema.org","@graph":[{"@type":"WebPage","@id":"https:\/\/www.tomhemps.com\/fr\/prf\/thcrew-silicon-ashtray-kopie\/","url":"https:\/\/www.tomhemps.com\/fr\/prf\/thcrew-silicon-ashtray-kopie\/","name":"Cendrier en Silicone Violet","isPartOf":{"@id":"https:\/\/www.tomhemps.com\/fr\/#website"},"primaryImageOfPage":{"@id":"https:\/\/www.tomhemps.com\/fr\/prf\/thcrew-silicon-ashtray-kopie\/#primaryimage"},"image":{"@id":"https:\/\/www.tomhemps.com\/fr\/prf\/thcrew-silicon-ashtray-kopie\/#primaryimage"},"thumbnailUrl":"https:\/\/www.tomhemps.com\/wp-content\/uploads\/2023\/07\/TH-products-680x850-silicon-ashtray-purple.png","datePublished":"2025-07-09T16:15:15+00:00","dateModified":"2025-12-08T22:00:05+00:00","description":"Cendrier en silicone violet \u00e9l\u00e9gant et r\u00e9sistant \u00e0 la chaleur - facile \u00e0 nettoyer et parfait pour une utilisation en int\u00e9rieur comme en ext\u00e9rieur.","breadcrumb":{"@id":"https:\/\/www.tomhemps.com\/fr\/prf\/thcrew-silicon-ashtray-kopie\/#breadcrumb"},"inLanguage":"fr-FR","potentialAction":[{"@type":"ReadAction","target":["https:\/\/www.tomhemps.com\/fr\/prf\/thcrew-silicon-ashtray-kopie\/"]}]},{"@type":"ImageObject","inLanguage":"fr-FR","@id":"https:\/\/www.tomhemps.com\/fr\/prf\/thcrew-silicon-ashtray-kopie\/#primaryimage","url":"https:\/\/www.tomhemps.com\/wp-content\/uploads\/2023\/07\/TH-products-680x850-silicon-ashtray-purple.png","contentUrl":"https:\/\/www.tomhemps.com\/wp-content\/uploads\/2023\/07\/TH-products-680x850-silicon-ashtray-purple.png","width":680,"height":850},{"@type":"BreadcrumbList","@id":"https:\/\/www.tomhemps.com\/fr\/prf\/thcrew-silicon-ashtray-kopie\/#breadcrumb","itemListElement":[{"@type":"ListItem","position":1,"name":"Startseite","item":"https:\/\/www.tomhemps.com\/fr\/"},{"@type":"ListItem","position":2,"name":"Shop","item":"https:\/\/www.tomhemps.com\/fr\/shop\/"},{"@type":"ListItem","position":3,"name":"THCrew Cendrier en Silicone Violet"}]},{"@type":"WebSite","@id":"https:\/\/www.tomhemps.com\/fr\/#website","url":"https:\/\/www.tomhemps.com\/fr\/","name":"Your CBD Shop | Your CBD Brand | born in Berlin","description":"CBD Shop Berlin","publisher":{"@id":"https:\/\/www.tomhemps.com\/fr\/#organization"},"potentialAction":[{"@type":"SearchAction","target":{"@type":"EntryPoint","urlTemplate":"https:\/\/www.tomhemps.com\/fr\/?s={search_term_string}"},"query-input":"required name=search_term_string"}],"inLanguage":"fr-FR"},{"@type":"Organization","@id":"https:\/\/www.tomhemps.com\/fr\/#organization","name":"Tom Hemp's CBD Shop","alternateName":"Tom Hemp's Berlin","url":"https:\/\/www.tomhemps.com\/fr\/","logo":{"@type":"ImageObject","inLanguage":"fr-FR","@id":"https:\/\/www.tomhemps.com\/fr\/#\/schema\/logo\/image\/","url":"https:\/\/www.tomhemps.com\/wp-content\/uploads\/2019\/04\/Logo-2019-e1581413011332.jpg","contentUrl":"https:\/\/www.tomhemps.com\/wp-content\/uploads\/2019\/04\/Logo-2019-e1581413011332.jpg","width":460,"height":153,"caption":"Tom Hemp's CBD Shop"},"image":{"@id":"https:\/\/www.tomhemps.com\/fr\/#\/schema\/logo\/image\/"},"sameAs":["https:\/\/www.facebook.com\/tomhempsberlin\/","https:\/\/www.instagram.com\/tomhemps_cbd\/","https:\/\/www.youtube.com\/channel\/UCbGxDacLx_DRKyder_zVoNw"]}]}},"fields":{"smoking_product":false,"pi_hd":false,"pi_hm":false,"pi_tot":"Qu'y a-t-il \u00e0 l'int\u00e9rieur?","pi_to":"<p>1 xCendrier en silicone Violet<\/p>\n","pi_tst":"Plus d'info","pi_ts":"<ul>\n<li>Diam\u00e8tre : \u00d8 90 mm<\/li>\n<li>Silicone flexible et r\u00e9sistant \u00e0 la chaleur \u2013 pas de traces de br\u00fblure, incassable<\/li>\n<li>Disponible en quatre coloris tendance \u2013 un design qui s\u2019adapte \u00e0 tous les go\u00fbts<\/li>\n<li>Facile \u00e0 nettoyer \u2013 compatible lave-vaisselle et anti-salissures<\/li>\n<li>Polyvalent \u2013 id\u00e9al pour les cigarettes, les joints, les cigares ou les pipes<\/li>\n<li>Parfait pour une utilisation en ext\u00e9rieur<\/li>\n<\/ul>\n<p>&nbsp;<\/p>\n","pi_dd":576853,"pi_t":161206},"_links":{"self":[{"href":"https:\/\/www.tomhemps.com\/fr\/wp-json\/wp\/v2\/product\/635123"}],"collection":[{"href":"https:\/\/www.tomhemps.com\/fr\/wp-json\/wp\/v2\/product"}],"about":[{"href":"https:\/\/www.tomhemps.com\/fr\/wp-json\/wp\/v2\/types\/product"}],"replies":[{"embeddable":true,"href":"https:\/\/www.tomhemps.com\/fr\/wp-json\/wp\/v2\/comments?post=635123"}],"wp:featuredmedia":[{"embeddable":true,"href":"https:\/\/www.tomhemps.com\/fr\/wp-json\/wp\/v2\/media\/576853"}],"wp:attachment":[{"href":"https:\/\/www.tomhemps.com\/fr\/wp-json\/wp\/v2\/media?parent=635123"}],"wp:term":[{"taxonomy":"product_cat","embeddable":true,"href":"https:\/\/www.tomhemps.com\/fr\/wp-json\/wp\/v2\/product_cat?post=635123"},{"taxonomy":"product_tag","embeddable":true,"href":"https:\/\/www.tomhemps.com\/fr\/wp-json\/wp\/v2\/product_tag?post=635123"}],"curies":[{"name":"wp","href":"https:\/\/api.w.org\/{rel}","templated":true}]}}