{"id":635191,"date":"2025-04-16T21:30:25","date_gmt":"2025-04-16T19:30:25","guid":{"rendered":"https:\/\/www.tomhemps.com\/pr\/grodan-steinbwolle-anzuchtblock\/"},"modified":"2025-07-10T15:41:57","modified_gmt":"2025-07-10T13:41:57","slug":"bloc-de-culture-en-laine-de-roche-grodan","status":"publish","type":"product","link":"https:\/\/www.tomhemps.com\/fr\/prf\/bloc-de-culture-en-laine-de-roche-grodan\/","title":{"rendered":"Bloc de culture en laine de roche GRODAN"},"content":{"rendered":"","protected":false},"excerpt":{"rendered":"<p><strong>Les blocs de propagation Grodan<\/strong> sont essentiels \u00e0 la croissance des graines et des jeunes plants. La distribution de l&rsquo;eau a \u00e9t\u00e9 am\u00e9lior\u00e9e, permettant une utilisation plus efficace de tout le volume du substrat. La croissance racinaire continue dans le module assure une plante plus saine et plus vigoureuse tout au long de la saison de croissance. Ces avantages se traduisent par des rendements plus \u00e9lev\u00e9s, une meilleure qualit\u00e9 des fruits et une moindre sensibilit\u00e9 aux maladies.<\/p>\n","protected":false},"featured_media":632133,"comment_status":"open","ping_status":"closed","template":"","meta":{"_acf_changed":false},"product_cat":[2830,4982],"product_tag":[],"acf":[],"yoast_head":"<!-- This site is optimized with the Yoast SEO Premium plugin v22.8 (Yoast SEO v22.8) - https:\/\/yoast.com\/wordpress\/plugins\/seo\/ -->\n<title>Bloc de culture en laine de roche x Grodan<\/title>\n<meta name=\"description\" content=\"Bloc de propagation en laine de roche pour une culture efficace des plantes \u2013 id\u00e9al pour les boutures et les semis. R\u00e9tention optimale de l&#039;eau et des nutriments.\" \/>\n<meta name=\"robots\" content=\"index, follow, max-snippet:-1, max-image-preview:large, max-video-preview:-1\" \/>\n<link rel=\"canonical\" href=\"https:\/\/www.tomhemps.com\/fr\/prf\/bloc-de-culture-en-laine-de-roche-grodan\/\" \/>\n<meta property=\"og:locale\" content=\"fr_FR\" \/>\n<meta property=\"og:type\" content=\"article\" \/>\n<meta property=\"og:title\" content=\"Bloc de culture en laine de roche GRODAN\" \/>\n<meta property=\"og:description\" content=\"Bloc de propagation en laine de roche pour une culture efficace des plantes \u2013 id\u00e9al pour les boutures et les semis. R\u00e9tention optimale de l&#039;eau et des nutriments.\" \/>\n<meta property=\"og:url\" content=\"https:\/\/www.tomhemps.com\/fr\/prf\/bloc-de-culture-en-laine-de-roche-grodan\/\" \/>\n<meta property=\"og:site_name\" content=\"Your CBD Shop | Your CBD Brand | born in Berlin\" \/>\n<meta property=\"article:publisher\" content=\"https:\/\/www.facebook.com\/tomhempsberlin\/\" \/>\n<meta property=\"article:modified_time\" content=\"2025-07-10T13:41:57+00:00\" \/>\n<meta property=\"og:image\" content=\"https:\/\/www.tomhemps.com\/wp-content\/uploads\/2025\/04\/Grodan-steinwoll-big-block.png\" \/>\n\t<meta property=\"og:image:width\" content=\"680\" \/>\n\t<meta property=\"og:image:height\" content=\"850\" \/>\n\t<meta property=\"og:image:type\" content=\"image\/png\" \/>\n<meta name=\"twitter:card\" content=\"summary_large_image\" \/>\n<meta name=\"twitter:label1\" content=\"Dur\u00e9e de lecture estim\u00e9e\" \/>\n\t<meta name=\"twitter:data1\" content=\"1 minute\" \/>\n<script type=\"application\/ld+json\" class=\"yoast-schema-graph\">{\"@context\":\"https:\/\/schema.org\",\"@graph\":[{\"@type\":\"WebPage\",\"@id\":\"https:\/\/www.tomhemps.com\/fr\/prf\/bloc-de-culture-en-laine-de-roche-grodan\/\",\"url\":\"https:\/\/www.tomhemps.com\/fr\/prf\/bloc-de-culture-en-laine-de-roche-grodan\/\",\"name\":\"Bloc de culture en laine de roche x Grodan\",\"isPartOf\":{\"@id\":\"https:\/\/www.tomhemps.com\/fr\/#website\"},\"primaryImageOfPage\":{\"@id\":\"https:\/\/www.tomhemps.com\/fr\/prf\/bloc-de-culture-en-laine-de-roche-grodan\/#primaryimage\"},\"image\":{\"@id\":\"https:\/\/www.tomhemps.com\/fr\/prf\/bloc-de-culture-en-laine-de-roche-grodan\/#primaryimage\"},\"thumbnailUrl\":\"https:\/\/www.tomhemps.com\/wp-content\/uploads\/2025\/04\/Grodan-steinwoll-big-block.png\",\"datePublished\":\"2025-04-16T19:30:25+00:00\",\"dateModified\":\"2025-07-10T13:41:57+00:00\",\"description\":\"Bloc de propagation en laine de roche pour une culture efficace des plantes \u2013 id\u00e9al pour les boutures et les semis. R\u00e9tention optimale de l'eau et des nutriments.\",\"breadcrumb\":{\"@id\":\"https:\/\/www.tomhemps.com\/fr\/prf\/bloc-de-culture-en-laine-de-roche-grodan\/#breadcrumb\"},\"inLanguage\":\"fr-FR\",\"potentialAction\":[{\"@type\":\"ReadAction\",\"target\":[\"https:\/\/www.tomhemps.com\/fr\/prf\/bloc-de-culture-en-laine-de-roche-grodan\/\"]}]},{\"@type\":\"ImageObject\",\"inLanguage\":\"fr-FR\",\"@id\":\"https:\/\/www.tomhemps.com\/fr\/prf\/bloc-de-culture-en-laine-de-roche-grodan\/#primaryimage\",\"url\":\"https:\/\/www.tomhemps.com\/wp-content\/uploads\/2025\/04\/Grodan-steinwoll-big-block.png\",\"contentUrl\":\"https:\/\/www.tomhemps.com\/wp-content\/uploads\/2025\/04\/Grodan-steinwoll-big-block.png\",\"width\":680,\"height\":850,\"caption\":\"Gros blocs de laine de roche Grodan\"},{\"@type\":\"BreadcrumbList\",\"@id\":\"https:\/\/www.tomhemps.com\/fr\/prf\/bloc-de-culture-en-laine-de-roche-grodan\/#breadcrumb\",\"itemListElement\":[{\"@type\":\"ListItem\",\"position\":1,\"name\":\"Startseite\",\"item\":\"https:\/\/www.tomhemps.com\/fr\/\"},{\"@type\":\"ListItem\",\"position\":2,\"name\":\"Shop\",\"item\":\"https:\/\/www.tomhemps.com\/fr\/shop\/\"},{\"@type\":\"ListItem\",\"position\":3,\"name\":\"Bloc de culture en laine de roche GRODAN\"}]},{\"@type\":\"WebSite\",\"@id\":\"https:\/\/www.tomhemps.com\/fr\/#website\",\"url\":\"https:\/\/www.tomhemps.com\/fr\/\",\"name\":\"Your CBD Shop | Your CBD Brand | born in Berlin\",\"description\":\"CBD Shop Berlin\",\"publisher\":{\"@id\":\"https:\/\/www.tomhemps.com\/fr\/#organization\"},\"potentialAction\":[{\"@type\":\"SearchAction\",\"target\":{\"@type\":\"EntryPoint\",\"urlTemplate\":\"https:\/\/www.tomhemps.com\/fr\/?s={search_term_string}\"},\"query-input\":\"required name=search_term_string\"}],\"inLanguage\":\"fr-FR\"},{\"@type\":\"Organization\",\"@id\":\"https:\/\/www.tomhemps.com\/fr\/#organization\",\"name\":\"Tom Hemp's CBD Shop\",\"alternateName\":\"Tom Hemp's Berlin\",\"url\":\"https:\/\/www.tomhemps.com\/fr\/\",\"logo\":{\"@type\":\"ImageObject\",\"inLanguage\":\"fr-FR\",\"@id\":\"https:\/\/www.tomhemps.com\/fr\/#\/schema\/logo\/image\/\",\"url\":\"https:\/\/www.tomhemps.com\/wp-content\/uploads\/2019\/04\/Logo-2019-e1581413011332.jpg\",\"contentUrl\":\"https:\/\/www.tomhemps.com\/wp-content\/uploads\/2019\/04\/Logo-2019-e1581413011332.jpg\",\"width\":460,\"height\":153,\"caption\":\"Tom Hemp's CBD Shop\"},\"image\":{\"@id\":\"https:\/\/www.tomhemps.com\/fr\/#\/schema\/logo\/image\/\"},\"sameAs\":[\"https:\/\/www.facebook.com\/tomhempsberlin\/\",\"https:\/\/www.instagram.com\/tomhemps_cbd\/\",\"https:\/\/www.youtube.com\/channel\/UCbGxDacLx_DRKyder_zVoNw\"]}]}<\/script>\n<!-- \/ Yoast SEO Premium plugin. -->","yoast_head_json":{"title":"Bloc de culture en laine de roche x Grodan","description":"Bloc de propagation en laine de roche pour une culture efficace des plantes \u2013 id\u00e9al pour les boutures et les semis. R\u00e9tention optimale de l'eau et des nutriments.","robots":{"index":"index","follow":"follow","max-snippet":"max-snippet:-1","max-image-preview":"max-image-preview:large","max-video-preview":"max-video-preview:-1"},"canonical":"https:\/\/www.tomhemps.com\/fr\/prf\/bloc-de-culture-en-laine-de-roche-grodan\/","og_locale":"fr_FR","og_type":"article","og_title":"Bloc de culture en laine de roche GRODAN","og_description":"Bloc de propagation en laine de roche pour une culture efficace des plantes \u2013 id\u00e9al pour les boutures et les semis. R\u00e9tention optimale de l'eau et des nutriments.","og_url":"https:\/\/www.tomhemps.com\/fr\/prf\/bloc-de-culture-en-laine-de-roche-grodan\/","og_site_name":"Your CBD Shop | Your CBD Brand | born in Berlin","article_publisher":"https:\/\/www.facebook.com\/tomhempsberlin\/","article_modified_time":"2025-07-10T13:41:57+00:00","og_image":[{"width":680,"height":850,"url":"https:\/\/www.tomhemps.com\/wp-content\/uploads\/2025\/04\/Grodan-steinwoll-big-block.png","type":"image\/png"}],"twitter_card":"summary_large_image","twitter_misc":{"Dur\u00e9e de lecture estim\u00e9e":"1 minute"},"schema":{"@context":"https:\/\/schema.org","@graph":[{"@type":"WebPage","@id":"https:\/\/www.tomhemps.com\/fr\/prf\/bloc-de-culture-en-laine-de-roche-grodan\/","url":"https:\/\/www.tomhemps.com\/fr\/prf\/bloc-de-culture-en-laine-de-roche-grodan\/","name":"Bloc de culture en laine de roche x Grodan","isPartOf":{"@id":"https:\/\/www.tomhemps.com\/fr\/#website"},"primaryImageOfPage":{"@id":"https:\/\/www.tomhemps.com\/fr\/prf\/bloc-de-culture-en-laine-de-roche-grodan\/#primaryimage"},"image":{"@id":"https:\/\/www.tomhemps.com\/fr\/prf\/bloc-de-culture-en-laine-de-roche-grodan\/#primaryimage"},"thumbnailUrl":"https:\/\/www.tomhemps.com\/wp-content\/uploads\/2025\/04\/Grodan-steinwoll-big-block.png","datePublished":"2025-04-16T19:30:25+00:00","dateModified":"2025-07-10T13:41:57+00:00","description":"Bloc de propagation en laine de roche pour une culture efficace des plantes \u2013 id\u00e9al pour les boutures et les semis. R\u00e9tention optimale de l'eau et des nutriments.","breadcrumb":{"@id":"https:\/\/www.tomhemps.com\/fr\/prf\/bloc-de-culture-en-laine-de-roche-grodan\/#breadcrumb"},"inLanguage":"fr-FR","potentialAction":[{"@type":"ReadAction","target":["https:\/\/www.tomhemps.com\/fr\/prf\/bloc-de-culture-en-laine-de-roche-grodan\/"]}]},{"@type":"ImageObject","inLanguage":"fr-FR","@id":"https:\/\/www.tomhemps.com\/fr\/prf\/bloc-de-culture-en-laine-de-roche-grodan\/#primaryimage","url":"https:\/\/www.tomhemps.com\/wp-content\/uploads\/2025\/04\/Grodan-steinwoll-big-block.png","contentUrl":"https:\/\/www.tomhemps.com\/wp-content\/uploads\/2025\/04\/Grodan-steinwoll-big-block.png","width":680,"height":850,"caption":"Gros blocs de laine de roche Grodan"},{"@type":"BreadcrumbList","@id":"https:\/\/www.tomhemps.com\/fr\/prf\/bloc-de-culture-en-laine-de-roche-grodan\/#breadcrumb","itemListElement":[{"@type":"ListItem","position":1,"name":"Startseite","item":"https:\/\/www.tomhemps.com\/fr\/"},{"@type":"ListItem","position":2,"name":"Shop","item":"https:\/\/www.tomhemps.com\/fr\/shop\/"},{"@type":"ListItem","position":3,"name":"Bloc de culture en laine de roche GRODAN"}]},{"@type":"WebSite","@id":"https:\/\/www.tomhemps.com\/fr\/#website","url":"https:\/\/www.tomhemps.com\/fr\/","name":"Your CBD Shop | Your CBD Brand | born in Berlin","description":"CBD Shop Berlin","publisher":{"@id":"https:\/\/www.tomhemps.com\/fr\/#organization"},"potentialAction":[{"@type":"SearchAction","target":{"@type":"EntryPoint","urlTemplate":"https:\/\/www.tomhemps.com\/fr\/?s={search_term_string}"},"query-input":"required name=search_term_string"}],"inLanguage":"fr-FR"},{"@type":"Organization","@id":"https:\/\/www.tomhemps.com\/fr\/#organization","name":"Tom Hemp's CBD Shop","alternateName":"Tom Hemp's Berlin","url":"https:\/\/www.tomhemps.com\/fr\/","logo":{"@type":"ImageObject","inLanguage":"fr-FR","@id":"https:\/\/www.tomhemps.com\/fr\/#\/schema\/logo\/image\/","url":"https:\/\/www.tomhemps.com\/wp-content\/uploads\/2019\/04\/Logo-2019-e1581413011332.jpg","contentUrl":"https:\/\/www.tomhemps.com\/wp-content\/uploads\/2019\/04\/Logo-2019-e1581413011332.jpg","width":460,"height":153,"caption":"Tom Hemp's CBD Shop"},"image":{"@id":"https:\/\/www.tomhemps.com\/fr\/#\/schema\/logo\/image\/"},"sameAs":["https:\/\/www.facebook.com\/tomhempsberlin\/","https:\/\/www.instagram.com\/tomhemps_cbd\/","https:\/\/www.youtube.com\/channel\/UCbGxDacLx_DRKyder_zVoNw"]}]}},"fields":{"smoking_product":false,"pi_hd":false,"pi_hm":false,"pi_dd":false,"pi_t":false,"pi_to":"<article class=\"text-token-text-primary w-full\" dir=\"auto\" data-testid=\"conversation-turn-6\" data-scroll-anchor=\"true\">\n<div class=\"text-base my-auto mx-auto py-5 [--thread-content-margin:--spacing(4)] @[37rem]:[--thread-content-margin:--spacing(6)] @[70rem]:[--thread-content-margin:--spacing(12)] px-(--thread-content-margin)\">\n<div class=\"[--thread-content-max-width:32rem] @[34rem]:[--thread-content-max-width:40rem] @[64rem]:[--thread-content-max-width:48rem] mx-auto flex max-w-(--thread-content-max-width) flex-1 text-base gap-4 md:gap-5 lg:gap-6 group\/turn-messages focus-visible:outline-hidden\">\n<div class=\"group\/conversation-turn relative flex w-full min-w-0 flex-col agent-turn\">\n<div class=\"relative flex-col gap-1 md:gap-3\">\n<div class=\"flex max-w-full flex-col grow\">\n<div class=\"min-h-8 text-message relative flex w-full flex-col items-end gap-2 text-start break-words whitespace-normal [.text-message+&amp;]:mt-5\" dir=\"auto\" data-message-author-role=\"assistant\" data-message-id=\"a87ee472-c61f-4ed8-8d6f-f81f0b31f426\" data-message-model-slug=\"gpt-4o\">\n<div class=\"flex w-full flex-col gap-1 empty:hidden first:pt-[3px]\">\n<div class=\"markdown prose dark:prose-invert w-full break-words light\">\n<p class=\"\" data-start=\"0\" data-end=\"173\"><strong>Avantages du bloc de culture :<\/strong><\/p>\n<ul>\n<li data-start=\"0\" data-end=\"173\">Arrosage facile, favorise la croissance v\u00e9g\u00e9tative et g\u00e9n\u00e9rative<\/li>\n<li data-start=\"0\" data-end=\"173\">Distribution verticale de l&rsquo;eau am\u00e9lior\u00e9e<\/li>\n<li data-start=\"0\" data-end=\"173\">Des r\u00e9sultats fiables dans toutes les conditions<\/li>\n<\/ul>\n<\/div>\n<\/div>\n<\/div>\n<\/div>\n<div class=\"flex justify-start\">\n<div class=\"touch:-me-2 touch:-ms-3.5 -ms-2.5 -me-1 flex items-center p-1 select-none -mt-1 duration-[1.5s] focus-within:transition-none hover:transition-none pointer-events-none [mask-image:linear-gradient(to_right,black_33%,transparent_66%)] [mask-position:100%_0%] [mask-size:300%_100%] motion-safe:transition-[mask-position] group-hover\/turn-messages:pointer-events-auto group-hover\/turn-messages:[mask-position:0_0] group-focus-within\/turn-messages:pointer-events-auto group-focus-within\/turn-messages:[mask-position:0_0] has-data-[state=open]:pointer-events-auto has-data-[state=open]:[mask-position:0_0]\">Les blocs de laine de roche doivent \u00eatre arros\u00e9s avant utilisation.<br \/>\nDans leur \u00e9tat initial, ils ont un pH neutre de 7,0.<br \/>\nUne valeur de pH d\u2019environ 5,6 \u00e0 5,8 est recommand\u00e9e.<\/div>\n<\/div>\n<\/div>\n<div class=\"absolute\">\n<div class=\"flex items-center justify-center\"><\/div>\n<\/div>\n<\/div>\n<\/div>\n<\/div>\n<\/article>\n<div class=\"pointer-events-none h-px w-px\" aria-hidden=\"true\" data-edge=\"true\"><\/div>\n","pi_ts":"<div>1 x bloc de culture en laine de roche de taille :<\/div>\n<div>10x10x6,5 cm ou<\/div>\n<div>7,5&#215;7,5&#215;6 cm<\/div>\n<div><\/div>\n","pi_tst":"Contenu de la livraison","pi_tot":"Informations sur le produit","image":false,"intro_text":"","top_selling_products":false},"_links":{"self":[{"href":"https:\/\/www.tomhemps.com\/fr\/wp-json\/wp\/v2\/product\/635191"}],"collection":[{"href":"https:\/\/www.tomhemps.com\/fr\/wp-json\/wp\/v2\/product"}],"about":[{"href":"https:\/\/www.tomhemps.com\/fr\/wp-json\/wp\/v2\/types\/product"}],"replies":[{"embeddable":true,"href":"https:\/\/www.tomhemps.com\/fr\/wp-json\/wp\/v2\/comments?post=635191"}],"wp:featuredmedia":[{"embeddable":true,"href":"https:\/\/www.tomhemps.com\/fr\/wp-json\/wp\/v2\/media\/632133"}],"wp:attachment":[{"href":"https:\/\/www.tomhemps.com\/fr\/wp-json\/wp\/v2\/media?parent=635191"}],"wp:term":[{"taxonomy":"product_cat","embeddable":true,"href":"https:\/\/www.tomhemps.com\/fr\/wp-json\/wp\/v2\/product_cat?post=635191"},{"taxonomy":"product_tag","embeddable":true,"href":"https:\/\/www.tomhemps.com\/fr\/wp-json\/wp\/v2\/product_tag?post=635191"}],"curies":[{"name":"wp","href":"https:\/\/api.w.org\/{rel}","templated":true}]}}