{"id":635626,"date":"2025-07-23T19:45:25","date_gmt":"2025-07-23T17:45:26","guid":{"rendered":"https:\/\/www.tomhemps.com\/?post_type=product&#038;p=635626"},"modified":"2025-12-08T23:00:06","modified_gmt":"2025-12-08T22:00:06","slug":"thcrew-tin-ashtray-classic-green-kopie","status":"publish","type":"product","link":"https:\/\/www.tomhemps.com\/fr\/prf\/thcrew-tin-ashtray-classic-green-kopie\/","title":{"rendered":"Cendrier m\u00e9tallique Small Friends Indica"},"content":{"rendered":"","protected":false},"excerpt":{"rendered":"<p>Avec <strong>Small Friends Indica<\/strong>, les grandes choses deviennent r\u00e9alit\u00e9 ! Cet \u00e9l\u00e9gant cendrier violet vif apporte de la couleur \u00e0 votre table et fait passer chaque pause cigarette au niveau sup\u00e9rieur. Fabriqu\u00e9 dans un mat\u00e9riau robuste, facile \u00e0 nettoyer et, gr\u00e2ce \u00e0 sa taille compacte, il trouve sa place partout, m\u00eame sur le balcon ou dans la salle de d\u00e9tente. Friends with Small Friends Indica forever&#8230;<\/p>\n","protected":false},"featured_media":635651,"comment_status":"open","ping_status":"closed","template":"","meta":{"_acf_changed":false},"product_cat":[2592,990],"product_tag":[],"acf":[],"yoast_head":"<!-- This site is optimized with the Yoast SEO Premium plugin v22.8 (Yoast SEO v22.8) - https:\/\/yoast.com\/wordpress\/plugins\/seo\/ -->\n<title>Cendrier m\u00e9tallique Small Friends Indica<\/title>\n<meta name=\"description\" content=\"Cendrier Small Friends Indica\u2013 robuste, r\u00e9sistant \u00e0 la chaleur et parfait pour les vrais fans. D\u00e9couvrez-le et commandez-le en ligne d\u00e8s maintenant !\" \/>\n<meta name=\"robots\" content=\"index, follow, max-snippet:-1, max-image-preview:large, max-video-preview:-1\" \/>\n<link rel=\"canonical\" href=\"https:\/\/www.tomhemps.com\/fr\/prf\/thcrew-tin-ashtray-classic-green-kopie\/\" \/>\n<meta property=\"og:locale\" content=\"fr_FR\" \/>\n<meta property=\"og:type\" content=\"article\" \/>\n<meta property=\"og:title\" content=\"Cendrier m\u00e9tallique Small Friends Indica\" \/>\n<meta property=\"og:description\" content=\"Cendrier Small Friends Indica\u2013 robuste, r\u00e9sistant \u00e0 la chaleur et parfait pour les vrais fans. D\u00e9couvrez-le et commandez-le en ligne d\u00e8s maintenant !\" \/>\n<meta property=\"og:url\" content=\"https:\/\/www.tomhemps.com\/fr\/prf\/thcrew-tin-ashtray-classic-green-kopie\/\" \/>\n<meta property=\"og:site_name\" content=\"Your CBD Shop | Your CBD Brand | born in Berlin\" \/>\n<meta property=\"article:publisher\" content=\"https:\/\/www.facebook.com\/tomhempsberlin\/\" \/>\n<meta property=\"article:modified_time\" content=\"2025-12-08T22:00:06+00:00\" \/>\n<meta property=\"og:image\" content=\"https:\/\/www.tomhemps.com\/wp-content\/uploads\/2025\/07\/Untitled_design_bg_removed.png.png\" \/>\n\t<meta property=\"og:image:width\" content=\"680\" \/>\n\t<meta property=\"og:image:height\" content=\"850\" \/>\n\t<meta property=\"og:image:type\" content=\"image\/png\" \/>\n<meta name=\"twitter:card\" content=\"summary_large_image\" \/>\n<meta name=\"twitter:label1\" content=\"Dur\u00e9e de lecture estim\u00e9e\" \/>\n\t<meta name=\"twitter:data1\" content=\"1 minute\" \/>\n<script type=\"application\/ld+json\" class=\"yoast-schema-graph\">{\"@context\":\"https:\/\/schema.org\",\"@graph\":[{\"@type\":\"WebPage\",\"@id\":\"https:\/\/www.tomhemps.com\/fr\/prf\/thcrew-tin-ashtray-classic-green-kopie\/\",\"url\":\"https:\/\/www.tomhemps.com\/fr\/prf\/thcrew-tin-ashtray-classic-green-kopie\/\",\"name\":\"Cendrier m\u00e9tallique Small Friends Indica\",\"isPartOf\":{\"@id\":\"https:\/\/www.tomhemps.com\/fr\/#website\"},\"primaryImageOfPage\":{\"@id\":\"https:\/\/www.tomhemps.com\/fr\/prf\/thcrew-tin-ashtray-classic-green-kopie\/#primaryimage\"},\"image\":{\"@id\":\"https:\/\/www.tomhemps.com\/fr\/prf\/thcrew-tin-ashtray-classic-green-kopie\/#primaryimage\"},\"thumbnailUrl\":\"https:\/\/www.tomhemps.com\/wp-content\/uploads\/2025\/07\/Untitled_design_bg_removed.png.png\",\"datePublished\":\"2025-07-23T17:45:26+00:00\",\"dateModified\":\"2025-12-08T22:00:06+00:00\",\"description\":\"Cendrier Small Friends Indica\u2013 robuste, r\u00e9sistant \u00e0 la chaleur et parfait pour les vrais fans. D\u00e9couvrez-le et commandez-le en ligne d\u00e8s maintenant !\",\"breadcrumb\":{\"@id\":\"https:\/\/www.tomhemps.com\/fr\/prf\/thcrew-tin-ashtray-classic-green-kopie\/#breadcrumb\"},\"inLanguage\":\"fr-FR\",\"potentialAction\":[{\"@type\":\"ReadAction\",\"target\":[\"https:\/\/www.tomhemps.com\/fr\/prf\/thcrew-tin-ashtray-classic-green-kopie\/\"]}]},{\"@type\":\"ImageObject\",\"inLanguage\":\"fr-FR\",\"@id\":\"https:\/\/www.tomhemps.com\/fr\/prf\/thcrew-tin-ashtray-classic-green-kopie\/#primaryimage\",\"url\":\"https:\/\/www.tomhemps.com\/wp-content\/uploads\/2025\/07\/Untitled_design_bg_removed.png.png\",\"contentUrl\":\"https:\/\/www.tomhemps.com\/wp-content\/uploads\/2025\/07\/Untitled_design_bg_removed.png.png\",\"width\":680,\"height\":850},{\"@type\":\"BreadcrumbList\",\"@id\":\"https:\/\/www.tomhemps.com\/fr\/prf\/thcrew-tin-ashtray-classic-green-kopie\/#breadcrumb\",\"itemListElement\":[{\"@type\":\"ListItem\",\"position\":1,\"name\":\"Startseite\",\"item\":\"https:\/\/www.tomhemps.com\/fr\/\"},{\"@type\":\"ListItem\",\"position\":2,\"name\":\"Shop\",\"item\":\"https:\/\/www.tomhemps.com\/fr\/shop\/\"},{\"@type\":\"ListItem\",\"position\":3,\"name\":\"Cendrier m\u00e9tallique Small Friends Indica\"}]},{\"@type\":\"WebSite\",\"@id\":\"https:\/\/www.tomhemps.com\/fr\/#website\",\"url\":\"https:\/\/www.tomhemps.com\/fr\/\",\"name\":\"Your CBD Shop | Your CBD Brand | born in Berlin\",\"description\":\"CBD Shop Berlin\",\"publisher\":{\"@id\":\"https:\/\/www.tomhemps.com\/fr\/#organization\"},\"potentialAction\":[{\"@type\":\"SearchAction\",\"target\":{\"@type\":\"EntryPoint\",\"urlTemplate\":\"https:\/\/www.tomhemps.com\/fr\/?s={search_term_string}\"},\"query-input\":\"required name=search_term_string\"}],\"inLanguage\":\"fr-FR\"},{\"@type\":\"Organization\",\"@id\":\"https:\/\/www.tomhemps.com\/fr\/#organization\",\"name\":\"Tom Hemp's CBD Shop\",\"alternateName\":\"Tom Hemp's Berlin\",\"url\":\"https:\/\/www.tomhemps.com\/fr\/\",\"logo\":{\"@type\":\"ImageObject\",\"inLanguage\":\"fr-FR\",\"@id\":\"https:\/\/www.tomhemps.com\/fr\/#\/schema\/logo\/image\/\",\"url\":\"https:\/\/www.tomhemps.com\/wp-content\/uploads\/2019\/04\/Logo-2019-e1581413011332.jpg\",\"contentUrl\":\"https:\/\/www.tomhemps.com\/wp-content\/uploads\/2019\/04\/Logo-2019-e1581413011332.jpg\",\"width\":460,\"height\":153,\"caption\":\"Tom Hemp's CBD Shop\"},\"image\":{\"@id\":\"https:\/\/www.tomhemps.com\/fr\/#\/schema\/logo\/image\/\"},\"sameAs\":[\"https:\/\/www.facebook.com\/tomhempsberlin\/\",\"https:\/\/www.instagram.com\/tomhemps_cbd\/\",\"https:\/\/www.youtube.com\/channel\/UCbGxDacLx_DRKyder_zVoNw\"]}]}<\/script>\n<!-- \/ Yoast SEO Premium plugin. -->","yoast_head_json":{"title":"Cendrier m\u00e9tallique Small Friends Indica","description":"Cendrier Small Friends Indica\u2013 robuste, r\u00e9sistant \u00e0 la chaleur et parfait pour les vrais fans. D\u00e9couvrez-le et commandez-le en ligne d\u00e8s maintenant !","robots":{"index":"index","follow":"follow","max-snippet":"max-snippet:-1","max-image-preview":"max-image-preview:large","max-video-preview":"max-video-preview:-1"},"canonical":"https:\/\/www.tomhemps.com\/fr\/prf\/thcrew-tin-ashtray-classic-green-kopie\/","og_locale":"fr_FR","og_type":"article","og_title":"Cendrier m\u00e9tallique Small Friends Indica","og_description":"Cendrier Small Friends Indica\u2013 robuste, r\u00e9sistant \u00e0 la chaleur et parfait pour les vrais fans. D\u00e9couvrez-le et commandez-le en ligne d\u00e8s maintenant !","og_url":"https:\/\/www.tomhemps.com\/fr\/prf\/thcrew-tin-ashtray-classic-green-kopie\/","og_site_name":"Your CBD Shop | Your CBD Brand | born in Berlin","article_publisher":"https:\/\/www.facebook.com\/tomhempsberlin\/","article_modified_time":"2025-12-08T22:00:06+00:00","og_image":[{"width":680,"height":850,"url":"https:\/\/www.tomhemps.com\/wp-content\/uploads\/2025\/07\/Untitled_design_bg_removed.png.png","type":"image\/png"}],"twitter_card":"summary_large_image","twitter_misc":{"Dur\u00e9e de lecture estim\u00e9e":"1 minute"},"schema":{"@context":"https:\/\/schema.org","@graph":[{"@type":"WebPage","@id":"https:\/\/www.tomhemps.com\/fr\/prf\/thcrew-tin-ashtray-classic-green-kopie\/","url":"https:\/\/www.tomhemps.com\/fr\/prf\/thcrew-tin-ashtray-classic-green-kopie\/","name":"Cendrier m\u00e9tallique Small Friends Indica","isPartOf":{"@id":"https:\/\/www.tomhemps.com\/fr\/#website"},"primaryImageOfPage":{"@id":"https:\/\/www.tomhemps.com\/fr\/prf\/thcrew-tin-ashtray-classic-green-kopie\/#primaryimage"},"image":{"@id":"https:\/\/www.tomhemps.com\/fr\/prf\/thcrew-tin-ashtray-classic-green-kopie\/#primaryimage"},"thumbnailUrl":"https:\/\/www.tomhemps.com\/wp-content\/uploads\/2025\/07\/Untitled_design_bg_removed.png.png","datePublished":"2025-07-23T17:45:26+00:00","dateModified":"2025-12-08T22:00:06+00:00","description":"Cendrier Small Friends Indica\u2013 robuste, r\u00e9sistant \u00e0 la chaleur et parfait pour les vrais fans. D\u00e9couvrez-le et commandez-le en ligne d\u00e8s maintenant !","breadcrumb":{"@id":"https:\/\/www.tomhemps.com\/fr\/prf\/thcrew-tin-ashtray-classic-green-kopie\/#breadcrumb"},"inLanguage":"fr-FR","potentialAction":[{"@type":"ReadAction","target":["https:\/\/www.tomhemps.com\/fr\/prf\/thcrew-tin-ashtray-classic-green-kopie\/"]}]},{"@type":"ImageObject","inLanguage":"fr-FR","@id":"https:\/\/www.tomhemps.com\/fr\/prf\/thcrew-tin-ashtray-classic-green-kopie\/#primaryimage","url":"https:\/\/www.tomhemps.com\/wp-content\/uploads\/2025\/07\/Untitled_design_bg_removed.png.png","contentUrl":"https:\/\/www.tomhemps.com\/wp-content\/uploads\/2025\/07\/Untitled_design_bg_removed.png.png","width":680,"height":850},{"@type":"BreadcrumbList","@id":"https:\/\/www.tomhemps.com\/fr\/prf\/thcrew-tin-ashtray-classic-green-kopie\/#breadcrumb","itemListElement":[{"@type":"ListItem","position":1,"name":"Startseite","item":"https:\/\/www.tomhemps.com\/fr\/"},{"@type":"ListItem","position":2,"name":"Shop","item":"https:\/\/www.tomhemps.com\/fr\/shop\/"},{"@type":"ListItem","position":3,"name":"Cendrier m\u00e9tallique Small Friends Indica"}]},{"@type":"WebSite","@id":"https:\/\/www.tomhemps.com\/fr\/#website","url":"https:\/\/www.tomhemps.com\/fr\/","name":"Your CBD Shop | Your CBD Brand | born in Berlin","description":"CBD Shop Berlin","publisher":{"@id":"https:\/\/www.tomhemps.com\/fr\/#organization"},"potentialAction":[{"@type":"SearchAction","target":{"@type":"EntryPoint","urlTemplate":"https:\/\/www.tomhemps.com\/fr\/?s={search_term_string}"},"query-input":"required name=search_term_string"}],"inLanguage":"fr-FR"},{"@type":"Organization","@id":"https:\/\/www.tomhemps.com\/fr\/#organization","name":"Tom Hemp's CBD Shop","alternateName":"Tom Hemp's Berlin","url":"https:\/\/www.tomhemps.com\/fr\/","logo":{"@type":"ImageObject","inLanguage":"fr-FR","@id":"https:\/\/www.tomhemps.com\/fr\/#\/schema\/logo\/image\/","url":"https:\/\/www.tomhemps.com\/wp-content\/uploads\/2019\/04\/Logo-2019-e1581413011332.jpg","contentUrl":"https:\/\/www.tomhemps.com\/wp-content\/uploads\/2019\/04\/Logo-2019-e1581413011332.jpg","width":460,"height":153,"caption":"Tom Hemp's CBD Shop"},"image":{"@id":"https:\/\/www.tomhemps.com\/fr\/#\/schema\/logo\/image\/"},"sameAs":["https:\/\/www.facebook.com\/tomhempsberlin\/","https:\/\/www.instagram.com\/tomhemps_cbd\/","https:\/\/www.youtube.com\/channel\/UCbGxDacLx_DRKyder_zVoNw"]}]}},"fields":{"smoking_product":false,"pi_hd":false,"pi_hm":false,"pi_tot":"Qu'y a-t-il \u00e0 l'int\u00e9rieur ?","pi_to":"<p>1x Cendrier en m\u00e9tal<\/p>\n","pi_tst":"Plus d'info","pi_ts":"<p>Diam\u00e8tre : \u00d8 168mm<br \/>\nPoids : 34g<\/p>\n","pi_dd":635617,"pi_t":161206},"_links":{"self":[{"href":"https:\/\/www.tomhemps.com\/fr\/wp-json\/wp\/v2\/product\/635626"}],"collection":[{"href":"https:\/\/www.tomhemps.com\/fr\/wp-json\/wp\/v2\/product"}],"about":[{"href":"https:\/\/www.tomhemps.com\/fr\/wp-json\/wp\/v2\/types\/product"}],"replies":[{"embeddable":true,"href":"https:\/\/www.tomhemps.com\/fr\/wp-json\/wp\/v2\/comments?post=635626"}],"wp:featuredmedia":[{"embeddable":true,"href":"https:\/\/www.tomhemps.com\/fr\/wp-json\/wp\/v2\/media\/635651"}],"wp:attachment":[{"href":"https:\/\/www.tomhemps.com\/fr\/wp-json\/wp\/v2\/media?parent=635626"}],"wp:term":[{"taxonomy":"product_cat","embeddable":true,"href":"https:\/\/www.tomhemps.com\/fr\/wp-json\/wp\/v2\/product_cat?post=635626"},{"taxonomy":"product_tag","embeddable":true,"href":"https:\/\/www.tomhemps.com\/fr\/wp-json\/wp\/v2\/product_tag?post=635626"}],"curies":[{"name":"wp","href":"https:\/\/api.w.org\/{rel}","templated":true}]}}