{"id":154856,"date":"2020-09-23T13:53:37","date_gmt":"2020-09-23T11:53:37","guid":{"rendered":"https:\/\/www.tomhemps.com\/condizioni\/"},"modified":"2024-06-27T09:59:55","modified_gmt":"2024-06-27T07:59:55","slug":"termini-condizioni","status":"publish","type":"page","link":"https:\/\/www.tomhemps.com\/it\/termini-condizioni\/","title":{"rendered":"Termini &#038; Condizioni"},"content":{"rendered":"<h4>Condizioni generali di vendita<\/h4>\n<p>&nbsp;<\/p>\n<h5>1. AMBITO DI APPLICAZIONE<\/h5>\n<p>Per tutti gli ordini effettuati attraverso il nostro negozio online da parte di consumatori e professionisti si applicano le seguenti condizioni generali di contratto.<\/p>\n<p>\u00c8 consumatore la persona fisica che agisce per scopi estranei all&#8217;attivit\u00e0 imprenditoriale, commerciale, artigianale o professionale eventualmente svolta. \u00c8 professionista la persona fisica o giuridica che agisce nell&#8217;esercizio della propria attivit\u00e0 imprenditoriale, commerciale, artigianale o professionale.<\/p>\n<p>Per professionisti: Le presenti condizioni generali prevalgono su quelle condizioni generali contraddittorie o confliggenti eventualmente predisposte dal professionista contraente. Tali condizioni aggiuntive o contraddittorie potranno essere ammesse come parte integrante del contratto esclusivamente previo nostro consenso esplicito.<\/p>\n<h5>2. CONTROPARTE CONTRATTUALE, FORMAZIONE DEL CONTRATTO, MEZZI TECNICI PER LA CORREZIONE<\/h5>\n<p>Il contratto d&#8217;acquisto viene stipulato con Cristian Accardo Einzelunternehmen .<\/p>\n<p>L\u2019esposizione attiva di prodotti nel nostro negozio online equivale a un nostro invito vincolante a presentare un&#8217;offerta vincolante predetti prodotti. Il consumatore pu\u00f2 quindi inserire, in maniera non vincolante, i prodotti nel carrello e correggere i propri dati in qualsiasi momento prima di inviare l\u2019ordine vincolante ricorrendo agli strumenti di correzione previsti e descritti nel processo dell\u2019ordine. Il contratto produce i suoi effetti vincolanti con la conclusione dello stesso, il quale pu\u00f2 ritenersi concluso dal momento in cui si accetta l\u2019offerta avente per oggetto le merci nel carrello, premendo il pulsante d&#8217;acquisto. Immediatamente dopo l\u2019invio dell\u2019ordine, il consumatore riceve un\u2019ulteriore e-mail di conferma.<\/p>\n<h5>3. LINGUA DEL CONTRATTO, MEMORIZZAZIONE DEL TESTO CONTRATTUALE<\/h5>\n<p>La lingua\/le lingue disponibile\/i per la conclusione del contratto \u00e8\/sono la\/le seguente\/i: Italiano, Tedesco, Inglese, Francese, Spagnolo<\/p>\n<p>Memorizziamo il contenuto del contratto e provvediamo all&#8217;invio in forma scritta dei dettagli dell&#8217;ordine assieme alle condizioni generali.<br \/>\n\u00c8 possibile accedere al contenuto contrattuale attraverso il login dell&#8217;account cliente.<\/p>\n<h5>4. ET\u00c0 E CONFORMIT\u00c0 LEGALE<\/h5>\n<p>Per ordinare dal nostro sito web, \u00e8 necessario avere almeno 18 anni (o essere maggiorenni nel proprio Paese). I nostri prodotti sono destinati alla decorazione, ai souvenir, al collezionismo e alla conservazione della genetica. Siate consapevoli che la coltivazione di semi di cannabis potrebbe essere contro la legge nel vostro paese. Acquistando da noi, confermate di aver controllato e compreso le leggi locali. Ci riserviamo il diritto di rifiutare la vendita a persone che sospettiamo possano utilizzare i semi per coltivazioni illecite. Tutte le informazioni fornite sulle confezioni dei semi, sui materiali di marketing o sul nostro sito web sono esclusivamente a scopo educativo o di differenziazione del prodotto e non avallano, promuovono o incoraggiano l&#8217;uso di sostanze illegali o controllate. Non ci assumiamo alcuna responsabilit\u00e0 per eventuali attivit\u00e0 che violano le normative locali. Acquistando da noi, riconoscete e accettate questa clausola di esclusione della responsabilit\u00e0. Tutte le dichiarazioni contenute in questo sito o i materiali o i prodotti da noi distribuiti o venduti non sono stati valutati dalla FDA o dall&#8217;EMA. N\u00e9 i prodotti n\u00e9 i loro ingredienti sono approvati o approvati da alcuna agenzia di regolamentazione. In caso di gravidanza, allattamento, assunzione di farmaci o condizioni mediche, consigliamo di consultare un medico prima di utilizzare uno dei nostri prodotti. Non \u00e8 adatto all&#8217;uso e al consumo da parte dei bambini. Leggere le etichette, le avvertenze e le indicazioni di tutti i prodotti prima dell&#8217;uso. Acquistando da noi, riconoscete e accettate questo disclaimer.<\/p>\n<h5>5. MODALIT\u00c0 DI CONSEGNA<\/h5>\n<p>I prezzi di vendita indicati non includono ancora le spese di spedizione i quali sono indicati, se applicabili nel caso concreto, in vicinanza delle offerte.<\/p>\n<p>Normalmente, lei pu\u00f2 ritirare il suo ordine presso Tom Hemp&#8217;s, Wrangelstra\u00dfe 57, Berlin, DE, negli orari di apertura indicati qui di seguito: 9:00 &#8211; 21:00<\/p>\n<p>Non effettuiamo delle consegne presso punti di ritiro.<\/p>\n<h5>6. PAGAMENTO<\/h5>\n<p>Nel nostro negozio sono disponibili le seguenti modalit\u00e0 di pagamento:<\/p>\n<p>Pagamento anticipato (Bonifico bancario)<br \/>\nScegliendo la modalit\u00e0 di pagamento tramite bonifico bancario, provvediamo a comunicarle tramite messaggio elettronico separato le nostre coordinate bancarie. La merce verr\u00e0 spedita solo dopo l\u2019accredito dell&#8217;intero importo.<\/p>\n<p>Carta di credito<br \/>\nContestualmente all&#8217;invio dell&#8217;ordine deve inserire i dettagli della sua carta di credito.<br \/>\nL&#8217;importo dovuto verr\u00e0 addebitato nella sua carta di credito immediatamente dopo aver effettuato l&#8217;ordine.<\/p>\n<p>Pagamento in contanti in occasione del ritiro<br \/>\nL&#8217;importo deve essere pagato in contanti al momento del ritiro della merce.<\/p>\n<p>Viva Payment Services S.A. ; Payabl. Visa, Mastercard, Amex (Viva Payment Services S.A. \u2013 Niederlassung Deutschland (die \u201cGesellschaft\u201d, Potsdamer Platz 1, 10785 Berlin, Deutschland); Zahlung per Kreditkarte: Visa, Mastercard, Amex, Sofort\u00fcberweisung by Klarna (Payabl. Olympion 23, Libra Tower, 5th Floor, 3035, Limassol, Cyprus)<\/p>\n<p>Viva Payment Services S.A. ; Payabl.<br \/>\nVisa, Mastercard, Amex (Viva Payment Services S.A. \u2013 Niederlassung Deutschland (die \u201cGesellschaft\u201d, Potsdamer Platz 1, 10785 Berlin, Deutschland); Zahlung per Kreditkarte: Visa, Mastercard, Amex, Sofort\u00fcberweisung by Klarna (Payabl. Olympion 23, Libra Tower, 5th Floor, 3035, Limassol, Cyprus)<\/p>\n<h5>7. DIRITTO DI RECESSO<\/h5>\n<p>Lei gode del diritto di recesso cos\u00ec come specificato nell&#8217;informativa sul diritto di recesso.<\/p>\n<h5>8. RISERVA DI PROPRIET\u00c0<\/h5>\n<p>La merce resta di nostra propriet\u00e0 fino al pagamento completo.<br \/>\nPer professionisti vale a titolo integrativo quanto segue: ci riserviamo la propriet\u00e0 della merce fino all\u2019integrale pagamento di tutti i crediti derivanti dal rapporto commerciale attualmente in corso. Si concede la facolt\u00e0 di rivendere la merce sottoposta a riservato dominio nell&#8217;ambito dell&#8217;attivit\u00e0 aziendale ordinaria; a prescindere dall&#8217;eventuale unione o commistione della merce sottoposta a riservato dominio, tutti i crediti derivanti dalla predetta vendita si considerano essere ceduti pari all&#8217;importo effettivo fatturato e questa cessione viene accetta da noi. Lei rimane pur sempre autorizzato a riscuotere i crediti, tuttavia anche noi possiamo riscuotere i crediti, purch\u00e9 lei si riveli essere inadempiente nei nostri confronti. Su vostra richiesta, svincoleremo le garanzie a noi spettanti nella misura in cui il valore realizzabile delle garanzie superi di oltre il 10% il valore dei crediti in sospeso.<\/p>\n<h5>9. DANNI DA TRASPORTO<\/h5>\n<p>Per i consumatori vale quanto segue: Qualora le merci vengano consegnate con evidenti danni di trasporto, si prega di segnalare questo fatto senza indugio al corriere e di contattarci immediatamente. L&#8217;eventuale inerzia del consumatore al riguardo non incide in alcun modo sull&#8217;applicabilit\u00e0 o sull&#8217;esercizio dei suoi diritti previsti per legge, n\u00e9 in particolare, sulla garanzia di conformit\u00e0. Tuttavia, la segnalazione immediata del consumatore ci aiuta a poter far valere le nostre pretese nei confronti dell&#8217;impresa di trasporto e\/o nei confronti dell\u2019assicurazione di trasporto.<\/p>\n<p>Per i professionisti vale quanto segue: il rischio di perdita del bene per causa a noi non imputabile, legata ad esempio, al caso fortuito, forza maggiore o impossibilit\u00e0 sopravenuta, passa al professionista acquirente nel momento in cui consegniamo il bene oggetto di compravendita allo spedizioniere, al vettore o ad altra persona fisica o giuridica incaricata della consegna.<\/p>\n<h5>10. GARANZIA LEGALE DI CONFORMIT\u00c0 E GARANZIE COMMERCIALI<\/h5>\n<h5>10.1 RESPONSABILIT\u00c0 PER VIZI<\/h5>\n<p>Salvo diverso accordo esplicito tra le parti convenuto per iscritto, si applica la garanzia legale di conformit\u00e0 prevista per legge.<\/p>\n<p>Per quanto concerne le pretese risarcitorie derivanti da eventi dannosi che sono stati causati da noi oppure dai nostri rappresentanti legali o ausiliari, rispondiamo senza i limiti sopra esposti:<br \/>\n\u2022 in caso di lesione potenzialmente letale, fisica o pregiudicante la salute umana<br \/>\n\u2022 in caso di inadempienza per dolo o colpa grave o dolo<br \/>\n\u2022 in caso di violazione degli obblighi contrattuali essenziali, il cui adempimento si rivela indispensabile per la esecuzione ordinaria delle prestazioni contrattuali e all&#8217;adempimento dei quali il contraente pu\u00f2 legittimamente affidarsi<br \/>\n\u2022 nell&#8217;ambito di una promessa di garanzia, se concordata oppure<br \/>\n\u2022 nella misura in cui si prospetti l&#8217;ambito di applicazione della legge sulla responsabilit\u00e0 per danno da prodotti.<\/p>\n<p>Restrizioni nei confronti di imprenditori professionisti<\/p>\n<p>Nei confronti di imprenditori rientrano nell&#8217;accordo contrattuale solo le nostre indicazioni e le descrizioni del prodotto del fabbricante che sono state inserite nel contratto; decliniamo qualsiasi responsabilit\u00e0 per le dichiarazioni pubbliche del produttore o altri messaggi pubblicitari. Il termine di prescrizione per la denuncia di vizi o difetti in beni di nuova fabbricazione \u00e8 di un anno dal trasferimento del rischio.<\/p>\n<p>I termini di prescrizione per l&#8217;azione ex \u00a7 445a BGB (Codice Civile tedesco) restano invariati.<\/p>\n<p>Regolamenti nei confronti dei commercianti<\/p>\n<p>Tra i commercianti, si applica l&#8217;obbligo di esaminare i beni e di denunciare i vizi secondo quanto previsto dall\u2019art. 377 HGB (Codice Commerciale Tedesco). In caso di mancata denuncia come previsto per legge, la merce sar\u00e0 considerata approvata, a meno che il difetto non fosse riconoscibile durante l&#8217;ispezione. Queste condizioni non si applicano se abbiamo nascosto fraudolentemente un difetto.<\/p>\n<h5>10.2 GARANZIE E SERVIZIO CLIENTI<\/h5>\n<p>Per verificare la presenza di ulteriori garanzie commerciali aggiuntive e le relative condizioni applicabili, pu\u00f2 consultare la pagina o scheda dei prodotti ossia le apposite pagine informative.<\/p>\n<p>Servizio clienti: Sie erreichen unseren Kundendienst f\u00fcr Fragen, Reklamationen und Beanstandungen werktags von 9:00 Uhr bis 17:30 Uhr unter der Telefonnummer 030220135883 sowie per E-Mail unter customerservice@tomhemps.com.<\/p>\n<h5>11. RESPONSABILIT\u00c0<\/h5>\n<p>Fatte salve le norme imperative e cogenti nell&#8217;ambito di responsabilit\u00e0, rispondiamo illimitatamente per danni causati da noi, dai nostri rappresentanti legali ossia dai nostri ausiliari purch\u00e9 tali abbiano per oggetto:<br \/>\n\u2022 in caso di lesioni potenzialmente letali, fisiche o pregiudicanti la salute umana;<br \/>\n\u2022 in caso di inadempimento per dolo o per colpa grave;<br \/>\n\u2022 in caso di promesse di garanzia, se concordate;<br \/>\n\u2022 nella misura in cui si prospetti l&#8217;ambito di applicazione della legge sulla responsabilit\u00e0 per danno da prodotti.<\/p>\n<p>In caso di violazione degli obblighi contrattuali sostanziali, il cui adempimento si rivela strumentale all&#8217;esecuzione conforme del contratto(cd. Kardinalspflichten) e nel cui rispetto la parte contraente pu\u00f2 regolarmente confidare a causa di una negligenza lieve da parte nostra, dei nostri rappresentanti legali o ausiliari, la responsabilit\u00e0 \u00e8 limitata ai danni prevedibili al momento della conclusione del contratto, prevedibilit\u00e0 vertente su quei danni che si possono legittimamente aspettare nell\u2019ambito di un evoluzione storica e tipica degli eventi.<\/p>\n<h5>12. RISOLUZIONE DELLE CONTROVERSIE<\/h5>\n<p>La Commissione Europea fornisce una piattaforma online per la risoluzione delle controversie, che pu\u00f2 trovare sul seguente sito https:\/\/ec.europa.eu\/consumers\/odr\/ [<a href=\"https:\/\/ec.europa.eu\/consumers\/odr\">https:\/\/ec.europa.eu\/consumers\/odr<\/a>\/].<br \/>\nNon siamo obbligati n\u00e9 disposti a partecipare ad un procedimento di conciliazione dinanzi un organismo di risoluzione delle controversie di consumo.<\/p>\n<h5>13. DISPOSIZIONI FINALI<\/h5>\n<p>Qualora lei rivesta la qualifca di un professionista, si applica il diritto tedesco, in disapplicazione della Convenzione sulla Vendita Internazionale di beni di data 11 aprile 1980 (CISG).<\/p>\n<p>AGB [<a href=\"https:\/\/legal.trustedshops.com\/produkte\/rechtstexter\">https:\/\/legal.trustedshops.com\/produkte\/rechtstexter<\/a>] erstellt mit dem Trusted Shops [<a href=\"https:\/\/legal.trustedshops.com\/\">https:\/\/legal.trustedshops.com\/<\/a>] Rechtstexter in Kooperation mit F\u00d6HLISCH Rechtsanw\u00e4lte [<a href=\"https:\/\/foehlisch.com\">https:\/\/foehlisch.com<\/a>].<\/p>\n","protected":false},"excerpt":{"rendered":"","protected":false},"author":6649,"featured_media":0,"parent":0,"menu_order":0,"comment_status":"closed","ping_status":"closed","template":"","meta":{"_acf_changed":false,"footnotes":""},"acf":[],"yoast_head":"<!-- This site is optimized with the Yoast SEO Premium plugin v22.8 (Yoast SEO v22.8) - https:\/\/yoast.com\/wordpress\/plugins\/seo\/ -->\n<title>Termini &amp; Condizioni | Tom Hemp&#039;s<\/title>\n<meta name=\"description\" content=\"Your CBD Shop | Your CBD Brand | born in Berlin - Termini &amp; Condizioni\" \/>\n<meta name=\"robots\" content=\"noindex, nofollow\" \/>\n<meta property=\"og:locale\" content=\"it_IT\" \/>\n<meta property=\"og:type\" content=\"article\" \/>\n<meta property=\"og:title\" content=\"Termini &amp; Condizioni\" \/>\n<meta property=\"og:description\" content=\"Your CBD Shop | Your CBD Brand | born in Berlin - Termini &amp; Condizioni\" \/>\n<meta property=\"og:url\" content=\"https:\/\/www.tomhemps.com\/it\/termini-condizioni\/\" \/>\n<meta property=\"og:site_name\" content=\"Your CBD Shop | Your CBD Brand | born in Berlin\" \/>\n<meta property=\"article:publisher\" content=\"https:\/\/www.facebook.com\/tomhempsberlin\/\" \/>\n<meta property=\"article:modified_time\" content=\"2024-06-27T07:59:55+00:00\" \/>\n<meta property=\"og:image\" content=\"https:\/\/www.tomhemps.com\/wp-content\/uploads\/2019\/02\/Tom_Hemps_header_logo-clouds.jpg\" \/>\n\t<meta property=\"og:image:width\" content=\"1536\" \/>\n\t<meta property=\"og:image:height\" content=\"1000\" \/>\n\t<meta property=\"og:image:type\" content=\"image\/jpeg\" \/>\n<meta name=\"twitter:card\" content=\"summary_large_image\" \/>\n<meta name=\"twitter:label1\" content=\"Tempo di lettura stimato\" \/>\n\t<meta name=\"twitter:data1\" content=\"8 minuti\" \/>\n<script type=\"application\/ld+json\" class=\"yoast-schema-graph\">{\"@context\":\"https:\/\/schema.org\",\"@graph\":[{\"@type\":\"WebPage\",\"@id\":\"https:\/\/www.tomhemps.com\/it\/termini-condizioni\/\",\"url\":\"https:\/\/www.tomhemps.com\/it\/termini-condizioni\/\",\"name\":\"Termini & Condizioni | Tom Hemp's\",\"isPartOf\":{\"@id\":\"https:\/\/www.tomhemps.com\/it\/#website\"},\"datePublished\":\"2020-09-23T11:53:37+00:00\",\"dateModified\":\"2024-06-27T07:59:55+00:00\",\"description\":\"Your CBD Shop | Your CBD Brand | born in Berlin - Termini & Condizioni\",\"breadcrumb\":{\"@id\":\"https:\/\/www.tomhemps.com\/it\/termini-condizioni\/#breadcrumb\"},\"inLanguage\":\"it-IT\",\"potentialAction\":[{\"@type\":\"ReadAction\",\"target\":[\"https:\/\/www.tomhemps.com\/it\/termini-condizioni\/\"]}]},{\"@type\":\"BreadcrumbList\",\"@id\":\"https:\/\/www.tomhemps.com\/it\/termini-condizioni\/#breadcrumb\",\"itemListElement\":[{\"@type\":\"ListItem\",\"position\":1,\"name\":\"Startseite\",\"item\":\"https:\/\/www.tomhemps.com\/it\/\"},{\"@type\":\"ListItem\",\"position\":2,\"name\":\"Termini &#038; Condizioni\"}]},{\"@type\":\"WebSite\",\"@id\":\"https:\/\/www.tomhemps.com\/it\/#website\",\"url\":\"https:\/\/www.tomhemps.com\/it\/\",\"name\":\"Your CBD Shop | Your CBD Brand | born in Berlin\",\"description\":\"CBD Shop Berlin\",\"publisher\":{\"@id\":\"https:\/\/www.tomhemps.com\/it\/#organization\"},\"potentialAction\":[{\"@type\":\"SearchAction\",\"target\":{\"@type\":\"EntryPoint\",\"urlTemplate\":\"https:\/\/www.tomhemps.com\/it\/?s={search_term_string}\"},\"query-input\":\"required name=search_term_string\"}],\"inLanguage\":\"it-IT\"},{\"@type\":\"Organization\",\"@id\":\"https:\/\/www.tomhemps.com\/it\/#organization\",\"name\":\"Tom Hemp's CBD Shop\",\"alternateName\":\"Tom Hemp's Berlin\",\"url\":\"https:\/\/www.tomhemps.com\/it\/\",\"logo\":{\"@type\":\"ImageObject\",\"inLanguage\":\"it-IT\",\"@id\":\"https:\/\/www.tomhemps.com\/it\/#\/schema\/logo\/image\/\",\"url\":\"https:\/\/www.tomhemps.com\/wp-content\/uploads\/2019\/04\/Logo-2019-e1581413011332.jpg\",\"contentUrl\":\"https:\/\/www.tomhemps.com\/wp-content\/uploads\/2019\/04\/Logo-2019-e1581413011332.jpg\",\"width\":460,\"height\":153,\"caption\":\"Tom Hemp's CBD Shop\"},\"image\":{\"@id\":\"https:\/\/www.tomhemps.com\/it\/#\/schema\/logo\/image\/\"},\"sameAs\":[\"https:\/\/www.facebook.com\/tomhempsberlin\/\",\"https:\/\/www.instagram.com\/tomhemps_cbd\/\",\"https:\/\/www.youtube.com\/channel\/UCbGxDacLx_DRKyder_zVoNw\"]}]}<\/script>\n<!-- \/ Yoast SEO Premium plugin. -->","yoast_head_json":{"title":"Termini & Condizioni | Tom Hemp's","description":"Your CBD Shop | Your CBD Brand | born in Berlin - Termini & Condizioni","robots":{"index":"noindex","follow":"nofollow"},"og_locale":"it_IT","og_type":"article","og_title":"Termini & Condizioni","og_description":"Your CBD Shop | Your CBD Brand | born in Berlin - Termini & Condizioni","og_url":"https:\/\/www.tomhemps.com\/it\/termini-condizioni\/","og_site_name":"Your CBD Shop | Your CBD Brand | born in Berlin","article_publisher":"https:\/\/www.facebook.com\/tomhempsberlin\/","article_modified_time":"2024-06-27T07:59:55+00:00","og_image":[{"width":1536,"height":1000,"url":"https:\/\/www.tomhemps.com\/wp-content\/uploads\/2019\/02\/Tom_Hemps_header_logo-clouds.jpg","type":"image\/jpeg"}],"twitter_card":"summary_large_image","twitter_misc":{"Tempo di lettura stimato":"8 minuti"},"schema":{"@context":"https:\/\/schema.org","@graph":[{"@type":"WebPage","@id":"https:\/\/www.tomhemps.com\/it\/termini-condizioni\/","url":"https:\/\/www.tomhemps.com\/it\/termini-condizioni\/","name":"Termini & Condizioni | Tom Hemp's","isPartOf":{"@id":"https:\/\/www.tomhemps.com\/it\/#website"},"datePublished":"2020-09-23T11:53:37+00:00","dateModified":"2024-06-27T07:59:55+00:00","description":"Your CBD Shop | Your CBD Brand | born in Berlin - Termini & Condizioni","breadcrumb":{"@id":"https:\/\/www.tomhemps.com\/it\/termini-condizioni\/#breadcrumb"},"inLanguage":"it-IT","potentialAction":[{"@type":"ReadAction","target":["https:\/\/www.tomhemps.com\/it\/termini-condizioni\/"]}]},{"@type":"BreadcrumbList","@id":"https:\/\/www.tomhemps.com\/it\/termini-condizioni\/#breadcrumb","itemListElement":[{"@type":"ListItem","position":1,"name":"Startseite","item":"https:\/\/www.tomhemps.com\/it\/"},{"@type":"ListItem","position":2,"name":"Termini &#038; Condizioni"}]},{"@type":"WebSite","@id":"https:\/\/www.tomhemps.com\/it\/#website","url":"https:\/\/www.tomhemps.com\/it\/","name":"Your CBD Shop | Your CBD Brand | born in Berlin","description":"CBD Shop Berlin","publisher":{"@id":"https:\/\/www.tomhemps.com\/it\/#organization"},"potentialAction":[{"@type":"SearchAction","target":{"@type":"EntryPoint","urlTemplate":"https:\/\/www.tomhemps.com\/it\/?s={search_term_string}"},"query-input":"required name=search_term_string"}],"inLanguage":"it-IT"},{"@type":"Organization","@id":"https:\/\/www.tomhemps.com\/it\/#organization","name":"Tom Hemp's CBD Shop","alternateName":"Tom Hemp's Berlin","url":"https:\/\/www.tomhemps.com\/it\/","logo":{"@type":"ImageObject","inLanguage":"it-IT","@id":"https:\/\/www.tomhemps.com\/it\/#\/schema\/logo\/image\/","url":"https:\/\/www.tomhemps.com\/wp-content\/uploads\/2019\/04\/Logo-2019-e1581413011332.jpg","contentUrl":"https:\/\/www.tomhemps.com\/wp-content\/uploads\/2019\/04\/Logo-2019-e1581413011332.jpg","width":460,"height":153,"caption":"Tom Hemp's CBD Shop"},"image":{"@id":"https:\/\/www.tomhemps.com\/it\/#\/schema\/logo\/image\/"},"sameAs":["https:\/\/www.facebook.com\/tomhempsberlin\/","https:\/\/www.instagram.com\/tomhemps_cbd\/","https:\/\/www.youtube.com\/channel\/UCbGxDacLx_DRKyder_zVoNw"]}]}},"_links":{"self":[{"href":"https:\/\/www.tomhemps.com\/it\/wp-json\/wp\/v2\/pages\/154856"}],"collection":[{"href":"https:\/\/www.tomhemps.com\/it\/wp-json\/wp\/v2\/pages"}],"about":[{"href":"https:\/\/www.tomhemps.com\/it\/wp-json\/wp\/v2\/types\/page"}],"author":[{"embeddable":true,"href":"https:\/\/www.tomhemps.com\/it\/wp-json\/wp\/v2\/users\/6649"}],"replies":[{"embeddable":true,"href":"https:\/\/www.tomhemps.com\/it\/wp-json\/wp\/v2\/comments?post=154856"}],"version-history":[{"count":4,"href":"https:\/\/www.tomhemps.com\/it\/wp-json\/wp\/v2\/pages\/154856\/revisions"}],"predecessor-version":[{"id":617166,"href":"https:\/\/www.tomhemps.com\/it\/wp-json\/wp\/v2\/pages\/154856\/revisions\/617166"}],"wp:attachment":[{"href":"https:\/\/www.tomhemps.com\/it\/wp-json\/wp\/v2\/media?parent=154856"}],"curies":[{"name":"wp","href":"https:\/\/api.w.org\/{rel}","templated":true}]}}