{"id":155079,"date":"2018-02-25T18:15:44","date_gmt":"2018-02-25T18:15:44","guid":{"rendered":"https:\/\/www.tomhemps.com\/widerrufsbelehrung\/"},"modified":"2024-07-31T12:09:35","modified_gmt":"2024-07-31T10:09:35","slug":"politica-di-cancellazione","status":"publish","type":"page","link":"https:\/\/www.tomhemps.com\/it\/politica-di-cancellazione\/","title":{"rendered":"Politica di cancellazione \u00a0"},"content":{"rendered":"<h1><strong>Istruzioni tipo sul recesso\u00a0<\/strong><\/h1>\n<p>I consumatori hanno un diritto di recesso di quattordici giorni.<\/p>\n<p><strong>Istruzioni tipo sul recesso<\/strong><\/p>\n<p><strong>Diritto di recesso<\/strong><\/p>\n<p>Lei ha il diritto di recedere dal contratto, senza indicarne le ragioni, entro quattordici giorni. Il periodo di recesso scade dopo quattordici giorni dal giorno in cui Lei o un terzo, diverso dal vettore da Lei designato, acquisisce il possesso fisico dell\u2019ultimo bene.<\/p>\n<p>Per esercitare il diritto di recesso, Lei \u00e8 tenuto a informarci (Accardo e.K. , Revaler Stra\u00dfe 99 Haus 28 , 10245 Berlin, Deutschland, office@tomhemps.com, telefono: 030220135880) della sua decisione di recedere dal presente contratto tramite una dichiarazione esplicita (ad esempio lettera inviata per posta, fax o posta elettronica). A tal fine pu\u00f2 utilizzare il modulo tipo di recesso allegato, ma non \u00e8 obbligatorio.<\/p>\n<p>Per rispettare il termine di recesso, \u00e8 sufficiente che Lei invii la comunicazione relativa all&#8217;esercizio del diritto di recesso prima della scadenza del periodo di recesso.<\/p>\n<p><strong>Effetti del recesso<\/strong><br \/>\nSe Lei recede dal presente contratto, Le saranno rimborsati tutti i pagamenti che ha effettuato a nostro favore, compresi i costi di consegna (ad eccezione dei costi supplementari derivanti dalla Sua eventuale scelta di un tipo di consegna diverso dal tipo meno costoso di consegna standard da noi offerto), senza indebito ritardo e in ogni caso non oltre 14 giorni dal giorno in cui siamo informati della Sua decisione di recedere dal presente contratto. Detti rimborsi saranno effettuati utilizzando lo stesso mezzo di pagamento da Lei usato per la transazione iniziale, salvo che Lei non abbia espressamente convenuto altrimenti; in ogni caso, non dovr\u00e0 sostenere alcun costo quale conseguenza di tale rimborso.<br \/>\nIl rimborso pu\u00f2 essere sospeso fino al ricevimento dei beni oppure fino all\u2019avvenuta dimostrazione da parte del consumatore di aver rispedito i beni, se precedente.<\/p>\n<p>\u00c8 pregato di rispedire i beni o di consegnarli a noi, senza indebiti ritardi e in ogni caso entro 14 giorni dal giorno in cui ci ha comunicato il suo recesso dal presente contratto. Il termine \u00e8 rispettato se Lei rispedisce i beni prima della scadenza del periodo di 14 giorni.<br \/>\nI costi della restituzione dei beni saranno a nostro carico.<br \/>\nLei \u00e8 responsabile solo della diminuzione del valore dei beni risultante da una manipolazione del bene diversa da quella necessaria per stabilire la natura, le caratteristiche e il funzionamento dei beni.<\/p>\n<p>Il diritto di recesso non sussiste per i seguenti contratti:<\/p>\n<ul>\n<li>I contratti per la fornitura di beni sigillati che non si prestano ad essere restituiti per motivi igienici o connessi alla protezione della salute e sono stati aperti dopo la consegna.<\/li>\n<\/ul>\n<table border=\"1\" cellspacing=\"1\" cellpadding=\"1\">\n<tbody>\n<tr>\n<td><strong>Modulo di recesso tipo<\/strong><\/p>\n<p><em>(compilare e restituire il presente modulo solo se si desidera recedere dal contratto)<\/em><\/p>\n<p>&#8211; Destinatario Accardo e.K. , Revaler Stra\u00dfe 99 Haus 28 , Berlin, Deutschland, office@tomhemps.com<\/p>\n<p>&#8211; Con la presente io\/noi (*) notifichiamo il recesso dal mio\/nostro (*) contratto di vendita dei seguenti beni\/servizi (*)<\/p>\n<p>&#8211; Ordinato il (*)\/ricevuto il (*)<\/p>\n<p>&#8211; Nome del\/dei consumatore(i)<\/p>\n<p>&#8211; Indirizzo del\/dei consumatore(i)<\/p>\n<p>&#8211; Firma del\/dei consumatore(i) (solo se il presente modulo e&#8217; notificato in versione cartacea)<\/p>\n<p>&#8211; Data<\/p>\n<p><em>(*) Cancellare la dicitura inutile.<\/em><\/td>\n<\/tr>\n<\/tbody>\n<\/table>\n<p><strong>Etichette per la restituzione<\/strong><br \/>\nFatti salvi i vostri diritti legali, vi verranno fornite etichette gratuite per la restituzione. Se utilizzerete queste etichette, la restituzione sar\u00e0 gratuita per voi: L&#8217;etichetta per i resi le verr\u00e0 fornita a mezzo e-mail. Pu\u00f2 realizzare la restituzione del prodotto presso un ufficio dello spedizioniere corrispondente in Italia.<\/p>\n<p><a href=\"https:\/\/legal.trustedshops.com\/produkte\/rechtstexter\" target=\"_blank\" rel=\"noopener\">Widerrufsbelehrung<\/a>\u00a0erstellt mit dem\u00a0<a href=\"https:\/\/legal.trustedshops.com\" target=\"_blank\" rel=\"noopener\">Trusted Shops<\/a>\u00a0Rechtstexter<\/p>\n","protected":false},"excerpt":{"rendered":"","protected":false},"author":6649,"featured_media":0,"parent":0,"menu_order":0,"comment_status":"closed","ping_status":"closed","template":"page-templates\/terms.php","meta":{"_acf_changed":false,"footnotes":""},"acf":[],"yoast_head":"<!-- This site is optimized with the Yoast SEO Premium plugin v22.8 (Yoast SEO v22.8) - https:\/\/yoast.com\/wordpress\/plugins\/seo\/ -->\n<title>Politica di cancellazione \u00a0 | Tom Hemp&#039;s<\/title>\n<meta name=\"description\" content=\"Your CBD Shop | Your CBD Brand | born in Berlin - Politica di cancellazione \u00a0\" \/>\n<meta name=\"robots\" content=\"noindex, nofollow\" \/>\n<meta property=\"og:locale\" content=\"it_IT\" \/>\n<meta property=\"og:type\" content=\"article\" \/>\n<meta property=\"og:title\" content=\"Politica di cancellazione \u00a0\" \/>\n<meta property=\"og:description\" content=\"Your CBD Shop | Your CBD Brand | born in Berlin - Politica di cancellazione \u00a0\" \/>\n<meta property=\"og:url\" content=\"https:\/\/www.tomhemps.com\/it\/politica-di-cancellazione\/\" \/>\n<meta property=\"og:site_name\" content=\"Your CBD Shop | Your CBD Brand | born in Berlin\" \/>\n<meta property=\"article:publisher\" content=\"https:\/\/www.facebook.com\/tomhempsberlin\/\" \/>\n<meta property=\"article:modified_time\" content=\"2024-07-31T10:09:35+00:00\" \/>\n<meta property=\"og:image\" content=\"https:\/\/www.tomhemps.com\/wp-content\/uploads\/2019\/02\/Tom_Hemps_header_logo-clouds.jpg\" \/>\n\t<meta property=\"og:image:width\" content=\"1536\" \/>\n\t<meta property=\"og:image:height\" content=\"1000\" \/>\n\t<meta property=\"og:image:type\" content=\"image\/jpeg\" \/>\n<meta name=\"twitter:card\" content=\"summary_large_image\" \/>\n<meta name=\"twitter:label1\" content=\"Tempo di lettura stimato\" \/>\n\t<meta name=\"twitter:data1\" content=\"3 minuti\" \/>\n<script type=\"application\/ld+json\" class=\"yoast-schema-graph\">{\"@context\":\"https:\/\/schema.org\",\"@graph\":[{\"@type\":\"WebPage\",\"@id\":\"https:\/\/www.tomhemps.com\/it\/politica-di-cancellazione\/\",\"url\":\"https:\/\/www.tomhemps.com\/it\/politica-di-cancellazione\/\",\"name\":\"Politica di cancellazione \u00a0 | Tom Hemp's\",\"isPartOf\":{\"@id\":\"https:\/\/www.tomhemps.com\/it\/#website\"},\"datePublished\":\"2018-02-25T18:15:44+00:00\",\"dateModified\":\"2024-07-31T10:09:35+00:00\",\"description\":\"Your CBD Shop | Your CBD Brand | born in Berlin - Politica di cancellazione \u00a0\",\"breadcrumb\":{\"@id\":\"https:\/\/www.tomhemps.com\/it\/politica-di-cancellazione\/#breadcrumb\"},\"inLanguage\":\"it-IT\",\"potentialAction\":[{\"@type\":\"ReadAction\",\"target\":[\"https:\/\/www.tomhemps.com\/it\/politica-di-cancellazione\/\"]}]},{\"@type\":\"BreadcrumbList\",\"@id\":\"https:\/\/www.tomhemps.com\/it\/politica-di-cancellazione\/#breadcrumb\",\"itemListElement\":[{\"@type\":\"ListItem\",\"position\":1,\"name\":\"Startseite\",\"item\":\"https:\/\/www.tomhemps.com\/it\/\"},{\"@type\":\"ListItem\",\"position\":2,\"name\":\"Politica di cancellazione \u00a0\"}]},{\"@type\":\"WebSite\",\"@id\":\"https:\/\/www.tomhemps.com\/it\/#website\",\"url\":\"https:\/\/www.tomhemps.com\/it\/\",\"name\":\"Your CBD Shop | Your CBD Brand | born in Berlin\",\"description\":\"CBD Shop Berlin\",\"publisher\":{\"@id\":\"https:\/\/www.tomhemps.com\/it\/#organization\"},\"potentialAction\":[{\"@type\":\"SearchAction\",\"target\":{\"@type\":\"EntryPoint\",\"urlTemplate\":\"https:\/\/www.tomhemps.com\/it\/?s={search_term_string}\"},\"query-input\":\"required name=search_term_string\"}],\"inLanguage\":\"it-IT\"},{\"@type\":\"Organization\",\"@id\":\"https:\/\/www.tomhemps.com\/it\/#organization\",\"name\":\"Tom Hemp's CBD Shop\",\"alternateName\":\"Tom Hemp's Berlin\",\"url\":\"https:\/\/www.tomhemps.com\/it\/\",\"logo\":{\"@type\":\"ImageObject\",\"inLanguage\":\"it-IT\",\"@id\":\"https:\/\/www.tomhemps.com\/it\/#\/schema\/logo\/image\/\",\"url\":\"https:\/\/www.tomhemps.com\/wp-content\/uploads\/2019\/04\/Logo-2019-e1581413011332.jpg\",\"contentUrl\":\"https:\/\/www.tomhemps.com\/wp-content\/uploads\/2019\/04\/Logo-2019-e1581413011332.jpg\",\"width\":460,\"height\":153,\"caption\":\"Tom Hemp's CBD Shop\"},\"image\":{\"@id\":\"https:\/\/www.tomhemps.com\/it\/#\/schema\/logo\/image\/\"},\"sameAs\":[\"https:\/\/www.facebook.com\/tomhempsberlin\/\",\"https:\/\/www.instagram.com\/tomhemps_cbd\/\",\"https:\/\/www.youtube.com\/channel\/UCbGxDacLx_DRKyder_zVoNw\"]}]}<\/script>\n<!-- \/ Yoast SEO Premium plugin. -->","yoast_head_json":{"title":"Politica di cancellazione \u00a0 | Tom Hemp's","description":"Your CBD Shop | Your CBD Brand | born in Berlin - Politica di cancellazione \u00a0","robots":{"index":"noindex","follow":"nofollow"},"og_locale":"it_IT","og_type":"article","og_title":"Politica di cancellazione \u00a0","og_description":"Your CBD Shop | Your CBD Brand | born in Berlin - Politica di cancellazione \u00a0","og_url":"https:\/\/www.tomhemps.com\/it\/politica-di-cancellazione\/","og_site_name":"Your CBD Shop | Your CBD Brand | born in Berlin","article_publisher":"https:\/\/www.facebook.com\/tomhempsberlin\/","article_modified_time":"2024-07-31T10:09:35+00:00","og_image":[{"width":1536,"height":1000,"url":"https:\/\/www.tomhemps.com\/wp-content\/uploads\/2019\/02\/Tom_Hemps_header_logo-clouds.jpg","type":"image\/jpeg"}],"twitter_card":"summary_large_image","twitter_misc":{"Tempo di lettura stimato":"3 minuti"},"schema":{"@context":"https:\/\/schema.org","@graph":[{"@type":"WebPage","@id":"https:\/\/www.tomhemps.com\/it\/politica-di-cancellazione\/","url":"https:\/\/www.tomhemps.com\/it\/politica-di-cancellazione\/","name":"Politica di cancellazione \u00a0 | Tom Hemp's","isPartOf":{"@id":"https:\/\/www.tomhemps.com\/it\/#website"},"datePublished":"2018-02-25T18:15:44+00:00","dateModified":"2024-07-31T10:09:35+00:00","description":"Your CBD Shop | Your CBD Brand | born in Berlin - Politica di cancellazione \u00a0","breadcrumb":{"@id":"https:\/\/www.tomhemps.com\/it\/politica-di-cancellazione\/#breadcrumb"},"inLanguage":"it-IT","potentialAction":[{"@type":"ReadAction","target":["https:\/\/www.tomhemps.com\/it\/politica-di-cancellazione\/"]}]},{"@type":"BreadcrumbList","@id":"https:\/\/www.tomhemps.com\/it\/politica-di-cancellazione\/#breadcrumb","itemListElement":[{"@type":"ListItem","position":1,"name":"Startseite","item":"https:\/\/www.tomhemps.com\/it\/"},{"@type":"ListItem","position":2,"name":"Politica di cancellazione \u00a0"}]},{"@type":"WebSite","@id":"https:\/\/www.tomhemps.com\/it\/#website","url":"https:\/\/www.tomhemps.com\/it\/","name":"Your CBD Shop | Your CBD Brand | born in Berlin","description":"CBD Shop Berlin","publisher":{"@id":"https:\/\/www.tomhemps.com\/it\/#organization"},"potentialAction":[{"@type":"SearchAction","target":{"@type":"EntryPoint","urlTemplate":"https:\/\/www.tomhemps.com\/it\/?s={search_term_string}"},"query-input":"required name=search_term_string"}],"inLanguage":"it-IT"},{"@type":"Organization","@id":"https:\/\/www.tomhemps.com\/it\/#organization","name":"Tom Hemp's CBD Shop","alternateName":"Tom Hemp's Berlin","url":"https:\/\/www.tomhemps.com\/it\/","logo":{"@type":"ImageObject","inLanguage":"it-IT","@id":"https:\/\/www.tomhemps.com\/it\/#\/schema\/logo\/image\/","url":"https:\/\/www.tomhemps.com\/wp-content\/uploads\/2019\/04\/Logo-2019-e1581413011332.jpg","contentUrl":"https:\/\/www.tomhemps.com\/wp-content\/uploads\/2019\/04\/Logo-2019-e1581413011332.jpg","width":460,"height":153,"caption":"Tom Hemp's CBD Shop"},"image":{"@id":"https:\/\/www.tomhemps.com\/it\/#\/schema\/logo\/image\/"},"sameAs":["https:\/\/www.facebook.com\/tomhempsberlin\/","https:\/\/www.instagram.com\/tomhemps_cbd\/","https:\/\/www.youtube.com\/channel\/UCbGxDacLx_DRKyder_zVoNw"]}]}},"_links":{"self":[{"href":"https:\/\/www.tomhemps.com\/it\/wp-json\/wp\/v2\/pages\/155079"}],"collection":[{"href":"https:\/\/www.tomhemps.com\/it\/wp-json\/wp\/v2\/pages"}],"about":[{"href":"https:\/\/www.tomhemps.com\/it\/wp-json\/wp\/v2\/types\/page"}],"author":[{"embeddable":true,"href":"https:\/\/www.tomhemps.com\/it\/wp-json\/wp\/v2\/users\/6649"}],"replies":[{"embeddable":true,"href":"https:\/\/www.tomhemps.com\/it\/wp-json\/wp\/v2\/comments?post=155079"}],"version-history":[{"count":4,"href":"https:\/\/www.tomhemps.com\/it\/wp-json\/wp\/v2\/pages\/155079\/revisions"}],"predecessor-version":[{"id":619537,"href":"https:\/\/www.tomhemps.com\/it\/wp-json\/wp\/v2\/pages\/155079\/revisions\/619537"}],"wp:attachment":[{"href":"https:\/\/www.tomhemps.com\/it\/wp-json\/wp\/v2\/media?parent=155079"}],"curies":[{"name":"wp","href":"https:\/\/api.w.org\/{rel}","templated":true}]}}