{"id":153854,"date":"2019-01-13T22:05:03","date_gmt":"2019-01-13T21:05:03","guid":{"rendered":"https:\/\/www.tomhemps.com\/product\/ccell-palm\/"},"modified":"2021-03-01T10:16:04","modified_gmt":"2021-03-01T09:16:04","slug":"ccell-palm","status":"publish","type":"product","link":"https:\/\/www.tomhemps.com\/it\/pri\/ccell-palm\/","title":{"rendered":"CCELL Palm"},"content":{"rendered":"","protected":false},"excerpt":{"rendered":"<p>L\u2019elegante Palm a lunga durata \u00e8 davvero un gioiello. La batteria CCELL PALM di Jupiter \u00e8 stata specialmente sviluppata per cartucce Liquid 6 ed \u00e8 compatibile con cartucce a filettatura 510 da 1,0 ml e 5,0 ml. Non solo \u00e8 raffinata e sexy, ma soprattutto \u00e8 pratica e funzionale.<\/p>\n<p>Come opzione aggiuntiva, la batteria pu\u00f2 essere estesa con una cartuccia vuota o una cartuccia Wax: un induttore in ceramica di alta qualit\u00e0 con una cartuccia in vetro contenente il migliore olio di CBD al 70%, ottenuto da canapa industriale europea.<\/p>\n","protected":false},"featured_media":153855,"comment_status":"open","ping_status":"closed","template":"","meta":{"_acf_changed":false},"product_cat":[4954],"product_tag":[],"acf":[],"yoast_head":"<!-- This site is optimized with the Yoast SEO Premium plugin v22.8 (Yoast SEO v22.8) - https:\/\/yoast.com\/wordpress\/plugins\/seo\/ -->\n<title>CCELL Palm<\/title>\n<meta name=\"description\" content=\"CCELL Palm - Your CBD Shop | Your CBD Brand | born in Berlin\" \/>\n<meta name=\"robots\" content=\"index, follow, max-snippet:-1, max-image-preview:large, max-video-preview:-1\" \/>\n<link rel=\"canonical\" href=\"https:\/\/www.tomhemps.com\/it\/pri\/ccell-palm\/\" \/>\n<meta property=\"og:locale\" content=\"it_IT\" \/>\n<meta property=\"og:type\" content=\"article\" \/>\n<meta property=\"og:title\" content=\"CCELL Palm\" \/>\n<meta property=\"og:description\" content=\"CCELL Palm - Your CBD Shop | Your CBD Brand | born in Berlin\" \/>\n<meta property=\"og:url\" content=\"https:\/\/www.tomhemps.com\/it\/pri\/ccell-palm\/\" \/>\n<meta property=\"og:site_name\" content=\"Your CBD Shop | Your CBD Brand | born in Berlin\" \/>\n<meta property=\"article:publisher\" content=\"https:\/\/www.facebook.com\/tomhempsberlin\/\" \/>\n<meta property=\"article:modified_time\" content=\"2021-03-01T09:16:04+00:00\" \/>\n<meta property=\"og:image\" content=\"https:\/\/www.tomhemps.com\/wp-content\/uploads\/2019\/01\/Jupiter_CCELLPalmBatterie_Desktop_Detail_HD_1780x1600.png\" \/>\n\t<meta property=\"og:image:width\" content=\"1780\" \/>\n\t<meta property=\"og:image:height\" content=\"1600\" \/>\n\t<meta property=\"og:image:type\" content=\"image\/png\" \/>\n<meta name=\"twitter:card\" content=\"summary_large_image\" \/>\n<script type=\"application\/ld+json\" class=\"yoast-schema-graph\">{\"@context\":\"https:\/\/schema.org\",\"@graph\":[{\"@type\":\"WebPage\",\"@id\":\"https:\/\/www.tomhemps.com\/it\/pri\/ccell-palm\/\",\"url\":\"https:\/\/www.tomhemps.com\/it\/pri\/ccell-palm\/\",\"name\":\"CCELL Palm\",\"isPartOf\":{\"@id\":\"https:\/\/www.tomhemps.com\/it\/#website\"},\"primaryImageOfPage\":{\"@id\":\"https:\/\/www.tomhemps.com\/it\/pri\/ccell-palm\/#primaryimage\"},\"image\":{\"@id\":\"https:\/\/www.tomhemps.com\/it\/pri\/ccell-palm\/#primaryimage\"},\"thumbnailUrl\":\"https:\/\/www.tomhemps.com\/wp-content\/uploads\/2019\/01\/Jupiter_CCELLPalmBatterie_Desktop_Detail_HD_1780x1600.png\",\"datePublished\":\"2019-01-13T21:05:03+00:00\",\"dateModified\":\"2021-03-01T09:16:04+00:00\",\"description\":\"CCELL Palm - Your CBD Shop | Your CBD Brand | born in Berlin\",\"breadcrumb\":{\"@id\":\"https:\/\/www.tomhemps.com\/it\/pri\/ccell-palm\/#breadcrumb\"},\"inLanguage\":\"it-IT\",\"potentialAction\":[{\"@type\":\"ReadAction\",\"target\":[\"https:\/\/www.tomhemps.com\/it\/pri\/ccell-palm\/\"]}]},{\"@type\":\"ImageObject\",\"inLanguage\":\"it-IT\",\"@id\":\"https:\/\/www.tomhemps.com\/it\/pri\/ccell-palm\/#primaryimage\",\"url\":\"https:\/\/www.tomhemps.com\/wp-content\/uploads\/2019\/01\/Jupiter_CCELLPalmBatterie_Desktop_Detail_HD_1780x1600.png\",\"contentUrl\":\"https:\/\/www.tomhemps.com\/wp-content\/uploads\/2019\/01\/Jupiter_CCELLPalmBatterie_Desktop_Detail_HD_1780x1600.png\",\"width\":1780,\"height\":1600,\"caption\":\"Jupiter CCELL Palm Vaporizer with battery and cartridge.\"},{\"@type\":\"BreadcrumbList\",\"@id\":\"https:\/\/www.tomhemps.com\/it\/pri\/ccell-palm\/#breadcrumb\",\"itemListElement\":[{\"@type\":\"ListItem\",\"position\":1,\"name\":\"Startseite\",\"item\":\"https:\/\/www.tomhemps.com\/it\/\"},{\"@type\":\"ListItem\",\"position\":2,\"name\":\"Shop\",\"item\":\"https:\/\/www.tomhemps.com\/it\/shop\/\"},{\"@type\":\"ListItem\",\"position\":3,\"name\":\"CCELL Palm\"}]},{\"@type\":\"WebSite\",\"@id\":\"https:\/\/www.tomhemps.com\/it\/#website\",\"url\":\"https:\/\/www.tomhemps.com\/it\/\",\"name\":\"Your CBD Shop | Your CBD Brand | born in Berlin\",\"description\":\"CBD Shop Berlin\",\"publisher\":{\"@id\":\"https:\/\/www.tomhemps.com\/it\/#organization\"},\"potentialAction\":[{\"@type\":\"SearchAction\",\"target\":{\"@type\":\"EntryPoint\",\"urlTemplate\":\"https:\/\/www.tomhemps.com\/it\/?s={search_term_string}\"},\"query-input\":\"required name=search_term_string\"}],\"inLanguage\":\"it-IT\"},{\"@type\":\"Organization\",\"@id\":\"https:\/\/www.tomhemps.com\/it\/#organization\",\"name\":\"Tom Hemp's CBD Shop\",\"alternateName\":\"Tom Hemp's Berlin\",\"url\":\"https:\/\/www.tomhemps.com\/it\/\",\"logo\":{\"@type\":\"ImageObject\",\"inLanguage\":\"it-IT\",\"@id\":\"https:\/\/www.tomhemps.com\/it\/#\/schema\/logo\/image\/\",\"url\":\"https:\/\/www.tomhemps.com\/wp-content\/uploads\/2019\/04\/Logo-2019-e1581413011332.jpg\",\"contentUrl\":\"https:\/\/www.tomhemps.com\/wp-content\/uploads\/2019\/04\/Logo-2019-e1581413011332.jpg\",\"width\":460,\"height\":153,\"caption\":\"Tom Hemp's CBD Shop\"},\"image\":{\"@id\":\"https:\/\/www.tomhemps.com\/it\/#\/schema\/logo\/image\/\"},\"sameAs\":[\"https:\/\/www.facebook.com\/tomhempsberlin\/\",\"https:\/\/www.instagram.com\/tomhemps_cbd\/\",\"https:\/\/www.youtube.com\/channel\/UCbGxDacLx_DRKyder_zVoNw\"]}]}<\/script>\n<!-- \/ Yoast SEO Premium plugin. -->","yoast_head_json":{"title":"CCELL Palm","description":"CCELL Palm - Your CBD Shop | Your CBD Brand | born in Berlin","robots":{"index":"index","follow":"follow","max-snippet":"max-snippet:-1","max-image-preview":"max-image-preview:large","max-video-preview":"max-video-preview:-1"},"canonical":"https:\/\/www.tomhemps.com\/it\/pri\/ccell-palm\/","og_locale":"it_IT","og_type":"article","og_title":"CCELL Palm","og_description":"CCELL Palm - Your CBD Shop | Your CBD Brand | born in Berlin","og_url":"https:\/\/www.tomhemps.com\/it\/pri\/ccell-palm\/","og_site_name":"Your CBD Shop | Your CBD Brand | born in Berlin","article_publisher":"https:\/\/www.facebook.com\/tomhempsberlin\/","article_modified_time":"2021-03-01T09:16:04+00:00","og_image":[{"width":1780,"height":1600,"url":"https:\/\/www.tomhemps.com\/wp-content\/uploads\/2019\/01\/Jupiter_CCELLPalmBatterie_Desktop_Detail_HD_1780x1600.png","type":"image\/png"}],"twitter_card":"summary_large_image","schema":{"@context":"https:\/\/schema.org","@graph":[{"@type":"WebPage","@id":"https:\/\/www.tomhemps.com\/it\/pri\/ccell-palm\/","url":"https:\/\/www.tomhemps.com\/it\/pri\/ccell-palm\/","name":"CCELL Palm","isPartOf":{"@id":"https:\/\/www.tomhemps.com\/it\/#website"},"primaryImageOfPage":{"@id":"https:\/\/www.tomhemps.com\/it\/pri\/ccell-palm\/#primaryimage"},"image":{"@id":"https:\/\/www.tomhemps.com\/it\/pri\/ccell-palm\/#primaryimage"},"thumbnailUrl":"https:\/\/www.tomhemps.com\/wp-content\/uploads\/2019\/01\/Jupiter_CCELLPalmBatterie_Desktop_Detail_HD_1780x1600.png","datePublished":"2019-01-13T21:05:03+00:00","dateModified":"2021-03-01T09:16:04+00:00","description":"CCELL Palm - Your CBD Shop | Your CBD Brand | born in Berlin","breadcrumb":{"@id":"https:\/\/www.tomhemps.com\/it\/pri\/ccell-palm\/#breadcrumb"},"inLanguage":"it-IT","potentialAction":[{"@type":"ReadAction","target":["https:\/\/www.tomhemps.com\/it\/pri\/ccell-palm\/"]}]},{"@type":"ImageObject","inLanguage":"it-IT","@id":"https:\/\/www.tomhemps.com\/it\/pri\/ccell-palm\/#primaryimage","url":"https:\/\/www.tomhemps.com\/wp-content\/uploads\/2019\/01\/Jupiter_CCELLPalmBatterie_Desktop_Detail_HD_1780x1600.png","contentUrl":"https:\/\/www.tomhemps.com\/wp-content\/uploads\/2019\/01\/Jupiter_CCELLPalmBatterie_Desktop_Detail_HD_1780x1600.png","width":1780,"height":1600,"caption":"Jupiter CCELL Palm Vaporizer with battery and cartridge."},{"@type":"BreadcrumbList","@id":"https:\/\/www.tomhemps.com\/it\/pri\/ccell-palm\/#breadcrumb","itemListElement":[{"@type":"ListItem","position":1,"name":"Startseite","item":"https:\/\/www.tomhemps.com\/it\/"},{"@type":"ListItem","position":2,"name":"Shop","item":"https:\/\/www.tomhemps.com\/it\/shop\/"},{"@type":"ListItem","position":3,"name":"CCELL Palm"}]},{"@type":"WebSite","@id":"https:\/\/www.tomhemps.com\/it\/#website","url":"https:\/\/www.tomhemps.com\/it\/","name":"Your CBD Shop | Your CBD Brand | born in Berlin","description":"CBD Shop Berlin","publisher":{"@id":"https:\/\/www.tomhemps.com\/it\/#organization"},"potentialAction":[{"@type":"SearchAction","target":{"@type":"EntryPoint","urlTemplate":"https:\/\/www.tomhemps.com\/it\/?s={search_term_string}"},"query-input":"required name=search_term_string"}],"inLanguage":"it-IT"},{"@type":"Organization","@id":"https:\/\/www.tomhemps.com\/it\/#organization","name":"Tom Hemp's CBD Shop","alternateName":"Tom Hemp's Berlin","url":"https:\/\/www.tomhemps.com\/it\/","logo":{"@type":"ImageObject","inLanguage":"it-IT","@id":"https:\/\/www.tomhemps.com\/it\/#\/schema\/logo\/image\/","url":"https:\/\/www.tomhemps.com\/wp-content\/uploads\/2019\/04\/Logo-2019-e1581413011332.jpg","contentUrl":"https:\/\/www.tomhemps.com\/wp-content\/uploads\/2019\/04\/Logo-2019-e1581413011332.jpg","width":460,"height":153,"caption":"Tom Hemp's CBD Shop"},"image":{"@id":"https:\/\/www.tomhemps.com\/it\/#\/schema\/logo\/image\/"},"sameAs":["https:\/\/www.facebook.com\/tomhempsberlin\/","https:\/\/www.instagram.com\/tomhemps_cbd\/","https:\/\/www.youtube.com\/channel\/UCbGxDacLx_DRKyder_zVoNw"]}]}},"fields":{"pi_dd":153856,"pi_t":153838,"pi_tot":"Maggiori informazioni","pi_to":"<p><strong>Batteria CCELL PALM con opzioni aggiuntive cartuccia o cartuccia Wax:<\/strong><\/p>\n<p>1x Batteria CCELL PALM<\/p>\n<ul>\n<li>Involucro in alluminio<\/li>\n<li>Connessione magnetica alla cartuccia 510 Thread Adapter inclusa<\/li>\n<li>Batteria 500mAh<\/li>\n<li>Cavo di ricarica Micro-USB<\/li>\n<li>Design compatto<\/li>\n<li>Colore: nero<\/li>\n<\/ul>\n<p>Opzioni aggiuntive:<\/p>\n<p>1x cartuccia:<\/p>\n<p>Cartuccia in ceramica e vetro da 0,5 ml<\/p>\n<p>Filettatura 510<\/p>\n<p>1x cartuccia Wax a scelta:<br \/>\nad esempio Wax Cartridge Purple Berry<br \/>\nE-liquido (Wax)<\/p>\n<p>Ingredienti: estratto di canapa, terpeni<\/p>\n<p>Contenuto di CBD:<br \/>\n850mg cannabinoidi<br \/>\nCBD 50%<br \/>\nCBG 15%<br \/>\nCBDV 0.2-0.5%<br \/>\nTHC: &lt; 0,2% THC<\/p>\n","pi_tst":"Utilizzo","pi_ts":"<p>Il vaporizzatore viene usato per vaporizzare diverse sostanze, come ad esempio e-liquidi.<\/p>\n<p>Istruzioni per l\u2019uso del vaporizzatore:<\/p>\n<p>Accendi il vaporizzatore e, se possibile, imposta il grado di riscaldamento preferito. Attendi fino al raggiungimento della temperatura corretta, che molti vaporizzatori indicano tramite LED, vibrazione o semplicemente mostrandolo nella App. Durante la prima inalazione, inala uniformemente dal bocchino per 5-8 secondi ed inspira il vapore.<\/p>\n<p>Istruzioni per l\u2019uso della cartuccia Wax:<\/p>\n<p>Avvita la cartuccia Wax con filettatura 510 sul vaporizzatore di tua scelta. Accertati che sia ben fissata avvitando fino alla fine ed inala 3-5 secondi. Questo articolo \u00e8 pensato per un unico utilizzo. Non aprire la cartuccia. Conserva in posizione eretta e in un luogo asciutto a temperatura ambiente. Tenere fuori dalla portata dei bambini.<\/p>\n","pi_hd":false,"pi_hm":false,"smoking_product":true},"_links":{"self":[{"href":"https:\/\/www.tomhemps.com\/it\/wp-json\/wp\/v2\/product\/153854"}],"collection":[{"href":"https:\/\/www.tomhemps.com\/it\/wp-json\/wp\/v2\/product"}],"about":[{"href":"https:\/\/www.tomhemps.com\/it\/wp-json\/wp\/v2\/types\/product"}],"replies":[{"embeddable":true,"href":"https:\/\/www.tomhemps.com\/it\/wp-json\/wp\/v2\/comments?post=153854"}],"wp:featuredmedia":[{"embeddable":true,"href":"https:\/\/www.tomhemps.com\/it\/wp-json\/wp\/v2\/media\/153855"}],"wp:attachment":[{"href":"https:\/\/www.tomhemps.com\/it\/wp-json\/wp\/v2\/media?parent=153854"}],"wp:term":[{"taxonomy":"product_cat","embeddable":true,"href":"https:\/\/www.tomhemps.com\/it\/wp-json\/wp\/v2\/product_cat?post=153854"},{"taxonomy":"product_tag","embeddable":true,"href":"https:\/\/www.tomhemps.com\/it\/wp-json\/wp\/v2\/product_tag?post=153854"}],"curies":[{"name":"wp","href":"https:\/\/api.w.org\/{rel}","templated":true}]}}