{"id":153875,"date":"2020-09-04T13:35:35","date_gmt":"2020-09-04T11:35:35","guid":{"rendered":"https:\/\/www.tomhemps.com\/product\/plus\/"},"modified":"2022-05-28T08:08:36","modified_gmt":"2022-05-28T06:08:36","slug":"plus","status":"publish","type":"product","link":"https:\/\/www.tomhemps.com\/it\/pri\/plus\/","title":{"rendered":"Plus"},"content":{"rendered":"","protected":false},"excerpt":{"rendered":"<p>La pi\u00f9 premiata e saporita penna a sfera concentrata mai realizzata, con un nuovo look.<br \/>\nIl bocchino Plus combina un utensile di caricamento, un paraspruzzi e un cappuccio in carbonio tutto in uno! Il dardo pu\u00f2 essere facilmente esteso premendo sulla parte superiore in silicone, permettendo di raccogliere i concentrati con facilit\u00e0.<br \/>\nSe si dispone di concentrati di alta qualit\u00e0, non c&#8217;\u00e8 un vaporizzatore mobile migliore.<\/p>\n","protected":false},"featured_media":616469,"comment_status":"open","ping_status":"closed","template":"","meta":{"_acf_changed":false},"product_cat":[875,856],"product_tag":[],"acf":[],"yoast_head":"<!-- This site is optimized with the Yoast SEO Premium plugin v22.8 (Yoast SEO v22.8) - https:\/\/yoast.com\/wordpress\/plugins\/seo\/ -->\n<title>Plus<\/title>\n<meta name=\"description\" content=\"Plus - Your CBD Shop | Your CBD Brand | born in Berlin\" \/>\n<meta name=\"robots\" content=\"index, follow, max-snippet:-1, max-image-preview:large, max-video-preview:-1\" \/>\n<link rel=\"canonical\" href=\"https:\/\/www.tomhemps.com\/it\/pri\/plus\/\" \/>\n<meta property=\"og:locale\" content=\"it_IT\" \/>\n<meta property=\"og:type\" content=\"article\" \/>\n<meta property=\"og:title\" content=\"Plus\" \/>\n<meta property=\"og:description\" content=\"Plus - Your CBD Shop | Your CBD Brand | born in Berlin\" \/>\n<meta property=\"og:url\" content=\"https:\/\/www.tomhemps.com\/it\/pri\/plus\/\" \/>\n<meta property=\"og:site_name\" content=\"Your CBD Shop | Your CBD Brand | born in Berlin\" \/>\n<meta property=\"article:publisher\" content=\"https:\/\/www.facebook.com\/tomhempsberlin\/\" \/>\n<meta property=\"article:modified_time\" content=\"2022-05-28T06:08:36+00:00\" \/>\n<meta property=\"og:image\" content=\"https:\/\/www.tomhemps.com\/wp-content\/uploads\/2020\/09\/Tom_Hemps_product_puffco_plus_vaporizer_black_single.png\" \/>\n\t<meta property=\"og:image:width\" content=\"1780\" \/>\n\t<meta property=\"og:image:height\" content=\"1600\" \/>\n\t<meta property=\"og:image:type\" content=\"image\/png\" \/>\n<meta name=\"twitter:card\" content=\"summary_large_image\" \/>\n<script type=\"application\/ld+json\" class=\"yoast-schema-graph\">{\"@context\":\"https:\/\/schema.org\",\"@graph\":[{\"@type\":\"WebPage\",\"@id\":\"https:\/\/www.tomhemps.com\/it\/pri\/plus\/\",\"url\":\"https:\/\/www.tomhemps.com\/it\/pri\/plus\/\",\"name\":\"Plus\",\"isPartOf\":{\"@id\":\"https:\/\/www.tomhemps.com\/it\/#website\"},\"primaryImageOfPage\":{\"@id\":\"https:\/\/www.tomhemps.com\/it\/pri\/plus\/#primaryimage\"},\"image\":{\"@id\":\"https:\/\/www.tomhemps.com\/it\/pri\/plus\/#primaryimage\"},\"thumbnailUrl\":\"https:\/\/www.tomhemps.com\/wp-content\/uploads\/2020\/09\/PuffcoPlus-blackMain.png\",\"datePublished\":\"2020-09-04T11:35:35+00:00\",\"dateModified\":\"2022-05-28T06:08:36+00:00\",\"description\":\"Plus - Your CBD Shop | Your CBD Brand | born in Berlin\",\"breadcrumb\":{\"@id\":\"https:\/\/www.tomhemps.com\/it\/pri\/plus\/#breadcrumb\"},\"inLanguage\":\"it-IT\",\"potentialAction\":[{\"@type\":\"ReadAction\",\"target\":[\"https:\/\/www.tomhemps.com\/it\/pri\/plus\/\"]}]},{\"@type\":\"ImageObject\",\"inLanguage\":\"it-IT\",\"@id\":\"https:\/\/www.tomhemps.com\/it\/pri\/plus\/#primaryimage\",\"url\":\"https:\/\/www.tomhemps.com\/wp-content\/uploads\/2020\/09\/PuffcoPlus-blackMain.png\",\"contentUrl\":\"https:\/\/www.tomhemps.com\/wp-content\/uploads\/2020\/09\/PuffcoPlus-blackMain.png\",\"width\":680,\"height\":850},{\"@type\":\"BreadcrumbList\",\"@id\":\"https:\/\/www.tomhemps.com\/it\/pri\/plus\/#breadcrumb\",\"itemListElement\":[{\"@type\":\"ListItem\",\"position\":1,\"name\":\"Startseite\",\"item\":\"https:\/\/www.tomhemps.com\/it\/\"},{\"@type\":\"ListItem\",\"position\":2,\"name\":\"Shop\",\"item\":\"https:\/\/www.tomhemps.com\/it\/shop\/\"},{\"@type\":\"ListItem\",\"position\":3,\"name\":\"Plus\"}]},{\"@type\":\"WebSite\",\"@id\":\"https:\/\/www.tomhemps.com\/it\/#website\",\"url\":\"https:\/\/www.tomhemps.com\/it\/\",\"name\":\"Your CBD Shop | Your CBD Brand | born in Berlin\",\"description\":\"CBD Shop Berlin\",\"publisher\":{\"@id\":\"https:\/\/www.tomhemps.com\/it\/#organization\"},\"potentialAction\":[{\"@type\":\"SearchAction\",\"target\":{\"@type\":\"EntryPoint\",\"urlTemplate\":\"https:\/\/www.tomhemps.com\/it\/?s={search_term_string}\"},\"query-input\":\"required name=search_term_string\"}],\"inLanguage\":\"it-IT\"},{\"@type\":\"Organization\",\"@id\":\"https:\/\/www.tomhemps.com\/it\/#organization\",\"name\":\"Tom Hemp's CBD Shop\",\"alternateName\":\"Tom Hemp's Berlin\",\"url\":\"https:\/\/www.tomhemps.com\/it\/\",\"logo\":{\"@type\":\"ImageObject\",\"inLanguage\":\"it-IT\",\"@id\":\"https:\/\/www.tomhemps.com\/it\/#\/schema\/logo\/image\/\",\"url\":\"https:\/\/www.tomhemps.com\/wp-content\/uploads\/2019\/04\/Logo-2019-e1581413011332.jpg\",\"contentUrl\":\"https:\/\/www.tomhemps.com\/wp-content\/uploads\/2019\/04\/Logo-2019-e1581413011332.jpg\",\"width\":460,\"height\":153,\"caption\":\"Tom Hemp's CBD Shop\"},\"image\":{\"@id\":\"https:\/\/www.tomhemps.com\/it\/#\/schema\/logo\/image\/\"},\"sameAs\":[\"https:\/\/www.facebook.com\/tomhempsberlin\/\",\"https:\/\/www.instagram.com\/tomhemps_cbd\/\",\"https:\/\/www.youtube.com\/channel\/UCbGxDacLx_DRKyder_zVoNw\"]}]}<\/script>\n<!-- \/ Yoast SEO Premium plugin. -->","yoast_head_json":{"title":"Plus","description":"Plus - Your CBD Shop | Your CBD Brand | born in Berlin","robots":{"index":"index","follow":"follow","max-snippet":"max-snippet:-1","max-image-preview":"max-image-preview:large","max-video-preview":"max-video-preview:-1"},"canonical":"https:\/\/www.tomhemps.com\/it\/pri\/plus\/","og_locale":"it_IT","og_type":"article","og_title":"Plus","og_description":"Plus - Your CBD Shop | Your CBD Brand | born in Berlin","og_url":"https:\/\/www.tomhemps.com\/it\/pri\/plus\/","og_site_name":"Your CBD Shop | Your CBD Brand | born in Berlin","article_publisher":"https:\/\/www.facebook.com\/tomhempsberlin\/","article_modified_time":"2022-05-28T06:08:36+00:00","og_image":[{"width":1780,"height":1600,"url":"https:\/\/www.tomhemps.com\/wp-content\/uploads\/2020\/09\/Tom_Hemps_product_puffco_plus_vaporizer_black_single.png","type":"image\/png"}],"twitter_card":"summary_large_image","schema":{"@context":"https:\/\/schema.org","@graph":[{"@type":"WebPage","@id":"https:\/\/www.tomhemps.com\/it\/pri\/plus\/","url":"https:\/\/www.tomhemps.com\/it\/pri\/plus\/","name":"Plus","isPartOf":{"@id":"https:\/\/www.tomhemps.com\/it\/#website"},"primaryImageOfPage":{"@id":"https:\/\/www.tomhemps.com\/it\/pri\/plus\/#primaryimage"},"image":{"@id":"https:\/\/www.tomhemps.com\/it\/pri\/plus\/#primaryimage"},"thumbnailUrl":"https:\/\/www.tomhemps.com\/wp-content\/uploads\/2020\/09\/PuffcoPlus-blackMain.png","datePublished":"2020-09-04T11:35:35+00:00","dateModified":"2022-05-28T06:08:36+00:00","description":"Plus - Your CBD Shop | Your CBD Brand | born in Berlin","breadcrumb":{"@id":"https:\/\/www.tomhemps.com\/it\/pri\/plus\/#breadcrumb"},"inLanguage":"it-IT","potentialAction":[{"@type":"ReadAction","target":["https:\/\/www.tomhemps.com\/it\/pri\/plus\/"]}]},{"@type":"ImageObject","inLanguage":"it-IT","@id":"https:\/\/www.tomhemps.com\/it\/pri\/plus\/#primaryimage","url":"https:\/\/www.tomhemps.com\/wp-content\/uploads\/2020\/09\/PuffcoPlus-blackMain.png","contentUrl":"https:\/\/www.tomhemps.com\/wp-content\/uploads\/2020\/09\/PuffcoPlus-blackMain.png","width":680,"height":850},{"@type":"BreadcrumbList","@id":"https:\/\/www.tomhemps.com\/it\/pri\/plus\/#breadcrumb","itemListElement":[{"@type":"ListItem","position":1,"name":"Startseite","item":"https:\/\/www.tomhemps.com\/it\/"},{"@type":"ListItem","position":2,"name":"Shop","item":"https:\/\/www.tomhemps.com\/it\/shop\/"},{"@type":"ListItem","position":3,"name":"Plus"}]},{"@type":"WebSite","@id":"https:\/\/www.tomhemps.com\/it\/#website","url":"https:\/\/www.tomhemps.com\/it\/","name":"Your CBD Shop | Your CBD Brand | born in Berlin","description":"CBD Shop Berlin","publisher":{"@id":"https:\/\/www.tomhemps.com\/it\/#organization"},"potentialAction":[{"@type":"SearchAction","target":{"@type":"EntryPoint","urlTemplate":"https:\/\/www.tomhemps.com\/it\/?s={search_term_string}"},"query-input":"required name=search_term_string"}],"inLanguage":"it-IT"},{"@type":"Organization","@id":"https:\/\/www.tomhemps.com\/it\/#organization","name":"Tom Hemp's CBD Shop","alternateName":"Tom Hemp's Berlin","url":"https:\/\/www.tomhemps.com\/it\/","logo":{"@type":"ImageObject","inLanguage":"it-IT","@id":"https:\/\/www.tomhemps.com\/it\/#\/schema\/logo\/image\/","url":"https:\/\/www.tomhemps.com\/wp-content\/uploads\/2019\/04\/Logo-2019-e1581413011332.jpg","contentUrl":"https:\/\/www.tomhemps.com\/wp-content\/uploads\/2019\/04\/Logo-2019-e1581413011332.jpg","width":460,"height":153,"caption":"Tom Hemp's CBD Shop"},"image":{"@id":"https:\/\/www.tomhemps.com\/it\/#\/schema\/logo\/image\/"},"sameAs":["https:\/\/www.facebook.com\/tomhempsberlin\/","https:\/\/www.instagram.com\/tomhemps_cbd\/","https:\/\/www.youtube.com\/channel\/UCbGxDacLx_DRKyder_zVoNw"]}]}},"fields":{"pi_dd":false,"pi_t":false,"pi_tot":"Avviso","pi_to":"<p>Bocchino \/ Capolavoro<br \/>\nUn&#8217;innovazione esclusiva di Puffco: Abbiamo combinato un cappuccio in carbonio, un attrezzo di carico e un paraspruzzi, tutti integrati nel boccaglio. \u00c8 possibile estendere il dardo premendo sulla punta del bocchino, per rendere il caricamento un&#8217;esperienza pulita e facile.<\/p>\n<p>Ciotola in ceramica senza bobina<br \/>\nAbbiamo innovato una ciotola a tenuta stagna, che riscalda uniformemente l&#8217;olio invece di bruciarlo con le bobine, fornendo il sapore pi\u00f9 puro.<\/p>\n<p>3 Impostazioni di calore<br \/>\nLa libert\u00e0 di selezionare le modalit\u00e0 di riscaldamento desiderate in base alle priorit\u00e0 di consumo e alle dimensioni del carico. Da un colpo leggero e saporito, a una spessa nuvola di fumo.<\/p>\n<p>Funzionalit\u00e0 Sesh-Mode<br \/>\nUn&#8217;innovazione esclusiva di Puffco: Siamo stati i pionieri di una modalit\u00e0 di riscaldamento continuo di 12 secondi premendo due volte il pulsante, invece di doverlo tenere premuto. In questo modo si ottiene una dose completa di farmaci.<\/p>\n","pi_tst":"Maggiori informazioni","pi_ts":"<p>Caratteristiche complete:<br \/>\n&#8211; Ciotola in ceramica senza bobina<br \/>\n&#8211; Strumento di carico estensibile incorporato<br \/>\n&#8211; Costruito nel tappo in carboidrati<br \/>\n&#8211; 3 impostazioni di calore<br \/>\n&#8211; Funzionalit\u00e0 Sesh-mode<br \/>\n&#8211; Carica veloce \/ lunga durata della batteria<br \/>\n&#8211; Alloggiamento in lega lavorata di precisione<br \/>\n&#8211; Rivestimento resistente alle impronte digitali<\/p>\n","pi_hd":false,"smoking_product":true,"pi_hm":false},"_links":{"self":[{"href":"https:\/\/www.tomhemps.com\/it\/wp-json\/wp\/v2\/product\/153875"}],"collection":[{"href":"https:\/\/www.tomhemps.com\/it\/wp-json\/wp\/v2\/product"}],"about":[{"href":"https:\/\/www.tomhemps.com\/it\/wp-json\/wp\/v2\/types\/product"}],"replies":[{"embeddable":true,"href":"https:\/\/www.tomhemps.com\/it\/wp-json\/wp\/v2\/comments?post=153875"}],"wp:featuredmedia":[{"embeddable":true,"href":"https:\/\/www.tomhemps.com\/it\/wp-json\/wp\/v2\/media\/616469"}],"wp:attachment":[{"href":"https:\/\/www.tomhemps.com\/it\/wp-json\/wp\/v2\/media?parent=153875"}],"wp:term":[{"taxonomy":"product_cat","embeddable":true,"href":"https:\/\/www.tomhemps.com\/it\/wp-json\/wp\/v2\/product_cat?post=153875"},{"taxonomy":"product_tag","embeddable":true,"href":"https:\/\/www.tomhemps.com\/it\/wp-json\/wp\/v2\/product_tag?post=153875"}],"curies":[{"name":"wp","href":"https:\/\/api.w.org\/{rel}","templated":true}]}}