{"id":153876,"date":"2020-09-04T13:36:46","date_gmt":"2020-09-04T11:36:46","guid":{"rendered":"https:\/\/www.tomhemps.com\/product\/peak\/"},"modified":"2022-05-28T08:08:23","modified_gmt":"2022-05-28T06:08:23","slug":"peak","status":"publish","type":"product","link":"https:\/\/www.tomhemps.com\/it\/pri\/peak\/","title":{"rendered":"Peak"},"content":{"rendered":"","protected":false},"excerpt":{"rendered":"<p>La pi\u00f9 premiata e saporita penna a sfera concentrata mai realizzata, con un nuovo look.<br \/>\nIl bocchino Plus combina un utensile di caricamento, un paraspruzzi e un cappuccio in carbonio tutto in uno! Il dardo pu\u00f2 essere facilmente esteso premendo sulla parte superiore in silicone, permettendo di raccogliere i concentrati con facilit\u00e0.<br \/>\nSe si dispone di concentrati di alta qualit\u00e0, non c&#8217;\u00e8 un vaporizzatore mobile migliore.<\/p>\n","protected":false},"featured_media":149107,"comment_status":"open","ping_status":"closed","template":"","meta":{"_acf_changed":false},"product_cat":[875,856],"product_tag":[],"acf":[],"yoast_head":"<!-- This site is optimized with the Yoast SEO Premium plugin v22.8 (Yoast SEO v22.8) - https:\/\/yoast.com\/wordpress\/plugins\/seo\/ -->\n<title>Peak<\/title>\n<meta name=\"description\" content=\"Peak - Your CBD Shop | Your CBD Brand | born in Berlin\" \/>\n<meta name=\"robots\" content=\"index, follow, max-snippet:-1, max-image-preview:large, max-video-preview:-1\" \/>\n<link rel=\"canonical\" href=\"https:\/\/www.tomhemps.com\/it\/pri\/peak\/\" \/>\n<meta property=\"og:locale\" content=\"it_IT\" \/>\n<meta property=\"og:type\" content=\"article\" \/>\n<meta property=\"og:title\" content=\"Peak\" \/>\n<meta property=\"og:description\" content=\"Peak - Your CBD Shop | Your CBD Brand | born in Berlin\" \/>\n<meta property=\"og:url\" content=\"https:\/\/www.tomhemps.com\/it\/pri\/peak\/\" \/>\n<meta property=\"og:site_name\" content=\"Your CBD Shop | Your CBD Brand | born in Berlin\" \/>\n<meta property=\"article:publisher\" content=\"https:\/\/www.facebook.com\/tomhempsberlin\/\" \/>\n<meta property=\"article:modified_time\" content=\"2022-05-28T06:08:23+00:00\" \/>\n<meta property=\"og:image\" content=\"https:\/\/www.tomhemps.com\/wp-content\/uploads\/2020\/09\/Tom_Hemps_product_puffco_peak_vaporizer_single.png\" \/>\n\t<meta property=\"og:image:width\" content=\"1780\" \/>\n\t<meta property=\"og:image:height\" content=\"1600\" \/>\n\t<meta property=\"og:image:type\" content=\"image\/png\" \/>\n<meta name=\"twitter:card\" content=\"summary_large_image\" \/>\n<script type=\"application\/ld+json\" class=\"yoast-schema-graph\">{\"@context\":\"https:\/\/schema.org\",\"@graph\":[{\"@type\":\"WebPage\",\"@id\":\"https:\/\/www.tomhemps.com\/it\/pri\/peak\/\",\"url\":\"https:\/\/www.tomhemps.com\/it\/pri\/peak\/\",\"name\":\"Peak\",\"isPartOf\":{\"@id\":\"https:\/\/www.tomhemps.com\/it\/#website\"},\"primaryImageOfPage\":{\"@id\":\"https:\/\/www.tomhemps.com\/it\/pri\/peak\/#primaryimage\"},\"image\":{\"@id\":\"https:\/\/www.tomhemps.com\/it\/pri\/peak\/#primaryimage\"},\"thumbnailUrl\":\"https:\/\/www.tomhemps.com\/wp-content\/uploads\/2020\/09\/Tom_Hemps_product_puffco_peak_vaporizer_single.png\",\"datePublished\":\"2020-09-04T11:36:46+00:00\",\"dateModified\":\"2022-05-28T06:08:23+00:00\",\"description\":\"Peak - Your CBD Shop | Your CBD Brand | born in Berlin\",\"breadcrumb\":{\"@id\":\"https:\/\/www.tomhemps.com\/it\/pri\/peak\/#breadcrumb\"},\"inLanguage\":\"it-IT\",\"potentialAction\":[{\"@type\":\"ReadAction\",\"target\":[\"https:\/\/www.tomhemps.com\/it\/pri\/peak\/\"]}]},{\"@type\":\"ImageObject\",\"inLanguage\":\"it-IT\",\"@id\":\"https:\/\/www.tomhemps.com\/it\/pri\/peak\/#primaryimage\",\"url\":\"https:\/\/www.tomhemps.com\/wp-content\/uploads\/2020\/09\/Tom_Hemps_product_puffco_peak_vaporizer_single.png\",\"contentUrl\":\"https:\/\/www.tomhemps.com\/wp-content\/uploads\/2020\/09\/Tom_Hemps_product_puffco_peak_vaporizer_single.png\",\"width\":1780,\"height\":1600},{\"@type\":\"BreadcrumbList\",\"@id\":\"https:\/\/www.tomhemps.com\/it\/pri\/peak\/#breadcrumb\",\"itemListElement\":[{\"@type\":\"ListItem\",\"position\":1,\"name\":\"Startseite\",\"item\":\"https:\/\/www.tomhemps.com\/it\/\"},{\"@type\":\"ListItem\",\"position\":2,\"name\":\"Shop\",\"item\":\"https:\/\/www.tomhemps.com\/it\/shop\/\"},{\"@type\":\"ListItem\",\"position\":3,\"name\":\"Peak\"}]},{\"@type\":\"WebSite\",\"@id\":\"https:\/\/www.tomhemps.com\/it\/#website\",\"url\":\"https:\/\/www.tomhemps.com\/it\/\",\"name\":\"Your CBD Shop | Your CBD Brand | born in Berlin\",\"description\":\"CBD Shop Berlin\",\"publisher\":{\"@id\":\"https:\/\/www.tomhemps.com\/it\/#organization\"},\"potentialAction\":[{\"@type\":\"SearchAction\",\"target\":{\"@type\":\"EntryPoint\",\"urlTemplate\":\"https:\/\/www.tomhemps.com\/it\/?s={search_term_string}\"},\"query-input\":\"required name=search_term_string\"}],\"inLanguage\":\"it-IT\"},{\"@type\":\"Organization\",\"@id\":\"https:\/\/www.tomhemps.com\/it\/#organization\",\"name\":\"Tom Hemp's CBD Shop\",\"alternateName\":\"Tom Hemp's Berlin\",\"url\":\"https:\/\/www.tomhemps.com\/it\/\",\"logo\":{\"@type\":\"ImageObject\",\"inLanguage\":\"it-IT\",\"@id\":\"https:\/\/www.tomhemps.com\/it\/#\/schema\/logo\/image\/\",\"url\":\"https:\/\/www.tomhemps.com\/wp-content\/uploads\/2019\/04\/Logo-2019-e1581413011332.jpg\",\"contentUrl\":\"https:\/\/www.tomhemps.com\/wp-content\/uploads\/2019\/04\/Logo-2019-e1581413011332.jpg\",\"width\":460,\"height\":153,\"caption\":\"Tom Hemp's CBD Shop\"},\"image\":{\"@id\":\"https:\/\/www.tomhemps.com\/it\/#\/schema\/logo\/image\/\"},\"sameAs\":[\"https:\/\/www.facebook.com\/tomhempsberlin\/\",\"https:\/\/www.instagram.com\/tomhemps_cbd\/\",\"https:\/\/www.youtube.com\/channel\/UCbGxDacLx_DRKyder_zVoNw\"]}]}<\/script>\n<!-- \/ Yoast SEO Premium plugin. -->","yoast_head_json":{"title":"Peak","description":"Peak - Your CBD Shop | Your CBD Brand | born in Berlin","robots":{"index":"index","follow":"follow","max-snippet":"max-snippet:-1","max-image-preview":"max-image-preview:large","max-video-preview":"max-video-preview:-1"},"canonical":"https:\/\/www.tomhemps.com\/it\/pri\/peak\/","og_locale":"it_IT","og_type":"article","og_title":"Peak","og_description":"Peak - Your CBD Shop | Your CBD Brand | born in Berlin","og_url":"https:\/\/www.tomhemps.com\/it\/pri\/peak\/","og_site_name":"Your CBD Shop | Your CBD Brand | born in Berlin","article_publisher":"https:\/\/www.facebook.com\/tomhempsberlin\/","article_modified_time":"2022-05-28T06:08:23+00:00","og_image":[{"width":1780,"height":1600,"url":"https:\/\/www.tomhemps.com\/wp-content\/uploads\/2020\/09\/Tom_Hemps_product_puffco_peak_vaporizer_single.png","type":"image\/png"}],"twitter_card":"summary_large_image","schema":{"@context":"https:\/\/schema.org","@graph":[{"@type":"WebPage","@id":"https:\/\/www.tomhemps.com\/it\/pri\/peak\/","url":"https:\/\/www.tomhemps.com\/it\/pri\/peak\/","name":"Peak","isPartOf":{"@id":"https:\/\/www.tomhemps.com\/it\/#website"},"primaryImageOfPage":{"@id":"https:\/\/www.tomhemps.com\/it\/pri\/peak\/#primaryimage"},"image":{"@id":"https:\/\/www.tomhemps.com\/it\/pri\/peak\/#primaryimage"},"thumbnailUrl":"https:\/\/www.tomhemps.com\/wp-content\/uploads\/2020\/09\/Tom_Hemps_product_puffco_peak_vaporizer_single.png","datePublished":"2020-09-04T11:36:46+00:00","dateModified":"2022-05-28T06:08:23+00:00","description":"Peak - Your CBD Shop | Your CBD Brand | born in Berlin","breadcrumb":{"@id":"https:\/\/www.tomhemps.com\/it\/pri\/peak\/#breadcrumb"},"inLanguage":"it-IT","potentialAction":[{"@type":"ReadAction","target":["https:\/\/www.tomhemps.com\/it\/pri\/peak\/"]}]},{"@type":"ImageObject","inLanguage":"it-IT","@id":"https:\/\/www.tomhemps.com\/it\/pri\/peak\/#primaryimage","url":"https:\/\/www.tomhemps.com\/wp-content\/uploads\/2020\/09\/Tom_Hemps_product_puffco_peak_vaporizer_single.png","contentUrl":"https:\/\/www.tomhemps.com\/wp-content\/uploads\/2020\/09\/Tom_Hemps_product_puffco_peak_vaporizer_single.png","width":1780,"height":1600},{"@type":"BreadcrumbList","@id":"https:\/\/www.tomhemps.com\/it\/pri\/peak\/#breadcrumb","itemListElement":[{"@type":"ListItem","position":1,"name":"Startseite","item":"https:\/\/www.tomhemps.com\/it\/"},{"@type":"ListItem","position":2,"name":"Shop","item":"https:\/\/www.tomhemps.com\/it\/shop\/"},{"@type":"ListItem","position":3,"name":"Peak"}]},{"@type":"WebSite","@id":"https:\/\/www.tomhemps.com\/it\/#website","url":"https:\/\/www.tomhemps.com\/it\/","name":"Your CBD Shop | Your CBD Brand | born in Berlin","description":"CBD Shop Berlin","publisher":{"@id":"https:\/\/www.tomhemps.com\/it\/#organization"},"potentialAction":[{"@type":"SearchAction","target":{"@type":"EntryPoint","urlTemplate":"https:\/\/www.tomhemps.com\/it\/?s={search_term_string}"},"query-input":"required name=search_term_string"}],"inLanguage":"it-IT"},{"@type":"Organization","@id":"https:\/\/www.tomhemps.com\/it\/#organization","name":"Tom Hemp's CBD Shop","alternateName":"Tom Hemp's Berlin","url":"https:\/\/www.tomhemps.com\/it\/","logo":{"@type":"ImageObject","inLanguage":"it-IT","@id":"https:\/\/www.tomhemps.com\/it\/#\/schema\/logo\/image\/","url":"https:\/\/www.tomhemps.com\/wp-content\/uploads\/2019\/04\/Logo-2019-e1581413011332.jpg","contentUrl":"https:\/\/www.tomhemps.com\/wp-content\/uploads\/2019\/04\/Logo-2019-e1581413011332.jpg","width":460,"height":153,"caption":"Tom Hemp's CBD Shop"},"image":{"@id":"https:\/\/www.tomhemps.com\/it\/#\/schema\/logo\/image\/"},"sameAs":["https:\/\/www.facebook.com\/tomhempsberlin\/","https:\/\/www.instagram.com\/tomhemps_cbd\/","https:\/\/www.youtube.com\/channel\/UCbGxDacLx_DRKyder_zVoNw"]}]}},"fields":{"pi_dd":false,"pi_t":false,"pi_tot":"Avviso","pi_to":"<p>4 Impostazioni uniche per il calore dell&#8217;utente<br \/>\nPrincipiante o esperto, piccoli o grandi carichi, sapori o grandi nuvole, non importa quanto vi piaccia consumare c&#8217;\u00e8 un ambiente perfetto per voi. Sesh-mode vi permette anche di estendere la vostra sessione, creando la prima esperienza di social dab.<\/p>\n<p>20 Secondo Riscaldamento medio<br \/>\nConfrontate questo con il processo di 3 minuti di riscaldamento e raffreddamento con i tipici dab rig. Questo significa pi\u00f9 consumo e meno attesa.<\/p>\n<p>Calibrazione intelligente della temperatura<br \/>\nLo smartware regola automaticamente i tempi di riscaldamento se la ciotola \u00e8 ancora calda. Ci\u00f2 fornisce un&#8217;esperienza pi\u00f9 coerente durante l&#8217;uso ripetuto e la modalit\u00e0 sesh.<\/p>\n<p>Banda luminosa a led \/ Feedback tattile<br \/>\nLa fascia luminosa discreta fornisce indicatori di batteria e di ciclo di calore quando necessario, e si nasconde quando non lo sono. Il feedback tattile mantiene il vostro punto di cronometraggio in modo da ottenere il colpo perfetto.<\/p>\n<p>Ricarica veloce \/ lunga durata<br \/>\nLa batteria si carica completamente in 2 ore quando si utilizza il supercaricatore. Dura circa 30 tamponi.<\/p>\n","pi_tst":"Maggiori informazioni","pi_ts":"<p>Specifiche complete:<br \/>\n&#8211; Vetro borosilicato soffiato a mano<br \/>\n&#8211; Filtrazione dell&#8217;acqua<br \/>\n&#8211; 4 impostazioni uniche di calore dell&#8217;utente<br \/>\n&#8211; Tempo medio di riscaldamento di 20 secondi<br \/>\n&#8211; Calibrazione intelligente della temperatura<br \/>\n&#8211; Funzionalit\u00e0 Sesh-Mode<br \/>\n&#8211; 7&#8243; alto x 2,75&#8243; base<br \/>\n&#8211; 2 ore di ricarica rapida<br \/>\n&#8211; 30 dab durata media della batteria<br \/>\n&#8211; Ciotola in ceramica rimovibile<br \/>\n&#8211; Banda luminosa a LED<br \/>\n&#8211; Valigetta di trasporto inclusa<br \/>\n&#8211; Feedback tattile<br \/>\n&#8211; Base robusta in silicone<\/p>\n","pi_hd":false,"pi_hm":149115,"smoking_product":true},"_links":{"self":[{"href":"https:\/\/www.tomhemps.com\/it\/wp-json\/wp\/v2\/product\/153876"}],"collection":[{"href":"https:\/\/www.tomhemps.com\/it\/wp-json\/wp\/v2\/product"}],"about":[{"href":"https:\/\/www.tomhemps.com\/it\/wp-json\/wp\/v2\/types\/product"}],"replies":[{"embeddable":true,"href":"https:\/\/www.tomhemps.com\/it\/wp-json\/wp\/v2\/comments?post=153876"}],"wp:featuredmedia":[{"embeddable":true,"href":"https:\/\/www.tomhemps.com\/it\/wp-json\/wp\/v2\/media\/149107"}],"wp:attachment":[{"href":"https:\/\/www.tomhemps.com\/it\/wp-json\/wp\/v2\/media?parent=153876"}],"wp:term":[{"taxonomy":"product_cat","embeddable":true,"href":"https:\/\/www.tomhemps.com\/it\/wp-json\/wp\/v2\/product_cat?post=153876"},{"taxonomy":"product_tag","embeddable":true,"href":"https:\/\/www.tomhemps.com\/it\/wp-json\/wp\/v2\/product_tag?post=153876"}],"curies":[{"name":"wp","href":"https:\/\/api.w.org\/{rel}","templated":true}]}}