{"id":154029,"date":"2020-02-01T19:24:10","date_gmt":"2018-09-27T17:24:10","guid":{"rendered":"https:\/\/www.tomhemps.com\/product\/cbd-stardust-crystal-isolate-998\/"},"modified":"2025-12-01T23:00:17","modified_gmt":"2025-12-01T22:00:17","slug":"cbd-stardust-crystal-isolate-998","status":"publish","type":"product","link":"https:\/\/www.tomhemps.com\/it\/pri\/cbd-stardust-crystal-isolate-998\/","title":{"rendered":"CBD Crystals 99,8%"},"content":{"rendered":"","protected":false},"excerpt":{"rendered":"<p>Stardust o polvere di stelle, sembra magia! In realt\u00e0 \u00e8 soprattutto un artigianato esperto: &#8220;Stardust&#8221; di Tom Hemp&#8217;s contiene isolato di CBD, che ha una purezza del 99,8%. Cosa significa? Si tratta di CBD quasi nella sua forma pi\u00f9 pura. L&#8217;estratto naturale \u00e8 sottoposto a un processo tecnico, in cui tutte le impurit\u00e0 che si depositano sul materiale di base vengono rimosse dal prodotto. Beh, anche questo \u00e8 un tipo di magia! Acquistalo qui.<\/p>\n","protected":false},"featured_media":538028,"comment_status":"open","ping_status":"closed","template":"","meta":{"_acf_changed":false},"product_cat":[5006,854,858],"product_tag":[],"acf":[],"yoast_head":"<!-- This site is optimized with the Yoast SEO Premium plugin v22.8 (Yoast SEO v22.8) - https:\/\/yoast.com\/wordpress\/plugins\/seo\/ -->\n<title>CBD Crystals 99,8%<\/title>\n<meta name=\"description\" content=\"CBD Crystals 99,8% - Your CBD Shop | Your CBD Brand | born in Berlin\" \/>\n<meta name=\"robots\" content=\"index, follow, max-snippet:-1, max-image-preview:large, max-video-preview:-1\" \/>\n<link rel=\"canonical\" href=\"https:\/\/www.tomhemps.com\/it\/pri\/cbd-stardust-crystal-isolate-998\/\" \/>\n<meta property=\"og:locale\" content=\"it_IT\" \/>\n<meta property=\"og:type\" content=\"article\" \/>\n<meta property=\"og:title\" content=\"CBD Crystals 99,8%\" \/>\n<meta property=\"og:description\" content=\"CBD Crystals 99,8% - Your CBD Shop | Your CBD Brand | born in Berlin\" \/>\n<meta property=\"og:url\" content=\"https:\/\/www.tomhemps.com\/it\/pri\/cbd-stardust-crystal-isolate-998\/\" \/>\n<meta property=\"og:site_name\" content=\"Your CBD Shop | Your CBD Brand | born in Berlin\" \/>\n<meta property=\"article:publisher\" content=\"https:\/\/www.facebook.com\/tomhempsberlin\/\" \/>\n<meta property=\"article:modified_time\" content=\"2025-12-01T22:00:17+00:00\" \/>\n<meta property=\"og:image\" content=\"https:\/\/www.tomhemps.com\/wp-content\/uploads\/2021\/12\/TH-products-webshop-product-680x750-stardust.png\" \/>\n\t<meta property=\"og:image:width\" content=\"680\" \/>\n\t<meta property=\"og:image:height\" content=\"850\" \/>\n\t<meta property=\"og:image:type\" content=\"image\/png\" \/>\n<meta name=\"twitter:card\" content=\"summary_large_image\" \/>\n<script type=\"application\/ld+json\" class=\"yoast-schema-graph\">{\"@context\":\"https:\/\/schema.org\",\"@graph\":[{\"@type\":\"WebPage\",\"@id\":\"https:\/\/www.tomhemps.com\/it\/pri\/cbd-stardust-crystal-isolate-998\/\",\"url\":\"https:\/\/www.tomhemps.com\/it\/pri\/cbd-stardust-crystal-isolate-998\/\",\"name\":\"CBD Crystals 99,8%\",\"isPartOf\":{\"@id\":\"https:\/\/www.tomhemps.com\/it\/#website\"},\"primaryImageOfPage\":{\"@id\":\"https:\/\/www.tomhemps.com\/it\/pri\/cbd-stardust-crystal-isolate-998\/#primaryimage\"},\"image\":{\"@id\":\"https:\/\/www.tomhemps.com\/it\/pri\/cbd-stardust-crystal-isolate-998\/#primaryimage\"},\"thumbnailUrl\":\"https:\/\/www.tomhemps.com\/wp-content\/uploads\/2021\/12\/TH-products-webshop-product-680x750-stardust.png\",\"datePublished\":\"2018-09-27T17:24:10+00:00\",\"dateModified\":\"2025-12-01T22:00:17+00:00\",\"description\":\"CBD Crystals 99,8% - Your CBD Shop | Your CBD Brand | born in Berlin\",\"breadcrumb\":{\"@id\":\"https:\/\/www.tomhemps.com\/it\/pri\/cbd-stardust-crystal-isolate-998\/#breadcrumb\"},\"inLanguage\":\"it-IT\",\"potentialAction\":[{\"@type\":\"ReadAction\",\"target\":[\"https:\/\/www.tomhemps.com\/it\/pri\/cbd-stardust-crystal-isolate-998\/\"]}]},{\"@type\":\"ImageObject\",\"inLanguage\":\"it-IT\",\"@id\":\"https:\/\/www.tomhemps.com\/it\/pri\/cbd-stardust-crystal-isolate-998\/#primaryimage\",\"url\":\"https:\/\/www.tomhemps.com\/wp-content\/uploads\/2021\/12\/TH-products-webshop-product-680x750-stardust.png\",\"contentUrl\":\"https:\/\/www.tomhemps.com\/wp-content\/uploads\/2021\/12\/TH-products-webshop-product-680x750-stardust.png\",\"width\":680,\"height\":850,\"caption\":\"CBD Terpsolate 99,8% STARDUST Package - TomHemp's CBD Shop\"},{\"@type\":\"BreadcrumbList\",\"@id\":\"https:\/\/www.tomhemps.com\/it\/pri\/cbd-stardust-crystal-isolate-998\/#breadcrumb\",\"itemListElement\":[{\"@type\":\"ListItem\",\"position\":1,\"name\":\"Startseite\",\"item\":\"https:\/\/www.tomhemps.com\/it\/\"},{\"@type\":\"ListItem\",\"position\":2,\"name\":\"Shop\",\"item\":\"https:\/\/www.tomhemps.com\/it\/shop\/\"},{\"@type\":\"ListItem\",\"position\":3,\"name\":\"CBD Crystals 99,8%\"}]},{\"@type\":\"WebSite\",\"@id\":\"https:\/\/www.tomhemps.com\/it\/#website\",\"url\":\"https:\/\/www.tomhemps.com\/it\/\",\"name\":\"Your CBD Shop | Your CBD Brand | born in Berlin\",\"description\":\"CBD Shop Berlin\",\"publisher\":{\"@id\":\"https:\/\/www.tomhemps.com\/it\/#organization\"},\"potentialAction\":[{\"@type\":\"SearchAction\",\"target\":{\"@type\":\"EntryPoint\",\"urlTemplate\":\"https:\/\/www.tomhemps.com\/it\/?s={search_term_string}\"},\"query-input\":\"required name=search_term_string\"}],\"inLanguage\":\"it-IT\"},{\"@type\":\"Organization\",\"@id\":\"https:\/\/www.tomhemps.com\/it\/#organization\",\"name\":\"Tom Hemp's CBD Shop\",\"alternateName\":\"Tom Hemp's Berlin\",\"url\":\"https:\/\/www.tomhemps.com\/it\/\",\"logo\":{\"@type\":\"ImageObject\",\"inLanguage\":\"it-IT\",\"@id\":\"https:\/\/www.tomhemps.com\/it\/#\/schema\/logo\/image\/\",\"url\":\"https:\/\/www.tomhemps.com\/wp-content\/uploads\/2019\/04\/Logo-2019-e1581413011332.jpg\",\"contentUrl\":\"https:\/\/www.tomhemps.com\/wp-content\/uploads\/2019\/04\/Logo-2019-e1581413011332.jpg\",\"width\":460,\"height\":153,\"caption\":\"Tom Hemp's CBD Shop\"},\"image\":{\"@id\":\"https:\/\/www.tomhemps.com\/it\/#\/schema\/logo\/image\/\"},\"sameAs\":[\"https:\/\/www.facebook.com\/tomhempsberlin\/\",\"https:\/\/www.instagram.com\/tomhemps_cbd\/\",\"https:\/\/www.youtube.com\/channel\/UCbGxDacLx_DRKyder_zVoNw\"]}]}<\/script>\n<!-- \/ Yoast SEO Premium plugin. -->","yoast_head_json":{"title":"CBD Crystals 99,8%","description":"CBD Crystals 99,8% - Your CBD Shop | Your CBD Brand | born in Berlin","robots":{"index":"index","follow":"follow","max-snippet":"max-snippet:-1","max-image-preview":"max-image-preview:large","max-video-preview":"max-video-preview:-1"},"canonical":"https:\/\/www.tomhemps.com\/it\/pri\/cbd-stardust-crystal-isolate-998\/","og_locale":"it_IT","og_type":"article","og_title":"CBD Crystals 99,8%","og_description":"CBD Crystals 99,8% - Your CBD Shop | Your CBD Brand | born in Berlin","og_url":"https:\/\/www.tomhemps.com\/it\/pri\/cbd-stardust-crystal-isolate-998\/","og_site_name":"Your CBD Shop | Your CBD Brand | born in Berlin","article_publisher":"https:\/\/www.facebook.com\/tomhempsberlin\/","article_modified_time":"2025-12-01T22:00:17+00:00","og_image":[{"width":680,"height":850,"url":"https:\/\/www.tomhemps.com\/wp-content\/uploads\/2021\/12\/TH-products-webshop-product-680x750-stardust.png","type":"image\/png"}],"twitter_card":"summary_large_image","schema":{"@context":"https:\/\/schema.org","@graph":[{"@type":"WebPage","@id":"https:\/\/www.tomhemps.com\/it\/pri\/cbd-stardust-crystal-isolate-998\/","url":"https:\/\/www.tomhemps.com\/it\/pri\/cbd-stardust-crystal-isolate-998\/","name":"CBD Crystals 99,8%","isPartOf":{"@id":"https:\/\/www.tomhemps.com\/it\/#website"},"primaryImageOfPage":{"@id":"https:\/\/www.tomhemps.com\/it\/pri\/cbd-stardust-crystal-isolate-998\/#primaryimage"},"image":{"@id":"https:\/\/www.tomhemps.com\/it\/pri\/cbd-stardust-crystal-isolate-998\/#primaryimage"},"thumbnailUrl":"https:\/\/www.tomhemps.com\/wp-content\/uploads\/2021\/12\/TH-products-webshop-product-680x750-stardust.png","datePublished":"2018-09-27T17:24:10+00:00","dateModified":"2025-12-01T22:00:17+00:00","description":"CBD Crystals 99,8% - Your CBD Shop | Your CBD Brand | born in Berlin","breadcrumb":{"@id":"https:\/\/www.tomhemps.com\/it\/pri\/cbd-stardust-crystal-isolate-998\/#breadcrumb"},"inLanguage":"it-IT","potentialAction":[{"@type":"ReadAction","target":["https:\/\/www.tomhemps.com\/it\/pri\/cbd-stardust-crystal-isolate-998\/"]}]},{"@type":"ImageObject","inLanguage":"it-IT","@id":"https:\/\/www.tomhemps.com\/it\/pri\/cbd-stardust-crystal-isolate-998\/#primaryimage","url":"https:\/\/www.tomhemps.com\/wp-content\/uploads\/2021\/12\/TH-products-webshop-product-680x750-stardust.png","contentUrl":"https:\/\/www.tomhemps.com\/wp-content\/uploads\/2021\/12\/TH-products-webshop-product-680x750-stardust.png","width":680,"height":850,"caption":"CBD Terpsolate 99,8% STARDUST Package - TomHemp's CBD Shop"},{"@type":"BreadcrumbList","@id":"https:\/\/www.tomhemps.com\/it\/pri\/cbd-stardust-crystal-isolate-998\/#breadcrumb","itemListElement":[{"@type":"ListItem","position":1,"name":"Startseite","item":"https:\/\/www.tomhemps.com\/it\/"},{"@type":"ListItem","position":2,"name":"Shop","item":"https:\/\/www.tomhemps.com\/it\/shop\/"},{"@type":"ListItem","position":3,"name":"CBD Crystals 99,8%"}]},{"@type":"WebSite","@id":"https:\/\/www.tomhemps.com\/it\/#website","url":"https:\/\/www.tomhemps.com\/it\/","name":"Your CBD Shop | Your CBD Brand | born in Berlin","description":"CBD Shop Berlin","publisher":{"@id":"https:\/\/www.tomhemps.com\/it\/#organization"},"potentialAction":[{"@type":"SearchAction","target":{"@type":"EntryPoint","urlTemplate":"https:\/\/www.tomhemps.com\/it\/?s={search_term_string}"},"query-input":"required name=search_term_string"}],"inLanguage":"it-IT"},{"@type":"Organization","@id":"https:\/\/www.tomhemps.com\/it\/#organization","name":"Tom Hemp's CBD Shop","alternateName":"Tom Hemp's Berlin","url":"https:\/\/www.tomhemps.com\/it\/","logo":{"@type":"ImageObject","inLanguage":"it-IT","@id":"https:\/\/www.tomhemps.com\/it\/#\/schema\/logo\/image\/","url":"https:\/\/www.tomhemps.com\/wp-content\/uploads\/2019\/04\/Logo-2019-e1581413011332.jpg","contentUrl":"https:\/\/www.tomhemps.com\/wp-content\/uploads\/2019\/04\/Logo-2019-e1581413011332.jpg","width":460,"height":153,"caption":"Tom Hemp's CBD Shop"},"image":{"@id":"https:\/\/www.tomhemps.com\/it\/#\/schema\/logo\/image\/"},"sameAs":["https:\/\/www.facebook.com\/tomhempsberlin\/","https:\/\/www.instagram.com\/tomhemps_cbd\/","https:\/\/www.youtube.com\/channel\/UCbGxDacLx_DRKyder_zVoNw"]}]}},"fields":{"pi_t":false,"pi_tot":"Cosa c'\u00e8 dentro?","pi_to":"<p>CBD: 99,8%<br \/>\nTHC: n.d.<\/p>\n<p>Ingredienti: estratto di canapa (estratto di foglie di cannabis sativa)<\/p>\n<p>L&#8217;estratto viene ricavato dalla canapa di agricoltura biologica e funge da base per i prodotti cosmetici.<\/p>\n","pi_tst":"Avviso","pi_ts":"<p>Questo prodotto \u00e8 utilizzato per la fabbricazione di cosmetici. Utilizzare solo per uso esterno. Non \u00e8 commestibile. Non ha uso medico. Tenere fuori dalla portata dei bambini.<\/p>\n","pi_hd":false,"pi_hm":false,"smoking_product":false,"pi_dd":false},"_links":{"self":[{"href":"https:\/\/www.tomhemps.com\/it\/wp-json\/wp\/v2\/product\/154029"}],"collection":[{"href":"https:\/\/www.tomhemps.com\/it\/wp-json\/wp\/v2\/product"}],"about":[{"href":"https:\/\/www.tomhemps.com\/it\/wp-json\/wp\/v2\/types\/product"}],"replies":[{"embeddable":true,"href":"https:\/\/www.tomhemps.com\/it\/wp-json\/wp\/v2\/comments?post=154029"}],"wp:featuredmedia":[{"embeddable":true,"href":"https:\/\/www.tomhemps.com\/it\/wp-json\/wp\/v2\/media\/538028"}],"wp:attachment":[{"href":"https:\/\/www.tomhemps.com\/it\/wp-json\/wp\/v2\/media?parent=154029"}],"wp:term":[{"taxonomy":"product_cat","embeddable":true,"href":"https:\/\/www.tomhemps.com\/it\/wp-json\/wp\/v2\/product_cat?post=154029"},{"taxonomy":"product_tag","embeddable":true,"href":"https:\/\/www.tomhemps.com\/it\/wp-json\/wp\/v2\/product_tag?post=154029"}],"curies":[{"name":"wp","href":"https:\/\/api.w.org\/{rel}","templated":true}]}}