{"id":154516,"date":"2018-12-22T17:31:52","date_gmt":"2019-11-13T16:31:52","guid":{"rendered":"https:\/\/www.tomhemps.com\/product\/olio-al-cbd-full-spectrum-5\/"},"modified":"2023-12-11T12:14:18","modified_gmt":"2023-12-11T11:14:18","slug":"olio-al-cbd-full-spectrum-5","status":"publish","type":"product","link":"https:\/\/www.tomhemps.com\/it\/pri\/olio-al-cbd-full-spectrum-5\/","title":{"rendered":"OLIO DI CBD A SPETTRO COMPLETO 5%"},"content":{"rendered":"","protected":false},"excerpt":{"rendered":"<p><span style=\"font-weight: 400;\">L&#8217;olio di CBD a spettro completo \u00e8 il tuttofare tra gli oli di CBD e contiene, come suggerisce il nome, l&#8217;intero spettro della pianta di canapa. L&#8217;intera gamma di cannabinoidi, oli essenziali e terpeni estratti dalla pianta lavorano insieme &#8211; e anche l&#8217;uno sull&#8217;altro. Il concetto di olio a spettro completo si basa sul cosiddetto &#8220;effetto entourage&#8221;, in cui i vari composti della pianta di cannabis lavorano insieme in modo sinergico e possono quindi potenzialmente contribuire alla vitalit\u00e0 e al benessere. A seconda dell&#8217;intensit\u00e0 desiderata, l&#8217;olio a spettro completo al 5% di Tom Hemp \u00e8 particolarmente indicato per coloro che desiderano iniziare a introdurre il CBD nella loro routine quotidiana.<\/span><\/p>\n","protected":false},"featured_media":446374,"comment_status":"open","ping_status":"closed","template":"","meta":{"_acf_changed":false},"product_cat":[5006,854,855],"product_tag":[],"acf":[],"yoast_head":"<!-- This site is optimized with the Yoast SEO Premium plugin v22.8 (Yoast SEO v22.8) - https:\/\/yoast.com\/wordpress\/plugins\/seo\/ -->\n<title>OLIO DI CBD A SPETTRO COMPLETO 5% | Tom Hemps<\/title>\n<meta name=\"description\" content=\"L&#039;olio di CBD a spettro completo \u00e8 il tuttofare tra gli oli di CBD e contiene, come suggerisce il nome, l&#039;intero spettro della pianta di canapa\" \/>\n<meta name=\"robots\" content=\"index, follow, max-snippet:-1, max-image-preview:large, max-video-preview:-1\" \/>\n<link rel=\"canonical\" href=\"https:\/\/www.tomhemps.com\/it\/pri\/olio-al-cbd-full-spectrum-5\/\" \/>\n<meta property=\"og:locale\" content=\"it_IT\" \/>\n<meta property=\"og:type\" content=\"article\" \/>\n<meta property=\"og:title\" content=\"OLIO DI CBD A SPETTRO COMPLETO 5%\" \/>\n<meta property=\"og:description\" content=\"L&#039;olio di CBD a spettro completo \u00e8 il tuttofare tra gli oli di CBD e contiene, come suggerisce il nome, l&#039;intero spettro della pianta di canapa\" \/>\n<meta property=\"og:url\" content=\"https:\/\/www.tomhemps.com\/it\/pri\/olio-al-cbd-full-spectrum-5\/\" \/>\n<meta property=\"og:site_name\" content=\"Your CBD Shop | Your CBD Brand | born in Berlin\" \/>\n<meta property=\"article:publisher\" content=\"https:\/\/www.facebook.com\/tomhempsberlin\/\" \/>\n<meta property=\"article:modified_time\" content=\"2023-12-11T11:14:18+00:00\" \/>\n<meta property=\"og:image\" content=\"https:\/\/www.tomhemps.com\/wp-content\/uploads\/2019\/11\/Tom_Hemps_product_cbd_oil_fullspectrum_10ml_5.png\" \/>\n\t<meta property=\"og:image:width\" content=\"1780\" \/>\n\t<meta property=\"og:image:height\" content=\"1600\" \/>\n\t<meta property=\"og:image:type\" content=\"image\/png\" \/>\n<meta name=\"twitter:card\" content=\"summary_large_image\" \/>\n<script type=\"application\/ld+json\" class=\"yoast-schema-graph\">{\"@context\":\"https:\/\/schema.org\",\"@graph\":[{\"@type\":\"WebPage\",\"@id\":\"https:\/\/www.tomhemps.com\/it\/pri\/olio-al-cbd-full-spectrum-5\/\",\"url\":\"https:\/\/www.tomhemps.com\/it\/pri\/olio-al-cbd-full-spectrum-5\/\",\"name\":\"OLIO DI CBD A SPETTRO COMPLETO 5% | Tom Hemps\",\"isPartOf\":{\"@id\":\"https:\/\/www.tomhemps.com\/it\/#website\"},\"primaryImageOfPage\":{\"@id\":\"https:\/\/www.tomhemps.com\/it\/pri\/olio-al-cbd-full-spectrum-5\/#primaryimage\"},\"image\":{\"@id\":\"https:\/\/www.tomhemps.com\/it\/pri\/olio-al-cbd-full-spectrum-5\/#primaryimage\"},\"thumbnailUrl\":\"https:\/\/www.tomhemps.com\/wp-content\/uploads\/2019\/11\/Tom_Hemps_product_cbd_oil_fullspectrum_10ml_5.png\",\"datePublished\":\"2019-11-13T16:31:52+00:00\",\"dateModified\":\"2023-12-11T11:14:18+00:00\",\"description\":\"L'olio di CBD a spettro completo \u00e8 il tuttofare tra gli oli di CBD e contiene, come suggerisce il nome, l'intero spettro della pianta di canapa\",\"breadcrumb\":{\"@id\":\"https:\/\/www.tomhemps.com\/it\/pri\/olio-al-cbd-full-spectrum-5\/#breadcrumb\"},\"inLanguage\":\"it-IT\",\"potentialAction\":[{\"@type\":\"ReadAction\",\"target\":[\"https:\/\/www.tomhemps.com\/it\/pri\/olio-al-cbd-full-spectrum-5\/\"]}]},{\"@type\":\"ImageObject\",\"inLanguage\":\"it-IT\",\"@id\":\"https:\/\/www.tomhemps.com\/it\/pri\/olio-al-cbd-full-spectrum-5\/#primaryimage\",\"url\":\"https:\/\/www.tomhemps.com\/wp-content\/uploads\/2019\/11\/Tom_Hemps_product_cbd_oil_fullspectrum_10ml_5.png\",\"contentUrl\":\"https:\/\/www.tomhemps.com\/wp-content\/uploads\/2019\/11\/Tom_Hemps_product_cbd_oil_fullspectrum_10ml_5.png\",\"width\":1780,\"height\":1600},{\"@type\":\"BreadcrumbList\",\"@id\":\"https:\/\/www.tomhemps.com\/it\/pri\/olio-al-cbd-full-spectrum-5\/#breadcrumb\",\"itemListElement\":[{\"@type\":\"ListItem\",\"position\":1,\"name\":\"Startseite\",\"item\":\"https:\/\/www.tomhemps.com\/it\/\"},{\"@type\":\"ListItem\",\"position\":2,\"name\":\"Shop\",\"item\":\"https:\/\/www.tomhemps.com\/it\/shop\/\"},{\"@type\":\"ListItem\",\"position\":3,\"name\":\"OLIO DI CBD A SPETTRO COMPLETO 5%\"}]},{\"@type\":\"WebSite\",\"@id\":\"https:\/\/www.tomhemps.com\/it\/#website\",\"url\":\"https:\/\/www.tomhemps.com\/it\/\",\"name\":\"Your CBD Shop | Your CBD Brand | born in Berlin\",\"description\":\"CBD Shop Berlin\",\"publisher\":{\"@id\":\"https:\/\/www.tomhemps.com\/it\/#organization\"},\"potentialAction\":[{\"@type\":\"SearchAction\",\"target\":{\"@type\":\"EntryPoint\",\"urlTemplate\":\"https:\/\/www.tomhemps.com\/it\/?s={search_term_string}\"},\"query-input\":\"required name=search_term_string\"}],\"inLanguage\":\"it-IT\"},{\"@type\":\"Organization\",\"@id\":\"https:\/\/www.tomhemps.com\/it\/#organization\",\"name\":\"Tom Hemp's CBD Shop\",\"alternateName\":\"Tom Hemp's Berlin\",\"url\":\"https:\/\/www.tomhemps.com\/it\/\",\"logo\":{\"@type\":\"ImageObject\",\"inLanguage\":\"it-IT\",\"@id\":\"https:\/\/www.tomhemps.com\/it\/#\/schema\/logo\/image\/\",\"url\":\"https:\/\/www.tomhemps.com\/wp-content\/uploads\/2019\/04\/Logo-2019-e1581413011332.jpg\",\"contentUrl\":\"https:\/\/www.tomhemps.com\/wp-content\/uploads\/2019\/04\/Logo-2019-e1581413011332.jpg\",\"width\":460,\"height\":153,\"caption\":\"Tom Hemp's CBD Shop\"},\"image\":{\"@id\":\"https:\/\/www.tomhemps.com\/it\/#\/schema\/logo\/image\/\"},\"sameAs\":[\"https:\/\/www.facebook.com\/tomhempsberlin\/\",\"https:\/\/www.instagram.com\/tomhemps_cbd\/\",\"https:\/\/www.youtube.com\/channel\/UCbGxDacLx_DRKyder_zVoNw\"]}]}<\/script>\n<!-- \/ Yoast SEO Premium plugin. -->","yoast_head_json":{"title":"OLIO DI CBD A SPETTRO COMPLETO 5% | Tom Hemps","description":"L'olio di CBD a spettro completo \u00e8 il tuttofare tra gli oli di CBD e contiene, come suggerisce il nome, l'intero spettro della pianta di canapa","robots":{"index":"index","follow":"follow","max-snippet":"max-snippet:-1","max-image-preview":"max-image-preview:large","max-video-preview":"max-video-preview:-1"},"canonical":"https:\/\/www.tomhemps.com\/it\/pri\/olio-al-cbd-full-spectrum-5\/","og_locale":"it_IT","og_type":"article","og_title":"OLIO DI CBD A SPETTRO COMPLETO 5%","og_description":"L'olio di CBD a spettro completo \u00e8 il tuttofare tra gli oli di CBD e contiene, come suggerisce il nome, l'intero spettro della pianta di canapa","og_url":"https:\/\/www.tomhemps.com\/it\/pri\/olio-al-cbd-full-spectrum-5\/","og_site_name":"Your CBD Shop | Your CBD Brand | born in Berlin","article_publisher":"https:\/\/www.facebook.com\/tomhempsberlin\/","article_modified_time":"2023-12-11T11:14:18+00:00","og_image":[{"width":1780,"height":1600,"url":"https:\/\/www.tomhemps.com\/wp-content\/uploads\/2019\/11\/Tom_Hemps_product_cbd_oil_fullspectrum_10ml_5.png","type":"image\/png"}],"twitter_card":"summary_large_image","schema":{"@context":"https:\/\/schema.org","@graph":[{"@type":"WebPage","@id":"https:\/\/www.tomhemps.com\/it\/pri\/olio-al-cbd-full-spectrum-5\/","url":"https:\/\/www.tomhemps.com\/it\/pri\/olio-al-cbd-full-spectrum-5\/","name":"OLIO DI CBD A SPETTRO COMPLETO 5% | Tom Hemps","isPartOf":{"@id":"https:\/\/www.tomhemps.com\/it\/#website"},"primaryImageOfPage":{"@id":"https:\/\/www.tomhemps.com\/it\/pri\/olio-al-cbd-full-spectrum-5\/#primaryimage"},"image":{"@id":"https:\/\/www.tomhemps.com\/it\/pri\/olio-al-cbd-full-spectrum-5\/#primaryimage"},"thumbnailUrl":"https:\/\/www.tomhemps.com\/wp-content\/uploads\/2019\/11\/Tom_Hemps_product_cbd_oil_fullspectrum_10ml_5.png","datePublished":"2019-11-13T16:31:52+00:00","dateModified":"2023-12-11T11:14:18+00:00","description":"L'olio di CBD a spettro completo \u00e8 il tuttofare tra gli oli di CBD e contiene, come suggerisce il nome, l'intero spettro della pianta di canapa","breadcrumb":{"@id":"https:\/\/www.tomhemps.com\/it\/pri\/olio-al-cbd-full-spectrum-5\/#breadcrumb"},"inLanguage":"it-IT","potentialAction":[{"@type":"ReadAction","target":["https:\/\/www.tomhemps.com\/it\/pri\/olio-al-cbd-full-spectrum-5\/"]}]},{"@type":"ImageObject","inLanguage":"it-IT","@id":"https:\/\/www.tomhemps.com\/it\/pri\/olio-al-cbd-full-spectrum-5\/#primaryimage","url":"https:\/\/www.tomhemps.com\/wp-content\/uploads\/2019\/11\/Tom_Hemps_product_cbd_oil_fullspectrum_10ml_5.png","contentUrl":"https:\/\/www.tomhemps.com\/wp-content\/uploads\/2019\/11\/Tom_Hemps_product_cbd_oil_fullspectrum_10ml_5.png","width":1780,"height":1600},{"@type":"BreadcrumbList","@id":"https:\/\/www.tomhemps.com\/it\/pri\/olio-al-cbd-full-spectrum-5\/#breadcrumb","itemListElement":[{"@type":"ListItem","position":1,"name":"Startseite","item":"https:\/\/www.tomhemps.com\/it\/"},{"@type":"ListItem","position":2,"name":"Shop","item":"https:\/\/www.tomhemps.com\/it\/shop\/"},{"@type":"ListItem","position":3,"name":"OLIO DI CBD A SPETTRO COMPLETO 5%"}]},{"@type":"WebSite","@id":"https:\/\/www.tomhemps.com\/it\/#website","url":"https:\/\/www.tomhemps.com\/it\/","name":"Your CBD Shop | Your CBD Brand | born in Berlin","description":"CBD Shop Berlin","publisher":{"@id":"https:\/\/www.tomhemps.com\/it\/#organization"},"potentialAction":[{"@type":"SearchAction","target":{"@type":"EntryPoint","urlTemplate":"https:\/\/www.tomhemps.com\/it\/?s={search_term_string}"},"query-input":"required name=search_term_string"}],"inLanguage":"it-IT"},{"@type":"Organization","@id":"https:\/\/www.tomhemps.com\/it\/#organization","name":"Tom Hemp's CBD Shop","alternateName":"Tom Hemp's Berlin","url":"https:\/\/www.tomhemps.com\/it\/","logo":{"@type":"ImageObject","inLanguage":"it-IT","@id":"https:\/\/www.tomhemps.com\/it\/#\/schema\/logo\/image\/","url":"https:\/\/www.tomhemps.com\/wp-content\/uploads\/2019\/04\/Logo-2019-e1581413011332.jpg","contentUrl":"https:\/\/www.tomhemps.com\/wp-content\/uploads\/2019\/04\/Logo-2019-e1581413011332.jpg","width":460,"height":153,"caption":"Tom Hemp's CBD Shop"},"image":{"@id":"https:\/\/www.tomhemps.com\/it\/#\/schema\/logo\/image\/"},"sameAs":["https:\/\/www.facebook.com\/tomhempsberlin\/","https:\/\/www.instagram.com\/tomhemps_cbd\/","https:\/\/www.youtube.com\/channel\/UCbGxDacLx_DRKyder_zVoNw"]}]}},"fields":{"pi_tot":"Cosa c'\u00e8 dentro?","pi_to":"<p>Ingredienti: parti di foglie di canapa industriale dell&#8217;UE, olio di semi di cannabis sativa<\/p>\n<p>Una bottiglia contiene:<br \/>\n10 ml &#8211; circa 250 gocce<br \/>\n500mg CBD = 5%<br \/>\n30 ml &#8211; circa 750 gocce<br \/>\n1500mg CBD = 5%<\/p>\n","pi_tst":"Maggiori informazioni","pi_ts":"<p>Nota: questo prodotto non \u00e8 destinato all&#8217;assunzione.<br \/>\nApplicazione: olio aromatico. Versare 2-4 gocce al giorno su un cuscino o simili.<\/p>\n<p>Gli oli di CBD Full Spectrum di Tom Hemp&#8217;s sono ottenuti da canapa certificata UE. Nella coltivazione delle piante, i pesticidi e gli erbicidi vengono completamente esclusi.<br \/>\nLa coltivazione e la produzione di olii CBD a spettro completo PREMIUM avviene in Germania. Il CBD in questo caso \u00e8 ottenuto da una delicata estrazione al C02.<br \/>\nUn processo specifico di estrazione, pi\u00f9 precisamente: una decarbossilazione delle foglie di canapa, che consente di ottenere un estratto di canapa di grande qualit\u00e0 con un&#8217;alta percentuale di cannabidiolo (CBD).<\/p>\n<p>I suddetti standard di estrazione garantiscono una pregiata qualit\u00e0 dell&#8217;intera gamma di oli CBD: ISO 9001, ISO 22000<\/p>\n<p>Composizione: parti di foglie di canapa industriale dell&#8217;UE, olio di semi di cannabis sativa.<\/p>\n","pi_hd":false,"pi_hm":false,"pi_t":154567,"pi_dd":446374,"smoking_product":false},"_links":{"self":[{"href":"https:\/\/www.tomhemps.com\/it\/wp-json\/wp\/v2\/product\/154516"}],"collection":[{"href":"https:\/\/www.tomhemps.com\/it\/wp-json\/wp\/v2\/product"}],"about":[{"href":"https:\/\/www.tomhemps.com\/it\/wp-json\/wp\/v2\/types\/product"}],"replies":[{"embeddable":true,"href":"https:\/\/www.tomhemps.com\/it\/wp-json\/wp\/v2\/comments?post=154516"}],"wp:featuredmedia":[{"embeddable":true,"href":"https:\/\/www.tomhemps.com\/it\/wp-json\/wp\/v2\/media\/446374"}],"wp:attachment":[{"href":"https:\/\/www.tomhemps.com\/it\/wp-json\/wp\/v2\/media?parent=154516"}],"wp:term":[{"taxonomy":"product_cat","embeddable":true,"href":"https:\/\/www.tomhemps.com\/it\/wp-json\/wp\/v2\/product_cat?post=154516"},{"taxonomy":"product_tag","embeddable":true,"href":"https:\/\/www.tomhemps.com\/it\/wp-json\/wp\/v2\/product_tag?post=154516"}],"curies":[{"name":"wp","href":"https:\/\/api.w.org\/{rel}","templated":true}]}}