{"id":154619,"date":"2018-12-01T11:38:14","date_gmt":"2019-12-05T10:38:14","guid":{"rendered":"https:\/\/www.tomhemps.com\/product\/set-regalo-cbd-estratti\/"},"modified":"2025-12-24T23:00:04","modified_gmt":"2025-12-24T22:00:04","slug":"set-regalo-cbd-estratti","status":"publish","type":"product","link":"https:\/\/www.tomhemps.com\/it\/pri\/set-regalo-cbd-estratti\/","title":{"rendered":"Set regalo CBD Estratti"},"content":{"rendered":"","protected":false},"excerpt":{"rendered":"<p>Il set regalo Extract \u00e8 per veri fan! Stardust incontra Moonrock e CBD Wax: \u00e8 qui che si concentra l&#8217;energia delle stelle. Stardust contiene isolato di CBD, che ha una purezza ultraterrena del 99,8%. L&#8217;estratto naturale \u00e8 sottoposto a un processo tecnico in cui tutte le impurit\u00e0 presenti nel materiale di base vengono rimosse dal prodotto. Poi c&#8217;\u00e8 Moonrock, a base di canapa industriale certificata UE ed estratti certificati UE, e con l&#8217;intero spettro dei cannabinoidi: terpeni, flavonoidi, CBD e CBDa. I Moonrock sono fiori di CBD immersi nell&#8217;estratto liquido di CBD, e rivestiti con polline di CBD per ottenere un contenuto di CBD concentrato. Il terzo nel gruppo \u00e8 il CBD Wax: un estratto di canapa a spettro completo, che ha una quota del 70% di CBD. Se non \u00e8 di un altro mondo questo.<\/p>\n","protected":false},"featured_media":643963,"comment_status":"open","ping_status":"closed","template":"","meta":{"_acf_changed":false},"product_cat":[5116,858],"product_tag":[],"acf":[],"yoast_head":"<!-- This site is optimized with the Yoast SEO Premium plugin v22.8 (Yoast SEO v22.8) - https:\/\/yoast.com\/wordpress\/plugins\/seo\/ -->\n<title>Set regalo CBD Estratti<\/title>\n<meta name=\"description\" content=\"Set regalo CBD Estratti - Your CBD Shop | Your CBD Brand | born in Berlin\" \/>\n<meta name=\"robots\" content=\"index, follow, max-snippet:-1, max-image-preview:large, max-video-preview:-1\" \/>\n<link rel=\"canonical\" href=\"https:\/\/www.tomhemps.com\/it\/pri\/set-regalo-cbd-estratti\/\" \/>\n<meta property=\"og:locale\" content=\"it_IT\" \/>\n<meta property=\"og:type\" content=\"article\" \/>\n<meta property=\"og:title\" content=\"Set regalo CBD Estratti\" \/>\n<meta property=\"og:description\" content=\"Set regalo CBD Estratti - Your CBD Shop | Your CBD Brand | born in Berlin\" \/>\n<meta property=\"og:url\" content=\"https:\/\/www.tomhemps.com\/it\/pri\/set-regalo-cbd-estratti\/\" \/>\n<meta property=\"og:site_name\" content=\"Your CBD Shop | Your CBD Brand | born in Berlin\" \/>\n<meta property=\"article:publisher\" content=\"https:\/\/www.facebook.com\/tomhempsberlin\/\" \/>\n<meta property=\"article:modified_time\" content=\"2025-12-24T22:00:04+00:00\" \/>\n<meta property=\"og:image\" content=\"https:\/\/www.tomhemps.com\/wp-content\/uploads\/2018\/12\/Tom_Hemps_product_giftset_extract_set-v1.png\" \/>\n\t<meta property=\"og:image:width\" content=\"680\" \/>\n\t<meta property=\"og:image:height\" content=\"850\" \/>\n\t<meta property=\"og:image:type\" content=\"image\/png\" \/>\n<meta name=\"twitter:card\" content=\"summary_large_image\" \/>\n<script type=\"application\/ld+json\" class=\"yoast-schema-graph\">{\"@context\":\"https:\/\/schema.org\",\"@graph\":[{\"@type\":\"WebPage\",\"@id\":\"https:\/\/www.tomhemps.com\/it\/pri\/set-regalo-cbd-estratti\/\",\"url\":\"https:\/\/www.tomhemps.com\/it\/pri\/set-regalo-cbd-estratti\/\",\"name\":\"Set regalo CBD Estratti\",\"isPartOf\":{\"@id\":\"https:\/\/www.tomhemps.com\/it\/#website\"},\"primaryImageOfPage\":{\"@id\":\"https:\/\/www.tomhemps.com\/it\/pri\/set-regalo-cbd-estratti\/#primaryimage\"},\"image\":{\"@id\":\"https:\/\/www.tomhemps.com\/it\/pri\/set-regalo-cbd-estratti\/#primaryimage\"},\"thumbnailUrl\":\"https:\/\/www.tomhemps.com\/wp-content\/uploads\/2018\/12\/CBD-Extract-Gift-Set-Photoroom.png\",\"datePublished\":\"2019-12-05T10:38:14+00:00\",\"dateModified\":\"2025-12-24T22:00:04+00:00\",\"description\":\"Set regalo CBD Estratti - Your CBD Shop | Your CBD Brand | born in Berlin\",\"breadcrumb\":{\"@id\":\"https:\/\/www.tomhemps.com\/it\/pri\/set-regalo-cbd-estratti\/#breadcrumb\"},\"inLanguage\":\"it-IT\",\"potentialAction\":[{\"@type\":\"ReadAction\",\"target\":[\"https:\/\/www.tomhemps.com\/it\/pri\/set-regalo-cbd-estratti\/\"]}]},{\"@type\":\"ImageObject\",\"inLanguage\":\"it-IT\",\"@id\":\"https:\/\/www.tomhemps.com\/it\/pri\/set-regalo-cbd-estratti\/#primaryimage\",\"url\":\"https:\/\/www.tomhemps.com\/wp-content\/uploads\/2018\/12\/CBD-Extract-Gift-Set-Photoroom.png\",\"contentUrl\":\"https:\/\/www.tomhemps.com\/wp-content\/uploads\/2018\/12\/CBD-Extract-Gift-Set-Photoroom.png\",\"width\":680,\"height\":850,\"caption\":\"Cbd Extract Gift Set\"},{\"@type\":\"BreadcrumbList\",\"@id\":\"https:\/\/www.tomhemps.com\/it\/pri\/set-regalo-cbd-estratti\/#breadcrumb\",\"itemListElement\":[{\"@type\":\"ListItem\",\"position\":1,\"name\":\"Startseite\",\"item\":\"https:\/\/www.tomhemps.com\/it\/\"},{\"@type\":\"ListItem\",\"position\":2,\"name\":\"Shop\",\"item\":\"https:\/\/www.tomhemps.com\/it\/shop\/\"},{\"@type\":\"ListItem\",\"position\":3,\"name\":\"Set regalo CBD Estratti\"}]},{\"@type\":\"WebSite\",\"@id\":\"https:\/\/www.tomhemps.com\/it\/#website\",\"url\":\"https:\/\/www.tomhemps.com\/it\/\",\"name\":\"Your CBD Shop | Your CBD Brand | born in Berlin\",\"description\":\"CBD Shop Berlin\",\"publisher\":{\"@id\":\"https:\/\/www.tomhemps.com\/it\/#organization\"},\"potentialAction\":[{\"@type\":\"SearchAction\",\"target\":{\"@type\":\"EntryPoint\",\"urlTemplate\":\"https:\/\/www.tomhemps.com\/it\/?s={search_term_string}\"},\"query-input\":\"required name=search_term_string\"}],\"inLanguage\":\"it-IT\"},{\"@type\":\"Organization\",\"@id\":\"https:\/\/www.tomhemps.com\/it\/#organization\",\"name\":\"Tom Hemp's CBD Shop\",\"alternateName\":\"Tom Hemp's Berlin\",\"url\":\"https:\/\/www.tomhemps.com\/it\/\",\"logo\":{\"@type\":\"ImageObject\",\"inLanguage\":\"it-IT\",\"@id\":\"https:\/\/www.tomhemps.com\/it\/#\/schema\/logo\/image\/\",\"url\":\"https:\/\/www.tomhemps.com\/wp-content\/uploads\/2019\/04\/Logo-2019-e1581413011332.jpg\",\"contentUrl\":\"https:\/\/www.tomhemps.com\/wp-content\/uploads\/2019\/04\/Logo-2019-e1581413011332.jpg\",\"width\":460,\"height\":153,\"caption\":\"Tom Hemp's CBD Shop\"},\"image\":{\"@id\":\"https:\/\/www.tomhemps.com\/it\/#\/schema\/logo\/image\/\"},\"sameAs\":[\"https:\/\/www.facebook.com\/tomhempsberlin\/\",\"https:\/\/www.instagram.com\/tomhemps_cbd\/\",\"https:\/\/www.youtube.com\/channel\/UCbGxDacLx_DRKyder_zVoNw\"]}]}<\/script>\n<!-- \/ Yoast SEO Premium plugin. -->","yoast_head_json":{"title":"Set regalo CBD Estratti","description":"Set regalo CBD Estratti - Your CBD Shop | Your CBD Brand | born in Berlin","robots":{"index":"index","follow":"follow","max-snippet":"max-snippet:-1","max-image-preview":"max-image-preview:large","max-video-preview":"max-video-preview:-1"},"canonical":"https:\/\/www.tomhemps.com\/it\/pri\/set-regalo-cbd-estratti\/","og_locale":"it_IT","og_type":"article","og_title":"Set regalo CBD Estratti","og_description":"Set regalo CBD Estratti - Your CBD Shop | Your CBD Brand | born in Berlin","og_url":"https:\/\/www.tomhemps.com\/it\/pri\/set-regalo-cbd-estratti\/","og_site_name":"Your CBD Shop | Your CBD Brand | born in Berlin","article_publisher":"https:\/\/www.facebook.com\/tomhempsberlin\/","article_modified_time":"2025-12-24T22:00:04+00:00","og_image":[{"width":680,"height":850,"url":"https:\/\/www.tomhemps.com\/wp-content\/uploads\/2018\/12\/Tom_Hemps_product_giftset_extract_set-v1.png","type":"image\/png"}],"twitter_card":"summary_large_image","schema":{"@context":"https:\/\/schema.org","@graph":[{"@type":"WebPage","@id":"https:\/\/www.tomhemps.com\/it\/pri\/set-regalo-cbd-estratti\/","url":"https:\/\/www.tomhemps.com\/it\/pri\/set-regalo-cbd-estratti\/","name":"Set regalo CBD Estratti","isPartOf":{"@id":"https:\/\/www.tomhemps.com\/it\/#website"},"primaryImageOfPage":{"@id":"https:\/\/www.tomhemps.com\/it\/pri\/set-regalo-cbd-estratti\/#primaryimage"},"image":{"@id":"https:\/\/www.tomhemps.com\/it\/pri\/set-regalo-cbd-estratti\/#primaryimage"},"thumbnailUrl":"https:\/\/www.tomhemps.com\/wp-content\/uploads\/2018\/12\/CBD-Extract-Gift-Set-Photoroom.png","datePublished":"2019-12-05T10:38:14+00:00","dateModified":"2025-12-24T22:00:04+00:00","description":"Set regalo CBD Estratti - Your CBD Shop | Your CBD Brand | born in Berlin","breadcrumb":{"@id":"https:\/\/www.tomhemps.com\/it\/pri\/set-regalo-cbd-estratti\/#breadcrumb"},"inLanguage":"it-IT","potentialAction":[{"@type":"ReadAction","target":["https:\/\/www.tomhemps.com\/it\/pri\/set-regalo-cbd-estratti\/"]}]},{"@type":"ImageObject","inLanguage":"it-IT","@id":"https:\/\/www.tomhemps.com\/it\/pri\/set-regalo-cbd-estratti\/#primaryimage","url":"https:\/\/www.tomhemps.com\/wp-content\/uploads\/2018\/12\/CBD-Extract-Gift-Set-Photoroom.png","contentUrl":"https:\/\/www.tomhemps.com\/wp-content\/uploads\/2018\/12\/CBD-Extract-Gift-Set-Photoroom.png","width":680,"height":850,"caption":"Cbd Extract Gift Set"},{"@type":"BreadcrumbList","@id":"https:\/\/www.tomhemps.com\/it\/pri\/set-regalo-cbd-estratti\/#breadcrumb","itemListElement":[{"@type":"ListItem","position":1,"name":"Startseite","item":"https:\/\/www.tomhemps.com\/it\/"},{"@type":"ListItem","position":2,"name":"Shop","item":"https:\/\/www.tomhemps.com\/it\/shop\/"},{"@type":"ListItem","position":3,"name":"Set regalo CBD Estratti"}]},{"@type":"WebSite","@id":"https:\/\/www.tomhemps.com\/it\/#website","url":"https:\/\/www.tomhemps.com\/it\/","name":"Your CBD Shop | Your CBD Brand | born in Berlin","description":"CBD Shop Berlin","publisher":{"@id":"https:\/\/www.tomhemps.com\/it\/#organization"},"potentialAction":[{"@type":"SearchAction","target":{"@type":"EntryPoint","urlTemplate":"https:\/\/www.tomhemps.com\/it\/?s={search_term_string}"},"query-input":"required name=search_term_string"}],"inLanguage":"it-IT"},{"@type":"Organization","@id":"https:\/\/www.tomhemps.com\/it\/#organization","name":"Tom Hemp's CBD Shop","alternateName":"Tom Hemp's Berlin","url":"https:\/\/www.tomhemps.com\/it\/","logo":{"@type":"ImageObject","inLanguage":"it-IT","@id":"https:\/\/www.tomhemps.com\/it\/#\/schema\/logo\/image\/","url":"https:\/\/www.tomhemps.com\/wp-content\/uploads\/2019\/04\/Logo-2019-e1581413011332.jpg","contentUrl":"https:\/\/www.tomhemps.com\/wp-content\/uploads\/2019\/04\/Logo-2019-e1581413011332.jpg","width":460,"height":153,"caption":"Tom Hemp's CBD Shop"},"image":{"@id":"https:\/\/www.tomhemps.com\/it\/#\/schema\/logo\/image\/"},"sameAs":["https:\/\/www.facebook.com\/tomhempsberlin\/","https:\/\/www.instagram.com\/tomhemps_cbd\/","https:\/\/www.youtube.com\/channel\/UCbGxDacLx_DRKyder_zVoNw"]}]}},"fields":{"pi_tot":"Cosa c'\u00e8 dentro?","pi_to":"<p>1 x Stardust Crystals Isolat<br \/>\nCBD: 99,8%<br \/>\nTHC: 0%<br \/>\nIngredienti: estratto di foglie di cannabis sativa<br \/>\nContenuto: 1g<\/p>\n<p>1 x Moonrock<br \/>\nCBD: 30%<br \/>\nTHC: &lt; 0,2%<br \/>\nIngredienti: fiori di canapa europea, estratto di canapa a spettro completo, impollinato di canapa dell&#8217;UE<br \/>\nContenuto: 1g<\/p>\n<p>1 x CBD Wax<br \/>\nCBD: 70%<br \/>\nTHC: &lt; 0,2%<br \/>\nIngredienti: estratto di canapa<br \/>\nContenuto: 1g<\/p>\n","pi_tst":"Avviso","pi_ts":"<p>L&#8217;estratto \u00e8 prodotto secondo le normative GMP. GMP \u00e8 l&#8217;acronimo di &#8220;Good Manufacturing Practice&#8221; e garantisce la produzione e la fabbricazione di prodotti farmaceutici.<br \/>\nNon adatto al consumo. Utilizzo e ulteriore elaborazione vietati. Tenere fuori dalla portata dei bambini.<\/p>\n","pi_hd":false,"pi_hm":false,"pi_t":171591,"smoking_product":true,"pi_dd":false},"_links":{"self":[{"href":"https:\/\/www.tomhemps.com\/it\/wp-json\/wp\/v2\/product\/154619"}],"collection":[{"href":"https:\/\/www.tomhemps.com\/it\/wp-json\/wp\/v2\/product"}],"about":[{"href":"https:\/\/www.tomhemps.com\/it\/wp-json\/wp\/v2\/types\/product"}],"replies":[{"embeddable":true,"href":"https:\/\/www.tomhemps.com\/it\/wp-json\/wp\/v2\/comments?post=154619"}],"wp:featuredmedia":[{"embeddable":true,"href":"https:\/\/www.tomhemps.com\/it\/wp-json\/wp\/v2\/media\/643963"}],"wp:attachment":[{"href":"https:\/\/www.tomhemps.com\/it\/wp-json\/wp\/v2\/media?parent=154619"}],"wp:term":[{"taxonomy":"product_cat","embeddable":true,"href":"https:\/\/www.tomhemps.com\/it\/wp-json\/wp\/v2\/product_cat?post=154619"},{"taxonomy":"product_tag","embeddable":true,"href":"https:\/\/www.tomhemps.com\/it\/wp-json\/wp\/v2\/product_tag?post=154619"}],"curies":[{"name":"wp","href":"https:\/\/api.w.org\/{rel}","templated":true}]}}