{"id":171716,"date":"2022-11-20T10:28:01","date_gmt":"2020-11-26T10:52:03","guid":{"rendered":"https:\/\/www.tomhemps.com\/?post_type=product&#038;p=171716"},"modified":"2025-12-24T23:00:03","modified_gmt":"2025-12-24T22:00:03","slug":"night_day_cbd_regalo","status":"publish","type":"product","link":"https:\/\/www.tomhemps.com\/it\/pri\/night_day_cbd_regalo\/","title":{"rendered":"THE CBD DAY NIGHT XMAS SET"},"content":{"rendered":"","protected":false},"excerpt":{"rendered":"<p><span style=\"font-weight: 400;\">Regalate i nostri oli di CBD e lasciate che il set &#8220;Day &amp; Night&#8221; diventi un compagno quotidiano sulla strada di uno stile di vita equilibrato. L&#8217;olio a spettro completo al 7% estrae il meglio della pianta di canapa per darvi la spinta definitiva per una giornata piena di produttivit\u00e0 e di buone vibrazioni. L&#8217;olio di CBD ad ampio spettro al 5% \u00e8 come un dolce abbraccio per la vostra anima. Godetevi le propriet\u00e0 calmanti senza THC, l&#8217;aggiunta perfetta alla vostra routine serale per scrollarvi di dosso lo stress e prepararvi a una notte serena.<\/span><\/p>\n","protected":false},"featured_media":643921,"comment_status":"open","ping_status":"closed","template":"","meta":{"_acf_changed":false},"product_cat":[5116,855],"product_tag":[],"acf":[],"yoast_head":"<!-- This site is optimized with the Yoast SEO Premium plugin v22.8 (Yoast SEO v22.8) - https:\/\/yoast.com\/wordpress\/plugins\/seo\/ -->\n<title>THE CBD DAY NIGHT XMAS SET<\/title>\n<meta name=\"description\" content=\"THE CBD DAY NIGHT XMAS SET - Your CBD Shop | Your CBD Brand | born in Berlin\" \/>\n<meta name=\"robots\" content=\"index, follow, max-snippet:-1, max-image-preview:large, max-video-preview:-1\" \/>\n<link rel=\"canonical\" href=\"https:\/\/www.tomhemps.com\/it\/pri\/night_day_cbd_regalo\/\" \/>\n<meta property=\"og:locale\" content=\"it_IT\" \/>\n<meta property=\"og:type\" content=\"article\" \/>\n<meta property=\"og:title\" content=\"THE CBD DAY NIGHT XMAS SET\" \/>\n<meta property=\"og:description\" content=\"THE CBD DAY NIGHT XMAS SET - Your CBD Shop | Your CBD Brand | born in Berlin\" \/>\n<meta property=\"og:url\" content=\"https:\/\/www.tomhemps.com\/it\/pri\/night_day_cbd_regalo\/\" \/>\n<meta property=\"og:site_name\" content=\"Your CBD Shop | Your CBD Brand | born in Berlin\" \/>\n<meta property=\"article:publisher\" content=\"https:\/\/www.facebook.com\/tomhempsberlin\/\" \/>\n<meta property=\"article:modified_time\" content=\"2025-12-24T22:00:03+00:00\" \/>\n<meta property=\"og:image\" content=\"https:\/\/www.tomhemps.com\/wp-content\/uploads\/2022\/11\/day-and-night-set.png\" \/>\n\t<meta property=\"og:image:width\" content=\"680\" \/>\n\t<meta property=\"og:image:height\" content=\"850\" \/>\n\t<meta property=\"og:image:type\" content=\"image\/png\" \/>\n<meta name=\"twitter:card\" content=\"summary_large_image\" \/>\n<script type=\"application\/ld+json\" class=\"yoast-schema-graph\">{\"@context\":\"https:\/\/schema.org\",\"@graph\":[{\"@type\":\"WebPage\",\"@id\":\"https:\/\/www.tomhemps.com\/it\/pri\/night_day_cbd_regalo\/\",\"url\":\"https:\/\/www.tomhemps.com\/it\/pri\/night_day_cbd_regalo\/\",\"name\":\"THE CBD DAY NIGHT XMAS SET\",\"isPartOf\":{\"@id\":\"https:\/\/www.tomhemps.com\/it\/#website\"},\"primaryImageOfPage\":{\"@id\":\"https:\/\/www.tomhemps.com\/it\/pri\/night_day_cbd_regalo\/#primaryimage\"},\"image\":{\"@id\":\"https:\/\/www.tomhemps.com\/it\/pri\/night_day_cbd_regalo\/#primaryimage\"},\"thumbnailUrl\":\"https:\/\/www.tomhemps.com\/wp-content\/uploads\/2022\/11\/Untitled-design9-Photoroom.png\",\"datePublished\":\"2020-11-26T10:52:03+00:00\",\"dateModified\":\"2025-12-24T22:00:03+00:00\",\"description\":\"THE CBD DAY NIGHT XMAS SET - Your CBD Shop | Your CBD Brand | born in Berlin\",\"breadcrumb\":{\"@id\":\"https:\/\/www.tomhemps.com\/it\/pri\/night_day_cbd_regalo\/#breadcrumb\"},\"inLanguage\":\"it-IT\",\"potentialAction\":[{\"@type\":\"ReadAction\",\"target\":[\"https:\/\/www.tomhemps.com\/it\/pri\/night_day_cbd_regalo\/\"]}]},{\"@type\":\"ImageObject\",\"inLanguage\":\"it-IT\",\"@id\":\"https:\/\/www.tomhemps.com\/it\/pri\/night_day_cbd_regalo\/#primaryimage\",\"url\":\"https:\/\/www.tomhemps.com\/wp-content\/uploads\/2022\/11\/Untitled-design9-Photoroom.png\",\"contentUrl\":\"https:\/\/www.tomhemps.com\/wp-content\/uploads\/2022\/11\/Untitled-design9-Photoroom.png\",\"width\":680,\"height\":850,\"caption\":\"CBD \u00d6l Geschenkset DAy Night\"},{\"@type\":\"BreadcrumbList\",\"@id\":\"https:\/\/www.tomhemps.com\/it\/pri\/night_day_cbd_regalo\/#breadcrumb\",\"itemListElement\":[{\"@type\":\"ListItem\",\"position\":1,\"name\":\"Startseite\",\"item\":\"https:\/\/www.tomhemps.com\/it\/\"},{\"@type\":\"ListItem\",\"position\":2,\"name\":\"Shop\",\"item\":\"https:\/\/www.tomhemps.com\/it\/shop\/\"},{\"@type\":\"ListItem\",\"position\":3,\"name\":\"THE CBD DAY NIGHT XMAS SET\"}]},{\"@type\":\"WebSite\",\"@id\":\"https:\/\/www.tomhemps.com\/it\/#website\",\"url\":\"https:\/\/www.tomhemps.com\/it\/\",\"name\":\"Your CBD Shop | Your CBD Brand | born in Berlin\",\"description\":\"CBD Shop Berlin\",\"publisher\":{\"@id\":\"https:\/\/www.tomhemps.com\/it\/#organization\"},\"potentialAction\":[{\"@type\":\"SearchAction\",\"target\":{\"@type\":\"EntryPoint\",\"urlTemplate\":\"https:\/\/www.tomhemps.com\/it\/?s={search_term_string}\"},\"query-input\":\"required name=search_term_string\"}],\"inLanguage\":\"it-IT\"},{\"@type\":\"Organization\",\"@id\":\"https:\/\/www.tomhemps.com\/it\/#organization\",\"name\":\"Tom Hemp's CBD Shop\",\"alternateName\":\"Tom Hemp's Berlin\",\"url\":\"https:\/\/www.tomhemps.com\/it\/\",\"logo\":{\"@type\":\"ImageObject\",\"inLanguage\":\"it-IT\",\"@id\":\"https:\/\/www.tomhemps.com\/it\/#\/schema\/logo\/image\/\",\"url\":\"https:\/\/www.tomhemps.com\/wp-content\/uploads\/2019\/04\/Logo-2019-e1581413011332.jpg\",\"contentUrl\":\"https:\/\/www.tomhemps.com\/wp-content\/uploads\/2019\/04\/Logo-2019-e1581413011332.jpg\",\"width\":460,\"height\":153,\"caption\":\"Tom Hemp's CBD Shop\"},\"image\":{\"@id\":\"https:\/\/www.tomhemps.com\/it\/#\/schema\/logo\/image\/\"},\"sameAs\":[\"https:\/\/www.facebook.com\/tomhempsberlin\/\",\"https:\/\/www.instagram.com\/tomhemps_cbd\/\",\"https:\/\/www.youtube.com\/channel\/UCbGxDacLx_DRKyder_zVoNw\"]}]}<\/script>\n<!-- \/ Yoast SEO Premium plugin. -->","yoast_head_json":{"title":"THE CBD DAY NIGHT XMAS SET","description":"THE CBD DAY NIGHT XMAS SET - Your CBD Shop | Your CBD Brand | born in Berlin","robots":{"index":"index","follow":"follow","max-snippet":"max-snippet:-1","max-image-preview":"max-image-preview:large","max-video-preview":"max-video-preview:-1"},"canonical":"https:\/\/www.tomhemps.com\/it\/pri\/night_day_cbd_regalo\/","og_locale":"it_IT","og_type":"article","og_title":"THE CBD DAY NIGHT XMAS SET","og_description":"THE CBD DAY NIGHT XMAS SET - Your CBD Shop | Your CBD Brand | born in Berlin","og_url":"https:\/\/www.tomhemps.com\/it\/pri\/night_day_cbd_regalo\/","og_site_name":"Your CBD Shop | Your CBD Brand | born in Berlin","article_publisher":"https:\/\/www.facebook.com\/tomhempsberlin\/","article_modified_time":"2025-12-24T22:00:03+00:00","og_image":[{"width":680,"height":850,"url":"https:\/\/www.tomhemps.com\/wp-content\/uploads\/2022\/11\/day-and-night-set.png","type":"image\/png"}],"twitter_card":"summary_large_image","schema":{"@context":"https:\/\/schema.org","@graph":[{"@type":"WebPage","@id":"https:\/\/www.tomhemps.com\/it\/pri\/night_day_cbd_regalo\/","url":"https:\/\/www.tomhemps.com\/it\/pri\/night_day_cbd_regalo\/","name":"THE CBD DAY NIGHT XMAS SET","isPartOf":{"@id":"https:\/\/www.tomhemps.com\/it\/#website"},"primaryImageOfPage":{"@id":"https:\/\/www.tomhemps.com\/it\/pri\/night_day_cbd_regalo\/#primaryimage"},"image":{"@id":"https:\/\/www.tomhemps.com\/it\/pri\/night_day_cbd_regalo\/#primaryimage"},"thumbnailUrl":"https:\/\/www.tomhemps.com\/wp-content\/uploads\/2022\/11\/Untitled-design9-Photoroom.png","datePublished":"2020-11-26T10:52:03+00:00","dateModified":"2025-12-24T22:00:03+00:00","description":"THE CBD DAY NIGHT XMAS SET - Your CBD Shop | Your CBD Brand | born in Berlin","breadcrumb":{"@id":"https:\/\/www.tomhemps.com\/it\/pri\/night_day_cbd_regalo\/#breadcrumb"},"inLanguage":"it-IT","potentialAction":[{"@type":"ReadAction","target":["https:\/\/www.tomhemps.com\/it\/pri\/night_day_cbd_regalo\/"]}]},{"@type":"ImageObject","inLanguage":"it-IT","@id":"https:\/\/www.tomhemps.com\/it\/pri\/night_day_cbd_regalo\/#primaryimage","url":"https:\/\/www.tomhemps.com\/wp-content\/uploads\/2022\/11\/Untitled-design9-Photoroom.png","contentUrl":"https:\/\/www.tomhemps.com\/wp-content\/uploads\/2022\/11\/Untitled-design9-Photoroom.png","width":680,"height":850,"caption":"CBD \u00d6l Geschenkset DAy Night"},{"@type":"BreadcrumbList","@id":"https:\/\/www.tomhemps.com\/it\/pri\/night_day_cbd_regalo\/#breadcrumb","itemListElement":[{"@type":"ListItem","position":1,"name":"Startseite","item":"https:\/\/www.tomhemps.com\/it\/"},{"@type":"ListItem","position":2,"name":"Shop","item":"https:\/\/www.tomhemps.com\/it\/shop\/"},{"@type":"ListItem","position":3,"name":"THE CBD DAY NIGHT XMAS SET"}]},{"@type":"WebSite","@id":"https:\/\/www.tomhemps.com\/it\/#website","url":"https:\/\/www.tomhemps.com\/it\/","name":"Your CBD Shop | Your CBD Brand | born in Berlin","description":"CBD Shop Berlin","publisher":{"@id":"https:\/\/www.tomhemps.com\/it\/#organization"},"potentialAction":[{"@type":"SearchAction","target":{"@type":"EntryPoint","urlTemplate":"https:\/\/www.tomhemps.com\/it\/?s={search_term_string}"},"query-input":"required name=search_term_string"}],"inLanguage":"it-IT"},{"@type":"Organization","@id":"https:\/\/www.tomhemps.com\/it\/#organization","name":"Tom Hemp's CBD Shop","alternateName":"Tom Hemp's Berlin","url":"https:\/\/www.tomhemps.com\/it\/","logo":{"@type":"ImageObject","inLanguage":"it-IT","@id":"https:\/\/www.tomhemps.com\/it\/#\/schema\/logo\/image\/","url":"https:\/\/www.tomhemps.com\/wp-content\/uploads\/2019\/04\/Logo-2019-e1581413011332.jpg","contentUrl":"https:\/\/www.tomhemps.com\/wp-content\/uploads\/2019\/04\/Logo-2019-e1581413011332.jpg","width":460,"height":153,"caption":"Tom Hemp's CBD Shop"},"image":{"@id":"https:\/\/www.tomhemps.com\/it\/#\/schema\/logo\/image\/"},"sameAs":["https:\/\/www.facebook.com\/tomhempsberlin\/","https:\/\/www.instagram.com\/tomhemps_cbd\/","https:\/\/www.youtube.com\/channel\/UCbGxDacLx_DRKyder_zVoNw"]}]}},"fields":{"pi_tot":"Cosa c'\u00e8 dentro?","pi_tst":"Avviso","pi_t":171591,"pi_hd":false,"pi_hm":false,"pi_to":"<p><strong>1x OLIO DI CBD A SPECTRUM COMPLETO 7%<\/strong><br \/>\nIngredienti: parti di foglie di canapa industriale dell&#8217;UE, olio di semi di Cannabis Sativa<br \/>\nContenuto: 10ml<\/p>\n<p><strong>1 x OLIO DI CBD A SPETTRO COMPLETO 5%<\/strong><br \/>\nIngredienti: Olio di semi di Cannabis Sativa, Estratto di foglie di Cannabis Sativa, Tocoferolo<br \/>\nContenuto: 10 ml<\/p>\n<p>Ingredienti: fiori di canapa europea, essiccati<\/p>\n","pi_ts":"<p><strong>Olio di CBD a spettro completo 7%<\/strong><\/p>\n<p>Nota: prodotto aromatizzante, non consigliato per l&#8217;ingestione. Tenere fuori dalla portata dei bambini.<\/p>\n<p><strong>Olio di CBD ad ampio spettro 5%<\/strong><\/p>\n<p>Nota: prodotto aromatizzante, non raccomandato per l&#8217;ingestione. Tenere fuori dalla portata dei bambini.<\/p>\n<p>&nbsp;<\/p>\n","smoking_product":false,"pi_dd":false,"gs_contents":"1x CBD OIL FULL SPECTRUM 7%\r\nInhalt: 10ml\r\n\r\n1 x CBD OIL BROAD SPECTRUM 5%\r\nInhalt: 10 ml"},"_links":{"self":[{"href":"https:\/\/www.tomhemps.com\/it\/wp-json\/wp\/v2\/product\/171716"}],"collection":[{"href":"https:\/\/www.tomhemps.com\/it\/wp-json\/wp\/v2\/product"}],"about":[{"href":"https:\/\/www.tomhemps.com\/it\/wp-json\/wp\/v2\/types\/product"}],"replies":[{"embeddable":true,"href":"https:\/\/www.tomhemps.com\/it\/wp-json\/wp\/v2\/comments?post=171716"}],"wp:featuredmedia":[{"embeddable":true,"href":"https:\/\/www.tomhemps.com\/it\/wp-json\/wp\/v2\/media\/643921"}],"wp:attachment":[{"href":"https:\/\/www.tomhemps.com\/it\/wp-json\/wp\/v2\/media?parent=171716"}],"wp:term":[{"taxonomy":"product_cat","embeddable":true,"href":"https:\/\/www.tomhemps.com\/it\/wp-json\/wp\/v2\/product_cat?post=171716"},{"taxonomy":"product_tag","embeddable":true,"href":"https:\/\/www.tomhemps.com\/it\/wp-json\/wp\/v2\/product_tag?post=171716"}],"curies":[{"name":"wp","href":"https:\/\/api.w.org\/{rel}","templated":true}]}}