{"id":171771,"date":"2017-11-26T12:07:05","date_gmt":"2020-11-26T11:07:07","guid":{"rendered":"https:\/\/www.tomhemps.com\/?post_type=product&#038;p=171771"},"modified":"2025-12-24T23:00:03","modified_gmt":"2025-12-24T22:00:03","slug":"flower_discovery_set_1","status":"publish","type":"product","link":"https:\/\/www.tomhemps.com\/it\/pri\/flower_discovery_set_1\/","title":{"rendered":"Flower Discovery Set 1"},"content":{"rendered":"","protected":false},"excerpt":{"rendered":"<p><span style=\"font-weight: 400;\">Scoprite l&#8217;affascinante mondo dei fiori di CBD con la nostra esclusiva Discovery Gift Box I. Un bouquet di sapori, sfumature sottili e una dolce brezza di relax. Questa confezione regalo \u00e8 molto pi\u00f9 di un semplice CBD: \u00e8 un viaggio verso l&#8217;equilibrio e la serenit\u00e0 interiore. Ogni fiore racconta la sua storia, ogni aroma \u00e8 un invito a un momento di cura di s\u00e9 e di consapevolezza. Regalate un pezzo di natura con Berlin Kush, Gorilla Glue, Gelato 361 and Cookies e Northern Lights.\u00a0<\/span><\/p>\n","protected":false},"featured_media":643945,"comment_status":"open","ping_status":"closed","template":"","meta":{"_acf_changed":false},"product_cat":[5006,5116,123],"product_tag":[],"acf":[],"yoast_head":"<!-- This site is optimized with the Yoast SEO Premium plugin v22.8 (Yoast SEO v22.8) - https:\/\/yoast.com\/wordpress\/plugins\/seo\/ -->\n<title>Flower Discovery Set 1<\/title>\n<meta name=\"description\" content=\"Flower Discovery Set 1 - Your CBD Shop | Your CBD Brand | born in Berlin\" \/>\n<meta name=\"robots\" content=\"index, follow, max-snippet:-1, max-image-preview:large, max-video-preview:-1\" \/>\n<link rel=\"canonical\" href=\"https:\/\/www.tomhemps.com\/it\/pri\/flower_discovery_set_1\/\" \/>\n<meta property=\"og:locale\" content=\"it_IT\" \/>\n<meta property=\"og:type\" content=\"article\" \/>\n<meta property=\"og:title\" content=\"Flower Discovery Set 1\" \/>\n<meta property=\"og:description\" content=\"Flower Discovery Set 1 - Your CBD Shop | Your CBD Brand | born in Berlin\" \/>\n<meta property=\"og:url\" content=\"https:\/\/www.tomhemps.com\/it\/pri\/flower_discovery_set_1\/\" \/>\n<meta property=\"og:site_name\" content=\"Your CBD Shop | Your CBD Brand | born in Berlin\" \/>\n<meta property=\"article:publisher\" content=\"https:\/\/www.facebook.com\/tomhempsberlin\/\" \/>\n<meta property=\"article:modified_time\" content=\"2025-12-24T22:00:03+00:00\" \/>\n<meta property=\"og:image\" content=\"https:\/\/www.tomhemps.com\/wp-content\/uploads\/2017\/11\/TH-products-680x850-Discovery-Set-1-1g.png\" \/>\n\t<meta property=\"og:image:width\" content=\"680\" \/>\n\t<meta property=\"og:image:height\" content=\"850\" \/>\n\t<meta property=\"og:image:type\" content=\"image\/png\" \/>\n<meta name=\"twitter:card\" content=\"summary_large_image\" \/>\n<script type=\"application\/ld+json\" class=\"yoast-schema-graph\">{\"@context\":\"https:\/\/schema.org\",\"@graph\":[{\"@type\":\"WebPage\",\"@id\":\"https:\/\/www.tomhemps.com\/it\/pri\/flower_discovery_set_1\/\",\"url\":\"https:\/\/www.tomhemps.com\/it\/pri\/flower_discovery_set_1\/\",\"name\":\"Flower Discovery Set 1\",\"isPartOf\":{\"@id\":\"https:\/\/www.tomhemps.com\/it\/#website\"},\"primaryImageOfPage\":{\"@id\":\"https:\/\/www.tomhemps.com\/it\/pri\/flower_discovery_set_1\/#primaryimage\"},\"image\":{\"@id\":\"https:\/\/www.tomhemps.com\/it\/pri\/flower_discovery_set_1\/#primaryimage\"},\"thumbnailUrl\":\"https:\/\/www.tomhemps.com\/wp-content\/uploads\/2017\/11\/CBD-Blueten-Discovery-Gift-Set-II-Photoroom.png\",\"datePublished\":\"2020-11-26T11:07:07+00:00\",\"dateModified\":\"2025-12-24T22:00:03+00:00\",\"description\":\"Flower Discovery Set 1 - Your CBD Shop | Your CBD Brand | born in Berlin\",\"breadcrumb\":{\"@id\":\"https:\/\/www.tomhemps.com\/it\/pri\/flower_discovery_set_1\/#breadcrumb\"},\"inLanguage\":\"it-IT\",\"potentialAction\":[{\"@type\":\"ReadAction\",\"target\":[\"https:\/\/www.tomhemps.com\/it\/pri\/flower_discovery_set_1\/\"]}]},{\"@type\":\"ImageObject\",\"inLanguage\":\"it-IT\",\"@id\":\"https:\/\/www.tomhemps.com\/it\/pri\/flower_discovery_set_1\/#primaryimage\",\"url\":\"https:\/\/www.tomhemps.com\/wp-content\/uploads\/2017\/11\/CBD-Blueten-Discovery-Gift-Set-II-Photoroom.png\",\"contentUrl\":\"https:\/\/www.tomhemps.com\/wp-content\/uploads\/2017\/11\/CBD-Blueten-Discovery-Gift-Set-II-Photoroom.png\",\"width\":680,\"height\":850,\"caption\":\"Cbd Blu\u0308ten Discovery Gift Set II\"},{\"@type\":\"BreadcrumbList\",\"@id\":\"https:\/\/www.tomhemps.com\/it\/pri\/flower_discovery_set_1\/#breadcrumb\",\"itemListElement\":[{\"@type\":\"ListItem\",\"position\":1,\"name\":\"Startseite\",\"item\":\"https:\/\/www.tomhemps.com\/it\/\"},{\"@type\":\"ListItem\",\"position\":2,\"name\":\"Shop\",\"item\":\"https:\/\/www.tomhemps.com\/it\/shop\/\"},{\"@type\":\"ListItem\",\"position\":3,\"name\":\"Flower Discovery Set 1\"}]},{\"@type\":\"WebSite\",\"@id\":\"https:\/\/www.tomhemps.com\/it\/#website\",\"url\":\"https:\/\/www.tomhemps.com\/it\/\",\"name\":\"Your CBD Shop | Your CBD Brand | born in Berlin\",\"description\":\"CBD Shop Berlin\",\"publisher\":{\"@id\":\"https:\/\/www.tomhemps.com\/it\/#organization\"},\"potentialAction\":[{\"@type\":\"SearchAction\",\"target\":{\"@type\":\"EntryPoint\",\"urlTemplate\":\"https:\/\/www.tomhemps.com\/it\/?s={search_term_string}\"},\"query-input\":\"required name=search_term_string\"}],\"inLanguage\":\"it-IT\"},{\"@type\":\"Organization\",\"@id\":\"https:\/\/www.tomhemps.com\/it\/#organization\",\"name\":\"Tom Hemp's CBD Shop\",\"alternateName\":\"Tom Hemp's Berlin\",\"url\":\"https:\/\/www.tomhemps.com\/it\/\",\"logo\":{\"@type\":\"ImageObject\",\"inLanguage\":\"it-IT\",\"@id\":\"https:\/\/www.tomhemps.com\/it\/#\/schema\/logo\/image\/\",\"url\":\"https:\/\/www.tomhemps.com\/wp-content\/uploads\/2019\/04\/Logo-2019-e1581413011332.jpg\",\"contentUrl\":\"https:\/\/www.tomhemps.com\/wp-content\/uploads\/2019\/04\/Logo-2019-e1581413011332.jpg\",\"width\":460,\"height\":153,\"caption\":\"Tom Hemp's CBD Shop\"},\"image\":{\"@id\":\"https:\/\/www.tomhemps.com\/it\/#\/schema\/logo\/image\/\"},\"sameAs\":[\"https:\/\/www.facebook.com\/tomhempsberlin\/\",\"https:\/\/www.instagram.com\/tomhemps_cbd\/\",\"https:\/\/www.youtube.com\/channel\/UCbGxDacLx_DRKyder_zVoNw\"]}]}<\/script>\n<!-- \/ Yoast SEO Premium plugin. -->","yoast_head_json":{"title":"Flower Discovery Set 1","description":"Flower Discovery Set 1 - Your CBD Shop | Your CBD Brand | born in Berlin","robots":{"index":"index","follow":"follow","max-snippet":"max-snippet:-1","max-image-preview":"max-image-preview:large","max-video-preview":"max-video-preview:-1"},"canonical":"https:\/\/www.tomhemps.com\/it\/pri\/flower_discovery_set_1\/","og_locale":"it_IT","og_type":"article","og_title":"Flower Discovery Set 1","og_description":"Flower Discovery Set 1 - Your CBD Shop | Your CBD Brand | born in Berlin","og_url":"https:\/\/www.tomhemps.com\/it\/pri\/flower_discovery_set_1\/","og_site_name":"Your CBD Shop | Your CBD Brand | born in Berlin","article_publisher":"https:\/\/www.facebook.com\/tomhempsberlin\/","article_modified_time":"2025-12-24T22:00:03+00:00","og_image":[{"width":680,"height":850,"url":"https:\/\/www.tomhemps.com\/wp-content\/uploads\/2017\/11\/TH-products-680x850-Discovery-Set-1-1g.png","type":"image\/png"}],"twitter_card":"summary_large_image","schema":{"@context":"https:\/\/schema.org","@graph":[{"@type":"WebPage","@id":"https:\/\/www.tomhemps.com\/it\/pri\/flower_discovery_set_1\/","url":"https:\/\/www.tomhemps.com\/it\/pri\/flower_discovery_set_1\/","name":"Flower Discovery Set 1","isPartOf":{"@id":"https:\/\/www.tomhemps.com\/it\/#website"},"primaryImageOfPage":{"@id":"https:\/\/www.tomhemps.com\/it\/pri\/flower_discovery_set_1\/#primaryimage"},"image":{"@id":"https:\/\/www.tomhemps.com\/it\/pri\/flower_discovery_set_1\/#primaryimage"},"thumbnailUrl":"https:\/\/www.tomhemps.com\/wp-content\/uploads\/2017\/11\/CBD-Blueten-Discovery-Gift-Set-II-Photoroom.png","datePublished":"2020-11-26T11:07:07+00:00","dateModified":"2025-12-24T22:00:03+00:00","description":"Flower Discovery Set 1 - Your CBD Shop | Your CBD Brand | born in Berlin","breadcrumb":{"@id":"https:\/\/www.tomhemps.com\/it\/pri\/flower_discovery_set_1\/#breadcrumb"},"inLanguage":"it-IT","potentialAction":[{"@type":"ReadAction","target":["https:\/\/www.tomhemps.com\/it\/pri\/flower_discovery_set_1\/"]}]},{"@type":"ImageObject","inLanguage":"it-IT","@id":"https:\/\/www.tomhemps.com\/it\/pri\/flower_discovery_set_1\/#primaryimage","url":"https:\/\/www.tomhemps.com\/wp-content\/uploads\/2017\/11\/CBD-Blueten-Discovery-Gift-Set-II-Photoroom.png","contentUrl":"https:\/\/www.tomhemps.com\/wp-content\/uploads\/2017\/11\/CBD-Blueten-Discovery-Gift-Set-II-Photoroom.png","width":680,"height":850,"caption":"Cbd Blu\u0308ten Discovery Gift Set II"},{"@type":"BreadcrumbList","@id":"https:\/\/www.tomhemps.com\/it\/pri\/flower_discovery_set_1\/#breadcrumb","itemListElement":[{"@type":"ListItem","position":1,"name":"Startseite","item":"https:\/\/www.tomhemps.com\/it\/"},{"@type":"ListItem","position":2,"name":"Shop","item":"https:\/\/www.tomhemps.com\/it\/shop\/"},{"@type":"ListItem","position":3,"name":"Flower Discovery Set 1"}]},{"@type":"WebSite","@id":"https:\/\/www.tomhemps.com\/it\/#website","url":"https:\/\/www.tomhemps.com\/it\/","name":"Your CBD Shop | Your CBD Brand | born in Berlin","description":"CBD Shop Berlin","publisher":{"@id":"https:\/\/www.tomhemps.com\/it\/#organization"},"potentialAction":[{"@type":"SearchAction","target":{"@type":"EntryPoint","urlTemplate":"https:\/\/www.tomhemps.com\/it\/?s={search_term_string}"},"query-input":"required name=search_term_string"}],"inLanguage":"it-IT"},{"@type":"Organization","@id":"https:\/\/www.tomhemps.com\/it\/#organization","name":"Tom Hemp's CBD Shop","alternateName":"Tom Hemp's Berlin","url":"https:\/\/www.tomhemps.com\/it\/","logo":{"@type":"ImageObject","inLanguage":"it-IT","@id":"https:\/\/www.tomhemps.com\/it\/#\/schema\/logo\/image\/","url":"https:\/\/www.tomhemps.com\/wp-content\/uploads\/2019\/04\/Logo-2019-e1581413011332.jpg","contentUrl":"https:\/\/www.tomhemps.com\/wp-content\/uploads\/2019\/04\/Logo-2019-e1581413011332.jpg","width":460,"height":153,"caption":"Tom Hemp's CBD Shop"},"image":{"@id":"https:\/\/www.tomhemps.com\/it\/#\/schema\/logo\/image\/"},"sameAs":["https:\/\/www.facebook.com\/tomhempsberlin\/","https:\/\/www.instagram.com\/tomhemps_cbd\/","https:\/\/www.youtube.com\/channel\/UCbGxDacLx_DRKyder_zVoNw"]}]}},"fields":{"pi_tot":"Cosa c'\u00e8 dentro?","pi_tst":"Avviso","pi_t":171591,"pi_hd":false,"pi_hm":false,"pi_to":"<p><strong>1G GELATO 361<\/strong><br \/>\nCBD 6 \u2013 8 %<br \/>\nTHC &lt; 0,2%<\/p>\n<p><strong>1G LEMON AMALFI<\/strong><br \/>\nCBD: 3 \u2013 6 %<br \/>\nTHC: &lt; 0,2%<\/p>\n<p><strong>1G GIRL SCOUT COOKIES<\/strong><br \/>\nCBD 6 \u2013 8 %<br \/>\nTHC &lt; 0,2%<\/p>\n<p><strong>1G PURPLE BERRY<\/strong><br \/>\nCBD 4 %<br \/>\nTHC &lt; 0,2%<\/p>\n<p>Ingredienti: Fiori di canapa industriale europea, essiccati<\/p>\n","pi_ts":"<p><span data-sheets-value=\"{&quot;1&quot;:2,&quot;2&quot;:&quot;Questo prodotto \u00e8 utilizzato esclusivamente a fini commerciali, scientifici e tecnici. Tenere fuori dalla portata dei bambini. Il prodotto non deve essere portato all\u2019estero. Consumare e fumare questo prodotto \u00e8 severamente vietato. Questi fiori di canapa europei trasformati contengono meno dello 0,2% di THC.&quot;}\" data-sheets-userformat=\"{&quot;2&quot;:33555201,&quot;3&quot;:{&quot;1&quot;:0},&quot;11&quot;:4,&quot;12&quot;:0,&quot;28&quot;:1}\">Questo prodotto \u00e8 utilizzato esclusivamente a fini commerciali, scientifici e tecnici. Tenere fuori dalla portata dei bambini. Il prodotto non deve essere portato all\u2019estero. Consumare e fumare questo prodotto \u00e8 severamente vietato. Questi fiori di canapa europei trasformati contengono meno dello 0,2% di THC.<\/span><\/p>\n","smoking_product":true,"pi_dd":false,"gs_contents":"1G GELATO 361\r\n1G LEMON AMALFI\r\n1G GIRL SCOUT COOKIES\r\n1G PURPLE BERRY\r\n\r\n"},"_links":{"self":[{"href":"https:\/\/www.tomhemps.com\/it\/wp-json\/wp\/v2\/product\/171771"}],"collection":[{"href":"https:\/\/www.tomhemps.com\/it\/wp-json\/wp\/v2\/product"}],"about":[{"href":"https:\/\/www.tomhemps.com\/it\/wp-json\/wp\/v2\/types\/product"}],"replies":[{"embeddable":true,"href":"https:\/\/www.tomhemps.com\/it\/wp-json\/wp\/v2\/comments?post=171771"}],"wp:featuredmedia":[{"embeddable":true,"href":"https:\/\/www.tomhemps.com\/it\/wp-json\/wp\/v2\/media\/643945"}],"wp:attachment":[{"href":"https:\/\/www.tomhemps.com\/it\/wp-json\/wp\/v2\/media?parent=171771"}],"wp:term":[{"taxonomy":"product_cat","embeddable":true,"href":"https:\/\/www.tomhemps.com\/it\/wp-json\/wp\/v2\/product_cat?post=171771"},{"taxonomy":"product_tag","embeddable":true,"href":"https:\/\/www.tomhemps.com\/it\/wp-json\/wp\/v2\/product_tag?post=171771"}],"curies":[{"name":"wp","href":"https:\/\/api.w.org\/{rel}","templated":true}]}}