{"id":473752,"date":"2022-08-26T10:57:02","date_gmt":"2021-10-15T13:40:07","guid":{"rendered":"https:\/\/www.tomhemps.com\/?post_type=product&#038;p=473752"},"modified":"2026-02-16T23:00:05","modified_gmt":"2026-02-16T22:00:05","slug":"cbd-hash-40-bubble-ice","status":"publish","type":"product","link":"https:\/\/www.tomhemps.com\/it\/pri\/cbd-hash-40-bubble-ice\/","title":{"rendered":"CBD Hash 40% Bubble Ice"},"content":{"rendered":"","protected":false},"excerpt":{"rendered":"<p>Bubble Ice Hash \u00e8 letteralmente un hashish di CBD freddo come il ghiaccio. Prima di essere elaborate, le cime di CBD vengono congelate. Come sempre, solo fiori di CBD con certificazione biologica UE vengono scelti per l\u2019uso. L\u2019estrazione del CBD avviene poi sotto costante controllo termico a temperature sotto lo 0\u00b0. Ci\u00f2 significa che nemmeno la pi\u00f9 piccola particella di CBD viene dispersa per via del calore. Dopodich\u00e9, un lungo processo di maturazione ne garantisce il massimo aroma. Alla fine, ti trovi con un hashish di CBD di eccezionale qualit\u00e0 con un potente contenuto di CBD al 40%. E per essere certi che il tuo Bubble Ice Hash mantenga il suo sapore per lungo tempo, lo riceverai esclusivamente in un vasetto ermetico e richiudibile. Disponibile in tre convenienti misure.<\/p>\n","protected":false},"featured_media":474316,"comment_status":"open","ping_status":"closed","template":"","meta":{"_acf_changed":false},"product_cat":[5006,854,858],"product_tag":[],"acf":[],"yoast_head":"<!-- This site is optimized with the Yoast SEO Premium plugin v22.8 (Yoast SEO v22.8) - https:\/\/yoast.com\/wordpress\/plugins\/seo\/ -->\n<title>CBD Hash 40% Bubble Ice<\/title>\n<meta name=\"description\" content=\"CBD Hash 40% Bubble Ice - Your CBD Shop | Your CBD Brand | born in Berlin\" \/>\n<meta name=\"robots\" content=\"index, follow, max-snippet:-1, max-image-preview:large, max-video-preview:-1\" \/>\n<link rel=\"canonical\" href=\"https:\/\/www.tomhemps.com\/it\/pri\/cbd-hash-40-bubble-ice\/\" \/>\n<meta property=\"og:locale\" content=\"it_IT\" \/>\n<meta property=\"og:type\" content=\"article\" \/>\n<meta property=\"og:title\" content=\"CBD Hash 40% Bubble Ice\" \/>\n<meta property=\"og:description\" content=\"CBD Hash 40% Bubble Ice - Your CBD Shop | Your CBD Brand | born in Berlin\" \/>\n<meta property=\"og:url\" content=\"https:\/\/www.tomhemps.com\/it\/pri\/cbd-hash-40-bubble-ice\/\" \/>\n<meta property=\"og:site_name\" content=\"Your CBD Shop | Your CBD Brand | born in Berlin\" \/>\n<meta property=\"article:publisher\" content=\"https:\/\/www.facebook.com\/tomhempsberlin\/\" \/>\n<meta property=\"article:modified_time\" content=\"2026-02-16T22:00:05+00:00\" \/>\n<meta property=\"og:image\" content=\"https:\/\/www.tomhemps.com\/wp-content\/uploads\/2021\/10\/Tom_Hemps_Product_Detail_Galllery_01_Bubble_Ice_Desktop_1440x1620.png\" \/>\n\t<meta property=\"og:image:width\" content=\"1440\" \/>\n\t<meta property=\"og:image:height\" content=\"1620\" \/>\n\t<meta property=\"og:image:type\" content=\"image\/png\" \/>\n<meta name=\"twitter:card\" content=\"summary_large_image\" \/>\n<script type=\"application\/ld+json\" class=\"yoast-schema-graph\">{\"@context\":\"https:\/\/schema.org\",\"@graph\":[{\"@type\":\"WebPage\",\"@id\":\"https:\/\/www.tomhemps.com\/it\/pri\/cbd-hash-40-bubble-ice\/\",\"url\":\"https:\/\/www.tomhemps.com\/it\/pri\/cbd-hash-40-bubble-ice\/\",\"name\":\"CBD Hash 40% Bubble Ice\",\"isPartOf\":{\"@id\":\"https:\/\/www.tomhemps.com\/it\/#website\"},\"primaryImageOfPage\":{\"@id\":\"https:\/\/www.tomhemps.com\/it\/pri\/cbd-hash-40-bubble-ice\/#primaryimage\"},\"image\":{\"@id\":\"https:\/\/www.tomhemps.com\/it\/pri\/cbd-hash-40-bubble-ice\/#primaryimage\"},\"thumbnailUrl\":\"https:\/\/www.tomhemps.com\/wp-content\/uploads\/2021\/10\/Tom_Hemps_Product_Detail_Galllery_01_Bubble_Ice_Desktop_1440x1620.png\",\"datePublished\":\"2021-10-15T13:40:07+00:00\",\"dateModified\":\"2026-02-16T22:00:05+00:00\",\"description\":\"CBD Hash 40% Bubble Ice - Your CBD Shop | Your CBD Brand | born in Berlin\",\"breadcrumb\":{\"@id\":\"https:\/\/www.tomhemps.com\/it\/pri\/cbd-hash-40-bubble-ice\/#breadcrumb\"},\"inLanguage\":\"it-IT\",\"potentialAction\":[{\"@type\":\"ReadAction\",\"target\":[\"https:\/\/www.tomhemps.com\/it\/pri\/cbd-hash-40-bubble-ice\/\"]}]},{\"@type\":\"ImageObject\",\"inLanguage\":\"it-IT\",\"@id\":\"https:\/\/www.tomhemps.com\/it\/pri\/cbd-hash-40-bubble-ice\/#primaryimage\",\"url\":\"https:\/\/www.tomhemps.com\/wp-content\/uploads\/2021\/10\/Tom_Hemps_Product_Detail_Galllery_01_Bubble_Ice_Desktop_1440x1620.png\",\"contentUrl\":\"https:\/\/www.tomhemps.com\/wp-content\/uploads\/2021\/10\/Tom_Hemps_Product_Detail_Galllery_01_Bubble_Ice_Desktop_1440x1620.png\",\"width\":1440,\"height\":1620},{\"@type\":\"BreadcrumbList\",\"@id\":\"https:\/\/www.tomhemps.com\/it\/pri\/cbd-hash-40-bubble-ice\/#breadcrumb\",\"itemListElement\":[{\"@type\":\"ListItem\",\"position\":1,\"name\":\"Startseite\",\"item\":\"https:\/\/www.tomhemps.com\/it\/\"},{\"@type\":\"ListItem\",\"position\":2,\"name\":\"Shop\",\"item\":\"https:\/\/www.tomhemps.com\/it\/shop\/\"},{\"@type\":\"ListItem\",\"position\":3,\"name\":\"CBD Hash 40% Bubble Ice\"}]},{\"@type\":\"WebSite\",\"@id\":\"https:\/\/www.tomhemps.com\/it\/#website\",\"url\":\"https:\/\/www.tomhemps.com\/it\/\",\"name\":\"Your CBD Shop | Your CBD Brand | born in Berlin\",\"description\":\"CBD Shop Berlin\",\"publisher\":{\"@id\":\"https:\/\/www.tomhemps.com\/it\/#organization\"},\"potentialAction\":[{\"@type\":\"SearchAction\",\"target\":{\"@type\":\"EntryPoint\",\"urlTemplate\":\"https:\/\/www.tomhemps.com\/it\/?s={search_term_string}\"},\"query-input\":\"required name=search_term_string\"}],\"inLanguage\":\"it-IT\"},{\"@type\":\"Organization\",\"@id\":\"https:\/\/www.tomhemps.com\/it\/#organization\",\"name\":\"Tom Hemp's CBD Shop\",\"alternateName\":\"Tom Hemp's Berlin\",\"url\":\"https:\/\/www.tomhemps.com\/it\/\",\"logo\":{\"@type\":\"ImageObject\",\"inLanguage\":\"it-IT\",\"@id\":\"https:\/\/www.tomhemps.com\/it\/#\/schema\/logo\/image\/\",\"url\":\"https:\/\/www.tomhemps.com\/wp-content\/uploads\/2019\/04\/Logo-2019-e1581413011332.jpg\",\"contentUrl\":\"https:\/\/www.tomhemps.com\/wp-content\/uploads\/2019\/04\/Logo-2019-e1581413011332.jpg\",\"width\":460,\"height\":153,\"caption\":\"Tom Hemp's CBD Shop\"},\"image\":{\"@id\":\"https:\/\/www.tomhemps.com\/it\/#\/schema\/logo\/image\/\"},\"sameAs\":[\"https:\/\/www.facebook.com\/tomhempsberlin\/\",\"https:\/\/www.instagram.com\/tomhemps_cbd\/\",\"https:\/\/www.youtube.com\/channel\/UCbGxDacLx_DRKyder_zVoNw\"]}]}<\/script>\n<!-- \/ Yoast SEO Premium plugin. -->","yoast_head_json":{"title":"CBD Hash 40% Bubble Ice","description":"CBD Hash 40% Bubble Ice - Your CBD Shop | Your CBD Brand | born in Berlin","robots":{"index":"index","follow":"follow","max-snippet":"max-snippet:-1","max-image-preview":"max-image-preview:large","max-video-preview":"max-video-preview:-1"},"canonical":"https:\/\/www.tomhemps.com\/it\/pri\/cbd-hash-40-bubble-ice\/","og_locale":"it_IT","og_type":"article","og_title":"CBD Hash 40% Bubble Ice","og_description":"CBD Hash 40% Bubble Ice - Your CBD Shop | Your CBD Brand | born in Berlin","og_url":"https:\/\/www.tomhemps.com\/it\/pri\/cbd-hash-40-bubble-ice\/","og_site_name":"Your CBD Shop | Your CBD Brand | born in Berlin","article_publisher":"https:\/\/www.facebook.com\/tomhempsberlin\/","article_modified_time":"2026-02-16T22:00:05+00:00","og_image":[{"width":1440,"height":1620,"url":"https:\/\/www.tomhemps.com\/wp-content\/uploads\/2021\/10\/Tom_Hemps_Product_Detail_Galllery_01_Bubble_Ice_Desktop_1440x1620.png","type":"image\/png"}],"twitter_card":"summary_large_image","schema":{"@context":"https:\/\/schema.org","@graph":[{"@type":"WebPage","@id":"https:\/\/www.tomhemps.com\/it\/pri\/cbd-hash-40-bubble-ice\/","url":"https:\/\/www.tomhemps.com\/it\/pri\/cbd-hash-40-bubble-ice\/","name":"CBD Hash 40% Bubble Ice","isPartOf":{"@id":"https:\/\/www.tomhemps.com\/it\/#website"},"primaryImageOfPage":{"@id":"https:\/\/www.tomhemps.com\/it\/pri\/cbd-hash-40-bubble-ice\/#primaryimage"},"image":{"@id":"https:\/\/www.tomhemps.com\/it\/pri\/cbd-hash-40-bubble-ice\/#primaryimage"},"thumbnailUrl":"https:\/\/www.tomhemps.com\/wp-content\/uploads\/2021\/10\/Tom_Hemps_Product_Detail_Galllery_01_Bubble_Ice_Desktop_1440x1620.png","datePublished":"2021-10-15T13:40:07+00:00","dateModified":"2026-02-16T22:00:05+00:00","description":"CBD Hash 40% Bubble Ice - Your CBD Shop | Your CBD Brand | born in Berlin","breadcrumb":{"@id":"https:\/\/www.tomhemps.com\/it\/pri\/cbd-hash-40-bubble-ice\/#breadcrumb"},"inLanguage":"it-IT","potentialAction":[{"@type":"ReadAction","target":["https:\/\/www.tomhemps.com\/it\/pri\/cbd-hash-40-bubble-ice\/"]}]},{"@type":"ImageObject","inLanguage":"it-IT","@id":"https:\/\/www.tomhemps.com\/it\/pri\/cbd-hash-40-bubble-ice\/#primaryimage","url":"https:\/\/www.tomhemps.com\/wp-content\/uploads\/2021\/10\/Tom_Hemps_Product_Detail_Galllery_01_Bubble_Ice_Desktop_1440x1620.png","contentUrl":"https:\/\/www.tomhemps.com\/wp-content\/uploads\/2021\/10\/Tom_Hemps_Product_Detail_Galllery_01_Bubble_Ice_Desktop_1440x1620.png","width":1440,"height":1620},{"@type":"BreadcrumbList","@id":"https:\/\/www.tomhemps.com\/it\/pri\/cbd-hash-40-bubble-ice\/#breadcrumb","itemListElement":[{"@type":"ListItem","position":1,"name":"Startseite","item":"https:\/\/www.tomhemps.com\/it\/"},{"@type":"ListItem","position":2,"name":"Shop","item":"https:\/\/www.tomhemps.com\/it\/shop\/"},{"@type":"ListItem","position":3,"name":"CBD Hash 40% Bubble Ice"}]},{"@type":"WebSite","@id":"https:\/\/www.tomhemps.com\/it\/#website","url":"https:\/\/www.tomhemps.com\/it\/","name":"Your CBD Shop | Your CBD Brand | born in Berlin","description":"CBD Shop Berlin","publisher":{"@id":"https:\/\/www.tomhemps.com\/it\/#organization"},"potentialAction":[{"@type":"SearchAction","target":{"@type":"EntryPoint","urlTemplate":"https:\/\/www.tomhemps.com\/it\/?s={search_term_string}"},"query-input":"required name=search_term_string"}],"inLanguage":"it-IT"},{"@type":"Organization","@id":"https:\/\/www.tomhemps.com\/it\/#organization","name":"Tom Hemp's CBD Shop","alternateName":"Tom Hemp's Berlin","url":"https:\/\/www.tomhemps.com\/it\/","logo":{"@type":"ImageObject","inLanguage":"it-IT","@id":"https:\/\/www.tomhemps.com\/it\/#\/schema\/logo\/image\/","url":"https:\/\/www.tomhemps.com\/wp-content\/uploads\/2019\/04\/Logo-2019-e1581413011332.jpg","contentUrl":"https:\/\/www.tomhemps.com\/wp-content\/uploads\/2019\/04\/Logo-2019-e1581413011332.jpg","width":460,"height":153,"caption":"Tom Hemp's CBD Shop"},"image":{"@id":"https:\/\/www.tomhemps.com\/it\/#\/schema\/logo\/image\/"},"sameAs":["https:\/\/www.facebook.com\/tomhempsberlin\/","https:\/\/www.instagram.com\/tomhemps_cbd\/","https:\/\/www.youtube.com\/channel\/UCbGxDacLx_DRKyder_zVoNw"]}]}},"fields":{"pi_tot":"Cosa c'\u00e8 dentro?","pi_to":"<p>CBD: 40%<br \/>\nTHC: &lt;0,2%<\/p>\n<p>Ingredienti: impollinazione commerciale di canapa nell&#8217;UE, terpeni<\/p>\n","pi_tst":"Avviso","pi_ts":"<p>Questo prodotto \u00e8 utilizzato esclusivamente a fini commerciali, scientifici e tecnici. Tenere fuori dalla portata dei bambini. Il prodotto non deve essere portato all&#8217;estero. Consumare e fumare questo prodotto \u00e8 severamente vietato. Questi fiori di canapa europei trasformati contengono meno dello 0,2% di THC.<\/p>\n","pi_hd":false,"pi_hm":false,"smoking_product":true,"pi_t":481701,"pi_dd":false},"_links":{"self":[{"href":"https:\/\/www.tomhemps.com\/it\/wp-json\/wp\/v2\/product\/473752"}],"collection":[{"href":"https:\/\/www.tomhemps.com\/it\/wp-json\/wp\/v2\/product"}],"about":[{"href":"https:\/\/www.tomhemps.com\/it\/wp-json\/wp\/v2\/types\/product"}],"replies":[{"embeddable":true,"href":"https:\/\/www.tomhemps.com\/it\/wp-json\/wp\/v2\/comments?post=473752"}],"wp:featuredmedia":[{"embeddable":true,"href":"https:\/\/www.tomhemps.com\/it\/wp-json\/wp\/v2\/media\/474316"}],"wp:attachment":[{"href":"https:\/\/www.tomhemps.com\/it\/wp-json\/wp\/v2\/media?parent=473752"}],"wp:term":[{"taxonomy":"product_cat","embeddable":true,"href":"https:\/\/www.tomhemps.com\/it\/wp-json\/wp\/v2\/product_cat?post=473752"},{"taxonomy":"product_tag","embeddable":true,"href":"https:\/\/www.tomhemps.com\/it\/wp-json\/wp\/v2\/product_tag?post=473752"}],"curies":[{"name":"wp","href":"https:\/\/api.w.org\/{rel}","templated":true}]}}