{"id":554973,"date":"2023-02-13T17:03:55","date_gmt":"2023-02-13T16:03:55","guid":{"rendered":"https:\/\/www.tomhemps.com\/product\/pillow-lighter-leaf\/"},"modified":"2023-02-27T09:06:58","modified_gmt":"2023-02-27T08:06:58","slug":"pillow-lighter-leaf","status":"publish","type":"product","link":"https:\/\/www.tomhemps.com\/it\/pri\/pillow-lighter-leaf\/","title":{"rendered":"Cuscino &#8211; Accendino \/ Foglia"},"content":{"rendered":"","protected":false},"excerpt":{"rendered":"<p>Accendi le tue notti con il nostro cuscino a forma di accendino! Realizzato a mano in Spagna, \u00e8 la fiamma pi\u00f9 soffice della citt\u00e0. Accendete la strada verso sogni d\u2019oro con una variet\u00e0 di design giocosi.<\/p>\n","protected":false},"featured_media":554954,"comment_status":"open","ping_status":"closed","template":"","meta":{"_acf_changed":false},"product_cat":[4954],"product_tag":[],"acf":[],"yoast_head":"<!-- This site is optimized with the Yoast SEO Premium plugin v22.8 (Yoast SEO v22.8) - https:\/\/yoast.com\/wordpress\/plugins\/seo\/ -->\n<title>Cuscino - Accendino \/ Foglia<\/title>\n<meta name=\"description\" content=\"Cuscino - Accendino \/ Foglia - Your CBD Shop | Your CBD Brand | born in Berlin\" \/>\n<meta name=\"robots\" content=\"index, follow, max-snippet:-1, max-image-preview:large, max-video-preview:-1\" \/>\n<link rel=\"canonical\" href=\"https:\/\/www.tomhemps.com\/it\/pri\/pillow-lighter-leaf\/\" \/>\n<meta property=\"og:locale\" content=\"it_IT\" \/>\n<meta property=\"og:type\" content=\"article\" \/>\n<meta property=\"og:title\" content=\"Cuscino - Accendino \/ Foglia\" \/>\n<meta property=\"og:description\" content=\"Cuscino - Accendino \/ Foglia - Your CBD Shop | Your CBD Brand | born in Berlin\" \/>\n<meta property=\"og:url\" content=\"https:\/\/www.tomhemps.com\/it\/pri\/pillow-lighter-leaf\/\" \/>\n<meta property=\"og:site_name\" content=\"Your CBD Shop | Your CBD Brand | born in Berlin\" \/>\n<meta property=\"article:publisher\" content=\"https:\/\/www.facebook.com\/tomhempsberlin\/\" \/>\n<meta property=\"article:modified_time\" content=\"2023-02-27T08:06:58+00:00\" \/>\n<meta property=\"og:image\" content=\"https:\/\/www.tomhemps.com\/wp-content\/uploads\/2023\/02\/TH-products-680x850-fluffy-lighter-group-leaf.png\" \/>\n\t<meta property=\"og:image:width\" content=\"680\" \/>\n\t<meta property=\"og:image:height\" content=\"850\" \/>\n\t<meta property=\"og:image:type\" content=\"image\/png\" \/>\n<meta name=\"twitter:card\" content=\"summary_large_image\" \/>\n<script type=\"application\/ld+json\" class=\"yoast-schema-graph\">{\"@context\":\"https:\/\/schema.org\",\"@graph\":[{\"@type\":\"WebPage\",\"@id\":\"https:\/\/www.tomhemps.com\/it\/pri\/pillow-lighter-leaf\/\",\"url\":\"https:\/\/www.tomhemps.com\/it\/pri\/pillow-lighter-leaf\/\",\"name\":\"Cuscino - Accendino \/ Foglia\",\"isPartOf\":{\"@id\":\"https:\/\/www.tomhemps.com\/it\/#website\"},\"primaryImageOfPage\":{\"@id\":\"https:\/\/www.tomhemps.com\/it\/pri\/pillow-lighter-leaf\/#primaryimage\"},\"image\":{\"@id\":\"https:\/\/www.tomhemps.com\/it\/pri\/pillow-lighter-leaf\/#primaryimage\"},\"thumbnailUrl\":\"https:\/\/www.tomhemps.com\/wp-content\/uploads\/2023\/02\/TH-products-680x850-fluffy-lighter-group-leaf.png\",\"datePublished\":\"2023-02-13T16:03:55+00:00\",\"dateModified\":\"2023-02-27T08:06:58+00:00\",\"description\":\"Cuscino - Accendino \/ Foglia - Your CBD Shop | Your CBD Brand | born in Berlin\",\"breadcrumb\":{\"@id\":\"https:\/\/www.tomhemps.com\/it\/pri\/pillow-lighter-leaf\/#breadcrumb\"},\"inLanguage\":\"it-IT\",\"potentialAction\":[{\"@type\":\"ReadAction\",\"target\":[\"https:\/\/www.tomhemps.com\/it\/pri\/pillow-lighter-leaf\/\"]}]},{\"@type\":\"ImageObject\",\"inLanguage\":\"it-IT\",\"@id\":\"https:\/\/www.tomhemps.com\/it\/pri\/pillow-lighter-leaf\/#primaryimage\",\"url\":\"https:\/\/www.tomhemps.com\/wp-content\/uploads\/2023\/02\/TH-products-680x850-fluffy-lighter-group-leaf.png\",\"contentUrl\":\"https:\/\/www.tomhemps.com\/wp-content\/uploads\/2023\/02\/TH-products-680x850-fluffy-lighter-group-leaf.png\",\"width\":680,\"height\":850},{\"@type\":\"BreadcrumbList\",\"@id\":\"https:\/\/www.tomhemps.com\/it\/pri\/pillow-lighter-leaf\/#breadcrumb\",\"itemListElement\":[{\"@type\":\"ListItem\",\"position\":1,\"name\":\"Startseite\",\"item\":\"https:\/\/www.tomhemps.com\/it\/\"},{\"@type\":\"ListItem\",\"position\":2,\"name\":\"Shop\",\"item\":\"https:\/\/www.tomhemps.com\/it\/shop\/\"},{\"@type\":\"ListItem\",\"position\":3,\"name\":\"Cuscino &#8211; Accendino \/ Foglia\"}]},{\"@type\":\"WebSite\",\"@id\":\"https:\/\/www.tomhemps.com\/it\/#website\",\"url\":\"https:\/\/www.tomhemps.com\/it\/\",\"name\":\"Your CBD Shop | Your CBD Brand | born in Berlin\",\"description\":\"CBD Shop Berlin\",\"publisher\":{\"@id\":\"https:\/\/www.tomhemps.com\/it\/#organization\"},\"potentialAction\":[{\"@type\":\"SearchAction\",\"target\":{\"@type\":\"EntryPoint\",\"urlTemplate\":\"https:\/\/www.tomhemps.com\/it\/?s={search_term_string}\"},\"query-input\":\"required name=search_term_string\"}],\"inLanguage\":\"it-IT\"},{\"@type\":\"Organization\",\"@id\":\"https:\/\/www.tomhemps.com\/it\/#organization\",\"name\":\"Tom Hemp's CBD Shop\",\"alternateName\":\"Tom Hemp's Berlin\",\"url\":\"https:\/\/www.tomhemps.com\/it\/\",\"logo\":{\"@type\":\"ImageObject\",\"inLanguage\":\"it-IT\",\"@id\":\"https:\/\/www.tomhemps.com\/it\/#\/schema\/logo\/image\/\",\"url\":\"https:\/\/www.tomhemps.com\/wp-content\/uploads\/2019\/04\/Logo-2019-e1581413011332.jpg\",\"contentUrl\":\"https:\/\/www.tomhemps.com\/wp-content\/uploads\/2019\/04\/Logo-2019-e1581413011332.jpg\",\"width\":460,\"height\":153,\"caption\":\"Tom Hemp's CBD Shop\"},\"image\":{\"@id\":\"https:\/\/www.tomhemps.com\/it\/#\/schema\/logo\/image\/\"},\"sameAs\":[\"https:\/\/www.facebook.com\/tomhempsberlin\/\",\"https:\/\/www.instagram.com\/tomhemps_cbd\/\",\"https:\/\/www.youtube.com\/channel\/UCbGxDacLx_DRKyder_zVoNw\"]}]}<\/script>\n<!-- \/ Yoast SEO Premium plugin. -->","yoast_head_json":{"title":"Cuscino - Accendino \/ Foglia","description":"Cuscino - Accendino \/ Foglia - Your CBD Shop | Your CBD Brand | born in Berlin","robots":{"index":"index","follow":"follow","max-snippet":"max-snippet:-1","max-image-preview":"max-image-preview:large","max-video-preview":"max-video-preview:-1"},"canonical":"https:\/\/www.tomhemps.com\/it\/pri\/pillow-lighter-leaf\/","og_locale":"it_IT","og_type":"article","og_title":"Cuscino - Accendino \/ Foglia","og_description":"Cuscino - Accendino \/ Foglia - Your CBD Shop | Your CBD Brand | born in Berlin","og_url":"https:\/\/www.tomhemps.com\/it\/pri\/pillow-lighter-leaf\/","og_site_name":"Your CBD Shop | Your CBD Brand | born in Berlin","article_publisher":"https:\/\/www.facebook.com\/tomhempsberlin\/","article_modified_time":"2023-02-27T08:06:58+00:00","og_image":[{"width":680,"height":850,"url":"https:\/\/www.tomhemps.com\/wp-content\/uploads\/2023\/02\/TH-products-680x850-fluffy-lighter-group-leaf.png","type":"image\/png"}],"twitter_card":"summary_large_image","schema":{"@context":"https:\/\/schema.org","@graph":[{"@type":"WebPage","@id":"https:\/\/www.tomhemps.com\/it\/pri\/pillow-lighter-leaf\/","url":"https:\/\/www.tomhemps.com\/it\/pri\/pillow-lighter-leaf\/","name":"Cuscino - Accendino \/ Foglia","isPartOf":{"@id":"https:\/\/www.tomhemps.com\/it\/#website"},"primaryImageOfPage":{"@id":"https:\/\/www.tomhemps.com\/it\/pri\/pillow-lighter-leaf\/#primaryimage"},"image":{"@id":"https:\/\/www.tomhemps.com\/it\/pri\/pillow-lighter-leaf\/#primaryimage"},"thumbnailUrl":"https:\/\/www.tomhemps.com\/wp-content\/uploads\/2023\/02\/TH-products-680x850-fluffy-lighter-group-leaf.png","datePublished":"2023-02-13T16:03:55+00:00","dateModified":"2023-02-27T08:06:58+00:00","description":"Cuscino - Accendino \/ Foglia - Your CBD Shop | Your CBD Brand | born in Berlin","breadcrumb":{"@id":"https:\/\/www.tomhemps.com\/it\/pri\/pillow-lighter-leaf\/#breadcrumb"},"inLanguage":"it-IT","potentialAction":[{"@type":"ReadAction","target":["https:\/\/www.tomhemps.com\/it\/pri\/pillow-lighter-leaf\/"]}]},{"@type":"ImageObject","inLanguage":"it-IT","@id":"https:\/\/www.tomhemps.com\/it\/pri\/pillow-lighter-leaf\/#primaryimage","url":"https:\/\/www.tomhemps.com\/wp-content\/uploads\/2023\/02\/TH-products-680x850-fluffy-lighter-group-leaf.png","contentUrl":"https:\/\/www.tomhemps.com\/wp-content\/uploads\/2023\/02\/TH-products-680x850-fluffy-lighter-group-leaf.png","width":680,"height":850},{"@type":"BreadcrumbList","@id":"https:\/\/www.tomhemps.com\/it\/pri\/pillow-lighter-leaf\/#breadcrumb","itemListElement":[{"@type":"ListItem","position":1,"name":"Startseite","item":"https:\/\/www.tomhemps.com\/it\/"},{"@type":"ListItem","position":2,"name":"Shop","item":"https:\/\/www.tomhemps.com\/it\/shop\/"},{"@type":"ListItem","position":3,"name":"Cuscino &#8211; Accendino \/ Foglia"}]},{"@type":"WebSite","@id":"https:\/\/www.tomhemps.com\/it\/#website","url":"https:\/\/www.tomhemps.com\/it\/","name":"Your CBD Shop | Your CBD Brand | born in Berlin","description":"CBD Shop Berlin","publisher":{"@id":"https:\/\/www.tomhemps.com\/it\/#organization"},"potentialAction":[{"@type":"SearchAction","target":{"@type":"EntryPoint","urlTemplate":"https:\/\/www.tomhemps.com\/it\/?s={search_term_string}"},"query-input":"required name=search_term_string"}],"inLanguage":"it-IT"},{"@type":"Organization","@id":"https:\/\/www.tomhemps.com\/it\/#organization","name":"Tom Hemp's CBD Shop","alternateName":"Tom Hemp's Berlin","url":"https:\/\/www.tomhemps.com\/it\/","logo":{"@type":"ImageObject","inLanguage":"it-IT","@id":"https:\/\/www.tomhemps.com\/it\/#\/schema\/logo\/image\/","url":"https:\/\/www.tomhemps.com\/wp-content\/uploads\/2019\/04\/Logo-2019-e1581413011332.jpg","contentUrl":"https:\/\/www.tomhemps.com\/wp-content\/uploads\/2019\/04\/Logo-2019-e1581413011332.jpg","width":460,"height":153,"caption":"Tom Hemp's CBD Shop"},"image":{"@id":"https:\/\/www.tomhemps.com\/it\/#\/schema\/logo\/image\/"},"sameAs":["https:\/\/www.facebook.com\/tomhempsberlin\/","https:\/\/www.instagram.com\/tomhemps_cbd\/","https:\/\/www.youtube.com\/channel\/UCbGxDacLx_DRKyder_zVoNw"]}]}},"fields":{"smoking_product":false,"pi_hd":false,"pi_hm":false,"pi_dd":554954,"pi_tot":"Cosa c'\u00e8 dentro?","pi_to":"<p>Dimensione: 15 cm<\/p>\n","pi_tst":"Maggiori informazioni","pi_ts":"<p>Realizzato a mano in Spagna<\/p>\n","pi_t":150488},"_links":{"self":[{"href":"https:\/\/www.tomhemps.com\/it\/wp-json\/wp\/v2\/product\/554973"}],"collection":[{"href":"https:\/\/www.tomhemps.com\/it\/wp-json\/wp\/v2\/product"}],"about":[{"href":"https:\/\/www.tomhemps.com\/it\/wp-json\/wp\/v2\/types\/product"}],"replies":[{"embeddable":true,"href":"https:\/\/www.tomhemps.com\/it\/wp-json\/wp\/v2\/comments?post=554973"}],"wp:featuredmedia":[{"embeddable":true,"href":"https:\/\/www.tomhemps.com\/it\/wp-json\/wp\/v2\/media\/554954"}],"wp:attachment":[{"href":"https:\/\/www.tomhemps.com\/it\/wp-json\/wp\/v2\/media?parent=554973"}],"wp:term":[{"taxonomy":"product_cat","embeddable":true,"href":"https:\/\/www.tomhemps.com\/it\/wp-json\/wp\/v2\/product_cat?post=554973"},{"taxonomy":"product_tag","embeddable":true,"href":"https:\/\/www.tomhemps.com\/it\/wp-json\/wp\/v2\/product_tag?post=554973"}],"curies":[{"name":"wp","href":"https:\/\/api.w.org\/{rel}","templated":true}]}}