{"id":570882,"date":"2023-06-01T12:06:42","date_gmt":"2023-06-01T10:06:42","guid":{"rendered":"https:\/\/www.tomhemps.com\/product\/pax-mini\/"},"modified":"2024-05-07T10:01:08","modified_gmt":"2024-05-07T08:01:08","slug":"pax-mini","status":"publish","type":"product","link":"https:\/\/www.tomhemps.com\/it\/pri\/pax-mini\/","title":{"rendered":"PAX MINI"},"content":{"rendered":"","protected":false},"excerpt":{"rendered":"<p>SCOPRITE IL NUOVO PAX MINI &#8211; PAX Mini \u00e8 un vaporizzatore tascabile per erbe essiccate che offre un&#8217;esperienza aromatica completa. Pi\u00f9 di due ore di autonomia vi permettono di portare le vostre sessioni a un livello successivo, ovunque vogliate. Le novit\u00e0 al design includono un LED pi\u00f9 grande, una morbida finitura opaca e bordi arrotondati che rendono il PAX Mini pi\u00f9 facile da impugnare e da inalare.<\/p>\n","protected":false},"featured_media":570862,"comment_status":"open","ping_status":"closed","template":"","meta":{"_acf_changed":false},"product_cat":[875,856],"product_tag":[],"acf":[],"yoast_head":"<!-- This site is optimized with the Yoast SEO Premium plugin v22.8 (Yoast SEO v22.8) - https:\/\/yoast.com\/wordpress\/plugins\/seo\/ -->\n<title>PAX MINI | Tom Hemp&#039;s<\/title>\n<meta name=\"description\" content=\"Introducing PAX Mini: Pocket-sized vaporizer for smooth sessions. Portable with extended battery. Enhanced design for optimal hits.\" \/>\n<meta name=\"robots\" content=\"index, follow, max-snippet:-1, max-image-preview:large, max-video-preview:-1\" \/>\n<link rel=\"canonical\" href=\"https:\/\/www.tomhemps.com\/it\/pri\/pax-mini\/\" \/>\n<meta property=\"og:locale\" content=\"it_IT\" \/>\n<meta property=\"og:type\" content=\"article\" \/>\n<meta property=\"og:title\" content=\"PAX MINI\" \/>\n<meta property=\"og:description\" content=\"Introducing PAX Mini: Pocket-sized vaporizer for smooth sessions. Portable with extended battery. Enhanced design for optimal hits.\" \/>\n<meta property=\"og:url\" content=\"https:\/\/www.tomhemps.com\/it\/pri\/pax-mini\/\" \/>\n<meta property=\"og:site_name\" content=\"Your CBD Shop | Your CBD Brand | born in Berlin\" \/>\n<meta property=\"article:publisher\" content=\"https:\/\/www.facebook.com\/tomhempsberlin\/\" \/>\n<meta property=\"article:modified_time\" content=\"2024-05-07T08:01:08+00:00\" \/>\n<meta property=\"og:image\" content=\"https:\/\/www.tomhemps.com\/wp-content\/uploads\/2023\/06\/PAX_mini.png\" \/>\n\t<meta property=\"og:image:width\" content=\"680\" \/>\n\t<meta property=\"og:image:height\" content=\"850\" \/>\n\t<meta property=\"og:image:type\" content=\"image\/png\" \/>\n<meta name=\"twitter:card\" content=\"summary_large_image\" \/>\n<script type=\"application\/ld+json\" class=\"yoast-schema-graph\">{\"@context\":\"https:\/\/schema.org\",\"@graph\":[{\"@type\":\"WebPage\",\"@id\":\"https:\/\/www.tomhemps.com\/it\/pri\/pax-mini\/\",\"url\":\"https:\/\/www.tomhemps.com\/it\/pri\/pax-mini\/\",\"name\":\"PAX MINI | Tom Hemp's\",\"isPartOf\":{\"@id\":\"https:\/\/www.tomhemps.com\/it\/#website\"},\"primaryImageOfPage\":{\"@id\":\"https:\/\/www.tomhemps.com\/it\/pri\/pax-mini\/#primaryimage\"},\"image\":{\"@id\":\"https:\/\/www.tomhemps.com\/it\/pri\/pax-mini\/#primaryimage\"},\"thumbnailUrl\":\"https:\/\/www.tomhemps.com\/wp-content\/uploads\/2023\/06\/PAX_mini.png\",\"datePublished\":\"2023-06-01T10:06:42+00:00\",\"dateModified\":\"2024-05-07T08:01:08+00:00\",\"description\":\"Introducing PAX Mini: Pocket-sized vaporizer for smooth sessions. Portable with extended battery. Enhanced design for optimal hits.\",\"breadcrumb\":{\"@id\":\"https:\/\/www.tomhemps.com\/it\/pri\/pax-mini\/#breadcrumb\"},\"inLanguage\":\"it-IT\",\"potentialAction\":[{\"@type\":\"ReadAction\",\"target\":[\"https:\/\/www.tomhemps.com\/it\/pri\/pax-mini\/\"]}]},{\"@type\":\"ImageObject\",\"inLanguage\":\"it-IT\",\"@id\":\"https:\/\/www.tomhemps.com\/it\/pri\/pax-mini\/#primaryimage\",\"url\":\"https:\/\/www.tomhemps.com\/wp-content\/uploads\/2023\/06\/PAX_mini.png\",\"contentUrl\":\"https:\/\/www.tomhemps.com\/wp-content\/uploads\/2023\/06\/PAX_mini.png\",\"width\":680,\"height\":850},{\"@type\":\"BreadcrumbList\",\"@id\":\"https:\/\/www.tomhemps.com\/it\/pri\/pax-mini\/#breadcrumb\",\"itemListElement\":[{\"@type\":\"ListItem\",\"position\":1,\"name\":\"Startseite\",\"item\":\"https:\/\/www.tomhemps.com\/it\/\"},{\"@type\":\"ListItem\",\"position\":2,\"name\":\"Shop\",\"item\":\"https:\/\/www.tomhemps.com\/it\/shop\/\"},{\"@type\":\"ListItem\",\"position\":3,\"name\":\"PAX MINI\"}]},{\"@type\":\"WebSite\",\"@id\":\"https:\/\/www.tomhemps.com\/it\/#website\",\"url\":\"https:\/\/www.tomhemps.com\/it\/\",\"name\":\"Your CBD Shop | Your CBD Brand | born in Berlin\",\"description\":\"CBD Shop Berlin\",\"publisher\":{\"@id\":\"https:\/\/www.tomhemps.com\/it\/#organization\"},\"potentialAction\":[{\"@type\":\"SearchAction\",\"target\":{\"@type\":\"EntryPoint\",\"urlTemplate\":\"https:\/\/www.tomhemps.com\/it\/?s={search_term_string}\"},\"query-input\":\"required name=search_term_string\"}],\"inLanguage\":\"it-IT\"},{\"@type\":\"Organization\",\"@id\":\"https:\/\/www.tomhemps.com\/it\/#organization\",\"name\":\"Tom Hemp's CBD Shop\",\"alternateName\":\"Tom Hemp's Berlin\",\"url\":\"https:\/\/www.tomhemps.com\/it\/\",\"logo\":{\"@type\":\"ImageObject\",\"inLanguage\":\"it-IT\",\"@id\":\"https:\/\/www.tomhemps.com\/it\/#\/schema\/logo\/image\/\",\"url\":\"https:\/\/www.tomhemps.com\/wp-content\/uploads\/2019\/04\/Logo-2019-e1581413011332.jpg\",\"contentUrl\":\"https:\/\/www.tomhemps.com\/wp-content\/uploads\/2019\/04\/Logo-2019-e1581413011332.jpg\",\"width\":460,\"height\":153,\"caption\":\"Tom Hemp's CBD Shop\"},\"image\":{\"@id\":\"https:\/\/www.tomhemps.com\/it\/#\/schema\/logo\/image\/\"},\"sameAs\":[\"https:\/\/www.facebook.com\/tomhempsberlin\/\",\"https:\/\/www.instagram.com\/tomhemps_cbd\/\",\"https:\/\/www.youtube.com\/channel\/UCbGxDacLx_DRKyder_zVoNw\"]}]}<\/script>\n<!-- \/ Yoast SEO Premium plugin. -->","yoast_head_json":{"title":"PAX MINI | Tom Hemp's","description":"Introducing PAX Mini: Pocket-sized vaporizer for smooth sessions. Portable with extended battery. Enhanced design for optimal hits.","robots":{"index":"index","follow":"follow","max-snippet":"max-snippet:-1","max-image-preview":"max-image-preview:large","max-video-preview":"max-video-preview:-1"},"canonical":"https:\/\/www.tomhemps.com\/it\/pri\/pax-mini\/","og_locale":"it_IT","og_type":"article","og_title":"PAX MINI","og_description":"Introducing PAX Mini: Pocket-sized vaporizer for smooth sessions. Portable with extended battery. Enhanced design for optimal hits.","og_url":"https:\/\/www.tomhemps.com\/it\/pri\/pax-mini\/","og_site_name":"Your CBD Shop | Your CBD Brand | born in Berlin","article_publisher":"https:\/\/www.facebook.com\/tomhempsberlin\/","article_modified_time":"2024-05-07T08:01:08+00:00","og_image":[{"width":680,"height":850,"url":"https:\/\/www.tomhemps.com\/wp-content\/uploads\/2023\/06\/PAX_mini.png","type":"image\/png"}],"twitter_card":"summary_large_image","schema":{"@context":"https:\/\/schema.org","@graph":[{"@type":"WebPage","@id":"https:\/\/www.tomhemps.com\/it\/pri\/pax-mini\/","url":"https:\/\/www.tomhemps.com\/it\/pri\/pax-mini\/","name":"PAX MINI | Tom Hemp's","isPartOf":{"@id":"https:\/\/www.tomhemps.com\/it\/#website"},"primaryImageOfPage":{"@id":"https:\/\/www.tomhemps.com\/it\/pri\/pax-mini\/#primaryimage"},"image":{"@id":"https:\/\/www.tomhemps.com\/it\/pri\/pax-mini\/#primaryimage"},"thumbnailUrl":"https:\/\/www.tomhemps.com\/wp-content\/uploads\/2023\/06\/PAX_mini.png","datePublished":"2023-06-01T10:06:42+00:00","dateModified":"2024-05-07T08:01:08+00:00","description":"Introducing PAX Mini: Pocket-sized vaporizer for smooth sessions. Portable with extended battery. Enhanced design for optimal hits.","breadcrumb":{"@id":"https:\/\/www.tomhemps.com\/it\/pri\/pax-mini\/#breadcrumb"},"inLanguage":"it-IT","potentialAction":[{"@type":"ReadAction","target":["https:\/\/www.tomhemps.com\/it\/pri\/pax-mini\/"]}]},{"@type":"ImageObject","inLanguage":"it-IT","@id":"https:\/\/www.tomhemps.com\/it\/pri\/pax-mini\/#primaryimage","url":"https:\/\/www.tomhemps.com\/wp-content\/uploads\/2023\/06\/PAX_mini.png","contentUrl":"https:\/\/www.tomhemps.com\/wp-content\/uploads\/2023\/06\/PAX_mini.png","width":680,"height":850},{"@type":"BreadcrumbList","@id":"https:\/\/www.tomhemps.com\/it\/pri\/pax-mini\/#breadcrumb","itemListElement":[{"@type":"ListItem","position":1,"name":"Startseite","item":"https:\/\/www.tomhemps.com\/it\/"},{"@type":"ListItem","position":2,"name":"Shop","item":"https:\/\/www.tomhemps.com\/it\/shop\/"},{"@type":"ListItem","position":3,"name":"PAX MINI"}]},{"@type":"WebSite","@id":"https:\/\/www.tomhemps.com\/it\/#website","url":"https:\/\/www.tomhemps.com\/it\/","name":"Your CBD Shop | Your CBD Brand | born in Berlin","description":"CBD Shop Berlin","publisher":{"@id":"https:\/\/www.tomhemps.com\/it\/#organization"},"potentialAction":[{"@type":"SearchAction","target":{"@type":"EntryPoint","urlTemplate":"https:\/\/www.tomhemps.com\/it\/?s={search_term_string}"},"query-input":"required name=search_term_string"}],"inLanguage":"it-IT"},{"@type":"Organization","@id":"https:\/\/www.tomhemps.com\/it\/#organization","name":"Tom Hemp's CBD Shop","alternateName":"Tom Hemp's Berlin","url":"https:\/\/www.tomhemps.com\/it\/","logo":{"@type":"ImageObject","inLanguage":"it-IT","@id":"https:\/\/www.tomhemps.com\/it\/#\/schema\/logo\/image\/","url":"https:\/\/www.tomhemps.com\/wp-content\/uploads\/2019\/04\/Logo-2019-e1581413011332.jpg","contentUrl":"https:\/\/www.tomhemps.com\/wp-content\/uploads\/2019\/04\/Logo-2019-e1581413011332.jpg","width":460,"height":153,"caption":"Tom Hemp's CBD Shop"},"image":{"@id":"https:\/\/www.tomhemps.com\/it\/#\/schema\/logo\/image\/"},"sameAs":["https:\/\/www.facebook.com\/tomhempsberlin\/","https:\/\/www.instagram.com\/tomhemps_cbd\/","https:\/\/www.youtube.com\/channel\/UCbGxDacLx_DRKyder_zVoNw"]}]}},"fields":{"smoking_product":true,"pi_hd":false,"pi_dd":false,"pi_tot":"Cosa c'\u00e8 dentro?","pi_to":"<p><strong>Schermo 3D<\/strong> &#8211; per una facile pulizia e rimozione (NOVITA\u2019)<br \/>\n<strong>Coperchio standard del fornello<\/strong> &#8211; per una capacit\u00e0 completa (.25g)<br \/>\n<strong>Bocchino piatto<\/strong> &#8211; per una maggiore discrezione<br \/>\n<strong>Bocchino rialzato<\/strong> &#8211; per il massimo comfort<br \/>\n<strong>Caricabatterie<\/strong> &#8211; per una facile ricarica con attacco magnetico<br \/>\n<strong>Spazzola metallica<\/strong> &#8211; per la pulizia del dispositivo<\/p>\n","pi_tst":"Maggiori informazioni","pi_ts":"<p><strong>Utilizzare con:<\/strong> Erbe<br \/>\n<strong>Capacit\u00e0:<\/strong> 0,25 g<br \/>\n<strong>Tempo di riscaldamento:<\/strong> 22 secondi<br \/>\n<strong>Durata:<\/strong> fino a 2,5 ore (8 &#8211; 10 sessioni)<br \/>\n<strong>Garanzia limitata:<\/strong> 2 anni<\/p>\n","pi_t":163527,"pi_hm":573300},"_links":{"self":[{"href":"https:\/\/www.tomhemps.com\/it\/wp-json\/wp\/v2\/product\/570882"}],"collection":[{"href":"https:\/\/www.tomhemps.com\/it\/wp-json\/wp\/v2\/product"}],"about":[{"href":"https:\/\/www.tomhemps.com\/it\/wp-json\/wp\/v2\/types\/product"}],"replies":[{"embeddable":true,"href":"https:\/\/www.tomhemps.com\/it\/wp-json\/wp\/v2\/comments?post=570882"}],"wp:featuredmedia":[{"embeddable":true,"href":"https:\/\/www.tomhemps.com\/it\/wp-json\/wp\/v2\/media\/570862"}],"wp:attachment":[{"href":"https:\/\/www.tomhemps.com\/it\/wp-json\/wp\/v2\/media?parent=570882"}],"wp:term":[{"taxonomy":"product_cat","embeddable":true,"href":"https:\/\/www.tomhemps.com\/it\/wp-json\/wp\/v2\/product_cat?post=570882"},{"taxonomy":"product_tag","embeddable":true,"href":"https:\/\/www.tomhemps.com\/it\/wp-json\/wp\/v2\/product_tag?post=570882"}],"curies":[{"name":"wp","href":"https:\/\/api.w.org\/{rel}","templated":true}]}}