{"id":629515,"date":"2025-02-06T17:57:16","date_gmt":"2025-02-06T16:57:17","guid":{"rendered":"https:\/\/www.tomhemps.com\/?post_type=product&#038;p=629515"},"modified":"2025-02-06T18:34:28","modified_gmt":"2025-02-06T17:34:28","slug":"cbd-wax-cartuccia-kopie","status":"publish","type":"product","link":"https:\/\/www.tomhemps.com\/it\/pri\/cbd-wax-cartuccia-kopie\/","title":{"rendered":"CBD Wax Cartuccia Purpleberry"},"content":{"rendered":"","protected":false},"excerpt":{"rendered":"<p><strong>Il Cartuccia di Cera di CBD Naturale di Tom Hemp&#8217;s<\/strong> \u00e8 la scelta modesta ma impressionante per chi apprezza la qualit\u00e0. Realizzata con canapa industriale europea di alta qualit\u00e0, la nostra cartuccia in vetro contiene <strong>70% di CBD puro<\/strong> e utilizza la <strong>tecnologia avanzata di riscaldamento ceramico CCELL<\/strong>. Questa tecnologia garantisce la conservazione dell\u2019intero spettro di <strong>cannabinoidi e terpeni<\/strong>, offrendo un&#8217;esperienza di svapo fluida. Crediamo che la qualit\u00e0 risieda nella semplicit\u00e0, proprio come la <strong>Cartuccia di Cera di CBD<\/strong>, che offre un piacere sottile senza compromessi. A volte sono i piccoli dettagli a fare la differenza&#8230; <strong>Perfettamente compatibile con la CBD Wax Vape Pen<\/strong>. Disponibile anche nei gusti <strong>Purpleberry<\/strong> e <strong>Alien Haze<\/strong>.<\/p>\n","protected":false},"featured_media":461114,"comment_status":"open","ping_status":"closed","template":"","meta":{"_acf_changed":false},"product_cat":[2540,5006,854],"product_tag":[],"acf":[],"yoast_head":"<!-- This site is optimized with the Yoast SEO Premium plugin v22.8 (Yoast SEO v22.8) - https:\/\/yoast.com\/wordpress\/plugins\/seo\/ -->\n<title>CBD Wax CartucciaCBD Wax Cartuccia Purpleberry<\/title>\n<meta name=\"description\" content=\"CBD Wax Cartuccia Purpleberry sono un metodo popolare per consumare il cannabidiolo (CBD) grazie alla loro potenza e alla rapida insorgenza degli effetti.\" \/>\n<meta name=\"robots\" content=\"index, follow, max-snippet:-1, max-image-preview:large, max-video-preview:-1\" \/>\n<link rel=\"canonical\" href=\"https:\/\/www.tomhemps.com\/it\/pri\/cbd-wax-cartuccia-kopie\/\" \/>\n<meta property=\"og:locale\" content=\"it_IT\" \/>\n<meta property=\"og:type\" content=\"article\" \/>\n<meta property=\"og:title\" content=\"CBD Wax Cartuccia Purpleberry\" \/>\n<meta property=\"og:description\" content=\"CBD Wax Cartuccia Purpleberry sono un metodo popolare per consumare il cannabidiolo (CBD) grazie alla loro potenza e alla rapida insorgenza degli effetti.\" \/>\n<meta property=\"og:url\" content=\"https:\/\/www.tomhemps.com\/it\/pri\/cbd-wax-cartuccia-kopie\/\" \/>\n<meta property=\"og:site_name\" content=\"Your CBD Shop | Your CBD Brand | born in Berlin\" \/>\n<meta property=\"article:publisher\" content=\"https:\/\/www.facebook.com\/tomhempsberlin\/\" \/>\n<meta property=\"article:modified_time\" content=\"2025-02-06T17:34:28+00:00\" \/>\n<meta property=\"og:image\" content=\"https:\/\/www.tomhemps.com\/wp-content\/uploads\/2021\/08\/Tom_Hemps_product_wax_cartridge_purple_berry_small_box_product-1.png\" \/>\n\t<meta property=\"og:image:width\" content=\"1780\" \/>\n\t<meta property=\"og:image:height\" content=\"1600\" \/>\n\t<meta property=\"og:image:type\" content=\"image\/png\" \/>\n<meta name=\"twitter:card\" content=\"summary_large_image\" \/>\n<meta name=\"twitter:label1\" content=\"Tempo di lettura stimato\" \/>\n\t<meta name=\"twitter:data1\" content=\"2 minuti\" \/>\n<script type=\"application\/ld+json\" class=\"yoast-schema-graph\">{\"@context\":\"https:\/\/schema.org\",\"@graph\":[{\"@type\":\"WebPage\",\"@id\":\"https:\/\/www.tomhemps.com\/it\/pri\/cbd-wax-cartuccia-kopie\/\",\"url\":\"https:\/\/www.tomhemps.com\/it\/pri\/cbd-wax-cartuccia-kopie\/\",\"name\":\"CBD Wax CartucciaCBD Wax Cartuccia Purpleberry\",\"isPartOf\":{\"@id\":\"https:\/\/www.tomhemps.com\/it\/#website\"},\"primaryImageOfPage\":{\"@id\":\"https:\/\/www.tomhemps.com\/it\/pri\/cbd-wax-cartuccia-kopie\/#primaryimage\"},\"image\":{\"@id\":\"https:\/\/www.tomhemps.com\/it\/pri\/cbd-wax-cartuccia-kopie\/#primaryimage\"},\"thumbnailUrl\":\"https:\/\/www.tomhemps.com\/wp-content\/uploads\/2021\/08\/Tom_Hemps_product_wax_cartridge_purple_berry_small_box_product-1.png\",\"datePublished\":\"2025-02-06T16:57:17+00:00\",\"dateModified\":\"2025-02-06T17:34:28+00:00\",\"description\":\"CBD Wax Cartuccia Purpleberry sono un metodo popolare per consumare il cannabidiolo (CBD) grazie alla loro potenza e alla rapida insorgenza degli effetti.\",\"breadcrumb\":{\"@id\":\"https:\/\/www.tomhemps.com\/it\/pri\/cbd-wax-cartuccia-kopie\/#breadcrumb\"},\"inLanguage\":\"it-IT\",\"potentialAction\":[{\"@type\":\"ReadAction\",\"target\":[\"https:\/\/www.tomhemps.com\/it\/pri\/cbd-wax-cartuccia-kopie\/\"]}]},{\"@type\":\"ImageObject\",\"inLanguage\":\"it-IT\",\"@id\":\"https:\/\/www.tomhemps.com\/it\/pri\/cbd-wax-cartuccia-kopie\/#primaryimage\",\"url\":\"https:\/\/www.tomhemps.com\/wp-content\/uploads\/2021\/08\/Tom_Hemps_product_wax_cartridge_purple_berry_small_box_product-1.png\",\"contentUrl\":\"https:\/\/www.tomhemps.com\/wp-content\/uploads\/2021\/08\/Tom_Hemps_product_wax_cartridge_purple_berry_small_box_product-1.png\",\"width\":1780,\"height\":1600},{\"@type\":\"BreadcrumbList\",\"@id\":\"https:\/\/www.tomhemps.com\/it\/pri\/cbd-wax-cartuccia-kopie\/#breadcrumb\",\"itemListElement\":[{\"@type\":\"ListItem\",\"position\":1,\"name\":\"Startseite\",\"item\":\"https:\/\/www.tomhemps.com\/it\/\"},{\"@type\":\"ListItem\",\"position\":2,\"name\":\"Shop\",\"item\":\"https:\/\/www.tomhemps.com\/it\/shop\/\"},{\"@type\":\"ListItem\",\"position\":3,\"name\":\"CBD Wax Cartuccia Purpleberry\"}]},{\"@type\":\"WebSite\",\"@id\":\"https:\/\/www.tomhemps.com\/it\/#website\",\"url\":\"https:\/\/www.tomhemps.com\/it\/\",\"name\":\"Your CBD Shop | Your CBD Brand | born in Berlin\",\"description\":\"CBD Shop Berlin\",\"publisher\":{\"@id\":\"https:\/\/www.tomhemps.com\/it\/#organization\"},\"potentialAction\":[{\"@type\":\"SearchAction\",\"target\":{\"@type\":\"EntryPoint\",\"urlTemplate\":\"https:\/\/www.tomhemps.com\/it\/?s={search_term_string}\"},\"query-input\":\"required name=search_term_string\"}],\"inLanguage\":\"it-IT\"},{\"@type\":\"Organization\",\"@id\":\"https:\/\/www.tomhemps.com\/it\/#organization\",\"name\":\"Tom Hemp's CBD Shop\",\"alternateName\":\"Tom Hemp's Berlin\",\"url\":\"https:\/\/www.tomhemps.com\/it\/\",\"logo\":{\"@type\":\"ImageObject\",\"inLanguage\":\"it-IT\",\"@id\":\"https:\/\/www.tomhemps.com\/it\/#\/schema\/logo\/image\/\",\"url\":\"https:\/\/www.tomhemps.com\/wp-content\/uploads\/2019\/04\/Logo-2019-e1581413011332.jpg\",\"contentUrl\":\"https:\/\/www.tomhemps.com\/wp-content\/uploads\/2019\/04\/Logo-2019-e1581413011332.jpg\",\"width\":460,\"height\":153,\"caption\":\"Tom Hemp's CBD Shop\"},\"image\":{\"@id\":\"https:\/\/www.tomhemps.com\/it\/#\/schema\/logo\/image\/\"},\"sameAs\":[\"https:\/\/www.facebook.com\/tomhempsberlin\/\",\"https:\/\/www.instagram.com\/tomhemps_cbd\/\",\"https:\/\/www.youtube.com\/channel\/UCbGxDacLx_DRKyder_zVoNw\"]}]}<\/script>\n<!-- \/ Yoast SEO Premium plugin. -->","yoast_head_json":{"title":"CBD Wax CartucciaCBD Wax Cartuccia Purpleberry","description":"CBD Wax Cartuccia Purpleberry sono un metodo popolare per consumare il cannabidiolo (CBD) grazie alla loro potenza e alla rapida insorgenza degli effetti.","robots":{"index":"index","follow":"follow","max-snippet":"max-snippet:-1","max-image-preview":"max-image-preview:large","max-video-preview":"max-video-preview:-1"},"canonical":"https:\/\/www.tomhemps.com\/it\/pri\/cbd-wax-cartuccia-kopie\/","og_locale":"it_IT","og_type":"article","og_title":"CBD Wax Cartuccia Purpleberry","og_description":"CBD Wax Cartuccia Purpleberry sono un metodo popolare per consumare il cannabidiolo (CBD) grazie alla loro potenza e alla rapida insorgenza degli effetti.","og_url":"https:\/\/www.tomhemps.com\/it\/pri\/cbd-wax-cartuccia-kopie\/","og_site_name":"Your CBD Shop | Your CBD Brand | born in Berlin","article_publisher":"https:\/\/www.facebook.com\/tomhempsberlin\/","article_modified_time":"2025-02-06T17:34:28+00:00","og_image":[{"width":1780,"height":1600,"url":"https:\/\/www.tomhemps.com\/wp-content\/uploads\/2021\/08\/Tom_Hemps_product_wax_cartridge_purple_berry_small_box_product-1.png","type":"image\/png"}],"twitter_card":"summary_large_image","twitter_misc":{"Tempo di lettura stimato":"2 minuti"},"schema":{"@context":"https:\/\/schema.org","@graph":[{"@type":"WebPage","@id":"https:\/\/www.tomhemps.com\/it\/pri\/cbd-wax-cartuccia-kopie\/","url":"https:\/\/www.tomhemps.com\/it\/pri\/cbd-wax-cartuccia-kopie\/","name":"CBD Wax CartucciaCBD Wax Cartuccia Purpleberry","isPartOf":{"@id":"https:\/\/www.tomhemps.com\/it\/#website"},"primaryImageOfPage":{"@id":"https:\/\/www.tomhemps.com\/it\/pri\/cbd-wax-cartuccia-kopie\/#primaryimage"},"image":{"@id":"https:\/\/www.tomhemps.com\/it\/pri\/cbd-wax-cartuccia-kopie\/#primaryimage"},"thumbnailUrl":"https:\/\/www.tomhemps.com\/wp-content\/uploads\/2021\/08\/Tom_Hemps_product_wax_cartridge_purple_berry_small_box_product-1.png","datePublished":"2025-02-06T16:57:17+00:00","dateModified":"2025-02-06T17:34:28+00:00","description":"CBD Wax Cartuccia Purpleberry sono un metodo popolare per consumare il cannabidiolo (CBD) grazie alla loro potenza e alla rapida insorgenza degli effetti.","breadcrumb":{"@id":"https:\/\/www.tomhemps.com\/it\/pri\/cbd-wax-cartuccia-kopie\/#breadcrumb"},"inLanguage":"it-IT","potentialAction":[{"@type":"ReadAction","target":["https:\/\/www.tomhemps.com\/it\/pri\/cbd-wax-cartuccia-kopie\/"]}]},{"@type":"ImageObject","inLanguage":"it-IT","@id":"https:\/\/www.tomhemps.com\/it\/pri\/cbd-wax-cartuccia-kopie\/#primaryimage","url":"https:\/\/www.tomhemps.com\/wp-content\/uploads\/2021\/08\/Tom_Hemps_product_wax_cartridge_purple_berry_small_box_product-1.png","contentUrl":"https:\/\/www.tomhemps.com\/wp-content\/uploads\/2021\/08\/Tom_Hemps_product_wax_cartridge_purple_berry_small_box_product-1.png","width":1780,"height":1600},{"@type":"BreadcrumbList","@id":"https:\/\/www.tomhemps.com\/it\/pri\/cbd-wax-cartuccia-kopie\/#breadcrumb","itemListElement":[{"@type":"ListItem","position":1,"name":"Startseite","item":"https:\/\/www.tomhemps.com\/it\/"},{"@type":"ListItem","position":2,"name":"Shop","item":"https:\/\/www.tomhemps.com\/it\/shop\/"},{"@type":"ListItem","position":3,"name":"CBD Wax Cartuccia Purpleberry"}]},{"@type":"WebSite","@id":"https:\/\/www.tomhemps.com\/it\/#website","url":"https:\/\/www.tomhemps.com\/it\/","name":"Your CBD Shop | Your CBD Brand | born in Berlin","description":"CBD Shop Berlin","publisher":{"@id":"https:\/\/www.tomhemps.com\/it\/#organization"},"potentialAction":[{"@type":"SearchAction","target":{"@type":"EntryPoint","urlTemplate":"https:\/\/www.tomhemps.com\/it\/?s={search_term_string}"},"query-input":"required name=search_term_string"}],"inLanguage":"it-IT"},{"@type":"Organization","@id":"https:\/\/www.tomhemps.com\/it\/#organization","name":"Tom Hemp's CBD Shop","alternateName":"Tom Hemp's Berlin","url":"https:\/\/www.tomhemps.com\/it\/","logo":{"@type":"ImageObject","inLanguage":"it-IT","@id":"https:\/\/www.tomhemps.com\/it\/#\/schema\/logo\/image\/","url":"https:\/\/www.tomhemps.com\/wp-content\/uploads\/2019\/04\/Logo-2019-e1581413011332.jpg","contentUrl":"https:\/\/www.tomhemps.com\/wp-content\/uploads\/2019\/04\/Logo-2019-e1581413011332.jpg","width":460,"height":153,"caption":"Tom Hemp's CBD Shop"},"image":{"@id":"https:\/\/www.tomhemps.com\/it\/#\/schema\/logo\/image\/"},"sameAs":["https:\/\/www.facebook.com\/tomhempsberlin\/","https:\/\/www.instagram.com\/tomhemps_cbd\/","https:\/\/www.youtube.com\/channel\/UCbGxDacLx_DRKyder_zVoNw"]}]}},"fields":{"pi_tot":"Cosa c'\u00e8 dentro?","pi_to":"<p><strong>Istruzioni per l\u2019uso:<\/strong><\/p>\n<ul>\n<li>Avvitare la <strong>cartuccia di cera di CBD Purpleberry<\/strong> con il <strong>filetto 510<\/strong> sul dispositivo di vaporizzazione (preferibilmente con la <strong>Vape Pen di Tom Hemp\u2019s<\/strong>).<\/li>\n<li>Stringere la cartuccia con attenzione fino a quando non \u00e8 ben fissata.<\/li>\n<li>Inspirare per <strong>3-5 secondi<\/strong>.<\/li>\n<\/ul>\n<p><strong>Conservazione e sicurezza:<\/strong><\/p>\n<ul>\n<li><strong>Monouso.<\/strong><\/li>\n<li>Conservare <strong>in posizione verticale<\/strong>, in un <strong>luogo asciutto<\/strong> e a <strong>temperatura ambiente<\/strong>.<\/li>\n<li>Tenere <strong>fuori dalla portata dei bambini<\/strong>.<\/li>\n<\/ul>\n<h3><strong>Cosa sono le Cartucce di Cera di CBD?<\/strong><\/h3>\n<p>Le <strong>Cartucce di Cera di CBD Purpleberry<\/strong> sono contenitori pre-riempiti con <strong>cera di CBD altamente concentrata<\/strong>, sviluppati appositamente per l\u2019uso con <strong>penne da svapo<\/strong>. Consentono un\u2019assorbimento <strong>rapido ed efficace<\/strong> del <strong>cannabidiolo (CBD)<\/strong> tramite inalazione.<\/p>\n<p><strong>Caratteristiche principali:<\/strong><\/p>\n<ul>\n<li><strong>Alta concentrazione di CBD<\/strong>: generalmente tra <strong>66% e 95%<\/strong>, per un effetto potente.<\/li>\n<li><strong>Vari gusti disponibili<\/strong>: <strong>Natural, Purpleberry e Alien Haze<\/strong>.<\/li>\n<li><strong>Compatibilit\u00e0<\/strong>: adatta a <strong>sigarette elettroniche con filetto 510<\/strong>.<\/li>\n<li><strong>Terpeni naturali<\/strong>: utilizzo di <strong>terpeni 100% naturali<\/strong> per un sapore autentico.<\/li>\n<\/ul>\n","pi_tst":"Caratteristiche","pi_ts":"<p><strong>Propriet\u00e0 della Cartuccia di Cera di CBD Purpleberry:<\/strong><\/p>\n<ul>\n<li><strong>Ingredienti<\/strong>: estratto di canapa, terpeni naturali.<\/li>\n<li><strong>Contenuto di cannabinoidi<\/strong>: 850 mg.<\/li>\n<li><strong>CBD<\/strong>: 70%.<\/li>\n<li><strong>CBG<\/strong>: 15%.<\/li>\n<li><strong>CBDV<\/strong>: 0,2\u20130,5%.<\/li>\n<li><strong>THC<\/strong>: &lt;0,2%.<\/li>\n<li><strong>Aroma<\/strong>: fruttato, prugna, tropicale, dolce.<\/li>\n<\/ul>\n<p><strong>Dettagli del prodotto:<\/strong><\/p>\n<ul>\n<li><strong>Design<\/strong>: bobina in ceramica di alta qualit\u00e0 con cartuccia in vetro.<\/li>\n<li><strong>Capacit\u00e0<\/strong>: 1 ml.<\/li>\n<li><strong>Filetto<\/strong>: 510.<\/li>\n<\/ul>\n<p><strong>Contenuto della confezione:<\/strong><\/p>\n<ul>\n<li><strong>1x cartuccia di cera di CBD Purpleberry pre-riempita<\/strong><\/li>\n<li><strong>Cartuccia in vetro e ceramica da 1 ml<\/strong><\/li>\n<li><strong>Filetto 510<\/strong><\/li>\n<\/ul>\n","pi_hd":false,"pi_hm":false,"smoking_product":true,"pi_dd":false,"pi_t":153838},"_links":{"self":[{"href":"https:\/\/www.tomhemps.com\/it\/wp-json\/wp\/v2\/product\/629515"}],"collection":[{"href":"https:\/\/www.tomhemps.com\/it\/wp-json\/wp\/v2\/product"}],"about":[{"href":"https:\/\/www.tomhemps.com\/it\/wp-json\/wp\/v2\/types\/product"}],"replies":[{"embeddable":true,"href":"https:\/\/www.tomhemps.com\/it\/wp-json\/wp\/v2\/comments?post=629515"}],"wp:featuredmedia":[{"embeddable":true,"href":"https:\/\/www.tomhemps.com\/it\/wp-json\/wp\/v2\/media\/461114"}],"wp:attachment":[{"href":"https:\/\/www.tomhemps.com\/it\/wp-json\/wp\/v2\/media?parent=629515"}],"wp:term":[{"taxonomy":"product_cat","embeddable":true,"href":"https:\/\/www.tomhemps.com\/it\/wp-json\/wp\/v2\/product_cat?post=629515"},{"taxonomy":"product_tag","embeddable":true,"href":"https:\/\/www.tomhemps.com\/it\/wp-json\/wp\/v2\/product_tag?post=629515"}],"curies":[{"name":"wp","href":"https:\/\/api.w.org\/{rel}","templated":true}]}}