{"id":165602,"date":"2018-02-25T18:15:44","date_gmt":"2018-02-25T18:15:44","guid":{"rendered":"https:\/\/www.tomhemps.com\/widerrufsbelehrung\/"},"modified":"2023-04-11T14:54:47","modified_gmt":"2023-04-11T12:54:47","slug":"politica-de-cancelamento","status":"publish","type":"page","link":"https:\/\/www.tomhemps.com\/pt-pt\/politica-de-cancelamento\/","title":{"rendered":"Pol\u00edtica de cancelamento"},"content":{"rendered":"<h3>Pol\u00edtica de cancelamento<\/h3>\n<p>Os consumidores t\u00eam um direito de rescis\u00e3o de catorze dias.<\/p>\n<p><strong>Direito de rescis\u00e3o<\/strong><\/p>\n<p>Tem o direito de rescindir este contrato no prazo de catorze dias sem dar qualquer motivo. O prazo de rescis\u00e3o \u00e9 de catorze dias a partir do dia em que o cliente ou um terceiro por si indicado, que n\u00e3o seja o transportador, tomou posse da mercadoria.<\/p>\n<p>Para exercer o seu direito de rescis\u00e3o, deve informar-nos (Cristian Accardo Einzelunternehmen, Wrangelstra\u00dfe 57 , 10997 Berlin, Alemanha, office@tomhemps.com, telefone: 030220135880) atrav\u00e9s de uma declara\u00e7\u00e3o clara (por exemplo, uma carta enviada pelo correio ou um e-mail) da sua decis\u00e3o de rescis\u00e3o do presente contrato. Pode utilizar o modelo de formul\u00e1rio de rescis\u00e3o em anexo para este fim, o qual, no entanto, n\u00e3o \u00e9 obrigat\u00f3rio.<\/p>\n<p>A fim de respeitar o prazo de rescis\u00e3o, basta que envie a notifica\u00e7\u00e3o do exerc\u00edcio do direito de rescis\u00e3o antes do termo do prazo de rescis\u00e3o.<\/p>\n<p><strong>Consequ\u00eancias do cancelamento<\/strong><\/p>\n<p>Se o cliente rescindir este contrato, devemos reembolsar todos os pagamentos que recebemos do cliente, incluindo os custos de entrega (com excep\u00e7\u00e3o dos custos adicionais resultantes do facto de o cliente ter escolhido um tipo de entrega diferente da entrega padr\u00e3o mais barata por n\u00f3s oferecida), sem demora e o mais tardar no prazo de catorze dias a contar da data em que recebemos a notifica\u00e7\u00e3o da rescis\u00e3o do presente contrato. Para este reembolso, utilizaremos os mesmos meios de pagamento que utilizou para a transac\u00e7\u00e3o original, salvo acordo expresso em contr\u00e1rio com o cliente; em caso algum lhe ser\u00e1 cobrado este reembolso. Poderemos recusar o reembolso at\u00e9 termos recebido os bens de volta ou at\u00e9 o cliente apresentar prova de que devolveu os bens, o que ocorrer primeiro.<\/p>\n<p>O cliente deve devolver ou entregar os bens a n\u00f3s ou \u00e0 Tom Hemp&#8217;s GmbH (Revalerstra\u00dfe 99 Haus 28, 10245 Berlin, Alemanha ) sem atraso indevido e, em qualquer caso, o mais tardar catorze dias a partir do dia em que nos notificar da rescis\u00e3o do presente contrato. O prazo \u00e9 cumprido se enviar a mercadoria antes do fim do per\u00edodo de catorze dias. Os custos de devolu\u00e7\u00e3o dos bens ser\u00e3o suportados por n\u00f3s. O cliente s\u00f3 ter\u00e1 de pagar por qualquer perda de valor da mercadoria se essa perda de valor se dever \u00e0 manipula\u00e7\u00e3o da mercadoria que n\u00e3o seja necess\u00e1ria para verificar o estado, propriedades e funcionamento da mercadoria.<\/p>\n<p>O direito de rescis\u00e3o n\u00e3o se aplica aos seguintes contratos:<\/p>\n<ul>\n<li>Contratos para a entrega de bens selados que n\u00e3o sejam adequados para devolu\u00e7\u00e3o por raz\u00f5es de prote\u00e7\u00e3o sanit\u00e1ria ou higiene, se o seu selo tiver sido removido ap\u00f3s a entrega.<\/li>\n<\/ul>\n<div style=\"border: 1px solid black; padding: 10px;\">\n<p><strong>Exemplo de formul\u00e1rio de cancelamento<\/strong><\/p>\n<p>(Se desejar cancelar o contrato, queira preencher e devolver este formul\u00e1rio).<\/p>\n<p>&#8211; A Cristian Accardo Einzelunternehmen, Wrangelstra\u00dfe 57 , 10997 Berlin, Alemanha, office@tomhemps.com<\/p>\n<p>&#8211; Eu\/N\u00f3s (*) revogo o contrato por mim\/n\u00f3s (*) para a compra dos seguintes bens (*)\/a presta\u00e7\u00e3o do seguinte servi\u00e7o (*)<\/p>\n<p>&#8211; Encomendado em (*)\/recebido em (*)<\/p>\n<p>&#8211; Nome do(s) consumidor(es)<\/p>\n<p>&#8211; Endere\u00e7o do(s) consumidor(es)<\/p>\n<p>&#8211; Assinatura do(s) consumidor(es) (apenas em caso de comunica\u00e7\u00e3o em papel)<\/p>\n<p>&#8211; Data(s)<\/p>\n<p>(*) Eliminar onde n\u00e3o for aplic\u00e1vel<\/p>\n<\/div>\n<p>&nbsp;<\/p>\n<p><strong>Etiquetas de devolu\u00e7\u00e3o<\/strong><\/p>\n<p>Sem preju\u00edzo dos seus direitos estatut\u00e1rios, fornecer-lhe-emos etiquetas de devolu\u00e7\u00e3o gratuitas para a sua devolu\u00e7\u00e3o. Enviar-lhe-emos a etiqueta de devolu\u00e7\u00e3o por correio eletr\u00f3nico. Poder\u00e1 entregar a devolu\u00e7\u00e3o numa loja de encomendas do respetivo fornecedor na Alemanha.<\/p>\n<p>Pol\u00edtica de cancelamento criada com o editor de textos legais de Trusted Shops em coopera\u00e7\u00e3o com a F\u00d6HLISCH Rechtsanw\u00e4lte.<\/p>\n<p><a href=\"https:\/\/legal.trustedshops.com\/produkte\/rechtstexter\">Widerrufsbelehrung<\/a> erstellt mit dem <a href=\"https:\/\/legal.trustedshops.com\/\">Trusted Shops<\/a> Rechtstexter in Kooperation mit <a href=\"https:\/\/foehlisch.com\/\">F\u00d6HLISCH Rechtsanw\u00e4lte<\/a>.<\/p>\n","protected":false},"excerpt":{"rendered":"","protected":false},"author":6649,"featured_media":0,"parent":0,"menu_order":0,"comment_status":"closed","ping_status":"closed","template":"page-templates\/terms.php","meta":{"_acf_changed":false,"footnotes":""},"acf":[],"yoast_head":"<!-- This site is optimized with the Yoast SEO Premium plugin v22.8 (Yoast SEO v22.8) - https:\/\/yoast.com\/wordpress\/plugins\/seo\/ -->\n<title>Pol\u00edtica de cancelamento | Tom Hemp&#039;s<\/title>\n<meta name=\"description\" content=\"Your CBD Shop | Your CBD Brand | born in Berlin - Pol\u00edtica de cancelamento\" \/>\n<meta name=\"robots\" content=\"noindex, nofollow\" \/>\n<meta property=\"og:locale\" content=\"pt_PT\" \/>\n<meta property=\"og:type\" content=\"article\" \/>\n<meta property=\"og:title\" content=\"Pol\u00edtica de cancelamento\" \/>\n<meta property=\"og:description\" content=\"Your CBD Shop | Your CBD Brand | born in Berlin - Pol\u00edtica de cancelamento\" \/>\n<meta property=\"og:url\" content=\"https:\/\/www.tomhemps.com\/pt-pt\/politica-de-cancelamento\/\" \/>\n<meta property=\"og:site_name\" content=\"Your CBD Shop | Your CBD Brand | born in Berlin\" \/>\n<meta property=\"article:publisher\" content=\"https:\/\/www.facebook.com\/tomhempsberlin\/\" \/>\n<meta property=\"article:modified_time\" content=\"2023-04-11T12:54:47+00:00\" \/>\n<meta property=\"og:image\" content=\"https:\/\/www.tomhemps.com\/wp-content\/uploads\/2019\/02\/Tom_Hemps_header_logo-clouds.jpg\" \/>\n\t<meta property=\"og:image:width\" content=\"1536\" \/>\n\t<meta property=\"og:image:height\" content=\"1000\" \/>\n\t<meta property=\"og:image:type\" content=\"image\/jpeg\" \/>\n<meta name=\"twitter:card\" content=\"summary_large_image\" \/>\n<meta name=\"twitter:label1\" content=\"Tempo estimado de leitura\" \/>\n\t<meta name=\"twitter:data1\" content=\"3 minutos\" \/>\n<script type=\"application\/ld+json\" class=\"yoast-schema-graph\">{\"@context\":\"https:\/\/schema.org\",\"@graph\":[{\"@type\":\"WebPage\",\"@id\":\"https:\/\/www.tomhemps.com\/pt-pt\/politica-de-cancelamento\/\",\"url\":\"https:\/\/www.tomhemps.com\/pt-pt\/politica-de-cancelamento\/\",\"name\":\"Pol\u00edtica de cancelamento | Tom Hemp's\",\"isPartOf\":{\"@id\":\"https:\/\/www.tomhemps.com\/pt-pt\/#website\"},\"datePublished\":\"2018-02-25T18:15:44+00:00\",\"dateModified\":\"2023-04-11T12:54:47+00:00\",\"description\":\"Your CBD Shop | Your CBD Brand | born in Berlin - Pol\u00edtica de cancelamento\",\"breadcrumb\":{\"@id\":\"https:\/\/www.tomhemps.com\/pt-pt\/politica-de-cancelamento\/#breadcrumb\"},\"inLanguage\":\"pt-PT\",\"potentialAction\":[{\"@type\":\"ReadAction\",\"target\":[\"https:\/\/www.tomhemps.com\/pt-pt\/politica-de-cancelamento\/\"]}]},{\"@type\":\"BreadcrumbList\",\"@id\":\"https:\/\/www.tomhemps.com\/pt-pt\/politica-de-cancelamento\/#breadcrumb\",\"itemListElement\":[{\"@type\":\"ListItem\",\"position\":1,\"name\":\"Startseite\",\"item\":\"https:\/\/www.tomhemps.com\/pt-pt\/\"},{\"@type\":\"ListItem\",\"position\":2,\"name\":\"Pol\u00edtica de cancelamento\"}]},{\"@type\":\"WebSite\",\"@id\":\"https:\/\/www.tomhemps.com\/pt-pt\/#website\",\"url\":\"https:\/\/www.tomhemps.com\/pt-pt\/\",\"name\":\"Your CBD Shop | Your CBD Brand | born in Berlin\",\"description\":\"CBD Shop Berlin\",\"publisher\":{\"@id\":\"https:\/\/www.tomhemps.com\/pt-pt\/#organization\"},\"potentialAction\":[{\"@type\":\"SearchAction\",\"target\":{\"@type\":\"EntryPoint\",\"urlTemplate\":\"https:\/\/www.tomhemps.com\/pt-pt\/?s={search_term_string}\"},\"query-input\":\"required name=search_term_string\"}],\"inLanguage\":\"pt-PT\"},{\"@type\":\"Organization\",\"@id\":\"https:\/\/www.tomhemps.com\/pt-pt\/#organization\",\"name\":\"Tom Hemp's CBD Shop\",\"alternateName\":\"Tom Hemp's Berlin\",\"url\":\"https:\/\/www.tomhemps.com\/pt-pt\/\",\"logo\":{\"@type\":\"ImageObject\",\"inLanguage\":\"pt-PT\",\"@id\":\"https:\/\/www.tomhemps.com\/pt-pt\/#\/schema\/logo\/image\/\",\"url\":\"https:\/\/www.tomhemps.com\/wp-content\/uploads\/2019\/04\/Logo-2019-e1581413011332.jpg\",\"contentUrl\":\"https:\/\/www.tomhemps.com\/wp-content\/uploads\/2019\/04\/Logo-2019-e1581413011332.jpg\",\"width\":460,\"height\":153,\"caption\":\"Tom Hemp's CBD Shop\"},\"image\":{\"@id\":\"https:\/\/www.tomhemps.com\/pt-pt\/#\/schema\/logo\/image\/\"},\"sameAs\":[\"https:\/\/www.facebook.com\/tomhempsberlin\/\",\"https:\/\/www.instagram.com\/tomhemps_cbd\/\",\"https:\/\/www.youtube.com\/channel\/UCbGxDacLx_DRKyder_zVoNw\"]}]}<\/script>\n<!-- \/ Yoast SEO Premium plugin. -->","yoast_head_json":{"title":"Pol\u00edtica de cancelamento | Tom Hemp's","description":"Your CBD Shop | Your CBD Brand | born in Berlin - Pol\u00edtica de cancelamento","robots":{"index":"noindex","follow":"nofollow"},"og_locale":"pt_PT","og_type":"article","og_title":"Pol\u00edtica de cancelamento","og_description":"Your CBD Shop | Your CBD Brand | born in Berlin - Pol\u00edtica de cancelamento","og_url":"https:\/\/www.tomhemps.com\/pt-pt\/politica-de-cancelamento\/","og_site_name":"Your CBD Shop | Your CBD Brand | born in Berlin","article_publisher":"https:\/\/www.facebook.com\/tomhempsberlin\/","article_modified_time":"2023-04-11T12:54:47+00:00","og_image":[{"width":1536,"height":1000,"url":"https:\/\/www.tomhemps.com\/wp-content\/uploads\/2019\/02\/Tom_Hemps_header_logo-clouds.jpg","type":"image\/jpeg"}],"twitter_card":"summary_large_image","twitter_misc":{"Tempo estimado de leitura":"3 minutos"},"schema":{"@context":"https:\/\/schema.org","@graph":[{"@type":"WebPage","@id":"https:\/\/www.tomhemps.com\/pt-pt\/politica-de-cancelamento\/","url":"https:\/\/www.tomhemps.com\/pt-pt\/politica-de-cancelamento\/","name":"Pol\u00edtica de cancelamento | Tom Hemp's","isPartOf":{"@id":"https:\/\/www.tomhemps.com\/pt-pt\/#website"},"datePublished":"2018-02-25T18:15:44+00:00","dateModified":"2023-04-11T12:54:47+00:00","description":"Your CBD Shop | Your CBD Brand | born in Berlin - Pol\u00edtica de cancelamento","breadcrumb":{"@id":"https:\/\/www.tomhemps.com\/pt-pt\/politica-de-cancelamento\/#breadcrumb"},"inLanguage":"pt-PT","potentialAction":[{"@type":"ReadAction","target":["https:\/\/www.tomhemps.com\/pt-pt\/politica-de-cancelamento\/"]}]},{"@type":"BreadcrumbList","@id":"https:\/\/www.tomhemps.com\/pt-pt\/politica-de-cancelamento\/#breadcrumb","itemListElement":[{"@type":"ListItem","position":1,"name":"Startseite","item":"https:\/\/www.tomhemps.com\/pt-pt\/"},{"@type":"ListItem","position":2,"name":"Pol\u00edtica de cancelamento"}]},{"@type":"WebSite","@id":"https:\/\/www.tomhemps.com\/pt-pt\/#website","url":"https:\/\/www.tomhemps.com\/pt-pt\/","name":"Your CBD Shop | Your CBD Brand | born in Berlin","description":"CBD Shop Berlin","publisher":{"@id":"https:\/\/www.tomhemps.com\/pt-pt\/#organization"},"potentialAction":[{"@type":"SearchAction","target":{"@type":"EntryPoint","urlTemplate":"https:\/\/www.tomhemps.com\/pt-pt\/?s={search_term_string}"},"query-input":"required name=search_term_string"}],"inLanguage":"pt-PT"},{"@type":"Organization","@id":"https:\/\/www.tomhemps.com\/pt-pt\/#organization","name":"Tom Hemp's CBD Shop","alternateName":"Tom Hemp's Berlin","url":"https:\/\/www.tomhemps.com\/pt-pt\/","logo":{"@type":"ImageObject","inLanguage":"pt-PT","@id":"https:\/\/www.tomhemps.com\/pt-pt\/#\/schema\/logo\/image\/","url":"https:\/\/www.tomhemps.com\/wp-content\/uploads\/2019\/04\/Logo-2019-e1581413011332.jpg","contentUrl":"https:\/\/www.tomhemps.com\/wp-content\/uploads\/2019\/04\/Logo-2019-e1581413011332.jpg","width":460,"height":153,"caption":"Tom Hemp's CBD Shop"},"image":{"@id":"https:\/\/www.tomhemps.com\/pt-pt\/#\/schema\/logo\/image\/"},"sameAs":["https:\/\/www.facebook.com\/tomhempsberlin\/","https:\/\/www.instagram.com\/tomhemps_cbd\/","https:\/\/www.youtube.com\/channel\/UCbGxDacLx_DRKyder_zVoNw"]}]}},"_links":{"self":[{"href":"https:\/\/www.tomhemps.com\/pt-pt\/wp-json\/wp\/v2\/pages\/165602"}],"collection":[{"href":"https:\/\/www.tomhemps.com\/pt-pt\/wp-json\/wp\/v2\/pages"}],"about":[{"href":"https:\/\/www.tomhemps.com\/pt-pt\/wp-json\/wp\/v2\/types\/page"}],"author":[{"embeddable":true,"href":"https:\/\/www.tomhemps.com\/pt-pt\/wp-json\/wp\/v2\/users\/6649"}],"replies":[{"embeddable":true,"href":"https:\/\/www.tomhemps.com\/pt-pt\/wp-json\/wp\/v2\/comments?post=165602"}],"version-history":[{"count":3,"href":"https:\/\/www.tomhemps.com\/pt-pt\/wp-json\/wp\/v2\/pages\/165602\/revisions"}],"predecessor-version":[{"id":563377,"href":"https:\/\/www.tomhemps.com\/pt-pt\/wp-json\/wp\/v2\/pages\/165602\/revisions\/563377"}],"wp:attachment":[{"href":"https:\/\/www.tomhemps.com\/pt-pt\/wp-json\/wp\/v2\/media?parent=165602"}],"curies":[{"name":"wp","href":"https:\/\/api.w.org\/{rel}","templated":true}]}}