{"id":165608,"date":"2018-02-25T18:24:13","date_gmt":"2018-02-25T18:24:13","guid":{"rendered":"https:\/\/www.tomhemps.com\/versand-und-zahlung\/"},"modified":"2023-08-22T13:08:19","modified_gmt":"2023-08-22T11:08:19","slug":"entrega-e-formas-de-pagamento","status":"publish","type":"page","link":"https:\/\/www.tomhemps.com\/pt-pt\/entrega-e-formas-de-pagamento\/","title":{"rendered":"Entrega e Formas de pagamento"},"content":{"rendered":"<h3>Entrega e Formas de pagamento<\/h3>\n<p>&nbsp;<\/p>\n<p>1. <strong>Formas de pagamento<\/strong><\/p>\n<p>1.1 Para entregas dentro da Alemanha, oferecemos as seguintes op\u00e7\u00f5es de pagamento, excluindo outras op\u00e7\u00f5es que estejam especificamente mencionadas na apresenta\u00e7\u00e3o do produto em oferta:<\/p>\n<p>\u2013 Transfer\u00eancia banc\u00e1ria<\/p>\n<p>\u2013 Pagamento com cart\u00e3o de cr\u00e9dito<\/p>\n<p>2. <strong>Entrega<\/strong><\/p>\n<p>2.1 A sua encomenda ser\u00e1 enviada pela UPS<\/p>\n<p>2.2 N\u00f3s enviamos para os seguintes pa\u00edses da Europa:<br \/>\nAndorra, \u00c1ustria, B\u00e9lgica, Bulg\u00e1ria, Cro\u00e1cia, Rep\u00fablica Checa, Dinamarca, Est\u00f3nia, Finl\u00e2ndia, Fran\u00e7a, Alemanha, Gr\u00e9cia, Guernsey, Hungria, Irlanda, It\u00e1lia, Jersey, Let\u00f3nia, Liechtenstein, Litu\u00e2nia, Luxemburgo, M\u00f3naco, Holanda, Noruega, Pol\u00f3nia, Portugal, Rom\u00e9nia, S\u00e3o Marino, Eslov\u00e9nia, Espanha, Su\u00e9cia.<\/p>\n<p><strong>Envio UPS Standard<\/strong><\/p>\n<table class=\"table\">\n<tr>\n<th>Pa\u00eds<\/th>\n<th>Envio (EUR)<\/th>\n<th>Frete gr\u00e1tis a partir de (EUR)<\/th>\n<\/tr>\n<tr>\n<td>Alemanha (DE)<\/td>\n<td>5.9<\/td>\n<td>50<\/td>\n<\/tr>\n<tr>\n<td>Andorra (AD)<\/td>\n<td>40<\/td>\n<td>200<\/td>\n<\/tr>\n<tr>\n<td>Bulg\u00e1ria (BG)<\/td>\n<td>12<\/td>\n<td>100<\/td>\n<\/tr>\n<tr>\n<td>B\u00e9lgica (BE)<\/td>\n<td>10.9<\/td>\n<td>50<\/td>\n<\/tr>\n<tr>\n<td>Chipre (CY)<\/td>\n<td>30<\/td>\n<td>100<\/td>\n<\/tr>\n<tr>\n<td>Cro\u00e1cia (HR)<\/td>\n<td>10<\/td>\n<td>100<\/td>\n<\/tr>\n<tr>\n<td>Dinamarca (DK)<\/td>\n<td>10<\/td>\n<td>100<\/td>\n<\/tr>\n<tr>\n<td>Eslov\u00e1quia (SK)<\/td>\n<td>12<\/td>\n<td>100<\/td>\n<\/tr>\n<tr>\n<td>Eslov\u00e9nia (SI)<\/td>\n<td>10<\/td>\n<td>100<\/td>\n<\/tr>\n<tr>\n<td>Espanha (ES)<\/td>\n<td>10.9<\/td>\n<td>50<\/td>\n<\/tr>\n<tr>\n<td>Espanha (ES) &#8211; Can\u00e1rias<\/td>\n<td>40<\/td>\n<td>200<\/td>\n<\/tr>\n<tr>\n<td>Est\u00f3nia (EE)<\/td>\n<td>12<\/td>\n<td>100<\/td>\n<\/tr>\n<tr>\n<td>Fran\u00e7a (FR)<\/td>\n<td>10.9<\/td>\n<td>50<\/td>\n<\/tr>\n<tr>\n<td>Gr\u00e9cia (GR)<\/td>\n<td>10<\/td>\n<td>100<\/td>\n<\/tr>\n<tr>\n<td>Gr\u00e9cia (GR) &#8211; Ilhas gregas<\/td>\n<td>50<\/td>\n<td>100<\/td>\n<\/tr>\n<tr>\n<td>Guernsey (GG)<\/td>\n<td>20<\/td>\n<td>100<\/td>\n<\/tr>\n<tr>\n<td>Hungria (HU)<\/td>\n<td>12<\/td>\n<td>100<\/td>\n<\/tr>\n<tr>\n<td>Irlanda (IE)<\/td>\n<td>12<\/td>\n<td>100<\/td>\n<\/tr>\n<tr>\n<td>It\u00e1lia (IT)<\/td>\n<td>12<\/td>\n<td>100<\/td>\n<\/tr>\n<tr>\n<td>Jersey (JE)<\/td>\n<td>20<\/td>\n<td>100<\/td>\n<\/tr>\n<tr>\n<td>Let\u00f3nia (LV)<\/td>\n<td>12<\/td>\n<td>100<\/td>\n<\/tr>\n<tr>\n<td>Listenstaine (LI)<\/td>\n<td>20<\/td>\n<td>100<\/td>\n<\/tr>\n<tr>\n<td>Litu\u00e2nia (LT)<\/td>\n<td>12<\/td>\n<td>100<\/td>\n<\/tr>\n<tr>\n<td>Luxemburgo (LU)<\/td>\n<td>10<\/td>\n<td>100<\/td>\n<\/tr>\n<tr>\n<td>Malta (MT)<\/td>\n<td>40<\/td>\n<td>200<\/td>\n<\/tr>\n<tr>\n<td>M\u00f3naco (MC)<\/td>\n<td>10<\/td>\n<td>100<\/td>\n<\/tr>\n<tr>\n<td>Noruega (NO)<\/td>\n<td>20<\/td>\n<td>100<\/td>\n<\/tr>\n<tr>\n<td>Pa\u00edses Baixos (NL)<\/td>\n<td>10.9<\/td>\n<td>50<\/td>\n<\/tr>\n<tr>\n<td>Pol\u00f3nia (PL)<\/td>\n<td>10<\/td>\n<td>100<\/td>\n<\/tr>\n<tr>\n<td>Portugal (PT)<\/td>\n<td>12<\/td>\n<td>80<\/td>\n<\/tr>\n<tr>\n<td>Rep\u00fablica Checa (CZ)<\/td>\n<td>10<\/td>\n<td>100<\/td>\n<\/tr>\n<tr>\n<td>Rom\u00e9nia (RO)<\/td>\n<td>12<\/td>\n<td>100<\/td>\n<\/tr>\n<tr>\n<td>Su\u00e9cia (SE)<\/td>\n<td>10<\/td>\n<td>100<\/td>\n<\/tr>\n<tr>\n<td>S\u00e3o Marinho (SM)<\/td>\n<td>20<\/td>\n<td>100<\/td>\n<\/tr>\n<tr>\n<td>\u00c1ustria (AT)<\/td>\n<td>10<\/td>\n<td>100<\/td>\n<\/tr>\n<\/table>\n<p>Prazo de entrega<br \/>\nDentro da Alemanha e para a \u00c1ustria, entregamos encomendas no prazo de 1 a 3 dias \u00fateis. As entregas para outros pa\u00edses da UE demoram 2 a 7 dias \u00fateis.<\/p>\n<p>2.3 N\u00e3o \u00e9 poss\u00edvel realizar entregas \u00e0s esta\u00e7\u00f5es de servi\u00e7o da\u00a0<span class=\"gmail-il\">DHL.<\/span><\/p>\n","protected":false},"excerpt":{"rendered":"","protected":false},"author":6649,"featured_media":0,"parent":0,"menu_order":0,"comment_status":"closed","ping_status":"closed","template":"","meta":{"_acf_changed":false,"footnotes":""},"acf":[],"yoast_head":"<!-- This site is optimized with the Yoast SEO Premium plugin v22.8 (Yoast SEO v22.8) - https:\/\/yoast.com\/wordpress\/plugins\/seo\/ -->\n<title>Entrega e Formas de pagamento | Tom Hemp&#039;s<\/title>\n<meta name=\"description\" content=\"Your CBD Shop | Your CBD Brand | born in Berlin - Entrega e Formas de pagamento\" \/>\n<meta name=\"robots\" content=\"noindex, follow\" \/>\n<meta property=\"og:locale\" content=\"pt_PT\" \/>\n<meta property=\"og:type\" content=\"article\" \/>\n<meta property=\"og:title\" content=\"Entrega e Formas de pagamento\" \/>\n<meta property=\"og:description\" content=\"Your CBD Shop | Your CBD Brand | born in Berlin - Entrega e Formas de pagamento\" \/>\n<meta property=\"og:url\" content=\"https:\/\/www.tomhemps.com\/pt-pt\/entrega-e-formas-de-pagamento\/\" \/>\n<meta property=\"og:site_name\" content=\"Your CBD Shop | Your CBD Brand | born in Berlin\" \/>\n<meta property=\"article:publisher\" content=\"https:\/\/www.facebook.com\/tomhempsberlin\/\" \/>\n<meta property=\"article:modified_time\" content=\"2023-08-22T11:08:19+00:00\" \/>\n<meta property=\"og:image\" content=\"https:\/\/www.tomhemps.com\/wp-content\/uploads\/2019\/02\/Tom_Hemps_header_logo-clouds.jpg\" \/>\n\t<meta property=\"og:image:width\" content=\"1536\" \/>\n\t<meta property=\"og:image:height\" content=\"1000\" \/>\n\t<meta property=\"og:image:type\" content=\"image\/jpeg\" \/>\n<meta name=\"twitter:card\" content=\"summary_large_image\" \/>\n<meta name=\"twitter:label1\" content=\"Tempo estimado de leitura\" \/>\n\t<meta name=\"twitter:data1\" content=\"2 minutos\" \/>\n<script type=\"application\/ld+json\" class=\"yoast-schema-graph\">{\"@context\":\"https:\/\/schema.org\",\"@graph\":[{\"@type\":\"WebPage\",\"@id\":\"https:\/\/www.tomhemps.com\/pt-pt\/entrega-e-formas-de-pagamento\/\",\"url\":\"https:\/\/www.tomhemps.com\/pt-pt\/entrega-e-formas-de-pagamento\/\",\"name\":\"Entrega e Formas de pagamento | Tom Hemp's\",\"isPartOf\":{\"@id\":\"https:\/\/www.tomhemps.com\/pt-pt\/#website\"},\"datePublished\":\"2018-02-25T18:24:13+00:00\",\"dateModified\":\"2023-08-22T11:08:19+00:00\",\"description\":\"Your CBD Shop | Your CBD Brand | born in Berlin - Entrega e Formas de pagamento\",\"breadcrumb\":{\"@id\":\"https:\/\/www.tomhemps.com\/pt-pt\/entrega-e-formas-de-pagamento\/#breadcrumb\"},\"inLanguage\":\"pt-PT\",\"potentialAction\":[{\"@type\":\"ReadAction\",\"target\":[\"https:\/\/www.tomhemps.com\/pt-pt\/entrega-e-formas-de-pagamento\/\"]}]},{\"@type\":\"BreadcrumbList\",\"@id\":\"https:\/\/www.tomhemps.com\/pt-pt\/entrega-e-formas-de-pagamento\/#breadcrumb\",\"itemListElement\":[{\"@type\":\"ListItem\",\"position\":1,\"name\":\"Startseite\",\"item\":\"https:\/\/www.tomhemps.com\/pt-pt\/\"},{\"@type\":\"ListItem\",\"position\":2,\"name\":\"Entrega e Formas de pagamento\"}]},{\"@type\":\"WebSite\",\"@id\":\"https:\/\/www.tomhemps.com\/pt-pt\/#website\",\"url\":\"https:\/\/www.tomhemps.com\/pt-pt\/\",\"name\":\"Your CBD Shop | Your CBD Brand | born in Berlin\",\"description\":\"CBD Shop Berlin\",\"publisher\":{\"@id\":\"https:\/\/www.tomhemps.com\/pt-pt\/#organization\"},\"potentialAction\":[{\"@type\":\"SearchAction\",\"target\":{\"@type\":\"EntryPoint\",\"urlTemplate\":\"https:\/\/www.tomhemps.com\/pt-pt\/?s={search_term_string}\"},\"query-input\":\"required name=search_term_string\"}],\"inLanguage\":\"pt-PT\"},{\"@type\":\"Organization\",\"@id\":\"https:\/\/www.tomhemps.com\/pt-pt\/#organization\",\"name\":\"Tom Hemp's CBD Shop\",\"alternateName\":\"Tom Hemp's Berlin\",\"url\":\"https:\/\/www.tomhemps.com\/pt-pt\/\",\"logo\":{\"@type\":\"ImageObject\",\"inLanguage\":\"pt-PT\",\"@id\":\"https:\/\/www.tomhemps.com\/pt-pt\/#\/schema\/logo\/image\/\",\"url\":\"https:\/\/www.tomhemps.com\/wp-content\/uploads\/2019\/04\/Logo-2019-e1581413011332.jpg\",\"contentUrl\":\"https:\/\/www.tomhemps.com\/wp-content\/uploads\/2019\/04\/Logo-2019-e1581413011332.jpg\",\"width\":460,\"height\":153,\"caption\":\"Tom Hemp's CBD Shop\"},\"image\":{\"@id\":\"https:\/\/www.tomhemps.com\/pt-pt\/#\/schema\/logo\/image\/\"},\"sameAs\":[\"https:\/\/www.facebook.com\/tomhempsberlin\/\",\"https:\/\/www.instagram.com\/tomhemps_cbd\/\",\"https:\/\/www.youtube.com\/channel\/UCbGxDacLx_DRKyder_zVoNw\"]}]}<\/script>\n<!-- \/ Yoast SEO Premium plugin. -->","yoast_head_json":{"title":"Entrega e Formas de pagamento | Tom Hemp's","description":"Your CBD Shop | Your CBD Brand | born in Berlin - Entrega e Formas de pagamento","robots":{"index":"noindex","follow":"follow"},"og_locale":"pt_PT","og_type":"article","og_title":"Entrega e Formas de pagamento","og_description":"Your CBD Shop | Your CBD Brand | born in Berlin - Entrega e Formas de pagamento","og_url":"https:\/\/www.tomhemps.com\/pt-pt\/entrega-e-formas-de-pagamento\/","og_site_name":"Your CBD Shop | Your CBD Brand | born in Berlin","article_publisher":"https:\/\/www.facebook.com\/tomhempsberlin\/","article_modified_time":"2023-08-22T11:08:19+00:00","og_image":[{"width":1536,"height":1000,"url":"https:\/\/www.tomhemps.com\/wp-content\/uploads\/2019\/02\/Tom_Hemps_header_logo-clouds.jpg","type":"image\/jpeg"}],"twitter_card":"summary_large_image","twitter_misc":{"Tempo estimado de leitura":"2 minutos"},"schema":{"@context":"https:\/\/schema.org","@graph":[{"@type":"WebPage","@id":"https:\/\/www.tomhemps.com\/pt-pt\/entrega-e-formas-de-pagamento\/","url":"https:\/\/www.tomhemps.com\/pt-pt\/entrega-e-formas-de-pagamento\/","name":"Entrega e Formas de pagamento | Tom Hemp's","isPartOf":{"@id":"https:\/\/www.tomhemps.com\/pt-pt\/#website"},"datePublished":"2018-02-25T18:24:13+00:00","dateModified":"2023-08-22T11:08:19+00:00","description":"Your CBD Shop | Your CBD Brand | born in Berlin - Entrega e Formas de pagamento","breadcrumb":{"@id":"https:\/\/www.tomhemps.com\/pt-pt\/entrega-e-formas-de-pagamento\/#breadcrumb"},"inLanguage":"pt-PT","potentialAction":[{"@type":"ReadAction","target":["https:\/\/www.tomhemps.com\/pt-pt\/entrega-e-formas-de-pagamento\/"]}]},{"@type":"BreadcrumbList","@id":"https:\/\/www.tomhemps.com\/pt-pt\/entrega-e-formas-de-pagamento\/#breadcrumb","itemListElement":[{"@type":"ListItem","position":1,"name":"Startseite","item":"https:\/\/www.tomhemps.com\/pt-pt\/"},{"@type":"ListItem","position":2,"name":"Entrega e Formas de pagamento"}]},{"@type":"WebSite","@id":"https:\/\/www.tomhemps.com\/pt-pt\/#website","url":"https:\/\/www.tomhemps.com\/pt-pt\/","name":"Your CBD Shop | Your CBD Brand | born in Berlin","description":"CBD Shop Berlin","publisher":{"@id":"https:\/\/www.tomhemps.com\/pt-pt\/#organization"},"potentialAction":[{"@type":"SearchAction","target":{"@type":"EntryPoint","urlTemplate":"https:\/\/www.tomhemps.com\/pt-pt\/?s={search_term_string}"},"query-input":"required name=search_term_string"}],"inLanguage":"pt-PT"},{"@type":"Organization","@id":"https:\/\/www.tomhemps.com\/pt-pt\/#organization","name":"Tom Hemp's CBD Shop","alternateName":"Tom Hemp's Berlin","url":"https:\/\/www.tomhemps.com\/pt-pt\/","logo":{"@type":"ImageObject","inLanguage":"pt-PT","@id":"https:\/\/www.tomhemps.com\/pt-pt\/#\/schema\/logo\/image\/","url":"https:\/\/www.tomhemps.com\/wp-content\/uploads\/2019\/04\/Logo-2019-e1581413011332.jpg","contentUrl":"https:\/\/www.tomhemps.com\/wp-content\/uploads\/2019\/04\/Logo-2019-e1581413011332.jpg","width":460,"height":153,"caption":"Tom Hemp's CBD Shop"},"image":{"@id":"https:\/\/www.tomhemps.com\/pt-pt\/#\/schema\/logo\/image\/"},"sameAs":["https:\/\/www.facebook.com\/tomhempsberlin\/","https:\/\/www.instagram.com\/tomhemps_cbd\/","https:\/\/www.youtube.com\/channel\/UCbGxDacLx_DRKyder_zVoNw"]}]}},"_links":{"self":[{"href":"https:\/\/www.tomhemps.com\/pt-pt\/wp-json\/wp\/v2\/pages\/165608"}],"collection":[{"href":"https:\/\/www.tomhemps.com\/pt-pt\/wp-json\/wp\/v2\/pages"}],"about":[{"href":"https:\/\/www.tomhemps.com\/pt-pt\/wp-json\/wp\/v2\/types\/page"}],"author":[{"embeddable":true,"href":"https:\/\/www.tomhemps.com\/pt-pt\/wp-json\/wp\/v2\/users\/6649"}],"replies":[{"embeddable":true,"href":"https:\/\/www.tomhemps.com\/pt-pt\/wp-json\/wp\/v2\/comments?post=165608"}],"version-history":[{"count":4,"href":"https:\/\/www.tomhemps.com\/pt-pt\/wp-json\/wp\/v2\/pages\/165608\/revisions"}],"predecessor-version":[{"id":583521,"href":"https:\/\/www.tomhemps.com\/pt-pt\/wp-json\/wp\/v2\/pages\/165608\/revisions\/583521"}],"wp:attachment":[{"href":"https:\/\/www.tomhemps.com\/pt-pt\/wp-json\/wp\/v2\/media?parent=165608"}],"curies":[{"name":"wp","href":"https:\/\/api.w.org\/{rel}","templated":true}]}}