{"id":165619,"date":"2018-02-25T17:59:41","date_gmt":"2018-02-25T17:59:41","guid":{"rendered":"https:\/\/www.tomhemps.com\/impressum\/"},"modified":"2024-07-31T12:05:47","modified_gmt":"2024-07-31T10:05:47","slug":"ficha-tecnica","status":"publish","type":"page","link":"https:\/\/www.tomhemps.com\/pt-pt\/ficha-tecnica\/","title":{"rendered":"Ficha T\u00e9cnica"},"content":{"rendered":"<h1>AVISO LEGAL<\/h1>\n<p><strong>Accardo e.K. <\/strong><\/p>\n<p>Cristian Accardo<\/p>\n<p>Revaler Stra\u00dfe 99 Haus 28<br \/>\n10245 Berlin<br \/>\nDeutschland<\/p>\n<p>Phone: 030220135880<\/p>\n<p>E-mail: office@tomhemps.com<\/p>\n<p><strong>Other online communication tools provided: <\/strong><br \/>\nWhatsApp (0176 62854206)<\/p>\n<p>Registered at: Amtsgericht Charlottenburg , HRA 61621 B<\/p>\n<p>Value added tax registration number(s): DE296302623<\/p>\n<p>Responsible according to \u00a7 18 MStV:<br \/>\nCristian Accardo<br \/>\nRevaler Stra\u00dfe 99 Haus 28<br \/>\n10245 Berlin<\/p>\n<p>The European Commission provides a platform for online dispute resolutions (ODR) which can be accessed at <a href=\"https:\/\/ec.europa.eu\/consumers\/odr\/\" target=\"_blank\" rel=\"noopener\">https:\/\/ec.europa.eu\/consumers\/odr\/<\/a>. We are ready to participate in extra-judicial dispute settlement proceedings before a consumer dispute resolution body.<\/p>\n<table class=\"table\">\n<tbody>\n<tr>\n<th>Provider<\/th>\n<th>Lizenz<\/th>\n<\/tr>\n<tr>\n<td>ShutterStock<\/td>\n<td><a href=\"https:\/\/www.shutterstock.com\/license\" target=\"_blank\" rel=\"noopener\">Contrato(s) de licen\u00e7a(s)<\/a><\/td>\n<\/tr>\n<tr>\n<td>iStock<\/td>\n<td><a href=\"https:\/\/www.istockphoto.com\/help\/licenses\" target=\"_blank\" rel=\"noopener\">Informa\u00e7\u00f5es sobre licen\u00e7as<\/a><\/td>\n<\/tr>\n<tr>\n<td>UnSplash<\/td>\n<td><a href=\"https:\/\/unsplash.com\/license\" target=\"_blank\" rel=\"noopener\">Licen\u00e7a<\/a><\/td>\n<\/tr>\n<tr>\n<td>Stocksy<\/td>\n<td><a href=\"https:\/\/www.stocksy.com\/legal\/contentlicense\" target=\"_blank\" rel=\"noopener\">Content License Agreement<\/a><\/td>\n<\/tr>\n<tr>\n<td>Pixabay<\/td>\n<td><a href=\"https:\/\/pixabay.com\/service\/license\/\" target=\"_blank\" rel=\"noopener\">Simplified Pixabay License<\/a><\/td>\n<\/tr>\n<tr>\n<td>Iso Republic<\/td>\n<td><a href=\"https:\/\/isorepublic.com\/license\/\" target=\"_blank\" rel=\"noopener\">License<\/a><\/td>\n<\/tr>\n<\/tbody>\n<\/table>\n<p><a href=\"https:\/\/legal.trustedshops.com\/produkte\/rechtstexter\" target=\"_blank\" rel=\"noopener\">Impressum<\/a>\u00a0erstellt mit dem\u00a0<a href=\"https:\/\/legal.trustedshops.com\/\" target=\"_blank\" rel=\"noopener\">Trusted Shops<\/a>\u00a0Rechtstexter<\/p>\n","protected":false},"excerpt":{"rendered":"","protected":false},"author":6649,"featured_media":0,"parent":0,"menu_order":0,"comment_status":"closed","ping_status":"closed","template":"page-templates\/terms.php","meta":{"_acf_changed":false,"footnotes":""},"acf":[],"yoast_head":"<!-- This site is optimized with the Yoast SEO Premium plugin v22.8 (Yoast SEO v22.8) - https:\/\/yoast.com\/wordpress\/plugins\/seo\/ -->\n<title>Ficha T\u00e9cnica | Tom Hemp&#039;s<\/title>\n<meta name=\"description\" content=\"Your CBD Shop | Your CBD Brand | born in Berlin - Ficha T\u00e9cnica\" \/>\n<meta name=\"robots\" content=\"noindex, nofollow\" \/>\n<meta property=\"og:locale\" content=\"pt_PT\" \/>\n<meta property=\"og:type\" content=\"article\" \/>\n<meta property=\"og:title\" content=\"Ficha T\u00e9cnica\" \/>\n<meta property=\"og:description\" content=\"Your CBD Shop | Your CBD Brand | born in Berlin - Ficha T\u00e9cnica\" \/>\n<meta property=\"og:url\" content=\"https:\/\/www.tomhemps.com\/pt-pt\/ficha-tecnica\/\" \/>\n<meta property=\"og:site_name\" content=\"Your CBD Shop | Your CBD Brand | born in Berlin\" \/>\n<meta property=\"article:publisher\" content=\"https:\/\/www.facebook.com\/tomhempsberlin\/\" \/>\n<meta property=\"article:modified_time\" content=\"2024-07-31T10:05:47+00:00\" \/>\n<meta property=\"og:image\" content=\"https:\/\/www.tomhemps.com\/wp-content\/uploads\/2019\/02\/Tom_Hemps_header_logo-clouds.jpg\" \/>\n\t<meta property=\"og:image:width\" content=\"1536\" \/>\n\t<meta property=\"og:image:height\" content=\"1000\" \/>\n\t<meta property=\"og:image:type\" content=\"image\/jpeg\" \/>\n<meta name=\"twitter:card\" content=\"summary_large_image\" \/>\n<meta name=\"twitter:label1\" content=\"Tempo estimado de leitura\" \/>\n\t<meta name=\"twitter:data1\" content=\"1 minuto\" \/>\n<script type=\"application\/ld+json\" class=\"yoast-schema-graph\">{\"@context\":\"https:\/\/schema.org\",\"@graph\":[{\"@type\":\"WebPage\",\"@id\":\"https:\/\/www.tomhemps.com\/pt-pt\/ficha-tecnica\/\",\"url\":\"https:\/\/www.tomhemps.com\/pt-pt\/ficha-tecnica\/\",\"name\":\"Ficha T\u00e9cnica | Tom Hemp's\",\"isPartOf\":{\"@id\":\"https:\/\/www.tomhemps.com\/pt-pt\/#website\"},\"datePublished\":\"2018-02-25T17:59:41+00:00\",\"dateModified\":\"2024-07-31T10:05:47+00:00\",\"description\":\"Your CBD Shop | Your CBD Brand | born in Berlin - Ficha T\u00e9cnica\",\"breadcrumb\":{\"@id\":\"https:\/\/www.tomhemps.com\/pt-pt\/ficha-tecnica\/#breadcrumb\"},\"inLanguage\":\"pt-PT\",\"potentialAction\":[{\"@type\":\"ReadAction\",\"target\":[\"https:\/\/www.tomhemps.com\/pt-pt\/ficha-tecnica\/\"]}]},{\"@type\":\"BreadcrumbList\",\"@id\":\"https:\/\/www.tomhemps.com\/pt-pt\/ficha-tecnica\/#breadcrumb\",\"itemListElement\":[{\"@type\":\"ListItem\",\"position\":1,\"name\":\"Startseite\",\"item\":\"https:\/\/www.tomhemps.com\/pt-pt\/\"},{\"@type\":\"ListItem\",\"position\":2,\"name\":\"Ficha T\u00e9cnica\"}]},{\"@type\":\"WebSite\",\"@id\":\"https:\/\/www.tomhemps.com\/pt-pt\/#website\",\"url\":\"https:\/\/www.tomhemps.com\/pt-pt\/\",\"name\":\"Your CBD Shop | Your CBD Brand | born in Berlin\",\"description\":\"CBD Shop Berlin\",\"publisher\":{\"@id\":\"https:\/\/www.tomhemps.com\/pt-pt\/#organization\"},\"potentialAction\":[{\"@type\":\"SearchAction\",\"target\":{\"@type\":\"EntryPoint\",\"urlTemplate\":\"https:\/\/www.tomhemps.com\/pt-pt\/?s={search_term_string}\"},\"query-input\":\"required name=search_term_string\"}],\"inLanguage\":\"pt-PT\"},{\"@type\":\"Organization\",\"@id\":\"https:\/\/www.tomhemps.com\/pt-pt\/#organization\",\"name\":\"Tom Hemp's CBD Shop\",\"alternateName\":\"Tom Hemp's Berlin\",\"url\":\"https:\/\/www.tomhemps.com\/pt-pt\/\",\"logo\":{\"@type\":\"ImageObject\",\"inLanguage\":\"pt-PT\",\"@id\":\"https:\/\/www.tomhemps.com\/pt-pt\/#\/schema\/logo\/image\/\",\"url\":\"https:\/\/www.tomhemps.com\/wp-content\/uploads\/2019\/04\/Logo-2019-e1581413011332.jpg\",\"contentUrl\":\"https:\/\/www.tomhemps.com\/wp-content\/uploads\/2019\/04\/Logo-2019-e1581413011332.jpg\",\"width\":460,\"height\":153,\"caption\":\"Tom Hemp's CBD Shop\"},\"image\":{\"@id\":\"https:\/\/www.tomhemps.com\/pt-pt\/#\/schema\/logo\/image\/\"},\"sameAs\":[\"https:\/\/www.facebook.com\/tomhempsberlin\/\",\"https:\/\/www.instagram.com\/tomhemps_cbd\/\",\"https:\/\/www.youtube.com\/channel\/UCbGxDacLx_DRKyder_zVoNw\"]}]}<\/script>\n<!-- \/ Yoast SEO Premium plugin. -->","yoast_head_json":{"title":"Ficha T\u00e9cnica | Tom Hemp's","description":"Your CBD Shop | Your CBD Brand | born in Berlin - Ficha T\u00e9cnica","robots":{"index":"noindex","follow":"nofollow"},"og_locale":"pt_PT","og_type":"article","og_title":"Ficha T\u00e9cnica","og_description":"Your CBD Shop | Your CBD Brand | born in Berlin - Ficha T\u00e9cnica","og_url":"https:\/\/www.tomhemps.com\/pt-pt\/ficha-tecnica\/","og_site_name":"Your CBD Shop | Your CBD Brand | born in Berlin","article_publisher":"https:\/\/www.facebook.com\/tomhempsberlin\/","article_modified_time":"2024-07-31T10:05:47+00:00","og_image":[{"width":1536,"height":1000,"url":"https:\/\/www.tomhemps.com\/wp-content\/uploads\/2019\/02\/Tom_Hemps_header_logo-clouds.jpg","type":"image\/jpeg"}],"twitter_card":"summary_large_image","twitter_misc":{"Tempo estimado de leitura":"1 minuto"},"schema":{"@context":"https:\/\/schema.org","@graph":[{"@type":"WebPage","@id":"https:\/\/www.tomhemps.com\/pt-pt\/ficha-tecnica\/","url":"https:\/\/www.tomhemps.com\/pt-pt\/ficha-tecnica\/","name":"Ficha T\u00e9cnica | Tom Hemp's","isPartOf":{"@id":"https:\/\/www.tomhemps.com\/pt-pt\/#website"},"datePublished":"2018-02-25T17:59:41+00:00","dateModified":"2024-07-31T10:05:47+00:00","description":"Your CBD Shop | Your CBD Brand | born in Berlin - Ficha T\u00e9cnica","breadcrumb":{"@id":"https:\/\/www.tomhemps.com\/pt-pt\/ficha-tecnica\/#breadcrumb"},"inLanguage":"pt-PT","potentialAction":[{"@type":"ReadAction","target":["https:\/\/www.tomhemps.com\/pt-pt\/ficha-tecnica\/"]}]},{"@type":"BreadcrumbList","@id":"https:\/\/www.tomhemps.com\/pt-pt\/ficha-tecnica\/#breadcrumb","itemListElement":[{"@type":"ListItem","position":1,"name":"Startseite","item":"https:\/\/www.tomhemps.com\/pt-pt\/"},{"@type":"ListItem","position":2,"name":"Ficha T\u00e9cnica"}]},{"@type":"WebSite","@id":"https:\/\/www.tomhemps.com\/pt-pt\/#website","url":"https:\/\/www.tomhemps.com\/pt-pt\/","name":"Your CBD Shop | Your CBD Brand | born in Berlin","description":"CBD Shop Berlin","publisher":{"@id":"https:\/\/www.tomhemps.com\/pt-pt\/#organization"},"potentialAction":[{"@type":"SearchAction","target":{"@type":"EntryPoint","urlTemplate":"https:\/\/www.tomhemps.com\/pt-pt\/?s={search_term_string}"},"query-input":"required name=search_term_string"}],"inLanguage":"pt-PT"},{"@type":"Organization","@id":"https:\/\/www.tomhemps.com\/pt-pt\/#organization","name":"Tom Hemp's CBD Shop","alternateName":"Tom Hemp's Berlin","url":"https:\/\/www.tomhemps.com\/pt-pt\/","logo":{"@type":"ImageObject","inLanguage":"pt-PT","@id":"https:\/\/www.tomhemps.com\/pt-pt\/#\/schema\/logo\/image\/","url":"https:\/\/www.tomhemps.com\/wp-content\/uploads\/2019\/04\/Logo-2019-e1581413011332.jpg","contentUrl":"https:\/\/www.tomhemps.com\/wp-content\/uploads\/2019\/04\/Logo-2019-e1581413011332.jpg","width":460,"height":153,"caption":"Tom Hemp's CBD Shop"},"image":{"@id":"https:\/\/www.tomhemps.com\/pt-pt\/#\/schema\/logo\/image\/"},"sameAs":["https:\/\/www.facebook.com\/tomhempsberlin\/","https:\/\/www.instagram.com\/tomhemps_cbd\/","https:\/\/www.youtube.com\/channel\/UCbGxDacLx_DRKyder_zVoNw"]}]}},"_links":{"self":[{"href":"https:\/\/www.tomhemps.com\/pt-pt\/wp-json\/wp\/v2\/pages\/165619"}],"collection":[{"href":"https:\/\/www.tomhemps.com\/pt-pt\/wp-json\/wp\/v2\/pages"}],"about":[{"href":"https:\/\/www.tomhemps.com\/pt-pt\/wp-json\/wp\/v2\/types\/page"}],"author":[{"embeddable":true,"href":"https:\/\/www.tomhemps.com\/pt-pt\/wp-json\/wp\/v2\/users\/6649"}],"replies":[{"embeddable":true,"href":"https:\/\/www.tomhemps.com\/pt-pt\/wp-json\/wp\/v2\/comments?post=165619"}],"version-history":[{"count":5,"href":"https:\/\/www.tomhemps.com\/pt-pt\/wp-json\/wp\/v2\/pages\/165619\/revisions"}],"predecessor-version":[{"id":619527,"href":"https:\/\/www.tomhemps.com\/pt-pt\/wp-json\/wp\/v2\/pages\/165619\/revisions\/619527"}],"wp:attachment":[{"href":"https:\/\/www.tomhemps.com\/pt-pt\/wp-json\/wp\/v2\/media?parent=165619"}],"curies":[{"name":"wp","href":"https:\/\/api.w.org\/{rel}","templated":true}]}}