{"id":164048,"date":"2022-08-28T17:12:57","date_gmt":"2018-08-28T15:12:57","guid":{"rendered":"https:\/\/www.tomhemps.com\/product\/flor-de-cbd-harlequin\/"},"modified":"2026-04-02T10:50:40","modified_gmt":"2026-04-02T08:50:40","slug":"flor-de-cbd-harlequin-x-cheese","status":"publish","type":"product","link":"https:\/\/www.tomhemps.com\/pt-pt\/prp\/flor-de-cbd-harlequin-x-cheese\/","title":{"rendered":"Flor de CBD Harlequin x Cheese"},"content":{"rendered":"","protected":false},"excerpt":{"rendered":"<p>J\u00e1 te fartaste do quotidiano cinzento? Com as nossas flores arom\u00e1ticas de CBD &#8220;Harlequin&#8221; podes facilmente tornar o cinzento em 16 milh\u00f5es de cores. Mais refrescante que um ramo de flores cultivadas em casa e mais animada do que uma festa de carnaval. Esta variedade vai-te abanar e transformar um ratinho cinzento numa papoila saltitante. Como habitual, as nossas flores arom\u00e1ticas des &#8220;Harlequin&#8221; s\u00e3o livres de pesticidas e herbicidas e prov\u00eam de cannabis certificada pela UE.<\/p>\n","protected":false},"featured_media":538137,"comment_status":"open","ping_status":"closed","template":"","meta":{"_acf_changed":false},"product_cat":[5004,1090,1151],"product_tag":[],"acf":[],"yoast_head":"<!-- This site is optimized with the Yoast SEO Premium plugin v22.8 (Yoast SEO v22.8) - https:\/\/yoast.com\/wordpress\/plugins\/seo\/ -->\n<title>Flor de CBD Harlequin x Cheese<\/title>\n<meta name=\"description\" content=\"Flor de CBD Harlequin x Cheese - Your CBD Shop | Your CBD Brand | born in Berlin\" \/>\n<meta name=\"robots\" content=\"index, follow, max-snippet:-1, max-image-preview:large, max-video-preview:-1\" \/>\n<link rel=\"canonical\" href=\"https:\/\/www.tomhemps.com\/pt-pt\/prp\/flor-de-cbd-harlequin-x-cheese\/\" \/>\n<meta property=\"og:locale\" content=\"pt_PT\" \/>\n<meta property=\"og:type\" content=\"article\" \/>\n<meta property=\"og:title\" content=\"Flor de CBD Harlequin x Cheese\" \/>\n<meta property=\"og:description\" content=\"Flor de CBD Harlequin x Cheese - Your CBD Shop | Your CBD Brand | born in Berlin\" \/>\n<meta property=\"og:url\" content=\"https:\/\/www.tomhemps.com\/pt-pt\/prp\/flor-de-cbd-harlequin-x-cheese\/\" \/>\n<meta property=\"og:site_name\" content=\"Your CBD Shop | Your CBD Brand | born in Berlin\" \/>\n<meta property=\"article:publisher\" content=\"https:\/\/www.facebook.com\/tomhempsberlin\/\" \/>\n<meta property=\"article:modified_time\" content=\"2026-04-02T08:50:40+00:00\" \/>\n<meta property=\"og:image\" content=\"https:\/\/www.tomhemps.com\/wp-content\/uploads\/2022\/10\/TH-products-webshop-680x850-Harlequin.png\" \/>\n\t<meta property=\"og:image:width\" content=\"680\" \/>\n\t<meta property=\"og:image:height\" content=\"850\" \/>\n\t<meta property=\"og:image:type\" content=\"image\/png\" \/>\n<meta name=\"twitter:card\" content=\"summary_large_image\" \/>\n<script type=\"application\/ld+json\" class=\"yoast-schema-graph\">{\"@context\":\"https:\/\/schema.org\",\"@graph\":[{\"@type\":\"WebPage\",\"@id\":\"https:\/\/www.tomhemps.com\/pt-pt\/prp\/flor-de-cbd-harlequin-x-cheese\/\",\"url\":\"https:\/\/www.tomhemps.com\/pt-pt\/prp\/flor-de-cbd-harlequin-x-cheese\/\",\"name\":\"Flor de CBD Harlequin x Cheese\",\"isPartOf\":{\"@id\":\"https:\/\/www.tomhemps.com\/pt-pt\/#website\"},\"primaryImageOfPage\":{\"@id\":\"https:\/\/www.tomhemps.com\/pt-pt\/prp\/flor-de-cbd-harlequin-x-cheese\/#primaryimage\"},\"image\":{\"@id\":\"https:\/\/www.tomhemps.com\/pt-pt\/prp\/flor-de-cbd-harlequin-x-cheese\/#primaryimage\"},\"thumbnailUrl\":\"https:\/\/www.tomhemps.com\/wp-content\/uploads\/2022\/10\/TH-products-webshop-680x850-Harlequin.png\",\"datePublished\":\"2018-08-28T15:12:57+00:00\",\"dateModified\":\"2026-04-02T08:50:40+00:00\",\"description\":\"Flor de CBD Harlequin x Cheese - Your CBD Shop | Your CBD Brand | born in Berlin\",\"breadcrumb\":{\"@id\":\"https:\/\/www.tomhemps.com\/pt-pt\/prp\/flor-de-cbd-harlequin-x-cheese\/#breadcrumb\"},\"inLanguage\":\"pt-PT\",\"potentialAction\":[{\"@type\":\"ReadAction\",\"target\":[\"https:\/\/www.tomhemps.com\/pt-pt\/prp\/flor-de-cbd-harlequin-x-cheese\/\"]}]},{\"@type\":\"ImageObject\",\"inLanguage\":\"pt-PT\",\"@id\":\"https:\/\/www.tomhemps.com\/pt-pt\/prp\/flor-de-cbd-harlequin-x-cheese\/#primaryimage\",\"url\":\"https:\/\/www.tomhemps.com\/wp-content\/uploads\/2022\/10\/TH-products-webshop-680x850-Harlequin.png\",\"contentUrl\":\"https:\/\/www.tomhemps.com\/wp-content\/uploads\/2022\/10\/TH-products-webshop-680x850-Harlequin.png\",\"width\":680,\"height\":850,\"caption\":\"CBD Bl\u00fcten Harlequin X Cheese Package - TomHemp's CBD Shop\"},{\"@type\":\"BreadcrumbList\",\"@id\":\"https:\/\/www.tomhemps.com\/pt-pt\/prp\/flor-de-cbd-harlequin-x-cheese\/#breadcrumb\",\"itemListElement\":[{\"@type\":\"ListItem\",\"position\":1,\"name\":\"Startseite\",\"item\":\"https:\/\/www.tomhemps.com\/pt-pt\/\"},{\"@type\":\"ListItem\",\"position\":2,\"name\":\"Shop\",\"item\":\"https:\/\/www.tomhemps.com\/pt-pt\/shop\/\"},{\"@type\":\"ListItem\",\"position\":3,\"name\":\"Flor de CBD Harlequin x Cheese\"}]},{\"@type\":\"WebSite\",\"@id\":\"https:\/\/www.tomhemps.com\/pt-pt\/#website\",\"url\":\"https:\/\/www.tomhemps.com\/pt-pt\/\",\"name\":\"Your CBD Shop | Your CBD Brand | born in Berlin\",\"description\":\"CBD Shop Berlin\",\"publisher\":{\"@id\":\"https:\/\/www.tomhemps.com\/pt-pt\/#organization\"},\"potentialAction\":[{\"@type\":\"SearchAction\",\"target\":{\"@type\":\"EntryPoint\",\"urlTemplate\":\"https:\/\/www.tomhemps.com\/pt-pt\/?s={search_term_string}\"},\"query-input\":\"required name=search_term_string\"}],\"inLanguage\":\"pt-PT\"},{\"@type\":\"Organization\",\"@id\":\"https:\/\/www.tomhemps.com\/pt-pt\/#organization\",\"name\":\"Tom Hemp's CBD Shop\",\"alternateName\":\"Tom Hemp's Berlin\",\"url\":\"https:\/\/www.tomhemps.com\/pt-pt\/\",\"logo\":{\"@type\":\"ImageObject\",\"inLanguage\":\"pt-PT\",\"@id\":\"https:\/\/www.tomhemps.com\/pt-pt\/#\/schema\/logo\/image\/\",\"url\":\"https:\/\/www.tomhemps.com\/wp-content\/uploads\/2019\/04\/Logo-2019-e1581413011332.jpg\",\"contentUrl\":\"https:\/\/www.tomhemps.com\/wp-content\/uploads\/2019\/04\/Logo-2019-e1581413011332.jpg\",\"width\":460,\"height\":153,\"caption\":\"Tom Hemp's CBD Shop\"},\"image\":{\"@id\":\"https:\/\/www.tomhemps.com\/pt-pt\/#\/schema\/logo\/image\/\"},\"sameAs\":[\"https:\/\/www.facebook.com\/tomhempsberlin\/\",\"https:\/\/www.instagram.com\/tomhemps_cbd\/\",\"https:\/\/www.youtube.com\/channel\/UCbGxDacLx_DRKyder_zVoNw\"]}]}<\/script>\n<!-- \/ Yoast SEO Premium plugin. -->","yoast_head_json":{"title":"Flor de CBD Harlequin x Cheese","description":"Flor de CBD Harlequin x Cheese - Your CBD Shop | Your CBD Brand | born in Berlin","robots":{"index":"index","follow":"follow","max-snippet":"max-snippet:-1","max-image-preview":"max-image-preview:large","max-video-preview":"max-video-preview:-1"},"canonical":"https:\/\/www.tomhemps.com\/pt-pt\/prp\/flor-de-cbd-harlequin-x-cheese\/","og_locale":"pt_PT","og_type":"article","og_title":"Flor de CBD Harlequin x Cheese","og_description":"Flor de CBD Harlequin x Cheese - Your CBD Shop | Your CBD Brand | born in Berlin","og_url":"https:\/\/www.tomhemps.com\/pt-pt\/prp\/flor-de-cbd-harlequin-x-cheese\/","og_site_name":"Your CBD Shop | Your CBD Brand | born in Berlin","article_publisher":"https:\/\/www.facebook.com\/tomhempsberlin\/","article_modified_time":"2026-04-02T08:50:40+00:00","og_image":[{"width":680,"height":850,"url":"https:\/\/www.tomhemps.com\/wp-content\/uploads\/2022\/10\/TH-products-webshop-680x850-Harlequin.png","type":"image\/png"}],"twitter_card":"summary_large_image","schema":{"@context":"https:\/\/schema.org","@graph":[{"@type":"WebPage","@id":"https:\/\/www.tomhemps.com\/pt-pt\/prp\/flor-de-cbd-harlequin-x-cheese\/","url":"https:\/\/www.tomhemps.com\/pt-pt\/prp\/flor-de-cbd-harlequin-x-cheese\/","name":"Flor de CBD Harlequin x Cheese","isPartOf":{"@id":"https:\/\/www.tomhemps.com\/pt-pt\/#website"},"primaryImageOfPage":{"@id":"https:\/\/www.tomhemps.com\/pt-pt\/prp\/flor-de-cbd-harlequin-x-cheese\/#primaryimage"},"image":{"@id":"https:\/\/www.tomhemps.com\/pt-pt\/prp\/flor-de-cbd-harlequin-x-cheese\/#primaryimage"},"thumbnailUrl":"https:\/\/www.tomhemps.com\/wp-content\/uploads\/2022\/10\/TH-products-webshop-680x850-Harlequin.png","datePublished":"2018-08-28T15:12:57+00:00","dateModified":"2026-04-02T08:50:40+00:00","description":"Flor de CBD Harlequin x Cheese - Your CBD Shop | Your CBD Brand | born in Berlin","breadcrumb":{"@id":"https:\/\/www.tomhemps.com\/pt-pt\/prp\/flor-de-cbd-harlequin-x-cheese\/#breadcrumb"},"inLanguage":"pt-PT","potentialAction":[{"@type":"ReadAction","target":["https:\/\/www.tomhemps.com\/pt-pt\/prp\/flor-de-cbd-harlequin-x-cheese\/"]}]},{"@type":"ImageObject","inLanguage":"pt-PT","@id":"https:\/\/www.tomhemps.com\/pt-pt\/prp\/flor-de-cbd-harlequin-x-cheese\/#primaryimage","url":"https:\/\/www.tomhemps.com\/wp-content\/uploads\/2022\/10\/TH-products-webshop-680x850-Harlequin.png","contentUrl":"https:\/\/www.tomhemps.com\/wp-content\/uploads\/2022\/10\/TH-products-webshop-680x850-Harlequin.png","width":680,"height":850,"caption":"CBD Bl\u00fcten Harlequin X Cheese Package - TomHemp's CBD Shop"},{"@type":"BreadcrumbList","@id":"https:\/\/www.tomhemps.com\/pt-pt\/prp\/flor-de-cbd-harlequin-x-cheese\/#breadcrumb","itemListElement":[{"@type":"ListItem","position":1,"name":"Startseite","item":"https:\/\/www.tomhemps.com\/pt-pt\/"},{"@type":"ListItem","position":2,"name":"Shop","item":"https:\/\/www.tomhemps.com\/pt-pt\/shop\/"},{"@type":"ListItem","position":3,"name":"Flor de CBD Harlequin x Cheese"}]},{"@type":"WebSite","@id":"https:\/\/www.tomhemps.com\/pt-pt\/#website","url":"https:\/\/www.tomhemps.com\/pt-pt\/","name":"Your CBD Shop | Your CBD Brand | born in Berlin","description":"CBD Shop Berlin","publisher":{"@id":"https:\/\/www.tomhemps.com\/pt-pt\/#organization"},"potentialAction":[{"@type":"SearchAction","target":{"@type":"EntryPoint","urlTemplate":"https:\/\/www.tomhemps.com\/pt-pt\/?s={search_term_string}"},"query-input":"required name=search_term_string"}],"inLanguage":"pt-PT"},{"@type":"Organization","@id":"https:\/\/www.tomhemps.com\/pt-pt\/#organization","name":"Tom Hemp's CBD Shop","alternateName":"Tom Hemp's Berlin","url":"https:\/\/www.tomhemps.com\/pt-pt\/","logo":{"@type":"ImageObject","inLanguage":"pt-PT","@id":"https:\/\/www.tomhemps.com\/pt-pt\/#\/schema\/logo\/image\/","url":"https:\/\/www.tomhemps.com\/wp-content\/uploads\/2019\/04\/Logo-2019-e1581413011332.jpg","contentUrl":"https:\/\/www.tomhemps.com\/wp-content\/uploads\/2019\/04\/Logo-2019-e1581413011332.jpg","width":460,"height":153,"caption":"Tom Hemp's CBD Shop"},"image":{"@id":"https:\/\/www.tomhemps.com\/pt-pt\/#\/schema\/logo\/image\/"},"sameAs":["https:\/\/www.facebook.com\/tomhempsberlin\/","https:\/\/www.instagram.com\/tomhemps_cbd\/","https:\/\/www.youtube.com\/channel\/UCbGxDacLx_DRKyder_zVoNw"]}]}},"fields":{"pi_t":163931,"pi_tot":"Conte\u00fado","pi_to":"<p>CBD: 6-8%<br \/>\nTHC: &lt; 0,2%<\/p>\n<p>Ingredientes Activos: flores de c\u00e2nhamo Industrial Europeu<\/p>\n","pi_tst":"Aviso","pi_ts":"<p>Este produto \u00e9 destinado exclusivamente para uso comercial, t\u00e9cnico e cient\u00edfico. Armazene fora do alcance de crian\u00e7\u00e3s. O produto n\u00e3o pode ser transportado para o estrangeiro. A ingest\u00e3o ou o acto de fumar este produto \u00e9 estritamente proibido. Estas flores de c\u00e2nhamo industrial Europeu cont\u00e9m menos de 0,2% de THC. O nome do produto n\u00e3o tem significado ou contexto com quaisquer outros produtos e apenas \u00e9 utilizado para efeitos de marketing.<\/p>\n<p>As cores das flores podem ser diferentes das fotos, dependendo da colheita.<\/p>\n","pi_hd":false,"pi_hm":false,"smoking_product":true,"pi_dd":false},"_links":{"self":[{"href":"https:\/\/www.tomhemps.com\/pt-pt\/wp-json\/wp\/v2\/product\/164048"}],"collection":[{"href":"https:\/\/www.tomhemps.com\/pt-pt\/wp-json\/wp\/v2\/product"}],"about":[{"href":"https:\/\/www.tomhemps.com\/pt-pt\/wp-json\/wp\/v2\/types\/product"}],"replies":[{"embeddable":true,"href":"https:\/\/www.tomhemps.com\/pt-pt\/wp-json\/wp\/v2\/comments?post=164048"}],"wp:featuredmedia":[{"embeddable":true,"href":"https:\/\/www.tomhemps.com\/pt-pt\/wp-json\/wp\/v2\/media\/538137"}],"wp:attachment":[{"href":"https:\/\/www.tomhemps.com\/pt-pt\/wp-json\/wp\/v2\/media?parent=164048"}],"wp:term":[{"taxonomy":"product_cat","embeddable":true,"href":"https:\/\/www.tomhemps.com\/pt-pt\/wp-json\/wp\/v2\/product_cat?post=164048"},{"taxonomy":"product_tag","embeddable":true,"href":"https:\/\/www.tomhemps.com\/pt-pt\/wp-json\/wp\/v2\/product_tag?post=164048"}],"curies":[{"name":"wp","href":"https:\/\/api.w.org\/{rel}","templated":true}]}}