{"id":164290,"date":"2018-06-07T19:01:52","date_gmt":"2018-06-07T17:01:52","guid":{"rendered":"https:\/\/www.tomhemps.com\/product\/haxixe-de-cbd-22-jungle-charas\/"},"modified":"2025-10-26T21:12:29","modified_gmt":"2025-10-26T20:12:29","slug":"haxixe-de-cbd-40-jungle-charas","status":"publish","type":"product","link":"https:\/\/www.tomhemps.com\/pt-pt\/prp\/haxixe-de-cbd-40-jungle-charas\/","title":{"rendered":"Haxixe de CBD 40% Jungle Charas"},"content":{"rendered":"","protected":false},"excerpt":{"rendered":"<p>Welcome to the Jungle! Plantas verdes, uma flora impressionante, selvagem e rebelde: Tens outras associa\u00e7\u00f5es com o hash de CBD Jungle Charas da Tom Hemp&#8217;s? Experimenta e depois &#8211; let us know.<\/p>\n","protected":false},"featured_media":587572,"comment_status":"open","ping_status":"closed","template":"","meta":{"_acf_changed":false},"product_cat":[5004,1090,1153],"product_tag":[],"acf":[],"yoast_head":"<!-- This site is optimized with the Yoast SEO Premium plugin v22.8 (Yoast SEO v22.8) - https:\/\/yoast.com\/wordpress\/plugins\/seo\/ -->\n<title>Haxixe de CBD 40% Jungle Charas<\/title>\n<meta name=\"description\" content=\"Haxixe de CBD 40% Jungle Charas - Your CBD Shop | Your CBD Brand | born in Berlin\" \/>\n<meta name=\"robots\" content=\"index, follow, max-snippet:-1, max-image-preview:large, max-video-preview:-1\" \/>\n<link rel=\"canonical\" href=\"https:\/\/www.tomhemps.com\/pt-pt\/prp\/haxixe-de-cbd-40-jungle-charas\/\" \/>\n<meta property=\"og:locale\" content=\"pt_PT\" \/>\n<meta property=\"og:type\" content=\"article\" \/>\n<meta property=\"og:title\" content=\"Haxixe de CBD 40% Jungle Charas\" \/>\n<meta property=\"og:description\" content=\"Haxixe de CBD 40% Jungle Charas - Your CBD Shop | Your CBD Brand | born in Berlin\" \/>\n<meta property=\"og:url\" content=\"https:\/\/www.tomhemps.com\/pt-pt\/prp\/haxixe-de-cbd-40-jungle-charas\/\" \/>\n<meta property=\"og:site_name\" content=\"Your CBD Shop | Your CBD Brand | born in Berlin\" \/>\n<meta property=\"article:publisher\" content=\"https:\/\/www.facebook.com\/tomhempsberlin\/\" \/>\n<meta property=\"article:modified_time\" content=\"2025-10-26T20:12:29+00:00\" \/>\n<meta property=\"og:image\" content=\"https:\/\/www.tomhemps.com\/wp-content\/uploads\/2018\/06\/CBD-HASH-40-JUNGLE-CHARAS_680x750-updated.png\" \/>\n\t<meta property=\"og:image:width\" content=\"680\" \/>\n\t<meta property=\"og:image:height\" content=\"850\" \/>\n\t<meta property=\"og:image:type\" content=\"image\/png\" \/>\n<meta name=\"twitter:card\" content=\"summary_large_image\" \/>\n<script type=\"application\/ld+json\" class=\"yoast-schema-graph\">{\"@context\":\"https:\/\/schema.org\",\"@graph\":[{\"@type\":\"WebPage\",\"@id\":\"https:\/\/www.tomhemps.com\/pt-pt\/prp\/haxixe-de-cbd-40-jungle-charas\/\",\"url\":\"https:\/\/www.tomhemps.com\/pt-pt\/prp\/haxixe-de-cbd-40-jungle-charas\/\",\"name\":\"Haxixe de CBD 40% Jungle Charas\",\"isPartOf\":{\"@id\":\"https:\/\/www.tomhemps.com\/pt-pt\/#website\"},\"primaryImageOfPage\":{\"@id\":\"https:\/\/www.tomhemps.com\/pt-pt\/prp\/haxixe-de-cbd-40-jungle-charas\/#primaryimage\"},\"image\":{\"@id\":\"https:\/\/www.tomhemps.com\/pt-pt\/prp\/haxixe-de-cbd-40-jungle-charas\/#primaryimage\"},\"thumbnailUrl\":\"https:\/\/www.tomhemps.com\/wp-content\/uploads\/2018\/06\/CBD-HASH-40-JUNGLE-CHARAS_680x750-updated.png\",\"datePublished\":\"2018-06-07T17:01:52+00:00\",\"dateModified\":\"2025-10-26T20:12:29+00:00\",\"description\":\"Haxixe de CBD 40% Jungle Charas - Your CBD Shop | Your CBD Brand | born in Berlin\",\"breadcrumb\":{\"@id\":\"https:\/\/www.tomhemps.com\/pt-pt\/prp\/haxixe-de-cbd-40-jungle-charas\/#breadcrumb\"},\"inLanguage\":\"pt-PT\",\"potentialAction\":[{\"@type\":\"ReadAction\",\"target\":[\"https:\/\/www.tomhemps.com\/pt-pt\/prp\/haxixe-de-cbd-40-jungle-charas\/\"]}]},{\"@type\":\"ImageObject\",\"inLanguage\":\"pt-PT\",\"@id\":\"https:\/\/www.tomhemps.com\/pt-pt\/prp\/haxixe-de-cbd-40-jungle-charas\/#primaryimage\",\"url\":\"https:\/\/www.tomhemps.com\/wp-content\/uploads\/2018\/06\/CBD-HASH-40-JUNGLE-CHARAS_680x750-updated.png\",\"contentUrl\":\"https:\/\/www.tomhemps.com\/wp-content\/uploads\/2018\/06\/CBD-HASH-40-JUNGLE-CHARAS_680x750-updated.png\",\"width\":680,\"height\":850,\"caption\":\"CBD Hash 40% Jungle Charas 680x750 Updated\"},{\"@type\":\"BreadcrumbList\",\"@id\":\"https:\/\/www.tomhemps.com\/pt-pt\/prp\/haxixe-de-cbd-40-jungle-charas\/#breadcrumb\",\"itemListElement\":[{\"@type\":\"ListItem\",\"position\":1,\"name\":\"Startseite\",\"item\":\"https:\/\/www.tomhemps.com\/pt-pt\/\"},{\"@type\":\"ListItem\",\"position\":2,\"name\":\"Shop\",\"item\":\"https:\/\/www.tomhemps.com\/pt-pt\/shop\/\"},{\"@type\":\"ListItem\",\"position\":3,\"name\":\"Haxixe de CBD 40% Jungle Charas\"}]},{\"@type\":\"WebSite\",\"@id\":\"https:\/\/www.tomhemps.com\/pt-pt\/#website\",\"url\":\"https:\/\/www.tomhemps.com\/pt-pt\/\",\"name\":\"Your CBD Shop | Your CBD Brand | born in Berlin\",\"description\":\"CBD Shop Berlin\",\"publisher\":{\"@id\":\"https:\/\/www.tomhemps.com\/pt-pt\/#organization\"},\"potentialAction\":[{\"@type\":\"SearchAction\",\"target\":{\"@type\":\"EntryPoint\",\"urlTemplate\":\"https:\/\/www.tomhemps.com\/pt-pt\/?s={search_term_string}\"},\"query-input\":\"required name=search_term_string\"}],\"inLanguage\":\"pt-PT\"},{\"@type\":\"Organization\",\"@id\":\"https:\/\/www.tomhemps.com\/pt-pt\/#organization\",\"name\":\"Tom Hemp's CBD Shop\",\"alternateName\":\"Tom Hemp's Berlin\",\"url\":\"https:\/\/www.tomhemps.com\/pt-pt\/\",\"logo\":{\"@type\":\"ImageObject\",\"inLanguage\":\"pt-PT\",\"@id\":\"https:\/\/www.tomhemps.com\/pt-pt\/#\/schema\/logo\/image\/\",\"url\":\"https:\/\/www.tomhemps.com\/wp-content\/uploads\/2019\/04\/Logo-2019-e1581413011332.jpg\",\"contentUrl\":\"https:\/\/www.tomhemps.com\/wp-content\/uploads\/2019\/04\/Logo-2019-e1581413011332.jpg\",\"width\":460,\"height\":153,\"caption\":\"Tom Hemp's CBD Shop\"},\"image\":{\"@id\":\"https:\/\/www.tomhemps.com\/pt-pt\/#\/schema\/logo\/image\/\"},\"sameAs\":[\"https:\/\/www.facebook.com\/tomhempsberlin\/\",\"https:\/\/www.instagram.com\/tomhemps_cbd\/\",\"https:\/\/www.youtube.com\/channel\/UCbGxDacLx_DRKyder_zVoNw\"]}]}<\/script>\n<!-- \/ Yoast SEO Premium plugin. -->","yoast_head_json":{"title":"Haxixe de CBD 40% Jungle Charas","description":"Haxixe de CBD 40% Jungle Charas - Your CBD Shop | Your CBD Brand | born in Berlin","robots":{"index":"index","follow":"follow","max-snippet":"max-snippet:-1","max-image-preview":"max-image-preview:large","max-video-preview":"max-video-preview:-1"},"canonical":"https:\/\/www.tomhemps.com\/pt-pt\/prp\/haxixe-de-cbd-40-jungle-charas\/","og_locale":"pt_PT","og_type":"article","og_title":"Haxixe de CBD 40% Jungle Charas","og_description":"Haxixe de CBD 40% Jungle Charas - Your CBD Shop | Your CBD Brand | born in Berlin","og_url":"https:\/\/www.tomhemps.com\/pt-pt\/prp\/haxixe-de-cbd-40-jungle-charas\/","og_site_name":"Your CBD Shop | Your CBD Brand | born in Berlin","article_publisher":"https:\/\/www.facebook.com\/tomhempsberlin\/","article_modified_time":"2025-10-26T20:12:29+00:00","og_image":[{"width":680,"height":850,"url":"https:\/\/www.tomhemps.com\/wp-content\/uploads\/2018\/06\/CBD-HASH-40-JUNGLE-CHARAS_680x750-updated.png","type":"image\/png"}],"twitter_card":"summary_large_image","schema":{"@context":"https:\/\/schema.org","@graph":[{"@type":"WebPage","@id":"https:\/\/www.tomhemps.com\/pt-pt\/prp\/haxixe-de-cbd-40-jungle-charas\/","url":"https:\/\/www.tomhemps.com\/pt-pt\/prp\/haxixe-de-cbd-40-jungle-charas\/","name":"Haxixe de CBD 40% Jungle Charas","isPartOf":{"@id":"https:\/\/www.tomhemps.com\/pt-pt\/#website"},"primaryImageOfPage":{"@id":"https:\/\/www.tomhemps.com\/pt-pt\/prp\/haxixe-de-cbd-40-jungle-charas\/#primaryimage"},"image":{"@id":"https:\/\/www.tomhemps.com\/pt-pt\/prp\/haxixe-de-cbd-40-jungle-charas\/#primaryimage"},"thumbnailUrl":"https:\/\/www.tomhemps.com\/wp-content\/uploads\/2018\/06\/CBD-HASH-40-JUNGLE-CHARAS_680x750-updated.png","datePublished":"2018-06-07T17:01:52+00:00","dateModified":"2025-10-26T20:12:29+00:00","description":"Haxixe de CBD 40% Jungle Charas - Your CBD Shop | Your CBD Brand | born in Berlin","breadcrumb":{"@id":"https:\/\/www.tomhemps.com\/pt-pt\/prp\/haxixe-de-cbd-40-jungle-charas\/#breadcrumb"},"inLanguage":"pt-PT","potentialAction":[{"@type":"ReadAction","target":["https:\/\/www.tomhemps.com\/pt-pt\/prp\/haxixe-de-cbd-40-jungle-charas\/"]}]},{"@type":"ImageObject","inLanguage":"pt-PT","@id":"https:\/\/www.tomhemps.com\/pt-pt\/prp\/haxixe-de-cbd-40-jungle-charas\/#primaryimage","url":"https:\/\/www.tomhemps.com\/wp-content\/uploads\/2018\/06\/CBD-HASH-40-JUNGLE-CHARAS_680x750-updated.png","contentUrl":"https:\/\/www.tomhemps.com\/wp-content\/uploads\/2018\/06\/CBD-HASH-40-JUNGLE-CHARAS_680x750-updated.png","width":680,"height":850,"caption":"CBD Hash 40% Jungle Charas 680x750 Updated"},{"@type":"BreadcrumbList","@id":"https:\/\/www.tomhemps.com\/pt-pt\/prp\/haxixe-de-cbd-40-jungle-charas\/#breadcrumb","itemListElement":[{"@type":"ListItem","position":1,"name":"Startseite","item":"https:\/\/www.tomhemps.com\/pt-pt\/"},{"@type":"ListItem","position":2,"name":"Shop","item":"https:\/\/www.tomhemps.com\/pt-pt\/shop\/"},{"@type":"ListItem","position":3,"name":"Haxixe de CBD 40% Jungle Charas"}]},{"@type":"WebSite","@id":"https:\/\/www.tomhemps.com\/pt-pt\/#website","url":"https:\/\/www.tomhemps.com\/pt-pt\/","name":"Your CBD Shop | Your CBD Brand | born in Berlin","description":"CBD Shop Berlin","publisher":{"@id":"https:\/\/www.tomhemps.com\/pt-pt\/#organization"},"potentialAction":[{"@type":"SearchAction","target":{"@type":"EntryPoint","urlTemplate":"https:\/\/www.tomhemps.com\/pt-pt\/?s={search_term_string}"},"query-input":"required name=search_term_string"}],"inLanguage":"pt-PT"},{"@type":"Organization","@id":"https:\/\/www.tomhemps.com\/pt-pt\/#organization","name":"Tom Hemp's CBD Shop","alternateName":"Tom Hemp's Berlin","url":"https:\/\/www.tomhemps.com\/pt-pt\/","logo":{"@type":"ImageObject","inLanguage":"pt-PT","@id":"https:\/\/www.tomhemps.com\/pt-pt\/#\/schema\/logo\/image\/","url":"https:\/\/www.tomhemps.com\/wp-content\/uploads\/2019\/04\/Logo-2019-e1581413011332.jpg","contentUrl":"https:\/\/www.tomhemps.com\/wp-content\/uploads\/2019\/04\/Logo-2019-e1581413011332.jpg","width":460,"height":153,"caption":"Tom Hemp's CBD Shop"},"image":{"@id":"https:\/\/www.tomhemps.com\/pt-pt\/#\/schema\/logo\/image\/"},"sameAs":["https:\/\/www.facebook.com\/tomhempsberlin\/","https:\/\/www.instagram.com\/tomhemps_cbd\/","https:\/\/www.youtube.com\/channel\/UCbGxDacLx_DRKyder_zVoNw"]}]}},"fields":{"pi_t":164350,"pi_tot":"Conte\u00fado","pi_to":"<p>CBD: 40%<br \/>\nTHC: &lt; 0,2%<\/p>\n<p>Ingredientes: C\u00e2nhamo Industrial Europeu Polinizado, terpenos.<\/p>\n","pi_tst":"Aviso","pi_ts":"<p>Este produto \u00e9 um incenso e n\u00e3o est\u00e1 destinado a ser consumido. Explora\u00e7\u00e3o e p\u00f3s processamento \u00e9 estritamente proibido. Armazene fora do alcance das crian\u00e7as. Este produto \u00e9 designado exclusivamente para uso comercial, t\u00e9cnico, ou para uso cient\u00edfico. As images mostradas servem apenas para demonstra\u00e7\u00e3o. O nome do produto n\u00e3o tem significado ou contexto com quaisquer outros produtos e apenas \u00e9 utilizado para efeitos de marketing.<\/p>\n","pi_hd":false,"pi_hm":false,"smoking_product":true,"pi_dd":false},"_links":{"self":[{"href":"https:\/\/www.tomhemps.com\/pt-pt\/wp-json\/wp\/v2\/product\/164290"}],"collection":[{"href":"https:\/\/www.tomhemps.com\/pt-pt\/wp-json\/wp\/v2\/product"}],"about":[{"href":"https:\/\/www.tomhemps.com\/pt-pt\/wp-json\/wp\/v2\/types\/product"}],"replies":[{"embeddable":true,"href":"https:\/\/www.tomhemps.com\/pt-pt\/wp-json\/wp\/v2\/comments?post=164290"}],"wp:featuredmedia":[{"embeddable":true,"href":"https:\/\/www.tomhemps.com\/pt-pt\/wp-json\/wp\/v2\/media\/587572"}],"wp:attachment":[{"href":"https:\/\/www.tomhemps.com\/pt-pt\/wp-json\/wp\/v2\/media?parent=164290"}],"wp:term":[{"taxonomy":"product_cat","embeddable":true,"href":"https:\/\/www.tomhemps.com\/pt-pt\/wp-json\/wp\/v2\/product_cat?post=164290"},{"taxonomy":"product_tag","embeddable":true,"href":"https:\/\/www.tomhemps.com\/pt-pt\/wp-json\/wp\/v2\/product_tag?post=164290"}],"curies":[{"name":"wp","href":"https:\/\/api.w.org\/{rel}","templated":true}]}}