{"id":164465,"date":"2021-10-09T10:59:58","date_gmt":"2020-03-06T09:59:58","guid":{"rendered":"https:\/\/www.tomhemps.com\/product\/cbd-moonrock-ice-50\/"},"modified":"2025-11-28T23:00:23","modified_gmt":"2025-11-28T22:00:23","slug":"cbd-moonrock-ice-50","status":"publish","type":"product","link":"https:\/\/www.tomhemps.com\/pt-pt\/prp\/cbd-moonrock-ice-50\/","title":{"rendered":"CBD Moonrock Ice 50%"},"content":{"rendered":"","protected":false},"excerpt":{"rendered":"<p>Moonrock Ice \u00e9 t\u00e3o frio como o gelo &#8211; \u00e9 uma promessa. Isto \u00e9 Tom Hemp&#8217;s em viagem no Espa\u00e7o &#8211; a s\u00e9rio! Moonrock \u00e9 rico em CBD feito de extractos de c\u00e2nhamo industrial certificado pela UE, e cont\u00e9m o espectro completo de canabin\u00f3ides: terpenos, flavon\u00f3ides, CBD e CBDa. Moonrocks Ice s\u00e3o flores de CBD que s\u00e3o embebidas em extracto l\u00edquido de CBD e polvilhadas em p\u00f3 de CBD Stardust para alcan\u00e7ar um maior conte\u00fado de CBD. O Moonrock Ice atinge cerca de 50%&#8230; agora sim, isto \u00e9 que \u00e9 conversa.<\/p>\n","protected":false},"featured_media":537981,"comment_status":"open","ping_status":"closed","template":"","meta":{"_acf_changed":false},"product_cat":[5004,1151],"product_tag":[],"acf":[],"yoast_head":"<!-- This site is optimized with the Yoast SEO Premium plugin v22.8 (Yoast SEO v22.8) - https:\/\/yoast.com\/wordpress\/plugins\/seo\/ -->\n<title>CBD Moonrock Ice 50%<\/title>\n<meta name=\"description\" content=\"CBD Moonrock Ice 50% - Your CBD Shop | Your CBD Brand | born in Berlin\" \/>\n<meta name=\"robots\" content=\"index, follow, max-snippet:-1, max-image-preview:large, max-video-preview:-1\" \/>\n<link rel=\"canonical\" href=\"https:\/\/www.tomhemps.com\/pt-pt\/prp\/cbd-moonrock-ice-50\/\" \/>\n<meta property=\"og:locale\" content=\"pt_PT\" \/>\n<meta property=\"og:type\" content=\"article\" \/>\n<meta property=\"og:title\" content=\"CBD Moonrock Ice 50%\" \/>\n<meta property=\"og:description\" content=\"CBD Moonrock Ice 50% - Your CBD Shop | Your CBD Brand | born in Berlin\" \/>\n<meta property=\"og:url\" content=\"https:\/\/www.tomhemps.com\/pt-pt\/prp\/cbd-moonrock-ice-50\/\" \/>\n<meta property=\"og:site_name\" content=\"Your CBD Shop | Your CBD Brand | born in Berlin\" \/>\n<meta property=\"article:publisher\" content=\"https:\/\/www.facebook.com\/tomhempsberlin\/\" \/>\n<meta property=\"article:modified_time\" content=\"2025-11-28T22:00:23+00:00\" \/>\n<meta property=\"og:image\" content=\"https:\/\/www.tomhemps.com\/wp-content\/uploads\/2021\/12\/TH-products-webshop-product-680x750-moonrock-ice.png\" \/>\n\t<meta property=\"og:image:width\" content=\"680\" \/>\n\t<meta property=\"og:image:height\" content=\"850\" \/>\n\t<meta property=\"og:image:type\" content=\"image\/png\" \/>\n<meta name=\"twitter:card\" content=\"summary_large_image\" \/>\n<script type=\"application\/ld+json\" class=\"yoast-schema-graph\">{\"@context\":\"https:\/\/schema.org\",\"@graph\":[{\"@type\":\"WebPage\",\"@id\":\"https:\/\/www.tomhemps.com\/pt-pt\/prp\/cbd-moonrock-ice-50\/\",\"url\":\"https:\/\/www.tomhemps.com\/pt-pt\/prp\/cbd-moonrock-ice-50\/\",\"name\":\"CBD Moonrock Ice 50%\",\"isPartOf\":{\"@id\":\"https:\/\/www.tomhemps.com\/pt-pt\/#website\"},\"primaryImageOfPage\":{\"@id\":\"https:\/\/www.tomhemps.com\/pt-pt\/prp\/cbd-moonrock-ice-50\/#primaryimage\"},\"image\":{\"@id\":\"https:\/\/www.tomhemps.com\/pt-pt\/prp\/cbd-moonrock-ice-50\/#primaryimage\"},\"thumbnailUrl\":\"https:\/\/www.tomhemps.com\/wp-content\/uploads\/2021\/12\/TH-products-webshop-product-680x750-moonrock-ice.png\",\"datePublished\":\"2020-03-06T09:59:58+00:00\",\"dateModified\":\"2025-11-28T22:00:23+00:00\",\"description\":\"CBD Moonrock Ice 50% - Your CBD Shop | Your CBD Brand | born in Berlin\",\"breadcrumb\":{\"@id\":\"https:\/\/www.tomhemps.com\/pt-pt\/prp\/cbd-moonrock-ice-50\/#breadcrumb\"},\"inLanguage\":\"pt-PT\",\"potentialAction\":[{\"@type\":\"ReadAction\",\"target\":[\"https:\/\/www.tomhemps.com\/pt-pt\/prp\/cbd-moonrock-ice-50\/\"]}]},{\"@type\":\"ImageObject\",\"inLanguage\":\"pt-PT\",\"@id\":\"https:\/\/www.tomhemps.com\/pt-pt\/prp\/cbd-moonrock-ice-50\/#primaryimage\",\"url\":\"https:\/\/www.tomhemps.com\/wp-content\/uploads\/2021\/12\/TH-products-webshop-product-680x750-moonrock-ice.png\",\"contentUrl\":\"https:\/\/www.tomhemps.com\/wp-content\/uploads\/2021\/12\/TH-products-webshop-product-680x750-moonrock-ice.png\",\"width\":680,\"height\":850,\"caption\":\"CBD Moonrock Ice 50% Package - TomHemp's CBD Shop\"},{\"@type\":\"BreadcrumbList\",\"@id\":\"https:\/\/www.tomhemps.com\/pt-pt\/prp\/cbd-moonrock-ice-50\/#breadcrumb\",\"itemListElement\":[{\"@type\":\"ListItem\",\"position\":1,\"name\":\"Startseite\",\"item\":\"https:\/\/www.tomhemps.com\/pt-pt\/\"},{\"@type\":\"ListItem\",\"position\":2,\"name\":\"Shop\",\"item\":\"https:\/\/www.tomhemps.com\/pt-pt\/shop\/\"},{\"@type\":\"ListItem\",\"position\":3,\"name\":\"CBD Moonrock Ice 50%\"}]},{\"@type\":\"WebSite\",\"@id\":\"https:\/\/www.tomhemps.com\/pt-pt\/#website\",\"url\":\"https:\/\/www.tomhemps.com\/pt-pt\/\",\"name\":\"Your CBD Shop | Your CBD Brand | born in Berlin\",\"description\":\"CBD Shop Berlin\",\"publisher\":{\"@id\":\"https:\/\/www.tomhemps.com\/pt-pt\/#organization\"},\"potentialAction\":[{\"@type\":\"SearchAction\",\"target\":{\"@type\":\"EntryPoint\",\"urlTemplate\":\"https:\/\/www.tomhemps.com\/pt-pt\/?s={search_term_string}\"},\"query-input\":\"required name=search_term_string\"}],\"inLanguage\":\"pt-PT\"},{\"@type\":\"Organization\",\"@id\":\"https:\/\/www.tomhemps.com\/pt-pt\/#organization\",\"name\":\"Tom Hemp's CBD Shop\",\"alternateName\":\"Tom Hemp's Berlin\",\"url\":\"https:\/\/www.tomhemps.com\/pt-pt\/\",\"logo\":{\"@type\":\"ImageObject\",\"inLanguage\":\"pt-PT\",\"@id\":\"https:\/\/www.tomhemps.com\/pt-pt\/#\/schema\/logo\/image\/\",\"url\":\"https:\/\/www.tomhemps.com\/wp-content\/uploads\/2019\/04\/Logo-2019-e1581413011332.jpg\",\"contentUrl\":\"https:\/\/www.tomhemps.com\/wp-content\/uploads\/2019\/04\/Logo-2019-e1581413011332.jpg\",\"width\":460,\"height\":153,\"caption\":\"Tom Hemp's CBD Shop\"},\"image\":{\"@id\":\"https:\/\/www.tomhemps.com\/pt-pt\/#\/schema\/logo\/image\/\"},\"sameAs\":[\"https:\/\/www.facebook.com\/tomhempsberlin\/\",\"https:\/\/www.instagram.com\/tomhemps_cbd\/\",\"https:\/\/www.youtube.com\/channel\/UCbGxDacLx_DRKyder_zVoNw\"]}]}<\/script>\n<!-- \/ Yoast SEO Premium plugin. -->","yoast_head_json":{"title":"CBD Moonrock Ice 50%","description":"CBD Moonrock Ice 50% - Your CBD Shop | Your CBD Brand | born in Berlin","robots":{"index":"index","follow":"follow","max-snippet":"max-snippet:-1","max-image-preview":"max-image-preview:large","max-video-preview":"max-video-preview:-1"},"canonical":"https:\/\/www.tomhemps.com\/pt-pt\/prp\/cbd-moonrock-ice-50\/","og_locale":"pt_PT","og_type":"article","og_title":"CBD Moonrock Ice 50%","og_description":"CBD Moonrock Ice 50% - Your CBD Shop | Your CBD Brand | born in Berlin","og_url":"https:\/\/www.tomhemps.com\/pt-pt\/prp\/cbd-moonrock-ice-50\/","og_site_name":"Your CBD Shop | Your CBD Brand | born in Berlin","article_publisher":"https:\/\/www.facebook.com\/tomhempsberlin\/","article_modified_time":"2025-11-28T22:00:23+00:00","og_image":[{"width":680,"height":850,"url":"https:\/\/www.tomhemps.com\/wp-content\/uploads\/2021\/12\/TH-products-webshop-product-680x750-moonrock-ice.png","type":"image\/png"}],"twitter_card":"summary_large_image","schema":{"@context":"https:\/\/schema.org","@graph":[{"@type":"WebPage","@id":"https:\/\/www.tomhemps.com\/pt-pt\/prp\/cbd-moonrock-ice-50\/","url":"https:\/\/www.tomhemps.com\/pt-pt\/prp\/cbd-moonrock-ice-50\/","name":"CBD Moonrock Ice 50%","isPartOf":{"@id":"https:\/\/www.tomhemps.com\/pt-pt\/#website"},"primaryImageOfPage":{"@id":"https:\/\/www.tomhemps.com\/pt-pt\/prp\/cbd-moonrock-ice-50\/#primaryimage"},"image":{"@id":"https:\/\/www.tomhemps.com\/pt-pt\/prp\/cbd-moonrock-ice-50\/#primaryimage"},"thumbnailUrl":"https:\/\/www.tomhemps.com\/wp-content\/uploads\/2021\/12\/TH-products-webshop-product-680x750-moonrock-ice.png","datePublished":"2020-03-06T09:59:58+00:00","dateModified":"2025-11-28T22:00:23+00:00","description":"CBD Moonrock Ice 50% - Your CBD Shop | Your CBD Brand | born in Berlin","breadcrumb":{"@id":"https:\/\/www.tomhemps.com\/pt-pt\/prp\/cbd-moonrock-ice-50\/#breadcrumb"},"inLanguage":"pt-PT","potentialAction":[{"@type":"ReadAction","target":["https:\/\/www.tomhemps.com\/pt-pt\/prp\/cbd-moonrock-ice-50\/"]}]},{"@type":"ImageObject","inLanguage":"pt-PT","@id":"https:\/\/www.tomhemps.com\/pt-pt\/prp\/cbd-moonrock-ice-50\/#primaryimage","url":"https:\/\/www.tomhemps.com\/wp-content\/uploads\/2021\/12\/TH-products-webshop-product-680x750-moonrock-ice.png","contentUrl":"https:\/\/www.tomhemps.com\/wp-content\/uploads\/2021\/12\/TH-products-webshop-product-680x750-moonrock-ice.png","width":680,"height":850,"caption":"CBD Moonrock Ice 50% Package - TomHemp's CBD Shop"},{"@type":"BreadcrumbList","@id":"https:\/\/www.tomhemps.com\/pt-pt\/prp\/cbd-moonrock-ice-50\/#breadcrumb","itemListElement":[{"@type":"ListItem","position":1,"name":"Startseite","item":"https:\/\/www.tomhemps.com\/pt-pt\/"},{"@type":"ListItem","position":2,"name":"Shop","item":"https:\/\/www.tomhemps.com\/pt-pt\/shop\/"},{"@type":"ListItem","position":3,"name":"CBD Moonrock Ice 50%"}]},{"@type":"WebSite","@id":"https:\/\/www.tomhemps.com\/pt-pt\/#website","url":"https:\/\/www.tomhemps.com\/pt-pt\/","name":"Your CBD Shop | Your CBD Brand | born in Berlin","description":"CBD Shop Berlin","publisher":{"@id":"https:\/\/www.tomhemps.com\/pt-pt\/#organization"},"potentialAction":[{"@type":"SearchAction","target":{"@type":"EntryPoint","urlTemplate":"https:\/\/www.tomhemps.com\/pt-pt\/?s={search_term_string}"},"query-input":"required name=search_term_string"}],"inLanguage":"pt-PT"},{"@type":"Organization","@id":"https:\/\/www.tomhemps.com\/pt-pt\/#organization","name":"Tom Hemp's CBD Shop","alternateName":"Tom Hemp's Berlin","url":"https:\/\/www.tomhemps.com\/pt-pt\/","logo":{"@type":"ImageObject","inLanguage":"pt-PT","@id":"https:\/\/www.tomhemps.com\/pt-pt\/#\/schema\/logo\/image\/","url":"https:\/\/www.tomhemps.com\/wp-content\/uploads\/2019\/04\/Logo-2019-e1581413011332.jpg","contentUrl":"https:\/\/www.tomhemps.com\/wp-content\/uploads\/2019\/04\/Logo-2019-e1581413011332.jpg","width":460,"height":153,"caption":"Tom Hemp's CBD Shop"},"image":{"@id":"https:\/\/www.tomhemps.com\/pt-pt\/#\/schema\/logo\/image\/"},"sameAs":["https:\/\/www.facebook.com\/tomhempsberlin\/","https:\/\/www.instagram.com\/tomhemps_cbd\/","https:\/\/www.youtube.com\/channel\/UCbGxDacLx_DRKyder_zVoNw"]}]}},"fields":{"pi_t":163931,"pi_tot":"Conte\u00fado","pi_to":"<p>CBD: 50%<br \/>\nTHC: &lt; 0,2%<\/p>\n<p>Ingredientes: Flores de c\u00e2nhamo industrial europeu, extracto de espectro total, c\u00e2nhamo polinizado.<\/p>\n","pi_tst":"Aviso","pi_ts":"<p>Este produto \u00e9 um incenso e n\u00e3o est\u00e1 destinado a ser consumido. Explora\u00e7\u00e3o e p\u00f3s processamento \u00e9 estritamente proibido. Armazene fora do alcance das crian\u00e7as. Este produto \u00e9 designado exclusivamente para uso comercial, t\u00e9cnico, ou para uso cient\u00edfico. As images mostradas servem apenas para demonstra\u00e7\u00e3o. O nome do produto n\u00e3o tem significado ou contexto com quaisquer outros produtos e apenas \u00e9 utilizado para efeitos de marketing.<\/p>\n","pi_hd":false,"pi_hm":false,"smoking_product":true,"pi_dd":false},"_links":{"self":[{"href":"https:\/\/www.tomhemps.com\/pt-pt\/wp-json\/wp\/v2\/product\/164465"}],"collection":[{"href":"https:\/\/www.tomhemps.com\/pt-pt\/wp-json\/wp\/v2\/product"}],"about":[{"href":"https:\/\/www.tomhemps.com\/pt-pt\/wp-json\/wp\/v2\/types\/product"}],"replies":[{"embeddable":true,"href":"https:\/\/www.tomhemps.com\/pt-pt\/wp-json\/wp\/v2\/comments?post=164465"}],"wp:featuredmedia":[{"embeddable":true,"href":"https:\/\/www.tomhemps.com\/pt-pt\/wp-json\/wp\/v2\/media\/537981"}],"wp:attachment":[{"href":"https:\/\/www.tomhemps.com\/pt-pt\/wp-json\/wp\/v2\/media?parent=164465"}],"wp:term":[{"taxonomy":"product_cat","embeddable":true,"href":"https:\/\/www.tomhemps.com\/pt-pt\/wp-json\/wp\/v2\/product_cat?post=164465"},{"taxonomy":"product_tag","embeddable":true,"href":"https:\/\/www.tomhemps.com\/pt-pt\/wp-json\/wp\/v2\/product_tag?post=164465"}],"curies":[{"name":"wp","href":"https:\/\/api.w.org\/{rel}","templated":true}]}}