{"id":164509,"date":"2018-07-10T16:17:46","date_gmt":"2018-07-10T14:17:46","guid":{"rendered":"https:\/\/www.tomhemps.com\/product\/terpenes\/"},"modified":"2022-07-31T23:30:59","modified_gmt":"2022-07-31T21:30:59","slug":"terpenos-naturais","status":"publish","type":"product","link":"https:\/\/www.tomhemps.com\/pt-pt\/prp\/terpenos-naturais\/","title":{"rendered":"Terpenos naturais"},"content":{"rendered":"","protected":false},"excerpt":{"rendered":"<p>Os terpenos s\u00e3o os principais componentes dos \u00f3leos essenciais de muitas plantas, flores e frutas, como laranjas, lim\u00f5es, pimenta ou cannabis, contribuindo para seu cheiro e sabor.<\/p>\n<p>Os perfis de terpenos de cannabis da Cali Terpenes s\u00e3o reprodu\u00e7\u00f5es desses aromas naturais, feitos de terpenos destilados de diferentes plantas org\u00e2nicas. Eles n\u00e3o utilizam plantas de cannabis para obter os terpenos e portanto n\u00e3o cont\u00eam canabinoides como THC ou CBD. Tamb\u00e9m n\u00e3o utilizam qualquer aditivo \u2013 mas os terpenos ainda t\u00eam um sabor inconfund\u00edvel de cannabis de diferentes varia\u00e7\u00f5es.<\/p>\n<p>Eles s\u00e3o ideais para infundir sabores \u00fanicos em extratos de ervas, \u00f3leos e e-l\u00edquidos. Produtos org\u00e2nicos certificados, os terpenos n\u00e3o cont\u00eam herbicidas, pesticidas ou transg\u00eanicos.<\/p>\n","protected":false},"featured_media":164511,"comment_status":"open","ping_status":"closed","template":"","meta":{"_acf_changed":false},"product_cat":[4957],"product_tag":[],"acf":[],"yoast_head":"<!-- This site is optimized with the Yoast SEO Premium plugin v22.8 (Yoast SEO v22.8) - https:\/\/yoast.com\/wordpress\/plugins\/seo\/ -->\n<title>Terpenos naturais<\/title>\n<meta name=\"description\" content=\"Terpenos naturais - Your CBD Shop | Your CBD Brand | born in Berlin\" \/>\n<meta name=\"robots\" content=\"index, follow, max-snippet:-1, max-image-preview:large, max-video-preview:-1\" \/>\n<link rel=\"canonical\" href=\"https:\/\/www.tomhemps.com\/pt-pt\/prp\/terpenos-naturais\/\" \/>\n<meta property=\"og:locale\" content=\"pt_PT\" \/>\n<meta property=\"og:type\" content=\"article\" \/>\n<meta property=\"og:title\" content=\"Terpenos naturais\" \/>\n<meta property=\"og:description\" content=\"Terpenos naturais - Your CBD Shop | Your CBD Brand | born in Berlin\" \/>\n<meta property=\"og:url\" content=\"https:\/\/www.tomhemps.com\/pt-pt\/prp\/terpenos-naturais\/\" \/>\n<meta property=\"og:site_name\" content=\"Your CBD Shop | Your CBD Brand | born in Berlin\" \/>\n<meta property=\"article:publisher\" content=\"https:\/\/www.facebook.com\/tomhempsberlin\/\" \/>\n<meta property=\"article:modified_time\" content=\"2022-07-31T21:30:59+00:00\" \/>\n<meta property=\"og:image\" content=\"https:\/\/www.tomhemps.com\/wp-content\/uploads\/2018\/07\/Cali_terpenes_blackberrykush_Desktop_Detail_HD_1780x1600.png\" \/>\n\t<meta property=\"og:image:width\" content=\"1780\" \/>\n\t<meta property=\"og:image:height\" content=\"1600\" \/>\n\t<meta property=\"og:image:type\" content=\"image\/png\" \/>\n<meta name=\"twitter:card\" content=\"summary_large_image\" \/>\n<script type=\"application\/ld+json\" class=\"yoast-schema-graph\">{\"@context\":\"https:\/\/schema.org\",\"@graph\":[{\"@type\":\"WebPage\",\"@id\":\"https:\/\/www.tomhemps.com\/pt-pt\/prp\/terpenos-naturais\/\",\"url\":\"https:\/\/www.tomhemps.com\/pt-pt\/prp\/terpenos-naturais\/\",\"name\":\"Terpenos naturais\",\"isPartOf\":{\"@id\":\"https:\/\/www.tomhemps.com\/pt-pt\/#website\"},\"primaryImageOfPage\":{\"@id\":\"https:\/\/www.tomhemps.com\/pt-pt\/prp\/terpenos-naturais\/#primaryimage\"},\"image\":{\"@id\":\"https:\/\/www.tomhemps.com\/pt-pt\/prp\/terpenos-naturais\/#primaryimage\"},\"thumbnailUrl\":\"https:\/\/www.tomhemps.com\/wp-content\/uploads\/2018\/07\/Cali_terpenes_blackberrykush_Desktop_Detail_HD_1780x1600.png\",\"datePublished\":\"2018-07-10T14:17:46+00:00\",\"dateModified\":\"2022-07-31T21:30:59+00:00\",\"description\":\"Terpenos naturais - Your CBD Shop | Your CBD Brand | born in Berlin\",\"breadcrumb\":{\"@id\":\"https:\/\/www.tomhemps.com\/pt-pt\/prp\/terpenos-naturais\/#breadcrumb\"},\"inLanguage\":\"pt-PT\",\"potentialAction\":[{\"@type\":\"ReadAction\",\"target\":[\"https:\/\/www.tomhemps.com\/pt-pt\/prp\/terpenos-naturais\/\"]}]},{\"@type\":\"ImageObject\",\"inLanguage\":\"pt-PT\",\"@id\":\"https:\/\/www.tomhemps.com\/pt-pt\/prp\/terpenos-naturais\/#primaryimage\",\"url\":\"https:\/\/www.tomhemps.com\/wp-content\/uploads\/2018\/07\/Cali_terpenes_blackberrykush_Desktop_Detail_HD_1780x1600.png\",\"contentUrl\":\"https:\/\/www.tomhemps.com\/wp-content\/uploads\/2018\/07\/Cali_terpenes_blackberrykush_Desktop_Detail_HD_1780x1600.png\",\"width\":1780,\"height\":1600,\"caption\":\"Cali terpenes with yellow-black packaging in several aromas.\"},{\"@type\":\"BreadcrumbList\",\"@id\":\"https:\/\/www.tomhemps.com\/pt-pt\/prp\/terpenos-naturais\/#breadcrumb\",\"itemListElement\":[{\"@type\":\"ListItem\",\"position\":1,\"name\":\"Startseite\",\"item\":\"https:\/\/www.tomhemps.com\/pt-pt\/\"},{\"@type\":\"ListItem\",\"position\":2,\"name\":\"Shop\",\"item\":\"https:\/\/www.tomhemps.com\/pt-pt\/shop\/\"},{\"@type\":\"ListItem\",\"position\":3,\"name\":\"Terpenos naturais\"}]},{\"@type\":\"WebSite\",\"@id\":\"https:\/\/www.tomhemps.com\/pt-pt\/#website\",\"url\":\"https:\/\/www.tomhemps.com\/pt-pt\/\",\"name\":\"Your CBD Shop | Your CBD Brand | born in Berlin\",\"description\":\"CBD Shop Berlin\",\"publisher\":{\"@id\":\"https:\/\/www.tomhemps.com\/pt-pt\/#organization\"},\"potentialAction\":[{\"@type\":\"SearchAction\",\"target\":{\"@type\":\"EntryPoint\",\"urlTemplate\":\"https:\/\/www.tomhemps.com\/pt-pt\/?s={search_term_string}\"},\"query-input\":\"required name=search_term_string\"}],\"inLanguage\":\"pt-PT\"},{\"@type\":\"Organization\",\"@id\":\"https:\/\/www.tomhemps.com\/pt-pt\/#organization\",\"name\":\"Tom Hemp's CBD Shop\",\"alternateName\":\"Tom Hemp's Berlin\",\"url\":\"https:\/\/www.tomhemps.com\/pt-pt\/\",\"logo\":{\"@type\":\"ImageObject\",\"inLanguage\":\"pt-PT\",\"@id\":\"https:\/\/www.tomhemps.com\/pt-pt\/#\/schema\/logo\/image\/\",\"url\":\"https:\/\/www.tomhemps.com\/wp-content\/uploads\/2019\/04\/Logo-2019-e1581413011332.jpg\",\"contentUrl\":\"https:\/\/www.tomhemps.com\/wp-content\/uploads\/2019\/04\/Logo-2019-e1581413011332.jpg\",\"width\":460,\"height\":153,\"caption\":\"Tom Hemp's CBD Shop\"},\"image\":{\"@id\":\"https:\/\/www.tomhemps.com\/pt-pt\/#\/schema\/logo\/image\/\"},\"sameAs\":[\"https:\/\/www.facebook.com\/tomhempsberlin\/\",\"https:\/\/www.instagram.com\/tomhemps_cbd\/\",\"https:\/\/www.youtube.com\/channel\/UCbGxDacLx_DRKyder_zVoNw\"]}]}<\/script>\n<!-- \/ Yoast SEO Premium plugin. -->","yoast_head_json":{"title":"Terpenos naturais","description":"Terpenos naturais - Your CBD Shop | Your CBD Brand | born in Berlin","robots":{"index":"index","follow":"follow","max-snippet":"max-snippet:-1","max-image-preview":"max-image-preview:large","max-video-preview":"max-video-preview:-1"},"canonical":"https:\/\/www.tomhemps.com\/pt-pt\/prp\/terpenos-naturais\/","og_locale":"pt_PT","og_type":"article","og_title":"Terpenos naturais","og_description":"Terpenos naturais - Your CBD Shop | Your CBD Brand | born in Berlin","og_url":"https:\/\/www.tomhemps.com\/pt-pt\/prp\/terpenos-naturais\/","og_site_name":"Your CBD Shop | Your CBD Brand | born in Berlin","article_publisher":"https:\/\/www.facebook.com\/tomhempsberlin\/","article_modified_time":"2022-07-31T21:30:59+00:00","og_image":[{"width":1780,"height":1600,"url":"https:\/\/www.tomhemps.com\/wp-content\/uploads\/2018\/07\/Cali_terpenes_blackberrykush_Desktop_Detail_HD_1780x1600.png","type":"image\/png"}],"twitter_card":"summary_large_image","schema":{"@context":"https:\/\/schema.org","@graph":[{"@type":"WebPage","@id":"https:\/\/www.tomhemps.com\/pt-pt\/prp\/terpenos-naturais\/","url":"https:\/\/www.tomhemps.com\/pt-pt\/prp\/terpenos-naturais\/","name":"Terpenos naturais","isPartOf":{"@id":"https:\/\/www.tomhemps.com\/pt-pt\/#website"},"primaryImageOfPage":{"@id":"https:\/\/www.tomhemps.com\/pt-pt\/prp\/terpenos-naturais\/#primaryimage"},"image":{"@id":"https:\/\/www.tomhemps.com\/pt-pt\/prp\/terpenos-naturais\/#primaryimage"},"thumbnailUrl":"https:\/\/www.tomhemps.com\/wp-content\/uploads\/2018\/07\/Cali_terpenes_blackberrykush_Desktop_Detail_HD_1780x1600.png","datePublished":"2018-07-10T14:17:46+00:00","dateModified":"2022-07-31T21:30:59+00:00","description":"Terpenos naturais - Your CBD Shop | Your CBD Brand | born in Berlin","breadcrumb":{"@id":"https:\/\/www.tomhemps.com\/pt-pt\/prp\/terpenos-naturais\/#breadcrumb"},"inLanguage":"pt-PT","potentialAction":[{"@type":"ReadAction","target":["https:\/\/www.tomhemps.com\/pt-pt\/prp\/terpenos-naturais\/"]}]},{"@type":"ImageObject","inLanguage":"pt-PT","@id":"https:\/\/www.tomhemps.com\/pt-pt\/prp\/terpenos-naturais\/#primaryimage","url":"https:\/\/www.tomhemps.com\/wp-content\/uploads\/2018\/07\/Cali_terpenes_blackberrykush_Desktop_Detail_HD_1780x1600.png","contentUrl":"https:\/\/www.tomhemps.com\/wp-content\/uploads\/2018\/07\/Cali_terpenes_blackberrykush_Desktop_Detail_HD_1780x1600.png","width":1780,"height":1600,"caption":"Cali terpenes with yellow-black packaging in several aromas."},{"@type":"BreadcrumbList","@id":"https:\/\/www.tomhemps.com\/pt-pt\/prp\/terpenos-naturais\/#breadcrumb","itemListElement":[{"@type":"ListItem","position":1,"name":"Startseite","item":"https:\/\/www.tomhemps.com\/pt-pt\/"},{"@type":"ListItem","position":2,"name":"Shop","item":"https:\/\/www.tomhemps.com\/pt-pt\/shop\/"},{"@type":"ListItem","position":3,"name":"Terpenos naturais"}]},{"@type":"WebSite","@id":"https:\/\/www.tomhemps.com\/pt-pt\/#website","url":"https:\/\/www.tomhemps.com\/pt-pt\/","name":"Your CBD Shop | Your CBD Brand | born in Berlin","description":"CBD Shop Berlin","publisher":{"@id":"https:\/\/www.tomhemps.com\/pt-pt\/#organization"},"potentialAction":[{"@type":"SearchAction","target":{"@type":"EntryPoint","urlTemplate":"https:\/\/www.tomhemps.com\/pt-pt\/?s={search_term_string}"},"query-input":"required name=search_term_string"}],"inLanguage":"pt-PT"},{"@type":"Organization","@id":"https:\/\/www.tomhemps.com\/pt-pt\/#organization","name":"Tom Hemp's CBD Shop","alternateName":"Tom Hemp's Berlin","url":"https:\/\/www.tomhemps.com\/pt-pt\/","logo":{"@type":"ImageObject","inLanguage":"pt-PT","@id":"https:\/\/www.tomhemps.com\/pt-pt\/#\/schema\/logo\/image\/","url":"https:\/\/www.tomhemps.com\/wp-content\/uploads\/2019\/04\/Logo-2019-e1581413011332.jpg","contentUrl":"https:\/\/www.tomhemps.com\/wp-content\/uploads\/2019\/04\/Logo-2019-e1581413011332.jpg","width":460,"height":153,"caption":"Tom Hemp's CBD Shop"},"image":{"@id":"https:\/\/www.tomhemps.com\/pt-pt\/#\/schema\/logo\/image\/"},"sameAs":["https:\/\/www.facebook.com\/tomhempsberlin\/","https:\/\/www.instagram.com\/tomhemps_cbd\/","https:\/\/www.youtube.com\/channel\/UCbGxDacLx_DRKyder_zVoNw"]}]}},"fields":{"pi_dd":164510,"pi_t":164512,"pi_tot":"Conte\u00fado","pi_to":"<p>Conte\u00fado: 1 ml<\/p>\n<p>Aromas:<br \/>\n<strong>10K Jack<\/strong> tem um aroma c\u00edtrico e frutado que lembra o pinho e o lim\u00e3o, com um distinto adocicado e terroso sabor posterior.<\/p>\n<p><strong>24K Gold<\/strong> tem um aroma c\u00edtrico e doce com um toque terroso.<\/p>\n<p><strong>3 Kings<\/strong> tem um aroma e sabor que consiste de uma mistura de um toque terroso, com um tipo Diesel de c\u00edtrico e pinho.<\/p>\n<p><strong>707 Truthband<\/strong> tem um sabor e aroma intenso. Uma mistura de um toque de lim\u00e3o e fruta picante, com uma nota de petr\u00f3leo Diesel.<\/p>\n<p><strong>AK 47<\/strong> tem um aroma e sabor doce de bagas vermelhas com um toque intenso de pinho e terra \u00famida.<\/p>\n<p><strong>Amnesia<\/strong> tem um aroma e sabor intenso que mistura toques c\u00edtricos, terroso e doce.<\/p>\n<p><strong>Black Dream<\/strong> tem um aroma frutado e doce com um toque picante.<\/p>\n<p><strong>Blackberry Kush<\/strong> tem um aroma e sabor penetrantes que lembram hashish Afeg\u00e3o com um toque doce, terroso e de frutas vermelhas.<\/p>\n<p>Cheese tem um aroma intenso, doce e sabor c\u00edtrico tipo Skunk com um toque de queijo maturado e incenso.<\/p>\n<p><strong>Chemdawg 4<\/strong> tem um sabor e aroma c\u00edtrico bastante intenso com toque terroso, temperado e picante.<\/p>\n<p><strong>Chocolate Mint OG<\/strong> tem um aroma e sabor bastante especial e complexo que mistura toques de chocolate, menta, pinho e notas de Diesel.<\/p>\n<p><strong>Cinderella 99<\/strong> tem um aroma e sabor intenso que mistura toques c\u00edtricos tipo lim\u00e3o com notas de terra \u00famida e incenso.<\/p>\n<p><strong>Critical<\/strong> tem um aroma e sabor intenso, uma mistura de c\u00edtrico com toques adocicados tipo Skunk com notas de lim\u00e3o, pinho e temperos.<\/p>\n<p><strong>Critical Jack<\/strong> tem um aroma intenso e sabor tipo lim\u00e3o com toques de pinho e uma clara base floral.<\/p>\n<p><strong>Dosidos<\/strong> tem um aroma intenso, terroso e sabor doce com toque picante.<\/p>\n<p>Furious Candy tem um sabor e aroma bastante doce, tipo chiclete de morango com uma base terrosa e fresca.<\/p>\n<p><strong>Gelato<\/strong> tem um aroma e sabor intenso e doce com toque c\u00edtrico, terroso e cremoso.<\/p>\n<p><strong>Gipsy Haze<\/strong> tem um aroma intenso e sabor Haze, fruta adocicada e c\u00edtrica, mistura toques de frutas como a manga e lima com toque de incenso.<\/p>\n<p><strong>Girl Scout<\/strong> tem um aroma e sabor intenso que mistura toques doce, terroso e picante.<\/p>\n<p><strong>Gorilla Glue<\/strong> tem um aroma terros intenso e profundo sabor com um claro e pungente toque tipo pinho.<\/p>\n<p><strong>Grapefruit OG<\/strong> tem um aroma intenso de pomelo com toque c\u00edtrico e terroso.<\/p>\n<p><strong>High Level<\/strong> tem um aroma frutado e doce. Seus sabores lembram fruta madura com um toque picante.<\/p>\n<p><strong>Holy Grail Kush<\/strong> tem um aroma intenso e sabor \u00e2\u20ac\u02dcKush\u00e2\u20ac\u2122 que mistura toques terroso, doce e de pinho.<\/p>\n<p><strong>Jamaican Dream<\/strong> tem um aroma e sabor levemente doce com toque c\u00edtrico e de nozes.<\/p>\n<p><strong>Kashmir Kush<\/strong> tem um aroma e sabor terroso, c\u00edtrico (tipo lim\u00e3o) com toque picante assim como doces, tipo baunilha com notas de menta.<\/p>\n<p><strong>Key Lime Pie<\/strong> tem um aroma e sabor intenso que mistura sabor c\u00edtrico que lembra a lima com toque doce.<\/p>\n<p><strong>Lavender<\/strong> tem um aroma intenso e fresco, mistura de diversas flores, especialmente lavanda.<\/p>\n<p><strong>Lemon Cookies<\/strong> tem um aroma e sabor intensos que mistura toques c\u00edtrico tipo lim\u00e3o &#8211; caracter\u00edstico do Super Lemon Haze &#8211; com toques terroso e picante, herdado do Girl Scout Cookies.<\/p>\n<p><strong>M.I.B.<\/strong> tem um aroma frutado que lembra a mistura de p\u00eassego com tangerina.<\/p>\n<p><strong>Mojito<\/strong> tem um aroma e sabor intenso que mistura toques c\u00edtricos tipo lima com menta e chocolate.<\/p>\n<p><strong>Monster<\/strong> tem um aroma e sabor picante com toques c\u00edtricos e de madeira Asi\u00e1tica.<br \/>\n<strong>Nina Limone<\/strong> tem um aroma e sabor intenso de lim\u00e3o com toque doce.<br \/>\n<strong>OG Kush<\/strong> tem um aroma intenso e sabor frutado que lembra o de bagas com toque c\u00edtrico e picante tipo Diesel.<\/p>\n<p><strong>Orange Turbo<\/strong> tem aroma intenso e sabor c\u00edtrico que lembra o de laranja, com um toque doce combinado com um toque avinagrado.<\/p>\n<p><strong>Pink Plant<\/strong> tem um aroma intenso, frutado e fresco.<\/p>\n<p><strong>Sensi Star<\/strong> tem um aroma e sabor intenso de terra \u00famida com toque doce e picante.<\/p>\n<p><strong>SFV OG<\/strong> tem um aroma intenso e sabor terroso e profundo com toque picante.<\/p>\n<p><strong>Sour Diesel<\/strong> tem um sabor intenso tipo Diesel com toque picante e terroso.<\/p>\n<p><strong>Sugaree<\/strong> tem um aroma intenso e sabor de pomelo com toque fresco e c\u00edtrico tipo Diesel.<\/p>\n<p><strong>Super Lemon Haze<\/strong> tem um aroma c\u00edtrico intenso tipo &#8220;Haze&#8221; com predominancia de lim\u00e3o, pomelo e toque picante.<\/p>\n<p><strong>Sweet Tooth<\/strong> tem um aroma intenso e terroso, sabor profundo com toque claro e pujante tipo pinho.<\/p>\n<p><strong>Tangie<\/strong> tem um aroma intenso e c\u00edtrico, sabor terroso e doce que lembra o da tangerina.<\/p>\n<p><strong>TNT Kush<\/strong> tem um aroma ex\u00f3tico que mistura toques de cerejas, bagas e nozes.<\/p>\n<p><strong>Truth<\/strong> tem um aroma intenso e c\u00edtrico, sabor frutado que lembra o de bagas silvestres com toque de lim\u00e3o, terra e madeira oriental.<\/p>\n<p><strong>Veneno<\/strong> tem um aroma frutado intenso no qual o morango se destaca, com toques de madeira oriental e temperos.<\/p>\n<p><strong>Wifi OG<\/strong> tem um aroma intenso e sabor que mistura toques avinagrados e terrosos tipo \u00e2\u20ac\u02dcOG\u00e2\u20ac\u2122 com notas c\u00edtricas tipo Diesel.<\/p>\n<p><strong>Zkittlez<\/strong> tem um aroma e sabor intenso e floral com notas picantes de doces.<\/p>\n","pi_tst":"Aviso","pi_ts":"<p>N\u00e3o use mais do que 4% de terpeno para aplica\u00e7\u00e3o.<br \/>\nEvite contato com olhos e pele.<br \/>\nUse sempre dilu\u00eddo. N\u00e3o use puro.<br \/>\nArmazenar em lugar fresco e escuro.<br \/>\nEste produto n\u00e3o cont\u00e9m canabin\u00f3ides. (THC, CBD, CBN, CBG\u2026)<br \/>\nEste produto \u00e9 100% natural e livre de solventes, metais pesados e impurezas.<\/p>\n","pi_hd":false,"pi_hm":false,"smoking_product":true},"_links":{"self":[{"href":"https:\/\/www.tomhemps.com\/pt-pt\/wp-json\/wp\/v2\/product\/164509"}],"collection":[{"href":"https:\/\/www.tomhemps.com\/pt-pt\/wp-json\/wp\/v2\/product"}],"about":[{"href":"https:\/\/www.tomhemps.com\/pt-pt\/wp-json\/wp\/v2\/types\/product"}],"replies":[{"embeddable":true,"href":"https:\/\/www.tomhemps.com\/pt-pt\/wp-json\/wp\/v2\/comments?post=164509"}],"wp:featuredmedia":[{"embeddable":true,"href":"https:\/\/www.tomhemps.com\/pt-pt\/wp-json\/wp\/v2\/media\/164511"}],"wp:attachment":[{"href":"https:\/\/www.tomhemps.com\/pt-pt\/wp-json\/wp\/v2\/media?parent=164509"}],"wp:term":[{"taxonomy":"product_cat","embeddable":true,"href":"https:\/\/www.tomhemps.com\/pt-pt\/wp-json\/wp\/v2\/product_cat?post=164509"},{"taxonomy":"product_tag","embeddable":true,"href":"https:\/\/www.tomhemps.com\/pt-pt\/wp-json\/wp\/v2\/product_tag?post=164509"}],"curies":[{"name":"wp","href":"https:\/\/api.w.org\/{rel}","templated":true}]}}