{"id":164560,"date":"2020-02-11T14:27:59","date_gmt":"2020-02-11T13:27:59","guid":{"rendered":"https:\/\/www.tomhemps.com\/product\/cbd-e-liquid-amalfi-lemon\/"},"modified":"2025-09-29T06:44:59","modified_gmt":"2025-09-29T04:44:59","slug":"cbd-e-liquid-amalfi-lemon","status":"publish","type":"product","link":"https:\/\/www.tomhemps.com\/pt-pt\/prp\/cbd-e-liquid-amalfi-lemon\/","title":{"rendered":"CBD e-Liquid Amalfi Lemon"},"content":{"rendered":"","protected":false},"excerpt":{"rendered":"<p>Nunca esteve na costa de Amalfi no auge do Ver\u00e3o? N\u00e3o se preocupe &#8211; com o nosso Amalfi Lemon E-Liquid da Tom Hemp&#8217;s vamos trazer um pouco da bella Italia directamente para a sua casa. Fresco, estimulante e refrescante, tal como uma brisa oce\u00e2nica com notas c\u00edtricas. F\u00e1cil de espremer, como o lim\u00e3o!<\/p>\n","protected":false},"featured_media":164561,"comment_status":"open","ping_status":"closed","template":"","meta":{"_acf_changed":false},"product_cat":[4957],"product_tag":[],"acf":[],"yoast_head":"<!-- This site is optimized with the Yoast SEO Premium plugin v22.8 (Yoast SEO v22.8) - https:\/\/yoast.com\/wordpress\/plugins\/seo\/ -->\n<title>CBD e-Liquid Amalfi Lemon<\/title>\n<meta name=\"description\" content=\"CBD e-Liquid Amalfi Lemon - Your CBD Shop | Your CBD Brand | born in Berlin\" \/>\n<meta name=\"robots\" content=\"index, follow, max-snippet:-1, max-image-preview:large, max-video-preview:-1\" \/>\n<link rel=\"canonical\" href=\"https:\/\/www.tomhemps.com\/pt-pt\/prp\/cbd-e-liquid-amalfi-lemon\/\" \/>\n<meta property=\"og:locale\" content=\"pt_PT\" \/>\n<meta property=\"og:type\" content=\"article\" \/>\n<meta property=\"og:title\" content=\"CBD e-Liquid Amalfi Lemon\" \/>\n<meta property=\"og:description\" content=\"CBD e-Liquid Amalfi Lemon - Your CBD Shop | Your CBD Brand | born in Berlin\" \/>\n<meta property=\"og:url\" content=\"https:\/\/www.tomhemps.com\/pt-pt\/prp\/cbd-e-liquid-amalfi-lemon\/\" \/>\n<meta property=\"og:site_name\" content=\"Your CBD Shop | Your CBD Brand | born in Berlin\" \/>\n<meta property=\"article:publisher\" content=\"https:\/\/www.facebook.com\/tomhempsberlin\/\" \/>\n<meta property=\"article:modified_time\" content=\"2025-09-29T04:44:59+00:00\" \/>\n<meta property=\"og:image\" content=\"https:\/\/www.tomhemps.com\/wp-content\/uploads\/2020\/02\/Tomhemps_CBD_E-Liquid_Amalfilemon_Pipette_Desktop_Detail_HD_1780x1600.png\" \/>\n\t<meta property=\"og:image:width\" content=\"1780\" \/>\n\t<meta property=\"og:image:height\" content=\"1600\" \/>\n\t<meta property=\"og:image:type\" content=\"image\/png\" \/>\n<meta name=\"twitter:card\" content=\"summary_large_image\" \/>\n<script type=\"application\/ld+json\" class=\"yoast-schema-graph\">{\"@context\":\"https:\/\/schema.org\",\"@graph\":[{\"@type\":\"WebPage\",\"@id\":\"https:\/\/www.tomhemps.com\/pt-pt\/prp\/cbd-e-liquid-amalfi-lemon\/\",\"url\":\"https:\/\/www.tomhemps.com\/pt-pt\/prp\/cbd-e-liquid-amalfi-lemon\/\",\"name\":\"CBD e-Liquid Amalfi Lemon\",\"isPartOf\":{\"@id\":\"https:\/\/www.tomhemps.com\/pt-pt\/#website\"},\"primaryImageOfPage\":{\"@id\":\"https:\/\/www.tomhemps.com\/pt-pt\/prp\/cbd-e-liquid-amalfi-lemon\/#primaryimage\"},\"image\":{\"@id\":\"https:\/\/www.tomhemps.com\/pt-pt\/prp\/cbd-e-liquid-amalfi-lemon\/#primaryimage\"},\"thumbnailUrl\":\"https:\/\/www.tomhemps.com\/wp-content\/uploads\/2020\/02\/Tomhemps_CBD_E-Liquid_Amalfilemon_Pipette_Desktop_Detail_HD_1780x1600.png\",\"datePublished\":\"2020-02-11T13:27:59+00:00\",\"dateModified\":\"2025-09-29T04:44:59+00:00\",\"description\":\"CBD e-Liquid Amalfi Lemon - Your CBD Shop | Your CBD Brand | born in Berlin\",\"breadcrumb\":{\"@id\":\"https:\/\/www.tomhemps.com\/pt-pt\/prp\/cbd-e-liquid-amalfi-lemon\/#breadcrumb\"},\"inLanguage\":\"pt-PT\",\"potentialAction\":[{\"@type\":\"ReadAction\",\"target\":[\"https:\/\/www.tomhemps.com\/pt-pt\/prp\/cbd-e-liquid-amalfi-lemon\/\"]}]},{\"@type\":\"ImageObject\",\"inLanguage\":\"pt-PT\",\"@id\":\"https:\/\/www.tomhemps.com\/pt-pt\/prp\/cbd-e-liquid-amalfi-lemon\/#primaryimage\",\"url\":\"https:\/\/www.tomhemps.com\/wp-content\/uploads\/2020\/02\/Tomhemps_CBD_E-Liquid_Amalfilemon_Pipette_Desktop_Detail_HD_1780x1600.png\",\"contentUrl\":\"https:\/\/www.tomhemps.com\/wp-content\/uploads\/2020\/02\/Tomhemps_CBD_E-Liquid_Amalfilemon_Pipette_Desktop_Detail_HD_1780x1600.png\",\"width\":1780,\"height\":1600},{\"@type\":\"BreadcrumbList\",\"@id\":\"https:\/\/www.tomhemps.com\/pt-pt\/prp\/cbd-e-liquid-amalfi-lemon\/#breadcrumb\",\"itemListElement\":[{\"@type\":\"ListItem\",\"position\":1,\"name\":\"Startseite\",\"item\":\"https:\/\/www.tomhemps.com\/pt-pt\/\"},{\"@type\":\"ListItem\",\"position\":2,\"name\":\"Shop\",\"item\":\"https:\/\/www.tomhemps.com\/pt-pt\/shop\/\"},{\"@type\":\"ListItem\",\"position\":3,\"name\":\"CBD e-Liquid Amalfi Lemon\"}]},{\"@type\":\"WebSite\",\"@id\":\"https:\/\/www.tomhemps.com\/pt-pt\/#website\",\"url\":\"https:\/\/www.tomhemps.com\/pt-pt\/\",\"name\":\"Your CBD Shop | Your CBD Brand | born in Berlin\",\"description\":\"CBD Shop Berlin\",\"publisher\":{\"@id\":\"https:\/\/www.tomhemps.com\/pt-pt\/#organization\"},\"potentialAction\":[{\"@type\":\"SearchAction\",\"target\":{\"@type\":\"EntryPoint\",\"urlTemplate\":\"https:\/\/www.tomhemps.com\/pt-pt\/?s={search_term_string}\"},\"query-input\":\"required name=search_term_string\"}],\"inLanguage\":\"pt-PT\"},{\"@type\":\"Organization\",\"@id\":\"https:\/\/www.tomhemps.com\/pt-pt\/#organization\",\"name\":\"Tom Hemp's CBD Shop\",\"alternateName\":\"Tom Hemp's Berlin\",\"url\":\"https:\/\/www.tomhemps.com\/pt-pt\/\",\"logo\":{\"@type\":\"ImageObject\",\"inLanguage\":\"pt-PT\",\"@id\":\"https:\/\/www.tomhemps.com\/pt-pt\/#\/schema\/logo\/image\/\",\"url\":\"https:\/\/www.tomhemps.com\/wp-content\/uploads\/2019\/04\/Logo-2019-e1581413011332.jpg\",\"contentUrl\":\"https:\/\/www.tomhemps.com\/wp-content\/uploads\/2019\/04\/Logo-2019-e1581413011332.jpg\",\"width\":460,\"height\":153,\"caption\":\"Tom Hemp's CBD Shop\"},\"image\":{\"@id\":\"https:\/\/www.tomhemps.com\/pt-pt\/#\/schema\/logo\/image\/\"},\"sameAs\":[\"https:\/\/www.facebook.com\/tomhempsberlin\/\",\"https:\/\/www.instagram.com\/tomhemps_cbd\/\",\"https:\/\/www.youtube.com\/channel\/UCbGxDacLx_DRKyder_zVoNw\"]}]}<\/script>\n<!-- \/ Yoast SEO Premium plugin. -->","yoast_head_json":{"title":"CBD e-Liquid Amalfi Lemon","description":"CBD e-Liquid Amalfi Lemon - Your CBD Shop | Your CBD Brand | born in Berlin","robots":{"index":"index","follow":"follow","max-snippet":"max-snippet:-1","max-image-preview":"max-image-preview:large","max-video-preview":"max-video-preview:-1"},"canonical":"https:\/\/www.tomhemps.com\/pt-pt\/prp\/cbd-e-liquid-amalfi-lemon\/","og_locale":"pt_PT","og_type":"article","og_title":"CBD e-Liquid Amalfi Lemon","og_description":"CBD e-Liquid Amalfi Lemon - Your CBD Shop | Your CBD Brand | born in Berlin","og_url":"https:\/\/www.tomhemps.com\/pt-pt\/prp\/cbd-e-liquid-amalfi-lemon\/","og_site_name":"Your CBD Shop | Your CBD Brand | born in Berlin","article_publisher":"https:\/\/www.facebook.com\/tomhempsberlin\/","article_modified_time":"2025-09-29T04:44:59+00:00","og_image":[{"width":1780,"height":1600,"url":"https:\/\/www.tomhemps.com\/wp-content\/uploads\/2020\/02\/Tomhemps_CBD_E-Liquid_Amalfilemon_Pipette_Desktop_Detail_HD_1780x1600.png","type":"image\/png"}],"twitter_card":"summary_large_image","schema":{"@context":"https:\/\/schema.org","@graph":[{"@type":"WebPage","@id":"https:\/\/www.tomhemps.com\/pt-pt\/prp\/cbd-e-liquid-amalfi-lemon\/","url":"https:\/\/www.tomhemps.com\/pt-pt\/prp\/cbd-e-liquid-amalfi-lemon\/","name":"CBD e-Liquid Amalfi Lemon","isPartOf":{"@id":"https:\/\/www.tomhemps.com\/pt-pt\/#website"},"primaryImageOfPage":{"@id":"https:\/\/www.tomhemps.com\/pt-pt\/prp\/cbd-e-liquid-amalfi-lemon\/#primaryimage"},"image":{"@id":"https:\/\/www.tomhemps.com\/pt-pt\/prp\/cbd-e-liquid-amalfi-lemon\/#primaryimage"},"thumbnailUrl":"https:\/\/www.tomhemps.com\/wp-content\/uploads\/2020\/02\/Tomhemps_CBD_E-Liquid_Amalfilemon_Pipette_Desktop_Detail_HD_1780x1600.png","datePublished":"2020-02-11T13:27:59+00:00","dateModified":"2025-09-29T04:44:59+00:00","description":"CBD e-Liquid Amalfi Lemon - Your CBD Shop | Your CBD Brand | born in Berlin","breadcrumb":{"@id":"https:\/\/www.tomhemps.com\/pt-pt\/prp\/cbd-e-liquid-amalfi-lemon\/#breadcrumb"},"inLanguage":"pt-PT","potentialAction":[{"@type":"ReadAction","target":["https:\/\/www.tomhemps.com\/pt-pt\/prp\/cbd-e-liquid-amalfi-lemon\/"]}]},{"@type":"ImageObject","inLanguage":"pt-PT","@id":"https:\/\/www.tomhemps.com\/pt-pt\/prp\/cbd-e-liquid-amalfi-lemon\/#primaryimage","url":"https:\/\/www.tomhemps.com\/wp-content\/uploads\/2020\/02\/Tomhemps_CBD_E-Liquid_Amalfilemon_Pipette_Desktop_Detail_HD_1780x1600.png","contentUrl":"https:\/\/www.tomhemps.com\/wp-content\/uploads\/2020\/02\/Tomhemps_CBD_E-Liquid_Amalfilemon_Pipette_Desktop_Detail_HD_1780x1600.png","width":1780,"height":1600},{"@type":"BreadcrumbList","@id":"https:\/\/www.tomhemps.com\/pt-pt\/prp\/cbd-e-liquid-amalfi-lemon\/#breadcrumb","itemListElement":[{"@type":"ListItem","position":1,"name":"Startseite","item":"https:\/\/www.tomhemps.com\/pt-pt\/"},{"@type":"ListItem","position":2,"name":"Shop","item":"https:\/\/www.tomhemps.com\/pt-pt\/shop\/"},{"@type":"ListItem","position":3,"name":"CBD e-Liquid Amalfi Lemon"}]},{"@type":"WebSite","@id":"https:\/\/www.tomhemps.com\/pt-pt\/#website","url":"https:\/\/www.tomhemps.com\/pt-pt\/","name":"Your CBD Shop | Your CBD Brand | born in Berlin","description":"CBD Shop Berlin","publisher":{"@id":"https:\/\/www.tomhemps.com\/pt-pt\/#organization"},"potentialAction":[{"@type":"SearchAction","target":{"@type":"EntryPoint","urlTemplate":"https:\/\/www.tomhemps.com\/pt-pt\/?s={search_term_string}"},"query-input":"required name=search_term_string"}],"inLanguage":"pt-PT"},{"@type":"Organization","@id":"https:\/\/www.tomhemps.com\/pt-pt\/#organization","name":"Tom Hemp's CBD Shop","alternateName":"Tom Hemp's Berlin","url":"https:\/\/www.tomhemps.com\/pt-pt\/","logo":{"@type":"ImageObject","inLanguage":"pt-PT","@id":"https:\/\/www.tomhemps.com\/pt-pt\/#\/schema\/logo\/image\/","url":"https:\/\/www.tomhemps.com\/wp-content\/uploads\/2019\/04\/Logo-2019-e1581413011332.jpg","contentUrl":"https:\/\/www.tomhemps.com\/wp-content\/uploads\/2019\/04\/Logo-2019-e1581413011332.jpg","width":460,"height":153,"caption":"Tom Hemp's CBD Shop"},"image":{"@id":"https:\/\/www.tomhemps.com\/pt-pt\/#\/schema\/logo\/image\/"},"sameAs":["https:\/\/www.facebook.com\/tomhempsberlin\/","https:\/\/www.instagram.com\/tomhemps_cbd\/","https:\/\/www.youtube.com\/channel\/UCbGxDacLx_DRKyder_zVoNw"]}]}},"fields":{"pi_dd":164562,"pi_t":164564,"pi_tot":"Conte\u00fado","pi_to":"<p>Ingredientes activos: Glicerina \u00e0 base de plantas E 422(VG), Propylenglykol \u00e0 base de plantas E1520 (VPG), extracto de c\u00e2nhamo (Folha de Cannabis Sativa)<\/p>\n<p>Conte\u00fado: 10ml<\/p>\n<p>Aroma Vegan, Corante Vegan, \u00c1gua destilada, Ado\u00e7ante adicionado da planta Stevia a partir de c\u00e2nhamo industrial cultivado, Sem Nicotina ou Alcatr\u00e3o, Sem THC, Sem toxinas ou odores desagrad\u00e1veis #<\/p>\n<p>100mg: 180\u20ac\/100ml<\/p>\n<p>250mg: 300\u20ac\/100ml<\/p>\n<p>500mg: 500\u20ac\/100ml<\/p>\n","pi_tst":"Uso","pi_ts":"<p><span data-sheets-value=\"{&quot;1&quot;:2,&quot;2&quot;:&quot;Os E-liquids s\u00e3o consumidos com a ajuda de vape pens e vaporizadores - o m\u00e9todo de consumo \u00e9 chamado vaporiza\u00e7\u00e3o.&quot;}\" data-sheets-userformat=\"{&quot;2&quot;:13185,&quot;3&quot;:{&quot;1&quot;:0},&quot;10&quot;:2,&quot;11&quot;:4,&quot;12&quot;:0,&quot;15&quot;:&quot;Calibri&quot;,&quot;16&quot;:12}\">Os E-liquids s\u00e3o consumidos com a ajuda de vape pens e vaporizadores &#8211; o m\u00e9todo de consumo \u00e9 chamado vaporiza\u00e7\u00e3o.<\/span><\/p>\n","pi_hd":false,"pi_hm":false,"smoking_product":true},"_links":{"self":[{"href":"https:\/\/www.tomhemps.com\/pt-pt\/wp-json\/wp\/v2\/product\/164560"}],"collection":[{"href":"https:\/\/www.tomhemps.com\/pt-pt\/wp-json\/wp\/v2\/product"}],"about":[{"href":"https:\/\/www.tomhemps.com\/pt-pt\/wp-json\/wp\/v2\/types\/product"}],"replies":[{"embeddable":true,"href":"https:\/\/www.tomhemps.com\/pt-pt\/wp-json\/wp\/v2\/comments?post=164560"}],"wp:featuredmedia":[{"embeddable":true,"href":"https:\/\/www.tomhemps.com\/pt-pt\/wp-json\/wp\/v2\/media\/164561"}],"wp:attachment":[{"href":"https:\/\/www.tomhemps.com\/pt-pt\/wp-json\/wp\/v2\/media?parent=164560"}],"wp:term":[{"taxonomy":"product_cat","embeddable":true,"href":"https:\/\/www.tomhemps.com\/pt-pt\/wp-json\/wp\/v2\/product_cat?post=164560"},{"taxonomy":"product_tag","embeddable":true,"href":"https:\/\/www.tomhemps.com\/pt-pt\/wp-json\/wp\/v2\/product_tag?post=164560"}],"curies":[{"name":"wp","href":"https:\/\/api.w.org\/{rel}","templated":true}]}}