{"id":164629,"date":"2020-09-04T13:36:46","date_gmt":"2020-09-04T11:36:46","guid":{"rendered":"https:\/\/www.tomhemps.com\/product\/peak\/"},"modified":"2022-05-28T08:00:33","modified_gmt":"2022-05-28T06:00:33","slug":"peak","status":"publish","type":"product","link":"https:\/\/www.tomhemps.com\/pt-pt\/prp\/peak\/","title":{"rendered":"Peak"},"content":{"rendered":"","protected":false},"excerpt":{"rendered":"<p>Este aparelho desbloqueia o verdadeiro poder dos concentrados, fornecendo uma express\u00e3o mais clara da pot\u00eancia, sabor e efeitos da planta de que s\u00e3o derivados. Isso significa que voc\u00ea ganhar\u00e1 uma experi\u00eancia mais eficiente e agrad\u00e1vel, mais r\u00e1pida e f\u00e1cil do que nunca, sem necessitar de qualquer aprendizagem.<\/p>\n","protected":false},"featured_media":164631,"comment_status":"open","ping_status":"closed","template":"","meta":{"_acf_changed":false},"product_cat":[1163,1156],"product_tag":[],"acf":[],"yoast_head":"<!-- This site is optimized with the Yoast SEO Premium plugin v22.8 (Yoast SEO v22.8) - https:\/\/yoast.com\/wordpress\/plugins\/seo\/ -->\n<title>Peak<\/title>\n<meta name=\"description\" content=\"Peak - Your CBD Shop | Your CBD Brand | born in Berlin\" \/>\n<meta name=\"robots\" content=\"index, follow, max-snippet:-1, max-image-preview:large, max-video-preview:-1\" \/>\n<link rel=\"canonical\" href=\"https:\/\/www.tomhemps.com\/pt-pt\/prp\/peak\/\" \/>\n<meta property=\"og:locale\" content=\"pt_PT\" \/>\n<meta property=\"og:type\" content=\"article\" \/>\n<meta property=\"og:title\" content=\"Peak\" \/>\n<meta property=\"og:description\" content=\"Peak - Your CBD Shop | Your CBD Brand | born in Berlin\" \/>\n<meta property=\"og:url\" content=\"https:\/\/www.tomhemps.com\/pt-pt\/prp\/peak\/\" \/>\n<meta property=\"og:site_name\" content=\"Your CBD Shop | Your CBD Brand | born in Berlin\" \/>\n<meta property=\"article:publisher\" content=\"https:\/\/www.facebook.com\/tomhempsberlin\/\" \/>\n<meta property=\"article:modified_time\" content=\"2022-05-28T06:00:33+00:00\" \/>\n<meta property=\"og:image\" content=\"https:\/\/www.tomhemps.com\/wp-content\/uploads\/2020\/09\/Tom_Hemps_product_puffco_peak_vaporizer_single.png\" \/>\n\t<meta property=\"og:image:width\" content=\"1780\" \/>\n\t<meta property=\"og:image:height\" content=\"1600\" \/>\n\t<meta property=\"og:image:type\" content=\"image\/png\" \/>\n<meta name=\"twitter:card\" content=\"summary_large_image\" \/>\n<script type=\"application\/ld+json\" class=\"yoast-schema-graph\">{\"@context\":\"https:\/\/schema.org\",\"@graph\":[{\"@type\":\"WebPage\",\"@id\":\"https:\/\/www.tomhemps.com\/pt-pt\/prp\/peak\/\",\"url\":\"https:\/\/www.tomhemps.com\/pt-pt\/prp\/peak\/\",\"name\":\"Peak\",\"isPartOf\":{\"@id\":\"https:\/\/www.tomhemps.com\/pt-pt\/#website\"},\"primaryImageOfPage\":{\"@id\":\"https:\/\/www.tomhemps.com\/pt-pt\/prp\/peak\/#primaryimage\"},\"image\":{\"@id\":\"https:\/\/www.tomhemps.com\/pt-pt\/prp\/peak\/#primaryimage\"},\"thumbnailUrl\":\"https:\/\/www.tomhemps.com\/wp-content\/uploads\/2020\/09\/Tom_Hemps_product_puffco_peak_vaporizer_single.png\",\"datePublished\":\"2020-09-04T11:36:46+00:00\",\"dateModified\":\"2022-05-28T06:00:33+00:00\",\"description\":\"Peak - Your CBD Shop | Your CBD Brand | born in Berlin\",\"breadcrumb\":{\"@id\":\"https:\/\/www.tomhemps.com\/pt-pt\/prp\/peak\/#breadcrumb\"},\"inLanguage\":\"pt-PT\",\"potentialAction\":[{\"@type\":\"ReadAction\",\"target\":[\"https:\/\/www.tomhemps.com\/pt-pt\/prp\/peak\/\"]}]},{\"@type\":\"ImageObject\",\"inLanguage\":\"pt-PT\",\"@id\":\"https:\/\/www.tomhemps.com\/pt-pt\/prp\/peak\/#primaryimage\",\"url\":\"https:\/\/www.tomhemps.com\/wp-content\/uploads\/2020\/09\/Tom_Hemps_product_puffco_peak_vaporizer_single.png\",\"contentUrl\":\"https:\/\/www.tomhemps.com\/wp-content\/uploads\/2020\/09\/Tom_Hemps_product_puffco_peak_vaporizer_single.png\",\"width\":1780,\"height\":1600},{\"@type\":\"BreadcrumbList\",\"@id\":\"https:\/\/www.tomhemps.com\/pt-pt\/prp\/peak\/#breadcrumb\",\"itemListElement\":[{\"@type\":\"ListItem\",\"position\":1,\"name\":\"Startseite\",\"item\":\"https:\/\/www.tomhemps.com\/pt-pt\/\"},{\"@type\":\"ListItem\",\"position\":2,\"name\":\"Shop\",\"item\":\"https:\/\/www.tomhemps.com\/pt-pt\/shop\/\"},{\"@type\":\"ListItem\",\"position\":3,\"name\":\"Peak\"}]},{\"@type\":\"WebSite\",\"@id\":\"https:\/\/www.tomhemps.com\/pt-pt\/#website\",\"url\":\"https:\/\/www.tomhemps.com\/pt-pt\/\",\"name\":\"Your CBD Shop | Your CBD Brand | born in Berlin\",\"description\":\"CBD Shop Berlin\",\"publisher\":{\"@id\":\"https:\/\/www.tomhemps.com\/pt-pt\/#organization\"},\"potentialAction\":[{\"@type\":\"SearchAction\",\"target\":{\"@type\":\"EntryPoint\",\"urlTemplate\":\"https:\/\/www.tomhemps.com\/pt-pt\/?s={search_term_string}\"},\"query-input\":\"required name=search_term_string\"}],\"inLanguage\":\"pt-PT\"},{\"@type\":\"Organization\",\"@id\":\"https:\/\/www.tomhemps.com\/pt-pt\/#organization\",\"name\":\"Tom Hemp's CBD Shop\",\"alternateName\":\"Tom Hemp's Berlin\",\"url\":\"https:\/\/www.tomhemps.com\/pt-pt\/\",\"logo\":{\"@type\":\"ImageObject\",\"inLanguage\":\"pt-PT\",\"@id\":\"https:\/\/www.tomhemps.com\/pt-pt\/#\/schema\/logo\/image\/\",\"url\":\"https:\/\/www.tomhemps.com\/wp-content\/uploads\/2019\/04\/Logo-2019-e1581413011332.jpg\",\"contentUrl\":\"https:\/\/www.tomhemps.com\/wp-content\/uploads\/2019\/04\/Logo-2019-e1581413011332.jpg\",\"width\":460,\"height\":153,\"caption\":\"Tom Hemp's CBD Shop\"},\"image\":{\"@id\":\"https:\/\/www.tomhemps.com\/pt-pt\/#\/schema\/logo\/image\/\"},\"sameAs\":[\"https:\/\/www.facebook.com\/tomhempsberlin\/\",\"https:\/\/www.instagram.com\/tomhemps_cbd\/\",\"https:\/\/www.youtube.com\/channel\/UCbGxDacLx_DRKyder_zVoNw\"]}]}<\/script>\n<!-- \/ Yoast SEO Premium plugin. -->","yoast_head_json":{"title":"Peak","description":"Peak - Your CBD Shop | Your CBD Brand | born in Berlin","robots":{"index":"index","follow":"follow","max-snippet":"max-snippet:-1","max-image-preview":"max-image-preview:large","max-video-preview":"max-video-preview:-1"},"canonical":"https:\/\/www.tomhemps.com\/pt-pt\/prp\/peak\/","og_locale":"pt_PT","og_type":"article","og_title":"Peak","og_description":"Peak - Your CBD Shop | Your CBD Brand | born in Berlin","og_url":"https:\/\/www.tomhemps.com\/pt-pt\/prp\/peak\/","og_site_name":"Your CBD Shop | Your CBD Brand | born in Berlin","article_publisher":"https:\/\/www.facebook.com\/tomhempsberlin\/","article_modified_time":"2022-05-28T06:00:33+00:00","og_image":[{"width":1780,"height":1600,"url":"https:\/\/www.tomhemps.com\/wp-content\/uploads\/2020\/09\/Tom_Hemps_product_puffco_peak_vaporizer_single.png","type":"image\/png"}],"twitter_card":"summary_large_image","schema":{"@context":"https:\/\/schema.org","@graph":[{"@type":"WebPage","@id":"https:\/\/www.tomhemps.com\/pt-pt\/prp\/peak\/","url":"https:\/\/www.tomhemps.com\/pt-pt\/prp\/peak\/","name":"Peak","isPartOf":{"@id":"https:\/\/www.tomhemps.com\/pt-pt\/#website"},"primaryImageOfPage":{"@id":"https:\/\/www.tomhemps.com\/pt-pt\/prp\/peak\/#primaryimage"},"image":{"@id":"https:\/\/www.tomhemps.com\/pt-pt\/prp\/peak\/#primaryimage"},"thumbnailUrl":"https:\/\/www.tomhemps.com\/wp-content\/uploads\/2020\/09\/Tom_Hemps_product_puffco_peak_vaporizer_single.png","datePublished":"2020-09-04T11:36:46+00:00","dateModified":"2022-05-28T06:00:33+00:00","description":"Peak - Your CBD Shop | Your CBD Brand | born in Berlin","breadcrumb":{"@id":"https:\/\/www.tomhemps.com\/pt-pt\/prp\/peak\/#breadcrumb"},"inLanguage":"pt-PT","potentialAction":[{"@type":"ReadAction","target":["https:\/\/www.tomhemps.com\/pt-pt\/prp\/peak\/"]}]},{"@type":"ImageObject","inLanguage":"pt-PT","@id":"https:\/\/www.tomhemps.com\/pt-pt\/prp\/peak\/#primaryimage","url":"https:\/\/www.tomhemps.com\/wp-content\/uploads\/2020\/09\/Tom_Hemps_product_puffco_peak_vaporizer_single.png","contentUrl":"https:\/\/www.tomhemps.com\/wp-content\/uploads\/2020\/09\/Tom_Hemps_product_puffco_peak_vaporizer_single.png","width":1780,"height":1600},{"@type":"BreadcrumbList","@id":"https:\/\/www.tomhemps.com\/pt-pt\/prp\/peak\/#breadcrumb","itemListElement":[{"@type":"ListItem","position":1,"name":"Startseite","item":"https:\/\/www.tomhemps.com\/pt-pt\/"},{"@type":"ListItem","position":2,"name":"Shop","item":"https:\/\/www.tomhemps.com\/pt-pt\/shop\/"},{"@type":"ListItem","position":3,"name":"Peak"}]},{"@type":"WebSite","@id":"https:\/\/www.tomhemps.com\/pt-pt\/#website","url":"https:\/\/www.tomhemps.com\/pt-pt\/","name":"Your CBD Shop | Your CBD Brand | born in Berlin","description":"CBD Shop Berlin","publisher":{"@id":"https:\/\/www.tomhemps.com\/pt-pt\/#organization"},"potentialAction":[{"@type":"SearchAction","target":{"@type":"EntryPoint","urlTemplate":"https:\/\/www.tomhemps.com\/pt-pt\/?s={search_term_string}"},"query-input":"required name=search_term_string"}],"inLanguage":"pt-PT"},{"@type":"Organization","@id":"https:\/\/www.tomhemps.com\/pt-pt\/#organization","name":"Tom Hemp's CBD Shop","alternateName":"Tom Hemp's Berlin","url":"https:\/\/www.tomhemps.com\/pt-pt\/","logo":{"@type":"ImageObject","inLanguage":"pt-PT","@id":"https:\/\/www.tomhemps.com\/pt-pt\/#\/schema\/logo\/image\/","url":"https:\/\/www.tomhemps.com\/wp-content\/uploads\/2019\/04\/Logo-2019-e1581413011332.jpg","contentUrl":"https:\/\/www.tomhemps.com\/wp-content\/uploads\/2019\/04\/Logo-2019-e1581413011332.jpg","width":460,"height":153,"caption":"Tom Hemp's CBD Shop"},"image":{"@id":"https:\/\/www.tomhemps.com\/pt-pt\/#\/schema\/logo\/image\/"},"sameAs":["https:\/\/www.facebook.com\/tomhempsberlin\/","https:\/\/www.instagram.com\/tomhemps_cbd\/","https:\/\/www.youtube.com\/channel\/UCbGxDacLx_DRKyder_zVoNw"]}]}},"fields":{"pi_dd":false,"pi_t":false,"pi_tot":"Aviso","pi_to":"<p>4 Configura\u00e7\u00f5es de calor para utiliza\u00e7\u00e3o exclusiva<br \/>\nPrincipiante ou j\u00e1 experiente no assunto, pequeno ou grande volume de subst\u00e2ncia a inserir, um leve sabor como resultado ou grandes nuvens de fumo, n\u00e3o importa como gosta de consumir, h\u00e1 sempre um cen\u00e1rio perfeito para si. O modo Assembleia tamb\u00e9m lhe permite prolongar a sua sess\u00e3o, criando a primeira experi\u00eancia social <em>dab<\/em> (consumo da subst\u00e2ncia concentrada aquecida num aparelho especial, vaporizada e inalada).<\/p>\n<p>Aquecimento m\u00e9dio em 20 segundos<br \/>\nCompare esta rapidez com o processo de aquecimento e arrefecimento que demora 3 min com os habituais aparelhos de <em>dabbing<\/em>. Naturalmente significa mais consumo e menos tempo de espera.<\/p>\n<p>Calibra\u00e7\u00e3o Inteligente da Temperatura<br \/>\nO dispositivo inteligente ajusta automaticamente os tempos de aquecimento se a sua ta\u00e7a ainda estiver quente. Isto proporciona uma experi\u00eancia mais consistente durante o uso repetido pontual e o modo Assembleia mais prolongado.<\/p>\n<p>Faixa de Luz LED \/ Resposta T\u00e1til<br \/>\nUma discreta faixa de luz fornece indicadores de bateria e de ciclo de calor quando necess\u00e1rio, e fica invis\u00edvel quando n\u00e3o h\u00e1 indicadores. A resposta t\u00e1til mant\u00e9m o tempo predefinido ligado para que voc\u00ea v\u00e1 obtendo o resultado perfeito.<\/p>\n<p>Carregamento r\u00e1pido \/ Longa dura\u00e7\u00e3o<br \/>\nA bateria carrega completamente em 2 horas se utilizar o supercarregador. D\u00e1 para cerca de 30 <em>dabs<\/em>.<\/p>\n","pi_tst":"Mais detalhes","pi_ts":"<p>Especifica\u00e7\u00f5es completas:<\/p>\n<ul>\n<li>Vidro borossilicato soprado \u00e0 m\u00e3o<\/li>\n<li>Filtra\u00e7\u00e3o de \u00e1gua<\/li>\n<li>4 configura\u00e7\u00f5es de calor para utiliza\u00e7\u00e3o exclusiva<\/li>\n<li>Aquecimento m\u00e9dio em 20 seg<\/li>\n<li>Calibra\u00e7\u00e3o inteligente da temperatura<\/li>\n<li>Funcionalidade do modo Assembleia (prolongado)<\/li>\n<li>7\u201d altura x 2,75\u201d base<\/li>\n<li>2 horas de tempo de carga r\u00e1pida<\/li>\n<li>Dura\u00e7\u00e3o m\u00e9dia da bateria para 30 <em>dabs<\/em><\/li>\n<li>Ta\u00e7a de cer\u00e2mica amov\u00edvel<\/li>\n<li>Faixa de luz LED<\/li>\n<li>Estojo para transporte inclu\u00eddo<\/li>\n<li>Resposta t\u00e1til<\/li>\n<li>Base de silicone resistente<\/li>\n<\/ul>\n","pi_hd":false,"pi_hm":164633,"smoking_product":true},"_links":{"self":[{"href":"https:\/\/www.tomhemps.com\/pt-pt\/wp-json\/wp\/v2\/product\/164629"}],"collection":[{"href":"https:\/\/www.tomhemps.com\/pt-pt\/wp-json\/wp\/v2\/product"}],"about":[{"href":"https:\/\/www.tomhemps.com\/pt-pt\/wp-json\/wp\/v2\/types\/product"}],"replies":[{"embeddable":true,"href":"https:\/\/www.tomhemps.com\/pt-pt\/wp-json\/wp\/v2\/comments?post=164629"}],"wp:featuredmedia":[{"embeddable":true,"href":"https:\/\/www.tomhemps.com\/pt-pt\/wp-json\/wp\/v2\/media\/164631"}],"wp:attachment":[{"href":"https:\/\/www.tomhemps.com\/pt-pt\/wp-json\/wp\/v2\/media?parent=164629"}],"wp:term":[{"taxonomy":"product_cat","embeddable":true,"href":"https:\/\/www.tomhemps.com\/pt-pt\/wp-json\/wp\/v2\/product_cat?post=164629"},{"taxonomy":"product_tag","embeddable":true,"href":"https:\/\/www.tomhemps.com\/pt-pt\/wp-json\/wp\/v2\/product_tag?post=164629"}],"curies":[{"name":"wp","href":"https:\/\/api.w.org\/{rel}","templated":true}]}}