{"id":164667,"date":"2019-01-13T22:05:03","date_gmt":"2019-01-13T21:05:03","guid":{"rendered":"https:\/\/www.tomhemps.com\/product\/ccell-palm\/"},"modified":"2021-03-21T15:48:14","modified_gmt":"2021-03-21T14:48:14","slug":"ccell-palm","status":"publish","type":"product","link":"https:\/\/www.tomhemps.com\/pt-pt\/prp\/ccell-palm\/","title":{"rendered":"CCELL Palm"},"content":{"rendered":"","protected":false},"excerpt":{"rendered":"<p>O Palm, elegante e resistente, parece muito sofisticado \u2013 e \u00e9. A bateria CCELL PALM da Jupiter foi desenvolvida especialmente para cartuchos Liquid 6 e \u00e9 compat\u00edvel com cartuchos de rosca 510 de 1,0 ml e 5,0 ml. N\u00e3o \u00e9 apenas elegante e sexy, \u00e9 tamb\u00e9m, e principalmente, pr\u00e1tico e funcional.<\/p>\n<p>Como op\u00e7\u00f5es adicionais, a bateria pode ser estendida com um cartucho vazio ou um Cartucho de Cera. O cartucho de cera \u00e9 uma bobina de cer\u00e2mica sofisticada com um cartucho de vidro, repleto do mais fino extrato de c\u00e2nhamo com 70% de CBD, produzido com c\u00e2nhamo industrial europeu.<\/p>\n","protected":false},"featured_media":164668,"comment_status":"open","ping_status":"closed","template":"","meta":{"_acf_changed":false},"product_cat":[4957],"product_tag":[],"acf":[],"yoast_head":"<!-- This site is optimized with the Yoast SEO Premium plugin v22.8 (Yoast SEO v22.8) - https:\/\/yoast.com\/wordpress\/plugins\/seo\/ -->\n<title>CCELL Palm<\/title>\n<meta name=\"description\" content=\"CCELL Palm - Your CBD Shop | Your CBD Brand | born in Berlin\" \/>\n<meta name=\"robots\" content=\"index, follow, max-snippet:-1, max-image-preview:large, max-video-preview:-1\" \/>\n<link rel=\"canonical\" href=\"https:\/\/www.tomhemps.com\/pt-pt\/prp\/ccell-palm\/\" \/>\n<meta property=\"og:locale\" content=\"pt_PT\" \/>\n<meta property=\"og:type\" content=\"article\" \/>\n<meta property=\"og:title\" content=\"CCELL Palm\" \/>\n<meta property=\"og:description\" content=\"CCELL Palm - Your CBD Shop | Your CBD Brand | born in Berlin\" \/>\n<meta property=\"og:url\" content=\"https:\/\/www.tomhemps.com\/pt-pt\/prp\/ccell-palm\/\" \/>\n<meta property=\"og:site_name\" content=\"Your CBD Shop | Your CBD Brand | born in Berlin\" \/>\n<meta property=\"article:publisher\" content=\"https:\/\/www.facebook.com\/tomhempsberlin\/\" \/>\n<meta property=\"article:modified_time\" content=\"2021-03-21T14:48:14+00:00\" \/>\n<meta property=\"og:image\" content=\"https:\/\/www.tomhemps.com\/wp-content\/uploads\/2019\/01\/Jupiter_CCELLPalmBatterie_Desktop_Detail_HD_1780x1600.png\" \/>\n\t<meta property=\"og:image:width\" content=\"1780\" \/>\n\t<meta property=\"og:image:height\" content=\"1600\" \/>\n\t<meta property=\"og:image:type\" content=\"image\/png\" \/>\n<meta name=\"twitter:card\" content=\"summary_large_image\" \/>\n<script type=\"application\/ld+json\" class=\"yoast-schema-graph\">{\"@context\":\"https:\/\/schema.org\",\"@graph\":[{\"@type\":\"WebPage\",\"@id\":\"https:\/\/www.tomhemps.com\/pt-pt\/prp\/ccell-palm\/\",\"url\":\"https:\/\/www.tomhemps.com\/pt-pt\/prp\/ccell-palm\/\",\"name\":\"CCELL Palm\",\"isPartOf\":{\"@id\":\"https:\/\/www.tomhemps.com\/pt-pt\/#website\"},\"primaryImageOfPage\":{\"@id\":\"https:\/\/www.tomhemps.com\/pt-pt\/prp\/ccell-palm\/#primaryimage\"},\"image\":{\"@id\":\"https:\/\/www.tomhemps.com\/pt-pt\/prp\/ccell-palm\/#primaryimage\"},\"thumbnailUrl\":\"https:\/\/www.tomhemps.com\/wp-content\/uploads\/2019\/01\/Jupiter_CCELLPalmBatterie_Desktop_Detail_HD_1780x1600.png\",\"datePublished\":\"2019-01-13T21:05:03+00:00\",\"dateModified\":\"2021-03-21T14:48:14+00:00\",\"description\":\"CCELL Palm - Your CBD Shop | Your CBD Brand | born in Berlin\",\"breadcrumb\":{\"@id\":\"https:\/\/www.tomhemps.com\/pt-pt\/prp\/ccell-palm\/#breadcrumb\"},\"inLanguage\":\"pt-PT\",\"potentialAction\":[{\"@type\":\"ReadAction\",\"target\":[\"https:\/\/www.tomhemps.com\/pt-pt\/prp\/ccell-palm\/\"]}]},{\"@type\":\"ImageObject\",\"inLanguage\":\"pt-PT\",\"@id\":\"https:\/\/www.tomhemps.com\/pt-pt\/prp\/ccell-palm\/#primaryimage\",\"url\":\"https:\/\/www.tomhemps.com\/wp-content\/uploads\/2019\/01\/Jupiter_CCELLPalmBatterie_Desktop_Detail_HD_1780x1600.png\",\"contentUrl\":\"https:\/\/www.tomhemps.com\/wp-content\/uploads\/2019\/01\/Jupiter_CCELLPalmBatterie_Desktop_Detail_HD_1780x1600.png\",\"width\":1780,\"height\":1600,\"caption\":\"Jupiter CCELL Palm Vaporizer with battery and cartridge.\"},{\"@type\":\"BreadcrumbList\",\"@id\":\"https:\/\/www.tomhemps.com\/pt-pt\/prp\/ccell-palm\/#breadcrumb\",\"itemListElement\":[{\"@type\":\"ListItem\",\"position\":1,\"name\":\"Startseite\",\"item\":\"https:\/\/www.tomhemps.com\/pt-pt\/\"},{\"@type\":\"ListItem\",\"position\":2,\"name\":\"Shop\",\"item\":\"https:\/\/www.tomhemps.com\/pt-pt\/shop\/\"},{\"@type\":\"ListItem\",\"position\":3,\"name\":\"CCELL Palm\"}]},{\"@type\":\"WebSite\",\"@id\":\"https:\/\/www.tomhemps.com\/pt-pt\/#website\",\"url\":\"https:\/\/www.tomhemps.com\/pt-pt\/\",\"name\":\"Your CBD Shop | Your CBD Brand | born in Berlin\",\"description\":\"CBD Shop Berlin\",\"publisher\":{\"@id\":\"https:\/\/www.tomhemps.com\/pt-pt\/#organization\"},\"potentialAction\":[{\"@type\":\"SearchAction\",\"target\":{\"@type\":\"EntryPoint\",\"urlTemplate\":\"https:\/\/www.tomhemps.com\/pt-pt\/?s={search_term_string}\"},\"query-input\":\"required name=search_term_string\"}],\"inLanguage\":\"pt-PT\"},{\"@type\":\"Organization\",\"@id\":\"https:\/\/www.tomhemps.com\/pt-pt\/#organization\",\"name\":\"Tom Hemp's CBD Shop\",\"alternateName\":\"Tom Hemp's Berlin\",\"url\":\"https:\/\/www.tomhemps.com\/pt-pt\/\",\"logo\":{\"@type\":\"ImageObject\",\"inLanguage\":\"pt-PT\",\"@id\":\"https:\/\/www.tomhemps.com\/pt-pt\/#\/schema\/logo\/image\/\",\"url\":\"https:\/\/www.tomhemps.com\/wp-content\/uploads\/2019\/04\/Logo-2019-e1581413011332.jpg\",\"contentUrl\":\"https:\/\/www.tomhemps.com\/wp-content\/uploads\/2019\/04\/Logo-2019-e1581413011332.jpg\",\"width\":460,\"height\":153,\"caption\":\"Tom Hemp's CBD Shop\"},\"image\":{\"@id\":\"https:\/\/www.tomhemps.com\/pt-pt\/#\/schema\/logo\/image\/\"},\"sameAs\":[\"https:\/\/www.facebook.com\/tomhempsberlin\/\",\"https:\/\/www.instagram.com\/tomhemps_cbd\/\",\"https:\/\/www.youtube.com\/channel\/UCbGxDacLx_DRKyder_zVoNw\"]}]}<\/script>\n<!-- \/ Yoast SEO Premium plugin. -->","yoast_head_json":{"title":"CCELL Palm","description":"CCELL Palm - Your CBD Shop | Your CBD Brand | born in Berlin","robots":{"index":"index","follow":"follow","max-snippet":"max-snippet:-1","max-image-preview":"max-image-preview:large","max-video-preview":"max-video-preview:-1"},"canonical":"https:\/\/www.tomhemps.com\/pt-pt\/prp\/ccell-palm\/","og_locale":"pt_PT","og_type":"article","og_title":"CCELL Palm","og_description":"CCELL Palm - Your CBD Shop | Your CBD Brand | born in Berlin","og_url":"https:\/\/www.tomhemps.com\/pt-pt\/prp\/ccell-palm\/","og_site_name":"Your CBD Shop | Your CBD Brand | born in Berlin","article_publisher":"https:\/\/www.facebook.com\/tomhempsberlin\/","article_modified_time":"2021-03-21T14:48:14+00:00","og_image":[{"width":1780,"height":1600,"url":"https:\/\/www.tomhemps.com\/wp-content\/uploads\/2019\/01\/Jupiter_CCELLPalmBatterie_Desktop_Detail_HD_1780x1600.png","type":"image\/png"}],"twitter_card":"summary_large_image","schema":{"@context":"https:\/\/schema.org","@graph":[{"@type":"WebPage","@id":"https:\/\/www.tomhemps.com\/pt-pt\/prp\/ccell-palm\/","url":"https:\/\/www.tomhemps.com\/pt-pt\/prp\/ccell-palm\/","name":"CCELL Palm","isPartOf":{"@id":"https:\/\/www.tomhemps.com\/pt-pt\/#website"},"primaryImageOfPage":{"@id":"https:\/\/www.tomhemps.com\/pt-pt\/prp\/ccell-palm\/#primaryimage"},"image":{"@id":"https:\/\/www.tomhemps.com\/pt-pt\/prp\/ccell-palm\/#primaryimage"},"thumbnailUrl":"https:\/\/www.tomhemps.com\/wp-content\/uploads\/2019\/01\/Jupiter_CCELLPalmBatterie_Desktop_Detail_HD_1780x1600.png","datePublished":"2019-01-13T21:05:03+00:00","dateModified":"2021-03-21T14:48:14+00:00","description":"CCELL Palm - Your CBD Shop | Your CBD Brand | born in Berlin","breadcrumb":{"@id":"https:\/\/www.tomhemps.com\/pt-pt\/prp\/ccell-palm\/#breadcrumb"},"inLanguage":"pt-PT","potentialAction":[{"@type":"ReadAction","target":["https:\/\/www.tomhemps.com\/pt-pt\/prp\/ccell-palm\/"]}]},{"@type":"ImageObject","inLanguage":"pt-PT","@id":"https:\/\/www.tomhemps.com\/pt-pt\/prp\/ccell-palm\/#primaryimage","url":"https:\/\/www.tomhemps.com\/wp-content\/uploads\/2019\/01\/Jupiter_CCELLPalmBatterie_Desktop_Detail_HD_1780x1600.png","contentUrl":"https:\/\/www.tomhemps.com\/wp-content\/uploads\/2019\/01\/Jupiter_CCELLPalmBatterie_Desktop_Detail_HD_1780x1600.png","width":1780,"height":1600,"caption":"Jupiter CCELL Palm Vaporizer with battery and cartridge."},{"@type":"BreadcrumbList","@id":"https:\/\/www.tomhemps.com\/pt-pt\/prp\/ccell-palm\/#breadcrumb","itemListElement":[{"@type":"ListItem","position":1,"name":"Startseite","item":"https:\/\/www.tomhemps.com\/pt-pt\/"},{"@type":"ListItem","position":2,"name":"Shop","item":"https:\/\/www.tomhemps.com\/pt-pt\/shop\/"},{"@type":"ListItem","position":3,"name":"CCELL Palm"}]},{"@type":"WebSite","@id":"https:\/\/www.tomhemps.com\/pt-pt\/#website","url":"https:\/\/www.tomhemps.com\/pt-pt\/","name":"Your CBD Shop | Your CBD Brand | born in Berlin","description":"CBD Shop Berlin","publisher":{"@id":"https:\/\/www.tomhemps.com\/pt-pt\/#organization"},"potentialAction":[{"@type":"SearchAction","target":{"@type":"EntryPoint","urlTemplate":"https:\/\/www.tomhemps.com\/pt-pt\/?s={search_term_string}"},"query-input":"required name=search_term_string"}],"inLanguage":"pt-PT"},{"@type":"Organization","@id":"https:\/\/www.tomhemps.com\/pt-pt\/#organization","name":"Tom Hemp's CBD Shop","alternateName":"Tom Hemp's Berlin","url":"https:\/\/www.tomhemps.com\/pt-pt\/","logo":{"@type":"ImageObject","inLanguage":"pt-PT","@id":"https:\/\/www.tomhemps.com\/pt-pt\/#\/schema\/logo\/image\/","url":"https:\/\/www.tomhemps.com\/wp-content\/uploads\/2019\/04\/Logo-2019-e1581413011332.jpg","contentUrl":"https:\/\/www.tomhemps.com\/wp-content\/uploads\/2019\/04\/Logo-2019-e1581413011332.jpg","width":460,"height":153,"caption":"Tom Hemp's CBD Shop"},"image":{"@id":"https:\/\/www.tomhemps.com\/pt-pt\/#\/schema\/logo\/image\/"},"sameAs":["https:\/\/www.facebook.com\/tomhempsberlin\/","https:\/\/www.instagram.com\/tomhemps_cbd\/","https:\/\/www.youtube.com\/channel\/UCbGxDacLx_DRKyder_zVoNw"]}]}},"fields":{"pi_dd":164669,"pi_t":164649,"pi_tot":"Mais detalhes","pi_to":"<p>Bateria CCELL PALM com extras opcionais de Cartucho ou Cartucho de Cera:<\/p>\n<p>1 bateria CCELL PALM<\/p>\n<ul>\n<li>Revestimento de alum\u00ednio<\/li>\n<li>Inclui uma conex\u00e3o magn\u00e9tica ao adaptador de rosca 510 do cartucho<\/li>\n<li>Bateria de 500mAh<\/li>\n<li>Cabo carregador micro USB<\/li>\n<li>Design compacto<\/li>\n<li>Cor: preto<\/li>\n<\/ul>\n<p>Extras opcionais:<\/p>\n<p>1 cartucho:<\/p>\n<p>Cartucho de vidro e cer\u00e2mica de 0,5 ml<\/p>\n<p>Rosca 510<br \/>\n1 cartucho cheio de cera de sua escolha:<br \/>\npor exemplo, Cartucho de Cera Purple Berry<br \/>\nCartucho de vidro e cer\u00e2mica de 0,5 ml<br \/>\nRosca 510<\/p>\n<p>Cera:<br \/>\nIngredientes: Extrato de c\u00e2nhamo, terpenos<br \/>\nConte\u00fado de CBD:<br \/>\n850mg de canabinoides<br \/>\nCBD 50%<br \/>\nCBG 15%<br \/>\nCBDV 0,2-0,5%<br \/>\nTHC: &lt; 0,2% THC<\/p>\n","pi_tst":"Uso","pi_ts":"<p>O vaporizador \u00e9 usado para vaporizar diferentes subst\u00e2ncias, como e-l\u00edquidos.<\/p>\n<p>Instru\u00e7\u00f5es de uso do vaporizador:<\/p>\n<p>Ligue o vaporizador e, se poss\u00edvel, defina a configura\u00e7\u00e3o t\u00e9rmica de sua prefer\u00eancia. Espere at\u00e9 que a temperatura correta seja atingida, que muitos vaporizadores sinalizam via LED, vibra\u00e7\u00e3o ou simplesmente indicando no aplicativo. Na primeira inala\u00e7\u00e3o, inspire uniformemente no bocal por entre 5 e 8 segundos, inalando o vapor.<\/p>\n<p>Instru\u00e7\u00f5es de uso do cartucho de cera:<\/p>\n<p>Tor\u00e7a a rosca 510 do cartucho de cera no vaporizador de sua escolha. Aperte o cartucho at\u00e9 que ele pare e inspire por 3-5 segundos. Este item deve ser usado apenas uma vez. N\u00e3o abra o cartucho. Guarde na vertical em um local seco \u00e0 temperatura ambiente. Armazene fora do alcance das crian\u00e7as.<\/p>\n","pi_hd":false,"pi_hm":false,"smoking_product":true},"_links":{"self":[{"href":"https:\/\/www.tomhemps.com\/pt-pt\/wp-json\/wp\/v2\/product\/164667"}],"collection":[{"href":"https:\/\/www.tomhemps.com\/pt-pt\/wp-json\/wp\/v2\/product"}],"about":[{"href":"https:\/\/www.tomhemps.com\/pt-pt\/wp-json\/wp\/v2\/types\/product"}],"replies":[{"embeddable":true,"href":"https:\/\/www.tomhemps.com\/pt-pt\/wp-json\/wp\/v2\/comments?post=164667"}],"wp:featuredmedia":[{"embeddable":true,"href":"https:\/\/www.tomhemps.com\/pt-pt\/wp-json\/wp\/v2\/media\/164668"}],"wp:attachment":[{"href":"https:\/\/www.tomhemps.com\/pt-pt\/wp-json\/wp\/v2\/media?parent=164667"}],"wp:term":[{"taxonomy":"product_cat","embeddable":true,"href":"https:\/\/www.tomhemps.com\/pt-pt\/wp-json\/wp\/v2\/product_cat?post=164667"},{"taxonomy":"product_tag","embeddable":true,"href":"https:\/\/www.tomhemps.com\/pt-pt\/wp-json\/wp\/v2\/product_tag?post=164667"}],"curies":[{"name":"wp","href":"https:\/\/api.w.org\/{rel}","templated":true}]}}