{"id":164677,"date":"2019-06-12T13:28:05","date_gmt":"2019-06-12T11:28:05","guid":{"rendered":"https:\/\/www.tomhemps.com\/product\/cartucho-resistencia-de-ceramica\/"},"modified":"2021-06-28T00:00:08","modified_gmt":"2021-06-27T22:00:08","slug":"cartucho-resistencia-de-ceramica","status":"publish","type":"product","link":"https:\/\/www.tomhemps.com\/pt-pt\/prp\/cartucho-resistencia-de-ceramica\/","title":{"rendered":"Cartucho \/ Resist\u00eancia de cer\u00e2mica"},"content":{"rendered":"","protected":false},"excerpt":{"rendered":"<p>Os acess\u00f3rios s\u00e3o essenciais! Este \u00e9 um cartucho pr\u00e1tico para usar em combina\u00e7\u00e3o com uma boquilha e cont\u00e9m uma resist\u00eancia de cer\u00e2mica, que cria um sabor extraordinariamente puro. O cartucho prateado \u00e9 adequado para \u00f3leos, ceras e e-liquids. Os cartuchos preto e branco s\u00e3o adequados para e-liquids de CBD.<\/p>\n","protected":false},"featured_media":532795,"comment_status":"open","ping_status":"closed","template":"","meta":{"_acf_changed":false},"product_cat":[1163,1156],"product_tag":[],"acf":[],"yoast_head":"<!-- This site is optimized with the Yoast SEO Premium plugin v22.8 (Yoast SEO v22.8) - https:\/\/yoast.com\/wordpress\/plugins\/seo\/ -->\n<title>Cartucho \/ Resist\u00eancia de cer\u00e2mica<\/title>\n<meta name=\"description\" content=\"Cartucho \/ Resist\u00eancia de cer\u00e2mica - Your CBD Shop | Your CBD Brand | born in Berlin\" \/>\n<meta name=\"robots\" content=\"index, follow, max-snippet:-1, max-image-preview:large, max-video-preview:-1\" \/>\n<link rel=\"canonical\" href=\"https:\/\/www.tomhemps.com\/pt-pt\/prp\/cartucho-resistencia-de-ceramica\/\" \/>\n<meta property=\"og:locale\" content=\"pt_PT\" \/>\n<meta property=\"og:type\" content=\"article\" \/>\n<meta property=\"og:title\" content=\"Cartucho \/ Resist\u00eancia de cer\u00e2mica\" \/>\n<meta property=\"og:description\" content=\"Cartucho \/ Resist\u00eancia de cer\u00e2mica - Your CBD Shop | Your CBD Brand | born in Berlin\" \/>\n<meta property=\"og:url\" content=\"https:\/\/www.tomhemps.com\/pt-pt\/prp\/cartucho-resistencia-de-ceramica\/\" \/>\n<meta property=\"og:site_name\" content=\"Your CBD Shop | Your CBD Brand | born in Berlin\" \/>\n<meta property=\"article:publisher\" content=\"https:\/\/www.facebook.com\/tomhempsberlin\/\" \/>\n<meta property=\"article:modified_time\" content=\"2021-06-27T22:00:08+00:00\" \/>\n<meta property=\"og:image\" content=\"https:\/\/www.tomhemps.com\/wp-content\/uploads\/2019\/06\/TH-product-vaporizer-cartridge-single-black-1600x1750-1.png\" \/>\n\t<meta property=\"og:image:width\" content=\"1780\" \/>\n\t<meta property=\"og:image:height\" content=\"1600\" \/>\n\t<meta property=\"og:image:type\" content=\"image\/png\" \/>\n<meta name=\"twitter:card\" content=\"summary_large_image\" \/>\n<script type=\"application\/ld+json\" class=\"yoast-schema-graph\">{\"@context\":\"https:\/\/schema.org\",\"@graph\":[{\"@type\":\"WebPage\",\"@id\":\"https:\/\/www.tomhemps.com\/pt-pt\/prp\/cartucho-resistencia-de-ceramica\/\",\"url\":\"https:\/\/www.tomhemps.com\/pt-pt\/prp\/cartucho-resistencia-de-ceramica\/\",\"name\":\"Cartucho \/ Resist\u00eancia de cer\u00e2mica\",\"isPartOf\":{\"@id\":\"https:\/\/www.tomhemps.com\/pt-pt\/#website\"},\"primaryImageOfPage\":{\"@id\":\"https:\/\/www.tomhemps.com\/pt-pt\/prp\/cartucho-resistencia-de-ceramica\/#primaryimage\"},\"image\":{\"@id\":\"https:\/\/www.tomhemps.com\/pt-pt\/prp\/cartucho-resistencia-de-ceramica\/#primaryimage\"},\"thumbnailUrl\":\"https:\/\/www.tomhemps.com\/wp-content\/uploads\/2019\/06\/TH-product-vaporizer-cartridge-single-black-1600x1750-1.png\",\"datePublished\":\"2019-06-12T11:28:05+00:00\",\"dateModified\":\"2021-06-27T22:00:08+00:00\",\"description\":\"Cartucho \/ Resist\u00eancia de cer\u00e2mica - Your CBD Shop | Your CBD Brand | born in Berlin\",\"breadcrumb\":{\"@id\":\"https:\/\/www.tomhemps.com\/pt-pt\/prp\/cartucho-resistencia-de-ceramica\/#breadcrumb\"},\"inLanguage\":\"pt-PT\",\"potentialAction\":[{\"@type\":\"ReadAction\",\"target\":[\"https:\/\/www.tomhemps.com\/pt-pt\/prp\/cartucho-resistencia-de-ceramica\/\"]}]},{\"@type\":\"ImageObject\",\"inLanguage\":\"pt-PT\",\"@id\":\"https:\/\/www.tomhemps.com\/pt-pt\/prp\/cartucho-resistencia-de-ceramica\/#primaryimage\",\"url\":\"https:\/\/www.tomhemps.com\/wp-content\/uploads\/2019\/06\/TH-product-vaporizer-cartridge-single-black-1600x1750-1.png\",\"contentUrl\":\"https:\/\/www.tomhemps.com\/wp-content\/uploads\/2019\/06\/TH-product-vaporizer-cartridge-single-black-1600x1750-1.png\",\"width\":1780,\"height\":1600,\"caption\":\"Aldamaze Kartusche Desktop Detail Hd 1780x1600\"},{\"@type\":\"BreadcrumbList\",\"@id\":\"https:\/\/www.tomhemps.com\/pt-pt\/prp\/cartucho-resistencia-de-ceramica\/#breadcrumb\",\"itemListElement\":[{\"@type\":\"ListItem\",\"position\":1,\"name\":\"Startseite\",\"item\":\"https:\/\/www.tomhemps.com\/pt-pt\/\"},{\"@type\":\"ListItem\",\"position\":2,\"name\":\"Shop\",\"item\":\"https:\/\/www.tomhemps.com\/pt-pt\/shop\/\"},{\"@type\":\"ListItem\",\"position\":3,\"name\":\"Cartucho \/ Resist\u00eancia de cer\u00e2mica\"}]},{\"@type\":\"WebSite\",\"@id\":\"https:\/\/www.tomhemps.com\/pt-pt\/#website\",\"url\":\"https:\/\/www.tomhemps.com\/pt-pt\/\",\"name\":\"Your CBD Shop | Your CBD Brand | born in Berlin\",\"description\":\"CBD Shop Berlin\",\"publisher\":{\"@id\":\"https:\/\/www.tomhemps.com\/pt-pt\/#organization\"},\"potentialAction\":[{\"@type\":\"SearchAction\",\"target\":{\"@type\":\"EntryPoint\",\"urlTemplate\":\"https:\/\/www.tomhemps.com\/pt-pt\/?s={search_term_string}\"},\"query-input\":\"required name=search_term_string\"}],\"inLanguage\":\"pt-PT\"},{\"@type\":\"Organization\",\"@id\":\"https:\/\/www.tomhemps.com\/pt-pt\/#organization\",\"name\":\"Tom Hemp's CBD Shop\",\"alternateName\":\"Tom Hemp's Berlin\",\"url\":\"https:\/\/www.tomhemps.com\/pt-pt\/\",\"logo\":{\"@type\":\"ImageObject\",\"inLanguage\":\"pt-PT\",\"@id\":\"https:\/\/www.tomhemps.com\/pt-pt\/#\/schema\/logo\/image\/\",\"url\":\"https:\/\/www.tomhemps.com\/wp-content\/uploads\/2019\/04\/Logo-2019-e1581413011332.jpg\",\"contentUrl\":\"https:\/\/www.tomhemps.com\/wp-content\/uploads\/2019\/04\/Logo-2019-e1581413011332.jpg\",\"width\":460,\"height\":153,\"caption\":\"Tom Hemp's CBD Shop\"},\"image\":{\"@id\":\"https:\/\/www.tomhemps.com\/pt-pt\/#\/schema\/logo\/image\/\"},\"sameAs\":[\"https:\/\/www.facebook.com\/tomhempsberlin\/\",\"https:\/\/www.instagram.com\/tomhemps_cbd\/\",\"https:\/\/www.youtube.com\/channel\/UCbGxDacLx_DRKyder_zVoNw\"]}]}<\/script>\n<!-- \/ Yoast SEO Premium plugin. -->","yoast_head_json":{"title":"Cartucho \/ Resist\u00eancia de cer\u00e2mica","description":"Cartucho \/ Resist\u00eancia de cer\u00e2mica - Your CBD Shop | Your CBD Brand | born in Berlin","robots":{"index":"index","follow":"follow","max-snippet":"max-snippet:-1","max-image-preview":"max-image-preview:large","max-video-preview":"max-video-preview:-1"},"canonical":"https:\/\/www.tomhemps.com\/pt-pt\/prp\/cartucho-resistencia-de-ceramica\/","og_locale":"pt_PT","og_type":"article","og_title":"Cartucho \/ Resist\u00eancia de cer\u00e2mica","og_description":"Cartucho \/ Resist\u00eancia de cer\u00e2mica - Your CBD Shop | Your CBD Brand | born in Berlin","og_url":"https:\/\/www.tomhemps.com\/pt-pt\/prp\/cartucho-resistencia-de-ceramica\/","og_site_name":"Your CBD Shop | Your CBD Brand | born in Berlin","article_publisher":"https:\/\/www.facebook.com\/tomhempsberlin\/","article_modified_time":"2021-06-27T22:00:08+00:00","og_image":[{"width":1780,"height":1600,"url":"https:\/\/www.tomhemps.com\/wp-content\/uploads\/2019\/06\/TH-product-vaporizer-cartridge-single-black-1600x1750-1.png","type":"image\/png"}],"twitter_card":"summary_large_image","schema":{"@context":"https:\/\/schema.org","@graph":[{"@type":"WebPage","@id":"https:\/\/www.tomhemps.com\/pt-pt\/prp\/cartucho-resistencia-de-ceramica\/","url":"https:\/\/www.tomhemps.com\/pt-pt\/prp\/cartucho-resistencia-de-ceramica\/","name":"Cartucho \/ Resist\u00eancia de cer\u00e2mica","isPartOf":{"@id":"https:\/\/www.tomhemps.com\/pt-pt\/#website"},"primaryImageOfPage":{"@id":"https:\/\/www.tomhemps.com\/pt-pt\/prp\/cartucho-resistencia-de-ceramica\/#primaryimage"},"image":{"@id":"https:\/\/www.tomhemps.com\/pt-pt\/prp\/cartucho-resistencia-de-ceramica\/#primaryimage"},"thumbnailUrl":"https:\/\/www.tomhemps.com\/wp-content\/uploads\/2019\/06\/TH-product-vaporizer-cartridge-single-black-1600x1750-1.png","datePublished":"2019-06-12T11:28:05+00:00","dateModified":"2021-06-27T22:00:08+00:00","description":"Cartucho \/ Resist\u00eancia de cer\u00e2mica - Your CBD Shop | Your CBD Brand | born in Berlin","breadcrumb":{"@id":"https:\/\/www.tomhemps.com\/pt-pt\/prp\/cartucho-resistencia-de-ceramica\/#breadcrumb"},"inLanguage":"pt-PT","potentialAction":[{"@type":"ReadAction","target":["https:\/\/www.tomhemps.com\/pt-pt\/prp\/cartucho-resistencia-de-ceramica\/"]}]},{"@type":"ImageObject","inLanguage":"pt-PT","@id":"https:\/\/www.tomhemps.com\/pt-pt\/prp\/cartucho-resistencia-de-ceramica\/#primaryimage","url":"https:\/\/www.tomhemps.com\/wp-content\/uploads\/2019\/06\/TH-product-vaporizer-cartridge-single-black-1600x1750-1.png","contentUrl":"https:\/\/www.tomhemps.com\/wp-content\/uploads\/2019\/06\/TH-product-vaporizer-cartridge-single-black-1600x1750-1.png","width":1780,"height":1600,"caption":"Aldamaze Kartusche Desktop Detail Hd 1780x1600"},{"@type":"BreadcrumbList","@id":"https:\/\/www.tomhemps.com\/pt-pt\/prp\/cartucho-resistencia-de-ceramica\/#breadcrumb","itemListElement":[{"@type":"ListItem","position":1,"name":"Startseite","item":"https:\/\/www.tomhemps.com\/pt-pt\/"},{"@type":"ListItem","position":2,"name":"Shop","item":"https:\/\/www.tomhemps.com\/pt-pt\/shop\/"},{"@type":"ListItem","position":3,"name":"Cartucho \/ Resist\u00eancia de cer\u00e2mica"}]},{"@type":"WebSite","@id":"https:\/\/www.tomhemps.com\/pt-pt\/#website","url":"https:\/\/www.tomhemps.com\/pt-pt\/","name":"Your CBD Shop | Your CBD Brand | born in Berlin","description":"CBD Shop Berlin","publisher":{"@id":"https:\/\/www.tomhemps.com\/pt-pt\/#organization"},"potentialAction":[{"@type":"SearchAction","target":{"@type":"EntryPoint","urlTemplate":"https:\/\/www.tomhemps.com\/pt-pt\/?s={search_term_string}"},"query-input":"required name=search_term_string"}],"inLanguage":"pt-PT"},{"@type":"Organization","@id":"https:\/\/www.tomhemps.com\/pt-pt\/#organization","name":"Tom Hemp's CBD Shop","alternateName":"Tom Hemp's Berlin","url":"https:\/\/www.tomhemps.com\/pt-pt\/","logo":{"@type":"ImageObject","inLanguage":"pt-PT","@id":"https:\/\/www.tomhemps.com\/pt-pt\/#\/schema\/logo\/image\/","url":"https:\/\/www.tomhemps.com\/wp-content\/uploads\/2019\/04\/Logo-2019-e1581413011332.jpg","contentUrl":"https:\/\/www.tomhemps.com\/wp-content\/uploads\/2019\/04\/Logo-2019-e1581413011332.jpg","width":460,"height":153,"caption":"Tom Hemp's CBD Shop"},"image":{"@id":"https:\/\/www.tomhemps.com\/pt-pt\/#\/schema\/logo\/image\/"},"sameAs":["https:\/\/www.facebook.com\/tomhempsberlin\/","https:\/\/www.instagram.com\/tomhemps_cbd\/","https:\/\/www.youtube.com\/channel\/UCbGxDacLx_DRKyder_zVoNw"]}]}},"fields":{"pi_t":164649,"pi_tot":"Mais detalhes","pi_to":"<p>\u2022 C\u00e2mara de vidro para ver a colora\u00e7\u00e3o e quantidade do conte\u00fado<br \/>\n\u2022 Compat\u00edvel com boquilhas feitas de cer\u00e2mica ou de metal<br \/>\n\u2022 Aberturas \u00fanicas para fazer passar o vapor sem res\u00edduos do \u00f3leo<br \/>\n\u2022 Aberturas no topo para aspirar o \u00f3leo com diferentes viscosidades<br \/>\n\u2022 Bobina especial em cer\u00e2mica para um sabor extremamente puro<\/p>\n","pi_tst":"Uso","pi_ts":"<p>Um vaporizador ou vape \u00e9 usado para nebulizar ou ebulir diferentes subst\u00e2ncias como por exemplo um eliquid.<\/p>\n<p>Modo de procedimento:<br \/>\nLigue o vaporizador e, se poss\u00edvel, ajuste o seu modo preferido de aquecimento. Espere at\u00e9 que o aparelho alcance a temperatura correcta, o que muitos vaporizadores sinalizam atrav\u00e9s de um sinal LED, uma vibra\u00e7\u00e3o ou simplesmente atrav\u00e9s de uma notifica\u00e7\u00e3o na app. Durante a primeira inala\u00e7\u00e3o, inale de forma uniforme atrav\u00e9s da boquilha durante 5 a 8 segundos e inspire o vapor.<\/p>\n","pi_hd":false,"pi_hm":false,"smoking_product":true,"pi_dd":532801},"_links":{"self":[{"href":"https:\/\/www.tomhemps.com\/pt-pt\/wp-json\/wp\/v2\/product\/164677"}],"collection":[{"href":"https:\/\/www.tomhemps.com\/pt-pt\/wp-json\/wp\/v2\/product"}],"about":[{"href":"https:\/\/www.tomhemps.com\/pt-pt\/wp-json\/wp\/v2\/types\/product"}],"replies":[{"embeddable":true,"href":"https:\/\/www.tomhemps.com\/pt-pt\/wp-json\/wp\/v2\/comments?post=164677"}],"wp:featuredmedia":[{"embeddable":true,"href":"https:\/\/www.tomhemps.com\/pt-pt\/wp-json\/wp\/v2\/media\/532795"}],"wp:attachment":[{"href":"https:\/\/www.tomhemps.com\/pt-pt\/wp-json\/wp\/v2\/media?parent=164677"}],"wp:term":[{"taxonomy":"product_cat","embeddable":true,"href":"https:\/\/www.tomhemps.com\/pt-pt\/wp-json\/wp\/v2\/product_cat?post=164677"},{"taxonomy":"product_tag","embeddable":true,"href":"https:\/\/www.tomhemps.com\/pt-pt\/wp-json\/wp\/v2\/product_tag?post=164677"}],"curies":[{"name":"wp","href":"https:\/\/api.w.org\/{rel}","templated":true}]}}