{"id":164698,"date":"2020-10-09T18:48:32","date_gmt":"2020-10-06T16:48:32","guid":{"rendered":"https:\/\/www.tomhemps.com\/product\/broadspectrum-cbd-oel-5\/"},"modified":"2023-12-11T12:51:48","modified_gmt":"2023-12-11T11:51:48","slug":"oleo-de-cbd-broadspectrum-5","status":"publish","type":"product","link":"https:\/\/www.tomhemps.com\/pt-pt\/prp\/oleo-de-cbd-broadspectrum-5\/","title":{"rendered":"\u00d3leo de CBD Broadspectrum 5%"},"content":{"rendered":"","protected":false},"excerpt":{"rendered":"<p><span style=\"font-weight: 400;\">Amplo espetro, pot\u00eancia total! Um s\u00e9rum de largo espetro \u00e9 exatamente o que o nome sugere: um s\u00e9rum que combina todo o espetro de canabin\u00f3ides, \u00f3leos essenciais e terpenos extra\u00eddos da planta do c\u00e2nhamo &#8211; com a diferen\u00e7a subtil dos \u00f3leos de espetro total de n\u00e3o conterem THC. Cada frasco cont\u00e9m puro requinte e a ess\u00eancia dos mais elevados padr\u00f5es. A sele\u00e7\u00e3o cuidadosa dos nossos ingredientes e a tecnologia de extra\u00e7\u00e3o avan\u00e7ada garantem a m\u00e1xima qualidade. Descubra o mundo do CBD de largo espetro no seu melhor &#8211; o poder puro e n\u00e3o adulterado da planta da can\u00e1bis para dar ao seu bem-estar a atualiza\u00e7\u00e3o que merece. Com uma concentra\u00e7\u00e3o de 5%, \u00e9 particularmente adequado para todos aqueles que est\u00e3o a come\u00e7ar a integrar o CBD na sua vida quotidiana.<\/span><\/p>\n","protected":false},"featured_media":464534,"comment_status":"open","ping_status":"closed","template":"","meta":{"_acf_changed":false},"product_cat":[5004,1090,1152],"product_tag":[],"acf":[],"yoast_head":"<!-- This site is optimized with the Yoast SEO Premium plugin v22.8 (Yoast SEO v22.8) - https:\/\/yoast.com\/wordpress\/plugins\/seo\/ -->\n<title>\u00d3leo de CBD Broadspectrum 5%<\/title>\n<meta name=\"description\" content=\"Um s\u00e9rum de largo espetro \u00e9 exatamente o que o nome sugere: um s\u00e9rum que combina todo o espetro de canabin\u00f3ides e terpenos extra\u00eddos da planta do c\u00e2nhamo\" \/>\n<meta name=\"robots\" content=\"index, follow, max-snippet:-1, max-image-preview:large, max-video-preview:-1\" \/>\n<link rel=\"canonical\" href=\"https:\/\/www.tomhemps.com\/pt-pt\/prp\/oleo-de-cbd-broadspectrum-5\/\" \/>\n<meta property=\"og:locale\" content=\"pt_PT\" \/>\n<meta property=\"og:type\" content=\"article\" \/>\n<meta property=\"og:title\" content=\"\u00d3leo de CBD Broadspectrum 5%\" \/>\n<meta property=\"og:description\" content=\"Um s\u00e9rum de largo espetro \u00e9 exatamente o que o nome sugere: um s\u00e9rum que combina todo o espetro de canabin\u00f3ides e terpenos extra\u00eddos da planta do c\u00e2nhamo\" \/>\n<meta property=\"og:url\" content=\"https:\/\/www.tomhemps.com\/pt-pt\/prp\/oleo-de-cbd-broadspectrum-5\/\" \/>\n<meta property=\"og:site_name\" content=\"Your CBD Shop | Your CBD Brand | born in Berlin\" \/>\n<meta property=\"article:publisher\" content=\"https:\/\/www.facebook.com\/tomhempsberlin\/\" \/>\n<meta property=\"article:modified_time\" content=\"2023-12-11T11:51:48+00:00\" \/>\n<meta property=\"og:image\" content=\"https:\/\/www.tomhemps.com\/wp-content\/uploads\/2020\/10\/Tom_Hemps_product_beauty_hemp_serum_bottle_5__.png\" \/>\n\t<meta property=\"og:image:width\" content=\"1780\" \/>\n\t<meta property=\"og:image:height\" content=\"1600\" \/>\n\t<meta property=\"og:image:type\" content=\"image\/png\" \/>\n<meta name=\"twitter:card\" content=\"summary_large_image\" \/>\n<script type=\"application\/ld+json\" class=\"yoast-schema-graph\">{\"@context\":\"https:\/\/schema.org\",\"@graph\":[{\"@type\":\"WebPage\",\"@id\":\"https:\/\/www.tomhemps.com\/pt-pt\/prp\/oleo-de-cbd-broadspectrum-5\/\",\"url\":\"https:\/\/www.tomhemps.com\/pt-pt\/prp\/oleo-de-cbd-broadspectrum-5\/\",\"name\":\"\u00d3leo de CBD Broadspectrum 5%\",\"isPartOf\":{\"@id\":\"https:\/\/www.tomhemps.com\/pt-pt\/#website\"},\"primaryImageOfPage\":{\"@id\":\"https:\/\/www.tomhemps.com\/pt-pt\/prp\/oleo-de-cbd-broadspectrum-5\/#primaryimage\"},\"image\":{\"@id\":\"https:\/\/www.tomhemps.com\/pt-pt\/prp\/oleo-de-cbd-broadspectrum-5\/#primaryimage\"},\"thumbnailUrl\":\"https:\/\/www.tomhemps.com\/wp-content\/uploads\/2020\/10\/Tom_Hemps_product_beauty_hemp_serum_bottle_5__.png\",\"datePublished\":\"2020-10-06T16:48:32+00:00\",\"dateModified\":\"2023-12-11T11:51:48+00:00\",\"description\":\"Um s\u00e9rum de largo espetro \u00e9 exatamente o que o nome sugere: um s\u00e9rum que combina todo o espetro de canabin\u00f3ides e terpenos extra\u00eddos da planta do c\u00e2nhamo\",\"breadcrumb\":{\"@id\":\"https:\/\/www.tomhemps.com\/pt-pt\/prp\/oleo-de-cbd-broadspectrum-5\/#breadcrumb\"},\"inLanguage\":\"pt-PT\",\"potentialAction\":[{\"@type\":\"ReadAction\",\"target\":[\"https:\/\/www.tomhemps.com\/pt-pt\/prp\/oleo-de-cbd-broadspectrum-5\/\"]}]},{\"@type\":\"ImageObject\",\"inLanguage\":\"pt-PT\",\"@id\":\"https:\/\/www.tomhemps.com\/pt-pt\/prp\/oleo-de-cbd-broadspectrum-5\/#primaryimage\",\"url\":\"https:\/\/www.tomhemps.com\/wp-content\/uploads\/2020\/10\/Tom_Hemps_product_beauty_hemp_serum_bottle_5__.png\",\"contentUrl\":\"https:\/\/www.tomhemps.com\/wp-content\/uploads\/2020\/10\/Tom_Hemps_product_beauty_hemp_serum_bottle_5__.png\",\"width\":1780,\"height\":1600},{\"@type\":\"BreadcrumbList\",\"@id\":\"https:\/\/www.tomhemps.com\/pt-pt\/prp\/oleo-de-cbd-broadspectrum-5\/#breadcrumb\",\"itemListElement\":[{\"@type\":\"ListItem\",\"position\":1,\"name\":\"Startseite\",\"item\":\"https:\/\/www.tomhemps.com\/pt-pt\/\"},{\"@type\":\"ListItem\",\"position\":2,\"name\":\"Shop\",\"item\":\"https:\/\/www.tomhemps.com\/pt-pt\/shop\/\"},{\"@type\":\"ListItem\",\"position\":3,\"name\":\"\u00d3leo de CBD Broadspectrum 5%\"}]},{\"@type\":\"WebSite\",\"@id\":\"https:\/\/www.tomhemps.com\/pt-pt\/#website\",\"url\":\"https:\/\/www.tomhemps.com\/pt-pt\/\",\"name\":\"Your CBD Shop | Your CBD Brand | born in Berlin\",\"description\":\"CBD Shop Berlin\",\"publisher\":{\"@id\":\"https:\/\/www.tomhemps.com\/pt-pt\/#organization\"},\"potentialAction\":[{\"@type\":\"SearchAction\",\"target\":{\"@type\":\"EntryPoint\",\"urlTemplate\":\"https:\/\/www.tomhemps.com\/pt-pt\/?s={search_term_string}\"},\"query-input\":\"required name=search_term_string\"}],\"inLanguage\":\"pt-PT\"},{\"@type\":\"Organization\",\"@id\":\"https:\/\/www.tomhemps.com\/pt-pt\/#organization\",\"name\":\"Tom Hemp's CBD Shop\",\"alternateName\":\"Tom Hemp's Berlin\",\"url\":\"https:\/\/www.tomhemps.com\/pt-pt\/\",\"logo\":{\"@type\":\"ImageObject\",\"inLanguage\":\"pt-PT\",\"@id\":\"https:\/\/www.tomhemps.com\/pt-pt\/#\/schema\/logo\/image\/\",\"url\":\"https:\/\/www.tomhemps.com\/wp-content\/uploads\/2019\/04\/Logo-2019-e1581413011332.jpg\",\"contentUrl\":\"https:\/\/www.tomhemps.com\/wp-content\/uploads\/2019\/04\/Logo-2019-e1581413011332.jpg\",\"width\":460,\"height\":153,\"caption\":\"Tom Hemp's CBD Shop\"},\"image\":{\"@id\":\"https:\/\/www.tomhemps.com\/pt-pt\/#\/schema\/logo\/image\/\"},\"sameAs\":[\"https:\/\/www.facebook.com\/tomhempsberlin\/\",\"https:\/\/www.instagram.com\/tomhemps_cbd\/\",\"https:\/\/www.youtube.com\/channel\/UCbGxDacLx_DRKyder_zVoNw\"]}]}<\/script>\n<!-- \/ Yoast SEO Premium plugin. -->","yoast_head_json":{"title":"\u00d3leo de CBD Broadspectrum 5%","description":"Um s\u00e9rum de largo espetro \u00e9 exatamente o que o nome sugere: um s\u00e9rum que combina todo o espetro de canabin\u00f3ides e terpenos extra\u00eddos da planta do c\u00e2nhamo","robots":{"index":"index","follow":"follow","max-snippet":"max-snippet:-1","max-image-preview":"max-image-preview:large","max-video-preview":"max-video-preview:-1"},"canonical":"https:\/\/www.tomhemps.com\/pt-pt\/prp\/oleo-de-cbd-broadspectrum-5\/","og_locale":"pt_PT","og_type":"article","og_title":"\u00d3leo de CBD Broadspectrum 5%","og_description":"Um s\u00e9rum de largo espetro \u00e9 exatamente o que o nome sugere: um s\u00e9rum que combina todo o espetro de canabin\u00f3ides e terpenos extra\u00eddos da planta do c\u00e2nhamo","og_url":"https:\/\/www.tomhemps.com\/pt-pt\/prp\/oleo-de-cbd-broadspectrum-5\/","og_site_name":"Your CBD Shop | Your CBD Brand | born in Berlin","article_publisher":"https:\/\/www.facebook.com\/tomhempsberlin\/","article_modified_time":"2023-12-11T11:51:48+00:00","og_image":[{"width":1780,"height":1600,"url":"https:\/\/www.tomhemps.com\/wp-content\/uploads\/2020\/10\/Tom_Hemps_product_beauty_hemp_serum_bottle_5__.png","type":"image\/png"}],"twitter_card":"summary_large_image","schema":{"@context":"https:\/\/schema.org","@graph":[{"@type":"WebPage","@id":"https:\/\/www.tomhemps.com\/pt-pt\/prp\/oleo-de-cbd-broadspectrum-5\/","url":"https:\/\/www.tomhemps.com\/pt-pt\/prp\/oleo-de-cbd-broadspectrum-5\/","name":"\u00d3leo de CBD Broadspectrum 5%","isPartOf":{"@id":"https:\/\/www.tomhemps.com\/pt-pt\/#website"},"primaryImageOfPage":{"@id":"https:\/\/www.tomhemps.com\/pt-pt\/prp\/oleo-de-cbd-broadspectrum-5\/#primaryimage"},"image":{"@id":"https:\/\/www.tomhemps.com\/pt-pt\/prp\/oleo-de-cbd-broadspectrum-5\/#primaryimage"},"thumbnailUrl":"https:\/\/www.tomhemps.com\/wp-content\/uploads\/2020\/10\/Tom_Hemps_product_beauty_hemp_serum_bottle_5__.png","datePublished":"2020-10-06T16:48:32+00:00","dateModified":"2023-12-11T11:51:48+00:00","description":"Um s\u00e9rum de largo espetro \u00e9 exatamente o que o nome sugere: um s\u00e9rum que combina todo o espetro de canabin\u00f3ides e terpenos extra\u00eddos da planta do c\u00e2nhamo","breadcrumb":{"@id":"https:\/\/www.tomhemps.com\/pt-pt\/prp\/oleo-de-cbd-broadspectrum-5\/#breadcrumb"},"inLanguage":"pt-PT","potentialAction":[{"@type":"ReadAction","target":["https:\/\/www.tomhemps.com\/pt-pt\/prp\/oleo-de-cbd-broadspectrum-5\/"]}]},{"@type":"ImageObject","inLanguage":"pt-PT","@id":"https:\/\/www.tomhemps.com\/pt-pt\/prp\/oleo-de-cbd-broadspectrum-5\/#primaryimage","url":"https:\/\/www.tomhemps.com\/wp-content\/uploads\/2020\/10\/Tom_Hemps_product_beauty_hemp_serum_bottle_5__.png","contentUrl":"https:\/\/www.tomhemps.com\/wp-content\/uploads\/2020\/10\/Tom_Hemps_product_beauty_hemp_serum_bottle_5__.png","width":1780,"height":1600},{"@type":"BreadcrumbList","@id":"https:\/\/www.tomhemps.com\/pt-pt\/prp\/oleo-de-cbd-broadspectrum-5\/#breadcrumb","itemListElement":[{"@type":"ListItem","position":1,"name":"Startseite","item":"https:\/\/www.tomhemps.com\/pt-pt\/"},{"@type":"ListItem","position":2,"name":"Shop","item":"https:\/\/www.tomhemps.com\/pt-pt\/shop\/"},{"@type":"ListItem","position":3,"name":"\u00d3leo de CBD Broadspectrum 5%"}]},{"@type":"WebSite","@id":"https:\/\/www.tomhemps.com\/pt-pt\/#website","url":"https:\/\/www.tomhemps.com\/pt-pt\/","name":"Your CBD Shop | Your CBD Brand | born in Berlin","description":"CBD Shop Berlin","publisher":{"@id":"https:\/\/www.tomhemps.com\/pt-pt\/#organization"},"potentialAction":[{"@type":"SearchAction","target":{"@type":"EntryPoint","urlTemplate":"https:\/\/www.tomhemps.com\/pt-pt\/?s={search_term_string}"},"query-input":"required name=search_term_string"}],"inLanguage":"pt-PT"},{"@type":"Organization","@id":"https:\/\/www.tomhemps.com\/pt-pt\/#organization","name":"Tom Hemp's CBD Shop","alternateName":"Tom Hemp's Berlin","url":"https:\/\/www.tomhemps.com\/pt-pt\/","logo":{"@type":"ImageObject","inLanguage":"pt-PT","@id":"https:\/\/www.tomhemps.com\/pt-pt\/#\/schema\/logo\/image\/","url":"https:\/\/www.tomhemps.com\/wp-content\/uploads\/2019\/04\/Logo-2019-e1581413011332.jpg","contentUrl":"https:\/\/www.tomhemps.com\/wp-content\/uploads\/2019\/04\/Logo-2019-e1581413011332.jpg","width":460,"height":153,"caption":"Tom Hemp's CBD Shop"},"image":{"@id":"https:\/\/www.tomhemps.com\/pt-pt\/#\/schema\/logo\/image\/"},"sameAs":["https:\/\/www.facebook.com\/tomhempsberlin\/","https:\/\/www.instagram.com\/tomhemps_cbd\/","https:\/\/www.youtube.com\/channel\/UCbGxDacLx_DRKyder_zVoNw"]}]}},"fields":{"pi_dd":164716,"pi_t":164780,"pi_tot":"Conte\u00fado","pi_to":"<p class=\"p1\">Ingredientes: \u00d3leo de sementes de Cannabis Sativa, extracto de folhas de Cannabis Sativa, Tocoferol<\/p>\n<p>&#8211; 10 ml: aprox. 320 gotas<br \/>\n&#8211; 30 ml: aprox. 960 gotas<\/p>\n","pi_tst":"Uso","pi_ts":"<p class=\"p1\">Sacode bastante antes de usar. Para cuidado di\u00e1rio ativo, aplica 6 gotas na cavidade oral com a pipeta e deixa na boca por alguns segundos. O cultivo e a produ\u00e7\u00e3o do \u00f3leo broadscpectrum e soro Tom Hemp&#8217;s \u00e9 feito na Alemanha. Durante o cultivo, pesticidas e herbicidas s\u00e3o estritamente evitados.<\/p>\n","pi_hd":false,"pi_hm":false,"smoking_product":false},"_links":{"self":[{"href":"https:\/\/www.tomhemps.com\/pt-pt\/wp-json\/wp\/v2\/product\/164698"}],"collection":[{"href":"https:\/\/www.tomhemps.com\/pt-pt\/wp-json\/wp\/v2\/product"}],"about":[{"href":"https:\/\/www.tomhemps.com\/pt-pt\/wp-json\/wp\/v2\/types\/product"}],"replies":[{"embeddable":true,"href":"https:\/\/www.tomhemps.com\/pt-pt\/wp-json\/wp\/v2\/comments?post=164698"}],"wp:featuredmedia":[{"embeddable":true,"href":"https:\/\/www.tomhemps.com\/pt-pt\/wp-json\/wp\/v2\/media\/464534"}],"wp:attachment":[{"href":"https:\/\/www.tomhemps.com\/pt-pt\/wp-json\/wp\/v2\/media?parent=164698"}],"wp:term":[{"taxonomy":"product_cat","embeddable":true,"href":"https:\/\/www.tomhemps.com\/pt-pt\/wp-json\/wp\/v2\/product_cat?post=164698"},{"taxonomy":"product_tag","embeddable":true,"href":"https:\/\/www.tomhemps.com\/pt-pt\/wp-json\/wp\/v2\/product_tag?post=164698"}],"curies":[{"name":"wp","href":"https:\/\/api.w.org\/{rel}","templated":true}]}}