{"id":164747,"date":"2018-12-22T17:31:52","date_gmt":"2019-11-13T16:31:52","guid":{"rendered":"https:\/\/www.tomhemps.com\/product\/oleo-de-cbd-de-espectro-completo-5\/"},"modified":"2023-12-11T11:57:04","modified_gmt":"2023-12-11T10:57:04","slug":"oleo-de-cbd-de-espectro-completo-5","status":"publish","type":"product","link":"https:\/\/www.tomhemps.com\/pt-pt\/prp\/oleo-de-cbd-de-espectro-completo-5\/","title":{"rendered":"\u00d3leo de CBD de Espectro Completo 5%"},"content":{"rendered":"","protected":false},"excerpt":{"rendered":"<p><span style=\"font-weight: 400;\">O \u00f3leo CBD de espetro total \u00e9 o mais vers\u00e1til dos \u00f3leos CBD e cont\u00e9m &#8211; como o nome sugere &#8211; todo o espetro da planta de c\u00e2nhamo. Toda a gama de canabin\u00f3ides, \u00f3leos essenciais e terpenos extra\u00eddos da planta trabalham em conjunto &#8211; e tamb\u00e9m uns com os outros. O conceito de \u00f3leo de espetro total baseia-se no chamado &#8220;efeito de comitiva&#8221;, no qual os v\u00e1rios compostos da planta de can\u00e1bis trabalham em conjunto de forma sin\u00e9rgica e podem, portanto, contribuir potencialmente para a vitalidade e o bem-estar. Dependendo da intensidade desejada, o \u00f3leo de espetro total de 5% de Tom Hemp \u00e9 especialmente indicado para aqueles que gostam de come\u00e7ar a implementar o CBD na sua rotina di\u00e1ria.<\/span><\/p>\n","protected":false},"featured_media":446375,"comment_status":"open","ping_status":"closed","template":"","meta":{"_acf_changed":false},"product_cat":[5004,1090,1152],"product_tag":[],"acf":[],"yoast_head":"<!-- This site is optimized with the Yoast SEO Premium plugin v22.8 (Yoast SEO v22.8) - https:\/\/yoast.com\/wordpress\/plugins\/seo\/ -->\n<title>\u00d3leo de CBD de Espectro Completo 5% | Tom Hemps<\/title>\n<meta name=\"description\" content=\"O \u00f3leo CBD de espetro total \u00e9 o mais vers\u00e1til dos \u00f3leos CBD e cont\u00e9m - como o nome sugere - todo o espetro da planta de c\u00e2nhamo.\" \/>\n<meta name=\"robots\" content=\"index, follow, max-snippet:-1, max-image-preview:large, max-video-preview:-1\" \/>\n<link rel=\"canonical\" href=\"https:\/\/www.tomhemps.com\/pt-pt\/prp\/oleo-de-cbd-de-espectro-completo-5\/\" \/>\n<meta property=\"og:locale\" content=\"pt_PT\" \/>\n<meta property=\"og:type\" content=\"article\" \/>\n<meta property=\"og:title\" content=\"\u00d3leo de CBD de Espectro Completo 5%\" \/>\n<meta property=\"og:description\" content=\"O \u00f3leo CBD de espetro total \u00e9 o mais vers\u00e1til dos \u00f3leos CBD e cont\u00e9m - como o nome sugere - todo o espetro da planta de c\u00e2nhamo.\" \/>\n<meta property=\"og:url\" content=\"https:\/\/www.tomhemps.com\/pt-pt\/prp\/oleo-de-cbd-de-espectro-completo-5\/\" \/>\n<meta property=\"og:site_name\" content=\"Your CBD Shop | Your CBD Brand | born in Berlin\" \/>\n<meta property=\"article:publisher\" content=\"https:\/\/www.facebook.com\/tomhempsberlin\/\" \/>\n<meta property=\"article:modified_time\" content=\"2023-12-11T10:57:04+00:00\" \/>\n<meta property=\"og:image\" content=\"https:\/\/www.tomhemps.com\/wp-content\/uploads\/2019\/11\/Tom_Hemps_product_cbd_oil_fullspectrum_10ml_5.png\" \/>\n\t<meta property=\"og:image:width\" content=\"1780\" \/>\n\t<meta property=\"og:image:height\" content=\"1600\" \/>\n\t<meta property=\"og:image:type\" content=\"image\/png\" \/>\n<meta name=\"twitter:card\" content=\"summary_large_image\" \/>\n<script type=\"application\/ld+json\" class=\"yoast-schema-graph\">{\"@context\":\"https:\/\/schema.org\",\"@graph\":[{\"@type\":\"WebPage\",\"@id\":\"https:\/\/www.tomhemps.com\/pt-pt\/prp\/oleo-de-cbd-de-espectro-completo-5\/\",\"url\":\"https:\/\/www.tomhemps.com\/pt-pt\/prp\/oleo-de-cbd-de-espectro-completo-5\/\",\"name\":\"\u00d3leo de CBD de Espectro Completo 5% | Tom Hemps\",\"isPartOf\":{\"@id\":\"https:\/\/www.tomhemps.com\/pt-pt\/#website\"},\"primaryImageOfPage\":{\"@id\":\"https:\/\/www.tomhemps.com\/pt-pt\/prp\/oleo-de-cbd-de-espectro-completo-5\/#primaryimage\"},\"image\":{\"@id\":\"https:\/\/www.tomhemps.com\/pt-pt\/prp\/oleo-de-cbd-de-espectro-completo-5\/#primaryimage\"},\"thumbnailUrl\":\"https:\/\/www.tomhemps.com\/wp-content\/uploads\/2019\/11\/Tom_Hemps_product_cbd_oil_fullspectrum_10ml_5.png\",\"datePublished\":\"2019-11-13T16:31:52+00:00\",\"dateModified\":\"2023-12-11T10:57:04+00:00\",\"description\":\"O \u00f3leo CBD de espetro total \u00e9 o mais vers\u00e1til dos \u00f3leos CBD e cont\u00e9m - como o nome sugere - todo o espetro da planta de c\u00e2nhamo.\",\"breadcrumb\":{\"@id\":\"https:\/\/www.tomhemps.com\/pt-pt\/prp\/oleo-de-cbd-de-espectro-completo-5\/#breadcrumb\"},\"inLanguage\":\"pt-PT\",\"potentialAction\":[{\"@type\":\"ReadAction\",\"target\":[\"https:\/\/www.tomhemps.com\/pt-pt\/prp\/oleo-de-cbd-de-espectro-completo-5\/\"]}]},{\"@type\":\"ImageObject\",\"inLanguage\":\"pt-PT\",\"@id\":\"https:\/\/www.tomhemps.com\/pt-pt\/prp\/oleo-de-cbd-de-espectro-completo-5\/#primaryimage\",\"url\":\"https:\/\/www.tomhemps.com\/wp-content\/uploads\/2019\/11\/Tom_Hemps_product_cbd_oil_fullspectrum_10ml_5.png\",\"contentUrl\":\"https:\/\/www.tomhemps.com\/wp-content\/uploads\/2019\/11\/Tom_Hemps_product_cbd_oil_fullspectrum_10ml_5.png\",\"width\":1780,\"height\":1600},{\"@type\":\"BreadcrumbList\",\"@id\":\"https:\/\/www.tomhemps.com\/pt-pt\/prp\/oleo-de-cbd-de-espectro-completo-5\/#breadcrumb\",\"itemListElement\":[{\"@type\":\"ListItem\",\"position\":1,\"name\":\"Startseite\",\"item\":\"https:\/\/www.tomhemps.com\/pt-pt\/\"},{\"@type\":\"ListItem\",\"position\":2,\"name\":\"Shop\",\"item\":\"https:\/\/www.tomhemps.com\/pt-pt\/shop\/\"},{\"@type\":\"ListItem\",\"position\":3,\"name\":\"\u00d3leo de CBD de Espectro Completo 5%\"}]},{\"@type\":\"WebSite\",\"@id\":\"https:\/\/www.tomhemps.com\/pt-pt\/#website\",\"url\":\"https:\/\/www.tomhemps.com\/pt-pt\/\",\"name\":\"Your CBD Shop | Your CBD Brand | born in Berlin\",\"description\":\"CBD Shop Berlin\",\"publisher\":{\"@id\":\"https:\/\/www.tomhemps.com\/pt-pt\/#organization\"},\"potentialAction\":[{\"@type\":\"SearchAction\",\"target\":{\"@type\":\"EntryPoint\",\"urlTemplate\":\"https:\/\/www.tomhemps.com\/pt-pt\/?s={search_term_string}\"},\"query-input\":\"required name=search_term_string\"}],\"inLanguage\":\"pt-PT\"},{\"@type\":\"Organization\",\"@id\":\"https:\/\/www.tomhemps.com\/pt-pt\/#organization\",\"name\":\"Tom Hemp's CBD Shop\",\"alternateName\":\"Tom Hemp's Berlin\",\"url\":\"https:\/\/www.tomhemps.com\/pt-pt\/\",\"logo\":{\"@type\":\"ImageObject\",\"inLanguage\":\"pt-PT\",\"@id\":\"https:\/\/www.tomhemps.com\/pt-pt\/#\/schema\/logo\/image\/\",\"url\":\"https:\/\/www.tomhemps.com\/wp-content\/uploads\/2019\/04\/Logo-2019-e1581413011332.jpg\",\"contentUrl\":\"https:\/\/www.tomhemps.com\/wp-content\/uploads\/2019\/04\/Logo-2019-e1581413011332.jpg\",\"width\":460,\"height\":153,\"caption\":\"Tom Hemp's CBD Shop\"},\"image\":{\"@id\":\"https:\/\/www.tomhemps.com\/pt-pt\/#\/schema\/logo\/image\/\"},\"sameAs\":[\"https:\/\/www.facebook.com\/tomhempsberlin\/\",\"https:\/\/www.instagram.com\/tomhemps_cbd\/\",\"https:\/\/www.youtube.com\/channel\/UCbGxDacLx_DRKyder_zVoNw\"]}]}<\/script>\n<!-- \/ Yoast SEO Premium plugin. -->","yoast_head_json":{"title":"\u00d3leo de CBD de Espectro Completo 5% | Tom Hemps","description":"O \u00f3leo CBD de espetro total \u00e9 o mais vers\u00e1til dos \u00f3leos CBD e cont\u00e9m - como o nome sugere - todo o espetro da planta de c\u00e2nhamo.","robots":{"index":"index","follow":"follow","max-snippet":"max-snippet:-1","max-image-preview":"max-image-preview:large","max-video-preview":"max-video-preview:-1"},"canonical":"https:\/\/www.tomhemps.com\/pt-pt\/prp\/oleo-de-cbd-de-espectro-completo-5\/","og_locale":"pt_PT","og_type":"article","og_title":"\u00d3leo de CBD de Espectro Completo 5%","og_description":"O \u00f3leo CBD de espetro total \u00e9 o mais vers\u00e1til dos \u00f3leos CBD e cont\u00e9m - como o nome sugere - todo o espetro da planta de c\u00e2nhamo.","og_url":"https:\/\/www.tomhemps.com\/pt-pt\/prp\/oleo-de-cbd-de-espectro-completo-5\/","og_site_name":"Your CBD Shop | Your CBD Brand | born in Berlin","article_publisher":"https:\/\/www.facebook.com\/tomhempsberlin\/","article_modified_time":"2023-12-11T10:57:04+00:00","og_image":[{"width":1780,"height":1600,"url":"https:\/\/www.tomhemps.com\/wp-content\/uploads\/2019\/11\/Tom_Hemps_product_cbd_oil_fullspectrum_10ml_5.png","type":"image\/png"}],"twitter_card":"summary_large_image","schema":{"@context":"https:\/\/schema.org","@graph":[{"@type":"WebPage","@id":"https:\/\/www.tomhemps.com\/pt-pt\/prp\/oleo-de-cbd-de-espectro-completo-5\/","url":"https:\/\/www.tomhemps.com\/pt-pt\/prp\/oleo-de-cbd-de-espectro-completo-5\/","name":"\u00d3leo de CBD de Espectro Completo 5% | Tom Hemps","isPartOf":{"@id":"https:\/\/www.tomhemps.com\/pt-pt\/#website"},"primaryImageOfPage":{"@id":"https:\/\/www.tomhemps.com\/pt-pt\/prp\/oleo-de-cbd-de-espectro-completo-5\/#primaryimage"},"image":{"@id":"https:\/\/www.tomhemps.com\/pt-pt\/prp\/oleo-de-cbd-de-espectro-completo-5\/#primaryimage"},"thumbnailUrl":"https:\/\/www.tomhemps.com\/wp-content\/uploads\/2019\/11\/Tom_Hemps_product_cbd_oil_fullspectrum_10ml_5.png","datePublished":"2019-11-13T16:31:52+00:00","dateModified":"2023-12-11T10:57:04+00:00","description":"O \u00f3leo CBD de espetro total \u00e9 o mais vers\u00e1til dos \u00f3leos CBD e cont\u00e9m - como o nome sugere - todo o espetro da planta de c\u00e2nhamo.","breadcrumb":{"@id":"https:\/\/www.tomhemps.com\/pt-pt\/prp\/oleo-de-cbd-de-espectro-completo-5\/#breadcrumb"},"inLanguage":"pt-PT","potentialAction":[{"@type":"ReadAction","target":["https:\/\/www.tomhemps.com\/pt-pt\/prp\/oleo-de-cbd-de-espectro-completo-5\/"]}]},{"@type":"ImageObject","inLanguage":"pt-PT","@id":"https:\/\/www.tomhemps.com\/pt-pt\/prp\/oleo-de-cbd-de-espectro-completo-5\/#primaryimage","url":"https:\/\/www.tomhemps.com\/wp-content\/uploads\/2019\/11\/Tom_Hemps_product_cbd_oil_fullspectrum_10ml_5.png","contentUrl":"https:\/\/www.tomhemps.com\/wp-content\/uploads\/2019\/11\/Tom_Hemps_product_cbd_oil_fullspectrum_10ml_5.png","width":1780,"height":1600},{"@type":"BreadcrumbList","@id":"https:\/\/www.tomhemps.com\/pt-pt\/prp\/oleo-de-cbd-de-espectro-completo-5\/#breadcrumb","itemListElement":[{"@type":"ListItem","position":1,"name":"Startseite","item":"https:\/\/www.tomhemps.com\/pt-pt\/"},{"@type":"ListItem","position":2,"name":"Shop","item":"https:\/\/www.tomhemps.com\/pt-pt\/shop\/"},{"@type":"ListItem","position":3,"name":"\u00d3leo de CBD de Espectro Completo 5%"}]},{"@type":"WebSite","@id":"https:\/\/www.tomhemps.com\/pt-pt\/#website","url":"https:\/\/www.tomhemps.com\/pt-pt\/","name":"Your CBD Shop | Your CBD Brand | born in Berlin","description":"CBD Shop Berlin","publisher":{"@id":"https:\/\/www.tomhemps.com\/pt-pt\/#organization"},"potentialAction":[{"@type":"SearchAction","target":{"@type":"EntryPoint","urlTemplate":"https:\/\/www.tomhemps.com\/pt-pt\/?s={search_term_string}"},"query-input":"required name=search_term_string"}],"inLanguage":"pt-PT"},{"@type":"Organization","@id":"https:\/\/www.tomhemps.com\/pt-pt\/#organization","name":"Tom Hemp's CBD Shop","alternateName":"Tom Hemp's Berlin","url":"https:\/\/www.tomhemps.com\/pt-pt\/","logo":{"@type":"ImageObject","inLanguage":"pt-PT","@id":"https:\/\/www.tomhemps.com\/pt-pt\/#\/schema\/logo\/image\/","url":"https:\/\/www.tomhemps.com\/wp-content\/uploads\/2019\/04\/Logo-2019-e1581413011332.jpg","contentUrl":"https:\/\/www.tomhemps.com\/wp-content\/uploads\/2019\/04\/Logo-2019-e1581413011332.jpg","width":460,"height":153,"caption":"Tom Hemp's CBD Shop"},"image":{"@id":"https:\/\/www.tomhemps.com\/pt-pt\/#\/schema\/logo\/image\/"},"sameAs":["https:\/\/www.facebook.com\/tomhempsberlin\/","https:\/\/www.instagram.com\/tomhemps_cbd\/","https:\/\/www.youtube.com\/channel\/UCbGxDacLx_DRKyder_zVoNw"]}]}},"fields":{"pi_t":164780,"pi_tot":"Conte\u00fado","pi_to":"<p><span data-sheets-value=\"{&quot;1&quot;:2,&quot;2&quot;:&quot;Ingredientes: \u00d3leo de Sementes de Cannabis Sativa, Extracto de Folhas de Cannabis Sativa (C\u00e2nhamo)nnConte\u00fado: 10ml\/30ml (700,00\u20ac\/100ml)\/\u00a0(633,33\u20ac\/100ml)&quot;}\" data-sheets-userformat=\"{&quot;2&quot;:13185,&quot;3&quot;:{&quot;1&quot;:0},&quot;10&quot;:2,&quot;11&quot;:4,&quot;12&quot;:0,&quot;15&quot;:&quot;Calibri&quot;,&quot;16&quot;:12}\">Ingredientes: \u00d3leo de Sementes de Cannabis Sativa, Extracto de Folhas de Cannabis Sativa (C\u00e2nhamo)<\/span><\/p>\n","pi_tst":"Mais detalhes","pi_ts":"<p><span data-sheets-value=\"{&quot;1&quot;:2,&quot;2&quot;:&quot;O extracto natural de folha de Cannabis Sativa \u00e9 submetido, antes da qualquer mistura, a um processo t\u00e9cnico que remove todas as impurezas encontradas na mat\u00e9ria-prima do produto. O extracto \u00e9 proveniente exclusivamente de folhas de c\u00e2nhamo cultivado organicamente e, juntamente com o \u00f3leo de c\u00e2nhamo, serve de base a todos os nossos \u00f3leos arom\u00e1ticos.nTanto o cultivo como a produ\u00e7\u00e3o dos \u00f3leos arom\u00e1ticos de CBD s\u00e3o realizados na Alemanha. Pesticidas e herbicidas s\u00e3o categoricamente exclu\u00eddos durante o processo de cultivo das plantas. As seguintes normas de qualidade asseguram uma qualidade consistente para toda a gama de \u00f3leos de CBD: ISO 9001 e ISO 22000.nArmazenar em local fresco e seco.nProduto arom\u00e1tico, n\u00e3o recomendado para ingest\u00e3o.nManter fora do alcance das crian\u00e7as.&quot;}\" data-sheets-userformat=\"{&quot;2&quot;:13185,&quot;3&quot;:{&quot;1&quot;:0},&quot;10&quot;:2,&quot;11&quot;:4,&quot;12&quot;:0,&quot;15&quot;:&quot;Calibri&quot;,&quot;16&quot;:12}\">O extracto natural de folha de Cannabis Sativa \u00e9 submetido, antes da qualquer mistura, a um processo t\u00e9cnico que remove todas as impurezas encontradas na mat\u00e9ria-prima do produto. O extracto \u00e9 proveniente exclusivamente de folhas de c\u00e2nhamo cultivado organicamente e, juntamente com o \u00f3leo de c\u00e2nhamo, serve de base a todos os nossos \u00f3leos arom\u00e1ticos.<br \/>\nTanto o cultivo como a produ\u00e7\u00e3o dos \u00f3leos arom\u00e1ticos de CBD s\u00e3o realizados na Alemanha. Pesticidas e herbicidas s\u00e3o categoricamente exclu\u00eddos durante o processo de cultivo das plantas. As seguintes normas de qualidade asseguram uma qualidade consistente para toda a gama de \u00f3leos de CBD: ISO 9001 e ISO 22000.<br \/>\nArmazenar em local fresco e seco.<br \/>\nProduto arom\u00e1tico, n\u00e3o recomendado para ingest\u00e3o.<br \/>\nManter fora do alcance das crian\u00e7as.<\/span><\/p>\n","pi_hd":false,"pi_hm":false,"pi_dd":446375,"smoking_product":false},"_links":{"self":[{"href":"https:\/\/www.tomhemps.com\/pt-pt\/wp-json\/wp\/v2\/product\/164747"}],"collection":[{"href":"https:\/\/www.tomhemps.com\/pt-pt\/wp-json\/wp\/v2\/product"}],"about":[{"href":"https:\/\/www.tomhemps.com\/pt-pt\/wp-json\/wp\/v2\/types\/product"}],"replies":[{"embeddable":true,"href":"https:\/\/www.tomhemps.com\/pt-pt\/wp-json\/wp\/v2\/comments?post=164747"}],"wp:featuredmedia":[{"embeddable":true,"href":"https:\/\/www.tomhemps.com\/pt-pt\/wp-json\/wp\/v2\/media\/446375"}],"wp:attachment":[{"href":"https:\/\/www.tomhemps.com\/pt-pt\/wp-json\/wp\/v2\/media?parent=164747"}],"wp:term":[{"taxonomy":"product_cat","embeddable":true,"href":"https:\/\/www.tomhemps.com\/pt-pt\/wp-json\/wp\/v2\/product_cat?post=164747"},{"taxonomy":"product_tag","embeddable":true,"href":"https:\/\/www.tomhemps.com\/pt-pt\/wp-json\/wp\/v2\/product_tag?post=164747"}],"curies":[{"name":"wp","href":"https:\/\/api.w.org\/{rel}","templated":true}]}}