{"id":165198,"date":"2017-03-03T14:59:23","date_gmt":"2020-03-28T13:59:23","guid":{"rendered":"https:\/\/www.tomhemps.com\/product\/glow-up-set-1\/"},"modified":"2021-12-09T10:47:02","modified_gmt":"2021-12-09T09:47:02","slug":"glow-up-set-1","status":"publish","type":"product","link":"https:\/\/www.tomhemps.com\/pt-pt\/prp\/glow-up-set-1\/","title":{"rendered":"Glow Up Set"},"content":{"rendered":"","protected":false},"excerpt":{"rendered":"<p>O Glow Up Set ir\u00e1 cuidar da sua pele com \u00f3leo nutritivo de Monoi do Taiti e o ingrediente activo da CDB, que protege a sua pele do envelhecimento prematuro. Como \u00e9 que funciona? A Lo\u00e7\u00e3o Corporal CBD e o Creme de Dia CBD s\u00e3o um verdadeiro casal explosivo. Um conjunto que se pode oferecer, ou usar voc\u00ea mesmo! Creme facial e lo\u00e7\u00e3o para o corpo com CBD? Claro que sim! Estes s\u00e3o ingredientes de alta qualidade para cuidados de pele e corpo excepcionais. Queres saber mais? Bem&#8230; A CDB \u00e9 a nossa obsess\u00e3o!<\/p>\n","protected":false},"featured_media":493414,"comment_status":"open","ping_status":"closed","template":"","meta":{"_acf_changed":false},"product_cat":[4957],"product_tag":[],"acf":[],"yoast_head":"<!-- This site is optimized with the Yoast SEO Premium plugin v22.8 (Yoast SEO v22.8) - https:\/\/yoast.com\/wordpress\/plugins\/seo\/ -->\n<title>Glow Up Set<\/title>\n<meta name=\"description\" content=\"Glow Up Set - Your CBD Shop | Your CBD Brand | born in Berlin\" \/>\n<meta name=\"robots\" content=\"index, follow, max-snippet:-1, max-image-preview:large, max-video-preview:-1\" \/>\n<link rel=\"canonical\" href=\"https:\/\/www.tomhemps.com\/pt-pt\/prp\/glow-up-set-1\/\" \/>\n<meta property=\"og:locale\" content=\"pt_PT\" \/>\n<meta property=\"og:type\" content=\"article\" \/>\n<meta property=\"og:title\" content=\"Glow Up Set\" \/>\n<meta property=\"og:description\" content=\"Glow Up Set - Your CBD Shop | Your CBD Brand | born in Berlin\" \/>\n<meta property=\"og:url\" content=\"https:\/\/www.tomhemps.com\/pt-pt\/prp\/glow-up-set-1\/\" \/>\n<meta property=\"og:site_name\" content=\"Your CBD Shop | Your CBD Brand | born in Berlin\" \/>\n<meta property=\"article:publisher\" content=\"https:\/\/www.facebook.com\/tomhempsberlin\/\" \/>\n<meta property=\"article:modified_time\" content=\"2021-12-09T09:47:02+00:00\" \/>\n<meta property=\"og:image\" content=\"https:\/\/www.tomhemps.com\/wp-content\/uploads\/2017\/03\/tomhemps_GlowUpSet_3_Desktop_Thumbnail_HD_1440x1620.png\" \/>\n\t<meta property=\"og:image:width\" content=\"1440\" \/>\n\t<meta property=\"og:image:height\" content=\"1620\" \/>\n\t<meta property=\"og:image:type\" content=\"image\/png\" \/>\n<meta name=\"twitter:card\" content=\"summary_large_image\" \/>\n<script type=\"application\/ld+json\" class=\"yoast-schema-graph\">{\"@context\":\"https:\/\/schema.org\",\"@graph\":[{\"@type\":\"WebPage\",\"@id\":\"https:\/\/www.tomhemps.com\/pt-pt\/prp\/glow-up-set-1\/\",\"url\":\"https:\/\/www.tomhemps.com\/pt-pt\/prp\/glow-up-set-1\/\",\"name\":\"Glow Up Set\",\"isPartOf\":{\"@id\":\"https:\/\/www.tomhemps.com\/pt-pt\/#website\"},\"primaryImageOfPage\":{\"@id\":\"https:\/\/www.tomhemps.com\/pt-pt\/prp\/glow-up-set-1\/#primaryimage\"},\"image\":{\"@id\":\"https:\/\/www.tomhemps.com\/pt-pt\/prp\/glow-up-set-1\/#primaryimage\"},\"thumbnailUrl\":\"https:\/\/www.tomhemps.com\/wp-content\/uploads\/2017\/03\/tomhemps_GlowUpSet_3_Desktop_Thumbnail_HD_1440x1620.png\",\"datePublished\":\"2020-03-28T13:59:23+00:00\",\"dateModified\":\"2021-12-09T09:47:02+00:00\",\"description\":\"Glow Up Set - Your CBD Shop | Your CBD Brand | born in Berlin\",\"breadcrumb\":{\"@id\":\"https:\/\/www.tomhemps.com\/pt-pt\/prp\/glow-up-set-1\/#breadcrumb\"},\"inLanguage\":\"pt-PT\",\"potentialAction\":[{\"@type\":\"ReadAction\",\"target\":[\"https:\/\/www.tomhemps.com\/pt-pt\/prp\/glow-up-set-1\/\"]}]},{\"@type\":\"ImageObject\",\"inLanguage\":\"pt-PT\",\"@id\":\"https:\/\/www.tomhemps.com\/pt-pt\/prp\/glow-up-set-1\/#primaryimage\",\"url\":\"https:\/\/www.tomhemps.com\/wp-content\/uploads\/2017\/03\/tomhemps_GlowUpSet_3_Desktop_Thumbnail_HD_1440x1620.png\",\"contentUrl\":\"https:\/\/www.tomhemps.com\/wp-content\/uploads\/2017\/03\/tomhemps_GlowUpSet_3_Desktop_Thumbnail_HD_1440x1620.png\",\"width\":1440,\"height\":1620},{\"@type\":\"BreadcrumbList\",\"@id\":\"https:\/\/www.tomhemps.com\/pt-pt\/prp\/glow-up-set-1\/#breadcrumb\",\"itemListElement\":[{\"@type\":\"ListItem\",\"position\":1,\"name\":\"Startseite\",\"item\":\"https:\/\/www.tomhemps.com\/pt-pt\/\"},{\"@type\":\"ListItem\",\"position\":2,\"name\":\"Shop\",\"item\":\"https:\/\/www.tomhemps.com\/pt-pt\/shop\/\"},{\"@type\":\"ListItem\",\"position\":3,\"name\":\"Glow Up Set\"}]},{\"@type\":\"WebSite\",\"@id\":\"https:\/\/www.tomhemps.com\/pt-pt\/#website\",\"url\":\"https:\/\/www.tomhemps.com\/pt-pt\/\",\"name\":\"Your CBD Shop | Your CBD Brand | born in Berlin\",\"description\":\"CBD Shop Berlin\",\"publisher\":{\"@id\":\"https:\/\/www.tomhemps.com\/pt-pt\/#organization\"},\"potentialAction\":[{\"@type\":\"SearchAction\",\"target\":{\"@type\":\"EntryPoint\",\"urlTemplate\":\"https:\/\/www.tomhemps.com\/pt-pt\/?s={search_term_string}\"},\"query-input\":\"required name=search_term_string\"}],\"inLanguage\":\"pt-PT\"},{\"@type\":\"Organization\",\"@id\":\"https:\/\/www.tomhemps.com\/pt-pt\/#organization\",\"name\":\"Tom Hemp's CBD Shop\",\"alternateName\":\"Tom Hemp's Berlin\",\"url\":\"https:\/\/www.tomhemps.com\/pt-pt\/\",\"logo\":{\"@type\":\"ImageObject\",\"inLanguage\":\"pt-PT\",\"@id\":\"https:\/\/www.tomhemps.com\/pt-pt\/#\/schema\/logo\/image\/\",\"url\":\"https:\/\/www.tomhemps.com\/wp-content\/uploads\/2019\/04\/Logo-2019-e1581413011332.jpg\",\"contentUrl\":\"https:\/\/www.tomhemps.com\/wp-content\/uploads\/2019\/04\/Logo-2019-e1581413011332.jpg\",\"width\":460,\"height\":153,\"caption\":\"Tom Hemp's CBD Shop\"},\"image\":{\"@id\":\"https:\/\/www.tomhemps.com\/pt-pt\/#\/schema\/logo\/image\/\"},\"sameAs\":[\"https:\/\/www.facebook.com\/tomhempsberlin\/\",\"https:\/\/www.instagram.com\/tomhemps_cbd\/\",\"https:\/\/www.youtube.com\/channel\/UCbGxDacLx_DRKyder_zVoNw\"]}]}<\/script>\n<!-- \/ Yoast SEO Premium plugin. -->","yoast_head_json":{"title":"Glow Up Set","description":"Glow Up Set - Your CBD Shop | Your CBD Brand | born in Berlin","robots":{"index":"index","follow":"follow","max-snippet":"max-snippet:-1","max-image-preview":"max-image-preview:large","max-video-preview":"max-video-preview:-1"},"canonical":"https:\/\/www.tomhemps.com\/pt-pt\/prp\/glow-up-set-1\/","og_locale":"pt_PT","og_type":"article","og_title":"Glow Up Set","og_description":"Glow Up Set - Your CBD Shop | Your CBD Brand | born in Berlin","og_url":"https:\/\/www.tomhemps.com\/pt-pt\/prp\/glow-up-set-1\/","og_site_name":"Your CBD Shop | Your CBD Brand | born in Berlin","article_publisher":"https:\/\/www.facebook.com\/tomhempsberlin\/","article_modified_time":"2021-12-09T09:47:02+00:00","og_image":[{"width":1440,"height":1620,"url":"https:\/\/www.tomhemps.com\/wp-content\/uploads\/2017\/03\/tomhemps_GlowUpSet_3_Desktop_Thumbnail_HD_1440x1620.png","type":"image\/png"}],"twitter_card":"summary_large_image","schema":{"@context":"https:\/\/schema.org","@graph":[{"@type":"WebPage","@id":"https:\/\/www.tomhemps.com\/pt-pt\/prp\/glow-up-set-1\/","url":"https:\/\/www.tomhemps.com\/pt-pt\/prp\/glow-up-set-1\/","name":"Glow Up Set","isPartOf":{"@id":"https:\/\/www.tomhemps.com\/pt-pt\/#website"},"primaryImageOfPage":{"@id":"https:\/\/www.tomhemps.com\/pt-pt\/prp\/glow-up-set-1\/#primaryimage"},"image":{"@id":"https:\/\/www.tomhemps.com\/pt-pt\/prp\/glow-up-set-1\/#primaryimage"},"thumbnailUrl":"https:\/\/www.tomhemps.com\/wp-content\/uploads\/2017\/03\/tomhemps_GlowUpSet_3_Desktop_Thumbnail_HD_1440x1620.png","datePublished":"2020-03-28T13:59:23+00:00","dateModified":"2021-12-09T09:47:02+00:00","description":"Glow Up Set - Your CBD Shop | Your CBD Brand | born in Berlin","breadcrumb":{"@id":"https:\/\/www.tomhemps.com\/pt-pt\/prp\/glow-up-set-1\/#breadcrumb"},"inLanguage":"pt-PT","potentialAction":[{"@type":"ReadAction","target":["https:\/\/www.tomhemps.com\/pt-pt\/prp\/glow-up-set-1\/"]}]},{"@type":"ImageObject","inLanguage":"pt-PT","@id":"https:\/\/www.tomhemps.com\/pt-pt\/prp\/glow-up-set-1\/#primaryimage","url":"https:\/\/www.tomhemps.com\/wp-content\/uploads\/2017\/03\/tomhemps_GlowUpSet_3_Desktop_Thumbnail_HD_1440x1620.png","contentUrl":"https:\/\/www.tomhemps.com\/wp-content\/uploads\/2017\/03\/tomhemps_GlowUpSet_3_Desktop_Thumbnail_HD_1440x1620.png","width":1440,"height":1620},{"@type":"BreadcrumbList","@id":"https:\/\/www.tomhemps.com\/pt-pt\/prp\/glow-up-set-1\/#breadcrumb","itemListElement":[{"@type":"ListItem","position":1,"name":"Startseite","item":"https:\/\/www.tomhemps.com\/pt-pt\/"},{"@type":"ListItem","position":2,"name":"Shop","item":"https:\/\/www.tomhemps.com\/pt-pt\/shop\/"},{"@type":"ListItem","position":3,"name":"Glow Up Set"}]},{"@type":"WebSite","@id":"https:\/\/www.tomhemps.com\/pt-pt\/#website","url":"https:\/\/www.tomhemps.com\/pt-pt\/","name":"Your CBD Shop | Your CBD Brand | born in Berlin","description":"CBD Shop Berlin","publisher":{"@id":"https:\/\/www.tomhemps.com\/pt-pt\/#organization"},"potentialAction":[{"@type":"SearchAction","target":{"@type":"EntryPoint","urlTemplate":"https:\/\/www.tomhemps.com\/pt-pt\/?s={search_term_string}"},"query-input":"required name=search_term_string"}],"inLanguage":"pt-PT"},{"@type":"Organization","@id":"https:\/\/www.tomhemps.com\/pt-pt\/#organization","name":"Tom Hemp's CBD Shop","alternateName":"Tom Hemp's Berlin","url":"https:\/\/www.tomhemps.com\/pt-pt\/","logo":{"@type":"ImageObject","inLanguage":"pt-PT","@id":"https:\/\/www.tomhemps.com\/pt-pt\/#\/schema\/logo\/image\/","url":"https:\/\/www.tomhemps.com\/wp-content\/uploads\/2019\/04\/Logo-2019-e1581413011332.jpg","contentUrl":"https:\/\/www.tomhemps.com\/wp-content\/uploads\/2019\/04\/Logo-2019-e1581413011332.jpg","width":460,"height":153,"caption":"Tom Hemp's CBD Shop"},"image":{"@id":"https:\/\/www.tomhemps.com\/pt-pt\/#\/schema\/logo\/image\/"},"sameAs":["https:\/\/www.facebook.com\/tomhempsberlin\/","https:\/\/www.instagram.com\/tomhemps_cbd\/","https:\/\/www.youtube.com\/channel\/UCbGxDacLx_DRKyder_zVoNw"]}]}},"fields":{"pi_t":164252,"pi_tot":"Conte\u00fado","pi_to":"<p>1 x The Body Lotion<\/p>\n<p>1 x The Day Cream<\/p>\n<p>&nbsp;<\/p>\n<p><strong>The Body Lotion<\/strong><\/p>\n<p>Ingredientes: Aqua, Sumo de Folha Barbadensis, \u00f3leo de semente de Cannabis sativa, manteiga de Butyrospermum parkii, \u00f3leo de Prunus Amygdalus Dulcis, Glicerina, \u00c1lcool Cetearyl, \u00f3leo de fruta Olea europea, Canabidiol, \u00c1lcool Benz\u00edlico, Caprilato de Glicerilo, Gliceril Undecylenate, Acetato de Tocoferilo, Goma Xantana, Sorbato de Pot\u00e1ssio, Benzoato de S\u00f3dio, Gluc\u00f3sido de Cetearilo, Fragr\u00e2ncia Natural de Monoi.<\/p>\n<p>Conte\u00fado: 250ml (9,00 \u20ac \/100ml)<\/p>\n<p>&nbsp;<\/p>\n<p><strong>The Day Cream<\/strong><\/p>\n<p>Ingredientes: Aqua, Sumo de Folha Aloe Barbadensis, \u00f3leo de semente de Cannabis sativa, manteiga de Butyrospermum parkii, \u00c1lcool Cetearyl, \u00d3leo de Prunus Amygdalus Dulcis, \u00f3leo de fruta Olea Europea, Glicerina, Canabidiol, \u00c1lcool Benz\u00edlico, Caprilato de Glicerilo, Gliceril Undecylenate, Acetato de Tocoferilo, Goma Xantana, Gluc\u00f3sido de Cetearyl, Sorbato de Pot\u00e1ssio, Benzoato de S\u00f3dio, Fragr\u00e2ncia natural de Monoi.<\/p>\n<p>Conte\u00fado: 50g (59,80 \u20ac \/100ml)<\/p>\n<p>&nbsp;<\/p>\n","pi_tst":"Uso","pi_ts":"<p><strong>The Body Lotion:<\/strong><\/p>\n<p>Uso: Coloque a quantidade desejada da lo\u00e7\u00e3o corporal na palma da m\u00e3o, espalhe-a sobre as partes do corpo desejadas e massaje-a suavemente. Espalhar e esfregar suavemente na lo\u00e7\u00e3o at\u00e9 ser totalmente absorvida pela pele.<\/p>\n<p><strong>The Day Cream:<\/strong><\/p>\n<p>Uso: Aplicar o creme de dia CBD no rosto, garganta e decote de manh\u00e3 ap\u00f3s a limpeza. Espalhe suavemente o creme pela \u00e1rea e massaje-o na pele lentamente.<\/p>\n","pi_hd":false,"pi_hm":false,"smoking_product":false,"pi_dd":165202},"_links":{"self":[{"href":"https:\/\/www.tomhemps.com\/pt-pt\/wp-json\/wp\/v2\/product\/165198"}],"collection":[{"href":"https:\/\/www.tomhemps.com\/pt-pt\/wp-json\/wp\/v2\/product"}],"about":[{"href":"https:\/\/www.tomhemps.com\/pt-pt\/wp-json\/wp\/v2\/types\/product"}],"replies":[{"embeddable":true,"href":"https:\/\/www.tomhemps.com\/pt-pt\/wp-json\/wp\/v2\/comments?post=165198"}],"wp:featuredmedia":[{"embeddable":true,"href":"https:\/\/www.tomhemps.com\/pt-pt\/wp-json\/wp\/v2\/media\/493414"}],"wp:attachment":[{"href":"https:\/\/www.tomhemps.com\/pt-pt\/wp-json\/wp\/v2\/media?parent=165198"}],"wp:term":[{"taxonomy":"product_cat","embeddable":true,"href":"https:\/\/www.tomhemps.com\/pt-pt\/wp-json\/wp\/v2\/product_cat?post=165198"},{"taxonomy":"product_tag","embeddable":true,"href":"https:\/\/www.tomhemps.com\/pt-pt\/wp-json\/wp\/v2\/product_tag?post=165198"}],"curies":[{"name":"wp","href":"https:\/\/api.w.org\/{rel}","templated":true}]}}