{"id":178283,"date":"2022-11-20T10:24:45","date_gmt":"2020-11-26T10:29:45","guid":{"rendered":"https:\/\/www.tomhemps.com\/product\/flower-gift-set-2\/"},"modified":"2025-12-24T23:00:02","modified_gmt":"2025-12-24T22:00:02","slug":"flower-gift-set-2","status":"publish","type":"product","link":"https:\/\/www.tomhemps.com\/pt-pt\/prp\/flower-gift-set-2\/","title":{"rendered":"Flower Gift Set 2"},"content":{"rendered":"","protected":false},"excerpt":{"rendered":"<p><span style=\"font-weight: 400;\">O nosso CBD Flower Gift Set II \u00e9 um parque de aventuras para os sentidos. Com a eleg\u00e2ncia de Harlequin, o aroma doce de Gelato 361 e o toque c\u00edtrico de Amalfi Lemon, esta caixa cont\u00e9m uma extravag\u00e2ncia floral que n\u00e3o deixa nada a desejar. Talvez a dos pap\u00e9is a condizer. Mas at\u00e9 isso \u00e9 cumprido aqui, para que possa enrolar e desfrutar criativamente desde j\u00e1.<\/span><\/p>\n","protected":false},"featured_media":643934,"comment_status":"open","ping_status":"closed","template":"","meta":{"_acf_changed":false},"product_cat":[5117,1151],"product_tag":[],"acf":[],"yoast_head":"<!-- This site is optimized with the Yoast SEO Premium plugin v22.8 (Yoast SEO v22.8) - https:\/\/yoast.com\/wordpress\/plugins\/seo\/ -->\n<title>Flower Gift Set 2<\/title>\n<meta name=\"description\" content=\"Com a selec\u00e7\u00e3o de diferentes flores arom\u00e1ticas de CBD o \u201cFlower Gift Set 2\u201d by Tom Hemp\u2019s delicia tanto os novatos como os verdadeiros conhecedoresCom a selec\u00e7\u00e3o de diferentes flores arom\u00e1ticas de CBD o \u201cFlower Gift Set 2\u201d by Tom Hemp\u2019s delicia tanto os novatos como os verdadeiros conhecedores\" \/>\n<meta name=\"robots\" content=\"index, follow, max-snippet:-1, max-image-preview:large, max-video-preview:-1\" \/>\n<link rel=\"canonical\" href=\"https:\/\/www.tomhemps.com\/pt-pt\/prp\/flower-gift-set-2\/\" \/>\n<meta property=\"og:locale\" content=\"pt_PT\" \/>\n<meta property=\"og:type\" content=\"article\" \/>\n<meta property=\"og:title\" content=\"Flower Gift Set 2\" \/>\n<meta property=\"og:description\" content=\"Com a selec\u00e7\u00e3o de diferentes flores arom\u00e1ticas de CBD o \u201cFlower Gift Set 2\u201d by Tom Hemp\u2019s delicia tanto os novatos como os verdadeiros conhecedoresCom a selec\u00e7\u00e3o de diferentes flores arom\u00e1ticas de CBD o \u201cFlower Gift Set 2\u201d by Tom Hemp\u2019s delicia tanto os novatos como os verdadeiros conhecedores\" \/>\n<meta property=\"og:url\" content=\"https:\/\/www.tomhemps.com\/pt-pt\/prp\/flower-gift-set-2\/\" \/>\n<meta property=\"og:site_name\" content=\"Your CBD Shop | Your CBD Brand | born in Berlin\" \/>\n<meta property=\"article:publisher\" content=\"https:\/\/www.facebook.com\/tomhempsberlin\/\" \/>\n<meta property=\"article:modified_time\" content=\"2025-12-24T22:00:02+00:00\" \/>\n<meta property=\"og:image\" content=\"https:\/\/www.tomhemps.com\/wp-content\/uploads\/2022\/11\/TH-products-680x850-CBD-Flower-Set-2.png\" \/>\n\t<meta property=\"og:image:width\" content=\"680\" \/>\n\t<meta property=\"og:image:height\" content=\"850\" \/>\n\t<meta property=\"og:image:type\" content=\"image\/png\" \/>\n<meta name=\"twitter:card\" content=\"summary_large_image\" \/>\n<script type=\"application\/ld+json\" class=\"yoast-schema-graph\">{\"@context\":\"https:\/\/schema.org\",\"@graph\":[{\"@type\":\"WebPage\",\"@id\":\"https:\/\/www.tomhemps.com\/pt-pt\/prp\/flower-gift-set-2\/\",\"url\":\"https:\/\/www.tomhemps.com\/pt-pt\/prp\/flower-gift-set-2\/\",\"name\":\"Flower Gift Set 2\",\"isPartOf\":{\"@id\":\"https:\/\/www.tomhemps.com\/pt-pt\/#website\"},\"primaryImageOfPage\":{\"@id\":\"https:\/\/www.tomhemps.com\/pt-pt\/prp\/flower-gift-set-2\/#primaryimage\"},\"image\":{\"@id\":\"https:\/\/www.tomhemps.com\/pt-pt\/prp\/flower-gift-set-2\/#primaryimage\"},\"thumbnailUrl\":\"https:\/\/www.tomhemps.com\/wp-content\/uploads\/2022\/11\/Untitled-design10-Photoroom.png\",\"datePublished\":\"2020-11-26T10:29:45+00:00\",\"dateModified\":\"2025-12-24T22:00:02+00:00\",\"description\":\"Com a selec\u00e7\u00e3o de diferentes flores arom\u00e1ticas de CBD o \u201cFlower Gift Set 2\u201d by Tom Hemp\u2019s delicia tanto os novatos como os verdadeiros conhecedoresCom a selec\u00e7\u00e3o de diferentes flores arom\u00e1ticas de CBD o \u201cFlower Gift Set 2\u201d by Tom Hemp\u2019s delicia tanto os novatos como os verdadeiros conhecedores\",\"breadcrumb\":{\"@id\":\"https:\/\/www.tomhemps.com\/pt-pt\/prp\/flower-gift-set-2\/#breadcrumb\"},\"inLanguage\":\"pt-PT\",\"potentialAction\":[{\"@type\":\"ReadAction\",\"target\":[\"https:\/\/www.tomhemps.com\/pt-pt\/prp\/flower-gift-set-2\/\"]}]},{\"@type\":\"ImageObject\",\"inLanguage\":\"pt-PT\",\"@id\":\"https:\/\/www.tomhemps.com\/pt-pt\/prp\/flower-gift-set-2\/#primaryimage\",\"url\":\"https:\/\/www.tomhemps.com\/wp-content\/uploads\/2022\/11\/Untitled-design10-Photoroom.png\",\"contentUrl\":\"https:\/\/www.tomhemps.com\/wp-content\/uploads\/2022\/11\/Untitled-design10-Photoroom.png\",\"width\":680,\"height\":850,\"caption\":\"CBD Bl\u00fcten gift set 2\"},{\"@type\":\"BreadcrumbList\",\"@id\":\"https:\/\/www.tomhemps.com\/pt-pt\/prp\/flower-gift-set-2\/#breadcrumb\",\"itemListElement\":[{\"@type\":\"ListItem\",\"position\":1,\"name\":\"Startseite\",\"item\":\"https:\/\/www.tomhemps.com\/pt-pt\/\"},{\"@type\":\"ListItem\",\"position\":2,\"name\":\"Shop\",\"item\":\"https:\/\/www.tomhemps.com\/pt-pt\/shop\/\"},{\"@type\":\"ListItem\",\"position\":3,\"name\":\"Flower Gift Set 2\"}]},{\"@type\":\"WebSite\",\"@id\":\"https:\/\/www.tomhemps.com\/pt-pt\/#website\",\"url\":\"https:\/\/www.tomhemps.com\/pt-pt\/\",\"name\":\"Your CBD Shop | Your CBD Brand | born in Berlin\",\"description\":\"CBD Shop Berlin\",\"publisher\":{\"@id\":\"https:\/\/www.tomhemps.com\/pt-pt\/#organization\"},\"potentialAction\":[{\"@type\":\"SearchAction\",\"target\":{\"@type\":\"EntryPoint\",\"urlTemplate\":\"https:\/\/www.tomhemps.com\/pt-pt\/?s={search_term_string}\"},\"query-input\":\"required name=search_term_string\"}],\"inLanguage\":\"pt-PT\"},{\"@type\":\"Organization\",\"@id\":\"https:\/\/www.tomhemps.com\/pt-pt\/#organization\",\"name\":\"Tom Hemp's CBD Shop\",\"alternateName\":\"Tom Hemp's Berlin\",\"url\":\"https:\/\/www.tomhemps.com\/pt-pt\/\",\"logo\":{\"@type\":\"ImageObject\",\"inLanguage\":\"pt-PT\",\"@id\":\"https:\/\/www.tomhemps.com\/pt-pt\/#\/schema\/logo\/image\/\",\"url\":\"https:\/\/www.tomhemps.com\/wp-content\/uploads\/2019\/04\/Logo-2019-e1581413011332.jpg\",\"contentUrl\":\"https:\/\/www.tomhemps.com\/wp-content\/uploads\/2019\/04\/Logo-2019-e1581413011332.jpg\",\"width\":460,\"height\":153,\"caption\":\"Tom Hemp's CBD Shop\"},\"image\":{\"@id\":\"https:\/\/www.tomhemps.com\/pt-pt\/#\/schema\/logo\/image\/\"},\"sameAs\":[\"https:\/\/www.facebook.com\/tomhempsberlin\/\",\"https:\/\/www.instagram.com\/tomhemps_cbd\/\",\"https:\/\/www.youtube.com\/channel\/UCbGxDacLx_DRKyder_zVoNw\"]}]}<\/script>\n<!-- \/ Yoast SEO Premium plugin. -->","yoast_head_json":{"title":"Flower Gift Set 2","description":"Com a selec\u00e7\u00e3o de diferentes flores arom\u00e1ticas de CBD o \u201cFlower Gift Set 2\u201d by Tom Hemp\u2019s delicia tanto os novatos como os verdadeiros conhecedoresCom a selec\u00e7\u00e3o de diferentes flores arom\u00e1ticas de CBD o \u201cFlower Gift Set 2\u201d by Tom Hemp\u2019s delicia tanto os novatos como os verdadeiros conhecedores","robots":{"index":"index","follow":"follow","max-snippet":"max-snippet:-1","max-image-preview":"max-image-preview:large","max-video-preview":"max-video-preview:-1"},"canonical":"https:\/\/www.tomhemps.com\/pt-pt\/prp\/flower-gift-set-2\/","og_locale":"pt_PT","og_type":"article","og_title":"Flower Gift Set 2","og_description":"Com a selec\u00e7\u00e3o de diferentes flores arom\u00e1ticas de CBD o \u201cFlower Gift Set 2\u201d by Tom Hemp\u2019s delicia tanto os novatos como os verdadeiros conhecedoresCom a selec\u00e7\u00e3o de diferentes flores arom\u00e1ticas de CBD o \u201cFlower Gift Set 2\u201d by Tom Hemp\u2019s delicia tanto os novatos como os verdadeiros conhecedores","og_url":"https:\/\/www.tomhemps.com\/pt-pt\/prp\/flower-gift-set-2\/","og_site_name":"Your CBD Shop | Your CBD Brand | born in Berlin","article_publisher":"https:\/\/www.facebook.com\/tomhempsberlin\/","article_modified_time":"2025-12-24T22:00:02+00:00","og_image":[{"width":680,"height":850,"url":"https:\/\/www.tomhemps.com\/wp-content\/uploads\/2022\/11\/TH-products-680x850-CBD-Flower-Set-2.png","type":"image\/png"}],"twitter_card":"summary_large_image","schema":{"@context":"https:\/\/schema.org","@graph":[{"@type":"WebPage","@id":"https:\/\/www.tomhemps.com\/pt-pt\/prp\/flower-gift-set-2\/","url":"https:\/\/www.tomhemps.com\/pt-pt\/prp\/flower-gift-set-2\/","name":"Flower Gift Set 2","isPartOf":{"@id":"https:\/\/www.tomhemps.com\/pt-pt\/#website"},"primaryImageOfPage":{"@id":"https:\/\/www.tomhemps.com\/pt-pt\/prp\/flower-gift-set-2\/#primaryimage"},"image":{"@id":"https:\/\/www.tomhemps.com\/pt-pt\/prp\/flower-gift-set-2\/#primaryimage"},"thumbnailUrl":"https:\/\/www.tomhemps.com\/wp-content\/uploads\/2022\/11\/Untitled-design10-Photoroom.png","datePublished":"2020-11-26T10:29:45+00:00","dateModified":"2025-12-24T22:00:02+00:00","description":"Com a selec\u00e7\u00e3o de diferentes flores arom\u00e1ticas de CBD o \u201cFlower Gift Set 2\u201d by Tom Hemp\u2019s delicia tanto os novatos como os verdadeiros conhecedoresCom a selec\u00e7\u00e3o de diferentes flores arom\u00e1ticas de CBD o \u201cFlower Gift Set 2\u201d by Tom Hemp\u2019s delicia tanto os novatos como os verdadeiros conhecedores","breadcrumb":{"@id":"https:\/\/www.tomhemps.com\/pt-pt\/prp\/flower-gift-set-2\/#breadcrumb"},"inLanguage":"pt-PT","potentialAction":[{"@type":"ReadAction","target":["https:\/\/www.tomhemps.com\/pt-pt\/prp\/flower-gift-set-2\/"]}]},{"@type":"ImageObject","inLanguage":"pt-PT","@id":"https:\/\/www.tomhemps.com\/pt-pt\/prp\/flower-gift-set-2\/#primaryimage","url":"https:\/\/www.tomhemps.com\/wp-content\/uploads\/2022\/11\/Untitled-design10-Photoroom.png","contentUrl":"https:\/\/www.tomhemps.com\/wp-content\/uploads\/2022\/11\/Untitled-design10-Photoroom.png","width":680,"height":850,"caption":"CBD Bl\u00fcten gift set 2"},{"@type":"BreadcrumbList","@id":"https:\/\/www.tomhemps.com\/pt-pt\/prp\/flower-gift-set-2\/#breadcrumb","itemListElement":[{"@type":"ListItem","position":1,"name":"Startseite","item":"https:\/\/www.tomhemps.com\/pt-pt\/"},{"@type":"ListItem","position":2,"name":"Shop","item":"https:\/\/www.tomhemps.com\/pt-pt\/shop\/"},{"@type":"ListItem","position":3,"name":"Flower Gift Set 2"}]},{"@type":"WebSite","@id":"https:\/\/www.tomhemps.com\/pt-pt\/#website","url":"https:\/\/www.tomhemps.com\/pt-pt\/","name":"Your CBD Shop | Your CBD Brand | born in Berlin","description":"CBD Shop Berlin","publisher":{"@id":"https:\/\/www.tomhemps.com\/pt-pt\/#organization"},"potentialAction":[{"@type":"SearchAction","target":{"@type":"EntryPoint","urlTemplate":"https:\/\/www.tomhemps.com\/pt-pt\/?s={search_term_string}"},"query-input":"required name=search_term_string"}],"inLanguage":"pt-PT"},{"@type":"Organization","@id":"https:\/\/www.tomhemps.com\/pt-pt\/#organization","name":"Tom Hemp's CBD Shop","alternateName":"Tom Hemp's Berlin","url":"https:\/\/www.tomhemps.com\/pt-pt\/","logo":{"@type":"ImageObject","inLanguage":"pt-PT","@id":"https:\/\/www.tomhemps.com\/pt-pt\/#\/schema\/logo\/image\/","url":"https:\/\/www.tomhemps.com\/wp-content\/uploads\/2019\/04\/Logo-2019-e1581413011332.jpg","contentUrl":"https:\/\/www.tomhemps.com\/wp-content\/uploads\/2019\/04\/Logo-2019-e1581413011332.jpg","width":460,"height":153,"caption":"Tom Hemp's CBD Shop"},"image":{"@id":"https:\/\/www.tomhemps.com\/pt-pt\/#\/schema\/logo\/image\/"},"sameAs":["https:\/\/www.facebook.com\/tomhempsberlin\/","https:\/\/www.instagram.com\/tomhemps_cbd\/","https:\/\/www.youtube.com\/channel\/UCbGxDacLx_DRKyder_zVoNw"]}]}},"fields":{"pi_t":171592,"pi_tot":"Conte\u00fado","pi_to":"<p><strong>2G HARLEQUIN<\/strong><br \/>\nCBD: 6 \u2013 8 %<br \/>\nTHC: &lt; 0,2%<\/p>\n<p><strong>2G GELATO 361\u2028<\/strong><br \/>\nCBD 6 \u2013 8 %<br \/>\nTHC &lt; 0,2%<\/p>\n<p><strong>2G AMALFI LEMON\u2028<\/strong><br \/>\nCBD 3 \u2013 6 %<br \/>\nTHC &lt; 0,2%<\/p>\n<p><strong>1 x GALAXY BOOKLET KSS<\/strong><\/p>\n<p>Ingredientes activos: flores de cannabis industrial europeia<\/p>\n","pi_tst":"Aviso","pi_ts":"<p>O produto foi desenhado exclusivamente para uso comercial, t\u00e9cnico e cient\u00edfico. Guarde fore do alcance das crian\u00e7as. Este produto n\u00e3o pode ser transportado al\u00e9m-fronteiras. Ingerir ou fumar este produto \u00e9 estritamente proibido. Estas flores de c\u00e2nhamo industriais europeias cont\u00eam menos de 0,2% THC. O nome deste produto n\u00e3o \u00e9 uma refer\u00eancia a nenhum outro produto e o seu uso \u00e9 exclusivamente para fins de marketing.<\/p>\n","pi_hd":false,"pi_hm":false,"smoking_product":true,"pi_dd":false,"gs_contents":"2g Glas Berlin Kush 36\r\n2g Glas Amalfi Lemon\r\n2g Glas Northern Lights\r\n1x Galaxy Papers"},"_links":{"self":[{"href":"https:\/\/www.tomhemps.com\/pt-pt\/wp-json\/wp\/v2\/product\/178283"}],"collection":[{"href":"https:\/\/www.tomhemps.com\/pt-pt\/wp-json\/wp\/v2\/product"}],"about":[{"href":"https:\/\/www.tomhemps.com\/pt-pt\/wp-json\/wp\/v2\/types\/product"}],"replies":[{"embeddable":true,"href":"https:\/\/www.tomhemps.com\/pt-pt\/wp-json\/wp\/v2\/comments?post=178283"}],"wp:featuredmedia":[{"embeddable":true,"href":"https:\/\/www.tomhemps.com\/pt-pt\/wp-json\/wp\/v2\/media\/643934"}],"wp:attachment":[{"href":"https:\/\/www.tomhemps.com\/pt-pt\/wp-json\/wp\/v2\/media?parent=178283"}],"wp:term":[{"taxonomy":"product_cat","embeddable":true,"href":"https:\/\/www.tomhemps.com\/pt-pt\/wp-json\/wp\/v2\/product_cat?post=178283"},{"taxonomy":"product_tag","embeddable":true,"href":"https:\/\/www.tomhemps.com\/pt-pt\/wp-json\/wp\/v2\/product_tag?post=178283"}],"curies":[{"name":"wp","href":"https:\/\/api.w.org\/{rel}","templated":true}]}}